{"id":93633,"date":"2016-10-20T16:30:38","date_gmt":"2016-10-20T14:30:38","guid":{"rendered":"https:\/\/tourtravelandmore.com\/tours\/non class\u00e9\/gerone-visite-privee-de-la-costa-brava-au-depart-de-barcelone\/"},"modified":"2016-10-20T16:30:38","modified_gmt":"2016-10-20T14:30:38","slug":"gerone-visite-privee-de-la-costa-brava-au-depart-de-barcelone","status":"publish","type":"product","link":"https:\/\/tourtravelandmore.com\/fr\/tours\/espagne-fr\/barcelone-fr\/gerone-visite-privee-de-la-costa-brava-au-depart-de-barcelone\/","title":{"rendered":"G\u00e9rone &#8211; Visite priv\u00e9e de la Costa Brava au d\u00e9part de Barcelone"},"content":{"rendered":"<h2>La description<\/h2>\n<p>Nous organiserons une prise en charge priv\u00e9e pour cette visite priv\u00e9e de G\u00e9rone &#8211; Costa Brava. Vous partirez de votre h\u00f4tel \u00e0 Barcleona avec votre chauffeur priv\u00e9.<\/p>\n<p>Une fois que votre chauffeur priv\u00e9 vous aura conduit \u00e0 votre premier arr\u00eat \u00e0 G\u00e9rone, vous rencontrerez votre guide officiel. La premi\u00e8re partie de la visite \u00e0 G\u00e9rone comprendra un guide officiel pendant 2 heures. Vous vous prom\u00e8nerez dans la magnifique ville m\u00e9di\u00e9vale et d\u00e9couvrirez tous ses joyaux cach\u00e9s.<\/p>\n<p>Apr\u00e8s G\u00e9rone, nous nous dirigerons vers la Costa Brava. La Costa Brava est la c\u00f4te nord de Barcelone avec des plages uniques et magnifiques.<\/p>\n<p>Il s&#8217;agit d&#8217;une visite enti\u00e8rement priv\u00e9e de Barcelone pour d\u00e9couvrir G\u00e9rone ainsi que la Costa Brava. Avoir une vue D\u00e9couvrez nos autres circuits depuis et \u00e0 Barcelone.<\/p>\n<h2>Sites d&#8217;int\u00e9r\u00eat et monuments<\/h2>\n<p>G\u00e9rone est une ville magnifique et unique. C&#8217;est une ville tr\u00e8s ancienne. G\u00e9rone a plus de 2000 ans d&#8217;histoire \u00e9tonnante. Profitez de son histoire \u00e0 travers la For\u00e7a Vella et le quartier m\u00e9di\u00e9val.<\/p>\n<p>G\u00e9rone est une ville situ\u00e9e \u00e0 environ 1h30 de route de la ville de Barcelone. G\u00e9rone est \u00e9galement l&#8217;une des plus grandes villes de Catalogne. La province de G\u00e9rone est \u00e9galement l&#8217;une des plus belles provinces d&#8217;Espagne.<\/p>\n<p>Votre guide officiel priv\u00e9 vous fera visiter G\u00e9rone pendant 2 heures. Vous apprendrez \u00e0 conna\u00eetre les sites les plus importants des villes. Entre autres, d\u00e9couvrez:<\/p>\n<p>&#8211; Cath\u00e9drale de G\u00e9rone<\/p>\n<p>&#8211; Quartier juif<\/p>\n<p>&#8211; Rivi\u00e8re Onyar<\/p>\n<p>&#8211; 11 ponts de la belle ville de G\u00e9rone<\/p>\n<p>&#8211; Pla\u00e7a de la Independencia<\/p>\n<p>&#8211; Beaucoup plus<\/p>\n<p>Apr\u00e8s votre visite priv\u00e9e de 2 heures de G\u00e9rone avec votre guide officiel priv\u00e9, nous nous dirigerons vers la Costa Brava.<\/p>\n<p>Pour cette partie, nous avons inclus deux des plus beaux villages de la Costa Brava en Catalogne.<\/p>\n<p>Tout d&#8217;abord, vous appr\u00e9cierez de visiter Calella de Palafrugell. Vous aurez le temps de vous promener et d&#8217;admirer cette r\u00e9gion unique.<\/p>\n<p>En plus de Calella, nous nous dirigerons vers Llafranc. Cette ville unique est \u00e9galement spectaculaire. Marchez le long de son paseo mar\u00edtimo. Vous aurez le temps de d\u00e9guster une belle glace au bord de la plage.<\/p>\n<p>Votre chauffeur priv\u00e9 vous ram\u00e8nera ensuite vers votre h\u00f4tel \u00e0 Barcelone.<\/p>\n<p>Cette derni\u00e8re partie de la visite se fera avec votre chauffeur parlant anglais. Nous pouvons ajouter un guide touristique s\u00e9par\u00e9 si vous pr\u00e9f\u00e9rez. Contactez simplement des experts en voyages et faites-moi part de vos pr\u00e9f\u00e9rences!<\/p>\n","protected":false},"excerpt":{"rendered":"<p>Profitez de cette visite priv\u00e9e enti\u00e8rement personnalis\u00e9e de la Costa Brava, de G\u00e9rone et de sa vieille ville de Barcelone. Vous aurez un guide officiel priv\u00e9 pendant 2 heures \u00e0 G\u00e9rone et un v\u00e9hicule de luxe priv\u00e9 avec chauffeur pour toute la visite. Vous pourrez visiter des endroits merveilleux tels que la cath\u00e9drale de G\u00e9rone, Calella de Palafrugell, Llafranc et bien plus encore !.<\/p>\n","protected":false},"featured_media":93634,"comment_status":"open","ping_status":"closed","template":"","meta":{"_acf_changed":false},"product_brand":[],"product_cat":[3538],"product_tag":[],"class_list":{"0":"post-93633","1":"product","2":"type-product","3":"status-publish","4":"has-post-thumbnail","6":"product_cat-barcelone-fr","8":"first","9":"instock","10":"shipping-taxable","11":"purchasable","12":"product-type-simple"},"acf":[],"yoast_head":"<!-- This site is optimized with the Yoast SEO Premium plugin v25.3.1 (Yoast SEO v25.3.1) - https:\/\/yoast.com\/wordpress\/plugins\/seo\/ -->\n<title>Visite priv\u00e9e de la Costa Brava et de G\u00e9rone au d\u00e9part de Barcelone - VISITE PRIV\u00c9E<\/title>\n<meta name=\"description\" content=\"Grande exp\u00e9rience de la Costa Brava et de G\u00e9rone avec un guide officiel priv\u00e9 et un v\u00e9hicule priv\u00e9 avec chauffeur. Visite priv\u00e9e enti\u00e8rement personnalis\u00e9e.\" \/>\n<meta name=\"robots\" content=\"index, follow, max-snippet:-1, max-image-preview:large, max-video-preview:-1\" \/>\n<link rel=\"canonical\" href=\"https:\/\/tourtravelandmore.com\/fr\/tours\/espagne-fr\/barcelone-fr\/gerone-visite-privee-de-la-costa-brava-au-depart-de-barcelone\/\" \/>\n<meta property=\"og:locale\" content=\"fr_FR\" \/>\n<meta property=\"og:type\" content=\"article\" \/>\n<meta property=\"og:title\" content=\"G\u00e9rone - Visite priv\u00e9e de la Costa Brava au d\u00e9part de Barcelone\" \/>\n<meta property=\"og:description\" content=\"Grande exp\u00e9rience de la Costa Brava et de G\u00e9rone avec un guide officiel priv\u00e9 et un v\u00e9hicule priv\u00e9 avec chauffeur. Visite priv\u00e9e enti\u00e8rement personnalis\u00e9e.\" \/>\n<meta property=\"og:url\" content=\"https:\/\/tourtravelandmore.com\/fr\/tours\/espagne-fr\/barcelone-fr\/gerone-visite-privee-de-la-costa-brava-au-depart-de-barcelone\/\" \/>\n<meta property=\"og:site_name\" content=\"Tour Travel And More\" \/>\n<meta property=\"article:publisher\" content=\"https:\/\/www.facebook.com\/tourtravelandmore\/\" \/>\n<meta property=\"og:image\" content=\"https:\/\/tourtravelandmore.com\/wp-content\/uploads\/2016\/10\/tour-girona-costa-brava.jpg\" \/>\n\t<meta property=\"og:image:width\" content=\"1101\" \/>\n\t<meta property=\"og:image:height\" content=\"828\" \/>\n\t<meta property=\"og:image:type\" content=\"image\/jpeg\" \/>\n<meta name=\"twitter:card\" content=\"summary_large_image\" \/>\n<meta name=\"twitter:site\" content=\"@TourTravel_More\" \/>\n<meta name=\"twitter:label1\" content=\"Dur\u00e9e de lecture estim\u00e9e\" \/>\n\t<meta name=\"twitter:data1\" content=\"2 minutes\" \/>\n<script type=\"application\/ld+json\" class=\"yoast-schema-graph\">{\"@context\":\"https:\/\/schema.org\",\"@graph\":[{\"@type\":\"WebPage\",\"@id\":\"https:\/\/tourtravelandmore.com\/fr\/tours\/espagne-fr\/barcelone-fr\/gerone-visite-privee-de-la-costa-brava-au-depart-de-barcelone\/\",\"url\":\"https:\/\/tourtravelandmore.com\/fr\/tours\/espagne-fr\/barcelone-fr\/gerone-visite-privee-de-la-costa-brava-au-depart-de-barcelone\/\",\"name\":\"Visite priv\u00e9e de la Costa Brava et de G\u00e9rone au d\u00e9part de Barcelone - VISITE PRIV\u00c9E\",\"isPartOf\":{\"@id\":\"https:\/\/tourtravelandmore.com\/fr\/#website\"},\"primaryImageOfPage\":{\"@id\":\"https:\/\/tourtravelandmore.com\/fr\/tours\/espagne-fr\/barcelone-fr\/gerone-visite-privee-de-la-costa-brava-au-depart-de-barcelone\/#primaryimage\"},\"image\":{\"@id\":\"https:\/\/tourtravelandmore.com\/fr\/tours\/espagne-fr\/barcelone-fr\/gerone-visite-privee-de-la-costa-brava-au-depart-de-barcelone\/#primaryimage\"},\"thumbnailUrl\":\"https:\/\/tourtravelandmore.com\/wp-content\/uploads\/2016\/10\/tour-girona-costa-brava.jpg\",\"datePublished\":\"2016-10-20T14:30:38+00:00\",\"description\":\"Grande exp\u00e9rience de la Costa Brava et de G\u00e9rone avec un guide officiel priv\u00e9 et un v\u00e9hicule priv\u00e9 avec chauffeur. Visite priv\u00e9e enti\u00e8rement personnalis\u00e9e.\",\"breadcrumb\":{\"@id\":\"https:\/\/tourtravelandmore.com\/fr\/tours\/espagne-fr\/barcelone-fr\/gerone-visite-privee-de-la-costa-brava-au-depart-de-barcelone\/#breadcrumb\"},\"inLanguage\":\"fr-FR\",\"potentialAction\":[{\"@type\":\"ReadAction\",\"target\":[\"https:\/\/tourtravelandmore.com\/fr\/tours\/espagne-fr\/barcelone-fr\/gerone-visite-privee-de-la-costa-brava-au-depart-de-barcelone\/\"]}]},{\"@type\":\"ImageObject\",\"inLanguage\":\"fr-FR\",\"@id\":\"https:\/\/tourtravelandmore.com\/fr\/tours\/espagne-fr\/barcelone-fr\/gerone-visite-privee-de-la-costa-brava-au-depart-de-barcelone\/#primaryimage\",\"url\":\"https:\/\/tourtravelandmore.com\/wp-content\/uploads\/2016\/10\/tour-girona-costa-brava.jpg\",\"contentUrl\":\"https:\/\/tourtravelandmore.com\/wp-content\/uploads\/2016\/10\/tour-girona-costa-brava.jpg\",\"width\":1101,\"height\":828},{\"@type\":\"BreadcrumbList\",\"@id\":\"https:\/\/tourtravelandmore.com\/fr\/tours\/espagne-fr\/barcelone-fr\/gerone-visite-privee-de-la-costa-brava-au-depart-de-barcelone\/#breadcrumb\",\"itemListElement\":[{\"@type\":\"ListItem\",\"position\":1,\"name\":\"Home\",\"item\":\"https:\/\/tourtravelandmore.com\/fr\/\"},{\"@type\":\"ListItem\",\"position\":2,\"name\":\"Tours\",\"item\":\"https:\/\/tourtravelandmore.com\/fr\/tours\/\"},{\"@type\":\"ListItem\",\"position\":3,\"name\":\"G\u00e9rone &#8211; Visite priv\u00e9e de la Costa Brava au d\u00e9part de Barcelone\"}]},{\"@type\":\"WebSite\",\"@id\":\"https:\/\/tourtravelandmore.com\/fr\/#website\",\"url\":\"https:\/\/tourtravelandmore.com\/fr\/\",\"name\":\"Tour Travel And More\",\"description\":\"Private sightseeing tours and luxury transfers in Spain\",\"publisher\":{\"@id\":\"https:\/\/tourtravelandmore.com\/fr\/#organization\"},\"potentialAction\":[{\"@type\":\"SearchAction\",\"target\":{\"@type\":\"EntryPoint\",\"urlTemplate\":\"https:\/\/tourtravelandmore.com\/fr\/?s={search_term_string}\"},\"query-input\":{\"@type\":\"PropertyValueSpecification\",\"valueRequired\":true,\"valueName\":\"search_term_string\"}}],\"inLanguage\":\"fr-FR\"},{\"@type\":\"Organization\",\"@id\":\"https:\/\/tourtravelandmore.com\/fr\/#organization\",\"name\":\"Tour Travel And More\",\"url\":\"https:\/\/tourtravelandmore.com\/fr\/\",\"logo\":{\"@type\":\"ImageObject\",\"inLanguage\":\"fr-FR\",\"@id\":\"https:\/\/tourtravelandmore.com\/fr\/#\/schema\/logo\/image\/\",\"url\":\"https:\/\/tourtravelandmore.com\/wp-content\/uploads\/2022\/12\/cropped-logo-cabecera-new.png\",\"contentUrl\":\"https:\/\/tourtravelandmore.com\/wp-content\/uploads\/2022\/12\/cropped-logo-cabecera-new.png\",\"width\":430,\"height\":61,\"caption\":\"Tour Travel And More\"},\"image\":{\"@id\":\"https:\/\/tourtravelandmore.com\/fr\/#\/schema\/logo\/image\/\"},\"sameAs\":[\"https:\/\/www.facebook.com\/tourtravelandmore\/\",\"https:\/\/x.com\/TourTravel_More\"]}]}<\/script>\n<!-- \/ Yoast SEO Premium plugin. -->","yoast_head_json":{"title":"Visite priv\u00e9e de la Costa Brava et de G\u00e9rone au d\u00e9part de Barcelone - VISITE PRIV\u00c9E","description":"Grande exp\u00e9rience de la Costa Brava et de G\u00e9rone avec un guide officiel priv\u00e9 et un v\u00e9hicule priv\u00e9 avec chauffeur. Visite priv\u00e9e enti\u00e8rement personnalis\u00e9e.","robots":{"index":"index","follow":"follow","max-snippet":"max-snippet:-1","max-image-preview":"max-image-preview:large","max-video-preview":"max-video-preview:-1"},"canonical":"https:\/\/tourtravelandmore.com\/fr\/tours\/espagne-fr\/barcelone-fr\/gerone-visite-privee-de-la-costa-brava-au-depart-de-barcelone\/","og_locale":"fr_FR","og_type":"article","og_title":"G\u00e9rone - Visite priv\u00e9e de la Costa Brava au d\u00e9part de Barcelone","og_description":"Grande exp\u00e9rience de la Costa Brava et de G\u00e9rone avec un guide officiel priv\u00e9 et un v\u00e9hicule priv\u00e9 avec chauffeur. Visite priv\u00e9e enti\u00e8rement personnalis\u00e9e.","og_url":"https:\/\/tourtravelandmore.com\/fr\/tours\/espagne-fr\/barcelone-fr\/gerone-visite-privee-de-la-costa-brava-au-depart-de-barcelone\/","og_site_name":"Tour Travel And More","article_publisher":"https:\/\/www.facebook.com\/tourtravelandmore\/","og_image":[{"width":1101,"height":828,"url":"https:\/\/tourtravelandmore.com\/wp-content\/uploads\/2016\/10\/tour-girona-costa-brava.jpg","type":"image\/jpeg"}],"twitter_card":"summary_large_image","twitter_site":"@TourTravel_More","twitter_misc":{"Dur\u00e9e de lecture estim\u00e9e":"2 minutes"},"schema":{"@context":"https:\/\/schema.org","@graph":[{"@type":"WebPage","@id":"https:\/\/tourtravelandmore.com\/fr\/tours\/espagne-fr\/barcelone-fr\/gerone-visite-privee-de-la-costa-brava-au-depart-de-barcelone\/","url":"https:\/\/tourtravelandmore.com\/fr\/tours\/espagne-fr\/barcelone-fr\/gerone-visite-privee-de-la-costa-brava-au-depart-de-barcelone\/","name":"Visite priv\u00e9e de la Costa Brava et de G\u00e9rone au d\u00e9part de Barcelone - VISITE PRIV\u00c9E","isPartOf":{"@id":"https:\/\/tourtravelandmore.com\/fr\/#website"},"primaryImageOfPage":{"@id":"https:\/\/tourtravelandmore.com\/fr\/tours\/espagne-fr\/barcelone-fr\/gerone-visite-privee-de-la-costa-brava-au-depart-de-barcelone\/#primaryimage"},"image":{"@id":"https:\/\/tourtravelandmore.com\/fr\/tours\/espagne-fr\/barcelone-fr\/gerone-visite-privee-de-la-costa-brava-au-depart-de-barcelone\/#primaryimage"},"thumbnailUrl":"https:\/\/tourtravelandmore.com\/wp-content\/uploads\/2016\/10\/tour-girona-costa-brava.jpg","datePublished":"2016-10-20T14:30:38+00:00","description":"Grande exp\u00e9rience de la Costa Brava et de G\u00e9rone avec un guide officiel priv\u00e9 et un v\u00e9hicule priv\u00e9 avec chauffeur. Visite priv\u00e9e enti\u00e8rement personnalis\u00e9e.","breadcrumb":{"@id":"https:\/\/tourtravelandmore.com\/fr\/tours\/espagne-fr\/barcelone-fr\/gerone-visite-privee-de-la-costa-brava-au-depart-de-barcelone\/#breadcrumb"},"inLanguage":"fr-FR","potentialAction":[{"@type":"ReadAction","target":["https:\/\/tourtravelandmore.com\/fr\/tours\/espagne-fr\/barcelone-fr\/gerone-visite-privee-de-la-costa-brava-au-depart-de-barcelone\/"]}]},{"@type":"ImageObject","inLanguage":"fr-FR","@id":"https:\/\/tourtravelandmore.com\/fr\/tours\/espagne-fr\/barcelone-fr\/gerone-visite-privee-de-la-costa-brava-au-depart-de-barcelone\/#primaryimage","url":"https:\/\/tourtravelandmore.com\/wp-content\/uploads\/2016\/10\/tour-girona-costa-brava.jpg","contentUrl":"https:\/\/tourtravelandmore.com\/wp-content\/uploads\/2016\/10\/tour-girona-costa-brava.jpg","width":1101,"height":828},{"@type":"BreadcrumbList","@id":"https:\/\/tourtravelandmore.com\/fr\/tours\/espagne-fr\/barcelone-fr\/gerone-visite-privee-de-la-costa-brava-au-depart-de-barcelone\/#breadcrumb","itemListElement":[{"@type":"ListItem","position":1,"name":"Home","item":"https:\/\/tourtravelandmore.com\/fr\/"},{"@type":"ListItem","position":2,"name":"Tours","item":"https:\/\/tourtravelandmore.com\/fr\/tours\/"},{"@type":"ListItem","position":3,"name":"G\u00e9rone &#8211; Visite priv\u00e9e de la Costa Brava au d\u00e9part de Barcelone"}]},{"@type":"WebSite","@id":"https:\/\/tourtravelandmore.com\/fr\/#website","url":"https:\/\/tourtravelandmore.com\/fr\/","name":"Tour Travel And More","description":"Private sightseeing tours and luxury transfers in Spain","publisher":{"@id":"https:\/\/tourtravelandmore.com\/fr\/#organization"},"potentialAction":[{"@type":"SearchAction","target":{"@type":"EntryPoint","urlTemplate":"https:\/\/tourtravelandmore.com\/fr\/?s={search_term_string}"},"query-input":{"@type":"PropertyValueSpecification","valueRequired":true,"valueName":"search_term_string"}}],"inLanguage":"fr-FR"},{"@type":"Organization","@id":"https:\/\/tourtravelandmore.com\/fr\/#organization","name":"Tour Travel And More","url":"https:\/\/tourtravelandmore.com\/fr\/","logo":{"@type":"ImageObject","inLanguage":"fr-FR","@id":"https:\/\/tourtravelandmore.com\/fr\/#\/schema\/logo\/image\/","url":"https:\/\/tourtravelandmore.com\/wp-content\/uploads\/2022\/12\/cropped-logo-cabecera-new.png","contentUrl":"https:\/\/tourtravelandmore.com\/wp-content\/uploads\/2022\/12\/cropped-logo-cabecera-new.png","width":430,"height":61,"caption":"Tour Travel And More"},"image":{"@id":"https:\/\/tourtravelandmore.com\/fr\/#\/schema\/logo\/image\/"},"sameAs":["https:\/\/www.facebook.com\/tourtravelandmore\/","https:\/\/x.com\/TourTravel_More"]}]}},"_links":{"self":[{"href":"https:\/\/tourtravelandmore.com\/fr\/wp-json\/wp\/v2\/product\/93633","targetHints":{"allow":["GET"]}}],"collection":[{"href":"https:\/\/tourtravelandmore.com\/fr\/wp-json\/wp\/v2\/product"}],"about":[{"href":"https:\/\/tourtravelandmore.com\/fr\/wp-json\/wp\/v2\/types\/product"}],"replies":[{"embeddable":true,"href":"https:\/\/tourtravelandmore.com\/fr\/wp-json\/wp\/v2\/comments?post=93633"}],"wp:featuredmedia":[{"embeddable":true,"href":"https:\/\/tourtravelandmore.com\/fr\/wp-json\/wp\/v2\/media\/93634"}],"wp:attachment":[{"href":"https:\/\/tourtravelandmore.com\/fr\/wp-json\/wp\/v2\/media?parent=93633"}],"wp:term":[{"taxonomy":"product_brand","embeddable":true,"href":"https:\/\/tourtravelandmore.com\/fr\/wp-json\/wp\/v2\/product_brand?post=93633"},{"taxonomy":"product_cat","embeddable":true,"href":"https:\/\/tourtravelandmore.com\/fr\/wp-json\/wp\/v2\/product_cat?post=93633"},{"taxonomy":"product_tag","embeddable":true,"href":"https:\/\/tourtravelandmore.com\/fr\/wp-json\/wp\/v2\/product_tag?post=93633"}],"curies":[{"name":"wp","href":"https:\/\/api.w.org\/{rel}","templated":true}]}}