{"id":93619,"date":"2016-10-20T13:07:41","date_gmt":"2016-10-20T11:07:41","guid":{"rendered":"https:\/\/tourtravelandmore.com\/tours\/non%20class\u00e9\/visite-privee-du-camp-nou\/"},"modified":"2025-04-14T18:37:42","modified_gmt":"2025-04-14T16:37:42","slug":"visite-privee-du-camp-nou","status":"publish","type":"product","link":"https:\/\/tourtravelandmore.com\/fr\/tours\/espagne-fr\/barcelone-fr\/visite-privee-du-camp-nou\/","title":{"rendered":"Visite priv\u00e9e du Camp Nou"},"content":{"rendered":"<h2>La description<\/h2>\n<p>Pour cette visite priv\u00e9e du Camp Nou, nous commencerons par vous chercher confortablement \u00e0 votre h\u00f4tel ou lieu de votre choix.<\/p>\n<p>Au cours de cette visite, vous d\u00e9couvrirez le stade du Bar\u00e7a et profiterez du mus\u00e9e du Camp Nou. C&#8217;est une exp\u00e9rience unique pour tout amateur de football.<\/p>\n<p>Nous nous dirigerons d&#8217;abord vers le Camp Nou et vous entrerez dans le mus\u00e9e avec votre guide officiel priv\u00e9.<\/p>\n<p>D\u00e9couvrez nos autres visites priv\u00e9es \u00e0 Barcelone ici!<\/p>\n<h2>\nSites d&#8217;int\u00e9r\u00eat et monuments<\/h2>\n<p>L&#8217;exp\u00e9rience Camp Nou est le circuit id\u00e9al pour les amateurs de sport et de football.<\/p>\n<p>Ne manquez pas cette occasion sp\u00e9ciale de d\u00e9couvrir le mus\u00e9e le plus visit\u00e9 de Barcelone (mus\u00e9e du Bar\u00e7a).<\/p>\n<p>Nous vous proposons une visite priv\u00e9e o\u00f9 nous viendrons vous chercher directement \u00e0 votre h\u00f4tel, a\u00e9roport ou port de croisi\u00e8re.<\/p>\n<p>Ensuite, nous vous emm\u00e8nerons \u00e0 une visite guid\u00e9e du F.C. Barcelone.<\/p>\n<p>C&#8217;est une occasion unique d&#8217;en apprendre davantage sur l&#8217;histoire du grand F.C. Barcelone. Suivez les pas de grands d\u00e9parts comme Kubala, Cruyff, Maradona, Guardiola, Ronaldinho, Messi, Suarez et la nouvelle \u00e9toile montante, Dembel\u00e9.<\/p>\n<p>Vous profiterez d&#8217;une vue panoramique sur le stade Camp Nou. Entre autres, vous appr\u00e9cierez \u00e9galement:<\/p>\n<p>&#8211; zone caf\u00e9,<\/p>\n<p>&#8211; salle de presse,<\/p>\n<p>&#8211; l\u2019espace de Messi,<\/p>\n<p>-Le vestiaire visiteurs,<\/p>\n<p>&#8211; Le tunnel des joueurs et<\/p>\n<p>&#8211; m\u00eame l&#8217;herbe r\u00e9elle du Camp Nou.<\/p>\n<p>Veuillez noter * Vous pourrez marcher sur l&#8217;herbe mais pas sur le terrain r\u00e9el<\/p>\n<p>** Lors d&#8217;un match de football, les visites du mus\u00e9e ne sont pas disponibles<\/p>\n<p>A noter \u00e9galement: pour des raisons structurelles et le grand nombre d&#8217;escaliers dans le Camp Nou, cette excursion ne convient pas aux personnes ayant un handicap physique.<\/p>\n<p>Une fois que vous aurez termin\u00e9 votre visite au Camp Nou, vous pourrez profiter et admirer la grande architecture et les sites touristiques des monuments les plus importants et les plus connus de Barcelone dans le temps qu&#8217;il vous reste.<\/p>\n<p>Votre guide vous montrera les endroits les plus embl\u00e9matiques de la ville. Si vous souhaitez visiter un autre endroit, n&#8217;h\u00e9sitez pas \u00e0 nous le dire. Cette visite est totalement personnalisable selon vos propres int\u00e9r\u00eats et go\u00fbts.<\/p>\n<p>Une fois la visite termin\u00e9e, votre guide officiel priv\u00e9 et chauffeur avec v\u00e9hicule vous ram\u00e8nera \u00e0 votre h\u00f4tel ou lieu de votre choix \u00e0 Barcelone.<\/p>\n","protected":false},"excerpt":{"rendered":"<p>Profitez de cette visite priv\u00e9e enti\u00e8rement personnalis\u00e9e au Camp Nou \u00e0 Barcelone et visitez l&#8217;un des stades de football les plus importants de toute l&#8217;Europe. Profitez de cette occasion pour d\u00e9couvrir Barcelone dans cette exp\u00e9rience avec votre propre guide officiel priv\u00e9 et v\u00e9hicule priv\u00e9 avec chauffeur. Personnalisez votre propre exp\u00e9rience. Ne manquez pas les monuments et sites comme le Camp Nou et le mus\u00e9e du Bar\u00e7a et bien plus encore!<\/p>\n","protected":false},"featured_media":93620,"comment_status":"open","ping_status":"closed","template":"","meta":{"_acf_changed":false},"product_brand":[],"product_cat":[5410,5412,3538],"product_tag":[],"class_list":{"0":"post-93619","1":"product","2":"type-product","3":"status-publish","4":"has-post-thumbnail","6":"product_cat-all-private-tours-activities-fr-30","7":"product_cat-best-sellers-fr-3","8":"product_cat-barcelone-fr","10":"first","11":"instock","12":"shipping-taxable","13":"purchasable","14":"product-type-simple"},"acf":[],"yoast_head":"<!-- This site is optimized with the Yoast SEO Premium plugin v25.3.1 (Yoast SEO v25.3.1) - https:\/\/yoast.com\/wordpress\/plugins\/seo\/ -->\n<title>Visite priv\u00e9e du Camp Nou - Visite du mus\u00e9e du football du Bar\u00e7a<\/title>\n<meta name=\"description\" content=\"Football and Sport Fanatics est le circuit id\u00e9al pour les amateurs de sport et les passionn\u00e9s de football \u00e0 Barcelone. Visite priv\u00e9e du Camp Nou.\" \/>\n<meta name=\"robots\" content=\"index, follow, max-snippet:-1, max-image-preview:large, max-video-preview:-1\" \/>\n<link rel=\"canonical\" href=\"https:\/\/tourtravelandmore.com\/fr\/tours\/espagne-fr\/barcelone-fr\/visite-privee-du-camp-nou\/\" \/>\n<meta property=\"og:locale\" content=\"fr_FR\" \/>\n<meta property=\"og:type\" content=\"article\" \/>\n<meta property=\"og:title\" content=\"Visite priv\u00e9e du Camp Nou\" \/>\n<meta property=\"og:description\" content=\"Football and Sport Fanatics est le circuit id\u00e9al pour les amateurs de sport et les passionn\u00e9s de football \u00e0 Barcelone. Visite priv\u00e9e du Camp Nou.\" \/>\n<meta property=\"og:url\" content=\"https:\/\/tourtravelandmore.com\/fr\/tours\/espagne-fr\/barcelone-fr\/visite-privee-du-camp-nou\/\" \/>\n<meta property=\"og:site_name\" content=\"Tour Travel And More\" \/>\n<meta property=\"article:publisher\" content=\"https:\/\/www.facebook.com\/tourtravelandmore\/\" \/>\n<meta property=\"article:modified_time\" content=\"2025-04-14T16:37:42+00:00\" \/>\n<meta property=\"og:image\" content=\"https:\/\/tourtravelandmore.com\/wp-content\/uploads\/2016\/10\/barcelona-footbal-fanatics-private-tour.jpg\" \/>\n\t<meta property=\"og:image:width\" content=\"1920\" \/>\n\t<meta property=\"og:image:height\" content=\"1080\" \/>\n\t<meta property=\"og:image:type\" content=\"image\/jpeg\" \/>\n<meta name=\"twitter:card\" content=\"summary_large_image\" \/>\n<meta name=\"twitter:site\" content=\"@TourTravel_More\" \/>\n<meta name=\"twitter:label1\" content=\"Dur\u00e9e de lecture estim\u00e9e\" \/>\n\t<meta name=\"twitter:data1\" content=\"2 minutes\" \/>\n<script type=\"application\/ld+json\" class=\"yoast-schema-graph\">{\"@context\":\"https:\/\/schema.org\",\"@graph\":[{\"@type\":\"WebPage\",\"@id\":\"https:\/\/tourtravelandmore.com\/fr\/tours\/espagne-fr\/barcelone-fr\/visite-privee-du-camp-nou\/\",\"url\":\"https:\/\/tourtravelandmore.com\/fr\/tours\/espagne-fr\/barcelone-fr\/visite-privee-du-camp-nou\/\",\"name\":\"Visite priv\u00e9e du Camp Nou - Visite du mus\u00e9e du football du Bar\u00e7a\",\"isPartOf\":{\"@id\":\"https:\/\/tourtravelandmore.com\/fr\/#website\"},\"primaryImageOfPage\":{\"@id\":\"https:\/\/tourtravelandmore.com\/fr\/tours\/espagne-fr\/barcelone-fr\/visite-privee-du-camp-nou\/#primaryimage\"},\"image\":{\"@id\":\"https:\/\/tourtravelandmore.com\/fr\/tours\/espagne-fr\/barcelone-fr\/visite-privee-du-camp-nou\/#primaryimage\"},\"thumbnailUrl\":\"https:\/\/tourtravelandmore.com\/wp-content\/uploads\/2016\/10\/barcelona-footbal-fanatics-private-tour.jpg\",\"datePublished\":\"2016-10-20T11:07:41+00:00\",\"dateModified\":\"2025-04-14T16:37:42+00:00\",\"description\":\"Football and Sport Fanatics est le circuit id\u00e9al pour les amateurs de sport et les passionn\u00e9s de football \u00e0 Barcelone. Visite priv\u00e9e du Camp Nou.\",\"breadcrumb\":{\"@id\":\"https:\/\/tourtravelandmore.com\/fr\/tours\/espagne-fr\/barcelone-fr\/visite-privee-du-camp-nou\/#breadcrumb\"},\"inLanguage\":\"fr-FR\",\"potentialAction\":[{\"@type\":\"ReadAction\",\"target\":[\"https:\/\/tourtravelandmore.com\/fr\/tours\/espagne-fr\/barcelone-fr\/visite-privee-du-camp-nou\/\"]}]},{\"@type\":\"ImageObject\",\"inLanguage\":\"fr-FR\",\"@id\":\"https:\/\/tourtravelandmore.com\/fr\/tours\/espagne-fr\/barcelone-fr\/visite-privee-du-camp-nou\/#primaryimage\",\"url\":\"https:\/\/tourtravelandmore.com\/wp-content\/uploads\/2016\/10\/barcelona-footbal-fanatics-private-tour.jpg\",\"contentUrl\":\"https:\/\/tourtravelandmore.com\/wp-content\/uploads\/2016\/10\/barcelona-footbal-fanatics-private-tour.jpg\",\"width\":1920,\"height\":1080},{\"@type\":\"BreadcrumbList\",\"@id\":\"https:\/\/tourtravelandmore.com\/fr\/tours\/espagne-fr\/barcelone-fr\/visite-privee-du-camp-nou\/#breadcrumb\",\"itemListElement\":[{\"@type\":\"ListItem\",\"position\":1,\"name\":\"Home\",\"item\":\"https:\/\/tourtravelandmore.com\/fr\/\"},{\"@type\":\"ListItem\",\"position\":2,\"name\":\"Tours\",\"item\":\"https:\/\/tourtravelandmore.com\/fr\/tours\/\"},{\"@type\":\"ListItem\",\"position\":3,\"name\":\"Visite priv\u00e9e du Camp Nou\"}]},{\"@type\":\"WebSite\",\"@id\":\"https:\/\/tourtravelandmore.com\/fr\/#website\",\"url\":\"https:\/\/tourtravelandmore.com\/fr\/\",\"name\":\"Tour Travel And More\",\"description\":\"Private sightseeing tours and luxury transfers in Spain\",\"publisher\":{\"@id\":\"https:\/\/tourtravelandmore.com\/fr\/#organization\"},\"potentialAction\":[{\"@type\":\"SearchAction\",\"target\":{\"@type\":\"EntryPoint\",\"urlTemplate\":\"https:\/\/tourtravelandmore.com\/fr\/?s={search_term_string}\"},\"query-input\":{\"@type\":\"PropertyValueSpecification\",\"valueRequired\":true,\"valueName\":\"search_term_string\"}}],\"inLanguage\":\"fr-FR\"},{\"@type\":\"Organization\",\"@id\":\"https:\/\/tourtravelandmore.com\/fr\/#organization\",\"name\":\"Tour Travel And More\",\"url\":\"https:\/\/tourtravelandmore.com\/fr\/\",\"logo\":{\"@type\":\"ImageObject\",\"inLanguage\":\"fr-FR\",\"@id\":\"https:\/\/tourtravelandmore.com\/fr\/#\/schema\/logo\/image\/\",\"url\":\"https:\/\/tourtravelandmore.com\/wp-content\/uploads\/2022\/12\/cropped-logo-cabecera-new.png\",\"contentUrl\":\"https:\/\/tourtravelandmore.com\/wp-content\/uploads\/2022\/12\/cropped-logo-cabecera-new.png\",\"width\":430,\"height\":61,\"caption\":\"Tour Travel And More\"},\"image\":{\"@id\":\"https:\/\/tourtravelandmore.com\/fr\/#\/schema\/logo\/image\/\"},\"sameAs\":[\"https:\/\/www.facebook.com\/tourtravelandmore\/\",\"https:\/\/x.com\/TourTravel_More\"]}]}<\/script>\n<!-- \/ Yoast SEO Premium plugin. -->","yoast_head_json":{"title":"Visite priv\u00e9e du Camp Nou - Visite du mus\u00e9e du football du Bar\u00e7a","description":"Football and Sport Fanatics est le circuit id\u00e9al pour les amateurs de sport et les passionn\u00e9s de football \u00e0 Barcelone. Visite priv\u00e9e du Camp Nou.","robots":{"index":"index","follow":"follow","max-snippet":"max-snippet:-1","max-image-preview":"max-image-preview:large","max-video-preview":"max-video-preview:-1"},"canonical":"https:\/\/tourtravelandmore.com\/fr\/tours\/espagne-fr\/barcelone-fr\/visite-privee-du-camp-nou\/","og_locale":"fr_FR","og_type":"article","og_title":"Visite priv\u00e9e du Camp Nou","og_description":"Football and Sport Fanatics est le circuit id\u00e9al pour les amateurs de sport et les passionn\u00e9s de football \u00e0 Barcelone. Visite priv\u00e9e du Camp Nou.","og_url":"https:\/\/tourtravelandmore.com\/fr\/tours\/espagne-fr\/barcelone-fr\/visite-privee-du-camp-nou\/","og_site_name":"Tour Travel And More","article_publisher":"https:\/\/www.facebook.com\/tourtravelandmore\/","article_modified_time":"2025-04-14T16:37:42+00:00","og_image":[{"width":1920,"height":1080,"url":"https:\/\/tourtravelandmore.com\/wp-content\/uploads\/2016\/10\/barcelona-footbal-fanatics-private-tour.jpg","type":"image\/jpeg"}],"twitter_card":"summary_large_image","twitter_site":"@TourTravel_More","twitter_misc":{"Dur\u00e9e de lecture estim\u00e9e":"2 minutes"},"schema":{"@context":"https:\/\/schema.org","@graph":[{"@type":"WebPage","@id":"https:\/\/tourtravelandmore.com\/fr\/tours\/espagne-fr\/barcelone-fr\/visite-privee-du-camp-nou\/","url":"https:\/\/tourtravelandmore.com\/fr\/tours\/espagne-fr\/barcelone-fr\/visite-privee-du-camp-nou\/","name":"Visite priv\u00e9e du Camp Nou - Visite du mus\u00e9e du football du Bar\u00e7a","isPartOf":{"@id":"https:\/\/tourtravelandmore.com\/fr\/#website"},"primaryImageOfPage":{"@id":"https:\/\/tourtravelandmore.com\/fr\/tours\/espagne-fr\/barcelone-fr\/visite-privee-du-camp-nou\/#primaryimage"},"image":{"@id":"https:\/\/tourtravelandmore.com\/fr\/tours\/espagne-fr\/barcelone-fr\/visite-privee-du-camp-nou\/#primaryimage"},"thumbnailUrl":"https:\/\/tourtravelandmore.com\/wp-content\/uploads\/2016\/10\/barcelona-footbal-fanatics-private-tour.jpg","datePublished":"2016-10-20T11:07:41+00:00","dateModified":"2025-04-14T16:37:42+00:00","description":"Football and Sport Fanatics est le circuit id\u00e9al pour les amateurs de sport et les passionn\u00e9s de football \u00e0 Barcelone. Visite priv\u00e9e du Camp Nou.","breadcrumb":{"@id":"https:\/\/tourtravelandmore.com\/fr\/tours\/espagne-fr\/barcelone-fr\/visite-privee-du-camp-nou\/#breadcrumb"},"inLanguage":"fr-FR","potentialAction":[{"@type":"ReadAction","target":["https:\/\/tourtravelandmore.com\/fr\/tours\/espagne-fr\/barcelone-fr\/visite-privee-du-camp-nou\/"]}]},{"@type":"ImageObject","inLanguage":"fr-FR","@id":"https:\/\/tourtravelandmore.com\/fr\/tours\/espagne-fr\/barcelone-fr\/visite-privee-du-camp-nou\/#primaryimage","url":"https:\/\/tourtravelandmore.com\/wp-content\/uploads\/2016\/10\/barcelona-footbal-fanatics-private-tour.jpg","contentUrl":"https:\/\/tourtravelandmore.com\/wp-content\/uploads\/2016\/10\/barcelona-footbal-fanatics-private-tour.jpg","width":1920,"height":1080},{"@type":"BreadcrumbList","@id":"https:\/\/tourtravelandmore.com\/fr\/tours\/espagne-fr\/barcelone-fr\/visite-privee-du-camp-nou\/#breadcrumb","itemListElement":[{"@type":"ListItem","position":1,"name":"Home","item":"https:\/\/tourtravelandmore.com\/fr\/"},{"@type":"ListItem","position":2,"name":"Tours","item":"https:\/\/tourtravelandmore.com\/fr\/tours\/"},{"@type":"ListItem","position":3,"name":"Visite priv\u00e9e du Camp Nou"}]},{"@type":"WebSite","@id":"https:\/\/tourtravelandmore.com\/fr\/#website","url":"https:\/\/tourtravelandmore.com\/fr\/","name":"Tour Travel And More","description":"Private sightseeing tours and luxury transfers in Spain","publisher":{"@id":"https:\/\/tourtravelandmore.com\/fr\/#organization"},"potentialAction":[{"@type":"SearchAction","target":{"@type":"EntryPoint","urlTemplate":"https:\/\/tourtravelandmore.com\/fr\/?s={search_term_string}"},"query-input":{"@type":"PropertyValueSpecification","valueRequired":true,"valueName":"search_term_string"}}],"inLanguage":"fr-FR"},{"@type":"Organization","@id":"https:\/\/tourtravelandmore.com\/fr\/#organization","name":"Tour Travel And More","url":"https:\/\/tourtravelandmore.com\/fr\/","logo":{"@type":"ImageObject","inLanguage":"fr-FR","@id":"https:\/\/tourtravelandmore.com\/fr\/#\/schema\/logo\/image\/","url":"https:\/\/tourtravelandmore.com\/wp-content\/uploads\/2022\/12\/cropped-logo-cabecera-new.png","contentUrl":"https:\/\/tourtravelandmore.com\/wp-content\/uploads\/2022\/12\/cropped-logo-cabecera-new.png","width":430,"height":61,"caption":"Tour Travel And More"},"image":{"@id":"https:\/\/tourtravelandmore.com\/fr\/#\/schema\/logo\/image\/"},"sameAs":["https:\/\/www.facebook.com\/tourtravelandmore\/","https:\/\/x.com\/TourTravel_More"]}]}},"_links":{"self":[{"href":"https:\/\/tourtravelandmore.com\/fr\/wp-json\/wp\/v2\/product\/93619","targetHints":{"allow":["GET"]}}],"collection":[{"href":"https:\/\/tourtravelandmore.com\/fr\/wp-json\/wp\/v2\/product"}],"about":[{"href":"https:\/\/tourtravelandmore.com\/fr\/wp-json\/wp\/v2\/types\/product"}],"replies":[{"embeddable":true,"href":"https:\/\/tourtravelandmore.com\/fr\/wp-json\/wp\/v2\/comments?post=93619"}],"wp:featuredmedia":[{"embeddable":true,"href":"https:\/\/tourtravelandmore.com\/fr\/wp-json\/wp\/v2\/media\/93620"}],"wp:attachment":[{"href":"https:\/\/tourtravelandmore.com\/fr\/wp-json\/wp\/v2\/media?parent=93619"}],"wp:term":[{"taxonomy":"product_brand","embeddable":true,"href":"https:\/\/tourtravelandmore.com\/fr\/wp-json\/wp\/v2\/product_brand?post=93619"},{"taxonomy":"product_cat","embeddable":true,"href":"https:\/\/tourtravelandmore.com\/fr\/wp-json\/wp\/v2\/product_cat?post=93619"},{"taxonomy":"product_tag","embeddable":true,"href":"https:\/\/tourtravelandmore.com\/fr\/wp-json\/wp\/v2\/product_tag?post=93619"}],"curies":[{"name":"wp","href":"https:\/\/api.w.org\/{rel}","templated":true}]}}