{"id":93605,"date":"2016-10-20T12:46:07","date_gmt":"2016-10-20T10:46:07","guid":{"rendered":"https:\/\/tourtravelandmore.com\/tours\/non class\u00e9\/visite-privee-de-barcelone\/"},"modified":"2016-10-20T12:46:07","modified_gmt":"2016-10-20T10:46:07","slug":"visite-privee-de-barcelone","status":"publish","type":"product","link":"https:\/\/tourtravelandmore.com\/fr\/tours\/espagne-fr\/barcelone-fr\/visite-privee-de-barcelone\/","title":{"rendered":"Visite priv\u00e9e de Barcelone"},"content":{"rendered":"<h2>La description<\/h2>\n<p>Profitez de cette visite priv\u00e9e de Barcelone avec votre guide officiel et d\u00e9couvrez les sites les plus embl\u00e9matiques de Barcelone.<\/p>\n<p>Cette visite priv\u00e9e d\u00e9butera par une prise en charge \u00e0 l&#8217;h\u00f4tel. Notre prise en charge priv\u00e9e peut \u00e9galement se faire depuis le port de croisi\u00e8re ou l&#8217;a\u00e9roport. Faites-le nous savoir et nous organiserons la prise en charge correcte.<\/p>\n<p>Il s&#8217;agit d&#8217;une visite enti\u00e8rement priv\u00e9e et nos experts en voyages sont l\u00e0 pour rendre votre visite priv\u00e9e de Barcleona unique. Barcelone est vraiment une ville unique et la meilleure fa\u00e7on de la conna\u00eetre est avec cette visite priv\u00e9e.<\/p>\n<p>Barcelone abrite bien plus que le club du FCB Bar\u00e7a et Anotnio Gaudi! Apprenez \u00e0 conna\u00eetre le meilleur de cette visite priv\u00e9e de Barcelone avec votre guide officiel priv\u00e9. Ce sera une exp\u00e9rience tr\u00e8s confortable gr\u00e2ce \u00e0 votre v\u00e9hicule de luxe priv\u00e9 avec chauffeur s\u00e9par\u00e9.<\/p>\n<p>Barcelone est une ville c\u00f4ti\u00e8re de la M\u00e9diterran\u00e9e o\u00f9 vous pourrez profiter d&#8217;une vue imprenable sur les montagnes et de magnifiques paysages de la mer M\u00e9diterran\u00e9e.<\/p>\n<p>Apr\u00e8s \u00eatre venu vous chercher confortablement \u00e0 votre h\u00f4tel ou lieu de votre choix, nous nous dirigerons vers le centre-ville pour commencer cette visite priv\u00e9e de Barcelone. Il s&#8217;agit d&#8217;une visite de 4 heures et vous aurez l&#8217;occasion de voir autant de ville que possible. Si vous souhaitez entrer dans des monuments, nous pouvons \u00e9galement organiser cela.<\/p>\n<p>Bellow est une visite priv\u00e9e de 4 heures. Nous pouvons toujours proposer des circuits plus longs comme par exemple 6 heures ou 8 heures. Le nombre exact d&#8217;heures peut \u00eatre modifi\u00e9 selon vos propres besoins. D\u00e9couvrez nos autres circuits!<\/p>\n<h2>Sites d&#8217;int\u00e9r\u00eat et monuments<\/h2>\n<p>Tout d&#8217;abord, nous organiserons une s\u00e9lection confortable pour vous et votre groupe priv\u00e9. Votre guide officiel priv\u00e9 aux c\u00f4t\u00e9s de votre chauffeur vous attendra \u00e0 l&#8217;endroit de votre choix.<\/p>\n<p>Nous irons ensuite de l&#8217;avant et commencerons cette incroyable visite priv\u00e9e de Barcelone!<\/p>\n<p>Voici un exemple des arr\u00eats et de l&#8217;itin\u00e9raire que vous appr\u00e9cierez lors de votre visite priv\u00e9e.<\/p>\n<ul>\n<li>Paseo de Gracia: Le Paseo de Gracia est l&#8217;une des principales avenues de Barcelone. C&#8217;est aussi l&#8217;un des plus c\u00e9l\u00e8bres de Catalogne! Il a une importance touristique et regorge de boutiques de luxe! Descendez le Paseo de Gracia et admirez les b\u00e2timents de Gaudi ainsi que les magasins de l\u00e8che-vitrines comme Prada, Gucci, Louis Vuitton, Carolina Herrera et bien plus encore!<\/li>\n<li>La Pedrera: un des b\u00e2timents de Gaudi. Ce b\u00e2timent est situ\u00e9 sur le Paseo de Gracia. La Pedrera est \u00e9galement connue sous le nom de Casa Mila. D\u00e9couvrez son histoire gr\u00e2ce \u00e0 votre guide priv\u00e9 officiel.<\/li>\n<li>Casa Batllo: Ce b\u00e2timent est \u00e9galement par Gaudi et il est \u00e9galement situ\u00e9 sur le Paseo de Gracia. Ce b\u00e2timent repr\u00e9sente vraiment le modernisme catalan<\/li>\n<li>Sagrada Familia: le chef-d&#8217;\u0153uvre inachev\u00e9 de Gaudi. C&#8217;est une basilique catholique mais vraiment une merveille \u00e0 visiter pour tout le monde! Il est encore en construction et son histoire est plus grande que sa beaut\u00e9.<\/li>\n<li>Plaza Espa\u00f1a: C&#8217;est une ic\u00f4ne \u00e0 Barcelone. Il a \u00e9t\u00e9 construit pour l&#8217;Expo de 1929 et c&#8217;est un excellent arr\u00eat photo pour tout le monde.<\/li>\n<li>Villa Olimpica: Vous pouvez trouver le port moderne de Barcelone, Port Olympic. Profitez d&#8217;une vue sur ce quartier unique.<\/li>\n<li>Barceloneta: la promenade de Barcelone en bord de mer<\/li>\n<li>Tour Calatrava: la tour de communication de Montjuic \u00e0 Barcelone. Con\u00e7u par Santiago Calatrava pour les Jeux Olympiques de 92.<\/li>\n<li>Las Ramblas: Une autre ic\u00f4ne de la ville de Barcelone. Las Ramblas est une rue qui va de la Plaza Catalunya jusqu&#8217;au vieux port. Il est agr\u00e9able de se promener seul dans cette rue!<\/li>\n<li>Plaza Catalunya: une place tr\u00e8s importante et c\u00e9l\u00e8bre \u00e0 Barcelone. Il divise le quartier de l&#8217;Eixample avec la partie ancienne de la ville. Un joli point de rencontre pour beaucoup!<\/li>\n<li>Quartier gothique: un quartier vraiment charmant et unique \u00e0 Barcelone. Un de nos pr\u00e9f\u00e9r\u00e9s! Profitez de ses rues m\u00e9di\u00e9vales ainsi que de ses charmants bars, restaurants et boutiques!<\/li>\n<li>Beaucoup plus!<\/li>\n<\/ul>\n<p>Apr\u00e8s les 4 heures, ou la dur\u00e9e souhait\u00e9e, nous vous ram\u00e8nerons \u00e0 votre h\u00f4tel ou lieu de votre choix \u00e0 l&#8217;int\u00e9rieur de la ville.<\/p>\n<p>En conclusion, c&#8217;est la visite priv\u00e9e parfaite pour vous! C&#8217;est un moyen complet de d\u00e9couvrir l&#8217;une des villes les plus importantes d&#8217;Espagne en 4 heures! Contactez-nous pour plus d&#8217;informations!<\/p>\n","protected":false},"excerpt":{"rendered":"<p>Profitez de cette visite priv\u00e9e d&#8217;une demi-journ\u00e9e enti\u00e8rement personnalis\u00e9e de Barcelone et profitez de leurs monuments et sites les plus importants. Profitez de cette occasion pour d\u00e9couvrir Barcelone dans cette exp\u00e9rience avec votre propre guide officiel priv\u00e9 et v\u00e9hicule priv\u00e9 avec chauffeur. Personnalisez votre propre exp\u00e9rience. Ne manquez pas les monuments et sites comme Montjuic, la Sagrada Familia de Gaudi, le parc Guell et bien plus encore!<\/p>\n","protected":false},"featured_media":93613,"comment_status":"open","ping_status":"closed","template":"","meta":{"_acf_changed":false},"product_brand":[],"product_cat":[5410,5412,3538],"product_tag":[],"class_list":{"0":"post-93605","1":"product","2":"type-product","3":"status-publish","4":"has-post-thumbnail","6":"product_cat-all-private-tours-activities-fr-30","7":"product_cat-best-sellers-fr-3","8":"product_cat-barcelone-fr","10":"first","11":"instock","12":"shipping-taxable","13":"purchasable","14":"product-type-simple"},"acf":[],"yoast_head":"<!-- This site is optimized with the Yoast SEO Premium plugin v25.3.1 (Yoast SEO v25.3.1) - https:\/\/yoast.com\/wordpress\/plugins\/seo\/ -->\n<title>Visite priv\u00e9e de la ville de Barcelone - VISITE PRIV\u00c9E DE BARCELONE<\/title>\n<meta name=\"description\" content=\"Visite priv\u00e9e personnalis\u00e9e de Barcelone. Profitez de leurs monuments et sites les plus importants. Guide touristique officiel priv\u00e9 et v\u00e9hicule priv\u00e9 avec chauffeur.\" \/>\n<meta name=\"robots\" content=\"index, follow, max-snippet:-1, max-image-preview:large, max-video-preview:-1\" \/>\n<link rel=\"canonical\" href=\"https:\/\/tourtravelandmore.com\/fr\/tours\/espagne-fr\/barcelone-fr\/visite-privee-de-barcelone\/\" \/>\n<meta property=\"og:locale\" content=\"fr_FR\" \/>\n<meta property=\"og:type\" content=\"article\" \/>\n<meta property=\"og:title\" content=\"Visite priv\u00e9e de Barcelone\" \/>\n<meta property=\"og:description\" content=\"Visite priv\u00e9e personnalis\u00e9e de Barcelone. Profitez de leurs monuments et sites les plus importants. Guide touristique officiel priv\u00e9 et v\u00e9hicule priv\u00e9 avec chauffeur.\" \/>\n<meta property=\"og:url\" content=\"https:\/\/tourtravelandmore.com\/fr\/tours\/espagne-fr\/barcelone-fr\/visite-privee-de-barcelone\/\" \/>\n<meta property=\"og:site_name\" content=\"Tour Travel And More\" \/>\n<meta property=\"article:publisher\" content=\"https:\/\/www.facebook.com\/tourtravelandmore\/\" \/>\n<meta property=\"og:image\" content=\"https:\/\/tourtravelandmore.com\/wp-content\/uploads\/2016\/10\/Barcelona4.jpeg\" \/>\n\t<meta property=\"og:image:width\" content=\"1880\" \/>\n\t<meta property=\"og:image:height\" content=\"1253\" \/>\n\t<meta property=\"og:image:type\" content=\"image\/jpeg\" \/>\n<meta name=\"twitter:card\" content=\"summary_large_image\" \/>\n<meta name=\"twitter:site\" content=\"@TourTravel_More\" \/>\n<meta name=\"twitter:label1\" content=\"Dur\u00e9e de lecture estim\u00e9e\" \/>\n\t<meta name=\"twitter:data1\" content=\"4 minutes\" \/>\n<script type=\"application\/ld+json\" class=\"yoast-schema-graph\">{\"@context\":\"https:\/\/schema.org\",\"@graph\":[{\"@type\":\"WebPage\",\"@id\":\"https:\/\/tourtravelandmore.com\/fr\/tours\/espagne-fr\/barcelone-fr\/visite-privee-de-barcelone\/\",\"url\":\"https:\/\/tourtravelandmore.com\/fr\/tours\/espagne-fr\/barcelone-fr\/visite-privee-de-barcelone\/\",\"name\":\"Visite priv\u00e9e de la ville de Barcelone - VISITE PRIV\u00c9E DE BARCELONE\",\"isPartOf\":{\"@id\":\"https:\/\/tourtravelandmore.com\/fr\/#website\"},\"primaryImageOfPage\":{\"@id\":\"https:\/\/tourtravelandmore.com\/fr\/tours\/espagne-fr\/barcelone-fr\/visite-privee-de-barcelone\/#primaryimage\"},\"image\":{\"@id\":\"https:\/\/tourtravelandmore.com\/fr\/tours\/espagne-fr\/barcelone-fr\/visite-privee-de-barcelone\/#primaryimage\"},\"thumbnailUrl\":\"https:\/\/tourtravelandmore.com\/wp-content\/uploads\/2016\/10\/Barcelona4.jpeg\",\"datePublished\":\"2016-10-20T10:46:07+00:00\",\"description\":\"Visite priv\u00e9e personnalis\u00e9e de Barcelone. Profitez de leurs monuments et sites les plus importants. Guide touristique officiel priv\u00e9 et v\u00e9hicule priv\u00e9 avec chauffeur.\",\"breadcrumb\":{\"@id\":\"https:\/\/tourtravelandmore.com\/fr\/tours\/espagne-fr\/barcelone-fr\/visite-privee-de-barcelone\/#breadcrumb\"},\"inLanguage\":\"fr-FR\",\"potentialAction\":[{\"@type\":\"ReadAction\",\"target\":[\"https:\/\/tourtravelandmore.com\/fr\/tours\/espagne-fr\/barcelone-fr\/visite-privee-de-barcelone\/\"]}]},{\"@type\":\"ImageObject\",\"inLanguage\":\"fr-FR\",\"@id\":\"https:\/\/tourtravelandmore.com\/fr\/tours\/espagne-fr\/barcelone-fr\/visite-privee-de-barcelone\/#primaryimage\",\"url\":\"https:\/\/tourtravelandmore.com\/wp-content\/uploads\/2016\/10\/Barcelona4.jpeg\",\"contentUrl\":\"https:\/\/tourtravelandmore.com\/wp-content\/uploads\/2016\/10\/Barcelona4.jpeg\",\"width\":1880,\"height\":1253},{\"@type\":\"BreadcrumbList\",\"@id\":\"https:\/\/tourtravelandmore.com\/fr\/tours\/espagne-fr\/barcelone-fr\/visite-privee-de-barcelone\/#breadcrumb\",\"itemListElement\":[{\"@type\":\"ListItem\",\"position\":1,\"name\":\"Home\",\"item\":\"https:\/\/tourtravelandmore.com\/fr\/\"},{\"@type\":\"ListItem\",\"position\":2,\"name\":\"Tours\",\"item\":\"https:\/\/tourtravelandmore.com\/fr\/tours\/\"},{\"@type\":\"ListItem\",\"position\":3,\"name\":\"Visite priv\u00e9e de Barcelone\"}]},{\"@type\":\"WebSite\",\"@id\":\"https:\/\/tourtravelandmore.com\/fr\/#website\",\"url\":\"https:\/\/tourtravelandmore.com\/fr\/\",\"name\":\"Tour Travel And More\",\"description\":\"Private sightseeing tours and luxury transfers in Spain\",\"publisher\":{\"@id\":\"https:\/\/tourtravelandmore.com\/fr\/#organization\"},\"potentialAction\":[{\"@type\":\"SearchAction\",\"target\":{\"@type\":\"EntryPoint\",\"urlTemplate\":\"https:\/\/tourtravelandmore.com\/fr\/?s={search_term_string}\"},\"query-input\":{\"@type\":\"PropertyValueSpecification\",\"valueRequired\":true,\"valueName\":\"search_term_string\"}}],\"inLanguage\":\"fr-FR\"},{\"@type\":\"Organization\",\"@id\":\"https:\/\/tourtravelandmore.com\/fr\/#organization\",\"name\":\"Tour Travel And More\",\"url\":\"https:\/\/tourtravelandmore.com\/fr\/\",\"logo\":{\"@type\":\"ImageObject\",\"inLanguage\":\"fr-FR\",\"@id\":\"https:\/\/tourtravelandmore.com\/fr\/#\/schema\/logo\/image\/\",\"url\":\"https:\/\/tourtravelandmore.com\/wp-content\/uploads\/2022\/12\/cropped-logo-cabecera-new.png\",\"contentUrl\":\"https:\/\/tourtravelandmore.com\/wp-content\/uploads\/2022\/12\/cropped-logo-cabecera-new.png\",\"width\":430,\"height\":61,\"caption\":\"Tour Travel And More\"},\"image\":{\"@id\":\"https:\/\/tourtravelandmore.com\/fr\/#\/schema\/logo\/image\/\"},\"sameAs\":[\"https:\/\/www.facebook.com\/tourtravelandmore\/\",\"https:\/\/x.com\/TourTravel_More\"]}]}<\/script>\n<!-- \/ Yoast SEO Premium plugin. -->","yoast_head_json":{"title":"Visite priv\u00e9e de la ville de Barcelone - VISITE PRIV\u00c9E DE BARCELONE","description":"Visite priv\u00e9e personnalis\u00e9e de Barcelone. Profitez de leurs monuments et sites les plus importants. Guide touristique officiel priv\u00e9 et v\u00e9hicule priv\u00e9 avec chauffeur.","robots":{"index":"index","follow":"follow","max-snippet":"max-snippet:-1","max-image-preview":"max-image-preview:large","max-video-preview":"max-video-preview:-1"},"canonical":"https:\/\/tourtravelandmore.com\/fr\/tours\/espagne-fr\/barcelone-fr\/visite-privee-de-barcelone\/","og_locale":"fr_FR","og_type":"article","og_title":"Visite priv\u00e9e de Barcelone","og_description":"Visite priv\u00e9e personnalis\u00e9e de Barcelone. Profitez de leurs monuments et sites les plus importants. Guide touristique officiel priv\u00e9 et v\u00e9hicule priv\u00e9 avec chauffeur.","og_url":"https:\/\/tourtravelandmore.com\/fr\/tours\/espagne-fr\/barcelone-fr\/visite-privee-de-barcelone\/","og_site_name":"Tour Travel And More","article_publisher":"https:\/\/www.facebook.com\/tourtravelandmore\/","og_image":[{"width":1880,"height":1253,"url":"https:\/\/tourtravelandmore.com\/wp-content\/uploads\/2016\/10\/Barcelona4.jpeg","type":"image\/jpeg"}],"twitter_card":"summary_large_image","twitter_site":"@TourTravel_More","twitter_misc":{"Dur\u00e9e de lecture estim\u00e9e":"4 minutes"},"schema":{"@context":"https:\/\/schema.org","@graph":[{"@type":"WebPage","@id":"https:\/\/tourtravelandmore.com\/fr\/tours\/espagne-fr\/barcelone-fr\/visite-privee-de-barcelone\/","url":"https:\/\/tourtravelandmore.com\/fr\/tours\/espagne-fr\/barcelone-fr\/visite-privee-de-barcelone\/","name":"Visite priv\u00e9e de la ville de Barcelone - VISITE PRIV\u00c9E DE BARCELONE","isPartOf":{"@id":"https:\/\/tourtravelandmore.com\/fr\/#website"},"primaryImageOfPage":{"@id":"https:\/\/tourtravelandmore.com\/fr\/tours\/espagne-fr\/barcelone-fr\/visite-privee-de-barcelone\/#primaryimage"},"image":{"@id":"https:\/\/tourtravelandmore.com\/fr\/tours\/espagne-fr\/barcelone-fr\/visite-privee-de-barcelone\/#primaryimage"},"thumbnailUrl":"https:\/\/tourtravelandmore.com\/wp-content\/uploads\/2016\/10\/Barcelona4.jpeg","datePublished":"2016-10-20T10:46:07+00:00","description":"Visite priv\u00e9e personnalis\u00e9e de Barcelone. Profitez de leurs monuments et sites les plus importants. Guide touristique officiel priv\u00e9 et v\u00e9hicule priv\u00e9 avec chauffeur.","breadcrumb":{"@id":"https:\/\/tourtravelandmore.com\/fr\/tours\/espagne-fr\/barcelone-fr\/visite-privee-de-barcelone\/#breadcrumb"},"inLanguage":"fr-FR","potentialAction":[{"@type":"ReadAction","target":["https:\/\/tourtravelandmore.com\/fr\/tours\/espagne-fr\/barcelone-fr\/visite-privee-de-barcelone\/"]}]},{"@type":"ImageObject","inLanguage":"fr-FR","@id":"https:\/\/tourtravelandmore.com\/fr\/tours\/espagne-fr\/barcelone-fr\/visite-privee-de-barcelone\/#primaryimage","url":"https:\/\/tourtravelandmore.com\/wp-content\/uploads\/2016\/10\/Barcelona4.jpeg","contentUrl":"https:\/\/tourtravelandmore.com\/wp-content\/uploads\/2016\/10\/Barcelona4.jpeg","width":1880,"height":1253},{"@type":"BreadcrumbList","@id":"https:\/\/tourtravelandmore.com\/fr\/tours\/espagne-fr\/barcelone-fr\/visite-privee-de-barcelone\/#breadcrumb","itemListElement":[{"@type":"ListItem","position":1,"name":"Home","item":"https:\/\/tourtravelandmore.com\/fr\/"},{"@type":"ListItem","position":2,"name":"Tours","item":"https:\/\/tourtravelandmore.com\/fr\/tours\/"},{"@type":"ListItem","position":3,"name":"Visite priv\u00e9e de Barcelone"}]},{"@type":"WebSite","@id":"https:\/\/tourtravelandmore.com\/fr\/#website","url":"https:\/\/tourtravelandmore.com\/fr\/","name":"Tour Travel And More","description":"Private sightseeing tours and luxury transfers in Spain","publisher":{"@id":"https:\/\/tourtravelandmore.com\/fr\/#organization"},"potentialAction":[{"@type":"SearchAction","target":{"@type":"EntryPoint","urlTemplate":"https:\/\/tourtravelandmore.com\/fr\/?s={search_term_string}"},"query-input":{"@type":"PropertyValueSpecification","valueRequired":true,"valueName":"search_term_string"}}],"inLanguage":"fr-FR"},{"@type":"Organization","@id":"https:\/\/tourtravelandmore.com\/fr\/#organization","name":"Tour Travel And More","url":"https:\/\/tourtravelandmore.com\/fr\/","logo":{"@type":"ImageObject","inLanguage":"fr-FR","@id":"https:\/\/tourtravelandmore.com\/fr\/#\/schema\/logo\/image\/","url":"https:\/\/tourtravelandmore.com\/wp-content\/uploads\/2022\/12\/cropped-logo-cabecera-new.png","contentUrl":"https:\/\/tourtravelandmore.com\/wp-content\/uploads\/2022\/12\/cropped-logo-cabecera-new.png","width":430,"height":61,"caption":"Tour Travel And More"},"image":{"@id":"https:\/\/tourtravelandmore.com\/fr\/#\/schema\/logo\/image\/"},"sameAs":["https:\/\/www.facebook.com\/tourtravelandmore\/","https:\/\/x.com\/TourTravel_More"]}]}},"_links":{"self":[{"href":"https:\/\/tourtravelandmore.com\/fr\/wp-json\/wp\/v2\/product\/93605","targetHints":{"allow":["GET"]}}],"collection":[{"href":"https:\/\/tourtravelandmore.com\/fr\/wp-json\/wp\/v2\/product"}],"about":[{"href":"https:\/\/tourtravelandmore.com\/fr\/wp-json\/wp\/v2\/types\/product"}],"replies":[{"embeddable":true,"href":"https:\/\/tourtravelandmore.com\/fr\/wp-json\/wp\/v2\/comments?post=93605"}],"wp:featuredmedia":[{"embeddable":true,"href":"https:\/\/tourtravelandmore.com\/fr\/wp-json\/wp\/v2\/media\/93613"}],"wp:attachment":[{"href":"https:\/\/tourtravelandmore.com\/fr\/wp-json\/wp\/v2\/media?parent=93605"}],"wp:term":[{"taxonomy":"product_brand","embeddable":true,"href":"https:\/\/tourtravelandmore.com\/fr\/wp-json\/wp\/v2\/product_brand?post=93605"},{"taxonomy":"product_cat","embeddable":true,"href":"https:\/\/tourtravelandmore.com\/fr\/wp-json\/wp\/v2\/product_cat?post=93605"},{"taxonomy":"product_tag","embeddable":true,"href":"https:\/\/tourtravelandmore.com\/fr\/wp-json\/wp\/v2\/product_tag?post=93605"}],"curies":[{"name":"wp","href":"https:\/\/api.w.org\/{rel}","templated":true}]}}