{"id":93586,"date":"2016-10-20T11:37:23","date_gmt":"2016-10-20T09:37:23","guid":{"rendered":"https:\/\/tourtravelandmore.com\/tours\/non class\u00e9\/visite-privee-a-montserrat-depuis-barcelone\/"},"modified":"2016-10-20T11:37:23","modified_gmt":"2016-10-20T09:37:23","slug":"visite-privee-a-montserrat-depuis-barcelone","status":"publish","type":"product","link":"https:\/\/tourtravelandmore.com\/fr\/tours\/espagne-fr\/barcelone-fr\/visite-privee-a-montserrat-depuis-barcelone\/","title":{"rendered":"Visite priv\u00e9e \u00e0 Montserrat depuis Barcelone"},"content":{"rendered":"<h2>La description<\/h2>\n<p>Profitez de cette visite priv\u00e9e \u00e0 Montserrat au d\u00e9part de Barcelone avec votre guide officiel et d\u00e9couvrez le monast\u00e8re de Montserrat \u00e0 Barcelone.<\/p>\n<p>Cette visite priv\u00e9e \u00e0 Montserrat au d\u00e9part de Barcelone commencera par une prise en charge confortable depuis votre h\u00f4tel. Votre v\u00e9hicule de luxe priv\u00e9 et votre chauffeur s\u00e9par\u00e9 vous attendront avec votre guide officiel s\u00e9par\u00e9. Ils vous emm\u00e8neront tous les deux dans cette visite priv\u00e9e pour d\u00e9couvrir Montserrat.<\/p>\n<p>Il s&#8217;agit d&#8217;une visite priv\u00e9e enti\u00e8rement personnalis\u00e9e \u00e0 Montserrat au d\u00e9part de Barcelone. Vous pouvez personnaliser chaque visite en nous contactant simplement. Voici un exemple de certains des sites les plus importants pour vous donner une id\u00e9e, mais votre visite sera enti\u00e8rement personnalis\u00e9e pour r\u00e9pondre exactement \u00e0 vos besoins.<\/p>\n<p>Nous vous aiderons \u00e0 organiser votre exp\u00e9rience totalement personnalis\u00e9e et unique \u00e0 Barcelone.<\/p>\n<h2>Sites d&#8217;int\u00e9r\u00eat et monuments<\/h2>\n<p>Tout d&#8217;abord, nous organiserons une prise en charge confortable depuis votre h\u00f4tel ou lieu de votre choix \u00e0 Barcelone. Votre guide officiel et votre chauffeur s\u00e9par\u00e9 seront \u00e0 votre disposition pendant toute la visite priv\u00e9e \u00e0 Montserrat au d\u00e9part de Barcelone.<\/p>\n<p>Deuxi\u00e8mement, une fois arriv\u00e9s \u00e0 Montserrat, la premi\u00e8re partie de cette visite sera de profiter de vues exceptionnelles avec la balade Aeri of Montserrat. Vous aurez la chance de prendre des photos incroyables des vues uniques. Profitez de la cha\u00eene de montagnes et des vues incroyables. C&#8217;est une excellente option pour ceux qui n&#8217;ont pas peur des hauteurs! L&#8217;aeri de Montserrat nous m\u00e8nera au sommet jusqu&#8217;au monast\u00e8re de Montserrat.<\/p>\n<p>Troisi\u00e8mement, une fois arriv\u00e9s au monast\u00e8re de Montserrat, vous continuerez \u00e0 pied avec votre guide officiel priv\u00e9. Vous visiterez le sanctuaire de &#8220;Nuestra se\u00f1ora de Montserrat&#8221;. Il a son origine sur l&#8217;ermitage de Santa Maria que le comte Wilfredo Velloso a offert au monast\u00e8re de Ripoll en 888.<\/p>\n<p>Enfin, si la journ\u00e9e le permet, nous nous dirigerons vers le ch\u0153ur des gar\u00e7ons. Vous pourrez \u00e9couter l&#8217;un des plus anciens choeurs d&#8217;enfants de toute l&#8217;Europe, les enfants de ch\u0153ur de Montserrat. Ils chantent du lundi au vendredi \u00e0 13h00 et le dimanche \u00e0 12h00, de septembre \u00e0 avril (certains jours de f\u00eate, ils ne chantent pas).<\/p>\n<p>En conclusion, nous retournerons ensuite vers Barcelone avec votre guide officiel et votre v\u00e9hicule de luxe avec chauffeur. Nous vous d\u00e9poserons \u00e0 votre h\u00f4tel ou lieu de votre choix dans la ville.<\/p>\n","protected":false},"excerpt":{"rendered":"<p>Profitez de cette visite priv\u00e9e enti\u00e8rement personnalis\u00e9e du c\u00e9l\u00e8bre Montserrat de Barcelone et profitez de cette visite confortablement dans votre v\u00e9hicule priv\u00e9 avec chauffeur et guide s\u00e9par\u00e9. Personnalisez votre propre exp\u00e9rience. Nous viendrons vous chercher \u00e0 votre h\u00f4tel ou lieu de votre choix \u00e0 Barcelone et nous nous dirigerons vers Montserrat et son monast\u00e8re.<\/p>\n","protected":false},"featured_media":93599,"comment_status":"open","ping_status":"closed","template":"","meta":{"_acf_changed":false},"product_brand":[],"product_cat":[3538],"product_tag":[],"class_list":{"0":"post-93586","1":"product","2":"type-product","3":"status-publish","4":"has-post-thumbnail","6":"product_cat-barcelone-fr","8":"first","9":"instock","10":"shipping-taxable","11":"purchasable","12":"product-type-simple"},"acf":[],"yoast_head":"<!-- This site is optimized with the Yoast SEO Premium plugin v25.3.1 (Yoast SEO v25.3.1) - https:\/\/yoast.com\/wordpress\/plugins\/seo\/ -->\n<title>Visite priv\u00e9e \u00e0 Montserrat au d\u00e9part de Barcelone - Guide officiel et chauffeur<\/title>\n<meta name=\"description\" content=\"Visite priv\u00e9e de Montserrat au d\u00e9part de Barcelone - D\u00e9couvrez le monast\u00e8re de Montserrat \u00e0 Barcelone. Aeri ride inclus. V\u00e9hicule de luxe avec chauffeur et guide touristique\" \/>\n<meta name=\"robots\" content=\"index, follow, max-snippet:-1, max-image-preview:large, max-video-preview:-1\" \/>\n<link rel=\"canonical\" href=\"https:\/\/tourtravelandmore.com\/fr\/tours\/espagne-fr\/barcelone-fr\/visite-privee-a-montserrat-depuis-barcelone\/\" \/>\n<meta property=\"og:locale\" content=\"fr_FR\" \/>\n<meta property=\"og:type\" content=\"article\" \/>\n<meta property=\"og:title\" content=\"Visite priv\u00e9e \u00e0 Montserrat depuis Barcelone\" \/>\n<meta property=\"og:description\" content=\"Visite priv\u00e9e de Montserrat au d\u00e9part de Barcelone - D\u00e9couvrez le monast\u00e8re de Montserrat \u00e0 Barcelone. Aeri ride inclus. V\u00e9hicule de luxe avec chauffeur et guide touristique\" \/>\n<meta property=\"og:url\" content=\"https:\/\/tourtravelandmore.com\/fr\/tours\/espagne-fr\/barcelone-fr\/visite-privee-a-montserrat-depuis-barcelone\/\" \/>\n<meta property=\"og:site_name\" content=\"Tour Travel And More\" \/>\n<meta property=\"article:publisher\" content=\"https:\/\/www.facebook.com\/tourtravelandmore\/\" \/>\n<meta property=\"og:image\" content=\"https:\/\/tourtravelandmore.com\/wp-content\/uploads\/2016\/10\/Monasterioprincipal.jpg\" \/>\n\t<meta property=\"og:image:width\" content=\"1024\" \/>\n\t<meta property=\"og:image:height\" content=\"768\" \/>\n\t<meta property=\"og:image:type\" content=\"image\/jpeg\" \/>\n<meta name=\"twitter:card\" content=\"summary_large_image\" \/>\n<meta name=\"twitter:site\" content=\"@TourTravel_More\" \/>\n<meta name=\"twitter:label1\" content=\"Dur\u00e9e de lecture estim\u00e9e\" \/>\n\t<meta name=\"twitter:data1\" content=\"2 minutes\" \/>\n<script type=\"application\/ld+json\" class=\"yoast-schema-graph\">{\"@context\":\"https:\/\/schema.org\",\"@graph\":[{\"@type\":\"WebPage\",\"@id\":\"https:\/\/tourtravelandmore.com\/fr\/tours\/espagne-fr\/barcelone-fr\/visite-privee-a-montserrat-depuis-barcelone\/\",\"url\":\"https:\/\/tourtravelandmore.com\/fr\/tours\/espagne-fr\/barcelone-fr\/visite-privee-a-montserrat-depuis-barcelone\/\",\"name\":\"Visite priv\u00e9e \u00e0 Montserrat au d\u00e9part de Barcelone - Guide officiel et chauffeur\",\"isPartOf\":{\"@id\":\"https:\/\/tourtravelandmore.com\/fr\/#website\"},\"primaryImageOfPage\":{\"@id\":\"https:\/\/tourtravelandmore.com\/fr\/tours\/espagne-fr\/barcelone-fr\/visite-privee-a-montserrat-depuis-barcelone\/#primaryimage\"},\"image\":{\"@id\":\"https:\/\/tourtravelandmore.com\/fr\/tours\/espagne-fr\/barcelone-fr\/visite-privee-a-montserrat-depuis-barcelone\/#primaryimage\"},\"thumbnailUrl\":\"https:\/\/tourtravelandmore.com\/wp-content\/uploads\/2016\/10\/Monasterioprincipal.jpg\",\"datePublished\":\"2016-10-20T09:37:23+00:00\",\"description\":\"Visite priv\u00e9e de Montserrat au d\u00e9part de Barcelone - D\u00e9couvrez le monast\u00e8re de Montserrat \u00e0 Barcelone. Aeri ride inclus. V\u00e9hicule de luxe avec chauffeur et guide touristique\",\"breadcrumb\":{\"@id\":\"https:\/\/tourtravelandmore.com\/fr\/tours\/espagne-fr\/barcelone-fr\/visite-privee-a-montserrat-depuis-barcelone\/#breadcrumb\"},\"inLanguage\":\"fr-FR\",\"potentialAction\":[{\"@type\":\"ReadAction\",\"target\":[\"https:\/\/tourtravelandmore.com\/fr\/tours\/espagne-fr\/barcelone-fr\/visite-privee-a-montserrat-depuis-barcelone\/\"]}]},{\"@type\":\"ImageObject\",\"inLanguage\":\"fr-FR\",\"@id\":\"https:\/\/tourtravelandmore.com\/fr\/tours\/espagne-fr\/barcelone-fr\/visite-privee-a-montserrat-depuis-barcelone\/#primaryimage\",\"url\":\"https:\/\/tourtravelandmore.com\/wp-content\/uploads\/2016\/10\/Monasterioprincipal.jpg\",\"contentUrl\":\"https:\/\/tourtravelandmore.com\/wp-content\/uploads\/2016\/10\/Monasterioprincipal.jpg\",\"width\":1024,\"height\":768},{\"@type\":\"BreadcrumbList\",\"@id\":\"https:\/\/tourtravelandmore.com\/fr\/tours\/espagne-fr\/barcelone-fr\/visite-privee-a-montserrat-depuis-barcelone\/#breadcrumb\",\"itemListElement\":[{\"@type\":\"ListItem\",\"position\":1,\"name\":\"Home\",\"item\":\"https:\/\/tourtravelandmore.com\/fr\/\"},{\"@type\":\"ListItem\",\"position\":2,\"name\":\"Tours\",\"item\":\"https:\/\/tourtravelandmore.com\/fr\/tours\/\"},{\"@type\":\"ListItem\",\"position\":3,\"name\":\"Visite priv\u00e9e \u00e0 Montserrat depuis Barcelone\"}]},{\"@type\":\"WebSite\",\"@id\":\"https:\/\/tourtravelandmore.com\/fr\/#website\",\"url\":\"https:\/\/tourtravelandmore.com\/fr\/\",\"name\":\"Tour Travel And More\",\"description\":\"Private sightseeing tours and luxury transfers in Spain\",\"publisher\":{\"@id\":\"https:\/\/tourtravelandmore.com\/fr\/#organization\"},\"potentialAction\":[{\"@type\":\"SearchAction\",\"target\":{\"@type\":\"EntryPoint\",\"urlTemplate\":\"https:\/\/tourtravelandmore.com\/fr\/?s={search_term_string}\"},\"query-input\":{\"@type\":\"PropertyValueSpecification\",\"valueRequired\":true,\"valueName\":\"search_term_string\"}}],\"inLanguage\":\"fr-FR\"},{\"@type\":\"Organization\",\"@id\":\"https:\/\/tourtravelandmore.com\/fr\/#organization\",\"name\":\"Tour Travel And More\",\"url\":\"https:\/\/tourtravelandmore.com\/fr\/\",\"logo\":{\"@type\":\"ImageObject\",\"inLanguage\":\"fr-FR\",\"@id\":\"https:\/\/tourtravelandmore.com\/fr\/#\/schema\/logo\/image\/\",\"url\":\"https:\/\/tourtravelandmore.com\/wp-content\/uploads\/2022\/12\/cropped-logo-cabecera-new.png\",\"contentUrl\":\"https:\/\/tourtravelandmore.com\/wp-content\/uploads\/2022\/12\/cropped-logo-cabecera-new.png\",\"width\":430,\"height\":61,\"caption\":\"Tour Travel And More\"},\"image\":{\"@id\":\"https:\/\/tourtravelandmore.com\/fr\/#\/schema\/logo\/image\/\"},\"sameAs\":[\"https:\/\/www.facebook.com\/tourtravelandmore\/\",\"https:\/\/x.com\/TourTravel_More\"]}]}<\/script>\n<!-- \/ Yoast SEO Premium plugin. -->","yoast_head_json":{"title":"Visite priv\u00e9e \u00e0 Montserrat au d\u00e9part de Barcelone - Guide officiel et chauffeur","description":"Visite priv\u00e9e de Montserrat au d\u00e9part de Barcelone - D\u00e9couvrez le monast\u00e8re de Montserrat \u00e0 Barcelone. Aeri ride inclus. V\u00e9hicule de luxe avec chauffeur et guide touristique","robots":{"index":"index","follow":"follow","max-snippet":"max-snippet:-1","max-image-preview":"max-image-preview:large","max-video-preview":"max-video-preview:-1"},"canonical":"https:\/\/tourtravelandmore.com\/fr\/tours\/espagne-fr\/barcelone-fr\/visite-privee-a-montserrat-depuis-barcelone\/","og_locale":"fr_FR","og_type":"article","og_title":"Visite priv\u00e9e \u00e0 Montserrat depuis Barcelone","og_description":"Visite priv\u00e9e de Montserrat au d\u00e9part de Barcelone - D\u00e9couvrez le monast\u00e8re de Montserrat \u00e0 Barcelone. Aeri ride inclus. V\u00e9hicule de luxe avec chauffeur et guide touristique","og_url":"https:\/\/tourtravelandmore.com\/fr\/tours\/espagne-fr\/barcelone-fr\/visite-privee-a-montserrat-depuis-barcelone\/","og_site_name":"Tour Travel And More","article_publisher":"https:\/\/www.facebook.com\/tourtravelandmore\/","og_image":[{"width":1024,"height":768,"url":"https:\/\/tourtravelandmore.com\/wp-content\/uploads\/2016\/10\/Monasterioprincipal.jpg","type":"image\/jpeg"}],"twitter_card":"summary_large_image","twitter_site":"@TourTravel_More","twitter_misc":{"Dur\u00e9e de lecture estim\u00e9e":"2 minutes"},"schema":{"@context":"https:\/\/schema.org","@graph":[{"@type":"WebPage","@id":"https:\/\/tourtravelandmore.com\/fr\/tours\/espagne-fr\/barcelone-fr\/visite-privee-a-montserrat-depuis-barcelone\/","url":"https:\/\/tourtravelandmore.com\/fr\/tours\/espagne-fr\/barcelone-fr\/visite-privee-a-montserrat-depuis-barcelone\/","name":"Visite priv\u00e9e \u00e0 Montserrat au d\u00e9part de Barcelone - Guide officiel et chauffeur","isPartOf":{"@id":"https:\/\/tourtravelandmore.com\/fr\/#website"},"primaryImageOfPage":{"@id":"https:\/\/tourtravelandmore.com\/fr\/tours\/espagne-fr\/barcelone-fr\/visite-privee-a-montserrat-depuis-barcelone\/#primaryimage"},"image":{"@id":"https:\/\/tourtravelandmore.com\/fr\/tours\/espagne-fr\/barcelone-fr\/visite-privee-a-montserrat-depuis-barcelone\/#primaryimage"},"thumbnailUrl":"https:\/\/tourtravelandmore.com\/wp-content\/uploads\/2016\/10\/Monasterioprincipal.jpg","datePublished":"2016-10-20T09:37:23+00:00","description":"Visite priv\u00e9e de Montserrat au d\u00e9part de Barcelone - D\u00e9couvrez le monast\u00e8re de Montserrat \u00e0 Barcelone. Aeri ride inclus. V\u00e9hicule de luxe avec chauffeur et guide touristique","breadcrumb":{"@id":"https:\/\/tourtravelandmore.com\/fr\/tours\/espagne-fr\/barcelone-fr\/visite-privee-a-montserrat-depuis-barcelone\/#breadcrumb"},"inLanguage":"fr-FR","potentialAction":[{"@type":"ReadAction","target":["https:\/\/tourtravelandmore.com\/fr\/tours\/espagne-fr\/barcelone-fr\/visite-privee-a-montserrat-depuis-barcelone\/"]}]},{"@type":"ImageObject","inLanguage":"fr-FR","@id":"https:\/\/tourtravelandmore.com\/fr\/tours\/espagne-fr\/barcelone-fr\/visite-privee-a-montserrat-depuis-barcelone\/#primaryimage","url":"https:\/\/tourtravelandmore.com\/wp-content\/uploads\/2016\/10\/Monasterioprincipal.jpg","contentUrl":"https:\/\/tourtravelandmore.com\/wp-content\/uploads\/2016\/10\/Monasterioprincipal.jpg","width":1024,"height":768},{"@type":"BreadcrumbList","@id":"https:\/\/tourtravelandmore.com\/fr\/tours\/espagne-fr\/barcelone-fr\/visite-privee-a-montserrat-depuis-barcelone\/#breadcrumb","itemListElement":[{"@type":"ListItem","position":1,"name":"Home","item":"https:\/\/tourtravelandmore.com\/fr\/"},{"@type":"ListItem","position":2,"name":"Tours","item":"https:\/\/tourtravelandmore.com\/fr\/tours\/"},{"@type":"ListItem","position":3,"name":"Visite priv\u00e9e \u00e0 Montserrat depuis Barcelone"}]},{"@type":"WebSite","@id":"https:\/\/tourtravelandmore.com\/fr\/#website","url":"https:\/\/tourtravelandmore.com\/fr\/","name":"Tour Travel And More","description":"Private sightseeing tours and luxury transfers in Spain","publisher":{"@id":"https:\/\/tourtravelandmore.com\/fr\/#organization"},"potentialAction":[{"@type":"SearchAction","target":{"@type":"EntryPoint","urlTemplate":"https:\/\/tourtravelandmore.com\/fr\/?s={search_term_string}"},"query-input":{"@type":"PropertyValueSpecification","valueRequired":true,"valueName":"search_term_string"}}],"inLanguage":"fr-FR"},{"@type":"Organization","@id":"https:\/\/tourtravelandmore.com\/fr\/#organization","name":"Tour Travel And More","url":"https:\/\/tourtravelandmore.com\/fr\/","logo":{"@type":"ImageObject","inLanguage":"fr-FR","@id":"https:\/\/tourtravelandmore.com\/fr\/#\/schema\/logo\/image\/","url":"https:\/\/tourtravelandmore.com\/wp-content\/uploads\/2022\/12\/cropped-logo-cabecera-new.png","contentUrl":"https:\/\/tourtravelandmore.com\/wp-content\/uploads\/2022\/12\/cropped-logo-cabecera-new.png","width":430,"height":61,"caption":"Tour Travel And More"},"image":{"@id":"https:\/\/tourtravelandmore.com\/fr\/#\/schema\/logo\/image\/"},"sameAs":["https:\/\/www.facebook.com\/tourtravelandmore\/","https:\/\/x.com\/TourTravel_More"]}]}},"_links":{"self":[{"href":"https:\/\/tourtravelandmore.com\/fr\/wp-json\/wp\/v2\/product\/93586","targetHints":{"allow":["GET"]}}],"collection":[{"href":"https:\/\/tourtravelandmore.com\/fr\/wp-json\/wp\/v2\/product"}],"about":[{"href":"https:\/\/tourtravelandmore.com\/fr\/wp-json\/wp\/v2\/types\/product"}],"replies":[{"embeddable":true,"href":"https:\/\/tourtravelandmore.com\/fr\/wp-json\/wp\/v2\/comments?post=93586"}],"wp:featuredmedia":[{"embeddable":true,"href":"https:\/\/tourtravelandmore.com\/fr\/wp-json\/wp\/v2\/media\/93599"}],"wp:attachment":[{"href":"https:\/\/tourtravelandmore.com\/fr\/wp-json\/wp\/v2\/media?parent=93586"}],"wp:term":[{"taxonomy":"product_brand","embeddable":true,"href":"https:\/\/tourtravelandmore.com\/fr\/wp-json\/wp\/v2\/product_brand?post=93586"},{"taxonomy":"product_cat","embeddable":true,"href":"https:\/\/tourtravelandmore.com\/fr\/wp-json\/wp\/v2\/product_cat?post=93586"},{"taxonomy":"product_tag","embeddable":true,"href":"https:\/\/tourtravelandmore.com\/fr\/wp-json\/wp\/v2\/product_tag?post=93586"}],"curies":[{"name":"wp","href":"https:\/\/api.w.org\/{rel}","templated":true}]}}