{"id":93576,"date":"2016-10-20T11:26:00","date_gmt":"2016-10-20T09:26:00","guid":{"rendered":"https:\/\/tourtravelandmore.com\/tours\/non class\u00e9\/voiture-privee-et-chauffeur-a-barcelone\/"},"modified":"2016-10-20T11:26:00","modified_gmt":"2016-10-20T09:26:00","slug":"voiture-privee-et-chauffeur-a-barcelone","status":"publish","type":"product","link":"https:\/\/tourtravelandmore.com\/fr\/tours\/espagne-fr\/barcelone-fr\/voiture-privee-et-chauffeur-a-barcelone\/","title":{"rendered":"Voiture priv\u00e9e et chauffeur \u00e0 Barcelone"},"content":{"rendered":"<h2>La description<\/h2>\n<p>Nous vous proposons le moyen le plus rapide et le plus simple de passer 4 heures &#8211; 8 heures &#8211; 10 heures ou m\u00eame plus. La r\u00e9ponse est une voiture priv\u00e9e et un chauffeur \u00e0 Barcelone! Profitez d&#8217;une exp\u00e9rience relaxante dans l&#8217;un de nos v\u00e9hicules priv\u00e9s de luxe avec chauffeur. Apprenez \u00e0 conna\u00eetre Barcelone avec cette disposition priv\u00e9e.<\/p>\n<p>Nous offrons des dispostiions priv\u00e9es pour les familles et les groupes et nous offrons un service personnalis\u00e9 selon les d\u00e9sirs et besoins personnels de chacun. Tous nos v\u00e9hicules notre luxe pour votre confort.<\/p>\n<p>Nous pouvons organiser votre disposition \u00e0 n&#8217;importe quel endroit de Barcelone ou \u00e0 Barcelone. Par exemple \u00e0 la plage, \u00e0 la montagne, pour passer une journ\u00e9e \u00e0 skier, ou m\u00eame pour \u00eatre dispos\u00e9 \u00e0 l&#8217;int\u00e9rieur de Barcelone pour vous accompagner tout au long de la journ\u00e9e pour une exp\u00e9rience plus confortable, et tout ce que vous pouvez imaginer. Nous pouvons tout faire!<\/p>\n<p>Tout ce que vous avez \u00e0 faire est de nous contacter et nous organiserons votre transfert de la meilleure fa\u00e7on possible.<\/p>\n<p>Si vous avez besoin d&#8217;un si\u00e8ge b\u00e9b\u00e9 ou d&#8217;un si\u00e8ge enfant, veuillez nous contacter avant votre vol ou croisi\u00e8re pour l&#8217;organiser correctement.<\/p>\n<p>Nos chauffeurs priv\u00e9s sont tous des professionnels et parlent anglais et espagnol. Veuillez noter que les chauffeurs priv\u00e9s, bien qu&#8217;ayant beaucoup de connaissances, ne sont pas des guides touristiques! Pour vivre une exp\u00e9rience confortable et unique, ces dispositions priv\u00e9es avec chauffeurs anglophones sont limit\u00e9es \u00e0 6 personnes par groupe priv\u00e9.<\/p>\n<p>Nous avons la possibilit\u00e9 d&#8217;organiser pour vous un v\u00e9hicule plus grand comme minibus. Dans ce cas, le chauffeur peut parler anglais mais ne peut rien expliquer car le chauffeur n&#8217;est l\u00e0 que pour conduire le minibus \/ bus.<\/p>\n<h2>Sites d&#8217;int\u00e9r\u00eat et monuments<\/h2>\n<p>Pour rendre l&#8217;exp\u00e9rience encore plus confortable, nous viendrons vous chercher \u00e0 votre h\u00f4tel ou lieu de votre choix dans la ville. Tout d&#8217;abord, nous organiserons cette prise en charge priv\u00e9e dans notre v\u00e9hicule de luxe. Nous nous dirigerons ensuite vers les points les plus importants de la ville de Barcelone.<\/p>\n<p>Voici quelques exemples de monuments et sites que vous aurez la chance de voir. Nous pouvons organiser des arr\u00eats photo et vous pouvez aller vous promener seul vers les monuments. Notre chauffeur priv\u00e9 ne peut pas laisser le v\u00e9hicule sans surveillance et peut vous attendre mais ne peut pas s&#8217;approcher des monuments.<\/p>\n<p>Exemples de monuments que vous verrez:<\/p>\n<ul>\n<li>Las Ramblas<\/li>\n<li>Sagrada Familia<\/li>\n<li>Casa Batllo<\/li>\n<li>Paseo de Gracia<\/li>\n<li>La Pedrera<\/li>\n<li>Plage de la Barceloneta<\/li>\n<li>March\u00e9 de la Boqueria<\/li>\n<li>Vue du stade du Bar\u00e7a: Camp Nou<\/li>\n<li>Vue du parc Guell<\/li>\n<li>Montjuic<\/li>\n<li>Tibidabo<\/li>\n<li>Gr\u00e0cia<\/li>\n<li>Pla\u00e7a de Catalunya<\/li>\n<li>Beaucoup plus!<\/li>\n<\/ul>\n<p>Il s&#8217;agit d&#8217;une disposition enti\u00e8rement priv\u00e9e et notre chauffeur priv\u00e9 vous ram\u00e8nera \u00e0 votre h\u00f4tel \u00e0 Barcelone. Nous pouvons personnaliser l&#8217;itin\u00e9raire pour s&#8217;arr\u00eater aux endroits qui vous int\u00e9ressent le plus.<\/p>\n<p>Si vous \u00eates int\u00e9ress\u00e9 par une visite priv\u00e9e avec un guide officiel distinct, veuillez consulter nos visites ici!<\/p>\n","protected":false},"excerpt":{"rendered":"<p>Profitez de cette occasion pour profiter de cette fa\u00e7on confortable d&#8217;arriver \u00e0 votre destination finale. Vous disposerez de votre propre v\u00e9hicule de luxe priv\u00e9 avec chauffeur pour vous conduire rapidement et confortablement \u00e0 l&#8217;emplacement de votre choix. Nous proposons tous les types de dispositions priv\u00e9es dans la ville de Barcelone.<\/p>\n","protected":false},"featured_media":93577,"comment_status":"open","ping_status":"closed","template":"","meta":{"_acf_changed":false},"product_brand":[],"product_cat":[3538],"product_tag":[],"class_list":{"0":"post-93576","1":"product","2":"type-product","3":"status-publish","4":"has-post-thumbnail","6":"product_cat-barcelone-fr","8":"first","9":"instock","10":"shipping-taxable","11":"purchasable","12":"product-type-simple"},"acf":[],"yoast_head":"<!-- This site is optimized with the Yoast SEO Premium plugin v25.3.1 (Yoast SEO v25.3.1) - https:\/\/yoast.com\/wordpress\/plugins\/seo\/ -->\n<title>Voiture priv\u00e9e et chauffeur \u00e0 Barcelone - Visite priv\u00e9e de Barcelone<\/title>\n<meta name=\"description\" content=\"Voiture priv\u00e9e et chauffeur \u00e0 Barcelone. Moyen confortable d&#039;arriver \u00e0 votre destination finale. V\u00e9hicule de luxe priv\u00e9 avec chauffeur. Tout type de service priv\u00e9.\" \/>\n<meta name=\"robots\" content=\"index, follow, max-snippet:-1, max-image-preview:large, max-video-preview:-1\" \/>\n<link rel=\"canonical\" href=\"https:\/\/tourtravelandmore.com\/fr\/tours\/espagne-fr\/barcelone-fr\/voiture-privee-et-chauffeur-a-barcelone\/\" \/>\n<meta property=\"og:locale\" content=\"fr_FR\" \/>\n<meta property=\"og:type\" content=\"article\" \/>\n<meta property=\"og:title\" content=\"Voiture priv\u00e9e et chauffeur \u00e0 Barcelone\" \/>\n<meta property=\"og:description\" content=\"Voiture priv\u00e9e et chauffeur \u00e0 Barcelone. Moyen confortable d&#039;arriver \u00e0 votre destination finale. V\u00e9hicule de luxe priv\u00e9 avec chauffeur. Tout type de service priv\u00e9.\" \/>\n<meta property=\"og:url\" content=\"https:\/\/tourtravelandmore.com\/fr\/tours\/espagne-fr\/barcelone-fr\/voiture-privee-et-chauffeur-a-barcelone\/\" \/>\n<meta property=\"og:site_name\" content=\"Tour Travel And More\" \/>\n<meta property=\"article:publisher\" content=\"https:\/\/www.facebook.com\/tourtravelandmore\/\" \/>\n<meta property=\"og:image\" content=\"https:\/\/tourtravelandmore.com\/wp-content\/uploads\/2016\/10\/barcelona-wedding-transfer-3.jpg\" \/>\n\t<meta property=\"og:image:width\" content=\"1920\" \/>\n\t<meta property=\"og:image:height\" content=\"891\" \/>\n\t<meta property=\"og:image:type\" content=\"image\/jpeg\" \/>\n<meta name=\"twitter:card\" content=\"summary_large_image\" \/>\n<meta name=\"twitter:site\" content=\"@TourTravel_More\" \/>\n<meta name=\"twitter:label1\" content=\"Dur\u00e9e de lecture estim\u00e9e\" \/>\n\t<meta name=\"twitter:data1\" content=\"3 minutes\" \/>\n<script type=\"application\/ld+json\" class=\"yoast-schema-graph\">{\"@context\":\"https:\/\/schema.org\",\"@graph\":[{\"@type\":\"WebPage\",\"@id\":\"https:\/\/tourtravelandmore.com\/fr\/tours\/espagne-fr\/barcelone-fr\/voiture-privee-et-chauffeur-a-barcelone\/\",\"url\":\"https:\/\/tourtravelandmore.com\/fr\/tours\/espagne-fr\/barcelone-fr\/voiture-privee-et-chauffeur-a-barcelone\/\",\"name\":\"Voiture priv\u00e9e et chauffeur \u00e0 Barcelone - Visite priv\u00e9e de Barcelone\",\"isPartOf\":{\"@id\":\"https:\/\/tourtravelandmore.com\/fr\/#website\"},\"primaryImageOfPage\":{\"@id\":\"https:\/\/tourtravelandmore.com\/fr\/tours\/espagne-fr\/barcelone-fr\/voiture-privee-et-chauffeur-a-barcelone\/#primaryimage\"},\"image\":{\"@id\":\"https:\/\/tourtravelandmore.com\/fr\/tours\/espagne-fr\/barcelone-fr\/voiture-privee-et-chauffeur-a-barcelone\/#primaryimage\"},\"thumbnailUrl\":\"https:\/\/tourtravelandmore.com\/wp-content\/uploads\/2016\/10\/barcelona-wedding-transfer-3.jpg\",\"datePublished\":\"2016-10-20T09:26:00+00:00\",\"description\":\"Voiture priv\u00e9e et chauffeur \u00e0 Barcelone. Moyen confortable d'arriver \u00e0 votre destination finale. V\u00e9hicule de luxe priv\u00e9 avec chauffeur. Tout type de service priv\u00e9.\",\"breadcrumb\":{\"@id\":\"https:\/\/tourtravelandmore.com\/fr\/tours\/espagne-fr\/barcelone-fr\/voiture-privee-et-chauffeur-a-barcelone\/#breadcrumb\"},\"inLanguage\":\"fr-FR\",\"potentialAction\":[{\"@type\":\"ReadAction\",\"target\":[\"https:\/\/tourtravelandmore.com\/fr\/tours\/espagne-fr\/barcelone-fr\/voiture-privee-et-chauffeur-a-barcelone\/\"]}]},{\"@type\":\"ImageObject\",\"inLanguage\":\"fr-FR\",\"@id\":\"https:\/\/tourtravelandmore.com\/fr\/tours\/espagne-fr\/barcelone-fr\/voiture-privee-et-chauffeur-a-barcelone\/#primaryimage\",\"url\":\"https:\/\/tourtravelandmore.com\/wp-content\/uploads\/2016\/10\/barcelona-wedding-transfer-3.jpg\",\"contentUrl\":\"https:\/\/tourtravelandmore.com\/wp-content\/uploads\/2016\/10\/barcelona-wedding-transfer-3.jpg\",\"width\":1920,\"height\":891,\"caption\":\"BRABUS Upgrades - Mercedes AMG S-Class\"},{\"@type\":\"BreadcrumbList\",\"@id\":\"https:\/\/tourtravelandmore.com\/fr\/tours\/espagne-fr\/barcelone-fr\/voiture-privee-et-chauffeur-a-barcelone\/#breadcrumb\",\"itemListElement\":[{\"@type\":\"ListItem\",\"position\":1,\"name\":\"Home\",\"item\":\"https:\/\/tourtravelandmore.com\/fr\/\"},{\"@type\":\"ListItem\",\"position\":2,\"name\":\"Tours\",\"item\":\"https:\/\/tourtravelandmore.com\/fr\/tours\/\"},{\"@type\":\"ListItem\",\"position\":3,\"name\":\"Voiture priv\u00e9e et chauffeur \u00e0 Barcelone\"}]},{\"@type\":\"WebSite\",\"@id\":\"https:\/\/tourtravelandmore.com\/fr\/#website\",\"url\":\"https:\/\/tourtravelandmore.com\/fr\/\",\"name\":\"Tour Travel And More\",\"description\":\"Private sightseeing tours and luxury transfers in Spain\",\"publisher\":{\"@id\":\"https:\/\/tourtravelandmore.com\/fr\/#organization\"},\"potentialAction\":[{\"@type\":\"SearchAction\",\"target\":{\"@type\":\"EntryPoint\",\"urlTemplate\":\"https:\/\/tourtravelandmore.com\/fr\/?s={search_term_string}\"},\"query-input\":{\"@type\":\"PropertyValueSpecification\",\"valueRequired\":true,\"valueName\":\"search_term_string\"}}],\"inLanguage\":\"fr-FR\"},{\"@type\":\"Organization\",\"@id\":\"https:\/\/tourtravelandmore.com\/fr\/#organization\",\"name\":\"Tour Travel And More\",\"url\":\"https:\/\/tourtravelandmore.com\/fr\/\",\"logo\":{\"@type\":\"ImageObject\",\"inLanguage\":\"fr-FR\",\"@id\":\"https:\/\/tourtravelandmore.com\/fr\/#\/schema\/logo\/image\/\",\"url\":\"https:\/\/tourtravelandmore.com\/wp-content\/uploads\/2022\/12\/cropped-logo-cabecera-new.png\",\"contentUrl\":\"https:\/\/tourtravelandmore.com\/wp-content\/uploads\/2022\/12\/cropped-logo-cabecera-new.png\",\"width\":430,\"height\":61,\"caption\":\"Tour Travel And More\"},\"image\":{\"@id\":\"https:\/\/tourtravelandmore.com\/fr\/#\/schema\/logo\/image\/\"},\"sameAs\":[\"https:\/\/www.facebook.com\/tourtravelandmore\/\",\"https:\/\/x.com\/TourTravel_More\"]}]}<\/script>\n<!-- \/ Yoast SEO Premium plugin. -->","yoast_head_json":{"title":"Voiture priv\u00e9e et chauffeur \u00e0 Barcelone - Visite priv\u00e9e de Barcelone","description":"Voiture priv\u00e9e et chauffeur \u00e0 Barcelone. Moyen confortable d'arriver \u00e0 votre destination finale. V\u00e9hicule de luxe priv\u00e9 avec chauffeur. Tout type de service priv\u00e9.","robots":{"index":"index","follow":"follow","max-snippet":"max-snippet:-1","max-image-preview":"max-image-preview:large","max-video-preview":"max-video-preview:-1"},"canonical":"https:\/\/tourtravelandmore.com\/fr\/tours\/espagne-fr\/barcelone-fr\/voiture-privee-et-chauffeur-a-barcelone\/","og_locale":"fr_FR","og_type":"article","og_title":"Voiture priv\u00e9e et chauffeur \u00e0 Barcelone","og_description":"Voiture priv\u00e9e et chauffeur \u00e0 Barcelone. Moyen confortable d'arriver \u00e0 votre destination finale. V\u00e9hicule de luxe priv\u00e9 avec chauffeur. Tout type de service priv\u00e9.","og_url":"https:\/\/tourtravelandmore.com\/fr\/tours\/espagne-fr\/barcelone-fr\/voiture-privee-et-chauffeur-a-barcelone\/","og_site_name":"Tour Travel And More","article_publisher":"https:\/\/www.facebook.com\/tourtravelandmore\/","og_image":[{"width":1920,"height":891,"url":"https:\/\/tourtravelandmore.com\/wp-content\/uploads\/2016\/10\/barcelona-wedding-transfer-3.jpg","type":"image\/jpeg"}],"twitter_card":"summary_large_image","twitter_site":"@TourTravel_More","twitter_misc":{"Dur\u00e9e de lecture estim\u00e9e":"3 minutes"},"schema":{"@context":"https:\/\/schema.org","@graph":[{"@type":"WebPage","@id":"https:\/\/tourtravelandmore.com\/fr\/tours\/espagne-fr\/barcelone-fr\/voiture-privee-et-chauffeur-a-barcelone\/","url":"https:\/\/tourtravelandmore.com\/fr\/tours\/espagne-fr\/barcelone-fr\/voiture-privee-et-chauffeur-a-barcelone\/","name":"Voiture priv\u00e9e et chauffeur \u00e0 Barcelone - Visite priv\u00e9e de Barcelone","isPartOf":{"@id":"https:\/\/tourtravelandmore.com\/fr\/#website"},"primaryImageOfPage":{"@id":"https:\/\/tourtravelandmore.com\/fr\/tours\/espagne-fr\/barcelone-fr\/voiture-privee-et-chauffeur-a-barcelone\/#primaryimage"},"image":{"@id":"https:\/\/tourtravelandmore.com\/fr\/tours\/espagne-fr\/barcelone-fr\/voiture-privee-et-chauffeur-a-barcelone\/#primaryimage"},"thumbnailUrl":"https:\/\/tourtravelandmore.com\/wp-content\/uploads\/2016\/10\/barcelona-wedding-transfer-3.jpg","datePublished":"2016-10-20T09:26:00+00:00","description":"Voiture priv\u00e9e et chauffeur \u00e0 Barcelone. Moyen confortable d'arriver \u00e0 votre destination finale. V\u00e9hicule de luxe priv\u00e9 avec chauffeur. Tout type de service priv\u00e9.","breadcrumb":{"@id":"https:\/\/tourtravelandmore.com\/fr\/tours\/espagne-fr\/barcelone-fr\/voiture-privee-et-chauffeur-a-barcelone\/#breadcrumb"},"inLanguage":"fr-FR","potentialAction":[{"@type":"ReadAction","target":["https:\/\/tourtravelandmore.com\/fr\/tours\/espagne-fr\/barcelone-fr\/voiture-privee-et-chauffeur-a-barcelone\/"]}]},{"@type":"ImageObject","inLanguage":"fr-FR","@id":"https:\/\/tourtravelandmore.com\/fr\/tours\/espagne-fr\/barcelone-fr\/voiture-privee-et-chauffeur-a-barcelone\/#primaryimage","url":"https:\/\/tourtravelandmore.com\/wp-content\/uploads\/2016\/10\/barcelona-wedding-transfer-3.jpg","contentUrl":"https:\/\/tourtravelandmore.com\/wp-content\/uploads\/2016\/10\/barcelona-wedding-transfer-3.jpg","width":1920,"height":891,"caption":"BRABUS Upgrades - Mercedes AMG S-Class"},{"@type":"BreadcrumbList","@id":"https:\/\/tourtravelandmore.com\/fr\/tours\/espagne-fr\/barcelone-fr\/voiture-privee-et-chauffeur-a-barcelone\/#breadcrumb","itemListElement":[{"@type":"ListItem","position":1,"name":"Home","item":"https:\/\/tourtravelandmore.com\/fr\/"},{"@type":"ListItem","position":2,"name":"Tours","item":"https:\/\/tourtravelandmore.com\/fr\/tours\/"},{"@type":"ListItem","position":3,"name":"Voiture priv\u00e9e et chauffeur \u00e0 Barcelone"}]},{"@type":"WebSite","@id":"https:\/\/tourtravelandmore.com\/fr\/#website","url":"https:\/\/tourtravelandmore.com\/fr\/","name":"Tour Travel And More","description":"Private sightseeing tours and luxury transfers in Spain","publisher":{"@id":"https:\/\/tourtravelandmore.com\/fr\/#organization"},"potentialAction":[{"@type":"SearchAction","target":{"@type":"EntryPoint","urlTemplate":"https:\/\/tourtravelandmore.com\/fr\/?s={search_term_string}"},"query-input":{"@type":"PropertyValueSpecification","valueRequired":true,"valueName":"search_term_string"}}],"inLanguage":"fr-FR"},{"@type":"Organization","@id":"https:\/\/tourtravelandmore.com\/fr\/#organization","name":"Tour Travel And More","url":"https:\/\/tourtravelandmore.com\/fr\/","logo":{"@type":"ImageObject","inLanguage":"fr-FR","@id":"https:\/\/tourtravelandmore.com\/fr\/#\/schema\/logo\/image\/","url":"https:\/\/tourtravelandmore.com\/wp-content\/uploads\/2022\/12\/cropped-logo-cabecera-new.png","contentUrl":"https:\/\/tourtravelandmore.com\/wp-content\/uploads\/2022\/12\/cropped-logo-cabecera-new.png","width":430,"height":61,"caption":"Tour Travel And More"},"image":{"@id":"https:\/\/tourtravelandmore.com\/fr\/#\/schema\/logo\/image\/"},"sameAs":["https:\/\/www.facebook.com\/tourtravelandmore\/","https:\/\/x.com\/TourTravel_More"]}]}},"_links":{"self":[{"href":"https:\/\/tourtravelandmore.com\/fr\/wp-json\/wp\/v2\/product\/93576","targetHints":{"allow":["GET"]}}],"collection":[{"href":"https:\/\/tourtravelandmore.com\/fr\/wp-json\/wp\/v2\/product"}],"about":[{"href":"https:\/\/tourtravelandmore.com\/fr\/wp-json\/wp\/v2\/types\/product"}],"replies":[{"embeddable":true,"href":"https:\/\/tourtravelandmore.com\/fr\/wp-json\/wp\/v2\/comments?post=93576"}],"wp:featuredmedia":[{"embeddable":true,"href":"https:\/\/tourtravelandmore.com\/fr\/wp-json\/wp\/v2\/media\/93577"}],"wp:attachment":[{"href":"https:\/\/tourtravelandmore.com\/fr\/wp-json\/wp\/v2\/media?parent=93576"}],"wp:term":[{"taxonomy":"product_brand","embeddable":true,"href":"https:\/\/tourtravelandmore.com\/fr\/wp-json\/wp\/v2\/product_brand?post=93576"},{"taxonomy":"product_cat","embeddable":true,"href":"https:\/\/tourtravelandmore.com\/fr\/wp-json\/wp\/v2\/product_cat?post=93576"},{"taxonomy":"product_tag","embeddable":true,"href":"https:\/\/tourtravelandmore.com\/fr\/wp-json\/wp\/v2\/product_tag?post=93576"}],"curies":[{"name":"wp","href":"https:\/\/api.w.org\/{rel}","templated":true}]}}