{"id":93564,"date":"2016-10-20T10:46:42","date_gmt":"2016-10-20T08:46:42","guid":{"rendered":"https:\/\/tourtravelandmore.com\/tours\/non class\u00e9\/visite-privee-de-dali-au-depart-de-barcelone\/"},"modified":"2016-10-20T10:46:42","modified_gmt":"2016-10-20T08:46:42","slug":"visite-privee-de-dali-au-depart-de-barcelone","status":"publish","type":"product","link":"https:\/\/tourtravelandmore.com\/fr\/tours\/espagne-fr\/barcelone-fr\/visite-privee-de-dali-au-depart-de-barcelone\/","title":{"rendered":"Visite priv\u00e9e de Dali au d\u00e9part de Barcelone"},"content":{"rendered":"<h2>La description<\/h2>\n<p>Apprenons \u00e0 conna\u00eetre Figueras et le magnifique mus\u00e9e Dali. Profitez de cette visite priv\u00e9e de 6 heures \u00e0 Dali au d\u00e9part de Barcelone.<\/p>\n<p>Cette visite d\u00e9butera par une prise en charge confortable depuis votre h\u00f4tel de Barcelone. Une fois votre v\u00e9hicule de luxe priv\u00e9 avec chauffeur venu vous chercher, nous nous dirigerons vers le mus\u00e9e Dali \u00e0 Figueras.<\/p>\n<p>Tout d&#8217;abord, vous profiterez d&#8217;une balade confortable pendant un peu moins de 2 heures jusqu&#8217;\u00e0 ce que nous atteignions Figueras. Une fois \u00e0 Figueras, nous nous dirigerons vers le mus\u00e9e Dali. \u00c0 votre arriv\u00e9e au mus\u00e9e Dali, vous rencontrerez votre guide officiel priv\u00e9. Votre guide priv\u00e9 officiel est \u00e0 votre disposition pendant la visite guid\u00e9e de 2 heures du mus\u00e9e.<\/p>\n<p>En cons\u00e9quence, vous apprendrez et profiterez du meilleur du mus\u00e9e Dali.<\/p>\n<p>Enfin, notre chauffeur priv\u00e9 vous ram\u00e8nera \u00e0 Barcelone dans votre propre v\u00e9hicule de luxe priv\u00e9.<\/p>\n<p>C&#8217;est une exp\u00e9rience d&#8217;une demi-journ\u00e9e, 6 heures. Si vous avez plus de temps, consultez notre excursion d&#8217;une journ\u00e9e \u00e0 Dali et Cadaques!<\/p>\n<h2>Sites d&#8217;int\u00e9r\u00eat et monuments<\/h2>\n<p>Comme toutes nos visites priv\u00e9es, nous commencerons par une prise en charge confortable et s\u00fbre.<\/p>\n<p>La visite d\u00e9butera par une prise en charge \u00e0 votre h\u00f4tel ou lieu de votre choix \u00e0 Barcelone et se dirigera vers le mus\u00e9e Dali \u00e0 Figueras. Nous pouvons organiser une prise en charge depuis le port de croisi\u00e8re ou l&#8217;a\u00e9roport si vous pr\u00e9f\u00e9rez.<\/p>\n<p>Le mus\u00e9e Dali est un mus\u00e9e d\u00e9di\u00e9 uniquement \u00e0 Salvador Dali. Il est situ\u00e9 \u00e0 Figueras. Figueras est sa ville natale. C&#8217;est un mus\u00e9e tr\u00e8s populaire qui re\u00e7oit plus d&#8217;un million de visites par an!<\/p>\n<p>Dans ce mus\u00e9e Dali, vous pourrez profiter de la partie la plus grande et la plus diversifi\u00e9e des \u0153uvres d&#8217;art de Dali. Vous aurez \u00e9galement une vue sur sa collection personnelle! Il y a aussi une petite partie du mus\u00e9e consacr\u00e9e \u00e0 d&#8217;autres peintres et artistes mais les parties principales du mus\u00e9e sont de Salvador Dali.<\/p>\n<p>L&#8217;une des \u0153uvres d&#8217;art les plus c\u00e9l\u00e8bres de Dali est le visage de Mae West. Vous aurez la chance de voir cela dans ce mus\u00e9e Dali!<\/p>\n<p>En conclusion, si vous \u00eates amateur d&#8217;art ou passionn\u00e9 de Dali, ne manquez pas cette occasion de d\u00e9couvrir Figueras et le mus\u00e9e Dali!<\/p>\n","protected":false},"excerpt":{"rendered":"<p>Profitez de cette occasion pour profiter du fantastique mus\u00e9e Dali, situ\u00e9 \u00e0 Figueras, au cours de cette visite priv\u00e9e de 4 heures avec votre propre guide priv\u00e9 \u00e0 Figueras pendant 2 heures et un v\u00e9hicule de luxe priv\u00e9 avec chauffeur \/ guide pendant toute la dur\u00e9e de la visite. D\u00e9couvrez certaines des \u0153uvres d&#8217;art les plus embl\u00e9matiques de Dali ainsi que la ville de Figueras.<\/p>\n","protected":false},"featured_media":93565,"comment_status":"open","ping_status":"closed","template":"","meta":{"_acf_changed":false},"product_brand":[],"product_cat":[3538],"product_tag":[],"class_list":{"0":"post-93564","1":"product","2":"type-product","3":"status-publish","4":"has-post-thumbnail","6":"product_cat-barcelone-fr","8":"first","9":"instock","10":"shipping-taxable","11":"purchasable","12":"product-type-simple"},"acf":[],"yoast_head":"<!-- This site is optimized with the Yoast SEO Premium plugin v25.3.1 (Yoast SEO v25.3.1) - https:\/\/yoast.com\/wordpress\/plugins\/seo\/ -->\n<title>Visite priv\u00e9e de Dali au d\u00e9part de Barcelone - V\u00e9hicule de luxe et guide s\u00e9par\u00e9<\/title>\n<meta name=\"description\" content=\"Profitez de cette visite priv\u00e9e de Dali au d\u00e9part de Barcelone et apprenez \u00e0 conna\u00eetre Figueras avec votre propre guide touristique officiel priv\u00e9 et un v\u00e9hicule de luxe priv\u00e9 avec chauffeur.\" \/>\n<meta name=\"robots\" content=\"index, follow, max-snippet:-1, max-image-preview:large, max-video-preview:-1\" \/>\n<link rel=\"canonical\" href=\"https:\/\/tourtravelandmore.com\/fr\/tours\/espagne-fr\/barcelone-fr\/visite-privee-de-dali-au-depart-de-barcelone\/\" \/>\n<meta property=\"og:locale\" content=\"fr_FR\" \/>\n<meta property=\"og:type\" content=\"article\" \/>\n<meta property=\"og:title\" content=\"Visite priv\u00e9e de Dali au d\u00e9part de Barcelone\" \/>\n<meta property=\"og:description\" content=\"Profitez de cette visite priv\u00e9e de Dali au d\u00e9part de Barcelone et apprenez \u00e0 conna\u00eetre Figueras avec votre propre guide touristique officiel priv\u00e9 et un v\u00e9hicule de luxe priv\u00e9 avec chauffeur.\" \/>\n<meta property=\"og:url\" content=\"https:\/\/tourtravelandmore.com\/fr\/tours\/espagne-fr\/barcelone-fr\/visite-privee-de-dali-au-depart-de-barcelone\/\" \/>\n<meta property=\"og:site_name\" content=\"Tour Travel And More\" \/>\n<meta property=\"article:publisher\" content=\"https:\/\/www.facebook.com\/tourtravelandmore\/\" \/>\n<meta property=\"og:image\" content=\"https:\/\/tourtravelandmore.com\/wp-content\/uploads\/2016\/10\/barcelona-tour-dali.jpg\" \/>\n\t<meta property=\"og:image:width\" content=\"928\" \/>\n\t<meta property=\"og:image:height\" content=\"970\" \/>\n\t<meta property=\"og:image:type\" content=\"image\/jpeg\" \/>\n<meta name=\"twitter:card\" content=\"summary_large_image\" \/>\n<meta name=\"twitter:site\" content=\"@TourTravel_More\" \/>\n<meta name=\"twitter:label1\" content=\"Dur\u00e9e de lecture estim\u00e9e\" \/>\n\t<meta name=\"twitter:data1\" content=\"2 minutes\" \/>\n<script type=\"application\/ld+json\" class=\"yoast-schema-graph\">{\"@context\":\"https:\/\/schema.org\",\"@graph\":[{\"@type\":\"WebPage\",\"@id\":\"https:\/\/tourtravelandmore.com\/fr\/tours\/espagne-fr\/barcelone-fr\/visite-privee-de-dali-au-depart-de-barcelone\/\",\"url\":\"https:\/\/tourtravelandmore.com\/fr\/tours\/espagne-fr\/barcelone-fr\/visite-privee-de-dali-au-depart-de-barcelone\/\",\"name\":\"Visite priv\u00e9e de Dali au d\u00e9part de Barcelone - V\u00e9hicule de luxe et guide s\u00e9par\u00e9\",\"isPartOf\":{\"@id\":\"https:\/\/tourtravelandmore.com\/fr\/#website\"},\"primaryImageOfPage\":{\"@id\":\"https:\/\/tourtravelandmore.com\/fr\/tours\/espagne-fr\/barcelone-fr\/visite-privee-de-dali-au-depart-de-barcelone\/#primaryimage\"},\"image\":{\"@id\":\"https:\/\/tourtravelandmore.com\/fr\/tours\/espagne-fr\/barcelone-fr\/visite-privee-de-dali-au-depart-de-barcelone\/#primaryimage\"},\"thumbnailUrl\":\"https:\/\/tourtravelandmore.com\/wp-content\/uploads\/2016\/10\/barcelona-tour-dali.jpg\",\"datePublished\":\"2016-10-20T08:46:42+00:00\",\"description\":\"Profitez de cette visite priv\u00e9e de Dali au d\u00e9part de Barcelone et apprenez \u00e0 conna\u00eetre Figueras avec votre propre guide touristique officiel priv\u00e9 et un v\u00e9hicule de luxe priv\u00e9 avec chauffeur.\",\"breadcrumb\":{\"@id\":\"https:\/\/tourtravelandmore.com\/fr\/tours\/espagne-fr\/barcelone-fr\/visite-privee-de-dali-au-depart-de-barcelone\/#breadcrumb\"},\"inLanguage\":\"fr-FR\",\"potentialAction\":[{\"@type\":\"ReadAction\",\"target\":[\"https:\/\/tourtravelandmore.com\/fr\/tours\/espagne-fr\/barcelone-fr\/visite-privee-de-dali-au-depart-de-barcelone\/\"]}]},{\"@type\":\"ImageObject\",\"inLanguage\":\"fr-FR\",\"@id\":\"https:\/\/tourtravelandmore.com\/fr\/tours\/espagne-fr\/barcelone-fr\/visite-privee-de-dali-au-depart-de-barcelone\/#primaryimage\",\"url\":\"https:\/\/tourtravelandmore.com\/wp-content\/uploads\/2016\/10\/barcelona-tour-dali.jpg\",\"contentUrl\":\"https:\/\/tourtravelandmore.com\/wp-content\/uploads\/2016\/10\/barcelona-tour-dali.jpg\",\"width\":928,\"height\":970},{\"@type\":\"BreadcrumbList\",\"@id\":\"https:\/\/tourtravelandmore.com\/fr\/tours\/espagne-fr\/barcelone-fr\/visite-privee-de-dali-au-depart-de-barcelone\/#breadcrumb\",\"itemListElement\":[{\"@type\":\"ListItem\",\"position\":1,\"name\":\"Home\",\"item\":\"https:\/\/tourtravelandmore.com\/fr\/\"},{\"@type\":\"ListItem\",\"position\":2,\"name\":\"Tours\",\"item\":\"https:\/\/tourtravelandmore.com\/fr\/tours\/\"},{\"@type\":\"ListItem\",\"position\":3,\"name\":\"Visite priv\u00e9e de Dali au d\u00e9part de Barcelone\"}]},{\"@type\":\"WebSite\",\"@id\":\"https:\/\/tourtravelandmore.com\/fr\/#website\",\"url\":\"https:\/\/tourtravelandmore.com\/fr\/\",\"name\":\"Tour Travel And More\",\"description\":\"Private sightseeing tours and luxury transfers in Spain\",\"publisher\":{\"@id\":\"https:\/\/tourtravelandmore.com\/fr\/#organization\"},\"potentialAction\":[{\"@type\":\"SearchAction\",\"target\":{\"@type\":\"EntryPoint\",\"urlTemplate\":\"https:\/\/tourtravelandmore.com\/fr\/?s={search_term_string}\"},\"query-input\":{\"@type\":\"PropertyValueSpecification\",\"valueRequired\":true,\"valueName\":\"search_term_string\"}}],\"inLanguage\":\"fr-FR\"},{\"@type\":\"Organization\",\"@id\":\"https:\/\/tourtravelandmore.com\/fr\/#organization\",\"name\":\"Tour Travel And More\",\"url\":\"https:\/\/tourtravelandmore.com\/fr\/\",\"logo\":{\"@type\":\"ImageObject\",\"inLanguage\":\"fr-FR\",\"@id\":\"https:\/\/tourtravelandmore.com\/fr\/#\/schema\/logo\/image\/\",\"url\":\"https:\/\/tourtravelandmore.com\/wp-content\/uploads\/2022\/12\/cropped-logo-cabecera-new.png\",\"contentUrl\":\"https:\/\/tourtravelandmore.com\/wp-content\/uploads\/2022\/12\/cropped-logo-cabecera-new.png\",\"width\":430,\"height\":61,\"caption\":\"Tour Travel And More\"},\"image\":{\"@id\":\"https:\/\/tourtravelandmore.com\/fr\/#\/schema\/logo\/image\/\"},\"sameAs\":[\"https:\/\/www.facebook.com\/tourtravelandmore\/\",\"https:\/\/x.com\/TourTravel_More\"]}]}<\/script>\n<!-- \/ Yoast SEO Premium plugin. -->","yoast_head_json":{"title":"Visite priv\u00e9e de Dali au d\u00e9part de Barcelone - V\u00e9hicule de luxe et guide s\u00e9par\u00e9","description":"Profitez de cette visite priv\u00e9e de Dali au d\u00e9part de Barcelone et apprenez \u00e0 conna\u00eetre Figueras avec votre propre guide touristique officiel priv\u00e9 et un v\u00e9hicule de luxe priv\u00e9 avec chauffeur.","robots":{"index":"index","follow":"follow","max-snippet":"max-snippet:-1","max-image-preview":"max-image-preview:large","max-video-preview":"max-video-preview:-1"},"canonical":"https:\/\/tourtravelandmore.com\/fr\/tours\/espagne-fr\/barcelone-fr\/visite-privee-de-dali-au-depart-de-barcelone\/","og_locale":"fr_FR","og_type":"article","og_title":"Visite priv\u00e9e de Dali au d\u00e9part de Barcelone","og_description":"Profitez de cette visite priv\u00e9e de Dali au d\u00e9part de Barcelone et apprenez \u00e0 conna\u00eetre Figueras avec votre propre guide touristique officiel priv\u00e9 et un v\u00e9hicule de luxe priv\u00e9 avec chauffeur.","og_url":"https:\/\/tourtravelandmore.com\/fr\/tours\/espagne-fr\/barcelone-fr\/visite-privee-de-dali-au-depart-de-barcelone\/","og_site_name":"Tour Travel And More","article_publisher":"https:\/\/www.facebook.com\/tourtravelandmore\/","og_image":[{"width":928,"height":970,"url":"https:\/\/tourtravelandmore.com\/wp-content\/uploads\/2016\/10\/barcelona-tour-dali.jpg","type":"image\/jpeg"}],"twitter_card":"summary_large_image","twitter_site":"@TourTravel_More","twitter_misc":{"Dur\u00e9e de lecture estim\u00e9e":"2 minutes"},"schema":{"@context":"https:\/\/schema.org","@graph":[{"@type":"WebPage","@id":"https:\/\/tourtravelandmore.com\/fr\/tours\/espagne-fr\/barcelone-fr\/visite-privee-de-dali-au-depart-de-barcelone\/","url":"https:\/\/tourtravelandmore.com\/fr\/tours\/espagne-fr\/barcelone-fr\/visite-privee-de-dali-au-depart-de-barcelone\/","name":"Visite priv\u00e9e de Dali au d\u00e9part de Barcelone - V\u00e9hicule de luxe et guide s\u00e9par\u00e9","isPartOf":{"@id":"https:\/\/tourtravelandmore.com\/fr\/#website"},"primaryImageOfPage":{"@id":"https:\/\/tourtravelandmore.com\/fr\/tours\/espagne-fr\/barcelone-fr\/visite-privee-de-dali-au-depart-de-barcelone\/#primaryimage"},"image":{"@id":"https:\/\/tourtravelandmore.com\/fr\/tours\/espagne-fr\/barcelone-fr\/visite-privee-de-dali-au-depart-de-barcelone\/#primaryimage"},"thumbnailUrl":"https:\/\/tourtravelandmore.com\/wp-content\/uploads\/2016\/10\/barcelona-tour-dali.jpg","datePublished":"2016-10-20T08:46:42+00:00","description":"Profitez de cette visite priv\u00e9e de Dali au d\u00e9part de Barcelone et apprenez \u00e0 conna\u00eetre Figueras avec votre propre guide touristique officiel priv\u00e9 et un v\u00e9hicule de luxe priv\u00e9 avec chauffeur.","breadcrumb":{"@id":"https:\/\/tourtravelandmore.com\/fr\/tours\/espagne-fr\/barcelone-fr\/visite-privee-de-dali-au-depart-de-barcelone\/#breadcrumb"},"inLanguage":"fr-FR","potentialAction":[{"@type":"ReadAction","target":["https:\/\/tourtravelandmore.com\/fr\/tours\/espagne-fr\/barcelone-fr\/visite-privee-de-dali-au-depart-de-barcelone\/"]}]},{"@type":"ImageObject","inLanguage":"fr-FR","@id":"https:\/\/tourtravelandmore.com\/fr\/tours\/espagne-fr\/barcelone-fr\/visite-privee-de-dali-au-depart-de-barcelone\/#primaryimage","url":"https:\/\/tourtravelandmore.com\/wp-content\/uploads\/2016\/10\/barcelona-tour-dali.jpg","contentUrl":"https:\/\/tourtravelandmore.com\/wp-content\/uploads\/2016\/10\/barcelona-tour-dali.jpg","width":928,"height":970},{"@type":"BreadcrumbList","@id":"https:\/\/tourtravelandmore.com\/fr\/tours\/espagne-fr\/barcelone-fr\/visite-privee-de-dali-au-depart-de-barcelone\/#breadcrumb","itemListElement":[{"@type":"ListItem","position":1,"name":"Home","item":"https:\/\/tourtravelandmore.com\/fr\/"},{"@type":"ListItem","position":2,"name":"Tours","item":"https:\/\/tourtravelandmore.com\/fr\/tours\/"},{"@type":"ListItem","position":3,"name":"Visite priv\u00e9e de Dali au d\u00e9part de Barcelone"}]},{"@type":"WebSite","@id":"https:\/\/tourtravelandmore.com\/fr\/#website","url":"https:\/\/tourtravelandmore.com\/fr\/","name":"Tour Travel And More","description":"Private sightseeing tours and luxury transfers in Spain","publisher":{"@id":"https:\/\/tourtravelandmore.com\/fr\/#organization"},"potentialAction":[{"@type":"SearchAction","target":{"@type":"EntryPoint","urlTemplate":"https:\/\/tourtravelandmore.com\/fr\/?s={search_term_string}"},"query-input":{"@type":"PropertyValueSpecification","valueRequired":true,"valueName":"search_term_string"}}],"inLanguage":"fr-FR"},{"@type":"Organization","@id":"https:\/\/tourtravelandmore.com\/fr\/#organization","name":"Tour Travel And More","url":"https:\/\/tourtravelandmore.com\/fr\/","logo":{"@type":"ImageObject","inLanguage":"fr-FR","@id":"https:\/\/tourtravelandmore.com\/fr\/#\/schema\/logo\/image\/","url":"https:\/\/tourtravelandmore.com\/wp-content\/uploads\/2022\/12\/cropped-logo-cabecera-new.png","contentUrl":"https:\/\/tourtravelandmore.com\/wp-content\/uploads\/2022\/12\/cropped-logo-cabecera-new.png","width":430,"height":61,"caption":"Tour Travel And More"},"image":{"@id":"https:\/\/tourtravelandmore.com\/fr\/#\/schema\/logo\/image\/"},"sameAs":["https:\/\/www.facebook.com\/tourtravelandmore\/","https:\/\/x.com\/TourTravel_More"]}]}},"_links":{"self":[{"href":"https:\/\/tourtravelandmore.com\/fr\/wp-json\/wp\/v2\/product\/93564","targetHints":{"allow":["GET"]}}],"collection":[{"href":"https:\/\/tourtravelandmore.com\/fr\/wp-json\/wp\/v2\/product"}],"about":[{"href":"https:\/\/tourtravelandmore.com\/fr\/wp-json\/wp\/v2\/types\/product"}],"replies":[{"embeddable":true,"href":"https:\/\/tourtravelandmore.com\/fr\/wp-json\/wp\/v2\/comments?post=93564"}],"wp:featuredmedia":[{"embeddable":true,"href":"https:\/\/tourtravelandmore.com\/fr\/wp-json\/wp\/v2\/media\/93565"}],"wp:attachment":[{"href":"https:\/\/tourtravelandmore.com\/fr\/wp-json\/wp\/v2\/media?parent=93564"}],"wp:term":[{"taxonomy":"product_brand","embeddable":true,"href":"https:\/\/tourtravelandmore.com\/fr\/wp-json\/wp\/v2\/product_brand?post=93564"},{"taxonomy":"product_cat","embeddable":true,"href":"https:\/\/tourtravelandmore.com\/fr\/wp-json\/wp\/v2\/product_cat?post=93564"},{"taxonomy":"product_tag","embeddable":true,"href":"https:\/\/tourtravelandmore.com\/fr\/wp-json\/wp\/v2\/product_tag?post=93564"}],"curies":[{"name":"wp","href":"https:\/\/api.w.org\/{rel}","templated":true}]}}