{"id":93558,"date":"2016-10-21T12:47:18","date_gmt":"2016-10-21T10:47:18","guid":{"rendered":"https:\/\/tourtravelandmore.com\/tours\/non class\u00e9\/guide-touristique-prive-de-barcelone-avec-chauffeur\/"},"modified":"2016-10-21T12:47:18","modified_gmt":"2016-10-21T10:47:18","slug":"guide-touristique-prive-de-barcelone-avec-chauffeur","status":"publish","type":"product","link":"https:\/\/tourtravelandmore.com\/fr\/tours\/espagne-fr\/barcelone-fr\/guide-touristique-prive-de-barcelone-avec-chauffeur\/","title":{"rendered":"Guide touristique priv\u00e9 de Barcelone avec chauffeur"},"content":{"rendered":"<h2>La description<\/h2>\n<p>Profitez de cette visite priv\u00e9e avec votre guide priv\u00e9 \u00e0 Barcelone. Montez dans votre v\u00e9hicule de luxe avec chauffeur et votre guide priv\u00e9 s\u00e9par\u00e9 et dirigez-vous vers les sites les meilleurs et les plus importants de Barcelone.<\/p>\n<p>Cette proposition ci-dessous est notre best-seller avec 4 heures avec le v\u00e9hicule de luxe priv\u00e9 et 4 heures de marche. Cela signifie que la moiti\u00e9 de la visite est \u00e0 pied et la moiti\u00e9 de la visite est avec le v\u00e9hicule. Dans les deux cas, votre guide priv\u00e9 est avec vous toute la journ\u00e9e pendant votre visite priv\u00e9e. Nous avons \u00e9galement la possibilit\u00e9 d&#8217;organiser un v\u00e9hicule de luxe avec chauffeur ainsi que le guide s\u00e9par\u00e9 pour la journ\u00e9e compl\u00e8te.<\/p>\n<p>Tout d&#8217;abord, cette visite priv\u00e9e commencera \u00e0 partir de votre h\u00f4tel dans la ville de Barcelone. Si vous le souhaitez, la prise en charge peut \u00e9galement \u00eatre r\u00e9gl\u00e9e depuis le port de croisi\u00e8re ou l&#8217;a\u00e9roport. Faites simplement savoir \u00e0 nos experts en voyages et nous organiserons une exp\u00e9rience parfaite pour vous!<\/p>\n<p>Comme toutes nos visites, il s&#8217;agit d&#8217;une visite enti\u00e8rement priv\u00e9e. Nous sommes en mesure de le personnaliser pour vous. Par exemple: en ajoutant des billets d&#8217;entr\u00e9e, en ajoutant des heures suppl\u00e9mentaires de v\u00e9hicule, en organisant une visite plus courte, ou ce que vous voulez!<\/p>\n<p>Nos experts en voyages sont \u00e0 votre disposition d\u00e8s la r\u00e9ception de votre premier email. Nous sommes l\u00e0 pour cr\u00e9er une exp\u00e9rience unique pour vous.<\/p>\n<p>C&#8217;est une excellente visite si vous n&#8217;avez qu&#8217;une journ\u00e9e dans la ville. Ce circuit est \u00e9galement parfait pour une excursion \u00e0 terre! D\u00e9couvrez nos autres circuits ici!<\/p>\n<h2>Sites d&#8217;int\u00e9r\u00eat et monuments<\/h2>\n<p>Cette exp\u00e9rience d&#8217;une journ\u00e9e compl\u00e8te vous donnera la chance de conna\u00eetre le meilleur de Barcelone. Dans cet exemple, il y a une partie panoramique (avec arr\u00eats) ainsi qu&#8217;une exp\u00e9rience de marche.<\/p>\n<p>Tout d&#8217;abord, nous organiserons une prise en charge confortable et luxueuse depuis votre h\u00f4tel. Notre guide officiel priv\u00e9 et v\u00e9hicule de luxe vous attend pour commencer la visite. La premi\u00e8re partie de la visite sera une visite panoramique. Cela vous donnera la chance de conna\u00eetre les parties de la ville qui ne sont pas situ\u00e9es dans le centre-ville.<\/p>\n<p>Voici quelques exemples de sites dont vous pourrez profiter.<\/p>\n<ul>\n<li>Paseo de Gracia: l&#8217;une des avenues les plus c\u00e9l\u00e8bres et les plus luxueuses de la ville<\/li>\n<li>La Pedrera: \u00e9galement connue sous le nom de Casa Mila. L&#8217;un des beaux b\u00e2timents de Gaudi<\/li>\n<li>Casa Batllo: \u00e9galement par Antonio Gaudi<\/li>\n<li>Sagrada Familia: l&#8217;un des plus grands chefs-d&#8217;\u0153uvre inachev\u00e9s de Gaudi<\/li>\n<li>Plaza Espa\u00f1a<\/li>\n<li>Villa Olimpica<\/li>\n<li>Barceloneta: le magnifique bord de mer de cette ville unique<\/li>\n<li>Tour de Calatrava<\/li>\n<li>Las Ramblas: l&#8217;une des ic\u00f4nes de Barcelone. Un arr\u00eat photo incontournable!<\/li>\n<li>Plaza Catalunya: l&#8217;une des places de Barcelone qui s\u00e9pare l&#8217;ancienne Barcleona de l&#8217;Eixample<\/li>\n<li>Quartier gothique: vieille ville de Barcelone<\/li>\n<li>Beaucoup plus!<\/li>\n<\/ul>\n<p>Lors d&#8217;une visite priv\u00e9e de 8 heures, nous pouvons ajouter des billets d&#8217;entr\u00e9e aux monuments. Pour avoir une bonne id\u00e9e de la ville, nous vous recommandons d&#8217;ajouter un maximum de 3 billets d&#8217;entr\u00e9e aux monuments pour pouvoir \u00e9galement profiter du reste de la ville. Contactez nos experts en voyages pour plus d&#8217;informations!<\/p>\n","protected":false},"excerpt":{"rendered":"<p>Enjoy this completely personalized <strong>private tour of Barcelona<\/strong> and enjoy their most important monuments and sights. Take this opportunity to get to know Barcelona in this complete experience with your own private official tour guide and private vehicle with chauffeur. Get to personalize your own experience. Don\u2019t miss monuments and sights like <strong>La Barceloneta<\/strong>, <strong>Casa Battl\u00f3<\/strong>, <strong>La Pedrera<\/strong> and so much more!<\/p>\n","protected":false},"featured_media":93531,"comment_status":"open","ping_status":"closed","template":"","meta":{"_acf_changed":false},"product_brand":[],"product_cat":[3538],"product_tag":[],"class_list":{"0":"post-93558","1":"product","2":"type-product","3":"status-publish","4":"has-post-thumbnail","6":"product_cat-barcelone-fr","8":"first","9":"instock","10":"shipping-taxable","11":"purchasable","12":"product-type-simple"},"acf":[],"yoast_head":"<!-- This site is optimized with the Yoast SEO Premium plugin v25.3.1 (Yoast SEO v25.3.1) - https:\/\/yoast.com\/wordpress\/plugins\/seo\/ -->\n<title>Guide priv\u00e9 Barcelone - Visite priv\u00e9e d&#039;une journ\u00e9e \u00e0 Barcelone<\/title>\n<meta name=\"description\" content=\"Apprenez \u00e0 conna\u00eetre Barcelone dans cette exp\u00e9rience compl\u00e8te avec votre propre guide officiel priv\u00e9 et v\u00e9hicule priv\u00e9 avec chauffeur.\" \/>\n<meta name=\"robots\" content=\"index, follow, max-snippet:-1, max-image-preview:large, max-video-preview:-1\" \/>\n<link rel=\"canonical\" href=\"https:\/\/tourtravelandmore.com\/fr\/tours\/espagne-fr\/barcelone-fr\/guide-touristique-prive-de-barcelone-avec-chauffeur\/\" \/>\n<meta property=\"og:locale\" content=\"fr_FR\" \/>\n<meta property=\"og:type\" content=\"article\" \/>\n<meta property=\"og:title\" content=\"Guide touristique priv\u00e9 de Barcelone avec chauffeur\" \/>\n<meta property=\"og:description\" content=\"Apprenez \u00e0 conna\u00eetre Barcelone dans cette exp\u00e9rience compl\u00e8te avec votre propre guide officiel priv\u00e9 et v\u00e9hicule priv\u00e9 avec chauffeur.\" \/>\n<meta property=\"og:url\" content=\"https:\/\/tourtravelandmore.com\/fr\/tours\/espagne-fr\/barcelone-fr\/guide-touristique-prive-de-barcelone-avec-chauffeur\/\" \/>\n<meta property=\"og:site_name\" content=\"Tour Travel And More\" \/>\n<meta property=\"article:publisher\" content=\"https:\/\/www.facebook.com\/tourtravelandmore\/\" \/>\n<meta property=\"og:image\" content=\"https:\/\/tourtravelandmore.com\/wp-content\/uploads\/2016\/10\/barcelona-walking-tour-7.jpg\" \/>\n\t<meta property=\"og:image:width\" content=\"920\" \/>\n\t<meta property=\"og:image:height\" content=\"853\" \/>\n\t<meta property=\"og:image:type\" content=\"image\/jpeg\" \/>\n<meta name=\"twitter:card\" content=\"summary_large_image\" \/>\n<meta name=\"twitter:site\" content=\"@TourTravel_More\" \/>\n<meta name=\"twitter:label1\" content=\"Dur\u00e9e de lecture estim\u00e9e\" \/>\n\t<meta name=\"twitter:data1\" content=\"3 minutes\" \/>\n<script type=\"application\/ld+json\" class=\"yoast-schema-graph\">{\"@context\":\"https:\/\/schema.org\",\"@graph\":[{\"@type\":\"WebPage\",\"@id\":\"https:\/\/tourtravelandmore.com\/fr\/tours\/espagne-fr\/barcelone-fr\/guide-touristique-prive-de-barcelone-avec-chauffeur\/\",\"url\":\"https:\/\/tourtravelandmore.com\/fr\/tours\/espagne-fr\/barcelone-fr\/guide-touristique-prive-de-barcelone-avec-chauffeur\/\",\"name\":\"Guide priv\u00e9 Barcelone - Visite priv\u00e9e d'une journ\u00e9e \u00e0 Barcelone\",\"isPartOf\":{\"@id\":\"https:\/\/tourtravelandmore.com\/fr\/#website\"},\"primaryImageOfPage\":{\"@id\":\"https:\/\/tourtravelandmore.com\/fr\/tours\/espagne-fr\/barcelone-fr\/guide-touristique-prive-de-barcelone-avec-chauffeur\/#primaryimage\"},\"image\":{\"@id\":\"https:\/\/tourtravelandmore.com\/fr\/tours\/espagne-fr\/barcelone-fr\/guide-touristique-prive-de-barcelone-avec-chauffeur\/#primaryimage\"},\"thumbnailUrl\":\"https:\/\/tourtravelandmore.com\/wp-content\/uploads\/2016\/10\/barcelona-walking-tour-7.jpg\",\"datePublished\":\"2016-10-21T10:47:18+00:00\",\"description\":\"Apprenez \u00e0 conna\u00eetre Barcelone dans cette exp\u00e9rience compl\u00e8te avec votre propre guide officiel priv\u00e9 et v\u00e9hicule priv\u00e9 avec chauffeur.\",\"breadcrumb\":{\"@id\":\"https:\/\/tourtravelandmore.com\/fr\/tours\/espagne-fr\/barcelone-fr\/guide-touristique-prive-de-barcelone-avec-chauffeur\/#breadcrumb\"},\"inLanguage\":\"fr-FR\",\"potentialAction\":[{\"@type\":\"ReadAction\",\"target\":[\"https:\/\/tourtravelandmore.com\/fr\/tours\/espagne-fr\/barcelone-fr\/guide-touristique-prive-de-barcelone-avec-chauffeur\/\"]}]},{\"@type\":\"ImageObject\",\"inLanguage\":\"fr-FR\",\"@id\":\"https:\/\/tourtravelandmore.com\/fr\/tours\/espagne-fr\/barcelone-fr\/guide-touristique-prive-de-barcelone-avec-chauffeur\/#primaryimage\",\"url\":\"https:\/\/tourtravelandmore.com\/wp-content\/uploads\/2016\/10\/barcelona-walking-tour-7.jpg\",\"contentUrl\":\"https:\/\/tourtravelandmore.com\/wp-content\/uploads\/2016\/10\/barcelona-walking-tour-7.jpg\",\"width\":920,\"height\":853},{\"@type\":\"BreadcrumbList\",\"@id\":\"https:\/\/tourtravelandmore.com\/fr\/tours\/espagne-fr\/barcelone-fr\/guide-touristique-prive-de-barcelone-avec-chauffeur\/#breadcrumb\",\"itemListElement\":[{\"@type\":\"ListItem\",\"position\":1,\"name\":\"Home\",\"item\":\"https:\/\/tourtravelandmore.com\/fr\/\"},{\"@type\":\"ListItem\",\"position\":2,\"name\":\"Tours\",\"item\":\"https:\/\/tourtravelandmore.com\/fr\/tours\/\"},{\"@type\":\"ListItem\",\"position\":3,\"name\":\"Guide touristique priv\u00e9 de Barcelone avec chauffeur\"}]},{\"@type\":\"WebSite\",\"@id\":\"https:\/\/tourtravelandmore.com\/fr\/#website\",\"url\":\"https:\/\/tourtravelandmore.com\/fr\/\",\"name\":\"Tour Travel And More\",\"description\":\"Private sightseeing tours and luxury transfers in Spain\",\"publisher\":{\"@id\":\"https:\/\/tourtravelandmore.com\/fr\/#organization\"},\"potentialAction\":[{\"@type\":\"SearchAction\",\"target\":{\"@type\":\"EntryPoint\",\"urlTemplate\":\"https:\/\/tourtravelandmore.com\/fr\/?s={search_term_string}\"},\"query-input\":{\"@type\":\"PropertyValueSpecification\",\"valueRequired\":true,\"valueName\":\"search_term_string\"}}],\"inLanguage\":\"fr-FR\"},{\"@type\":\"Organization\",\"@id\":\"https:\/\/tourtravelandmore.com\/fr\/#organization\",\"name\":\"Tour Travel And More\",\"url\":\"https:\/\/tourtravelandmore.com\/fr\/\",\"logo\":{\"@type\":\"ImageObject\",\"inLanguage\":\"fr-FR\",\"@id\":\"https:\/\/tourtravelandmore.com\/fr\/#\/schema\/logo\/image\/\",\"url\":\"https:\/\/tourtravelandmore.com\/wp-content\/uploads\/2022\/12\/cropped-logo-cabecera-new.png\",\"contentUrl\":\"https:\/\/tourtravelandmore.com\/wp-content\/uploads\/2022\/12\/cropped-logo-cabecera-new.png\",\"width\":430,\"height\":61,\"caption\":\"Tour Travel And More\"},\"image\":{\"@id\":\"https:\/\/tourtravelandmore.com\/fr\/#\/schema\/logo\/image\/\"},\"sameAs\":[\"https:\/\/www.facebook.com\/tourtravelandmore\/\",\"https:\/\/x.com\/TourTravel_More\"]}]}<\/script>\n<!-- \/ Yoast SEO Premium plugin. -->","yoast_head_json":{"title":"Guide priv\u00e9 Barcelone - Visite priv\u00e9e d'une journ\u00e9e \u00e0 Barcelone","description":"Apprenez \u00e0 conna\u00eetre Barcelone dans cette exp\u00e9rience compl\u00e8te avec votre propre guide officiel priv\u00e9 et v\u00e9hicule priv\u00e9 avec chauffeur.","robots":{"index":"index","follow":"follow","max-snippet":"max-snippet:-1","max-image-preview":"max-image-preview:large","max-video-preview":"max-video-preview:-1"},"canonical":"https:\/\/tourtravelandmore.com\/fr\/tours\/espagne-fr\/barcelone-fr\/guide-touristique-prive-de-barcelone-avec-chauffeur\/","og_locale":"fr_FR","og_type":"article","og_title":"Guide touristique priv\u00e9 de Barcelone avec chauffeur","og_description":"Apprenez \u00e0 conna\u00eetre Barcelone dans cette exp\u00e9rience compl\u00e8te avec votre propre guide officiel priv\u00e9 et v\u00e9hicule priv\u00e9 avec chauffeur.","og_url":"https:\/\/tourtravelandmore.com\/fr\/tours\/espagne-fr\/barcelone-fr\/guide-touristique-prive-de-barcelone-avec-chauffeur\/","og_site_name":"Tour Travel And More","article_publisher":"https:\/\/www.facebook.com\/tourtravelandmore\/","og_image":[{"width":920,"height":853,"url":"https:\/\/tourtravelandmore.com\/wp-content\/uploads\/2016\/10\/barcelona-walking-tour-7.jpg","type":"image\/jpeg"}],"twitter_card":"summary_large_image","twitter_site":"@TourTravel_More","twitter_misc":{"Dur\u00e9e de lecture estim\u00e9e":"3 minutes"},"schema":{"@context":"https:\/\/schema.org","@graph":[{"@type":"WebPage","@id":"https:\/\/tourtravelandmore.com\/fr\/tours\/espagne-fr\/barcelone-fr\/guide-touristique-prive-de-barcelone-avec-chauffeur\/","url":"https:\/\/tourtravelandmore.com\/fr\/tours\/espagne-fr\/barcelone-fr\/guide-touristique-prive-de-barcelone-avec-chauffeur\/","name":"Guide priv\u00e9 Barcelone - Visite priv\u00e9e d'une journ\u00e9e \u00e0 Barcelone","isPartOf":{"@id":"https:\/\/tourtravelandmore.com\/fr\/#website"},"primaryImageOfPage":{"@id":"https:\/\/tourtravelandmore.com\/fr\/tours\/espagne-fr\/barcelone-fr\/guide-touristique-prive-de-barcelone-avec-chauffeur\/#primaryimage"},"image":{"@id":"https:\/\/tourtravelandmore.com\/fr\/tours\/espagne-fr\/barcelone-fr\/guide-touristique-prive-de-barcelone-avec-chauffeur\/#primaryimage"},"thumbnailUrl":"https:\/\/tourtravelandmore.com\/wp-content\/uploads\/2016\/10\/barcelona-walking-tour-7.jpg","datePublished":"2016-10-21T10:47:18+00:00","description":"Apprenez \u00e0 conna\u00eetre Barcelone dans cette exp\u00e9rience compl\u00e8te avec votre propre guide officiel priv\u00e9 et v\u00e9hicule priv\u00e9 avec chauffeur.","breadcrumb":{"@id":"https:\/\/tourtravelandmore.com\/fr\/tours\/espagne-fr\/barcelone-fr\/guide-touristique-prive-de-barcelone-avec-chauffeur\/#breadcrumb"},"inLanguage":"fr-FR","potentialAction":[{"@type":"ReadAction","target":["https:\/\/tourtravelandmore.com\/fr\/tours\/espagne-fr\/barcelone-fr\/guide-touristique-prive-de-barcelone-avec-chauffeur\/"]}]},{"@type":"ImageObject","inLanguage":"fr-FR","@id":"https:\/\/tourtravelandmore.com\/fr\/tours\/espagne-fr\/barcelone-fr\/guide-touristique-prive-de-barcelone-avec-chauffeur\/#primaryimage","url":"https:\/\/tourtravelandmore.com\/wp-content\/uploads\/2016\/10\/barcelona-walking-tour-7.jpg","contentUrl":"https:\/\/tourtravelandmore.com\/wp-content\/uploads\/2016\/10\/barcelona-walking-tour-7.jpg","width":920,"height":853},{"@type":"BreadcrumbList","@id":"https:\/\/tourtravelandmore.com\/fr\/tours\/espagne-fr\/barcelone-fr\/guide-touristique-prive-de-barcelone-avec-chauffeur\/#breadcrumb","itemListElement":[{"@type":"ListItem","position":1,"name":"Home","item":"https:\/\/tourtravelandmore.com\/fr\/"},{"@type":"ListItem","position":2,"name":"Tours","item":"https:\/\/tourtravelandmore.com\/fr\/tours\/"},{"@type":"ListItem","position":3,"name":"Guide touristique priv\u00e9 de Barcelone avec chauffeur"}]},{"@type":"WebSite","@id":"https:\/\/tourtravelandmore.com\/fr\/#website","url":"https:\/\/tourtravelandmore.com\/fr\/","name":"Tour Travel And More","description":"Private sightseeing tours and luxury transfers in Spain","publisher":{"@id":"https:\/\/tourtravelandmore.com\/fr\/#organization"},"potentialAction":[{"@type":"SearchAction","target":{"@type":"EntryPoint","urlTemplate":"https:\/\/tourtravelandmore.com\/fr\/?s={search_term_string}"},"query-input":{"@type":"PropertyValueSpecification","valueRequired":true,"valueName":"search_term_string"}}],"inLanguage":"fr-FR"},{"@type":"Organization","@id":"https:\/\/tourtravelandmore.com\/fr\/#organization","name":"Tour Travel And More","url":"https:\/\/tourtravelandmore.com\/fr\/","logo":{"@type":"ImageObject","inLanguage":"fr-FR","@id":"https:\/\/tourtravelandmore.com\/fr\/#\/schema\/logo\/image\/","url":"https:\/\/tourtravelandmore.com\/wp-content\/uploads\/2022\/12\/cropped-logo-cabecera-new.png","contentUrl":"https:\/\/tourtravelandmore.com\/wp-content\/uploads\/2022\/12\/cropped-logo-cabecera-new.png","width":430,"height":61,"caption":"Tour Travel And More"},"image":{"@id":"https:\/\/tourtravelandmore.com\/fr\/#\/schema\/logo\/image\/"},"sameAs":["https:\/\/www.facebook.com\/tourtravelandmore\/","https:\/\/x.com\/TourTravel_More"]}]}},"_links":{"self":[{"href":"https:\/\/tourtravelandmore.com\/fr\/wp-json\/wp\/v2\/product\/93558","targetHints":{"allow":["GET"]}}],"collection":[{"href":"https:\/\/tourtravelandmore.com\/fr\/wp-json\/wp\/v2\/product"}],"about":[{"href":"https:\/\/tourtravelandmore.com\/fr\/wp-json\/wp\/v2\/types\/product"}],"replies":[{"embeddable":true,"href":"https:\/\/tourtravelandmore.com\/fr\/wp-json\/wp\/v2\/comments?post=93558"}],"wp:featuredmedia":[{"embeddable":true,"href":"https:\/\/tourtravelandmore.com\/fr\/wp-json\/wp\/v2\/media\/93531"}],"wp:attachment":[{"href":"https:\/\/tourtravelandmore.com\/fr\/wp-json\/wp\/v2\/media?parent=93558"}],"wp:term":[{"taxonomy":"product_brand","embeddable":true,"href":"https:\/\/tourtravelandmore.com\/fr\/wp-json\/wp\/v2\/product_brand?post=93558"},{"taxonomy":"product_cat","embeddable":true,"href":"https:\/\/tourtravelandmore.com\/fr\/wp-json\/wp\/v2\/product_cat?post=93558"},{"taxonomy":"product_tag","embeddable":true,"href":"https:\/\/tourtravelandmore.com\/fr\/wp-json\/wp\/v2\/product_tag?post=93558"}],"curies":[{"name":"wp","href":"https:\/\/api.w.org\/{rel}","templated":true}]}}