{"id":93540,"date":"2016-10-20T18:06:13","date_gmt":"2016-10-20T16:06:13","guid":{"rendered":"https:\/\/tourtravelandmore.com\/tours\/non class\u00e9\/transfert-prive-barcelone-aeroport-a-barcelone\/"},"modified":"2016-10-20T18:06:13","modified_gmt":"2016-10-20T16:06:13","slug":"transfert-prive-barcelone-aeroport-a-barcelone","status":"publish","type":"product","link":"https:\/\/tourtravelandmore.com\/fr\/tours\/espagne-fr\/barcelone-fr\/transfert-prive-barcelone-aeroport-a-barcelone\/","title":{"rendered":"Transfert priv\u00e9 Barcelone &#8211; A\u00e9roport \u00e0 Barcelone"},"content":{"rendered":"<h2>La description<\/h2>\n<p>Profitez de notre confortable transfert priv\u00e9 \u00e0 Barcelone. C&#8217;est le moyen le plus simple et le plus rapide d&#8217;obtenir la destination souhait\u00e9e. Nous proposons des v\u00e9hicules de luxe priv\u00e9s avec chauffeurs pour cette exp\u00e9rience relaxante.<\/p>\n<p>Nous organisons tout type de transfert priv\u00e9. Il y a bien s\u00fbr les transferts a\u00e9roport. Vous pouvez \u00e9galement profiter d&#8217;un transfert de port. Ce transfert peut se faire \u00e0 votre h\u00f4tel une fois la croisi\u00e8re termin\u00e9e. Nous pouvons \u00e9galement vous emmener vers l&#8217;a\u00e9roport lors de ce transfert priv\u00e9. De plus, vous pouvez profiter d&#8217;un transfert au c\u0153ur de la ville pour profiter de Barcelone par vous-m\u00eame lors de votre escale au port de croisi\u00e8re. Nos transferts priv\u00e9s et aussi vers les restaurants ou tout autre endroit.<\/p>\n<p>Il y aura toujours du personnel qualifi\u00e9 pour vous offrir une exp\u00e9rience confortable. Selon l&#8217;endroit o\u00f9 se trouve votre dernier arr\u00eat, vous pourrez profiter d&#8217;une vue panoramique sur la ville.<\/p>\n<p>Nous proposons \u00e9galement des transferts priv\u00e9s vers toute autre ville dont vous pourriez avoir besoin. V\u00e9rifiez le ici!<\/p>\n<h2>Sites d&#8217;int\u00e9r\u00eat et monuments<\/h2>\n<p>Pour nos transferts, nous proposons des v\u00e9hicules priv\u00e9s. Ces v\u00e9hicules peuvent \u00eatre:<\/p>\n<ul>\n<li>Mercedes Classe E<\/li>\n<li>Mercedes Viano ou Classe V<\/li>\n<li>Minibus<\/li>\n<li>Grands bus<\/li>\n<\/ul>\n<p>Dans tous les cas, tous nos transferts sont uniquement priv\u00e9s. Si c&#8217;est pour un grand groupe de motivation, ou un groupe d&#8217;amis, tous nos transferts sont priv\u00e9s. Contactez nos experts en voyages pour plus de d\u00e9tails!<\/p>\n<p>Pour r\u00e9server les transferts, nous aurions besoin de conna\u00eetre les d\u00e9tails d&#8217;arriv\u00e9e du vol ou les d\u00e9tails de la croisi\u00e8re pour organiser un transfert correct et rapide. Ces informations doivent \u00eatre notifi\u00e9es au pr\u00e9alable.<\/p>\n<p>Normalement, nous acceptons un bagage par personne. Mais nous ne limitons pas cela. Faites-nous savoir combien de bagages vous aurez et nous adapterons le v\u00e9hicule \u00e0 vos besoins. Selon la quantit\u00e9 de bagages, il peut y avoir un changement de v\u00e9hicule et des frais suppl\u00e9mentaires.<\/p>\n<p>Il existe \u00e9galement une option pour inclure un si\u00e8ge b\u00e9b\u00e9 ou enfant. Contactez-nous pour l&#8217;organiser correctement.<\/p>\n","protected":false},"excerpt":{"rendered":"<p>Profitez de cette occasion pour profiter de ce moyen confortable pour vous rendre \u00e0 votre destination finale \u00e0 Barcelone ou en Catalogne. Vous disposerez de votre propre v\u00e9hicule de luxe priv\u00e9 avec chauffeur pour vous conduire rapidement et confortablement \u00e0 l&#8217;emplacement de votre choix. La prise en charge peut se faire depuis l&#8217;a\u00e9roport ou depuis votre h\u00f4tel ou lieu de votre choix en Catalogne.<\/p>\n","protected":false},"featured_media":93541,"comment_status":"open","ping_status":"closed","template":"","meta":{"_acf_changed":false},"product_brand":[],"product_cat":[3538],"product_tag":[],"class_list":{"0":"post-93540","1":"product","2":"type-product","3":"status-publish","4":"has-post-thumbnail","6":"product_cat-barcelone-fr","8":"first","9":"instock","10":"shipping-taxable","11":"purchasable","12":"product-type-simple"},"acf":[],"yoast_head":"<!-- This site is optimized with the Yoast SEO Premium plugin v25.3.1 (Yoast SEO v25.3.1) - https:\/\/yoast.com\/wordpress\/plugins\/seo\/ -->\n<title>Transfert priv\u00e9 Barcelone - Transfert priv\u00e9 de l&#039;a\u00e9roport<\/title>\n<meta name=\"description\" content=\"Votre propre v\u00e9hicule de luxe priv\u00e9 avec chauffeur pour ce transfert priv\u00e9 \u00e0 Barcelone pour vous amener rapidement et confortablement \u00e0 l&#039;emplacement de votre choix \u00e0 Barcelone.\" \/>\n<meta name=\"robots\" content=\"index, follow, max-snippet:-1, max-image-preview:large, max-video-preview:-1\" \/>\n<link rel=\"canonical\" href=\"https:\/\/tourtravelandmore.com\/fr\/tours\/espagne-fr\/barcelone-fr\/transfert-prive-barcelone-aeroport-a-barcelone\/\" \/>\n<meta property=\"og:locale\" content=\"fr_FR\" \/>\n<meta property=\"og:type\" content=\"article\" \/>\n<meta property=\"og:title\" content=\"Transfert priv\u00e9 Barcelone - A\u00e9roport \u00e0 Barcelone\" \/>\n<meta property=\"og:description\" content=\"Votre propre v\u00e9hicule de luxe priv\u00e9 avec chauffeur pour ce transfert priv\u00e9 \u00e0 Barcelone pour vous amener rapidement et confortablement \u00e0 l&#039;emplacement de votre choix \u00e0 Barcelone.\" \/>\n<meta property=\"og:url\" content=\"https:\/\/tourtravelandmore.com\/fr\/tours\/espagne-fr\/barcelone-fr\/transfert-prive-barcelone-aeroport-a-barcelone\/\" \/>\n<meta property=\"og:site_name\" content=\"Tour Travel And More\" \/>\n<meta property=\"article:publisher\" content=\"https:\/\/www.facebook.com\/tourtravelandmore\/\" \/>\n<meta property=\"og:image\" content=\"https:\/\/tourtravelandmore.com\/wp-content\/uploads\/2016\/10\/transfer-airport-barcelona.jpg\" \/>\n\t<meta property=\"og:image:width\" content=\"955\" \/>\n\t<meta property=\"og:image:height\" content=\"636\" \/>\n\t<meta property=\"og:image:type\" content=\"image\/jpeg\" \/>\n<meta name=\"twitter:card\" content=\"summary_large_image\" \/>\n<meta name=\"twitter:site\" content=\"@TourTravel_More\" \/>\n<meta name=\"twitter:label1\" content=\"Dur\u00e9e de lecture estim\u00e9e\" \/>\n\t<meta name=\"twitter:data1\" content=\"2 minutes\" \/>\n<script type=\"application\/ld+json\" class=\"yoast-schema-graph\">{\"@context\":\"https:\/\/schema.org\",\"@graph\":[{\"@type\":\"WebPage\",\"@id\":\"https:\/\/tourtravelandmore.com\/fr\/tours\/espagne-fr\/barcelone-fr\/transfert-prive-barcelone-aeroport-a-barcelone\/\",\"url\":\"https:\/\/tourtravelandmore.com\/fr\/tours\/espagne-fr\/barcelone-fr\/transfert-prive-barcelone-aeroport-a-barcelone\/\",\"name\":\"Transfert priv\u00e9 Barcelone - Transfert priv\u00e9 de l'a\u00e9roport\",\"isPartOf\":{\"@id\":\"https:\/\/tourtravelandmore.com\/fr\/#website\"},\"primaryImageOfPage\":{\"@id\":\"https:\/\/tourtravelandmore.com\/fr\/tours\/espagne-fr\/barcelone-fr\/transfert-prive-barcelone-aeroport-a-barcelone\/#primaryimage\"},\"image\":{\"@id\":\"https:\/\/tourtravelandmore.com\/fr\/tours\/espagne-fr\/barcelone-fr\/transfert-prive-barcelone-aeroport-a-barcelone\/#primaryimage\"},\"thumbnailUrl\":\"https:\/\/tourtravelandmore.com\/wp-content\/uploads\/2016\/10\/transfer-airport-barcelona.jpg\",\"datePublished\":\"2016-10-20T16:06:13+00:00\",\"description\":\"Votre propre v\u00e9hicule de luxe priv\u00e9 avec chauffeur pour ce transfert priv\u00e9 \u00e0 Barcelone pour vous amener rapidement et confortablement \u00e0 l'emplacement de votre choix \u00e0 Barcelone.\",\"breadcrumb\":{\"@id\":\"https:\/\/tourtravelandmore.com\/fr\/tours\/espagne-fr\/barcelone-fr\/transfert-prive-barcelone-aeroport-a-barcelone\/#breadcrumb\"},\"inLanguage\":\"fr-FR\",\"potentialAction\":[{\"@type\":\"ReadAction\",\"target\":[\"https:\/\/tourtravelandmore.com\/fr\/tours\/espagne-fr\/barcelone-fr\/transfert-prive-barcelone-aeroport-a-barcelone\/\"]}]},{\"@type\":\"ImageObject\",\"inLanguage\":\"fr-FR\",\"@id\":\"https:\/\/tourtravelandmore.com\/fr\/tours\/espagne-fr\/barcelone-fr\/transfert-prive-barcelone-aeroport-a-barcelone\/#primaryimage\",\"url\":\"https:\/\/tourtravelandmore.com\/wp-content\/uploads\/2016\/10\/transfer-airport-barcelona.jpg\",\"contentUrl\":\"https:\/\/tourtravelandmore.com\/wp-content\/uploads\/2016\/10\/transfer-airport-barcelona.jpg\",\"width\":955,\"height\":636},{\"@type\":\"BreadcrumbList\",\"@id\":\"https:\/\/tourtravelandmore.com\/fr\/tours\/espagne-fr\/barcelone-fr\/transfert-prive-barcelone-aeroport-a-barcelone\/#breadcrumb\",\"itemListElement\":[{\"@type\":\"ListItem\",\"position\":1,\"name\":\"Home\",\"item\":\"https:\/\/tourtravelandmore.com\/fr\/\"},{\"@type\":\"ListItem\",\"position\":2,\"name\":\"Tours\",\"item\":\"https:\/\/tourtravelandmore.com\/fr\/tours\/\"},{\"@type\":\"ListItem\",\"position\":3,\"name\":\"Transfert priv\u00e9 Barcelone &#8211; A\u00e9roport \u00e0 Barcelone\"}]},{\"@type\":\"WebSite\",\"@id\":\"https:\/\/tourtravelandmore.com\/fr\/#website\",\"url\":\"https:\/\/tourtravelandmore.com\/fr\/\",\"name\":\"Tour Travel And More\",\"description\":\"Private sightseeing tours and luxury transfers in Spain\",\"publisher\":{\"@id\":\"https:\/\/tourtravelandmore.com\/fr\/#organization\"},\"potentialAction\":[{\"@type\":\"SearchAction\",\"target\":{\"@type\":\"EntryPoint\",\"urlTemplate\":\"https:\/\/tourtravelandmore.com\/fr\/?s={search_term_string}\"},\"query-input\":{\"@type\":\"PropertyValueSpecification\",\"valueRequired\":true,\"valueName\":\"search_term_string\"}}],\"inLanguage\":\"fr-FR\"},{\"@type\":\"Organization\",\"@id\":\"https:\/\/tourtravelandmore.com\/fr\/#organization\",\"name\":\"Tour Travel And More\",\"url\":\"https:\/\/tourtravelandmore.com\/fr\/\",\"logo\":{\"@type\":\"ImageObject\",\"inLanguage\":\"fr-FR\",\"@id\":\"https:\/\/tourtravelandmore.com\/fr\/#\/schema\/logo\/image\/\",\"url\":\"https:\/\/tourtravelandmore.com\/wp-content\/uploads\/2022\/12\/cropped-logo-cabecera-new.png\",\"contentUrl\":\"https:\/\/tourtravelandmore.com\/wp-content\/uploads\/2022\/12\/cropped-logo-cabecera-new.png\",\"width\":430,\"height\":61,\"caption\":\"Tour Travel And More\"},\"image\":{\"@id\":\"https:\/\/tourtravelandmore.com\/fr\/#\/schema\/logo\/image\/\"},\"sameAs\":[\"https:\/\/www.facebook.com\/tourtravelandmore\/\",\"https:\/\/x.com\/TourTravel_More\"]}]}<\/script>\n<!-- \/ Yoast SEO Premium plugin. -->","yoast_head_json":{"title":"Transfert priv\u00e9 Barcelone - Transfert priv\u00e9 de l'a\u00e9roport","description":"Votre propre v\u00e9hicule de luxe priv\u00e9 avec chauffeur pour ce transfert priv\u00e9 \u00e0 Barcelone pour vous amener rapidement et confortablement \u00e0 l'emplacement de votre choix \u00e0 Barcelone.","robots":{"index":"index","follow":"follow","max-snippet":"max-snippet:-1","max-image-preview":"max-image-preview:large","max-video-preview":"max-video-preview:-1"},"canonical":"https:\/\/tourtravelandmore.com\/fr\/tours\/espagne-fr\/barcelone-fr\/transfert-prive-barcelone-aeroport-a-barcelone\/","og_locale":"fr_FR","og_type":"article","og_title":"Transfert priv\u00e9 Barcelone - A\u00e9roport \u00e0 Barcelone","og_description":"Votre propre v\u00e9hicule de luxe priv\u00e9 avec chauffeur pour ce transfert priv\u00e9 \u00e0 Barcelone pour vous amener rapidement et confortablement \u00e0 l'emplacement de votre choix \u00e0 Barcelone.","og_url":"https:\/\/tourtravelandmore.com\/fr\/tours\/espagne-fr\/barcelone-fr\/transfert-prive-barcelone-aeroport-a-barcelone\/","og_site_name":"Tour Travel And More","article_publisher":"https:\/\/www.facebook.com\/tourtravelandmore\/","og_image":[{"width":955,"height":636,"url":"https:\/\/tourtravelandmore.com\/wp-content\/uploads\/2016\/10\/transfer-airport-barcelona.jpg","type":"image\/jpeg"}],"twitter_card":"summary_large_image","twitter_site":"@TourTravel_More","twitter_misc":{"Dur\u00e9e de lecture estim\u00e9e":"2 minutes"},"schema":{"@context":"https:\/\/schema.org","@graph":[{"@type":"WebPage","@id":"https:\/\/tourtravelandmore.com\/fr\/tours\/espagne-fr\/barcelone-fr\/transfert-prive-barcelone-aeroport-a-barcelone\/","url":"https:\/\/tourtravelandmore.com\/fr\/tours\/espagne-fr\/barcelone-fr\/transfert-prive-barcelone-aeroport-a-barcelone\/","name":"Transfert priv\u00e9 Barcelone - Transfert priv\u00e9 de l'a\u00e9roport","isPartOf":{"@id":"https:\/\/tourtravelandmore.com\/fr\/#website"},"primaryImageOfPage":{"@id":"https:\/\/tourtravelandmore.com\/fr\/tours\/espagne-fr\/barcelone-fr\/transfert-prive-barcelone-aeroport-a-barcelone\/#primaryimage"},"image":{"@id":"https:\/\/tourtravelandmore.com\/fr\/tours\/espagne-fr\/barcelone-fr\/transfert-prive-barcelone-aeroport-a-barcelone\/#primaryimage"},"thumbnailUrl":"https:\/\/tourtravelandmore.com\/wp-content\/uploads\/2016\/10\/transfer-airport-barcelona.jpg","datePublished":"2016-10-20T16:06:13+00:00","description":"Votre propre v\u00e9hicule de luxe priv\u00e9 avec chauffeur pour ce transfert priv\u00e9 \u00e0 Barcelone pour vous amener rapidement et confortablement \u00e0 l'emplacement de votre choix \u00e0 Barcelone.","breadcrumb":{"@id":"https:\/\/tourtravelandmore.com\/fr\/tours\/espagne-fr\/barcelone-fr\/transfert-prive-barcelone-aeroport-a-barcelone\/#breadcrumb"},"inLanguage":"fr-FR","potentialAction":[{"@type":"ReadAction","target":["https:\/\/tourtravelandmore.com\/fr\/tours\/espagne-fr\/barcelone-fr\/transfert-prive-barcelone-aeroport-a-barcelone\/"]}]},{"@type":"ImageObject","inLanguage":"fr-FR","@id":"https:\/\/tourtravelandmore.com\/fr\/tours\/espagne-fr\/barcelone-fr\/transfert-prive-barcelone-aeroport-a-barcelone\/#primaryimage","url":"https:\/\/tourtravelandmore.com\/wp-content\/uploads\/2016\/10\/transfer-airport-barcelona.jpg","contentUrl":"https:\/\/tourtravelandmore.com\/wp-content\/uploads\/2016\/10\/transfer-airport-barcelona.jpg","width":955,"height":636},{"@type":"BreadcrumbList","@id":"https:\/\/tourtravelandmore.com\/fr\/tours\/espagne-fr\/barcelone-fr\/transfert-prive-barcelone-aeroport-a-barcelone\/#breadcrumb","itemListElement":[{"@type":"ListItem","position":1,"name":"Home","item":"https:\/\/tourtravelandmore.com\/fr\/"},{"@type":"ListItem","position":2,"name":"Tours","item":"https:\/\/tourtravelandmore.com\/fr\/tours\/"},{"@type":"ListItem","position":3,"name":"Transfert priv\u00e9 Barcelone &#8211; A\u00e9roport \u00e0 Barcelone"}]},{"@type":"WebSite","@id":"https:\/\/tourtravelandmore.com\/fr\/#website","url":"https:\/\/tourtravelandmore.com\/fr\/","name":"Tour Travel And More","description":"Private sightseeing tours and luxury transfers in Spain","publisher":{"@id":"https:\/\/tourtravelandmore.com\/fr\/#organization"},"potentialAction":[{"@type":"SearchAction","target":{"@type":"EntryPoint","urlTemplate":"https:\/\/tourtravelandmore.com\/fr\/?s={search_term_string}"},"query-input":{"@type":"PropertyValueSpecification","valueRequired":true,"valueName":"search_term_string"}}],"inLanguage":"fr-FR"},{"@type":"Organization","@id":"https:\/\/tourtravelandmore.com\/fr\/#organization","name":"Tour Travel And More","url":"https:\/\/tourtravelandmore.com\/fr\/","logo":{"@type":"ImageObject","inLanguage":"fr-FR","@id":"https:\/\/tourtravelandmore.com\/fr\/#\/schema\/logo\/image\/","url":"https:\/\/tourtravelandmore.com\/wp-content\/uploads\/2022\/12\/cropped-logo-cabecera-new.png","contentUrl":"https:\/\/tourtravelandmore.com\/wp-content\/uploads\/2022\/12\/cropped-logo-cabecera-new.png","width":430,"height":61,"caption":"Tour Travel And More"},"image":{"@id":"https:\/\/tourtravelandmore.com\/fr\/#\/schema\/logo\/image\/"},"sameAs":["https:\/\/www.facebook.com\/tourtravelandmore\/","https:\/\/x.com\/TourTravel_More"]}]}},"_links":{"self":[{"href":"https:\/\/tourtravelandmore.com\/fr\/wp-json\/wp\/v2\/product\/93540","targetHints":{"allow":["GET"]}}],"collection":[{"href":"https:\/\/tourtravelandmore.com\/fr\/wp-json\/wp\/v2\/product"}],"about":[{"href":"https:\/\/tourtravelandmore.com\/fr\/wp-json\/wp\/v2\/types\/product"}],"replies":[{"embeddable":true,"href":"https:\/\/tourtravelandmore.com\/fr\/wp-json\/wp\/v2\/comments?post=93540"}],"wp:featuredmedia":[{"embeddable":true,"href":"https:\/\/tourtravelandmore.com\/fr\/wp-json\/wp\/v2\/media\/93541"}],"wp:attachment":[{"href":"https:\/\/tourtravelandmore.com\/fr\/wp-json\/wp\/v2\/media?parent=93540"}],"wp:term":[{"taxonomy":"product_brand","embeddable":true,"href":"https:\/\/tourtravelandmore.com\/fr\/wp-json\/wp\/v2\/product_brand?post=93540"},{"taxonomy":"product_cat","embeddable":true,"href":"https:\/\/tourtravelandmore.com\/fr\/wp-json\/wp\/v2\/product_cat?post=93540"},{"taxonomy":"product_tag","embeddable":true,"href":"https:\/\/tourtravelandmore.com\/fr\/wp-json\/wp\/v2\/product_tag?post=93540"}],"curies":[{"name":"wp","href":"https:\/\/api.w.org\/{rel}","templated":true}]}}