{"id":93516,"date":"2016-10-20T17:24:59","date_gmt":"2016-10-20T15:24:59","guid":{"rendered":"https:\/\/tourtravelandmore.com\/tours\/non class\u00e9\/visite-privee-de-sitges-au-depart-de-barcelone\/"},"modified":"2016-10-20T17:24:59","modified_gmt":"2016-10-20T15:24:59","slug":"visite-privee-de-sitges-au-depart-de-barcelone","status":"publish","type":"product","link":"https:\/\/tourtravelandmore.com\/fr\/tours\/espagne-fr\/barcelone-fr\/visite-privee-de-sitges-au-depart-de-barcelone\/","title":{"rendered":"Visite priv\u00e9e de Sitges au d\u00e9part de Barcelone"},"content":{"rendered":"<h2>La description<\/h2>\n<p>Prenez une minute de votre emploi du temps charg\u00e9 \u00e0 Barcelone pour d\u00e9couvrir Sitges. Faites cette visite priv\u00e9e de Sitges au d\u00e9part de Barcelone. Profitez de la belle ville c\u00f4ti\u00e8re de la M\u00e9diterran\u00e9e avec votre guide officiel priv\u00e9.<\/p>\n<p>Tout d&#8217;abord, laissez notre chauffeur priv\u00e9 venir vous chercher confortablement \u00e0 votre h\u00f4tel ou lieu de votre choix. Une fois que vous aurez rencontr\u00e9 votre guide priv\u00e9 et votre chauffeur, nous nous dirigerons vers Sitges. Le trajet dure un peu moins d&#8217;une heure, selon le trafic.<\/p>\n<p>Vous aurez environ 3 heures pour profiter du meilleur de cette ville c\u00f4ti\u00e8re. Voici un exemple de visite rapide \u00e0 Sitges. Si vous souhaitez profiter d&#8217;une journ\u00e9e \u00e0 la plage, nous pouvons organiser une exp\u00e9rience plus longue. Nous pouvons \u00e9galement organiser uniquement un chauffeur priv\u00e9 pour que vous puissiez profiter d&#8217;une longue journ\u00e9e avec une pause d\u00e9jeuner de fruits de mer si vous pr\u00e9f\u00e9rez!<\/p>\n<p>Si vous aimez la plage, ne manquez pas notre visite priv\u00e9e sur la Costa Brava!<\/p>\n<h2>Sites d&#8217;int\u00e9r\u00eat et monuments<\/h2>\n<p>Pour commencer, demandez \u00e0 notre chauffeur priv\u00e9 et \u00e0 notre guide s\u00e9par\u00e9 de vous rencontrer \u00e0 Barcelone \u00e0 votre h\u00f4tel. Une fois que vous serez tous ensemble, nous prendrons l&#8217;autoroute en direction de Sitges. Sitges est vraiment une ville c\u00f4ti\u00e8re unique en Catalogne.<\/p>\n<p>\u00c0 Sitges, vous pourrez profiter de plus que de la plage. Vous apprendrez \u00e0 conna\u00eetre l&#8217;art et les b\u00e2timents historiques et profiterez d&#8217;une station baln\u00e9aire de mode non loin de Barcelone.<\/p>\n<p>Tout d&#8217;abord, \u00e0 l&#8217;arriv\u00e9e \u00e0 Sitges, nous nous dirigerons vers Aiguadol\u00e7. C&#8217;est le port de Sitges. Nous allons vous montrer un aper\u00e7u rapide de cette zone avant de nous diriger vers le \u00abc\u0153ur\u00bb de Sitges.<\/p>\n<p>De plus, nous nous dirigerons vers le Paseo Maritime. Une fois dans le Paseo Mar\u00edtimo, profitez de la magnifique vue m\u00e9diterran\u00e9enne de Sitges. Jetez un \u0153il \u00e0 l&#8217;\u00e9glise Sant Bartomeu I Santa Tecla de Sitges. Cette \u00e9glise a une vue imprenable sur la mer. C&#8217;est aussi un excellent arr\u00eat photo.<\/p>\n<p>Promenez-vous dans les petites rues de Sitges et profitez d&#8217;une promenade apaisante sur son Paseo Mar\u00edtimo. Il y a aussi du bon shopping!<\/p>\n<p>Si le temps le permet, nous vous recommandons de faire une agr\u00e9able pause d\u00e9jeuner pour d\u00e9guster des fruits de mer typiques de Sitges. Essayez un Fideua, une paella et des fruits de mer. C&#8217;est tellement d\u00e9licieux!<\/p>\n<p>Votre guide officiel priv\u00e9 et votre chauffeur s\u00e9par\u00e9 vous ram\u00e8neront \u00e0 votre h\u00f4tel ou lieu de votre choix \u00e0 Barcelone. Cette visite peut \u00eatre plus longue si vous souhaitez profiter de votre voyage \u00e0 Sitges! Faites le nous savoir!<\/p>\n","protected":false},"excerpt":{"rendered":"<p>Profitez de cette visite priv\u00e9e enti\u00e8rement personnalis\u00e9e de la c\u00e9l\u00e8bre ville c\u00f4ti\u00e8re de Sitges \u00e0 Barcelone et profitez de cette visite confortablement dans votre v\u00e9hicule priv\u00e9 avec chauffeur et guide s\u00e9par\u00e9. Personnalisez votre propre exp\u00e9rience. Nous viendrons vous chercher \u00e0 votre h\u00f4tel ou lieu de votre choix \u00e0 Barcelone et nous nous dirigerons vers Sitges.<\/p>\n","protected":false},"featured_media":93517,"comment_status":"open","ping_status":"closed","template":"","meta":{"_acf_changed":false},"product_brand":[],"product_cat":[3538],"product_tag":[],"class_list":{"0":"post-93516","1":"product","2":"type-product","3":"status-publish","4":"has-post-thumbnail","6":"product_cat-barcelone-fr","8":"first","9":"instock","10":"shipping-taxable","11":"purchasable","12":"product-type-simple"},"acf":[],"yoast_head":"<!-- This site is optimized with the Yoast SEO Premium plugin v25.3.1 (Yoast SEO v25.3.1) - https:\/\/yoast.com\/wordpress\/plugins\/seo\/ -->\n<title>Visite priv\u00e9e de Sitges au d\u00e9part de Barcelone - Chauffeur et guide officiel s\u00e9par\u00e9<\/title>\n<meta name=\"description\" content=\"Visite priv\u00e9e avec un guide officiel et d\u00e9couvrez la ville c\u00f4ti\u00e8re de Barcelone et l&#039;emplacement m\u00e9diterran\u00e9en de Sitges. Visite priv\u00e9e de Sitges depuis Barcelone.\" \/>\n<meta name=\"robots\" content=\"index, follow, max-snippet:-1, max-image-preview:large, max-video-preview:-1\" \/>\n<link rel=\"canonical\" href=\"https:\/\/tourtravelandmore.com\/fr\/tours\/espagne-fr\/barcelone-fr\/visite-privee-de-sitges-au-depart-de-barcelone\/\" \/>\n<meta property=\"og:locale\" content=\"fr_FR\" \/>\n<meta property=\"og:type\" content=\"article\" \/>\n<meta property=\"og:title\" content=\"Visite priv\u00e9e de Sitges au d\u00e9part de Barcelone\" \/>\n<meta property=\"og:description\" content=\"Visite priv\u00e9e avec un guide officiel et d\u00e9couvrez la ville c\u00f4ti\u00e8re de Barcelone et l&#039;emplacement m\u00e9diterran\u00e9en de Sitges. Visite priv\u00e9e de Sitges depuis Barcelone.\" \/>\n<meta property=\"og:url\" content=\"https:\/\/tourtravelandmore.com\/fr\/tours\/espagne-fr\/barcelone-fr\/visite-privee-de-sitges-au-depart-de-barcelone\/\" \/>\n<meta property=\"og:site_name\" content=\"Tour Travel And More\" \/>\n<meta property=\"article:publisher\" content=\"https:\/\/www.facebook.com\/tourtravelandmore\/\" \/>\n<meta property=\"og:image\" content=\"https:\/\/tourtravelandmore.com\/wp-content\/uploads\/2016\/10\/sitges-private-tour-2.jpg\" \/>\n\t<meta property=\"og:image:width\" content=\"960\" \/>\n\t<meta property=\"og:image:height\" content=\"635\" \/>\n\t<meta property=\"og:image:type\" content=\"image\/jpeg\" \/>\n<meta name=\"twitter:card\" content=\"summary_large_image\" \/>\n<meta name=\"twitter:site\" content=\"@TourTravel_More\" \/>\n<meta name=\"twitter:label1\" content=\"Dur\u00e9e de lecture estim\u00e9e\" \/>\n\t<meta name=\"twitter:data1\" content=\"2 minutes\" \/>\n<script type=\"application\/ld+json\" class=\"yoast-schema-graph\">{\"@context\":\"https:\/\/schema.org\",\"@graph\":[{\"@type\":\"WebPage\",\"@id\":\"https:\/\/tourtravelandmore.com\/fr\/tours\/espagne-fr\/barcelone-fr\/visite-privee-de-sitges-au-depart-de-barcelone\/\",\"url\":\"https:\/\/tourtravelandmore.com\/fr\/tours\/espagne-fr\/barcelone-fr\/visite-privee-de-sitges-au-depart-de-barcelone\/\",\"name\":\"Visite priv\u00e9e de Sitges au d\u00e9part de Barcelone - Chauffeur et guide officiel s\u00e9par\u00e9\",\"isPartOf\":{\"@id\":\"https:\/\/tourtravelandmore.com\/fr\/#website\"},\"primaryImageOfPage\":{\"@id\":\"https:\/\/tourtravelandmore.com\/fr\/tours\/espagne-fr\/barcelone-fr\/visite-privee-de-sitges-au-depart-de-barcelone\/#primaryimage\"},\"image\":{\"@id\":\"https:\/\/tourtravelandmore.com\/fr\/tours\/espagne-fr\/barcelone-fr\/visite-privee-de-sitges-au-depart-de-barcelone\/#primaryimage\"},\"thumbnailUrl\":\"https:\/\/tourtravelandmore.com\/wp-content\/uploads\/2016\/10\/sitges-private-tour-2.jpg\",\"datePublished\":\"2016-10-20T15:24:59+00:00\",\"description\":\"Visite priv\u00e9e avec un guide officiel et d\u00e9couvrez la ville c\u00f4ti\u00e8re de Barcelone et l'emplacement m\u00e9diterran\u00e9en de Sitges. Visite priv\u00e9e de Sitges depuis Barcelone.\",\"breadcrumb\":{\"@id\":\"https:\/\/tourtravelandmore.com\/fr\/tours\/espagne-fr\/barcelone-fr\/visite-privee-de-sitges-au-depart-de-barcelone\/#breadcrumb\"},\"inLanguage\":\"fr-FR\",\"potentialAction\":[{\"@type\":\"ReadAction\",\"target\":[\"https:\/\/tourtravelandmore.com\/fr\/tours\/espagne-fr\/barcelone-fr\/visite-privee-de-sitges-au-depart-de-barcelone\/\"]}]},{\"@type\":\"ImageObject\",\"inLanguage\":\"fr-FR\",\"@id\":\"https:\/\/tourtravelandmore.com\/fr\/tours\/espagne-fr\/barcelone-fr\/visite-privee-de-sitges-au-depart-de-barcelone\/#primaryimage\",\"url\":\"https:\/\/tourtravelandmore.com\/wp-content\/uploads\/2016\/10\/sitges-private-tour-2.jpg\",\"contentUrl\":\"https:\/\/tourtravelandmore.com\/wp-content\/uploads\/2016\/10\/sitges-private-tour-2.jpg\",\"width\":960,\"height\":635},{\"@type\":\"BreadcrumbList\",\"@id\":\"https:\/\/tourtravelandmore.com\/fr\/tours\/espagne-fr\/barcelone-fr\/visite-privee-de-sitges-au-depart-de-barcelone\/#breadcrumb\",\"itemListElement\":[{\"@type\":\"ListItem\",\"position\":1,\"name\":\"Home\",\"item\":\"https:\/\/tourtravelandmore.com\/fr\/\"},{\"@type\":\"ListItem\",\"position\":2,\"name\":\"Tours\",\"item\":\"https:\/\/tourtravelandmore.com\/fr\/tours\/\"},{\"@type\":\"ListItem\",\"position\":3,\"name\":\"Visite priv\u00e9e de Sitges au d\u00e9part de Barcelone\"}]},{\"@type\":\"WebSite\",\"@id\":\"https:\/\/tourtravelandmore.com\/fr\/#website\",\"url\":\"https:\/\/tourtravelandmore.com\/fr\/\",\"name\":\"Tour Travel And More\",\"description\":\"Private sightseeing tours and luxury transfers in Spain\",\"publisher\":{\"@id\":\"https:\/\/tourtravelandmore.com\/fr\/#organization\"},\"potentialAction\":[{\"@type\":\"SearchAction\",\"target\":{\"@type\":\"EntryPoint\",\"urlTemplate\":\"https:\/\/tourtravelandmore.com\/fr\/?s={search_term_string}\"},\"query-input\":{\"@type\":\"PropertyValueSpecification\",\"valueRequired\":true,\"valueName\":\"search_term_string\"}}],\"inLanguage\":\"fr-FR\"},{\"@type\":\"Organization\",\"@id\":\"https:\/\/tourtravelandmore.com\/fr\/#organization\",\"name\":\"Tour Travel And More\",\"url\":\"https:\/\/tourtravelandmore.com\/fr\/\",\"logo\":{\"@type\":\"ImageObject\",\"inLanguage\":\"fr-FR\",\"@id\":\"https:\/\/tourtravelandmore.com\/fr\/#\/schema\/logo\/image\/\",\"url\":\"https:\/\/tourtravelandmore.com\/wp-content\/uploads\/2022\/12\/cropped-logo-cabecera-new.png\",\"contentUrl\":\"https:\/\/tourtravelandmore.com\/wp-content\/uploads\/2022\/12\/cropped-logo-cabecera-new.png\",\"width\":430,\"height\":61,\"caption\":\"Tour Travel And More\"},\"image\":{\"@id\":\"https:\/\/tourtravelandmore.com\/fr\/#\/schema\/logo\/image\/\"},\"sameAs\":[\"https:\/\/www.facebook.com\/tourtravelandmore\/\",\"https:\/\/x.com\/TourTravel_More\"]}]}<\/script>\n<!-- \/ Yoast SEO Premium plugin. -->","yoast_head_json":{"title":"Visite priv\u00e9e de Sitges au d\u00e9part de Barcelone - Chauffeur et guide officiel s\u00e9par\u00e9","description":"Visite priv\u00e9e avec un guide officiel et d\u00e9couvrez la ville c\u00f4ti\u00e8re de Barcelone et l'emplacement m\u00e9diterran\u00e9en de Sitges. Visite priv\u00e9e de Sitges depuis Barcelone.","robots":{"index":"index","follow":"follow","max-snippet":"max-snippet:-1","max-image-preview":"max-image-preview:large","max-video-preview":"max-video-preview:-1"},"canonical":"https:\/\/tourtravelandmore.com\/fr\/tours\/espagne-fr\/barcelone-fr\/visite-privee-de-sitges-au-depart-de-barcelone\/","og_locale":"fr_FR","og_type":"article","og_title":"Visite priv\u00e9e de Sitges au d\u00e9part de Barcelone","og_description":"Visite priv\u00e9e avec un guide officiel et d\u00e9couvrez la ville c\u00f4ti\u00e8re de Barcelone et l'emplacement m\u00e9diterran\u00e9en de Sitges. Visite priv\u00e9e de Sitges depuis Barcelone.","og_url":"https:\/\/tourtravelandmore.com\/fr\/tours\/espagne-fr\/barcelone-fr\/visite-privee-de-sitges-au-depart-de-barcelone\/","og_site_name":"Tour Travel And More","article_publisher":"https:\/\/www.facebook.com\/tourtravelandmore\/","og_image":[{"width":960,"height":635,"url":"https:\/\/tourtravelandmore.com\/wp-content\/uploads\/2016\/10\/sitges-private-tour-2.jpg","type":"image\/jpeg"}],"twitter_card":"summary_large_image","twitter_site":"@TourTravel_More","twitter_misc":{"Dur\u00e9e de lecture estim\u00e9e":"2 minutes"},"schema":{"@context":"https:\/\/schema.org","@graph":[{"@type":"WebPage","@id":"https:\/\/tourtravelandmore.com\/fr\/tours\/espagne-fr\/barcelone-fr\/visite-privee-de-sitges-au-depart-de-barcelone\/","url":"https:\/\/tourtravelandmore.com\/fr\/tours\/espagne-fr\/barcelone-fr\/visite-privee-de-sitges-au-depart-de-barcelone\/","name":"Visite priv\u00e9e de Sitges au d\u00e9part de Barcelone - Chauffeur et guide officiel s\u00e9par\u00e9","isPartOf":{"@id":"https:\/\/tourtravelandmore.com\/fr\/#website"},"primaryImageOfPage":{"@id":"https:\/\/tourtravelandmore.com\/fr\/tours\/espagne-fr\/barcelone-fr\/visite-privee-de-sitges-au-depart-de-barcelone\/#primaryimage"},"image":{"@id":"https:\/\/tourtravelandmore.com\/fr\/tours\/espagne-fr\/barcelone-fr\/visite-privee-de-sitges-au-depart-de-barcelone\/#primaryimage"},"thumbnailUrl":"https:\/\/tourtravelandmore.com\/wp-content\/uploads\/2016\/10\/sitges-private-tour-2.jpg","datePublished":"2016-10-20T15:24:59+00:00","description":"Visite priv\u00e9e avec un guide officiel et d\u00e9couvrez la ville c\u00f4ti\u00e8re de Barcelone et l'emplacement m\u00e9diterran\u00e9en de Sitges. Visite priv\u00e9e de Sitges depuis Barcelone.","breadcrumb":{"@id":"https:\/\/tourtravelandmore.com\/fr\/tours\/espagne-fr\/barcelone-fr\/visite-privee-de-sitges-au-depart-de-barcelone\/#breadcrumb"},"inLanguage":"fr-FR","potentialAction":[{"@type":"ReadAction","target":["https:\/\/tourtravelandmore.com\/fr\/tours\/espagne-fr\/barcelone-fr\/visite-privee-de-sitges-au-depart-de-barcelone\/"]}]},{"@type":"ImageObject","inLanguage":"fr-FR","@id":"https:\/\/tourtravelandmore.com\/fr\/tours\/espagne-fr\/barcelone-fr\/visite-privee-de-sitges-au-depart-de-barcelone\/#primaryimage","url":"https:\/\/tourtravelandmore.com\/wp-content\/uploads\/2016\/10\/sitges-private-tour-2.jpg","contentUrl":"https:\/\/tourtravelandmore.com\/wp-content\/uploads\/2016\/10\/sitges-private-tour-2.jpg","width":960,"height":635},{"@type":"BreadcrumbList","@id":"https:\/\/tourtravelandmore.com\/fr\/tours\/espagne-fr\/barcelone-fr\/visite-privee-de-sitges-au-depart-de-barcelone\/#breadcrumb","itemListElement":[{"@type":"ListItem","position":1,"name":"Home","item":"https:\/\/tourtravelandmore.com\/fr\/"},{"@type":"ListItem","position":2,"name":"Tours","item":"https:\/\/tourtravelandmore.com\/fr\/tours\/"},{"@type":"ListItem","position":3,"name":"Visite priv\u00e9e de Sitges au d\u00e9part de Barcelone"}]},{"@type":"WebSite","@id":"https:\/\/tourtravelandmore.com\/fr\/#website","url":"https:\/\/tourtravelandmore.com\/fr\/","name":"Tour Travel And More","description":"Private sightseeing tours and luxury transfers in Spain","publisher":{"@id":"https:\/\/tourtravelandmore.com\/fr\/#organization"},"potentialAction":[{"@type":"SearchAction","target":{"@type":"EntryPoint","urlTemplate":"https:\/\/tourtravelandmore.com\/fr\/?s={search_term_string}"},"query-input":{"@type":"PropertyValueSpecification","valueRequired":true,"valueName":"search_term_string"}}],"inLanguage":"fr-FR"},{"@type":"Organization","@id":"https:\/\/tourtravelandmore.com\/fr\/#organization","name":"Tour Travel And More","url":"https:\/\/tourtravelandmore.com\/fr\/","logo":{"@type":"ImageObject","inLanguage":"fr-FR","@id":"https:\/\/tourtravelandmore.com\/fr\/#\/schema\/logo\/image\/","url":"https:\/\/tourtravelandmore.com\/wp-content\/uploads\/2022\/12\/cropped-logo-cabecera-new.png","contentUrl":"https:\/\/tourtravelandmore.com\/wp-content\/uploads\/2022\/12\/cropped-logo-cabecera-new.png","width":430,"height":61,"caption":"Tour Travel And More"},"image":{"@id":"https:\/\/tourtravelandmore.com\/fr\/#\/schema\/logo\/image\/"},"sameAs":["https:\/\/www.facebook.com\/tourtravelandmore\/","https:\/\/x.com\/TourTravel_More"]}]}},"_links":{"self":[{"href":"https:\/\/tourtravelandmore.com\/fr\/wp-json\/wp\/v2\/product\/93516","targetHints":{"allow":["GET"]}}],"collection":[{"href":"https:\/\/tourtravelandmore.com\/fr\/wp-json\/wp\/v2\/product"}],"about":[{"href":"https:\/\/tourtravelandmore.com\/fr\/wp-json\/wp\/v2\/types\/product"}],"replies":[{"embeddable":true,"href":"https:\/\/tourtravelandmore.com\/fr\/wp-json\/wp\/v2\/comments?post=93516"}],"wp:featuredmedia":[{"embeddable":true,"href":"https:\/\/tourtravelandmore.com\/fr\/wp-json\/wp\/v2\/media\/93517"}],"wp:attachment":[{"href":"https:\/\/tourtravelandmore.com\/fr\/wp-json\/wp\/v2\/media?parent=93516"}],"wp:term":[{"taxonomy":"product_brand","embeddable":true,"href":"https:\/\/tourtravelandmore.com\/fr\/wp-json\/wp\/v2\/product_brand?post=93516"},{"taxonomy":"product_cat","embeddable":true,"href":"https:\/\/tourtravelandmore.com\/fr\/wp-json\/wp\/v2\/product_cat?post=93516"},{"taxonomy":"product_tag","embeddable":true,"href":"https:\/\/tourtravelandmore.com\/fr\/wp-json\/wp\/v2\/product_tag?post=93516"}],"curies":[{"name":"wp","href":"https:\/\/api.w.org\/{rel}","templated":true}]}}