{"id":93503,"date":"2016-10-20T17:00:19","date_gmt":"2016-10-20T15:00:19","guid":{"rendered":"https:\/\/tourtravelandmore.com\/tours\/non class\u00e9\/guide-prive-de-barcelone-architecture-moderne\/"},"modified":"2016-10-20T17:00:19","modified_gmt":"2016-10-20T15:00:19","slug":"guide-prive-de-barcelone-architecture-moderne","status":"publish","type":"product","link":"https:\/\/tourtravelandmore.com\/fr\/tours\/espagne-fr\/barcelone-fr\/guide-prive-de-barcelone-architecture-moderne\/","title":{"rendered":"Guide priv\u00e9 de Barcelone &#8211; Architecture moderne"},"content":{"rendered":"<h2>La description<\/h2>\n<p>Barcelone a bien plus que seulement Antonio Gaudi. Apprenez \u00e0 conna\u00eetre l&#8217;architecture moderne de Barcelone. Laissez notre guide priv\u00e9 de Barcelone vous emmener dans la ville avec notre v\u00e9hicule de luxe avec chauffeur.<\/p>\n<p>Pour cette visite priv\u00e9e de l&#8217;architecture moderne de Barcleona, nous avons organis\u00e9 une proposition de 4 heures. Nous pouvons organiser une visite plus longue si vous le souhaitez.<\/p>\n<p>Profitez du meilleur d&#8217;un autre c\u00f4t\u00e9 de Barcelone. Depuis 1929, lorsque Mies van Der Rohe a construit le pavillon de l&#8217;Exposition universelle, Barcelone s&#8217;est d\u00e9velopp\u00e9e dans l&#8217;architecture moderne.<\/p>\n<p>C&#8217;\u00e9tait m\u00eame connu comme l&#8217;un des premiers b\u00e2timents modernes d&#8217;Europe! Il y a des exceptions, mais le vrai modernisme est venu ces derni\u00e8res ann\u00e9es.<\/p>\n<p>Beaucoup disent m\u00eame que depuis les Jeux Olympiques de 92, il y a une nouvelle \u00e8re \u00e0 Barcelone. Beaucoup plus d&#8217;immeubles d&#8217;appartements ont \u00e9t\u00e9 construits, les plages ont \u00e9t\u00e9 nettoy\u00e9es et am\u00e9lior\u00e9es. Barcelone est aujourd&#8217;hui une ville moderne et dynamique.<\/p>\n<p>D\u00e9couvrez nos autres circuits ici!<\/p>\n<h2>Sites d&#8217;int\u00e9r\u00eat et monuments<\/h2>\n<p>Tout d&#8217;abord, votre guide officiel priv\u00e9 et votre v\u00e9hicule de luxe vous emm\u00e8neront dans cette visite priv\u00e9e.<\/p>\n<p>Vous apprendrez \u00e0 conna\u00eetre de nombreux sites d&#8217;architecture moderne de la ville. Entre autres monuments et sites touristiques, vous pouvez apprendre \u00e0 conna\u00eetre:<\/p>\n<ul>\n<li>Tour de Calatrava: c&#8217;est la tour de communication de Santiago Calatrava.<\/li>\n<li>Pavillon de Barcelone de Mies van der Rohe<\/li>\n<li>Mus\u00e9e d&#8217;art moderne Richard Meiers de Barcelone (MACBA)<\/li>\n<li>Tour Hesperia<\/li>\n<li>Ar\u00e8ne taurine Las Arenas de Sir Richard Rogers: une ancienne ar\u00e8ne taurine transform\u00e9e en centre commercial. Tout un site!<\/li>\n<li>Torre Agbar par Jean Nouvel<\/li>\n<li>T\u00e9l\u00e9-Antenne &#8211; Torre de Collserola par Sir Norman Foster<\/li>\n<li>Mercat Santa Catarina par Miralles \/ Tagliabue<\/li>\n<li>H\u00f4tel W Barcelona de Richard Bofill: il est connu comme l&#8217;h\u00f4tel &#8220;\u00e0 voile&#8221; en espagnol (H\u00f4tel Vela). Belles vues depuis les chambres et le bar sur le toit. Il y a aussi d&#8217;excellents restaurants en dessous de l&#8217;h\u00f4tel pr\u00e8s de la plage.<\/li>\n<li>Beaucoup plus!<\/li>\n<\/ul>\n<p>En conclusion, nous vous emm\u00e8nerons \u00e0 de superbes arr\u00eats photo et vous apprendrez les histoires et les d\u00e9tails de chacun de ces b\u00e2timents. Vous apprendrez \u00e0 conna\u00eetre le meilleur de l&#8217;architecture moderne de la ville de Barcelone.<\/p>\n","protected":false},"excerpt":{"rendered":"<p>Profitez de cette visite priv\u00e9e enti\u00e8rement personnalis\u00e9e de Barcelone et profitez de leurs monuments et sites modernes les plus importants. Profitez de cette occasion pour d\u00e9couvrir Barcelone dans cette exp\u00e9rience avec votre propre guide officiel priv\u00e9 et v\u00e9hicule priv\u00e9 avec chauffeur. Personnalisez votre propre exp\u00e9rience. Ne manquez pas les monuments et les sites comme les tours Hesperia, la tour Agbar, l&#8217;antenne olympique et bien plus encore!<\/p>\n","protected":false},"featured_media":93504,"comment_status":"open","ping_status":"closed","template":"","meta":{"_acf_changed":false},"product_brand":[],"product_cat":[3538],"product_tag":[],"class_list":{"0":"post-93503","1":"product","2":"type-product","3":"status-publish","4":"has-post-thumbnail","6":"product_cat-barcelone-fr","8":"first","9":"instock","10":"shipping-taxable","11":"purchasable","12":"product-type-simple"},"acf":[],"yoast_head":"<!-- This site is optimized with the Yoast SEO Premium plugin v25.3.1 (Yoast SEO v25.3.1) - https:\/\/yoast.com\/wordpress\/plugins\/seo\/ -->\n<title>Guide touristique priv\u00e9 de Barcelone et voiture de luxe avec chauffeur - Architecture moderne<\/title>\n<meta name=\"description\" content=\"Visite priv\u00e9e. Admirez la grande architecture moderne et les sites des monuments les plus importants et les plus connus de Barcelone. Guide et chauffeur priv\u00e9 de Barcelone\" \/>\n<meta name=\"robots\" content=\"index, follow, max-snippet:-1, max-image-preview:large, max-video-preview:-1\" \/>\n<link rel=\"canonical\" href=\"https:\/\/tourtravelandmore.com\/fr\/tours\/espagne-fr\/barcelone-fr\/guide-prive-de-barcelone-architecture-moderne\/\" \/>\n<meta property=\"og:locale\" content=\"fr_FR\" \/>\n<meta property=\"og:type\" content=\"article\" \/>\n<meta property=\"og:title\" content=\"Guide priv\u00e9 de Barcelone - Architecture moderne\" \/>\n<meta property=\"og:description\" content=\"Visite priv\u00e9e. Admirez la grande architecture moderne et les sites des monuments les plus importants et les plus connus de Barcelone. Guide et chauffeur priv\u00e9 de Barcelone\" \/>\n<meta property=\"og:url\" content=\"https:\/\/tourtravelandmore.com\/fr\/tours\/espagne-fr\/barcelone-fr\/guide-prive-de-barcelone-architecture-moderne\/\" \/>\n<meta property=\"og:site_name\" content=\"Tour Travel And More\" \/>\n<meta property=\"article:publisher\" content=\"https:\/\/www.facebook.com\/tourtravelandmore\/\" \/>\n<meta property=\"og:image\" content=\"https:\/\/tourtravelandmore.com\/wp-content\/uploads\/2016\/10\/barcelona-modern-arquitecture-tour.jpg\" \/>\n\t<meta property=\"og:image:width\" content=\"960\" \/>\n\t<meta property=\"og:image:height\" content=\"641\" \/>\n\t<meta property=\"og:image:type\" content=\"image\/jpeg\" \/>\n<meta name=\"twitter:card\" content=\"summary_large_image\" \/>\n<meta name=\"twitter:site\" content=\"@TourTravel_More\" \/>\n<meta name=\"twitter:label1\" content=\"Dur\u00e9e de lecture estim\u00e9e\" \/>\n\t<meta name=\"twitter:data1\" content=\"2 minutes\" \/>\n<script type=\"application\/ld+json\" class=\"yoast-schema-graph\">{\"@context\":\"https:\/\/schema.org\",\"@graph\":[{\"@type\":\"WebPage\",\"@id\":\"https:\/\/tourtravelandmore.com\/fr\/tours\/espagne-fr\/barcelone-fr\/guide-prive-de-barcelone-architecture-moderne\/\",\"url\":\"https:\/\/tourtravelandmore.com\/fr\/tours\/espagne-fr\/barcelone-fr\/guide-prive-de-barcelone-architecture-moderne\/\",\"name\":\"Guide touristique priv\u00e9 de Barcelone et voiture de luxe avec chauffeur - Architecture moderne\",\"isPartOf\":{\"@id\":\"https:\/\/tourtravelandmore.com\/fr\/#website\"},\"primaryImageOfPage\":{\"@id\":\"https:\/\/tourtravelandmore.com\/fr\/tours\/espagne-fr\/barcelone-fr\/guide-prive-de-barcelone-architecture-moderne\/#primaryimage\"},\"image\":{\"@id\":\"https:\/\/tourtravelandmore.com\/fr\/tours\/espagne-fr\/barcelone-fr\/guide-prive-de-barcelone-architecture-moderne\/#primaryimage\"},\"thumbnailUrl\":\"https:\/\/tourtravelandmore.com\/wp-content\/uploads\/2016\/10\/barcelona-modern-arquitecture-tour.jpg\",\"datePublished\":\"2016-10-20T15:00:19+00:00\",\"description\":\"Visite priv\u00e9e. Admirez la grande architecture moderne et les sites des monuments les plus importants et les plus connus de Barcelone. Guide et chauffeur priv\u00e9 de Barcelone\",\"breadcrumb\":{\"@id\":\"https:\/\/tourtravelandmore.com\/fr\/tours\/espagne-fr\/barcelone-fr\/guide-prive-de-barcelone-architecture-moderne\/#breadcrumb\"},\"inLanguage\":\"fr-FR\",\"potentialAction\":[{\"@type\":\"ReadAction\",\"target\":[\"https:\/\/tourtravelandmore.com\/fr\/tours\/espagne-fr\/barcelone-fr\/guide-prive-de-barcelone-architecture-moderne\/\"]}]},{\"@type\":\"ImageObject\",\"inLanguage\":\"fr-FR\",\"@id\":\"https:\/\/tourtravelandmore.com\/fr\/tours\/espagne-fr\/barcelone-fr\/guide-prive-de-barcelone-architecture-moderne\/#primaryimage\",\"url\":\"https:\/\/tourtravelandmore.com\/wp-content\/uploads\/2016\/10\/barcelona-modern-arquitecture-tour.jpg\",\"contentUrl\":\"https:\/\/tourtravelandmore.com\/wp-content\/uploads\/2016\/10\/barcelona-modern-arquitecture-tour.jpg\",\"width\":960,\"height\":641},{\"@type\":\"BreadcrumbList\",\"@id\":\"https:\/\/tourtravelandmore.com\/fr\/tours\/espagne-fr\/barcelone-fr\/guide-prive-de-barcelone-architecture-moderne\/#breadcrumb\",\"itemListElement\":[{\"@type\":\"ListItem\",\"position\":1,\"name\":\"Home\",\"item\":\"https:\/\/tourtravelandmore.com\/fr\/\"},{\"@type\":\"ListItem\",\"position\":2,\"name\":\"Tours\",\"item\":\"https:\/\/tourtravelandmore.com\/fr\/tours\/\"},{\"@type\":\"ListItem\",\"position\":3,\"name\":\"Guide priv\u00e9 de Barcelone &#8211; Architecture moderne\"}]},{\"@type\":\"WebSite\",\"@id\":\"https:\/\/tourtravelandmore.com\/fr\/#website\",\"url\":\"https:\/\/tourtravelandmore.com\/fr\/\",\"name\":\"Tour Travel And More\",\"description\":\"Private sightseeing tours and luxury transfers in Spain\",\"publisher\":{\"@id\":\"https:\/\/tourtravelandmore.com\/fr\/#organization\"},\"potentialAction\":[{\"@type\":\"SearchAction\",\"target\":{\"@type\":\"EntryPoint\",\"urlTemplate\":\"https:\/\/tourtravelandmore.com\/fr\/?s={search_term_string}\"},\"query-input\":{\"@type\":\"PropertyValueSpecification\",\"valueRequired\":true,\"valueName\":\"search_term_string\"}}],\"inLanguage\":\"fr-FR\"},{\"@type\":\"Organization\",\"@id\":\"https:\/\/tourtravelandmore.com\/fr\/#organization\",\"name\":\"Tour Travel And More\",\"url\":\"https:\/\/tourtravelandmore.com\/fr\/\",\"logo\":{\"@type\":\"ImageObject\",\"inLanguage\":\"fr-FR\",\"@id\":\"https:\/\/tourtravelandmore.com\/fr\/#\/schema\/logo\/image\/\",\"url\":\"https:\/\/tourtravelandmore.com\/wp-content\/uploads\/2022\/12\/cropped-logo-cabecera-new.png\",\"contentUrl\":\"https:\/\/tourtravelandmore.com\/wp-content\/uploads\/2022\/12\/cropped-logo-cabecera-new.png\",\"width\":430,\"height\":61,\"caption\":\"Tour Travel And More\"},\"image\":{\"@id\":\"https:\/\/tourtravelandmore.com\/fr\/#\/schema\/logo\/image\/\"},\"sameAs\":[\"https:\/\/www.facebook.com\/tourtravelandmore\/\",\"https:\/\/x.com\/TourTravel_More\"]}]}<\/script>\n<!-- \/ Yoast SEO Premium plugin. -->","yoast_head_json":{"title":"Guide touristique priv\u00e9 de Barcelone et voiture de luxe avec chauffeur - Architecture moderne","description":"Visite priv\u00e9e. Admirez la grande architecture moderne et les sites des monuments les plus importants et les plus connus de Barcelone. Guide et chauffeur priv\u00e9 de Barcelone","robots":{"index":"index","follow":"follow","max-snippet":"max-snippet:-1","max-image-preview":"max-image-preview:large","max-video-preview":"max-video-preview:-1"},"canonical":"https:\/\/tourtravelandmore.com\/fr\/tours\/espagne-fr\/barcelone-fr\/guide-prive-de-barcelone-architecture-moderne\/","og_locale":"fr_FR","og_type":"article","og_title":"Guide priv\u00e9 de Barcelone - Architecture moderne","og_description":"Visite priv\u00e9e. Admirez la grande architecture moderne et les sites des monuments les plus importants et les plus connus de Barcelone. Guide et chauffeur priv\u00e9 de Barcelone","og_url":"https:\/\/tourtravelandmore.com\/fr\/tours\/espagne-fr\/barcelone-fr\/guide-prive-de-barcelone-architecture-moderne\/","og_site_name":"Tour Travel And More","article_publisher":"https:\/\/www.facebook.com\/tourtravelandmore\/","og_image":[{"width":960,"height":641,"url":"https:\/\/tourtravelandmore.com\/wp-content\/uploads\/2016\/10\/barcelona-modern-arquitecture-tour.jpg","type":"image\/jpeg"}],"twitter_card":"summary_large_image","twitter_site":"@TourTravel_More","twitter_misc":{"Dur\u00e9e de lecture estim\u00e9e":"2 minutes"},"schema":{"@context":"https:\/\/schema.org","@graph":[{"@type":"WebPage","@id":"https:\/\/tourtravelandmore.com\/fr\/tours\/espagne-fr\/barcelone-fr\/guide-prive-de-barcelone-architecture-moderne\/","url":"https:\/\/tourtravelandmore.com\/fr\/tours\/espagne-fr\/barcelone-fr\/guide-prive-de-barcelone-architecture-moderne\/","name":"Guide touristique priv\u00e9 de Barcelone et voiture de luxe avec chauffeur - Architecture moderne","isPartOf":{"@id":"https:\/\/tourtravelandmore.com\/fr\/#website"},"primaryImageOfPage":{"@id":"https:\/\/tourtravelandmore.com\/fr\/tours\/espagne-fr\/barcelone-fr\/guide-prive-de-barcelone-architecture-moderne\/#primaryimage"},"image":{"@id":"https:\/\/tourtravelandmore.com\/fr\/tours\/espagne-fr\/barcelone-fr\/guide-prive-de-barcelone-architecture-moderne\/#primaryimage"},"thumbnailUrl":"https:\/\/tourtravelandmore.com\/wp-content\/uploads\/2016\/10\/barcelona-modern-arquitecture-tour.jpg","datePublished":"2016-10-20T15:00:19+00:00","description":"Visite priv\u00e9e. Admirez la grande architecture moderne et les sites des monuments les plus importants et les plus connus de Barcelone. Guide et chauffeur priv\u00e9 de Barcelone","breadcrumb":{"@id":"https:\/\/tourtravelandmore.com\/fr\/tours\/espagne-fr\/barcelone-fr\/guide-prive-de-barcelone-architecture-moderne\/#breadcrumb"},"inLanguage":"fr-FR","potentialAction":[{"@type":"ReadAction","target":["https:\/\/tourtravelandmore.com\/fr\/tours\/espagne-fr\/barcelone-fr\/guide-prive-de-barcelone-architecture-moderne\/"]}]},{"@type":"ImageObject","inLanguage":"fr-FR","@id":"https:\/\/tourtravelandmore.com\/fr\/tours\/espagne-fr\/barcelone-fr\/guide-prive-de-barcelone-architecture-moderne\/#primaryimage","url":"https:\/\/tourtravelandmore.com\/wp-content\/uploads\/2016\/10\/barcelona-modern-arquitecture-tour.jpg","contentUrl":"https:\/\/tourtravelandmore.com\/wp-content\/uploads\/2016\/10\/barcelona-modern-arquitecture-tour.jpg","width":960,"height":641},{"@type":"BreadcrumbList","@id":"https:\/\/tourtravelandmore.com\/fr\/tours\/espagne-fr\/barcelone-fr\/guide-prive-de-barcelone-architecture-moderne\/#breadcrumb","itemListElement":[{"@type":"ListItem","position":1,"name":"Home","item":"https:\/\/tourtravelandmore.com\/fr\/"},{"@type":"ListItem","position":2,"name":"Tours","item":"https:\/\/tourtravelandmore.com\/fr\/tours\/"},{"@type":"ListItem","position":3,"name":"Guide priv\u00e9 de Barcelone &#8211; Architecture moderne"}]},{"@type":"WebSite","@id":"https:\/\/tourtravelandmore.com\/fr\/#website","url":"https:\/\/tourtravelandmore.com\/fr\/","name":"Tour Travel And More","description":"Private sightseeing tours and luxury transfers in Spain","publisher":{"@id":"https:\/\/tourtravelandmore.com\/fr\/#organization"},"potentialAction":[{"@type":"SearchAction","target":{"@type":"EntryPoint","urlTemplate":"https:\/\/tourtravelandmore.com\/fr\/?s={search_term_string}"},"query-input":{"@type":"PropertyValueSpecification","valueRequired":true,"valueName":"search_term_string"}}],"inLanguage":"fr-FR"},{"@type":"Organization","@id":"https:\/\/tourtravelandmore.com\/fr\/#organization","name":"Tour Travel And More","url":"https:\/\/tourtravelandmore.com\/fr\/","logo":{"@type":"ImageObject","inLanguage":"fr-FR","@id":"https:\/\/tourtravelandmore.com\/fr\/#\/schema\/logo\/image\/","url":"https:\/\/tourtravelandmore.com\/wp-content\/uploads\/2022\/12\/cropped-logo-cabecera-new.png","contentUrl":"https:\/\/tourtravelandmore.com\/wp-content\/uploads\/2022\/12\/cropped-logo-cabecera-new.png","width":430,"height":61,"caption":"Tour Travel And More"},"image":{"@id":"https:\/\/tourtravelandmore.com\/fr\/#\/schema\/logo\/image\/"},"sameAs":["https:\/\/www.facebook.com\/tourtravelandmore\/","https:\/\/x.com\/TourTravel_More"]}]}},"_links":{"self":[{"href":"https:\/\/tourtravelandmore.com\/fr\/wp-json\/wp\/v2\/product\/93503","targetHints":{"allow":["GET"]}}],"collection":[{"href":"https:\/\/tourtravelandmore.com\/fr\/wp-json\/wp\/v2\/product"}],"about":[{"href":"https:\/\/tourtravelandmore.com\/fr\/wp-json\/wp\/v2\/types\/product"}],"replies":[{"embeddable":true,"href":"https:\/\/tourtravelandmore.com\/fr\/wp-json\/wp\/v2\/comments?post=93503"}],"wp:featuredmedia":[{"embeddable":true,"href":"https:\/\/tourtravelandmore.com\/fr\/wp-json\/wp\/v2\/media\/93504"}],"wp:attachment":[{"href":"https:\/\/tourtravelandmore.com\/fr\/wp-json\/wp\/v2\/media?parent=93503"}],"wp:term":[{"taxonomy":"product_brand","embeddable":true,"href":"https:\/\/tourtravelandmore.com\/fr\/wp-json\/wp\/v2\/product_brand?post=93503"},{"taxonomy":"product_cat","embeddable":true,"href":"https:\/\/tourtravelandmore.com\/fr\/wp-json\/wp\/v2\/product_cat?post=93503"},{"taxonomy":"product_tag","embeddable":true,"href":"https:\/\/tourtravelandmore.com\/fr\/wp-json\/wp\/v2\/product_tag?post=93503"}],"curies":[{"name":"wp","href":"https:\/\/api.w.org\/{rel}","templated":true}]}}