{"id":93492,"date":"2017-10-26T12:00:29","date_gmt":"2017-10-26T10:00:29","guid":{"rendered":"https:\/\/tourtravelandmore.com\/tours\/non class\u00e9\/visite-privee-a-pied-de-gaudi-la-pedrera-et-la-casa-batllo\/"},"modified":"2017-10-26T12:00:29","modified_gmt":"2017-10-26T10:00:29","slug":"visite-privee-a-pied-de-gaudi-la-pedrera-et-la-casa-batllo","status":"publish","type":"product","link":"https:\/\/tourtravelandmore.com\/fr\/tours\/espagne-fr\/barcelone-fr\/visite-privee-a-pied-de-gaudi-la-pedrera-et-la-casa-batllo\/","title":{"rendered":"Visite priv\u00e9e \u00e0 pied de Gaudi &#8211; La Pedrera et la Casa Batllo"},"content":{"rendered":"<h2>La description<\/h2>\n<p>L&#8217;une des ic\u00f4nes de la ville de Barcleona est Antonio Gaudi. Vous ne pouvez pas manquer l&#8217;occasion de profiter de cette visite priv\u00e9e \u00e0 pied de Gaudi. Apprenez \u00e0 conna\u00eetre les b\u00e2timents les plus importants d&#8217;Antonio Gaudi \u00e0 c\u00f4t\u00e9 de votre guide officiel priv\u00e9.<\/p>\n<p>Profitez de cette visite priv\u00e9e avec votre propre guide officiel priv\u00e9 et profitez de l&#8217;exp\u00e9rience de visiter deux des meilleures \u0153uvres d&#8217;Antoni Gaudi.<\/p>\n<p>Il s&#8217;agit d&#8217;une visite \u00e0 pied et si votre h\u00f4tel est dans le centre-ville, nous pouvons organiser une prise en charge \u00e0 pied. Sinon, nous nous rencontrerons \u00e0 un point de rencontre central. Nous commencerons ensuite votre visite priv\u00e9e \u00e0 pied de Gaudi.<\/p>\n<p>Il s&#8217;agit d&#8217;une visite enti\u00e8rement personnalis\u00e9e. Vous pouvez personnaliser chaque visite en nous contactant simplement. Voici un exemple de certains des sites les plus importants que vous visiterez lors de cette visite \u00e0 pied de Gaudi. Votre visite sera enti\u00e8rement personnalis\u00e9e pour r\u00e9pondre exactement \u00e0 vos besoins.<\/p>\n<p>Nous vous aiderons \u00e0 organiser votre exp\u00e9rience totalement personnalis\u00e9e et unique \u00e0 Barcelone.<\/p>\n<p>Jetez un \u0153il \u00e0 notre autre tourn\u00e9e de Gaudi. Cette visite de Gaudi comprend la Sagrada Familia et le parc Guell.<\/p>\n<h2>Sites d&#8217;int\u00e9r\u00eat et monuments<\/h2>\n<p>Tout d&#8217;abord, vous rencontrerez votre guide officiel priv\u00e9 (ou si votre h\u00f4tel est situ\u00e9 au centre, votre guide peut venir vous chercher \u00e0 votre h\u00f4tel) et traversez le Passeig de Gracia.<\/p>\n<p>Le Paseo de Gracia est l&#8217;une des rues les plus belles et les plus connues de Barcelone. Vous visiterez deux des principaux monuments que la ville a \u00e0 offrir, deux \u0153uvres \u00e9tonnantes d&#8217;Antoni Gaudi; Casa Batllo et La Pedrera. En fonction de l&#8217;emplacement de votre h\u00f4tel, nous commencerons par visiter l&#8217;un ou l&#8217;autre des monuments de Gaudi lors de cette visite priv\u00e9e \u00e0 pied de Gaudi.<\/p>\n<p>Deuxi\u00e8mement, nous nous dirigerons vers la Casa Batllo. Casa Batllo il est situ\u00e9 en plein c\u0153ur du Passeig de Gracia. La Casa Batllo date de 1877. En 1904, Josep Batllo l&#8217;a achet\u00e9e et a demand\u00e9 \u00e0 Antonio Gaudi de la r\u00e9nover et de la diviser en appartements. Sa fa\u00e7ade est carrel\u00e9e d&#8217;une mosa\u00efque compos\u00e9e de morceaux de verre et de disques en c\u00e9ramique, donnant une surface ondul\u00e9e.<\/p>\n<p>Troisi\u00e8mement, nous continuerons vers La Pedrera. La Pedrera est \u00e9galement connue sous le nom de Casa Mila. La Pedrera date entre 1906 et 1912 par Antonio Gaudi. C&#8217;\u00e9tait avant qu&#8217;il ne se consacre compl\u00e8tement \u00e0 la Sagrada Familia. Gaudi a con\u00e7u la Casa Mila exclusivement avec une forme naturelle, en cons\u00e9quence pas un seul angle droit ne peut \u00eatre trouv\u00e9.<\/p>\n<p>Enfin, apr\u00e8s avoir visit\u00e9 les deux endroits, votre guide continuera \u00e0 vous montrer le centre de Barcelone. Cela d\u00e9pendra du temps restant.<\/p>\n<p>En conclusion, cette visite priv\u00e9e \u00e0 pied de Gaudi se terminera dans le centre-ville et vous pourrez vous promener seul.<\/p>\n","protected":false},"excerpt":{"rendered":"<p>Profitez de cette visite \u00e0 pied enti\u00e8rement priv\u00e9e avec votre guide officiel et d\u00e9couvrez deux des monuments les plus embl\u00e9matiques de Barcelone. Nous viendrons vous chercher \u00e0 votre h\u00f4tel s&#8217;il est situ\u00e9 au centre ou au point de rendez-vous central et vous emm\u00e8nerons dans cette visite priv\u00e9e pour conna\u00eetre Barcelone et visiter La Pedrera et la Casa Batllo, deux des \u0153uvres principales que le grand Antonio Gaudi a r\u00e9alis\u00e9es Barcelone.<\/p>\n","protected":false},"featured_media":93497,"comment_status":"open","ping_status":"closed","template":"","meta":{"_acf_changed":false},"product_brand":[],"product_cat":[3538],"product_tag":[],"class_list":{"0":"post-93492","1":"product","2":"type-product","3":"status-publish","4":"has-post-thumbnail","6":"product_cat-barcelone-fr","8":"first","9":"instock","10":"shipping-taxable","11":"purchasable","12":"product-type-simple"},"acf":[],"yoast_head":"<!-- This site is optimized with the Yoast SEO Premium plugin v25.3.1 (Yoast SEO v25.3.1) - https:\/\/yoast.com\/wordpress\/plugins\/seo\/ -->\n<title>Visite priv\u00e9e \u00e0 pied de Gaudi - Billets pour La Pedrera et la Casa Batllo inclus<\/title>\n<meta name=\"description\" content=\"Profitez de cette visite priv\u00e9e \u00e0 pied de Gaudi avec votre guide officiel et entrez dans La Pedrera et la Casa Batllo pour profiter des sites les plus embl\u00e9matiques d&#039;Antonio Gaudi.\" \/>\n<meta name=\"robots\" content=\"index, follow, max-snippet:-1, max-image-preview:large, max-video-preview:-1\" \/>\n<link rel=\"canonical\" href=\"https:\/\/tourtravelandmore.com\/fr\/tours\/espagne-fr\/barcelone-fr\/visite-privee-a-pied-de-gaudi-la-pedrera-et-la-casa-batllo\/\" \/>\n<meta property=\"og:locale\" content=\"fr_FR\" \/>\n<meta property=\"og:type\" content=\"article\" \/>\n<meta property=\"og:title\" content=\"Visite priv\u00e9e \u00e0 pied de Gaudi - La Pedrera et la Casa Batllo\" \/>\n<meta property=\"og:description\" content=\"Profitez de cette visite priv\u00e9e \u00e0 pied de Gaudi avec votre guide officiel et entrez dans La Pedrera et la Casa Batllo pour profiter des sites les plus embl\u00e9matiques d&#039;Antonio Gaudi.\" \/>\n<meta property=\"og:url\" content=\"https:\/\/tourtravelandmore.com\/fr\/tours\/espagne-fr\/barcelone-fr\/visite-privee-a-pied-de-gaudi-la-pedrera-et-la-casa-batllo\/\" \/>\n<meta property=\"og:site_name\" content=\"Tour Travel And More\" \/>\n<meta property=\"article:publisher\" content=\"https:\/\/www.facebook.com\/tourtravelandmore\/\" \/>\n<meta property=\"og:image\" content=\"https:\/\/tourtravelandmore.com\/wp-content\/uploads\/2017\/10\/Pedrera-1.jpg\" \/>\n\t<meta property=\"og:image:width\" content=\"1160\" \/>\n\t<meta property=\"og:image:height\" content=\"960\" \/>\n\t<meta property=\"og:image:type\" content=\"image\/jpeg\" \/>\n<meta name=\"twitter:card\" content=\"summary_large_image\" \/>\n<meta name=\"twitter:site\" content=\"@TourTravel_More\" \/>\n<meta name=\"twitter:label1\" content=\"Dur\u00e9e de lecture estim\u00e9e\" \/>\n\t<meta name=\"twitter:data1\" content=\"2 minutes\" \/>\n<script type=\"application\/ld+json\" class=\"yoast-schema-graph\">{\"@context\":\"https:\/\/schema.org\",\"@graph\":[{\"@type\":\"WebPage\",\"@id\":\"https:\/\/tourtravelandmore.com\/fr\/tours\/espagne-fr\/barcelone-fr\/visite-privee-a-pied-de-gaudi-la-pedrera-et-la-casa-batllo\/\",\"url\":\"https:\/\/tourtravelandmore.com\/fr\/tours\/espagne-fr\/barcelone-fr\/visite-privee-a-pied-de-gaudi-la-pedrera-et-la-casa-batllo\/\",\"name\":\"Visite priv\u00e9e \u00e0 pied de Gaudi - Billets pour La Pedrera et la Casa Batllo inclus\",\"isPartOf\":{\"@id\":\"https:\/\/tourtravelandmore.com\/fr\/#website\"},\"primaryImageOfPage\":{\"@id\":\"https:\/\/tourtravelandmore.com\/fr\/tours\/espagne-fr\/barcelone-fr\/visite-privee-a-pied-de-gaudi-la-pedrera-et-la-casa-batllo\/#primaryimage\"},\"image\":{\"@id\":\"https:\/\/tourtravelandmore.com\/fr\/tours\/espagne-fr\/barcelone-fr\/visite-privee-a-pied-de-gaudi-la-pedrera-et-la-casa-batllo\/#primaryimage\"},\"thumbnailUrl\":\"https:\/\/tourtravelandmore.com\/wp-content\/uploads\/2017\/10\/Pedrera-1.jpg\",\"datePublished\":\"2017-10-26T10:00:29+00:00\",\"description\":\"Profitez de cette visite priv\u00e9e \u00e0 pied de Gaudi avec votre guide officiel et entrez dans La Pedrera et la Casa Batllo pour profiter des sites les plus embl\u00e9matiques d'Antonio Gaudi.\",\"breadcrumb\":{\"@id\":\"https:\/\/tourtravelandmore.com\/fr\/tours\/espagne-fr\/barcelone-fr\/visite-privee-a-pied-de-gaudi-la-pedrera-et-la-casa-batllo\/#breadcrumb\"},\"inLanguage\":\"fr-FR\",\"potentialAction\":[{\"@type\":\"ReadAction\",\"target\":[\"https:\/\/tourtravelandmore.com\/fr\/tours\/espagne-fr\/barcelone-fr\/visite-privee-a-pied-de-gaudi-la-pedrera-et-la-casa-batllo\/\"]}]},{\"@type\":\"ImageObject\",\"inLanguage\":\"fr-FR\",\"@id\":\"https:\/\/tourtravelandmore.com\/fr\/tours\/espagne-fr\/barcelone-fr\/visite-privee-a-pied-de-gaudi-la-pedrera-et-la-casa-batllo\/#primaryimage\",\"url\":\"https:\/\/tourtravelandmore.com\/wp-content\/uploads\/2017\/10\/Pedrera-1.jpg\",\"contentUrl\":\"https:\/\/tourtravelandmore.com\/wp-content\/uploads\/2017\/10\/Pedrera-1.jpg\",\"width\":1160,\"height\":960},{\"@type\":\"BreadcrumbList\",\"@id\":\"https:\/\/tourtravelandmore.com\/fr\/tours\/espagne-fr\/barcelone-fr\/visite-privee-a-pied-de-gaudi-la-pedrera-et-la-casa-batllo\/#breadcrumb\",\"itemListElement\":[{\"@type\":\"ListItem\",\"position\":1,\"name\":\"Home\",\"item\":\"https:\/\/tourtravelandmore.com\/fr\/\"},{\"@type\":\"ListItem\",\"position\":2,\"name\":\"Tours\",\"item\":\"https:\/\/tourtravelandmore.com\/fr\/tours\/\"},{\"@type\":\"ListItem\",\"position\":3,\"name\":\"Visite priv\u00e9e \u00e0 pied de Gaudi &#8211; La Pedrera et la Casa Batllo\"}]},{\"@type\":\"WebSite\",\"@id\":\"https:\/\/tourtravelandmore.com\/fr\/#website\",\"url\":\"https:\/\/tourtravelandmore.com\/fr\/\",\"name\":\"Tour Travel And More\",\"description\":\"Private sightseeing tours and luxury transfers in Spain\",\"publisher\":{\"@id\":\"https:\/\/tourtravelandmore.com\/fr\/#organization\"},\"potentialAction\":[{\"@type\":\"SearchAction\",\"target\":{\"@type\":\"EntryPoint\",\"urlTemplate\":\"https:\/\/tourtravelandmore.com\/fr\/?s={search_term_string}\"},\"query-input\":{\"@type\":\"PropertyValueSpecification\",\"valueRequired\":true,\"valueName\":\"search_term_string\"}}],\"inLanguage\":\"fr-FR\"},{\"@type\":\"Organization\",\"@id\":\"https:\/\/tourtravelandmore.com\/fr\/#organization\",\"name\":\"Tour Travel And More\",\"url\":\"https:\/\/tourtravelandmore.com\/fr\/\",\"logo\":{\"@type\":\"ImageObject\",\"inLanguage\":\"fr-FR\",\"@id\":\"https:\/\/tourtravelandmore.com\/fr\/#\/schema\/logo\/image\/\",\"url\":\"https:\/\/tourtravelandmore.com\/wp-content\/uploads\/2022\/12\/cropped-logo-cabecera-new.png\",\"contentUrl\":\"https:\/\/tourtravelandmore.com\/wp-content\/uploads\/2022\/12\/cropped-logo-cabecera-new.png\",\"width\":430,\"height\":61,\"caption\":\"Tour Travel And More\"},\"image\":{\"@id\":\"https:\/\/tourtravelandmore.com\/fr\/#\/schema\/logo\/image\/\"},\"sameAs\":[\"https:\/\/www.facebook.com\/tourtravelandmore\/\",\"https:\/\/x.com\/TourTravel_More\"]}]}<\/script>\n<!-- \/ Yoast SEO Premium plugin. -->","yoast_head_json":{"title":"Visite priv\u00e9e \u00e0 pied de Gaudi - Billets pour La Pedrera et la Casa Batllo inclus","description":"Profitez de cette visite priv\u00e9e \u00e0 pied de Gaudi avec votre guide officiel et entrez dans La Pedrera et la Casa Batllo pour profiter des sites les plus embl\u00e9matiques d'Antonio Gaudi.","robots":{"index":"index","follow":"follow","max-snippet":"max-snippet:-1","max-image-preview":"max-image-preview:large","max-video-preview":"max-video-preview:-1"},"canonical":"https:\/\/tourtravelandmore.com\/fr\/tours\/espagne-fr\/barcelone-fr\/visite-privee-a-pied-de-gaudi-la-pedrera-et-la-casa-batllo\/","og_locale":"fr_FR","og_type":"article","og_title":"Visite priv\u00e9e \u00e0 pied de Gaudi - La Pedrera et la Casa Batllo","og_description":"Profitez de cette visite priv\u00e9e \u00e0 pied de Gaudi avec votre guide officiel et entrez dans La Pedrera et la Casa Batllo pour profiter des sites les plus embl\u00e9matiques d'Antonio Gaudi.","og_url":"https:\/\/tourtravelandmore.com\/fr\/tours\/espagne-fr\/barcelone-fr\/visite-privee-a-pied-de-gaudi-la-pedrera-et-la-casa-batllo\/","og_site_name":"Tour Travel And More","article_publisher":"https:\/\/www.facebook.com\/tourtravelandmore\/","og_image":[{"width":1160,"height":960,"url":"https:\/\/tourtravelandmore.com\/wp-content\/uploads\/2017\/10\/Pedrera-1.jpg","type":"image\/jpeg"}],"twitter_card":"summary_large_image","twitter_site":"@TourTravel_More","twitter_misc":{"Dur\u00e9e de lecture estim\u00e9e":"2 minutes"},"schema":{"@context":"https:\/\/schema.org","@graph":[{"@type":"WebPage","@id":"https:\/\/tourtravelandmore.com\/fr\/tours\/espagne-fr\/barcelone-fr\/visite-privee-a-pied-de-gaudi-la-pedrera-et-la-casa-batllo\/","url":"https:\/\/tourtravelandmore.com\/fr\/tours\/espagne-fr\/barcelone-fr\/visite-privee-a-pied-de-gaudi-la-pedrera-et-la-casa-batllo\/","name":"Visite priv\u00e9e \u00e0 pied de Gaudi - Billets pour La Pedrera et la Casa Batllo inclus","isPartOf":{"@id":"https:\/\/tourtravelandmore.com\/fr\/#website"},"primaryImageOfPage":{"@id":"https:\/\/tourtravelandmore.com\/fr\/tours\/espagne-fr\/barcelone-fr\/visite-privee-a-pied-de-gaudi-la-pedrera-et-la-casa-batllo\/#primaryimage"},"image":{"@id":"https:\/\/tourtravelandmore.com\/fr\/tours\/espagne-fr\/barcelone-fr\/visite-privee-a-pied-de-gaudi-la-pedrera-et-la-casa-batllo\/#primaryimage"},"thumbnailUrl":"https:\/\/tourtravelandmore.com\/wp-content\/uploads\/2017\/10\/Pedrera-1.jpg","datePublished":"2017-10-26T10:00:29+00:00","description":"Profitez de cette visite priv\u00e9e \u00e0 pied de Gaudi avec votre guide officiel et entrez dans La Pedrera et la Casa Batllo pour profiter des sites les plus embl\u00e9matiques d'Antonio Gaudi.","breadcrumb":{"@id":"https:\/\/tourtravelandmore.com\/fr\/tours\/espagne-fr\/barcelone-fr\/visite-privee-a-pied-de-gaudi-la-pedrera-et-la-casa-batllo\/#breadcrumb"},"inLanguage":"fr-FR","potentialAction":[{"@type":"ReadAction","target":["https:\/\/tourtravelandmore.com\/fr\/tours\/espagne-fr\/barcelone-fr\/visite-privee-a-pied-de-gaudi-la-pedrera-et-la-casa-batllo\/"]}]},{"@type":"ImageObject","inLanguage":"fr-FR","@id":"https:\/\/tourtravelandmore.com\/fr\/tours\/espagne-fr\/barcelone-fr\/visite-privee-a-pied-de-gaudi-la-pedrera-et-la-casa-batllo\/#primaryimage","url":"https:\/\/tourtravelandmore.com\/wp-content\/uploads\/2017\/10\/Pedrera-1.jpg","contentUrl":"https:\/\/tourtravelandmore.com\/wp-content\/uploads\/2017\/10\/Pedrera-1.jpg","width":1160,"height":960},{"@type":"BreadcrumbList","@id":"https:\/\/tourtravelandmore.com\/fr\/tours\/espagne-fr\/barcelone-fr\/visite-privee-a-pied-de-gaudi-la-pedrera-et-la-casa-batllo\/#breadcrumb","itemListElement":[{"@type":"ListItem","position":1,"name":"Home","item":"https:\/\/tourtravelandmore.com\/fr\/"},{"@type":"ListItem","position":2,"name":"Tours","item":"https:\/\/tourtravelandmore.com\/fr\/tours\/"},{"@type":"ListItem","position":3,"name":"Visite priv\u00e9e \u00e0 pied de Gaudi &#8211; La Pedrera et la Casa Batllo"}]},{"@type":"WebSite","@id":"https:\/\/tourtravelandmore.com\/fr\/#website","url":"https:\/\/tourtravelandmore.com\/fr\/","name":"Tour Travel And More","description":"Private sightseeing tours and luxury transfers in Spain","publisher":{"@id":"https:\/\/tourtravelandmore.com\/fr\/#organization"},"potentialAction":[{"@type":"SearchAction","target":{"@type":"EntryPoint","urlTemplate":"https:\/\/tourtravelandmore.com\/fr\/?s={search_term_string}"},"query-input":{"@type":"PropertyValueSpecification","valueRequired":true,"valueName":"search_term_string"}}],"inLanguage":"fr-FR"},{"@type":"Organization","@id":"https:\/\/tourtravelandmore.com\/fr\/#organization","name":"Tour Travel And More","url":"https:\/\/tourtravelandmore.com\/fr\/","logo":{"@type":"ImageObject","inLanguage":"fr-FR","@id":"https:\/\/tourtravelandmore.com\/fr\/#\/schema\/logo\/image\/","url":"https:\/\/tourtravelandmore.com\/wp-content\/uploads\/2022\/12\/cropped-logo-cabecera-new.png","contentUrl":"https:\/\/tourtravelandmore.com\/wp-content\/uploads\/2022\/12\/cropped-logo-cabecera-new.png","width":430,"height":61,"caption":"Tour Travel And More"},"image":{"@id":"https:\/\/tourtravelandmore.com\/fr\/#\/schema\/logo\/image\/"},"sameAs":["https:\/\/www.facebook.com\/tourtravelandmore\/","https:\/\/x.com\/TourTravel_More"]}]}},"_links":{"self":[{"href":"https:\/\/tourtravelandmore.com\/fr\/wp-json\/wp\/v2\/product\/93492","targetHints":{"allow":["GET"]}}],"collection":[{"href":"https:\/\/tourtravelandmore.com\/fr\/wp-json\/wp\/v2\/product"}],"about":[{"href":"https:\/\/tourtravelandmore.com\/fr\/wp-json\/wp\/v2\/types\/product"}],"replies":[{"embeddable":true,"href":"https:\/\/tourtravelandmore.com\/fr\/wp-json\/wp\/v2\/comments?post=93492"}],"wp:featuredmedia":[{"embeddable":true,"href":"https:\/\/tourtravelandmore.com\/fr\/wp-json\/wp\/v2\/media\/93497"}],"wp:attachment":[{"href":"https:\/\/tourtravelandmore.com\/fr\/wp-json\/wp\/v2\/media?parent=93492"}],"wp:term":[{"taxonomy":"product_brand","embeddable":true,"href":"https:\/\/tourtravelandmore.com\/fr\/wp-json\/wp\/v2\/product_brand?post=93492"},{"taxonomy":"product_cat","embeddable":true,"href":"https:\/\/tourtravelandmore.com\/fr\/wp-json\/wp\/v2\/product_cat?post=93492"},{"taxonomy":"product_tag","embeddable":true,"href":"https:\/\/tourtravelandmore.com\/fr\/wp-json\/wp\/v2\/product_tag?post=93492"}],"curies":[{"name":"wp","href":"https:\/\/api.w.org\/{rel}","templated":true}]}}