{"id":93483,"date":"2017-10-03T10:09:00","date_gmt":"2017-10-03T08:09:00","guid":{"rendered":"https:\/\/tourtravelandmore.com\/tours\/non class\u00e9\/visite-privee-de-gerone-au-depart-de-barcelone\/"},"modified":"2017-10-03T10:09:00","modified_gmt":"2017-10-03T08:09:00","slug":"visite-privee-de-gerone-au-depart-de-barcelone","status":"publish","type":"product","link":"https:\/\/tourtravelandmore.com\/fr\/tours\/espagne-fr\/barcelone-fr\/visite-privee-de-gerone-au-depart-de-barcelone\/","title":{"rendered":"Visite priv\u00e9e de G\u00e9rone au d\u00e9part de Barcelone"},"content":{"rendered":"<h2>La description<\/h2>\n<p>Profitez de cette visite priv\u00e9e de G\u00e9rone au d\u00e9part de Barcelone avec votre propre v\u00e9hicule de luxe priv\u00e9 avec chauffeur et un guide s\u00e9par\u00e9 une fois \u00e0 G\u00e9rone. Profitez de l&#8217;exp\u00e9rience de visiter G\u00e9rone, l&#8217;une des plus belles villes de Catalogne.<\/p>\n<p>Tout d&#8217;abord, nous viendrons vous chercher \u00e0 votre h\u00f4tel ou lieu de votre choix (h\u00f4tel, port de croisi\u00e8re, a\u00e9roport ou appartement) \u00e0 Barcelone. Votre chauffeur vous emm\u00e8nera dans cette visite priv\u00e9e de G\u00e9rone de Barcelone \u00e0 G\u00e9rone. Une fois sur place, vous rencontrerez votre guide professionnel en anglais (autres langues sur demande). \u00c0 G\u00e9rone, profitez d&#8217;une visite guid\u00e9e priv\u00e9e de 2 heures.<\/p>\n<p>Nous vous aiderons \u00e0 organiser votre exp\u00e9rience totalement personnalis\u00e9e et unique \u00e0 Barcelone et \u00e0 G\u00e9rone. Votre guide vous montrera les sites et monuments les plus beaux et les plus embl\u00e9matiques de cette magnifique ville catalane.<\/p>\n<h2>Sites d&#8217;int\u00e9r\u00eat et monuments<\/h2>\n<p>G\u00e9rone est l&#8217;une des plus anciennes villes d&#8217;Espagne. Il a plus de 2000 ans d&#8217;histoire, et offre toute son histoire \u00e0 travers deux enceintes fortifi\u00e9es, la For\u00e7a Vella et le quartier m\u00e9di\u00e9val.<\/p>\n<p>G\u00e9rone est situ\u00e9e \u00e0 seulement 1 heure et demie du centre de Barcelone. C&#8217;est la deuxi\u00e8me plus grande ville de Catalogne. G\u00e9rone donne \u00e9galement le nom \u00e0 l&#8217;une des plus belles provinces d&#8217;Espagne.<\/p>\n<p>Une fois arriv\u00e9 \u00e0 G\u00e9rone, vous rencontrerez votre guide officiel priv\u00e9. Votre guide professionnel vous montrera tous les secrets de cette ville magnifique et historique. La visite priv\u00e9e \u00e0 pied de G\u00e9rone durera 2 heures.<\/p>\n<p>Vous visiterez diff\u00e9rents endroits de G\u00e9rone; par exemple;<\/p>\n<ul>\n<li>la cath\u00e9drale Santa Maria<\/li>\n<li>le quartier juif<\/li>\n<li>marcher \u00e0 c\u00f4t\u00e9 de l&#8217;Onyar<\/li>\n<li>Passeig de la Muralla (Mur)<\/li>\n<li>Banys Arabes<\/li>\n<li>Murailles de la ville de G\u00e9rone<\/li>\n<li>Pla\u00e7a de la Independencia &#8211; Place de G\u00e9rone<\/li>\n<li>La Lleona<\/li>\n<li>Rambla de la Llibertat<\/li>\n<li>Pont de les Peixateries Velles<\/li>\n<li>Pont de Pedra<\/li>\n<li>Profitez de certains des 11 ponts que poss\u00e8de la ville<\/li>\n<li>Beaucoup plus!<\/li>\n<\/ul>\n<p>Si vous souhaitez visiter un endroit particulier de G\u00e9rone, dites-le nous et nous l&#8217;organiserons selon vos propres int\u00e9r\u00eats et vos go\u00fbts.<\/p>\n<p>Lorsque le temps avec votre guide est termin\u00e9, vous profiterez d&#8217;une heure pour vous-m\u00eame \u00e0 G\u00e9rone, avec votre v\u00e9hicule priv\u00e9 \u00e0 votre disposition. Ensuite, votre chauffeur vous ram\u00e8nera \u00e0 Barcelone, \u00e0 l&#8217;endroit o\u00f9 la visite a commenc\u00e9, ou nous fera savoir \u00e0 l&#8217;avance si vous avez besoin d&#8217;une d\u00e9pose ailleurs.<\/p>\n<p>Nous pouvons organiser la dur\u00e9e exacte de l&#8217;exp\u00e9rience en fonction de vos propres besoins. Nous vous proposons 6 heures, si vous souhaitez une exp\u00e9rience plus courte ou plus longue, n&#8217;h\u00e9sitez pas \u00e0 nous le demander.<\/p>\n","protected":false},"excerpt":{"rendered":"<p>Profitez de cette exp\u00e9rience totalement priv\u00e9e pour visiter G\u00e9rone, l&#8217;une des villes les plus historiques d&#8217;Espagne, dans votre v\u00e9hicule priv\u00e9 avec chauffeur et un guide officiel de 2 heures \u00e0 G\u00e9rone. Profitez de cette occasion pour d\u00e9couvrir la deuxi\u00e8me plus grande ville catalane et visiter ses monuments et lieux les plus importants. Nous pouvons inclure un billet d&#8217;entr\u00e9e \u00e0 tout monument ou mus\u00e9e que vous souhaitez visiter.<\/p>\n","protected":false},"featured_media":93485,"comment_status":"open","ping_status":"closed","template":"","meta":{"_acf_changed":false},"product_brand":[],"product_cat":[3538],"product_tag":[],"class_list":{"0":"post-93483","1":"product","2":"type-product","3":"status-publish","4":"has-post-thumbnail","6":"product_cat-barcelone-fr","8":"first","9":"instock","10":"shipping-taxable","11":"purchasable","12":"product-type-simple"},"acf":[],"yoast_head":"<!-- This site is optimized with the Yoast SEO Premium plugin v25.3.1 (Yoast SEO v25.3.1) - https:\/\/yoast.com\/wordpress\/plugins\/seo\/ -->\n<title>Visite priv\u00e9e de G\u00e9rone au d\u00e9part de Barcelone - V\u00e9hicule de luxe et guide touristique \u00e0 G\u00e9rone<\/title>\n<meta name=\"description\" content=\"Visite priv\u00e9e de G\u00e9rone au d\u00e9part de Barcelone; une ville historique d&#039;Espagne, dans votre v\u00e9hicule priv\u00e9 avec chauffeur et guide officiel \u00e0 G\u00e9rone.\" \/>\n<meta name=\"robots\" content=\"index, follow, max-snippet:-1, max-image-preview:large, max-video-preview:-1\" \/>\n<link rel=\"canonical\" href=\"https:\/\/tourtravelandmore.com\/fr\/tours\/espagne-fr\/barcelone-fr\/visite-privee-de-gerone-au-depart-de-barcelone\/\" \/>\n<meta property=\"og:locale\" content=\"fr_FR\" \/>\n<meta property=\"og:type\" content=\"article\" \/>\n<meta property=\"og:title\" content=\"Visite priv\u00e9e de G\u00e9rone au d\u00e9part de Barcelone\" \/>\n<meta property=\"og:description\" content=\"Visite priv\u00e9e de G\u00e9rone au d\u00e9part de Barcelone; une ville historique d&#039;Espagne, dans votre v\u00e9hicule priv\u00e9 avec chauffeur et guide officiel \u00e0 G\u00e9rone.\" \/>\n<meta property=\"og:url\" content=\"https:\/\/tourtravelandmore.com\/fr\/tours\/espagne-fr\/barcelone-fr\/visite-privee-de-gerone-au-depart-de-barcelone\/\" \/>\n<meta property=\"og:site_name\" content=\"Tour Travel And More\" \/>\n<meta property=\"article:publisher\" content=\"https:\/\/www.facebook.com\/tourtravelandmore\/\" \/>\n<meta property=\"og:image\" content=\"https:\/\/tourtravelandmore.com\/wp-content\/uploads\/2017\/10\/girona-2.jpg\" \/>\n\t<meta property=\"og:image:width\" content=\"1200\" \/>\n\t<meta property=\"og:image:height\" content=\"784\" \/>\n\t<meta property=\"og:image:type\" content=\"image\/jpeg\" \/>\n<meta name=\"twitter:card\" content=\"summary_large_image\" \/>\n<meta name=\"twitter:site\" content=\"@TourTravel_More\" \/>\n<meta name=\"twitter:label1\" content=\"Dur\u00e9e de lecture estim\u00e9e\" \/>\n\t<meta name=\"twitter:data1\" content=\"2 minutes\" \/>\n<script type=\"application\/ld+json\" class=\"yoast-schema-graph\">{\"@context\":\"https:\/\/schema.org\",\"@graph\":[{\"@type\":\"WebPage\",\"@id\":\"https:\/\/tourtravelandmore.com\/fr\/tours\/espagne-fr\/barcelone-fr\/visite-privee-de-gerone-au-depart-de-barcelone\/\",\"url\":\"https:\/\/tourtravelandmore.com\/fr\/tours\/espagne-fr\/barcelone-fr\/visite-privee-de-gerone-au-depart-de-barcelone\/\",\"name\":\"Visite priv\u00e9e de G\u00e9rone au d\u00e9part de Barcelone - V\u00e9hicule de luxe et guide touristique \u00e0 G\u00e9rone\",\"isPartOf\":{\"@id\":\"https:\/\/tourtravelandmore.com\/fr\/#website\"},\"primaryImageOfPage\":{\"@id\":\"https:\/\/tourtravelandmore.com\/fr\/tours\/espagne-fr\/barcelone-fr\/visite-privee-de-gerone-au-depart-de-barcelone\/#primaryimage\"},\"image\":{\"@id\":\"https:\/\/tourtravelandmore.com\/fr\/tours\/espagne-fr\/barcelone-fr\/visite-privee-de-gerone-au-depart-de-barcelone\/#primaryimage\"},\"thumbnailUrl\":\"https:\/\/tourtravelandmore.com\/wp-content\/uploads\/2017\/10\/girona-2.jpg\",\"datePublished\":\"2017-10-03T08:09:00+00:00\",\"description\":\"Visite priv\u00e9e de G\u00e9rone au d\u00e9part de Barcelone; une ville historique d'Espagne, dans votre v\u00e9hicule priv\u00e9 avec chauffeur et guide officiel \u00e0 G\u00e9rone.\",\"breadcrumb\":{\"@id\":\"https:\/\/tourtravelandmore.com\/fr\/tours\/espagne-fr\/barcelone-fr\/visite-privee-de-gerone-au-depart-de-barcelone\/#breadcrumb\"},\"inLanguage\":\"fr-FR\",\"potentialAction\":[{\"@type\":\"ReadAction\",\"target\":[\"https:\/\/tourtravelandmore.com\/fr\/tours\/espagne-fr\/barcelone-fr\/visite-privee-de-gerone-au-depart-de-barcelone\/\"]}]},{\"@type\":\"ImageObject\",\"inLanguage\":\"fr-FR\",\"@id\":\"https:\/\/tourtravelandmore.com\/fr\/tours\/espagne-fr\/barcelone-fr\/visite-privee-de-gerone-au-depart-de-barcelone\/#primaryimage\",\"url\":\"https:\/\/tourtravelandmore.com\/wp-content\/uploads\/2017\/10\/girona-2.jpg\",\"contentUrl\":\"https:\/\/tourtravelandmore.com\/wp-content\/uploads\/2017\/10\/girona-2.jpg\",\"width\":1200,\"height\":784},{\"@type\":\"BreadcrumbList\",\"@id\":\"https:\/\/tourtravelandmore.com\/fr\/tours\/espagne-fr\/barcelone-fr\/visite-privee-de-gerone-au-depart-de-barcelone\/#breadcrumb\",\"itemListElement\":[{\"@type\":\"ListItem\",\"position\":1,\"name\":\"Home\",\"item\":\"https:\/\/tourtravelandmore.com\/fr\/\"},{\"@type\":\"ListItem\",\"position\":2,\"name\":\"Tours\",\"item\":\"https:\/\/tourtravelandmore.com\/fr\/tours\/\"},{\"@type\":\"ListItem\",\"position\":3,\"name\":\"Visite priv\u00e9e de G\u00e9rone au d\u00e9part de Barcelone\"}]},{\"@type\":\"WebSite\",\"@id\":\"https:\/\/tourtravelandmore.com\/fr\/#website\",\"url\":\"https:\/\/tourtravelandmore.com\/fr\/\",\"name\":\"Tour Travel And More\",\"description\":\"Private sightseeing tours and luxury transfers in Spain\",\"publisher\":{\"@id\":\"https:\/\/tourtravelandmore.com\/fr\/#organization\"},\"potentialAction\":[{\"@type\":\"SearchAction\",\"target\":{\"@type\":\"EntryPoint\",\"urlTemplate\":\"https:\/\/tourtravelandmore.com\/fr\/?s={search_term_string}\"},\"query-input\":{\"@type\":\"PropertyValueSpecification\",\"valueRequired\":true,\"valueName\":\"search_term_string\"}}],\"inLanguage\":\"fr-FR\"},{\"@type\":\"Organization\",\"@id\":\"https:\/\/tourtravelandmore.com\/fr\/#organization\",\"name\":\"Tour Travel And More\",\"url\":\"https:\/\/tourtravelandmore.com\/fr\/\",\"logo\":{\"@type\":\"ImageObject\",\"inLanguage\":\"fr-FR\",\"@id\":\"https:\/\/tourtravelandmore.com\/fr\/#\/schema\/logo\/image\/\",\"url\":\"https:\/\/tourtravelandmore.com\/wp-content\/uploads\/2022\/12\/cropped-logo-cabecera-new.png\",\"contentUrl\":\"https:\/\/tourtravelandmore.com\/wp-content\/uploads\/2022\/12\/cropped-logo-cabecera-new.png\",\"width\":430,\"height\":61,\"caption\":\"Tour Travel And More\"},\"image\":{\"@id\":\"https:\/\/tourtravelandmore.com\/fr\/#\/schema\/logo\/image\/\"},\"sameAs\":[\"https:\/\/www.facebook.com\/tourtravelandmore\/\",\"https:\/\/x.com\/TourTravel_More\"]}]}<\/script>\n<!-- \/ Yoast SEO Premium plugin. -->","yoast_head_json":{"title":"Visite priv\u00e9e de G\u00e9rone au d\u00e9part de Barcelone - V\u00e9hicule de luxe et guide touristique \u00e0 G\u00e9rone","description":"Visite priv\u00e9e de G\u00e9rone au d\u00e9part de Barcelone; une ville historique d'Espagne, dans votre v\u00e9hicule priv\u00e9 avec chauffeur et guide officiel \u00e0 G\u00e9rone.","robots":{"index":"index","follow":"follow","max-snippet":"max-snippet:-1","max-image-preview":"max-image-preview:large","max-video-preview":"max-video-preview:-1"},"canonical":"https:\/\/tourtravelandmore.com\/fr\/tours\/espagne-fr\/barcelone-fr\/visite-privee-de-gerone-au-depart-de-barcelone\/","og_locale":"fr_FR","og_type":"article","og_title":"Visite priv\u00e9e de G\u00e9rone au d\u00e9part de Barcelone","og_description":"Visite priv\u00e9e de G\u00e9rone au d\u00e9part de Barcelone; une ville historique d'Espagne, dans votre v\u00e9hicule priv\u00e9 avec chauffeur et guide officiel \u00e0 G\u00e9rone.","og_url":"https:\/\/tourtravelandmore.com\/fr\/tours\/espagne-fr\/barcelone-fr\/visite-privee-de-gerone-au-depart-de-barcelone\/","og_site_name":"Tour Travel And More","article_publisher":"https:\/\/www.facebook.com\/tourtravelandmore\/","og_image":[{"width":1200,"height":784,"url":"https:\/\/tourtravelandmore.com\/wp-content\/uploads\/2017\/10\/girona-2.jpg","type":"image\/jpeg"}],"twitter_card":"summary_large_image","twitter_site":"@TourTravel_More","twitter_misc":{"Dur\u00e9e de lecture estim\u00e9e":"2 minutes"},"schema":{"@context":"https:\/\/schema.org","@graph":[{"@type":"WebPage","@id":"https:\/\/tourtravelandmore.com\/fr\/tours\/espagne-fr\/barcelone-fr\/visite-privee-de-gerone-au-depart-de-barcelone\/","url":"https:\/\/tourtravelandmore.com\/fr\/tours\/espagne-fr\/barcelone-fr\/visite-privee-de-gerone-au-depart-de-barcelone\/","name":"Visite priv\u00e9e de G\u00e9rone au d\u00e9part de Barcelone - V\u00e9hicule de luxe et guide touristique \u00e0 G\u00e9rone","isPartOf":{"@id":"https:\/\/tourtravelandmore.com\/fr\/#website"},"primaryImageOfPage":{"@id":"https:\/\/tourtravelandmore.com\/fr\/tours\/espagne-fr\/barcelone-fr\/visite-privee-de-gerone-au-depart-de-barcelone\/#primaryimage"},"image":{"@id":"https:\/\/tourtravelandmore.com\/fr\/tours\/espagne-fr\/barcelone-fr\/visite-privee-de-gerone-au-depart-de-barcelone\/#primaryimage"},"thumbnailUrl":"https:\/\/tourtravelandmore.com\/wp-content\/uploads\/2017\/10\/girona-2.jpg","datePublished":"2017-10-03T08:09:00+00:00","description":"Visite priv\u00e9e de G\u00e9rone au d\u00e9part de Barcelone; une ville historique d'Espagne, dans votre v\u00e9hicule priv\u00e9 avec chauffeur et guide officiel \u00e0 G\u00e9rone.","breadcrumb":{"@id":"https:\/\/tourtravelandmore.com\/fr\/tours\/espagne-fr\/barcelone-fr\/visite-privee-de-gerone-au-depart-de-barcelone\/#breadcrumb"},"inLanguage":"fr-FR","potentialAction":[{"@type":"ReadAction","target":["https:\/\/tourtravelandmore.com\/fr\/tours\/espagne-fr\/barcelone-fr\/visite-privee-de-gerone-au-depart-de-barcelone\/"]}]},{"@type":"ImageObject","inLanguage":"fr-FR","@id":"https:\/\/tourtravelandmore.com\/fr\/tours\/espagne-fr\/barcelone-fr\/visite-privee-de-gerone-au-depart-de-barcelone\/#primaryimage","url":"https:\/\/tourtravelandmore.com\/wp-content\/uploads\/2017\/10\/girona-2.jpg","contentUrl":"https:\/\/tourtravelandmore.com\/wp-content\/uploads\/2017\/10\/girona-2.jpg","width":1200,"height":784},{"@type":"BreadcrumbList","@id":"https:\/\/tourtravelandmore.com\/fr\/tours\/espagne-fr\/barcelone-fr\/visite-privee-de-gerone-au-depart-de-barcelone\/#breadcrumb","itemListElement":[{"@type":"ListItem","position":1,"name":"Home","item":"https:\/\/tourtravelandmore.com\/fr\/"},{"@type":"ListItem","position":2,"name":"Tours","item":"https:\/\/tourtravelandmore.com\/fr\/tours\/"},{"@type":"ListItem","position":3,"name":"Visite priv\u00e9e de G\u00e9rone au d\u00e9part de Barcelone"}]},{"@type":"WebSite","@id":"https:\/\/tourtravelandmore.com\/fr\/#website","url":"https:\/\/tourtravelandmore.com\/fr\/","name":"Tour Travel And More","description":"Private sightseeing tours and luxury transfers in Spain","publisher":{"@id":"https:\/\/tourtravelandmore.com\/fr\/#organization"},"potentialAction":[{"@type":"SearchAction","target":{"@type":"EntryPoint","urlTemplate":"https:\/\/tourtravelandmore.com\/fr\/?s={search_term_string}"},"query-input":{"@type":"PropertyValueSpecification","valueRequired":true,"valueName":"search_term_string"}}],"inLanguage":"fr-FR"},{"@type":"Organization","@id":"https:\/\/tourtravelandmore.com\/fr\/#organization","name":"Tour Travel And More","url":"https:\/\/tourtravelandmore.com\/fr\/","logo":{"@type":"ImageObject","inLanguage":"fr-FR","@id":"https:\/\/tourtravelandmore.com\/fr\/#\/schema\/logo\/image\/","url":"https:\/\/tourtravelandmore.com\/wp-content\/uploads\/2022\/12\/cropped-logo-cabecera-new.png","contentUrl":"https:\/\/tourtravelandmore.com\/wp-content\/uploads\/2022\/12\/cropped-logo-cabecera-new.png","width":430,"height":61,"caption":"Tour Travel And More"},"image":{"@id":"https:\/\/tourtravelandmore.com\/fr\/#\/schema\/logo\/image\/"},"sameAs":["https:\/\/www.facebook.com\/tourtravelandmore\/","https:\/\/x.com\/TourTravel_More"]}]}},"_links":{"self":[{"href":"https:\/\/tourtravelandmore.com\/fr\/wp-json\/wp\/v2\/product\/93483","targetHints":{"allow":["GET"]}}],"collection":[{"href":"https:\/\/tourtravelandmore.com\/fr\/wp-json\/wp\/v2\/product"}],"about":[{"href":"https:\/\/tourtravelandmore.com\/fr\/wp-json\/wp\/v2\/types\/product"}],"replies":[{"embeddable":true,"href":"https:\/\/tourtravelandmore.com\/fr\/wp-json\/wp\/v2\/comments?post=93483"}],"wp:featuredmedia":[{"embeddable":true,"href":"https:\/\/tourtravelandmore.com\/fr\/wp-json\/wp\/v2\/media\/93485"}],"wp:attachment":[{"href":"https:\/\/tourtravelandmore.com\/fr\/wp-json\/wp\/v2\/media?parent=93483"}],"wp:term":[{"taxonomy":"product_brand","embeddable":true,"href":"https:\/\/tourtravelandmore.com\/fr\/wp-json\/wp\/v2\/product_brand?post=93483"},{"taxonomy":"product_cat","embeddable":true,"href":"https:\/\/tourtravelandmore.com\/fr\/wp-json\/wp\/v2\/product_cat?post=93483"},{"taxonomy":"product_tag","embeddable":true,"href":"https:\/\/tourtravelandmore.com\/fr\/wp-json\/wp\/v2\/product_tag?post=93483"}],"curies":[{"name":"wp","href":"https:\/\/api.w.org\/{rel}","templated":true}]}}