{"id":93469,"date":"2016-10-28T10:37:40","date_gmt":"2016-10-28T08:37:40","guid":{"rendered":"https:\/\/tourtravelandmore.com\/tours\/non class\u00e9\/visite-privee-des-tapas-a-barcelone\/"},"modified":"2016-10-28T10:37:40","modified_gmt":"2016-10-28T08:37:40","slug":"visite-privee-des-tapas-a-barcelone","status":"publish","type":"product","link":"https:\/\/tourtravelandmore.com\/fr\/tours\/france-fr\/sttropez-fr\/visite-privee-des-tapas-a-barcelone\/","title":{"rendered":"Visite priv\u00e9e des tapas \u00e0 Barcelone"},"content":{"rendered":"<h2>La description<\/h2>\n<p>Profitez de cette occasion unique de profiter d&#8217;une exp\u00e9rience typique des tapas avec ce Private Tapas Tour Barcelona. Guide officiel de Yprivate pour expliquer tout ce que vous devez savoir non seulement sur la bonne nourriture que vous essayez, mais aussi sur les faits et les sites les plus int\u00e9ressants de Barcelone.<\/p>\n<p>Nous pouvons organiser un transfert depuis et vers votre h\u00f4tel de luxe et confortable au centre-ville ainsi que le retour \u00e0 votre h\u00f4tel. Tout ce que vous avez \u00e0 faire est de nous contacter et nous organiserons cette exp\u00e9rience parfaite.<\/p>\n<p>Tout d&#8217;abord, cette visite priv\u00e9e des tapas \u00e0 Barcelone d\u00e9butera par une prise en charge \u00e0 pied \u00e0 l&#8217;h\u00f4tel. Si votre h\u00f4tel n&#8217;est pas situ\u00e9 au centre, nous nous rencontrerons dans le centre-ville.<\/p>\n<p>Votre guide priv\u00e9 officiel vous rencontrera et commencera votre visite priv\u00e9e des tapas \u00e0 Barcelone.<\/p>\n<p>Les tapas sont la collation ou l&#8217;ap\u00e9ritif typiquement espagnol. C&#8217;est une excellente fa\u00e7on de d\u00e9guster de nombreux produits diff\u00e9rents en un seul repas. Nous aimons personnellement les tapas!<\/p>\n<p>Profitez de cette occasion pour d\u00e9guster des tapas froides et chaudes!<\/p>\n<p>Ne manquez pas nos autres visites priv\u00e9es \u00e0 Barcelone!<\/p>\n<h2>Sites d&#8217;int\u00e9r\u00eat et monuments<\/h2>\n<p>Tout d&#8217;abord, nous organiserons une prise en charge priv\u00e9e \u00e0 pied de votre visite priv\u00e9e des tapas \u00e0 Barcelone.<\/p>\n<p>Deuxi\u00e8mement, une fois arriv\u00e9 au c\u0153ur de votre centre-ville, la visite des tapas commencera!<\/p>\n<p>Nous nous dirigerons ensuite vers le premier restaurant Tapas. Vous appr\u00e9cierez 2-3 restaurants \u00e0 tapas diff\u00e9rents.<\/p>\n<p>La visite comprend la visite de 2-3 restaurants \u00e0 tapas diff\u00e9rents pour d\u00e9couvrir les tapas typiques et l&#8217;exp\u00e9rience culinaire espagnole.<\/p>\n<p>Voici quelques exemples de tapas que vous appr\u00e9cierez:<\/p>\n<ul>\n<li>Jam\u00f3n<\/li>\n<li>Fromage<\/li>\n<li>Calamar<\/li>\n<li>Tortilla espagnole<\/li>\n<li>Patatas Bravas<\/li>\n<li>Olves<\/li>\n<li>Calamars<\/li>\n<li>croquettes<\/li>\n<li>Fruit de mer<\/li>\n<li>Boquerones<\/li>\n<li>Pulpo a la Gallega<\/li>\n<li>Gambas al ajillo<\/li>\n<li>Montaditos<\/li>\n<li>Ensaladilla Rusa<\/li>\n<li>Pimientos de Padron<\/li>\n<li>Gaspacho<\/li>\n<li>Gambas \u00e0 la plancha<\/li>\n<li>beaucoup plus!<\/li>\n<\/ul>\n<p>Il y a tellement de plats de tapas diff\u00e9rents et d\u00e9licieux que vous ne saurez m\u00eame pas par o\u00f9 commencer! Laissez notre guide officiel priv\u00e9 vous emmener go\u00fbter aux vraies saveurs de l&#8217;Espagne!<\/p>\n","protected":false},"excerpt":{"rendered":"<p>Profitez de cette occasion pour profiter d&#8217;une excellente exp\u00e9rience de tapas \u00e0 Barcelone et d\u00e9couvrez les tapas espagnoles typiques dont tout le monde parle. Vous pouvez vous rendre directement au centre de la ville et y rencontrer votre guide ou nous pouvons organiser un transfert aller-retour de luxe vers et depuis votre h\u00f4tel pour rendre cette exp\u00e9rience encore plus confortable. Pr\u00e9parez-vous \u00e0 d\u00e9guster l&#8217;un des plats espagnols les plus typiques.<\/p>\n","protected":false},"featured_media":93470,"comment_status":"open","ping_status":"closed","template":"","meta":{"_acf_changed":false},"product_brand":[],"product_cat":[3626],"product_tag":[],"class_list":{"0":"post-93469","1":"product","2":"type-product","3":"status-publish","4":"has-post-thumbnail","6":"product_cat-sttropez-fr","8":"first","9":"instock","10":"shipping-taxable","11":"purchasable","12":"product-type-simple"},"acf":[],"yoast_head":"<!-- This site is optimized with the Yoast SEO Premium plugin v25.3.1 (Yoast SEO v25.3.1) - https:\/\/yoast.com\/wordpress\/plugins\/seo\/ -->\n<title>Visite priv\u00e9e des tapas Barcelone - Guide officiel pour visite priv\u00e9e<\/title>\n<meta name=\"description\" content=\"Profitez de cette occasion pour profiter d&#039;une excellente exp\u00e9rience de tapas lors de cette visite priv\u00e9e de tapas \u00e0 Barcelone. Apprenez \u00e0 conna\u00eetre les tapas espagnoles typiques.\" \/>\n<meta name=\"robots\" content=\"index, follow, max-snippet:-1, max-image-preview:large, max-video-preview:-1\" \/>\n<link rel=\"canonical\" href=\"https:\/\/tourtravelandmore.com\/fr\/tours\/france-fr\/sttropez-fr\/visite-privee-des-tapas-a-barcelone\/\" \/>\n<meta property=\"og:locale\" content=\"fr_FR\" \/>\n<meta property=\"og:type\" content=\"article\" \/>\n<meta property=\"og:title\" content=\"Visite priv\u00e9e des tapas \u00e0 Barcelone\" \/>\n<meta property=\"og:description\" content=\"Profitez de cette occasion pour profiter d&#039;une excellente exp\u00e9rience de tapas lors de cette visite priv\u00e9e de tapas \u00e0 Barcelone. Apprenez \u00e0 conna\u00eetre les tapas espagnoles typiques.\" \/>\n<meta property=\"og:url\" content=\"https:\/\/tourtravelandmore.com\/fr\/tours\/france-fr\/sttropez-fr\/visite-privee-des-tapas-a-barcelone\/\" \/>\n<meta property=\"og:site_name\" content=\"Tour Travel And More\" \/>\n<meta property=\"article:publisher\" content=\"https:\/\/www.facebook.com\/tourtravelandmore\/\" \/>\n<meta property=\"og:image\" content=\"https:\/\/tourtravelandmore.com\/wp-content\/uploads\/2016\/10\/Tapas7.jpg\" \/>\n\t<meta property=\"og:image:width\" content=\"1024\" \/>\n\t<meta property=\"og:image:height\" content=\"682\" \/>\n\t<meta property=\"og:image:type\" content=\"image\/jpeg\" \/>\n<meta name=\"twitter:card\" content=\"summary_large_image\" \/>\n<meta name=\"twitter:site\" content=\"@TourTravel_More\" \/>\n<meta name=\"twitter:label1\" content=\"Dur\u00e9e de lecture estim\u00e9e\" \/>\n\t<meta name=\"twitter:data1\" content=\"2 minutes\" \/>\n<script type=\"application\/ld+json\" class=\"yoast-schema-graph\">{\"@context\":\"https:\/\/schema.org\",\"@graph\":[{\"@type\":\"WebPage\",\"@id\":\"https:\/\/tourtravelandmore.com\/fr\/tours\/france-fr\/sttropez-fr\/visite-privee-des-tapas-a-barcelone\/\",\"url\":\"https:\/\/tourtravelandmore.com\/fr\/tours\/france-fr\/sttropez-fr\/visite-privee-des-tapas-a-barcelone\/\",\"name\":\"Visite priv\u00e9e des tapas Barcelone - Guide officiel pour visite priv\u00e9e\",\"isPartOf\":{\"@id\":\"https:\/\/tourtravelandmore.com\/fr\/#website\"},\"primaryImageOfPage\":{\"@id\":\"https:\/\/tourtravelandmore.com\/fr\/tours\/france-fr\/sttropez-fr\/visite-privee-des-tapas-a-barcelone\/#primaryimage\"},\"image\":{\"@id\":\"https:\/\/tourtravelandmore.com\/fr\/tours\/france-fr\/sttropez-fr\/visite-privee-des-tapas-a-barcelone\/#primaryimage\"},\"thumbnailUrl\":\"https:\/\/tourtravelandmore.com\/wp-content\/uploads\/2016\/10\/Tapas7.jpg\",\"datePublished\":\"2016-10-28T08:37:40+00:00\",\"description\":\"Profitez de cette occasion pour profiter d'une excellente exp\u00e9rience de tapas lors de cette visite priv\u00e9e de tapas \u00e0 Barcelone. Apprenez \u00e0 conna\u00eetre les tapas espagnoles typiques.\",\"breadcrumb\":{\"@id\":\"https:\/\/tourtravelandmore.com\/fr\/tours\/france-fr\/sttropez-fr\/visite-privee-des-tapas-a-barcelone\/#breadcrumb\"},\"inLanguage\":\"fr-FR\",\"potentialAction\":[{\"@type\":\"ReadAction\",\"target\":[\"https:\/\/tourtravelandmore.com\/fr\/tours\/france-fr\/sttropez-fr\/visite-privee-des-tapas-a-barcelone\/\"]}]},{\"@type\":\"ImageObject\",\"inLanguage\":\"fr-FR\",\"@id\":\"https:\/\/tourtravelandmore.com\/fr\/tours\/france-fr\/sttropez-fr\/visite-privee-des-tapas-a-barcelone\/#primaryimage\",\"url\":\"https:\/\/tourtravelandmore.com\/wp-content\/uploads\/2016\/10\/Tapas7.jpg\",\"contentUrl\":\"https:\/\/tourtravelandmore.com\/wp-content\/uploads\/2016\/10\/Tapas7.jpg\",\"width\":1024,\"height\":682},{\"@type\":\"BreadcrumbList\",\"@id\":\"https:\/\/tourtravelandmore.com\/fr\/tours\/france-fr\/sttropez-fr\/visite-privee-des-tapas-a-barcelone\/#breadcrumb\",\"itemListElement\":[{\"@type\":\"ListItem\",\"position\":1,\"name\":\"Home\",\"item\":\"https:\/\/tourtravelandmore.com\/fr\/\"},{\"@type\":\"ListItem\",\"position\":2,\"name\":\"Tours\",\"item\":\"https:\/\/tourtravelandmore.com\/fr\/tours\/\"},{\"@type\":\"ListItem\",\"position\":3,\"name\":\"Visite priv\u00e9e des tapas \u00e0 Barcelone\"}]},{\"@type\":\"WebSite\",\"@id\":\"https:\/\/tourtravelandmore.com\/fr\/#website\",\"url\":\"https:\/\/tourtravelandmore.com\/fr\/\",\"name\":\"Tour Travel And More\",\"description\":\"Private sightseeing tours and luxury transfers in Spain\",\"publisher\":{\"@id\":\"https:\/\/tourtravelandmore.com\/fr\/#organization\"},\"potentialAction\":[{\"@type\":\"SearchAction\",\"target\":{\"@type\":\"EntryPoint\",\"urlTemplate\":\"https:\/\/tourtravelandmore.com\/fr\/?s={search_term_string}\"},\"query-input\":{\"@type\":\"PropertyValueSpecification\",\"valueRequired\":true,\"valueName\":\"search_term_string\"}}],\"inLanguage\":\"fr-FR\"},{\"@type\":\"Organization\",\"@id\":\"https:\/\/tourtravelandmore.com\/fr\/#organization\",\"name\":\"Tour Travel And More\",\"url\":\"https:\/\/tourtravelandmore.com\/fr\/\",\"logo\":{\"@type\":\"ImageObject\",\"inLanguage\":\"fr-FR\",\"@id\":\"https:\/\/tourtravelandmore.com\/fr\/#\/schema\/logo\/image\/\",\"url\":\"https:\/\/tourtravelandmore.com\/wp-content\/uploads\/2022\/12\/cropped-logo-cabecera-new.png\",\"contentUrl\":\"https:\/\/tourtravelandmore.com\/wp-content\/uploads\/2022\/12\/cropped-logo-cabecera-new.png\",\"width\":430,\"height\":61,\"caption\":\"Tour Travel And More\"},\"image\":{\"@id\":\"https:\/\/tourtravelandmore.com\/fr\/#\/schema\/logo\/image\/\"},\"sameAs\":[\"https:\/\/www.facebook.com\/tourtravelandmore\/\",\"https:\/\/x.com\/TourTravel_More\"]}]}<\/script>\n<!-- \/ Yoast SEO Premium plugin. -->","yoast_head_json":{"title":"Visite priv\u00e9e des tapas Barcelone - Guide officiel pour visite priv\u00e9e","description":"Profitez de cette occasion pour profiter d'une excellente exp\u00e9rience de tapas lors de cette visite priv\u00e9e de tapas \u00e0 Barcelone. Apprenez \u00e0 conna\u00eetre les tapas espagnoles typiques.","robots":{"index":"index","follow":"follow","max-snippet":"max-snippet:-1","max-image-preview":"max-image-preview:large","max-video-preview":"max-video-preview:-1"},"canonical":"https:\/\/tourtravelandmore.com\/fr\/tours\/france-fr\/sttropez-fr\/visite-privee-des-tapas-a-barcelone\/","og_locale":"fr_FR","og_type":"article","og_title":"Visite priv\u00e9e des tapas \u00e0 Barcelone","og_description":"Profitez de cette occasion pour profiter d'une excellente exp\u00e9rience de tapas lors de cette visite priv\u00e9e de tapas \u00e0 Barcelone. Apprenez \u00e0 conna\u00eetre les tapas espagnoles typiques.","og_url":"https:\/\/tourtravelandmore.com\/fr\/tours\/france-fr\/sttropez-fr\/visite-privee-des-tapas-a-barcelone\/","og_site_name":"Tour Travel And More","article_publisher":"https:\/\/www.facebook.com\/tourtravelandmore\/","og_image":[{"width":1024,"height":682,"url":"https:\/\/tourtravelandmore.com\/wp-content\/uploads\/2016\/10\/Tapas7.jpg","type":"image\/jpeg"}],"twitter_card":"summary_large_image","twitter_site":"@TourTravel_More","twitter_misc":{"Dur\u00e9e de lecture estim\u00e9e":"2 minutes"},"schema":{"@context":"https:\/\/schema.org","@graph":[{"@type":"WebPage","@id":"https:\/\/tourtravelandmore.com\/fr\/tours\/france-fr\/sttropez-fr\/visite-privee-des-tapas-a-barcelone\/","url":"https:\/\/tourtravelandmore.com\/fr\/tours\/france-fr\/sttropez-fr\/visite-privee-des-tapas-a-barcelone\/","name":"Visite priv\u00e9e des tapas Barcelone - Guide officiel pour visite priv\u00e9e","isPartOf":{"@id":"https:\/\/tourtravelandmore.com\/fr\/#website"},"primaryImageOfPage":{"@id":"https:\/\/tourtravelandmore.com\/fr\/tours\/france-fr\/sttropez-fr\/visite-privee-des-tapas-a-barcelone\/#primaryimage"},"image":{"@id":"https:\/\/tourtravelandmore.com\/fr\/tours\/france-fr\/sttropez-fr\/visite-privee-des-tapas-a-barcelone\/#primaryimage"},"thumbnailUrl":"https:\/\/tourtravelandmore.com\/wp-content\/uploads\/2016\/10\/Tapas7.jpg","datePublished":"2016-10-28T08:37:40+00:00","description":"Profitez de cette occasion pour profiter d'une excellente exp\u00e9rience de tapas lors de cette visite priv\u00e9e de tapas \u00e0 Barcelone. Apprenez \u00e0 conna\u00eetre les tapas espagnoles typiques.","breadcrumb":{"@id":"https:\/\/tourtravelandmore.com\/fr\/tours\/france-fr\/sttropez-fr\/visite-privee-des-tapas-a-barcelone\/#breadcrumb"},"inLanguage":"fr-FR","potentialAction":[{"@type":"ReadAction","target":["https:\/\/tourtravelandmore.com\/fr\/tours\/france-fr\/sttropez-fr\/visite-privee-des-tapas-a-barcelone\/"]}]},{"@type":"ImageObject","inLanguage":"fr-FR","@id":"https:\/\/tourtravelandmore.com\/fr\/tours\/france-fr\/sttropez-fr\/visite-privee-des-tapas-a-barcelone\/#primaryimage","url":"https:\/\/tourtravelandmore.com\/wp-content\/uploads\/2016\/10\/Tapas7.jpg","contentUrl":"https:\/\/tourtravelandmore.com\/wp-content\/uploads\/2016\/10\/Tapas7.jpg","width":1024,"height":682},{"@type":"BreadcrumbList","@id":"https:\/\/tourtravelandmore.com\/fr\/tours\/france-fr\/sttropez-fr\/visite-privee-des-tapas-a-barcelone\/#breadcrumb","itemListElement":[{"@type":"ListItem","position":1,"name":"Home","item":"https:\/\/tourtravelandmore.com\/fr\/"},{"@type":"ListItem","position":2,"name":"Tours","item":"https:\/\/tourtravelandmore.com\/fr\/tours\/"},{"@type":"ListItem","position":3,"name":"Visite priv\u00e9e des tapas \u00e0 Barcelone"}]},{"@type":"WebSite","@id":"https:\/\/tourtravelandmore.com\/fr\/#website","url":"https:\/\/tourtravelandmore.com\/fr\/","name":"Tour Travel And More","description":"Private sightseeing tours and luxury transfers in Spain","publisher":{"@id":"https:\/\/tourtravelandmore.com\/fr\/#organization"},"potentialAction":[{"@type":"SearchAction","target":{"@type":"EntryPoint","urlTemplate":"https:\/\/tourtravelandmore.com\/fr\/?s={search_term_string}"},"query-input":{"@type":"PropertyValueSpecification","valueRequired":true,"valueName":"search_term_string"}}],"inLanguage":"fr-FR"},{"@type":"Organization","@id":"https:\/\/tourtravelandmore.com\/fr\/#organization","name":"Tour Travel And More","url":"https:\/\/tourtravelandmore.com\/fr\/","logo":{"@type":"ImageObject","inLanguage":"fr-FR","@id":"https:\/\/tourtravelandmore.com\/fr\/#\/schema\/logo\/image\/","url":"https:\/\/tourtravelandmore.com\/wp-content\/uploads\/2022\/12\/cropped-logo-cabecera-new.png","contentUrl":"https:\/\/tourtravelandmore.com\/wp-content\/uploads\/2022\/12\/cropped-logo-cabecera-new.png","width":430,"height":61,"caption":"Tour Travel And More"},"image":{"@id":"https:\/\/tourtravelandmore.com\/fr\/#\/schema\/logo\/image\/"},"sameAs":["https:\/\/www.facebook.com\/tourtravelandmore\/","https:\/\/x.com\/TourTravel_More"]}]}},"_links":{"self":[{"href":"https:\/\/tourtravelandmore.com\/fr\/wp-json\/wp\/v2\/product\/93469","targetHints":{"allow":["GET"]}}],"collection":[{"href":"https:\/\/tourtravelandmore.com\/fr\/wp-json\/wp\/v2\/product"}],"about":[{"href":"https:\/\/tourtravelandmore.com\/fr\/wp-json\/wp\/v2\/types\/product"}],"replies":[{"embeddable":true,"href":"https:\/\/tourtravelandmore.com\/fr\/wp-json\/wp\/v2\/comments?post=93469"}],"wp:featuredmedia":[{"embeddable":true,"href":"https:\/\/tourtravelandmore.com\/fr\/wp-json\/wp\/v2\/media\/93470"}],"wp:attachment":[{"href":"https:\/\/tourtravelandmore.com\/fr\/wp-json\/wp\/v2\/media?parent=93469"}],"wp:term":[{"taxonomy":"product_brand","embeddable":true,"href":"https:\/\/tourtravelandmore.com\/fr\/wp-json\/wp\/v2\/product_brand?post=93469"},{"taxonomy":"product_cat","embeddable":true,"href":"https:\/\/tourtravelandmore.com\/fr\/wp-json\/wp\/v2\/product_cat?post=93469"},{"taxonomy":"product_tag","embeddable":true,"href":"https:\/\/tourtravelandmore.com\/fr\/wp-json\/wp\/v2\/product_tag?post=93469"}],"curies":[{"name":"wp","href":"https:\/\/api.w.org\/{rel}","templated":true}]}}