{"id":93458,"date":"2017-11-08T12:35:12","date_gmt":"2017-11-08T11:35:12","guid":{"rendered":"https:\/\/tourtravelandmore.com\/tours\/non%20class\u00e9\/visite-privee-de-barcelone-%e2%80%8b%e2%80%8boption-journee-complete\/"},"modified":"2021-02-16T11:20:18","modified_gmt":"2021-02-16T10:20:18","slug":"visite-privee-de-barcelone-%e2%80%8b%e2%80%8boption-journee-complete","status":"publish","type":"product","link":"https:\/\/tourtravelandmore.com\/fr\/tours\/espagne-fr\/barcelone-fr\/visite-privee-de-barcelone-%e2%80%8b%e2%80%8boption-journee-complete\/","title":{"rendered":"Visite priv\u00e9e de Barcelone: \u200b\u200boption journ\u00e9e compl\u00e8te"},"content":{"rendered":"<h2>La description<\/h2>\n<p>Profitez de cette visite priv\u00e9e de Barcelone avec votre propre chauffeur officiel et guide priv\u00e9 officiel et profitez de l&#8217;exp\u00e9rience de visiter la ville fantastique. Il s&#8217;agit d&#8217;une exp\u00e9rience d&#8217;une journ\u00e9e compl\u00e8te pour conna\u00eetre la ville au maximum lors de cette visite priv\u00e9e de Barcelone.<\/p>\n<p>\u00catre une visite priv\u00e9e viendra vous chercher \u00e0 votre h\u00f4tel ou lieu de votre choix (h\u00f4tel, port de croisi\u00e8re, a\u00e9roport ou appartement) \u00e0 Barcelone. Juste apr\u00e8s le ramassage, nous commencerons cette visite priv\u00e9e. Profitez du meilleur de la ville avec votre propre chauffeur et un guide officiel distinct.<\/p>\n<p>Cette option pour cette visite priv\u00e9e de Barcelone est une exp\u00e9rience d&#8217;une journ\u00e9e compl\u00e8te. Ce sera un total de 8 heures avec votre chauffeur et votre guide s\u00e9par\u00e9 et vous aurez une bonne id\u00e9e de ce que Barcelone a \u00e0 offrir.<\/p>\n<p>Nos experts en voyages vous aideront \u00e0 organiser votre exp\u00e9rience totalement personnalis\u00e9e et unique \u00e0 Barcelone. Vous pourrez visiter les endroits qui vous int\u00e9ressent le plus de la ville. Il y a aussi une option demi-journ\u00e9e de 4 heures si vous pr\u00e9f\u00e9rez!<\/p>\n<h2>Sites d&#8217;int\u00e9r\u00eat et monuments<\/h2>\n<p>Barcelone est une ville qui a tant \u00e0 offrir \u00e0 tous les visiteurs. Avec cette visite priv\u00e9e de Barcelone, vous aurez la chance de visiter les monuments et sites les plus embl\u00e9matiques de la ville. Il s&#8217;agit d&#8217;une visite enti\u00e8rement priv\u00e9e et nous organiserons une prise en charge priv\u00e9e pour vous.<\/p>\n<p>Laissez votre chauffeur vous attendre pour une exp\u00e9rience confortable et explorez ces lieux \u00e0 c\u00f4t\u00e9 de votre guide officiel priv\u00e9.<\/p>\n<p>Barcelone est l&#8217;une des villes les plus visit\u00e9es au monde, recevant environ 15 millions de visiteurs chaque ann\u00e9e. La ville poss\u00e8de une offre tr\u00e8s large de monuments et de sites \u00e0 visiter, ainsi qu&#8217;une grande culture culinaire.<\/p>\n<h4>Sites les plus repr\u00e9sentatifs et embl\u00e9matiques:<\/h4>\n<ul>\n<li>Passeig de Gracia: l&#8217;une des principales avenues de Barcelone et la plus c\u00e9l\u00e8bre de Catalogne!<\/li>\n<li>Casa Batll\u00f3: d&#8217;Antonio Gaudi et une v\u00e9ritable repr\u00e9sentation du modernisme catalan<\/li>\n<li>La Pedrera: \u00e9galement connue sous le nom de Casa Mila. Une autre \u0153uvre d&#8217;Antonio Gaudi. Aussi une architecture moderniste.<\/li>\n<li>March\u00e9 de la Boqueria: c\u00e9l\u00e8bre march\u00e9 alimentaire mondial \u00e0 Barcelone<\/li>\n<li>Quartier gothique: rues m\u00e9di\u00e9vales, lieux branch\u00e9s et vestiges romains. La vraie vieille ville de Barcelone<\/li>\n<li>Sagrada Familia: Basilique catholique d&#8217;Antonio Gaudi. Inachev\u00e9 et une visite incontournable \u00e0 Barcelone et dans le monde<\/li>\n<li>Parc Guell: magnifique parc d&#8217;Anotnio Gaudi avec une vue exceptionnelle sur la ville<\/li>\n<li>Las Ramblas: un monument embl\u00e9matique de la ville de Barcleona. Il traverse le c\u0153ur et la vieille ville du centre-ville<\/li>\n<li>Plaza Catalunya: Grande place au c\u0153ur du centre-ville, juste l\u00e0 o\u00f9 Las Ramblas commence et divise l&#8217;ancienne et la nouvelle partie (eixample) de Barcelone<\/li>\n<li>El Born: quartier avec des rues m\u00e9di\u00e9vales et des sites uniques comme Santa Maria del Mar.<\/li>\n<li>Museo Picasso: De nombreuses \u0153uvres d&#8217;art de Pablo Picasso dans ce mus\u00e9e de Barcelone<\/li>\n<li>Camp Nou: stade et mus\u00e9e du Futbol Club Barcelona (Bar\u00e7a). L&#8217;un des mus\u00e9es les plus visit\u00e9s du pays.<\/li>\n<li>Et beaucoup plus!<\/li>\n<\/ul>\n<p>Pendant toute la dur\u00e9e de la visite, vous aurez votre v\u00e9hicule de luxe priv\u00e9 et votre guide officiel \u00e0 votre disposition, qui vous montreront et vous raviront avec les sites les plus repr\u00e9sentatifs de Barcelone. Votre guide officiel vous \u00e9clairera lors de votre visite des diff\u00e9rents sites. Barcelone est une ville qui a une longue et tr\u00e8s vaste histoire, avec des mus\u00e9es et des monuments d&#8217;artistes tr\u00e8s connus comme Antoni Gaudi et Pablo Picasso.<\/p>\n<h4>Visite priv\u00e9e de Barcelone<\/h4>\n<p>Comme dit pr\u00e9c\u00e9demment, c&#8217;est une exp\u00e9rience enti\u00e8rement personnalis\u00e9e, alors n&#8217;h\u00e9sitez pas \u00e0 nous contacter. Nos experts en voyages vous aideront \u00e0 organiser votre visite priv\u00e9e de Barcelone afin que vous puissiez tirer le meilleur parti de votre visite dans l&#8217;une des plus belles villes du monde. Notre travail est de faire de votre s\u00e9jour \u00e0 Barcelone une exp\u00e9rience inoubliable, o\u00f9 vous pourrez profiter de la ville de la meilleure fa\u00e7on possible.<\/p>\n<p>Si vous souhaitez entrer dans un monument, nous pouvons organiser les billets pour vous, n&#8217;h\u00e9sitez pas \u00e0 nous contacter. Nous pouvons organiser des billets coupe-file pour une exp\u00e9rience sans tracas.<\/p>\n<p>C&#8217;est une exp\u00e9rience sur mesure, nous pouvons toujours ajuster l&#8217;heure et les points d&#8217;int\u00e9r\u00eat en fonction de vos propres int\u00e9r\u00eats.<\/p>\n","protected":false},"excerpt":{"rendered":"<p>Profitez de cette exp\u00e9rience compl\u00e8tement priv\u00e9e et tirez le meilleur parti de votre visite \u00e0 Barcelone avec cette visite priv\u00e9e d&#8217;une journ\u00e9e compl\u00e8te de la ville de Barcelone dans votre v\u00e9hicule de luxe priv\u00e9 avec votre chauffeur priv\u00e9 et votre guide officiel priv\u00e9. Profitez de cette occasion pour d\u00e9couvrir l&#8217;une des villes les plus visit\u00e9es au monde. Nous pouvons inclure des billets d&#8217;entr\u00e9e pour visiter tout monument ou mus\u00e9e que vous souhaitez. Personnalisez votre propre exp\u00e9rience.<\/p>\n","protected":false},"featured_media":93459,"comment_status":"open","ping_status":"closed","template":"","meta":{"_acf_changed":false},"product_brand":[],"product_cat":[3538],"product_tag":[],"class_list":{"0":"post-93458","1":"product","2":"type-product","3":"status-publish","4":"has-post-thumbnail","6":"product_cat-barcelone-fr","8":"first","9":"instock","10":"shipping-taxable","11":"purchasable","12":"product-type-simple"},"acf":[],"yoast_head":"<!-- This site is optimized with the Yoast SEO Premium plugin v25.3.1 (Yoast SEO v25.3.1) - https:\/\/yoast.com\/wordpress\/plugins\/seo\/ -->\n<title>Barcelona Tour Priv\u00e9e - Option journ\u00e9e compl\u00e8te - Guide officiel<\/title>\n<meta name=\"description\" content=\"Visite priv\u00e9e de Barcelone avec guide officiel et v\u00e9hicule de luxe avec chauffeur. Exp\u00e9rience de visite de l&#039;une des villes les plus visit\u00e9es au monde.\" \/>\n<meta name=\"robots\" content=\"index, follow, max-snippet:-1, max-image-preview:large, max-video-preview:-1\" \/>\n<link rel=\"canonical\" href=\"https:\/\/tourtravelandmore.com\/fr\/tours\/espagne-fr\/barcelone-fr\/visite-privee-de-barcelone-%e2%80%8b%e2%80%8boption-journee-complete\/\" \/>\n<meta property=\"og:locale\" content=\"fr_FR\" \/>\n<meta property=\"og:type\" content=\"article\" \/>\n<meta property=\"og:title\" content=\"Visite priv\u00e9e de Barcelone: \u200b\u200boption journ\u00e9e compl\u00e8te\" \/>\n<meta property=\"og:description\" content=\"Visite priv\u00e9e de Barcelone avec guide officiel et v\u00e9hicule de luxe avec chauffeur. Exp\u00e9rience de visite de l&#039;une des villes les plus visit\u00e9es au monde.\" \/>\n<meta property=\"og:url\" content=\"https:\/\/tourtravelandmore.com\/fr\/tours\/espagne-fr\/barcelone-fr\/visite-privee-de-barcelone-%e2%80%8b%e2%80%8boption-journee-complete\/\" \/>\n<meta property=\"og:site_name\" content=\"Tour Travel And More\" \/>\n<meta property=\"article:publisher\" content=\"https:\/\/www.facebook.com\/tourtravelandmore\/\" \/>\n<meta property=\"article:modified_time\" content=\"2021-02-16T10:20:18+00:00\" \/>\n<meta property=\"og:image\" content=\"https:\/\/tourtravelandmore.com\/wp-content\/uploads\/2017\/11\/barcelona-838716_960_720.jpg\" \/>\n\t<meta property=\"og:image:width\" content=\"960\" \/>\n\t<meta property=\"og:image:height\" content=\"640\" \/>\n\t<meta property=\"og:image:type\" content=\"image\/jpeg\" \/>\n<meta name=\"twitter:card\" content=\"summary_large_image\" \/>\n<meta name=\"twitter:site\" content=\"@TourTravel_More\" \/>\n<meta name=\"twitter:label1\" content=\"Dur\u00e9e de lecture estim\u00e9e\" \/>\n\t<meta name=\"twitter:data1\" content=\"4 minutes\" \/>\n<script type=\"application\/ld+json\" class=\"yoast-schema-graph\">{\"@context\":\"https:\/\/schema.org\",\"@graph\":[{\"@type\":\"WebPage\",\"@id\":\"https:\/\/tourtravelandmore.com\/fr\/tours\/espagne-fr\/barcelone-fr\/visite-privee-de-barcelone-%e2%80%8b%e2%80%8boption-journee-complete\/\",\"url\":\"https:\/\/tourtravelandmore.com\/fr\/tours\/espagne-fr\/barcelone-fr\/visite-privee-de-barcelone-%e2%80%8b%e2%80%8boption-journee-complete\/\",\"name\":\"Barcelona Tour Priv\u00e9e - Option journ\u00e9e compl\u00e8te - Guide officiel\",\"isPartOf\":{\"@id\":\"https:\/\/tourtravelandmore.com\/fr\/#website\"},\"primaryImageOfPage\":{\"@id\":\"https:\/\/tourtravelandmore.com\/fr\/tours\/espagne-fr\/barcelone-fr\/visite-privee-de-barcelone-%e2%80%8b%e2%80%8boption-journee-complete\/#primaryimage\"},\"image\":{\"@id\":\"https:\/\/tourtravelandmore.com\/fr\/tours\/espagne-fr\/barcelone-fr\/visite-privee-de-barcelone-%e2%80%8b%e2%80%8boption-journee-complete\/#primaryimage\"},\"thumbnailUrl\":\"https:\/\/tourtravelandmore.com\/wp-content\/uploads\/2017\/11\/barcelona-838716_960_720.jpg\",\"datePublished\":\"2017-11-08T11:35:12+00:00\",\"dateModified\":\"2021-02-16T10:20:18+00:00\",\"description\":\"Visite priv\u00e9e de Barcelone avec guide officiel et v\u00e9hicule de luxe avec chauffeur. Exp\u00e9rience de visite de l'une des villes les plus visit\u00e9es au monde.\",\"breadcrumb\":{\"@id\":\"https:\/\/tourtravelandmore.com\/fr\/tours\/espagne-fr\/barcelone-fr\/visite-privee-de-barcelone-%e2%80%8b%e2%80%8boption-journee-complete\/#breadcrumb\"},\"inLanguage\":\"fr-FR\",\"potentialAction\":[{\"@type\":\"ReadAction\",\"target\":[\"https:\/\/tourtravelandmore.com\/fr\/tours\/espagne-fr\/barcelone-fr\/visite-privee-de-barcelone-%e2%80%8b%e2%80%8boption-journee-complete\/\"]}]},{\"@type\":\"ImageObject\",\"inLanguage\":\"fr-FR\",\"@id\":\"https:\/\/tourtravelandmore.com\/fr\/tours\/espagne-fr\/barcelone-fr\/visite-privee-de-barcelone-%e2%80%8b%e2%80%8boption-journee-complete\/#primaryimage\",\"url\":\"https:\/\/tourtravelandmore.com\/wp-content\/uploads\/2017\/11\/barcelona-838716_960_720.jpg\",\"contentUrl\":\"https:\/\/tourtravelandmore.com\/wp-content\/uploads\/2017\/11\/barcelona-838716_960_720.jpg\",\"width\":960,\"height\":640},{\"@type\":\"BreadcrumbList\",\"@id\":\"https:\/\/tourtravelandmore.com\/fr\/tours\/espagne-fr\/barcelone-fr\/visite-privee-de-barcelone-%e2%80%8b%e2%80%8boption-journee-complete\/#breadcrumb\",\"itemListElement\":[{\"@type\":\"ListItem\",\"position\":1,\"name\":\"Home\",\"item\":\"https:\/\/tourtravelandmore.com\/fr\/\"},{\"@type\":\"ListItem\",\"position\":2,\"name\":\"Tours\",\"item\":\"https:\/\/tourtravelandmore.com\/fr\/tours\/\"},{\"@type\":\"ListItem\",\"position\":3,\"name\":\"Visite priv\u00e9e de Barcelone: \u200b\u200boption journ\u00e9e compl\u00e8te\"}]},{\"@type\":\"WebSite\",\"@id\":\"https:\/\/tourtravelandmore.com\/fr\/#website\",\"url\":\"https:\/\/tourtravelandmore.com\/fr\/\",\"name\":\"Tour Travel And More\",\"description\":\"Private sightseeing tours and luxury transfers in Spain\",\"publisher\":{\"@id\":\"https:\/\/tourtravelandmore.com\/fr\/#organization\"},\"potentialAction\":[{\"@type\":\"SearchAction\",\"target\":{\"@type\":\"EntryPoint\",\"urlTemplate\":\"https:\/\/tourtravelandmore.com\/fr\/?s={search_term_string}\"},\"query-input\":{\"@type\":\"PropertyValueSpecification\",\"valueRequired\":true,\"valueName\":\"search_term_string\"}}],\"inLanguage\":\"fr-FR\"},{\"@type\":\"Organization\",\"@id\":\"https:\/\/tourtravelandmore.com\/fr\/#organization\",\"name\":\"Tour Travel And More\",\"url\":\"https:\/\/tourtravelandmore.com\/fr\/\",\"logo\":{\"@type\":\"ImageObject\",\"inLanguage\":\"fr-FR\",\"@id\":\"https:\/\/tourtravelandmore.com\/fr\/#\/schema\/logo\/image\/\",\"url\":\"https:\/\/tourtravelandmore.com\/wp-content\/uploads\/2022\/12\/cropped-logo-cabecera-new.png\",\"contentUrl\":\"https:\/\/tourtravelandmore.com\/wp-content\/uploads\/2022\/12\/cropped-logo-cabecera-new.png\",\"width\":430,\"height\":61,\"caption\":\"Tour Travel And More\"},\"image\":{\"@id\":\"https:\/\/tourtravelandmore.com\/fr\/#\/schema\/logo\/image\/\"},\"sameAs\":[\"https:\/\/www.facebook.com\/tourtravelandmore\/\",\"https:\/\/x.com\/TourTravel_More\"]}]}<\/script>\n<!-- \/ Yoast SEO Premium plugin. -->","yoast_head_json":{"title":"Barcelona Tour Priv\u00e9e - Option journ\u00e9e compl\u00e8te - Guide officiel","description":"Visite priv\u00e9e de Barcelone avec guide officiel et v\u00e9hicule de luxe avec chauffeur. Exp\u00e9rience de visite de l'une des villes les plus visit\u00e9es au monde.","robots":{"index":"index","follow":"follow","max-snippet":"max-snippet:-1","max-image-preview":"max-image-preview:large","max-video-preview":"max-video-preview:-1"},"canonical":"https:\/\/tourtravelandmore.com\/fr\/tours\/espagne-fr\/barcelone-fr\/visite-privee-de-barcelone-%e2%80%8b%e2%80%8boption-journee-complete\/","og_locale":"fr_FR","og_type":"article","og_title":"Visite priv\u00e9e de Barcelone: \u200b\u200boption journ\u00e9e compl\u00e8te","og_description":"Visite priv\u00e9e de Barcelone avec guide officiel et v\u00e9hicule de luxe avec chauffeur. Exp\u00e9rience de visite de l'une des villes les plus visit\u00e9es au monde.","og_url":"https:\/\/tourtravelandmore.com\/fr\/tours\/espagne-fr\/barcelone-fr\/visite-privee-de-barcelone-%e2%80%8b%e2%80%8boption-journee-complete\/","og_site_name":"Tour Travel And More","article_publisher":"https:\/\/www.facebook.com\/tourtravelandmore\/","article_modified_time":"2021-02-16T10:20:18+00:00","og_image":[{"width":960,"height":640,"url":"https:\/\/tourtravelandmore.com\/wp-content\/uploads\/2017\/11\/barcelona-838716_960_720.jpg","type":"image\/jpeg"}],"twitter_card":"summary_large_image","twitter_site":"@TourTravel_More","twitter_misc":{"Dur\u00e9e de lecture estim\u00e9e":"4 minutes"},"schema":{"@context":"https:\/\/schema.org","@graph":[{"@type":"WebPage","@id":"https:\/\/tourtravelandmore.com\/fr\/tours\/espagne-fr\/barcelone-fr\/visite-privee-de-barcelone-%e2%80%8b%e2%80%8boption-journee-complete\/","url":"https:\/\/tourtravelandmore.com\/fr\/tours\/espagne-fr\/barcelone-fr\/visite-privee-de-barcelone-%e2%80%8b%e2%80%8boption-journee-complete\/","name":"Barcelona Tour Priv\u00e9e - Option journ\u00e9e compl\u00e8te - Guide officiel","isPartOf":{"@id":"https:\/\/tourtravelandmore.com\/fr\/#website"},"primaryImageOfPage":{"@id":"https:\/\/tourtravelandmore.com\/fr\/tours\/espagne-fr\/barcelone-fr\/visite-privee-de-barcelone-%e2%80%8b%e2%80%8boption-journee-complete\/#primaryimage"},"image":{"@id":"https:\/\/tourtravelandmore.com\/fr\/tours\/espagne-fr\/barcelone-fr\/visite-privee-de-barcelone-%e2%80%8b%e2%80%8boption-journee-complete\/#primaryimage"},"thumbnailUrl":"https:\/\/tourtravelandmore.com\/wp-content\/uploads\/2017\/11\/barcelona-838716_960_720.jpg","datePublished":"2017-11-08T11:35:12+00:00","dateModified":"2021-02-16T10:20:18+00:00","description":"Visite priv\u00e9e de Barcelone avec guide officiel et v\u00e9hicule de luxe avec chauffeur. Exp\u00e9rience de visite de l'une des villes les plus visit\u00e9es au monde.","breadcrumb":{"@id":"https:\/\/tourtravelandmore.com\/fr\/tours\/espagne-fr\/barcelone-fr\/visite-privee-de-barcelone-%e2%80%8b%e2%80%8boption-journee-complete\/#breadcrumb"},"inLanguage":"fr-FR","potentialAction":[{"@type":"ReadAction","target":["https:\/\/tourtravelandmore.com\/fr\/tours\/espagne-fr\/barcelone-fr\/visite-privee-de-barcelone-%e2%80%8b%e2%80%8boption-journee-complete\/"]}]},{"@type":"ImageObject","inLanguage":"fr-FR","@id":"https:\/\/tourtravelandmore.com\/fr\/tours\/espagne-fr\/barcelone-fr\/visite-privee-de-barcelone-%e2%80%8b%e2%80%8boption-journee-complete\/#primaryimage","url":"https:\/\/tourtravelandmore.com\/wp-content\/uploads\/2017\/11\/barcelona-838716_960_720.jpg","contentUrl":"https:\/\/tourtravelandmore.com\/wp-content\/uploads\/2017\/11\/barcelona-838716_960_720.jpg","width":960,"height":640},{"@type":"BreadcrumbList","@id":"https:\/\/tourtravelandmore.com\/fr\/tours\/espagne-fr\/barcelone-fr\/visite-privee-de-barcelone-%e2%80%8b%e2%80%8boption-journee-complete\/#breadcrumb","itemListElement":[{"@type":"ListItem","position":1,"name":"Home","item":"https:\/\/tourtravelandmore.com\/fr\/"},{"@type":"ListItem","position":2,"name":"Tours","item":"https:\/\/tourtravelandmore.com\/fr\/tours\/"},{"@type":"ListItem","position":3,"name":"Visite priv\u00e9e de Barcelone: \u200b\u200boption journ\u00e9e compl\u00e8te"}]},{"@type":"WebSite","@id":"https:\/\/tourtravelandmore.com\/fr\/#website","url":"https:\/\/tourtravelandmore.com\/fr\/","name":"Tour Travel And More","description":"Private sightseeing tours and luxury transfers in Spain","publisher":{"@id":"https:\/\/tourtravelandmore.com\/fr\/#organization"},"potentialAction":[{"@type":"SearchAction","target":{"@type":"EntryPoint","urlTemplate":"https:\/\/tourtravelandmore.com\/fr\/?s={search_term_string}"},"query-input":{"@type":"PropertyValueSpecification","valueRequired":true,"valueName":"search_term_string"}}],"inLanguage":"fr-FR"},{"@type":"Organization","@id":"https:\/\/tourtravelandmore.com\/fr\/#organization","name":"Tour Travel And More","url":"https:\/\/tourtravelandmore.com\/fr\/","logo":{"@type":"ImageObject","inLanguage":"fr-FR","@id":"https:\/\/tourtravelandmore.com\/fr\/#\/schema\/logo\/image\/","url":"https:\/\/tourtravelandmore.com\/wp-content\/uploads\/2022\/12\/cropped-logo-cabecera-new.png","contentUrl":"https:\/\/tourtravelandmore.com\/wp-content\/uploads\/2022\/12\/cropped-logo-cabecera-new.png","width":430,"height":61,"caption":"Tour Travel And More"},"image":{"@id":"https:\/\/tourtravelandmore.com\/fr\/#\/schema\/logo\/image\/"},"sameAs":["https:\/\/www.facebook.com\/tourtravelandmore\/","https:\/\/x.com\/TourTravel_More"]}]}},"_links":{"self":[{"href":"https:\/\/tourtravelandmore.com\/fr\/wp-json\/wp\/v2\/product\/93458","targetHints":{"allow":["GET"]}}],"collection":[{"href":"https:\/\/tourtravelandmore.com\/fr\/wp-json\/wp\/v2\/product"}],"about":[{"href":"https:\/\/tourtravelandmore.com\/fr\/wp-json\/wp\/v2\/types\/product"}],"replies":[{"embeddable":true,"href":"https:\/\/tourtravelandmore.com\/fr\/wp-json\/wp\/v2\/comments?post=93458"}],"wp:featuredmedia":[{"embeddable":true,"href":"https:\/\/tourtravelandmore.com\/fr\/wp-json\/wp\/v2\/media\/93459"}],"wp:attachment":[{"href":"https:\/\/tourtravelandmore.com\/fr\/wp-json\/wp\/v2\/media?parent=93458"}],"wp:term":[{"taxonomy":"product_brand","embeddable":true,"href":"https:\/\/tourtravelandmore.com\/fr\/wp-json\/wp\/v2\/product_brand?post=93458"},{"taxonomy":"product_cat","embeddable":true,"href":"https:\/\/tourtravelandmore.com\/fr\/wp-json\/wp\/v2\/product_cat?post=93458"},{"taxonomy":"product_tag","embeddable":true,"href":"https:\/\/tourtravelandmore.com\/fr\/wp-json\/wp\/v2\/product_tag?post=93458"}],"curies":[{"name":"wp","href":"https:\/\/api.w.org\/{rel}","templated":true}]}}