{"id":93447,"date":"2017-11-03T14:06:58","date_gmt":"2017-11-03T13:06:58","guid":{"rendered":"https:\/\/tourtravelandmore.com\/tours\/non%20class\u00e9\/visite-privee-de-montserrat-a-barcelone-visite-de-vignobles-incluse\/"},"modified":"2024-05-20T15:07:06","modified_gmt":"2024-05-20T13:07:06","slug":"visite-privee-de-montserrat-a-barcelone-visite-de-vignobles-incluse","status":"publish","type":"product","link":"https:\/\/tourtravelandmore.com\/fr\/tours\/espagne-fr\/barcelone-fr\/visite-privee-de-montserrat-a-barcelone-visite-de-vignobles-incluse\/","title":{"rendered":"Visite priv\u00e9e de Montserrat \u00e0 Barcelone &#8211; visite de vignobles incluse"},"content":{"rendered":"<h2>La description<\/h2>\n<p>Prendre une journ\u00e9e en dehors de l&#8217;heure pr\u00e9vue \u00e0 Barcelone est un excellent choix pour visiter Montserrat. Montserrat est une cha\u00eene de montagnes tout \u00e0 fait unique qui est un must pour tous, m\u00eame non religieux! Laissez nos experts en voyages organiser une visite priv\u00e9e parfaite de Montserrat pour vous et votre groupe. Cette visite se compl\u00e8te pour tous les amateurs de vin \/ cava. Nous vous emm\u00e8nerons \u00e9galement visiter une cave avant de retourner vers Barcelone.<\/p>\n<p>Cette visite comprend 8 heures de la prise en charge au retour. La prise en charge se fera \u00e0 votre h\u00f4tel dans la ville de Barcelone. Si un emplacement diff\u00e9rent est pr\u00e9f\u00e9r\u00e9, comme l&#8217;a\u00e9roport ou le port, faites-le nous savoir! Une fois que votre guide officiel priv\u00e9 et votre chauffeur s\u00e9par\u00e9 sont venus vous chercher dans un v\u00e9hicule de luxe, nous commencerons votre visite priv\u00e9e de Montserrat.<\/p>\n<p>Pour rendre cette visite encore plus sp\u00e9ciale, il y a une visite \u00e0 une cave dans la r\u00e9gion de Pened\u00e9s. Si vous avez des d\u00e9sirs sp\u00e9cifiques sur la cave, faites-nous savoir, sinon nous organiserons la meilleure option pour vous. Il est possible de choisir une cave ou de go\u00fbter au Catalan Cava. C&#8217;est le meilleur moyen de terminer votre visite priv\u00e9e de Montserrat.<\/p>\n<p>Veuillez noter que le trajet aller-retour durera un peu plus d&#8217;une heure. Notre \u00e9quipe et nos experts en voyages vous aideront \u00e0 organiser votre exp\u00e9rience enti\u00e8rement personnalis\u00e9e et unique lors de cette visite priv\u00e9e de Montserrat au d\u00e9part de Barcelone. Si vous n&#8217;avez pas une journ\u00e9e compl\u00e8te et que vous souhaitez profiter d&#8217;une visite priv\u00e9e de Montserrat, profitez de notre option demi-journ\u00e9e de 5 heures!<\/p>\n<h2>Sites d&#8217;int\u00e9r\u00eat et monuments<\/h2>\n<h4>Tour de Montserrat<\/h4>\n<p>Montserrat est l&#8217;un des lieux de p\u00e8lerinage les plus populaires d&#8217;Espagne. Sa cha\u00eene de montagnes unique et ses vues spectaculaires en font un site que la plupart des touristes ne peuvent pas manquer lorsqu&#8217;ils visitent Barcelone.<\/p>\n<p>Une fois arriv\u00e9 \u00e0 Montserrat, nous nous dirigerons d&#8217;abord vers l&#8217;Aeri de Montserrat. C&#8217;est le t\u00e9l\u00e9ph\u00e9rique jaune qui vous emm\u00e8ne juste en haut du monast\u00e8re. Si vous pr\u00e9f\u00e9rez ne pas faire de course Aeri, faites-le nous savoir car votre chauffeur peut prendre votre droite \u00e0 la place.<\/p>\n<p>L&#8217;Aeri de Montserrat vous offrira une vue imprenable sur la rivi\u00e8re Llobregat. Vous appr\u00e9cierez \u00e9galement la magnifique cha\u00eene de montagnes et la vall\u00e9e. C&#8217;est une exp\u00e9rience unique si vous n&#8217;avez pas peur des hauteurs!<\/p>\n<p>Une fois arriv\u00e9 au monast\u00e8re, soit en t\u00e9l\u00e9ph\u00e9rique ou avec notre v\u00e9hicule priv\u00e9, votre exp\u00e9rience \u00e0 Montserrat se poursuit.<\/p>\n<p>Votre guide officiel priv\u00e9 vous racontera l&#8217;histoire de ce lieu tr\u00e8s sp\u00e9cial et vous montrera les secrets du monast\u00e8re. Vous visiterez la Moreneta. La Moreneta est l&#8217;un des deux saints patrons catalans, avec Sant Jordi. Profitez de la vue fantastique que vous pouvez obtenir depuis l&#8217;Aeri de Montserrat. Un t\u00e9l\u00e9ph\u00e9rique qui vous emm\u00e8nera dans un voyage \u00e0 couper le souffle sur la rivi\u00e8re et la vall\u00e9e de Llobregat, jusqu&#8217;\u00e0 la montagne et jusqu&#8217;au monast\u00e8re de Montserrat.<\/p>\n<p>Vous pourrez \u00e9couter l&#8217;un des plus vieux choeurs d&#8217;enfants de toute l&#8217;Europe, les choristes de Montserrat. Ils chantent du lundi au vendredi \u00e0 13h00 et le dimanche \u00e0 12h00, de septembre \u00e0 avril. * Veuillez noter que l&#8217;horaire est sujet \u00e0 changement et les jours de f\u00eate, ils ne chantent pas *<\/p>\n<h4>Visite de cave \/ cava<\/h4>\n<p>Apr\u00e8s avoir visit\u00e9 la fantastique montagne de Montserrat, nous nous dirigerons vers la cave. Votre chauffeur et votre guide officiel vous emm\u00e8neront \u00e0 une visite guid\u00e9e d&#8217;une cave situ\u00e9e dans la r\u00e9gion de Penedes.<\/p>\n<p>Une large gamme de styles de vins est produite \u00e0 Pened\u00e8s. Cela comprend le cava blanc et ros\u00e9 de m\u00e9thode traditionnelle (mousseux), les rouges secs, les blancs secs et les blancs de dessert. La vinification dans la r\u00e9gion, comme dans le reste de l&#8217;Espagne, remonte \u00e0 des mill\u00e9naires et les Romains ont laiss\u00e9 ici de nombreux vestiges de leur production de vin.<\/p>\n<p>Vous profiterez d&#8217;une visite guid\u00e9e \u00e0 travers l&#8217;un des meilleurs vignobles de la r\u00e9gion. Vous apprendrez aupr\u00e8s de sp\u00e9cialistes le processus de vinification. Enfin, vous d\u00e9gusterez \u00e9galement diff\u00e9rents vins produits par la cave que vous visiterez.<\/p>\n<p>Apr\u00e8s avoir visit\u00e9 la cave, vous retournerez \u00e0 Barcelone. Le d\u00e9p\u00f4t se fera \u00e0 l&#8217;endroit o\u00f9 la visite a commenc\u00e9, ou faites-nous savoir \u00e0 l&#8217;avance si vous avez besoin d&#8217;un d\u00e9p\u00f4t ailleurs.<\/p>\n<p>Nous pouvons organiser la dur\u00e9e exacte de l&#8217;exp\u00e9rience en fonction de vos propres besoins. Nous vous proposons 8 heures, si vous souhaitez une exp\u00e9rience plus ou moins longue, n&#8217;h\u00e9sitez pas \u00e0 nous le demander. C&#8217;est une exp\u00e9rience sur mesure, nous pouvons toujours l&#8217;adapter \u00e0 vos propres besoins.<\/p>\n","protected":false},"excerpt":{"rendered":"<p>Profitez de cette exp\u00e9rience compl\u00e8tement priv\u00e9e pour visiter les fantastiques montagnes de Montserrat et visiter une cave en Catalogne dans votre v\u00e9hicule de luxe priv\u00e9 avec votre chauffeur priv\u00e9 et votre guide officiel priv\u00e9. Profitez de cette occasion pour conna\u00eetre l&#8217;un des lieux de p\u00e8lerinage les plus visit\u00e9s d&#8217;Espagne et aussi pour admirer sa vue imprenable depuis le sommet du monast\u00e8re. Visite priv\u00e9e personnalis\u00e9e juste pour vous et votre groupe.<\/p>\n","protected":false},"featured_media":93448,"comment_status":"open","ping_status":"closed","template":"","meta":{"_acf_changed":false},"product_brand":[],"product_cat":[5410,5412,5411,5413,3538],"product_tag":[],"class_list":{"0":"post-93447","1":"product","2":"type-product","3":"status-publish","4":"has-post-thumbnail","6":"product_cat-all-private-tours-activities-fr-30","7":"product_cat-best-sellers-fr-3","8":"product_cat-private-day-trips-fr-19","9":"product_cat-winery-tours-fr","10":"product_cat-barcelone-fr","12":"first","13":"instock","14":"shipping-taxable","15":"purchasable","16":"product-type-simple"},"acf":[],"yoast_head":"<!-- This site is optimized with the Yoast SEO Premium plugin v25.3.1 (Yoast SEO v25.3.1) - https:\/\/yoast.com\/wordpress\/plugins\/seo\/ -->\n<title>Visite priv\u00e9e de Montserrat \u00e0 Barcelone et visite de la cave \u00e0 Pened\u00e9s<\/title>\n<meta name=\"description\" content=\"Profitez de cette visite priv\u00e9e de Montserrat \u00e0 Barcelone avec votre guide officiel priv\u00e9 et votre v\u00e9hicule de luxe avec chauffeur. Visite des vignobles incluse.\" \/>\n<meta name=\"robots\" content=\"index, follow, max-snippet:-1, max-image-preview:large, max-video-preview:-1\" \/>\n<link rel=\"canonical\" href=\"https:\/\/tourtravelandmore.com\/fr\/tours\/espagne-fr\/barcelone-fr\/visite-privee-de-montserrat-a-barcelone-visite-de-vignobles-incluse\/\" \/>\n<meta property=\"og:locale\" content=\"fr_FR\" \/>\n<meta property=\"og:type\" content=\"article\" \/>\n<meta property=\"og:title\" content=\"Visite priv\u00e9e de Montserrat \u00e0 Barcelone - visite de vignobles incluse\" \/>\n<meta property=\"og:description\" content=\"Profitez de cette visite priv\u00e9e de Montserrat \u00e0 Barcelone avec votre guide officiel priv\u00e9 et votre v\u00e9hicule de luxe avec chauffeur. Visite des vignobles incluse.\" \/>\n<meta property=\"og:url\" content=\"https:\/\/tourtravelandmore.com\/fr\/tours\/espagne-fr\/barcelone-fr\/visite-privee-de-montserrat-a-barcelone-visite-de-vignobles-incluse\/\" \/>\n<meta property=\"og:site_name\" content=\"Tour Travel And More\" \/>\n<meta property=\"article:publisher\" content=\"https:\/\/www.facebook.com\/tourtravelandmore\/\" \/>\n<meta property=\"article:modified_time\" content=\"2024-05-20T13:07:06+00:00\" \/>\n<meta property=\"og:image\" content=\"https:\/\/tourtravelandmore.com\/wp-content\/uploads\/2017\/11\/montserrat.jpg\" \/>\n\t<meta property=\"og:image:width\" content=\"1024\" \/>\n\t<meta property=\"og:image:height\" content=\"768\" \/>\n\t<meta property=\"og:image:type\" content=\"image\/jpeg\" \/>\n<meta name=\"twitter:card\" content=\"summary_large_image\" \/>\n<meta name=\"twitter:site\" content=\"@TourTravel_More\" \/>\n<meta name=\"twitter:label1\" content=\"Dur\u00e9e de lecture estim\u00e9e\" \/>\n\t<meta name=\"twitter:data1\" content=\"4 minutes\" \/>\n<script type=\"application\/ld+json\" class=\"yoast-schema-graph\">{\"@context\":\"https:\/\/schema.org\",\"@graph\":[{\"@type\":\"WebPage\",\"@id\":\"https:\/\/tourtravelandmore.com\/fr\/tours\/espagne-fr\/barcelone-fr\/visite-privee-de-montserrat-a-barcelone-visite-de-vignobles-incluse\/\",\"url\":\"https:\/\/tourtravelandmore.com\/fr\/tours\/espagne-fr\/barcelone-fr\/visite-privee-de-montserrat-a-barcelone-visite-de-vignobles-incluse\/\",\"name\":\"Visite priv\u00e9e de Montserrat \u00e0 Barcelone et visite de la cave \u00e0 Pened\u00e9s\",\"isPartOf\":{\"@id\":\"https:\/\/tourtravelandmore.com\/fr\/#website\"},\"primaryImageOfPage\":{\"@id\":\"https:\/\/tourtravelandmore.com\/fr\/tours\/espagne-fr\/barcelone-fr\/visite-privee-de-montserrat-a-barcelone-visite-de-vignobles-incluse\/#primaryimage\"},\"image\":{\"@id\":\"https:\/\/tourtravelandmore.com\/fr\/tours\/espagne-fr\/barcelone-fr\/visite-privee-de-montserrat-a-barcelone-visite-de-vignobles-incluse\/#primaryimage\"},\"thumbnailUrl\":\"https:\/\/tourtravelandmore.com\/wp-content\/uploads\/2017\/11\/montserrat.jpg\",\"datePublished\":\"2017-11-03T13:06:58+00:00\",\"dateModified\":\"2024-05-20T13:07:06+00:00\",\"description\":\"Profitez de cette visite priv\u00e9e de Montserrat \u00e0 Barcelone avec votre guide officiel priv\u00e9 et votre v\u00e9hicule de luxe avec chauffeur. Visite des vignobles incluse.\",\"breadcrumb\":{\"@id\":\"https:\/\/tourtravelandmore.com\/fr\/tours\/espagne-fr\/barcelone-fr\/visite-privee-de-montserrat-a-barcelone-visite-de-vignobles-incluse\/#breadcrumb\"},\"inLanguage\":\"fr-FR\",\"potentialAction\":[{\"@type\":\"ReadAction\",\"target\":[\"https:\/\/tourtravelandmore.com\/fr\/tours\/espagne-fr\/barcelone-fr\/visite-privee-de-montserrat-a-barcelone-visite-de-vignobles-incluse\/\"]}]},{\"@type\":\"ImageObject\",\"inLanguage\":\"fr-FR\",\"@id\":\"https:\/\/tourtravelandmore.com\/fr\/tours\/espagne-fr\/barcelone-fr\/visite-privee-de-montserrat-a-barcelone-visite-de-vignobles-incluse\/#primaryimage\",\"url\":\"https:\/\/tourtravelandmore.com\/wp-content\/uploads\/2017\/11\/montserrat.jpg\",\"contentUrl\":\"https:\/\/tourtravelandmore.com\/wp-content\/uploads\/2017\/11\/montserrat.jpg\",\"width\":1024,\"height\":768},{\"@type\":\"BreadcrumbList\",\"@id\":\"https:\/\/tourtravelandmore.com\/fr\/tours\/espagne-fr\/barcelone-fr\/visite-privee-de-montserrat-a-barcelone-visite-de-vignobles-incluse\/#breadcrumb\",\"itemListElement\":[{\"@type\":\"ListItem\",\"position\":1,\"name\":\"Home\",\"item\":\"https:\/\/tourtravelandmore.com\/fr\/\"},{\"@type\":\"ListItem\",\"position\":2,\"name\":\"Tours\",\"item\":\"https:\/\/tourtravelandmore.com\/fr\/tours\/\"},{\"@type\":\"ListItem\",\"position\":3,\"name\":\"Visite priv\u00e9e de Montserrat \u00e0 Barcelone &#8211; visite de vignobles incluse\"}]},{\"@type\":\"WebSite\",\"@id\":\"https:\/\/tourtravelandmore.com\/fr\/#website\",\"url\":\"https:\/\/tourtravelandmore.com\/fr\/\",\"name\":\"Tour Travel And More\",\"description\":\"Private sightseeing tours and luxury transfers in Spain\",\"publisher\":{\"@id\":\"https:\/\/tourtravelandmore.com\/fr\/#organization\"},\"potentialAction\":[{\"@type\":\"SearchAction\",\"target\":{\"@type\":\"EntryPoint\",\"urlTemplate\":\"https:\/\/tourtravelandmore.com\/fr\/?s={search_term_string}\"},\"query-input\":{\"@type\":\"PropertyValueSpecification\",\"valueRequired\":true,\"valueName\":\"search_term_string\"}}],\"inLanguage\":\"fr-FR\"},{\"@type\":\"Organization\",\"@id\":\"https:\/\/tourtravelandmore.com\/fr\/#organization\",\"name\":\"Tour Travel And More\",\"url\":\"https:\/\/tourtravelandmore.com\/fr\/\",\"logo\":{\"@type\":\"ImageObject\",\"inLanguage\":\"fr-FR\",\"@id\":\"https:\/\/tourtravelandmore.com\/fr\/#\/schema\/logo\/image\/\",\"url\":\"https:\/\/tourtravelandmore.com\/wp-content\/uploads\/2022\/12\/cropped-logo-cabecera-new.png\",\"contentUrl\":\"https:\/\/tourtravelandmore.com\/wp-content\/uploads\/2022\/12\/cropped-logo-cabecera-new.png\",\"width\":430,\"height\":61,\"caption\":\"Tour Travel And More\"},\"image\":{\"@id\":\"https:\/\/tourtravelandmore.com\/fr\/#\/schema\/logo\/image\/\"},\"sameAs\":[\"https:\/\/www.facebook.com\/tourtravelandmore\/\",\"https:\/\/x.com\/TourTravel_More\"]}]}<\/script>\n<!-- \/ Yoast SEO Premium plugin. -->","yoast_head_json":{"title":"Visite priv\u00e9e de Montserrat \u00e0 Barcelone et visite de la cave \u00e0 Pened\u00e9s","description":"Profitez de cette visite priv\u00e9e de Montserrat \u00e0 Barcelone avec votre guide officiel priv\u00e9 et votre v\u00e9hicule de luxe avec chauffeur. Visite des vignobles incluse.","robots":{"index":"index","follow":"follow","max-snippet":"max-snippet:-1","max-image-preview":"max-image-preview:large","max-video-preview":"max-video-preview:-1"},"canonical":"https:\/\/tourtravelandmore.com\/fr\/tours\/espagne-fr\/barcelone-fr\/visite-privee-de-montserrat-a-barcelone-visite-de-vignobles-incluse\/","og_locale":"fr_FR","og_type":"article","og_title":"Visite priv\u00e9e de Montserrat \u00e0 Barcelone - visite de vignobles incluse","og_description":"Profitez de cette visite priv\u00e9e de Montserrat \u00e0 Barcelone avec votre guide officiel priv\u00e9 et votre v\u00e9hicule de luxe avec chauffeur. Visite des vignobles incluse.","og_url":"https:\/\/tourtravelandmore.com\/fr\/tours\/espagne-fr\/barcelone-fr\/visite-privee-de-montserrat-a-barcelone-visite-de-vignobles-incluse\/","og_site_name":"Tour Travel And More","article_publisher":"https:\/\/www.facebook.com\/tourtravelandmore\/","article_modified_time":"2024-05-20T13:07:06+00:00","og_image":[{"width":1024,"height":768,"url":"https:\/\/tourtravelandmore.com\/wp-content\/uploads\/2017\/11\/montserrat.jpg","type":"image\/jpeg"}],"twitter_card":"summary_large_image","twitter_site":"@TourTravel_More","twitter_misc":{"Dur\u00e9e de lecture estim\u00e9e":"4 minutes"},"schema":{"@context":"https:\/\/schema.org","@graph":[{"@type":"WebPage","@id":"https:\/\/tourtravelandmore.com\/fr\/tours\/espagne-fr\/barcelone-fr\/visite-privee-de-montserrat-a-barcelone-visite-de-vignobles-incluse\/","url":"https:\/\/tourtravelandmore.com\/fr\/tours\/espagne-fr\/barcelone-fr\/visite-privee-de-montserrat-a-barcelone-visite-de-vignobles-incluse\/","name":"Visite priv\u00e9e de Montserrat \u00e0 Barcelone et visite de la cave \u00e0 Pened\u00e9s","isPartOf":{"@id":"https:\/\/tourtravelandmore.com\/fr\/#website"},"primaryImageOfPage":{"@id":"https:\/\/tourtravelandmore.com\/fr\/tours\/espagne-fr\/barcelone-fr\/visite-privee-de-montserrat-a-barcelone-visite-de-vignobles-incluse\/#primaryimage"},"image":{"@id":"https:\/\/tourtravelandmore.com\/fr\/tours\/espagne-fr\/barcelone-fr\/visite-privee-de-montserrat-a-barcelone-visite-de-vignobles-incluse\/#primaryimage"},"thumbnailUrl":"https:\/\/tourtravelandmore.com\/wp-content\/uploads\/2017\/11\/montserrat.jpg","datePublished":"2017-11-03T13:06:58+00:00","dateModified":"2024-05-20T13:07:06+00:00","description":"Profitez de cette visite priv\u00e9e de Montserrat \u00e0 Barcelone avec votre guide officiel priv\u00e9 et votre v\u00e9hicule de luxe avec chauffeur. Visite des vignobles incluse.","breadcrumb":{"@id":"https:\/\/tourtravelandmore.com\/fr\/tours\/espagne-fr\/barcelone-fr\/visite-privee-de-montserrat-a-barcelone-visite-de-vignobles-incluse\/#breadcrumb"},"inLanguage":"fr-FR","potentialAction":[{"@type":"ReadAction","target":["https:\/\/tourtravelandmore.com\/fr\/tours\/espagne-fr\/barcelone-fr\/visite-privee-de-montserrat-a-barcelone-visite-de-vignobles-incluse\/"]}]},{"@type":"ImageObject","inLanguage":"fr-FR","@id":"https:\/\/tourtravelandmore.com\/fr\/tours\/espagne-fr\/barcelone-fr\/visite-privee-de-montserrat-a-barcelone-visite-de-vignobles-incluse\/#primaryimage","url":"https:\/\/tourtravelandmore.com\/wp-content\/uploads\/2017\/11\/montserrat.jpg","contentUrl":"https:\/\/tourtravelandmore.com\/wp-content\/uploads\/2017\/11\/montserrat.jpg","width":1024,"height":768},{"@type":"BreadcrumbList","@id":"https:\/\/tourtravelandmore.com\/fr\/tours\/espagne-fr\/barcelone-fr\/visite-privee-de-montserrat-a-barcelone-visite-de-vignobles-incluse\/#breadcrumb","itemListElement":[{"@type":"ListItem","position":1,"name":"Home","item":"https:\/\/tourtravelandmore.com\/fr\/"},{"@type":"ListItem","position":2,"name":"Tours","item":"https:\/\/tourtravelandmore.com\/fr\/tours\/"},{"@type":"ListItem","position":3,"name":"Visite priv\u00e9e de Montserrat \u00e0 Barcelone &#8211; visite de vignobles incluse"}]},{"@type":"WebSite","@id":"https:\/\/tourtravelandmore.com\/fr\/#website","url":"https:\/\/tourtravelandmore.com\/fr\/","name":"Tour Travel And More","description":"Private sightseeing tours and luxury transfers in Spain","publisher":{"@id":"https:\/\/tourtravelandmore.com\/fr\/#organization"},"potentialAction":[{"@type":"SearchAction","target":{"@type":"EntryPoint","urlTemplate":"https:\/\/tourtravelandmore.com\/fr\/?s={search_term_string}"},"query-input":{"@type":"PropertyValueSpecification","valueRequired":true,"valueName":"search_term_string"}}],"inLanguage":"fr-FR"},{"@type":"Organization","@id":"https:\/\/tourtravelandmore.com\/fr\/#organization","name":"Tour Travel And More","url":"https:\/\/tourtravelandmore.com\/fr\/","logo":{"@type":"ImageObject","inLanguage":"fr-FR","@id":"https:\/\/tourtravelandmore.com\/fr\/#\/schema\/logo\/image\/","url":"https:\/\/tourtravelandmore.com\/wp-content\/uploads\/2022\/12\/cropped-logo-cabecera-new.png","contentUrl":"https:\/\/tourtravelandmore.com\/wp-content\/uploads\/2022\/12\/cropped-logo-cabecera-new.png","width":430,"height":61,"caption":"Tour Travel And More"},"image":{"@id":"https:\/\/tourtravelandmore.com\/fr\/#\/schema\/logo\/image\/"},"sameAs":["https:\/\/www.facebook.com\/tourtravelandmore\/","https:\/\/x.com\/TourTravel_More"]}]}},"_links":{"self":[{"href":"https:\/\/tourtravelandmore.com\/fr\/wp-json\/wp\/v2\/product\/93447","targetHints":{"allow":["GET"]}}],"collection":[{"href":"https:\/\/tourtravelandmore.com\/fr\/wp-json\/wp\/v2\/product"}],"about":[{"href":"https:\/\/tourtravelandmore.com\/fr\/wp-json\/wp\/v2\/types\/product"}],"replies":[{"embeddable":true,"href":"https:\/\/tourtravelandmore.com\/fr\/wp-json\/wp\/v2\/comments?post=93447"}],"wp:featuredmedia":[{"embeddable":true,"href":"https:\/\/tourtravelandmore.com\/fr\/wp-json\/wp\/v2\/media\/93448"}],"wp:attachment":[{"href":"https:\/\/tourtravelandmore.com\/fr\/wp-json\/wp\/v2\/media?parent=93447"}],"wp:term":[{"taxonomy":"product_brand","embeddable":true,"href":"https:\/\/tourtravelandmore.com\/fr\/wp-json\/wp\/v2\/product_brand?post=93447"},{"taxonomy":"product_cat","embeddable":true,"href":"https:\/\/tourtravelandmore.com\/fr\/wp-json\/wp\/v2\/product_cat?post=93447"},{"taxonomy":"product_tag","embeddable":true,"href":"https:\/\/tourtravelandmore.com\/fr\/wp-json\/wp\/v2\/product_tag?post=93447"}],"curies":[{"name":"wp","href":"https:\/\/api.w.org\/{rel}","templated":true}]}}