{"id":93435,"date":"2017-10-26T13:43:47","date_gmt":"2017-10-26T11:43:47","guid":{"rendered":"https:\/\/tourtravelandmore.com\/tours\/non class\u00e9\/visite-privee-du-musee-dali-et-cadaques\/"},"modified":"2017-10-26T13:43:47","modified_gmt":"2017-10-26T11:43:47","slug":"visite-privee-du-musee-dali-et-cadaques","status":"publish","type":"product","link":"https:\/\/tourtravelandmore.com\/fr\/tours\/france-fr\/sttropez-fr\/visite-privee-du-musee-dali-et-cadaques\/","title":{"rendered":"Visite priv\u00e9e du mus\u00e9e Dali et Cadaques"},"content":{"rendered":"<h2>La description<\/h2>\n<p>Profitez de cette visite priv\u00e9e du mus\u00e9e de Dali et de Cadaques avec votre propre v\u00e9hicule de luxe et chauffeur. Votre guide officiel priv\u00e9 vous attendra au mus\u00e9e Dali pour une visite de 2 heures du mus\u00e9e.<\/p>\n<p>Tout d&#8217;abord, votre chauffeur priv\u00e9 viendra vous chercher \u00e0 votre h\u00f4tel \u00e0 Barcelone et nous nous dirigerons vers Figueras pour votre visite du mus\u00e9e Dali. Une fois arriv\u00e9s \u00e0 Figueras, votre guide officiel priv\u00e9 vous attendra pour la visite guid\u00e9e de 2 heures du mus\u00e9e Dali.<\/p>\n<p>Votre guide officiel priv\u00e9 vous accompagnera pour d\u00e9couvrir le fantastique mus\u00e9e Dali. Le mus\u00e9e Dali est situ\u00e9 \u00e0 Figueras, \u00e0 seulement 2 heures de route du centre de Barcelone. Cette visite peut \u00eatre effectu\u00e9e tous les jours de la semaine sauf le lundi. Le lundi, le mus\u00e9e est ferm\u00e9.<\/p>\n<p>Vous profiterez d&#8217;une visite de 2 heures du mus\u00e9e Dali. Nous continuerons ensuite votre visite du mus\u00e9e Dali et Cadaques et nous nous dirigerons vers la ville de la Costa Brava. Votre chauffeur priv\u00e9 vous conduira \u00e0 Cadaqu\u00e9s.<\/p>\n<p>Nos experts en voyages sont \u00e0 votre disposition pour organiser une exp\u00e9rience priv\u00e9e personnalis\u00e9e pour vous.<\/p>\n<p>Si vous n&#8217;avez pas 10 heures d&#8217;une journ\u00e9e compl\u00e8te, consultez notre visite de Dali et Figueras.<\/p>\n<h2>Sites d&#8217;int\u00e9r\u00eat et monuments<\/h2>\n<p>Figueras est mondialement connue comme le berceau de Salvador Dal\u00ed. Dal\u00ed est n\u00e9 \u00e0 seulement quelques kilom\u00e8tres de cette ville historique. Outre le mus\u00e9e Dali (qui re\u00e7oit environ 1 million de visiteurs chaque ann\u00e9e), la ville poss\u00e8de de tr\u00e8s beaux murs m\u00e9di\u00e9vaux. Vous pouvez \u00e9galement trouver le ch\u00e2teau de Sant Ferran et il a \u00e9galement beaucoup de b\u00e2timents postmodernes et n\u00e9o-classiques dans son centre-ville.<\/p>\n<p>Tout d&#8217;abord, votre guide professionnel en anglais vous montrera tous les secrets de ce fantastique mus\u00e9e et de la ville de Figueras lors de cette visite guid\u00e9e de 2 heures. Le mus\u00e9e pr\u00e9sente certaines des meilleures \u0153uvres de Salvador Dali. Cela inclut le visage de Mae West, parmi de nombreuses autres \u0153uvres surr\u00e9alistes que le grand Dal\u00ed a r\u00e9alis\u00e9es tout au long de sa carri\u00e8re. Si vous souhaitez visiter un endroit particulier de G\u00e9rone, faites-le savoir \u00e0 nos experts en voyages et nous l&#8217;organiserons pour vous.<\/p>\n<p>Deuxi\u00e8mement, apr\u00e8s la visite du mus\u00e9e Dal\u00ed, vous continuerez votre visite en visitant Cadaqu\u00e9s. Cadaques est l&#8217;un des plus beaux villages c\u00f4tiers de la Costa Brava, o\u00f9 est n\u00e9 Salvador Dal\u00ed. La tr\u00e8s connue Costa Brava s&#8217;\u00e9tend sur 214 km et Cadaqu\u00e9s est situ\u00e9e au nord de la r\u00e9gion.<\/p>\n<p>Une fois \u00e0 Cadaques, profitez de la vue magnifique sur la mer M\u00e9diterran\u00e9e. Entre autres sites, profitez d&#8217;une vue sur:<\/p>\n<p>Santa Maria de Cadaques<br \/>\nCap de Creus<br \/>\nFar de Cala Nans<br \/>\nPlatja Gran<br \/>\nBeaucoup plus!<\/p>\n<p>Il y aura un bref temps pour manger un morceau avant de retourner vers Barcelone avec votre chauffeur priv\u00e9.<\/p>\n<p>En conclusion, profitez du meilleur de Cadaques et du mus\u00e9e Dali avec cette visite priv\u00e9e. D\u00e9couvrez l&#8217;histoire de Dali et profitez d&#8217;une vue imprenable sur la ville de Cadaques sur la Costa Brava.<\/p>\n","protected":false},"excerpt":{"rendered":"<p>Profitez de l&#8217;occasion pour visiter Figueras, o\u00f9 se trouve le mus\u00e9e Dali avec cette visite priv\u00e9e au d\u00e9part de Barcelone. Vous aurez \u00e0 votre disposition un guide priv\u00e9 officiel \u00e0 Figueras pendant 2 heures. Vous visiterez \u00e9galement Cadaqu\u00e9s, un magnifique village c\u00f4tier o\u00f9 Salvador Dal\u00ed est n\u00e9 avec votre chauffeur priv\u00e9 dans un v\u00e9hicule de luxe. Personnalisez votre propre exp\u00e9rience.<\/p>\n","protected":false},"featured_media":93436,"comment_status":"open","ping_status":"closed","template":"","meta":{"_acf_changed":false},"product_brand":[],"product_cat":[3626],"product_tag":[],"class_list":{"0":"post-93435","1":"product","2":"type-product","3":"status-publish","4":"has-post-thumbnail","6":"product_cat-sttropez-fr","8":"first","9":"instock","10":"shipping-taxable","11":"purchasable","12":"product-type-simple"},"acf":[],"yoast_head":"<!-- This site is optimized with the Yoast SEO Premium plugin v25.3.1 (Yoast SEO v25.3.1) - https:\/\/yoast.com\/wordpress\/plugins\/seo\/ -->\n<title>Visite priv\u00e9e du mus\u00e9e Dali et Cadaques au d\u00e9part de Barcelone<\/title>\n<meta name=\"description\" content=\"Visite priv\u00e9e du mus\u00e9e Dali et Cadaques. Visitez le fantastique mus\u00e9e Dali, situ\u00e9 \u00e0 Figueras (billets inclus) et la belle ville de Cadaqu\u00e9s.\" \/>\n<meta name=\"robots\" content=\"index, follow, max-snippet:-1, max-image-preview:large, max-video-preview:-1\" \/>\n<link rel=\"canonical\" href=\"https:\/\/tourtravelandmore.com\/fr\/tours\/france-fr\/sttropez-fr\/visite-privee-du-musee-dali-et-cadaques\/\" \/>\n<meta property=\"og:locale\" content=\"fr_FR\" \/>\n<meta property=\"og:type\" content=\"article\" \/>\n<meta property=\"og:title\" content=\"Visite priv\u00e9e du mus\u00e9e Dali et Cadaques\" \/>\n<meta property=\"og:description\" content=\"Visite priv\u00e9e du mus\u00e9e Dali et Cadaques. Visitez le fantastique mus\u00e9e Dali, situ\u00e9 \u00e0 Figueras (billets inclus) et la belle ville de Cadaqu\u00e9s.\" \/>\n<meta property=\"og:url\" content=\"https:\/\/tourtravelandmore.com\/fr\/tours\/france-fr\/sttropez-fr\/visite-privee-du-musee-dali-et-cadaques\/\" \/>\n<meta property=\"og:site_name\" content=\"Tour Travel And More\" \/>\n<meta property=\"article:publisher\" content=\"https:\/\/www.facebook.com\/tourtravelandmore\/\" \/>\n<meta property=\"og:image\" content=\"https:\/\/tourtravelandmore.com\/wp-content\/uploads\/2017\/10\/dali-2.jpg\" \/>\n\t<meta property=\"og:image:width\" content=\"1024\" \/>\n\t<meta property=\"og:image:height\" content=\"710\" \/>\n\t<meta property=\"og:image:type\" content=\"image\/jpeg\" \/>\n<meta name=\"twitter:card\" content=\"summary_large_image\" \/>\n<meta name=\"twitter:site\" content=\"@TourTravel_More\" \/>\n<meta name=\"twitter:label1\" content=\"Dur\u00e9e de lecture estim\u00e9e\" \/>\n\t<meta name=\"twitter:data1\" content=\"3 minutes\" \/>\n<script type=\"application\/ld+json\" class=\"yoast-schema-graph\">{\"@context\":\"https:\/\/schema.org\",\"@graph\":[{\"@type\":\"WebPage\",\"@id\":\"https:\/\/tourtravelandmore.com\/fr\/tours\/france-fr\/sttropez-fr\/visite-privee-du-musee-dali-et-cadaques\/\",\"url\":\"https:\/\/tourtravelandmore.com\/fr\/tours\/france-fr\/sttropez-fr\/visite-privee-du-musee-dali-et-cadaques\/\",\"name\":\"Visite priv\u00e9e du mus\u00e9e Dali et Cadaques au d\u00e9part de Barcelone\",\"isPartOf\":{\"@id\":\"https:\/\/tourtravelandmore.com\/fr\/#website\"},\"primaryImageOfPage\":{\"@id\":\"https:\/\/tourtravelandmore.com\/fr\/tours\/france-fr\/sttropez-fr\/visite-privee-du-musee-dali-et-cadaques\/#primaryimage\"},\"image\":{\"@id\":\"https:\/\/tourtravelandmore.com\/fr\/tours\/france-fr\/sttropez-fr\/visite-privee-du-musee-dali-et-cadaques\/#primaryimage\"},\"thumbnailUrl\":\"https:\/\/tourtravelandmore.com\/wp-content\/uploads\/2017\/10\/dali-2.jpg\",\"datePublished\":\"2017-10-26T11:43:47+00:00\",\"description\":\"Visite priv\u00e9e du mus\u00e9e Dali et Cadaques. Visitez le fantastique mus\u00e9e Dali, situ\u00e9 \u00e0 Figueras (billets inclus) et la belle ville de Cadaqu\u00e9s.\",\"breadcrumb\":{\"@id\":\"https:\/\/tourtravelandmore.com\/fr\/tours\/france-fr\/sttropez-fr\/visite-privee-du-musee-dali-et-cadaques\/#breadcrumb\"},\"inLanguage\":\"fr-FR\",\"potentialAction\":[{\"@type\":\"ReadAction\",\"target\":[\"https:\/\/tourtravelandmore.com\/fr\/tours\/france-fr\/sttropez-fr\/visite-privee-du-musee-dali-et-cadaques\/\"]}]},{\"@type\":\"ImageObject\",\"inLanguage\":\"fr-FR\",\"@id\":\"https:\/\/tourtravelandmore.com\/fr\/tours\/france-fr\/sttropez-fr\/visite-privee-du-musee-dali-et-cadaques\/#primaryimage\",\"url\":\"https:\/\/tourtravelandmore.com\/wp-content\/uploads\/2017\/10\/dali-2.jpg\",\"contentUrl\":\"https:\/\/tourtravelandmore.com\/wp-content\/uploads\/2017\/10\/dali-2.jpg\",\"width\":1024,\"height\":710},{\"@type\":\"BreadcrumbList\",\"@id\":\"https:\/\/tourtravelandmore.com\/fr\/tours\/france-fr\/sttropez-fr\/visite-privee-du-musee-dali-et-cadaques\/#breadcrumb\",\"itemListElement\":[{\"@type\":\"ListItem\",\"position\":1,\"name\":\"Home\",\"item\":\"https:\/\/tourtravelandmore.com\/fr\/\"},{\"@type\":\"ListItem\",\"position\":2,\"name\":\"Tours\",\"item\":\"https:\/\/tourtravelandmore.com\/fr\/tours\/\"},{\"@type\":\"ListItem\",\"position\":3,\"name\":\"Visite priv\u00e9e du mus\u00e9e Dali et Cadaques\"}]},{\"@type\":\"WebSite\",\"@id\":\"https:\/\/tourtravelandmore.com\/fr\/#website\",\"url\":\"https:\/\/tourtravelandmore.com\/fr\/\",\"name\":\"Tour Travel And More\",\"description\":\"Private sightseeing tours and luxury transfers in Spain\",\"publisher\":{\"@id\":\"https:\/\/tourtravelandmore.com\/fr\/#organization\"},\"potentialAction\":[{\"@type\":\"SearchAction\",\"target\":{\"@type\":\"EntryPoint\",\"urlTemplate\":\"https:\/\/tourtravelandmore.com\/fr\/?s={search_term_string}\"},\"query-input\":{\"@type\":\"PropertyValueSpecification\",\"valueRequired\":true,\"valueName\":\"search_term_string\"}}],\"inLanguage\":\"fr-FR\"},{\"@type\":\"Organization\",\"@id\":\"https:\/\/tourtravelandmore.com\/fr\/#organization\",\"name\":\"Tour Travel And More\",\"url\":\"https:\/\/tourtravelandmore.com\/fr\/\",\"logo\":{\"@type\":\"ImageObject\",\"inLanguage\":\"fr-FR\",\"@id\":\"https:\/\/tourtravelandmore.com\/fr\/#\/schema\/logo\/image\/\",\"url\":\"https:\/\/tourtravelandmore.com\/wp-content\/uploads\/2022\/12\/cropped-logo-cabecera-new.png\",\"contentUrl\":\"https:\/\/tourtravelandmore.com\/wp-content\/uploads\/2022\/12\/cropped-logo-cabecera-new.png\",\"width\":430,\"height\":61,\"caption\":\"Tour Travel And More\"},\"image\":{\"@id\":\"https:\/\/tourtravelandmore.com\/fr\/#\/schema\/logo\/image\/\"},\"sameAs\":[\"https:\/\/www.facebook.com\/tourtravelandmore\/\",\"https:\/\/x.com\/TourTravel_More\"]}]}<\/script>\n<!-- \/ Yoast SEO Premium plugin. -->","yoast_head_json":{"title":"Visite priv\u00e9e du mus\u00e9e Dali et Cadaques au d\u00e9part de Barcelone","description":"Visite priv\u00e9e du mus\u00e9e Dali et Cadaques. Visitez le fantastique mus\u00e9e Dali, situ\u00e9 \u00e0 Figueras (billets inclus) et la belle ville de Cadaqu\u00e9s.","robots":{"index":"index","follow":"follow","max-snippet":"max-snippet:-1","max-image-preview":"max-image-preview:large","max-video-preview":"max-video-preview:-1"},"canonical":"https:\/\/tourtravelandmore.com\/fr\/tours\/france-fr\/sttropez-fr\/visite-privee-du-musee-dali-et-cadaques\/","og_locale":"fr_FR","og_type":"article","og_title":"Visite priv\u00e9e du mus\u00e9e Dali et Cadaques","og_description":"Visite priv\u00e9e du mus\u00e9e Dali et Cadaques. Visitez le fantastique mus\u00e9e Dali, situ\u00e9 \u00e0 Figueras (billets inclus) et la belle ville de Cadaqu\u00e9s.","og_url":"https:\/\/tourtravelandmore.com\/fr\/tours\/france-fr\/sttropez-fr\/visite-privee-du-musee-dali-et-cadaques\/","og_site_name":"Tour Travel And More","article_publisher":"https:\/\/www.facebook.com\/tourtravelandmore\/","og_image":[{"width":1024,"height":710,"url":"https:\/\/tourtravelandmore.com\/wp-content\/uploads\/2017\/10\/dali-2.jpg","type":"image\/jpeg"}],"twitter_card":"summary_large_image","twitter_site":"@TourTravel_More","twitter_misc":{"Dur\u00e9e de lecture estim\u00e9e":"3 minutes"},"schema":{"@context":"https:\/\/schema.org","@graph":[{"@type":"WebPage","@id":"https:\/\/tourtravelandmore.com\/fr\/tours\/france-fr\/sttropez-fr\/visite-privee-du-musee-dali-et-cadaques\/","url":"https:\/\/tourtravelandmore.com\/fr\/tours\/france-fr\/sttropez-fr\/visite-privee-du-musee-dali-et-cadaques\/","name":"Visite priv\u00e9e du mus\u00e9e Dali et Cadaques au d\u00e9part de Barcelone","isPartOf":{"@id":"https:\/\/tourtravelandmore.com\/fr\/#website"},"primaryImageOfPage":{"@id":"https:\/\/tourtravelandmore.com\/fr\/tours\/france-fr\/sttropez-fr\/visite-privee-du-musee-dali-et-cadaques\/#primaryimage"},"image":{"@id":"https:\/\/tourtravelandmore.com\/fr\/tours\/france-fr\/sttropez-fr\/visite-privee-du-musee-dali-et-cadaques\/#primaryimage"},"thumbnailUrl":"https:\/\/tourtravelandmore.com\/wp-content\/uploads\/2017\/10\/dali-2.jpg","datePublished":"2017-10-26T11:43:47+00:00","description":"Visite priv\u00e9e du mus\u00e9e Dali et Cadaques. Visitez le fantastique mus\u00e9e Dali, situ\u00e9 \u00e0 Figueras (billets inclus) et la belle ville de Cadaqu\u00e9s.","breadcrumb":{"@id":"https:\/\/tourtravelandmore.com\/fr\/tours\/france-fr\/sttropez-fr\/visite-privee-du-musee-dali-et-cadaques\/#breadcrumb"},"inLanguage":"fr-FR","potentialAction":[{"@type":"ReadAction","target":["https:\/\/tourtravelandmore.com\/fr\/tours\/france-fr\/sttropez-fr\/visite-privee-du-musee-dali-et-cadaques\/"]}]},{"@type":"ImageObject","inLanguage":"fr-FR","@id":"https:\/\/tourtravelandmore.com\/fr\/tours\/france-fr\/sttropez-fr\/visite-privee-du-musee-dali-et-cadaques\/#primaryimage","url":"https:\/\/tourtravelandmore.com\/wp-content\/uploads\/2017\/10\/dali-2.jpg","contentUrl":"https:\/\/tourtravelandmore.com\/wp-content\/uploads\/2017\/10\/dali-2.jpg","width":1024,"height":710},{"@type":"BreadcrumbList","@id":"https:\/\/tourtravelandmore.com\/fr\/tours\/france-fr\/sttropez-fr\/visite-privee-du-musee-dali-et-cadaques\/#breadcrumb","itemListElement":[{"@type":"ListItem","position":1,"name":"Home","item":"https:\/\/tourtravelandmore.com\/fr\/"},{"@type":"ListItem","position":2,"name":"Tours","item":"https:\/\/tourtravelandmore.com\/fr\/tours\/"},{"@type":"ListItem","position":3,"name":"Visite priv\u00e9e du mus\u00e9e Dali et Cadaques"}]},{"@type":"WebSite","@id":"https:\/\/tourtravelandmore.com\/fr\/#website","url":"https:\/\/tourtravelandmore.com\/fr\/","name":"Tour Travel And More","description":"Private sightseeing tours and luxury transfers in Spain","publisher":{"@id":"https:\/\/tourtravelandmore.com\/fr\/#organization"},"potentialAction":[{"@type":"SearchAction","target":{"@type":"EntryPoint","urlTemplate":"https:\/\/tourtravelandmore.com\/fr\/?s={search_term_string}"},"query-input":{"@type":"PropertyValueSpecification","valueRequired":true,"valueName":"search_term_string"}}],"inLanguage":"fr-FR"},{"@type":"Organization","@id":"https:\/\/tourtravelandmore.com\/fr\/#organization","name":"Tour Travel And More","url":"https:\/\/tourtravelandmore.com\/fr\/","logo":{"@type":"ImageObject","inLanguage":"fr-FR","@id":"https:\/\/tourtravelandmore.com\/fr\/#\/schema\/logo\/image\/","url":"https:\/\/tourtravelandmore.com\/wp-content\/uploads\/2022\/12\/cropped-logo-cabecera-new.png","contentUrl":"https:\/\/tourtravelandmore.com\/wp-content\/uploads\/2022\/12\/cropped-logo-cabecera-new.png","width":430,"height":61,"caption":"Tour Travel And More"},"image":{"@id":"https:\/\/tourtravelandmore.com\/fr\/#\/schema\/logo\/image\/"},"sameAs":["https:\/\/www.facebook.com\/tourtravelandmore\/","https:\/\/x.com\/TourTravel_More"]}]}},"_links":{"self":[{"href":"https:\/\/tourtravelandmore.com\/fr\/wp-json\/wp\/v2\/product\/93435","targetHints":{"allow":["GET"]}}],"collection":[{"href":"https:\/\/tourtravelandmore.com\/fr\/wp-json\/wp\/v2\/product"}],"about":[{"href":"https:\/\/tourtravelandmore.com\/fr\/wp-json\/wp\/v2\/types\/product"}],"replies":[{"embeddable":true,"href":"https:\/\/tourtravelandmore.com\/fr\/wp-json\/wp\/v2\/comments?post=93435"}],"wp:featuredmedia":[{"embeddable":true,"href":"https:\/\/tourtravelandmore.com\/fr\/wp-json\/wp\/v2\/media\/93436"}],"wp:attachment":[{"href":"https:\/\/tourtravelandmore.com\/fr\/wp-json\/wp\/v2\/media?parent=93435"}],"wp:term":[{"taxonomy":"product_brand","embeddable":true,"href":"https:\/\/tourtravelandmore.com\/fr\/wp-json\/wp\/v2\/product_brand?post=93435"},{"taxonomy":"product_cat","embeddable":true,"href":"https:\/\/tourtravelandmore.com\/fr\/wp-json\/wp\/v2\/product_cat?post=93435"},{"taxonomy":"product_tag","embeddable":true,"href":"https:\/\/tourtravelandmore.com\/fr\/wp-json\/wp\/v2\/product_tag?post=93435"}],"curies":[{"name":"wp","href":"https:\/\/api.w.org\/{rel}","templated":true}]}}