{"id":93413,"date":"2020-09-21T10:58:36","date_gmt":"2020-09-21T08:58:36","guid":{"rendered":"https:\/\/tourtravelandmore.com\/tours\/non%20class\u00e9\/visite-privee-daranjuez-au-depart-de-madrid\/"},"modified":"2024-09-13T17:05:00","modified_gmt":"2024-09-13T15:05:00","slug":"visite-privee-daranjuez-au-depart-de-madrid","status":"publish","type":"product","link":"https:\/\/tourtravelandmore.com\/fr\/tours\/espagne-fr\/madrid-fr\/tous-les-circuits-et-activites-prives\/visite-privee-daranjuez-au-depart-de-madrid\/","title":{"rendered":"Visite priv\u00e9e d&#8217;Aranjuez au d\u00e9part de Madrid"},"content":{"rendered":"<h2>La description<\/h2>\n<p>Profitez de notre visite priv\u00e9e d&#8217;Aranjuez au d\u00e9part de Madrid. Vivez une exp\u00e9rience merveilleuse avec notre guide officiel priv\u00e9 pour visiter la ville d&#8217;Aranjuez.<\/p>\n<p>Il est situ\u00e9 tr\u00e8s pr\u00e8s de Madrid et cela peut \u00eatre fait en une exp\u00e9rience priv\u00e9e de 5 heures.<\/p>\n<p>Une fois arriv\u00e9s \u00e0 Aranjuez, profitez d&#8217;une visite guid\u00e9e de 4 heures d&#8217;Aranjuez. Nous avons organis\u00e9 une visite priv\u00e9e de 5 heures, mais nous pouvons organiser une exp\u00e9rience plus longue pour vous.<\/p>\n<p>Apprenez \u00e0 conna\u00eetre le meilleur de la ville d&#8217;Aranjuez. Votre guide priv\u00e9 vous fera visiter les sites uniques d&#8217;Aranjuez, y compris le c\u00e9l\u00e8bre palais royal. C&#8217;est vraiment une ville unique \u00e0 visiter et \u00e0 seulement 45 minutes de la ville de Madrid.<\/p>\n<p>Nous vous d\u00e9poserons enfin \u00e0 votre h\u00f4tel \u00e0 Madrid.<\/p>\n<h2>Sites d&#8217;int\u00e9r\u00eat et monuments<\/h2>\n<p>Notre visite priv\u00e9e comprend une vue sur les meilleurs quartiers d&#8217;Aranjuez.<\/p>\n<p>Tout d&#8217;abord, \u00e0 votre arriv\u00e9e \u00e0 Aranjuez, demandez \u00e0 notre guide priv\u00e9 de vous emmener pour une exp\u00e9rience unique!<\/p>\n<ul>\n<li><strong>Vue sur le Palais Royal d&#8217;Aranjuez<\/strong><\/li>\n<li><strong>Jard\u00edn del principe<\/strong><\/li>\n<li><strong>Paysage culturel d&#8217;Aranjuez<\/strong><\/li>\n<li><strong>\u00c9glise San Antonio de Padua<\/strong><\/li>\n<li><strong>Vue du Gran Casino Aranjuez<\/strong><\/li>\n<li><strong>Castillo de Oreja<\/strong><\/li>\n<li><strong>Fuente de Hercules y Anteo<\/strong><\/li>\n<\/ul>\n<p>Aranjuez est une ville de l&#8217;autonomie communautaire de Madrid. Sur la gauche, vous pouvez trouver le Tage. Au 16\u00e8me si\u00e8cle, Aranjuez \u00e9tait l&#8217;un des domaines royaux de la couronne d&#8217;Espagne.<\/p>\n<p>Le paysage culturel d&#8217;Aranjuez est d\u00e9clar\u00e9 site du patrimoine mondial par l&#8217;UNESCO.<\/p>\n<p>Enfin, notre chauffeur priv\u00e9 et guide vous ram\u00e8nera \u00e0 votre h\u00f4tel ou lieu de votre choix \u00e0 Madrid.<\/p>\n<p>D\u00e9couvrez nos exp\u00e9riences priv\u00e9es de Madrid!<\/p>\n","protected":false},"excerpt":{"rendered":"<p>Visite priv\u00e9e d&#8217;Aranjuez au d\u00e9part de Madrid. V\u00e9hicule de luxe priv\u00e9 avec chauffeur et guide s\u00e9par\u00e9. Dur\u00e9e totale 5 heures. Prise en charge \u00e0 l&#8217;h\u00f4tel \u00e0 Madrid incluse.<\/p>\n","protected":false},"featured_media":83803,"comment_status":"open","ping_status":"closed","template":"","meta":{"_acf_changed":false},"product_brand":[],"product_cat":[5357,5356,3543,4028,4029],"product_tag":[],"class_list":{"0":"post-93413","1":"product","2":"type-product","3":"status-publish","4":"has-post-thumbnail","6":"product_cat-best-sellers-fr-2","7":"product_cat-private-sightseeing-tours-fr-38","8":"product_cat-madrid-fr","9":"product_cat-tous-les-circuits-et-activites-prives","10":"product_cat-excursions-privees-dune-journee","12":"first","13":"instock","14":"shipping-taxable","15":"purchasable","16":"product-type-simple"},"acf":[],"yoast_head":"<!-- This site is optimized with the Yoast SEO Premium plugin v25.3.1 (Yoast SEO v25.3.1) - https:\/\/yoast.com\/wordpress\/plugins\/seo\/ -->\n<title>Visite priv\u00e9e d&#039;Aranjuez au d\u00e9part de Madrid - V\u00e9hicule priv\u00e9, chauffeur et guide touristique<\/title>\n<meta name=\"description\" content=\"Visite priv\u00e9e d&#039;Aranjuez au d\u00e9part de Madrid. V\u00e9hicule de luxe priv\u00e9 avec chauffeur et guide s\u00e9par\u00e9. Dur\u00e9e totale 5 heures. Prise en charge \u00e0 l&#039;h\u00f4tel \u00e0 Madrid incluse.\" \/>\n<meta name=\"robots\" content=\"index, follow, max-snippet:-1, max-image-preview:large, max-video-preview:-1\" \/>\n<link rel=\"canonical\" href=\"https:\/\/tourtravelandmore.com\/fr\/tours\/espagne-fr\/madrid-fr\/tous-les-circuits-et-activites-prives\/visite-privee-daranjuez-au-depart-de-madrid\/\" \/>\n<meta property=\"og:locale\" content=\"fr_FR\" \/>\n<meta property=\"og:type\" content=\"article\" \/>\n<meta property=\"og:title\" content=\"Visite priv\u00e9e d&#039;Aranjuez au d\u00e9part de Madrid\" \/>\n<meta property=\"og:description\" content=\"Visite priv\u00e9e d&#039;Aranjuez au d\u00e9part de Madrid. V\u00e9hicule de luxe priv\u00e9 avec chauffeur et guide s\u00e9par\u00e9. Dur\u00e9e totale 5 heures. Prise en charge \u00e0 l&#039;h\u00f4tel \u00e0 Madrid incluse.\" \/>\n<meta property=\"og:url\" content=\"https:\/\/tourtravelandmore.com\/fr\/tours\/espagne-fr\/madrid-fr\/tous-les-circuits-et-activites-prives\/visite-privee-daranjuez-au-depart-de-madrid\/\" \/>\n<meta property=\"og:site_name\" content=\"Tour Travel And More\" \/>\n<meta property=\"article:publisher\" content=\"https:\/\/www.facebook.com\/tourtravelandmore\/\" \/>\n<meta property=\"article:modified_time\" content=\"2024-09-13T15:05:00+00:00\" \/>\n<meta property=\"og:image\" content=\"https:\/\/tourtravelandmore.com\/wp-content\/uploads\/2020\/09\/Aranjuez-3.jpg\" \/>\n\t<meta property=\"og:image:width\" content=\"640\" \/>\n\t<meta property=\"og:image:height\" content=\"426\" \/>\n\t<meta property=\"og:image:type\" content=\"image\/jpeg\" \/>\n<meta name=\"twitter:card\" content=\"summary_large_image\" \/>\n<meta name=\"twitter:site\" content=\"@TourTravel_More\" \/>\n<meta name=\"twitter:label1\" content=\"Dur\u00e9e de lecture estim\u00e9e\" \/>\n\t<meta name=\"twitter:data1\" content=\"2 minutes\" \/>\n<script type=\"application\/ld+json\" class=\"yoast-schema-graph\">{\"@context\":\"https:\/\/schema.org\",\"@graph\":[{\"@type\":\"WebPage\",\"@id\":\"https:\/\/tourtravelandmore.com\/fr\/tours\/espagne-fr\/madrid-fr\/tous-les-circuits-et-activites-prives\/visite-privee-daranjuez-au-depart-de-madrid\/\",\"url\":\"https:\/\/tourtravelandmore.com\/fr\/tours\/espagne-fr\/madrid-fr\/tous-les-circuits-et-activites-prives\/visite-privee-daranjuez-au-depart-de-madrid\/\",\"name\":\"Visite priv\u00e9e d'Aranjuez au d\u00e9part de Madrid - V\u00e9hicule priv\u00e9, chauffeur et guide touristique\",\"isPartOf\":{\"@id\":\"https:\/\/tourtravelandmore.com\/fr\/#website\"},\"primaryImageOfPage\":{\"@id\":\"https:\/\/tourtravelandmore.com\/fr\/tours\/espagne-fr\/madrid-fr\/tous-les-circuits-et-activites-prives\/visite-privee-daranjuez-au-depart-de-madrid\/#primaryimage\"},\"image\":{\"@id\":\"https:\/\/tourtravelandmore.com\/fr\/tours\/espagne-fr\/madrid-fr\/tous-les-circuits-et-activites-prives\/visite-privee-daranjuez-au-depart-de-madrid\/#primaryimage\"},\"thumbnailUrl\":\"https:\/\/tourtravelandmore.com\/wp-content\/uploads\/2020\/09\/Aranjuez-3.jpg\",\"datePublished\":\"2020-09-21T08:58:36+00:00\",\"dateModified\":\"2024-09-13T15:05:00+00:00\",\"description\":\"Visite priv\u00e9e d'Aranjuez au d\u00e9part de Madrid. V\u00e9hicule de luxe priv\u00e9 avec chauffeur et guide s\u00e9par\u00e9. Dur\u00e9e totale 5 heures. Prise en charge \u00e0 l'h\u00f4tel \u00e0 Madrid incluse.\",\"breadcrumb\":{\"@id\":\"https:\/\/tourtravelandmore.com\/fr\/tours\/espagne-fr\/madrid-fr\/tous-les-circuits-et-activites-prives\/visite-privee-daranjuez-au-depart-de-madrid\/#breadcrumb\"},\"inLanguage\":\"fr-FR\",\"potentialAction\":[{\"@type\":\"ReadAction\",\"target\":[\"https:\/\/tourtravelandmore.com\/fr\/tours\/espagne-fr\/madrid-fr\/tous-les-circuits-et-activites-prives\/visite-privee-daranjuez-au-depart-de-madrid\/\"]}]},{\"@type\":\"ImageObject\",\"inLanguage\":\"fr-FR\",\"@id\":\"https:\/\/tourtravelandmore.com\/fr\/tours\/espagne-fr\/madrid-fr\/tous-les-circuits-et-activites-prives\/visite-privee-daranjuez-au-depart-de-madrid\/#primaryimage\",\"url\":\"https:\/\/tourtravelandmore.com\/wp-content\/uploads\/2020\/09\/Aranjuez-3.jpg\",\"contentUrl\":\"https:\/\/tourtravelandmore.com\/wp-content\/uploads\/2020\/09\/Aranjuez-3.jpg\",\"width\":640,\"height\":426},{\"@type\":\"BreadcrumbList\",\"@id\":\"https:\/\/tourtravelandmore.com\/fr\/tours\/espagne-fr\/madrid-fr\/tous-les-circuits-et-activites-prives\/visite-privee-daranjuez-au-depart-de-madrid\/#breadcrumb\",\"itemListElement\":[{\"@type\":\"ListItem\",\"position\":1,\"name\":\"Home\",\"item\":\"https:\/\/tourtravelandmore.com\/fr\/\"},{\"@type\":\"ListItem\",\"position\":2,\"name\":\"Tours\",\"item\":\"https:\/\/tourtravelandmore.com\/fr\/tours\/\"},{\"@type\":\"ListItem\",\"position\":3,\"name\":\"Visite priv\u00e9e d&#8217;Aranjuez au d\u00e9part de Madrid\"}]},{\"@type\":\"WebSite\",\"@id\":\"https:\/\/tourtravelandmore.com\/fr\/#website\",\"url\":\"https:\/\/tourtravelandmore.com\/fr\/\",\"name\":\"Tour Travel And More\",\"description\":\"Private sightseeing tours and luxury transfers in Spain\",\"publisher\":{\"@id\":\"https:\/\/tourtravelandmore.com\/fr\/#organization\"},\"potentialAction\":[{\"@type\":\"SearchAction\",\"target\":{\"@type\":\"EntryPoint\",\"urlTemplate\":\"https:\/\/tourtravelandmore.com\/fr\/?s={search_term_string}\"},\"query-input\":{\"@type\":\"PropertyValueSpecification\",\"valueRequired\":true,\"valueName\":\"search_term_string\"}}],\"inLanguage\":\"fr-FR\"},{\"@type\":\"Organization\",\"@id\":\"https:\/\/tourtravelandmore.com\/fr\/#organization\",\"name\":\"Tour Travel And More\",\"url\":\"https:\/\/tourtravelandmore.com\/fr\/\",\"logo\":{\"@type\":\"ImageObject\",\"inLanguage\":\"fr-FR\",\"@id\":\"https:\/\/tourtravelandmore.com\/fr\/#\/schema\/logo\/image\/\",\"url\":\"https:\/\/tourtravelandmore.com\/wp-content\/uploads\/2022\/12\/cropped-logo-cabecera-new.png\",\"contentUrl\":\"https:\/\/tourtravelandmore.com\/wp-content\/uploads\/2022\/12\/cropped-logo-cabecera-new.png\",\"width\":430,\"height\":61,\"caption\":\"Tour Travel And More\"},\"image\":{\"@id\":\"https:\/\/tourtravelandmore.com\/fr\/#\/schema\/logo\/image\/\"},\"sameAs\":[\"https:\/\/www.facebook.com\/tourtravelandmore\/\",\"https:\/\/x.com\/TourTravel_More\"]}]}<\/script>\n<!-- \/ Yoast SEO Premium plugin. -->","yoast_head_json":{"title":"Visite priv\u00e9e d'Aranjuez au d\u00e9part de Madrid - V\u00e9hicule priv\u00e9, chauffeur et guide touristique","description":"Visite priv\u00e9e d'Aranjuez au d\u00e9part de Madrid. V\u00e9hicule de luxe priv\u00e9 avec chauffeur et guide s\u00e9par\u00e9. Dur\u00e9e totale 5 heures. Prise en charge \u00e0 l'h\u00f4tel \u00e0 Madrid incluse.","robots":{"index":"index","follow":"follow","max-snippet":"max-snippet:-1","max-image-preview":"max-image-preview:large","max-video-preview":"max-video-preview:-1"},"canonical":"https:\/\/tourtravelandmore.com\/fr\/tours\/espagne-fr\/madrid-fr\/tous-les-circuits-et-activites-prives\/visite-privee-daranjuez-au-depart-de-madrid\/","og_locale":"fr_FR","og_type":"article","og_title":"Visite priv\u00e9e d'Aranjuez au d\u00e9part de Madrid","og_description":"Visite priv\u00e9e d'Aranjuez au d\u00e9part de Madrid. V\u00e9hicule de luxe priv\u00e9 avec chauffeur et guide s\u00e9par\u00e9. Dur\u00e9e totale 5 heures. Prise en charge \u00e0 l'h\u00f4tel \u00e0 Madrid incluse.","og_url":"https:\/\/tourtravelandmore.com\/fr\/tours\/espagne-fr\/madrid-fr\/tous-les-circuits-et-activites-prives\/visite-privee-daranjuez-au-depart-de-madrid\/","og_site_name":"Tour Travel And More","article_publisher":"https:\/\/www.facebook.com\/tourtravelandmore\/","article_modified_time":"2024-09-13T15:05:00+00:00","og_image":[{"width":640,"height":426,"url":"https:\/\/tourtravelandmore.com\/wp-content\/uploads\/2020\/09\/Aranjuez-3.jpg","type":"image\/jpeg"}],"twitter_card":"summary_large_image","twitter_site":"@TourTravel_More","twitter_misc":{"Dur\u00e9e de lecture estim\u00e9e":"2 minutes"},"schema":{"@context":"https:\/\/schema.org","@graph":[{"@type":"WebPage","@id":"https:\/\/tourtravelandmore.com\/fr\/tours\/espagne-fr\/madrid-fr\/tous-les-circuits-et-activites-prives\/visite-privee-daranjuez-au-depart-de-madrid\/","url":"https:\/\/tourtravelandmore.com\/fr\/tours\/espagne-fr\/madrid-fr\/tous-les-circuits-et-activites-prives\/visite-privee-daranjuez-au-depart-de-madrid\/","name":"Visite priv\u00e9e d'Aranjuez au d\u00e9part de Madrid - V\u00e9hicule priv\u00e9, chauffeur et guide touristique","isPartOf":{"@id":"https:\/\/tourtravelandmore.com\/fr\/#website"},"primaryImageOfPage":{"@id":"https:\/\/tourtravelandmore.com\/fr\/tours\/espagne-fr\/madrid-fr\/tous-les-circuits-et-activites-prives\/visite-privee-daranjuez-au-depart-de-madrid\/#primaryimage"},"image":{"@id":"https:\/\/tourtravelandmore.com\/fr\/tours\/espagne-fr\/madrid-fr\/tous-les-circuits-et-activites-prives\/visite-privee-daranjuez-au-depart-de-madrid\/#primaryimage"},"thumbnailUrl":"https:\/\/tourtravelandmore.com\/wp-content\/uploads\/2020\/09\/Aranjuez-3.jpg","datePublished":"2020-09-21T08:58:36+00:00","dateModified":"2024-09-13T15:05:00+00:00","description":"Visite priv\u00e9e d'Aranjuez au d\u00e9part de Madrid. V\u00e9hicule de luxe priv\u00e9 avec chauffeur et guide s\u00e9par\u00e9. Dur\u00e9e totale 5 heures. Prise en charge \u00e0 l'h\u00f4tel \u00e0 Madrid incluse.","breadcrumb":{"@id":"https:\/\/tourtravelandmore.com\/fr\/tours\/espagne-fr\/madrid-fr\/tous-les-circuits-et-activites-prives\/visite-privee-daranjuez-au-depart-de-madrid\/#breadcrumb"},"inLanguage":"fr-FR","potentialAction":[{"@type":"ReadAction","target":["https:\/\/tourtravelandmore.com\/fr\/tours\/espagne-fr\/madrid-fr\/tous-les-circuits-et-activites-prives\/visite-privee-daranjuez-au-depart-de-madrid\/"]}]},{"@type":"ImageObject","inLanguage":"fr-FR","@id":"https:\/\/tourtravelandmore.com\/fr\/tours\/espagne-fr\/madrid-fr\/tous-les-circuits-et-activites-prives\/visite-privee-daranjuez-au-depart-de-madrid\/#primaryimage","url":"https:\/\/tourtravelandmore.com\/wp-content\/uploads\/2020\/09\/Aranjuez-3.jpg","contentUrl":"https:\/\/tourtravelandmore.com\/wp-content\/uploads\/2020\/09\/Aranjuez-3.jpg","width":640,"height":426},{"@type":"BreadcrumbList","@id":"https:\/\/tourtravelandmore.com\/fr\/tours\/espagne-fr\/madrid-fr\/tous-les-circuits-et-activites-prives\/visite-privee-daranjuez-au-depart-de-madrid\/#breadcrumb","itemListElement":[{"@type":"ListItem","position":1,"name":"Home","item":"https:\/\/tourtravelandmore.com\/fr\/"},{"@type":"ListItem","position":2,"name":"Tours","item":"https:\/\/tourtravelandmore.com\/fr\/tours\/"},{"@type":"ListItem","position":3,"name":"Visite priv\u00e9e d&#8217;Aranjuez au d\u00e9part de Madrid"}]},{"@type":"WebSite","@id":"https:\/\/tourtravelandmore.com\/fr\/#website","url":"https:\/\/tourtravelandmore.com\/fr\/","name":"Tour Travel And More","description":"Private sightseeing tours and luxury transfers in Spain","publisher":{"@id":"https:\/\/tourtravelandmore.com\/fr\/#organization"},"potentialAction":[{"@type":"SearchAction","target":{"@type":"EntryPoint","urlTemplate":"https:\/\/tourtravelandmore.com\/fr\/?s={search_term_string}"},"query-input":{"@type":"PropertyValueSpecification","valueRequired":true,"valueName":"search_term_string"}}],"inLanguage":"fr-FR"},{"@type":"Organization","@id":"https:\/\/tourtravelandmore.com\/fr\/#organization","name":"Tour Travel And More","url":"https:\/\/tourtravelandmore.com\/fr\/","logo":{"@type":"ImageObject","inLanguage":"fr-FR","@id":"https:\/\/tourtravelandmore.com\/fr\/#\/schema\/logo\/image\/","url":"https:\/\/tourtravelandmore.com\/wp-content\/uploads\/2022\/12\/cropped-logo-cabecera-new.png","contentUrl":"https:\/\/tourtravelandmore.com\/wp-content\/uploads\/2022\/12\/cropped-logo-cabecera-new.png","width":430,"height":61,"caption":"Tour Travel And More"},"image":{"@id":"https:\/\/tourtravelandmore.com\/fr\/#\/schema\/logo\/image\/"},"sameAs":["https:\/\/www.facebook.com\/tourtravelandmore\/","https:\/\/x.com\/TourTravel_More"]}]}},"_links":{"self":[{"href":"https:\/\/tourtravelandmore.com\/fr\/wp-json\/wp\/v2\/product\/93413","targetHints":{"allow":["GET"]}}],"collection":[{"href":"https:\/\/tourtravelandmore.com\/fr\/wp-json\/wp\/v2\/product"}],"about":[{"href":"https:\/\/tourtravelandmore.com\/fr\/wp-json\/wp\/v2\/types\/product"}],"replies":[{"embeddable":true,"href":"https:\/\/tourtravelandmore.com\/fr\/wp-json\/wp\/v2\/comments?post=93413"}],"wp:featuredmedia":[{"embeddable":true,"href":"https:\/\/tourtravelandmore.com\/fr\/wp-json\/wp\/v2\/media\/83803"}],"wp:attachment":[{"href":"https:\/\/tourtravelandmore.com\/fr\/wp-json\/wp\/v2\/media?parent=93413"}],"wp:term":[{"taxonomy":"product_brand","embeddable":true,"href":"https:\/\/tourtravelandmore.com\/fr\/wp-json\/wp\/v2\/product_brand?post=93413"},{"taxonomy":"product_cat","embeddable":true,"href":"https:\/\/tourtravelandmore.com\/fr\/wp-json\/wp\/v2\/product_cat?post=93413"},{"taxonomy":"product_tag","embeddable":true,"href":"https:\/\/tourtravelandmore.com\/fr\/wp-json\/wp\/v2\/product_tag?post=93413"}],"curies":[{"name":"wp","href":"https:\/\/api.w.org\/{rel}","templated":true}]}}