{"id":93399,"date":"2020-05-07T15:41:44","date_gmt":"2020-05-07T13:41:44","guid":{"rendered":"https:\/\/tourtravelandmore.com\/tours\/non class\u00e9\/route-privee-du-village-medieval-depuis-barcelone-besalu-espagne\/"},"modified":"2020-05-07T15:41:44","modified_gmt":"2020-05-07T13:41:44","slug":"route-privee-du-village-medieval-depuis-barcelone-besalu-espagne","status":"publish","type":"product","link":"https:\/\/tourtravelandmore.com\/fr\/tours\/espagne-fr\/barcelone-fr\/route-privee-du-village-medieval-depuis-barcelone-besalu-espagne\/","title":{"rendered":"Route priv\u00e9e du village m\u00e9di\u00e9val depuis Barcelone; Besalu Espagne"},"content":{"rendered":"<h2>La description<\/h2>\n<p>Barcelone est une ville vraiment unique et il y a tellement de choses \u00e0 voir et \u00e0 conna\u00eetre. M\u00eame avec cela dit, nous vous recommandons de prendre une journ\u00e9e de vacances ou d&#8217;un horaire charg\u00e9 pour d\u00e9couvrir certains des villages m\u00e9di\u00e9vaux de Catalogne, parmi ces villages se trouve le populaire Besalu en Espagne. Profitez de cette visite m\u00e9di\u00e9vale priv\u00e9e de Barcelone. Bien qu&#8217;il y en ait tellement que cela ne peut pas \u00eatre fait en une journ\u00e9e, voici un exemple d&#8217;itin\u00e9raire que vous pouvez faire pour voir les villages m\u00e9di\u00e9vaux de Barcelone. L&#8217;un des villages m\u00e9di\u00e9vaux les plus c\u00e9l\u00e8bres est Besalu en Espagne.<\/p>\n<p>Dans cet exemple d&#8217;itin\u00e9raire de la visite m\u00e9di\u00e9vale priv\u00e9e de Barcelone, nous organiserons un chauffeur priv\u00e9 anglophone pour vous emmener dans cette visite unique et vous immerger dans une route m\u00e9di\u00e9vale.<br \/>\nExcursion priv\u00e9e d&#8217;une journ\u00e9e \u00e0 Besalu en Espagne parmi d&#8217;autres destinations m\u00e9di\u00e9vales<\/p>\n<p>Comme toutes nos visites priv\u00e9es, nous viendrons vous chercher \u00e0 votre h\u00f4tel ou lieu de votre choix \u00e0 Barcelone. Une fois que nous sommes venus vous chercher, nous nous dirigerons vers les villages et villes m\u00e9di\u00e9vales de Catalu\u00f1a.<\/p>\n<p>Il s&#8217;agit d&#8217;une exp\u00e9rience personnalis\u00e9e et nous pouvons modifier les emplacements \u00e0 votre demande. G\u00e9rone est \u00e9galement une exp\u00e9rience formidable \u00e0 ajouter \u00e0 l&#8217;itin\u00e9raire, mais la visite prendra beaucoup plus de temps qu&#8217;une heure car il y a tellement de choses \u00e0 voir dans cette ville. Nous avons une demi-journ\u00e9e ou une journ\u00e9e compl\u00e8te pour visiter G\u00e9rone depuis Barcelone. G\u00e9rone et Besalu en Espagne sont des lieux uniques.<\/p>\n<p>Contactez-nous et nous organiserons une exp\u00e9rience priv\u00e9e et un itin\u00e9raire pour visiter les villages m\u00e9di\u00e9vaux de Barcelone.<\/p>\n<h2>Sites d&#8217;int\u00e9r\u00eat et monuments<\/h2>\n<h4>Visite du village m\u00e9di\u00e9val de la ville de Barcelone<\/h4>\n<p>Profitez de cette exp\u00e9rience priv\u00e9e d&#8217;une journ\u00e9e compl\u00e8te. Ce sera environ une journ\u00e9e compl\u00e8te de 11 heures. Notre chauffeur anglophone viendra vous chercher \u00e0 votre h\u00f4tel ou \u00e0 votre h\u00e9bergement dans la ville de Barcelone. Nous pouvons ajouter un guide officiel distinct pour vous si vous le souhaitez, bien que cette visite puisse facilement \u00eatre effectu\u00e9e avec un chauffeur priv\u00e9 anglophone.<\/p>\n<p>Lors de la prise en charge, nous nous dirigerons vers les villages m\u00e9di\u00e9vaux de Catalu\u00f1a. Voici un exemple d&#8217;itin\u00e9raire qui peut \u00eatre fait. Bien s\u00fbr, cela d\u00e9pendra du temps pass\u00e9 \u00e0 chaque endroit. \u00c9tant une visite priv\u00e9e, nous ne limitons pas le temps dans chaque endroit, nous pouvons vous recommander quand partir pour continuer et pouvoir avoir une vue \u00e0 plus d&#8217;endroits, mais cela d\u00e9pendra enti\u00e8rement de vous.<\/p>\n<h4>Voici l&#8217;itin\u00e9raire:<\/h4>\n<h5>Besal\u00fa:<\/h5>\n<p>Beau et unique village m\u00e9di\u00e9val. C&#8217;est un incontournable et non seulement pour les faits historiques \u00e9tonnants, mais aussi pour se promener et profiter de cette ville et d&#8217;un lieu o\u00f9 Game of Thrones a \u00e9t\u00e9 film\u00e9. Besalu en Espagne est l&#8217;un des villages m\u00e9di\u00e9vaux les plus embl\u00e9matiques.<\/p>\n<h5>Pals:<\/h5>\n<p>Pals est un endroit magnifique et une ville dans la r\u00e9gion unique de la Costa Brava. Au c\u0153ur de la Costa Brava, vous trouverez des villages m\u00e9dicaux uniques. C&#8217;est le cas de Pals. C&#8217;\u00e9tait une ville construite au sommet d&#8217;une petite falaise. Il a beaucoup de charme et vous pouvez trouver des ch\u00e2teaux et des sites uniques.<\/p>\n<h5>Begur:<\/h5>\n<p>Begur fait \u00e9galement partie de la Costa Brava. Ce n&#8217;est pas directement sur la mer mais c&#8217;est un endroit unique avec un charme incroyable. Promenez-vous dans ses rues et sa vieille ville. Un must \u00e0 Catalu\u00f1a.<\/p>\n<h5>Tossa de Mar:<\/h5>\n<p>Un autre village au sud de la Costa Brava. Ce village est plus proche de Barcleona que le reste des villages pr\u00e9c\u00e9dents. Il y a un beau ch\u00e2teau surplombant la mer.<\/p>\n<p>Il y aura du temps libre pour manger un morceau. Vous pouvez manger un morceau \u00e0 Besalu en Espagne ou \u00e0 Pals. Nous pouvons organiser cela lors de la r\u00e9servation!<\/p>\n<p>Notre chauffeur vous ram\u00e8nera \u00e0 votre h\u00f4tel ou lieu de votre choix \u00e0 Barcelone. Nous pouvons personnaliser et modifier les villages ou les circuits pour r\u00e9pondre \u00e0 vos demandes sp\u00e9ciales et individuelles. Contactez-nous pour un itin\u00e9raire personnalis\u00e9 comprenant la visite de Besalu en Espagne. Nous pouvons \u00e9galement proposer un guide priv\u00e9 au d\u00e9part de Barcelone si vous souhaitez non seulement aller avec votre chauffeur anglophone.<\/p>\n","protected":false},"excerpt":{"rendered":"<p>Profitez de cette exp\u00e9rience compl\u00e8tement priv\u00e9e de Barcelone et d\u00e9couvrez les villages m\u00e9di\u00e9vaux de la r\u00e9gion, par exemple, admirez Pals, Begur, Tossa de Mar et Besalu en Espagne comme l&#8217;un des villages m\u00e9di\u00e9vaux embl\u00e9matiques. Chauffeur priv\u00e9 \u00e0 votre disposition et guide officiel en option. La prise en charge peut se faire \u00e0 l&#8217;h\u00f4tel ou au lieu de votre choix \u00e0 Barcelone.<\/p>\n","protected":false},"featured_media":93407,"comment_status":"open","ping_status":"closed","template":"","meta":{"_acf_changed":false},"product_brand":[],"product_cat":[5410,5411,3538],"product_tag":[],"class_list":{"0":"post-93399","1":"product","2":"type-product","3":"status-publish","4":"has-post-thumbnail","6":"product_cat-all-private-tours-activities-fr-30","7":"product_cat-private-day-trips-fr-19","8":"product_cat-barcelone-fr","10":"first","11":"instock","12":"shipping-taxable","13":"purchasable","14":"product-type-simple"},"acf":[],"yoast_head":"<!-- This site is optimized with the Yoast SEO Premium plugin v25.3.1 (Yoast SEO v25.3.1) - https:\/\/yoast.com\/wordpress\/plugins\/seo\/ -->\n<title>Route priv\u00e9e du village m\u00e9di\u00e9val depuis Barcelone: \u200b\u200bBesalu en Espagne inclus<\/title>\n<meta name=\"description\" content=\"D\u00e9couvrez les villages m\u00e9di\u00e9vaux dont Besalu en Espagne lors d&#039;une excursion priv\u00e9e d&#039;une journ\u00e9e au d\u00e9part de Barcelone avec un expert. Prise en charge et retour \u00e0 votre h\u00f4tel inclus.\" \/>\n<meta name=\"robots\" content=\"index, follow, max-snippet:-1, max-image-preview:large, max-video-preview:-1\" \/>\n<link rel=\"canonical\" href=\"https:\/\/tourtravelandmore.com\/fr\/tours\/espagne-fr\/barcelone-fr\/route-privee-du-village-medieval-depuis-barcelone-besalu-espagne\/\" \/>\n<meta property=\"og:locale\" content=\"fr_FR\" \/>\n<meta property=\"og:type\" content=\"article\" \/>\n<meta property=\"og:title\" content=\"Route priv\u00e9e du village m\u00e9di\u00e9val depuis Barcelone; Besalu Espagne\" \/>\n<meta property=\"og:description\" content=\"D\u00e9couvrez les villages m\u00e9di\u00e9vaux dont Besalu en Espagne lors d&#039;une excursion priv\u00e9e d&#039;une journ\u00e9e au d\u00e9part de Barcelone avec un expert. Prise en charge et retour \u00e0 votre h\u00f4tel inclus.\" \/>\n<meta property=\"og:url\" content=\"https:\/\/tourtravelandmore.com\/fr\/tours\/espagne-fr\/barcelone-fr\/route-privee-du-village-medieval-depuis-barcelone-besalu-espagne\/\" \/>\n<meta property=\"og:site_name\" content=\"Tour Travel And More\" \/>\n<meta property=\"article:publisher\" content=\"https:\/\/www.facebook.com\/tourtravelandmore\/\" \/>\n<meta property=\"og:image\" content=\"https:\/\/tourtravelandmore.com\/wp-content\/uploads\/2020\/05\/Portal_dacce\u0301s_al_carrer_Major_Pals_-_1-scaled.jpg\" \/>\n\t<meta property=\"og:image:width\" content=\"2560\" \/>\n\t<meta property=\"og:image:height\" content=\"1669\" \/>\n\t<meta property=\"og:image:type\" content=\"image\/jpeg\" \/>\n<meta name=\"twitter:card\" content=\"summary_large_image\" \/>\n<meta name=\"twitter:site\" content=\"@TourTravel_More\" \/>\n<meta name=\"twitter:label1\" content=\"Dur\u00e9e de lecture estim\u00e9e\" \/>\n\t<meta name=\"twitter:data1\" content=\"4 minutes\" \/>\n<script type=\"application\/ld+json\" class=\"yoast-schema-graph\">{\"@context\":\"https:\/\/schema.org\",\"@graph\":[{\"@type\":\"WebPage\",\"@id\":\"https:\/\/tourtravelandmore.com\/fr\/tours\/espagne-fr\/barcelone-fr\/route-privee-du-village-medieval-depuis-barcelone-besalu-espagne\/\",\"url\":\"https:\/\/tourtravelandmore.com\/fr\/tours\/espagne-fr\/barcelone-fr\/route-privee-du-village-medieval-depuis-barcelone-besalu-espagne\/\",\"name\":\"Route priv\u00e9e du village m\u00e9di\u00e9val depuis Barcelone: \u200b\u200bBesalu en Espagne inclus\",\"isPartOf\":{\"@id\":\"https:\/\/tourtravelandmore.com\/fr\/#website\"},\"primaryImageOfPage\":{\"@id\":\"https:\/\/tourtravelandmore.com\/fr\/tours\/espagne-fr\/barcelone-fr\/route-privee-du-village-medieval-depuis-barcelone-besalu-espagne\/#primaryimage\"},\"image\":{\"@id\":\"https:\/\/tourtravelandmore.com\/fr\/tours\/espagne-fr\/barcelone-fr\/route-privee-du-village-medieval-depuis-barcelone-besalu-espagne\/#primaryimage\"},\"thumbnailUrl\":\"https:\/\/tourtravelandmore.com\/wp-content\/uploads\/2020\/05\/Portal_dacce\u0301s_al_carrer_Major_Pals_-_1-scaled.jpg\",\"datePublished\":\"2020-05-07T13:41:44+00:00\",\"description\":\"D\u00e9couvrez les villages m\u00e9di\u00e9vaux dont Besalu en Espagne lors d'une excursion priv\u00e9e d'une journ\u00e9e au d\u00e9part de Barcelone avec un expert. Prise en charge et retour \u00e0 votre h\u00f4tel inclus.\",\"breadcrumb\":{\"@id\":\"https:\/\/tourtravelandmore.com\/fr\/tours\/espagne-fr\/barcelone-fr\/route-privee-du-village-medieval-depuis-barcelone-besalu-espagne\/#breadcrumb\"},\"inLanguage\":\"fr-FR\",\"potentialAction\":[{\"@type\":\"ReadAction\",\"target\":[\"https:\/\/tourtravelandmore.com\/fr\/tours\/espagne-fr\/barcelone-fr\/route-privee-du-village-medieval-depuis-barcelone-besalu-espagne\/\"]}]},{\"@type\":\"ImageObject\",\"inLanguage\":\"fr-FR\",\"@id\":\"https:\/\/tourtravelandmore.com\/fr\/tours\/espagne-fr\/barcelone-fr\/route-privee-du-village-medieval-depuis-barcelone-besalu-espagne\/#primaryimage\",\"url\":\"https:\/\/tourtravelandmore.com\/wp-content\/uploads\/2020\/05\/Portal_dacce\u0301s_al_carrer_Major_Pals_-_1-scaled.jpg\",\"contentUrl\":\"https:\/\/tourtravelandmore.com\/wp-content\/uploads\/2020\/05\/Portal_dacce\u0301s_al_carrer_Major_Pals_-_1-scaled.jpg\",\"width\":2560,\"height\":1669},{\"@type\":\"BreadcrumbList\",\"@id\":\"https:\/\/tourtravelandmore.com\/fr\/tours\/espagne-fr\/barcelone-fr\/route-privee-du-village-medieval-depuis-barcelone-besalu-espagne\/#breadcrumb\",\"itemListElement\":[{\"@type\":\"ListItem\",\"position\":1,\"name\":\"Home\",\"item\":\"https:\/\/tourtravelandmore.com\/fr\/\"},{\"@type\":\"ListItem\",\"position\":2,\"name\":\"Tours\",\"item\":\"https:\/\/tourtravelandmore.com\/fr\/tours\/\"},{\"@type\":\"ListItem\",\"position\":3,\"name\":\"Route priv\u00e9e du village m\u00e9di\u00e9val depuis Barcelone; Besalu Espagne\"}]},{\"@type\":\"WebSite\",\"@id\":\"https:\/\/tourtravelandmore.com\/fr\/#website\",\"url\":\"https:\/\/tourtravelandmore.com\/fr\/\",\"name\":\"Tour Travel And More\",\"description\":\"Private sightseeing tours and luxury transfers in Spain\",\"publisher\":{\"@id\":\"https:\/\/tourtravelandmore.com\/fr\/#organization\"},\"potentialAction\":[{\"@type\":\"SearchAction\",\"target\":{\"@type\":\"EntryPoint\",\"urlTemplate\":\"https:\/\/tourtravelandmore.com\/fr\/?s={search_term_string}\"},\"query-input\":{\"@type\":\"PropertyValueSpecification\",\"valueRequired\":true,\"valueName\":\"search_term_string\"}}],\"inLanguage\":\"fr-FR\"},{\"@type\":\"Organization\",\"@id\":\"https:\/\/tourtravelandmore.com\/fr\/#organization\",\"name\":\"Tour Travel And More\",\"url\":\"https:\/\/tourtravelandmore.com\/fr\/\",\"logo\":{\"@type\":\"ImageObject\",\"inLanguage\":\"fr-FR\",\"@id\":\"https:\/\/tourtravelandmore.com\/fr\/#\/schema\/logo\/image\/\",\"url\":\"https:\/\/tourtravelandmore.com\/wp-content\/uploads\/2022\/12\/cropped-logo-cabecera-new.png\",\"contentUrl\":\"https:\/\/tourtravelandmore.com\/wp-content\/uploads\/2022\/12\/cropped-logo-cabecera-new.png\",\"width\":430,\"height\":61,\"caption\":\"Tour Travel And More\"},\"image\":{\"@id\":\"https:\/\/tourtravelandmore.com\/fr\/#\/schema\/logo\/image\/\"},\"sameAs\":[\"https:\/\/www.facebook.com\/tourtravelandmore\/\",\"https:\/\/x.com\/TourTravel_More\"]}]}<\/script>\n<!-- \/ Yoast SEO Premium plugin. -->","yoast_head_json":{"title":"Route priv\u00e9e du village m\u00e9di\u00e9val depuis Barcelone: \u200b\u200bBesalu en Espagne inclus","description":"D\u00e9couvrez les villages m\u00e9di\u00e9vaux dont Besalu en Espagne lors d'une excursion priv\u00e9e d'une journ\u00e9e au d\u00e9part de Barcelone avec un expert. Prise en charge et retour \u00e0 votre h\u00f4tel inclus.","robots":{"index":"index","follow":"follow","max-snippet":"max-snippet:-1","max-image-preview":"max-image-preview:large","max-video-preview":"max-video-preview:-1"},"canonical":"https:\/\/tourtravelandmore.com\/fr\/tours\/espagne-fr\/barcelone-fr\/route-privee-du-village-medieval-depuis-barcelone-besalu-espagne\/","og_locale":"fr_FR","og_type":"article","og_title":"Route priv\u00e9e du village m\u00e9di\u00e9val depuis Barcelone; Besalu Espagne","og_description":"D\u00e9couvrez les villages m\u00e9di\u00e9vaux dont Besalu en Espagne lors d'une excursion priv\u00e9e d'une journ\u00e9e au d\u00e9part de Barcelone avec un expert. Prise en charge et retour \u00e0 votre h\u00f4tel inclus.","og_url":"https:\/\/tourtravelandmore.com\/fr\/tours\/espagne-fr\/barcelone-fr\/route-privee-du-village-medieval-depuis-barcelone-besalu-espagne\/","og_site_name":"Tour Travel And More","article_publisher":"https:\/\/www.facebook.com\/tourtravelandmore\/","og_image":[{"width":2560,"height":1669,"url":"https:\/\/tourtravelandmore.com\/wp-content\/uploads\/2020\/05\/Portal_dacce\u0301s_al_carrer_Major_Pals_-_1-scaled.jpg","type":"image\/jpeg"}],"twitter_card":"summary_large_image","twitter_site":"@TourTravel_More","twitter_misc":{"Dur\u00e9e de lecture estim\u00e9e":"4 minutes"},"schema":{"@context":"https:\/\/schema.org","@graph":[{"@type":"WebPage","@id":"https:\/\/tourtravelandmore.com\/fr\/tours\/espagne-fr\/barcelone-fr\/route-privee-du-village-medieval-depuis-barcelone-besalu-espagne\/","url":"https:\/\/tourtravelandmore.com\/fr\/tours\/espagne-fr\/barcelone-fr\/route-privee-du-village-medieval-depuis-barcelone-besalu-espagne\/","name":"Route priv\u00e9e du village m\u00e9di\u00e9val depuis Barcelone: \u200b\u200bBesalu en Espagne inclus","isPartOf":{"@id":"https:\/\/tourtravelandmore.com\/fr\/#website"},"primaryImageOfPage":{"@id":"https:\/\/tourtravelandmore.com\/fr\/tours\/espagne-fr\/barcelone-fr\/route-privee-du-village-medieval-depuis-barcelone-besalu-espagne\/#primaryimage"},"image":{"@id":"https:\/\/tourtravelandmore.com\/fr\/tours\/espagne-fr\/barcelone-fr\/route-privee-du-village-medieval-depuis-barcelone-besalu-espagne\/#primaryimage"},"thumbnailUrl":"https:\/\/tourtravelandmore.com\/wp-content\/uploads\/2020\/05\/Portal_dacce\u0301s_al_carrer_Major_Pals_-_1-scaled.jpg","datePublished":"2020-05-07T13:41:44+00:00","description":"D\u00e9couvrez les villages m\u00e9di\u00e9vaux dont Besalu en Espagne lors d'une excursion priv\u00e9e d'une journ\u00e9e au d\u00e9part de Barcelone avec un expert. Prise en charge et retour \u00e0 votre h\u00f4tel inclus.","breadcrumb":{"@id":"https:\/\/tourtravelandmore.com\/fr\/tours\/espagne-fr\/barcelone-fr\/route-privee-du-village-medieval-depuis-barcelone-besalu-espagne\/#breadcrumb"},"inLanguage":"fr-FR","potentialAction":[{"@type":"ReadAction","target":["https:\/\/tourtravelandmore.com\/fr\/tours\/espagne-fr\/barcelone-fr\/route-privee-du-village-medieval-depuis-barcelone-besalu-espagne\/"]}]},{"@type":"ImageObject","inLanguage":"fr-FR","@id":"https:\/\/tourtravelandmore.com\/fr\/tours\/espagne-fr\/barcelone-fr\/route-privee-du-village-medieval-depuis-barcelone-besalu-espagne\/#primaryimage","url":"https:\/\/tourtravelandmore.com\/wp-content\/uploads\/2020\/05\/Portal_dacce\u0301s_al_carrer_Major_Pals_-_1-scaled.jpg","contentUrl":"https:\/\/tourtravelandmore.com\/wp-content\/uploads\/2020\/05\/Portal_dacce\u0301s_al_carrer_Major_Pals_-_1-scaled.jpg","width":2560,"height":1669},{"@type":"BreadcrumbList","@id":"https:\/\/tourtravelandmore.com\/fr\/tours\/espagne-fr\/barcelone-fr\/route-privee-du-village-medieval-depuis-barcelone-besalu-espagne\/#breadcrumb","itemListElement":[{"@type":"ListItem","position":1,"name":"Home","item":"https:\/\/tourtravelandmore.com\/fr\/"},{"@type":"ListItem","position":2,"name":"Tours","item":"https:\/\/tourtravelandmore.com\/fr\/tours\/"},{"@type":"ListItem","position":3,"name":"Route priv\u00e9e du village m\u00e9di\u00e9val depuis Barcelone; Besalu Espagne"}]},{"@type":"WebSite","@id":"https:\/\/tourtravelandmore.com\/fr\/#website","url":"https:\/\/tourtravelandmore.com\/fr\/","name":"Tour Travel And More","description":"Private sightseeing tours and luxury transfers in Spain","publisher":{"@id":"https:\/\/tourtravelandmore.com\/fr\/#organization"},"potentialAction":[{"@type":"SearchAction","target":{"@type":"EntryPoint","urlTemplate":"https:\/\/tourtravelandmore.com\/fr\/?s={search_term_string}"},"query-input":{"@type":"PropertyValueSpecification","valueRequired":true,"valueName":"search_term_string"}}],"inLanguage":"fr-FR"},{"@type":"Organization","@id":"https:\/\/tourtravelandmore.com\/fr\/#organization","name":"Tour Travel And More","url":"https:\/\/tourtravelandmore.com\/fr\/","logo":{"@type":"ImageObject","inLanguage":"fr-FR","@id":"https:\/\/tourtravelandmore.com\/fr\/#\/schema\/logo\/image\/","url":"https:\/\/tourtravelandmore.com\/wp-content\/uploads\/2022\/12\/cropped-logo-cabecera-new.png","contentUrl":"https:\/\/tourtravelandmore.com\/wp-content\/uploads\/2022\/12\/cropped-logo-cabecera-new.png","width":430,"height":61,"caption":"Tour Travel And More"},"image":{"@id":"https:\/\/tourtravelandmore.com\/fr\/#\/schema\/logo\/image\/"},"sameAs":["https:\/\/www.facebook.com\/tourtravelandmore\/","https:\/\/x.com\/TourTravel_More"]}]}},"_links":{"self":[{"href":"https:\/\/tourtravelandmore.com\/fr\/wp-json\/wp\/v2\/product\/93399","targetHints":{"allow":["GET"]}}],"collection":[{"href":"https:\/\/tourtravelandmore.com\/fr\/wp-json\/wp\/v2\/product"}],"about":[{"href":"https:\/\/tourtravelandmore.com\/fr\/wp-json\/wp\/v2\/types\/product"}],"replies":[{"embeddable":true,"href":"https:\/\/tourtravelandmore.com\/fr\/wp-json\/wp\/v2\/comments?post=93399"}],"wp:featuredmedia":[{"embeddable":true,"href":"https:\/\/tourtravelandmore.com\/fr\/wp-json\/wp\/v2\/media\/93407"}],"wp:attachment":[{"href":"https:\/\/tourtravelandmore.com\/fr\/wp-json\/wp\/v2\/media?parent=93399"}],"wp:term":[{"taxonomy":"product_brand","embeddable":true,"href":"https:\/\/tourtravelandmore.com\/fr\/wp-json\/wp\/v2\/product_brand?post=93399"},{"taxonomy":"product_cat","embeddable":true,"href":"https:\/\/tourtravelandmore.com\/fr\/wp-json\/wp\/v2\/product_cat?post=93399"},{"taxonomy":"product_tag","embeddable":true,"href":"https:\/\/tourtravelandmore.com\/fr\/wp-json\/wp\/v2\/product_tag?post=93399"}],"curies":[{"name":"wp","href":"https:\/\/api.w.org\/{rel}","templated":true}]}}