{"id":93280,"date":"2021-01-29T15:49:13","date_gmt":"2021-01-29T14:49:13","guid":{"rendered":"https:\/\/tourtravelandmore.com\/tours\/non%20class\u00e9\/visite-privee-a-pied-de-annecy\/"},"modified":"2021-02-18T20:36:21","modified_gmt":"2021-02-18T19:36:21","slug":"visite-privee-a-pied-de-annecy","status":"publish","type":"product","link":"https:\/\/tourtravelandmore.com\/fr\/tours\/france-fr\/annecy-fr\/visite-privee-a-pied-de-annecy\/","title":{"rendered":"Visite priv\u00e9e \u00e0 pied de Annecy"},"content":{"rendered":"<h2>La description<\/h2>\n<p>Profitez de cette visite priv\u00e9e \u00e0 pied d&#8217;Annecy de 2 heures aux c\u00f4t\u00e9s d&#8217;un expert local. Apprenez \u00e0 conna\u00eetre les meilleurs sites de ce bel endroit.<\/p>\n<p>Nous pouvons organiser une visite \u00e0 pied d&#8217;Annecy ou m\u00eame organiser le transport depuis n&#8217;importe quelle ville environnante, y compris Gen\u00e8ve. Nous pouvons organiser un transport priv\u00e9 pour une exp\u00e9rience unique.<\/p>\n<p>Demandez \u00e0 notre guide officiel priv\u00e9 de vous guider dans cette exp\u00e9rience unique. Nous organiserons un point de rendez-vous avec votre guide priv\u00e9 pour commencer cette visite priv\u00e9e \u00e0 pied d&#8217;Annecy.<\/p>\n<p>Profitez entre autres de la vue sur le lac d&#8217;Annecy, la vieille ville et bien plus encore!<\/p>\n<h2>Sites d&#8217;int\u00e9r\u00eat et monuments<\/h2>\n<p>Annecy est connue comme le joyau de la Haute-Savoie. Il est situ\u00e9 sur la rive nord-ouest du lac d&#8217;Annecy. La magnifique Vieille Ville d\u2019Annecy, qui s\u2019\u00e9tend du ch\u00e2teau d\u2019Annecy jusqu\u2019\u00e0 ses magnifiques canaux, poss\u00e8de un charme antique tr\u00e8s particulier<\/p>\n<p>Nous commencerons cette visite priv\u00e9e \u00e0 pied de 2 heures d&#8217;Annecy avec votre guide officiel priv\u00e9 \u00e0 un point de rendez-vous central. Si vous arrivez de l&#8217;ext\u00e9rieur de la ville avec nous ou si vous poss\u00e9dez le v\u00f4tre, nous organiserons le meilleur point de rendez-vous possible pour un d\u00e9but confortable de cette visite priv\u00e9e.<\/p>\n<p>Entre autres, voici quelques sites que vous appr\u00e9cierez:<\/p>\n<ul>\n<li>Lac d\u2019Annecy<\/li>\n<li>Vieille Ville<\/li>\n<li>Jardins de l\u2019Europe<\/li>\n<li>Pont des Amours<\/li>\n<li>Palais de l\u2019\u00cele<\/li>\n<li>Cath\u00e9drale et basilique<\/li>\n<li>Ch\u00e2teau d\u2019Annecy<\/li>\n<li>Beaucoup plus!<\/li>\n<\/ul>\n<p>Courez la chance de profiter de cette visite priv\u00e9e \u00e0 pied aux c\u00f4t\u00e9s de l&#8217;un de nos guides touristiques agr\u00e9\u00e9s experts.<\/p>\n","protected":false},"excerpt":{"rendered":"<p>Profitez de votre visite du joyau de la Haute-Savoie et explorez la ville aux c\u00f4t\u00e9s d&#8217;un expert local.<\/p>\n","protected":false},"featured_media":92639,"comment_status":"open","ping_status":"closed","template":"","meta":{"_acf_changed":false},"product_brand":[],"product_cat":[3540,3586],"product_tag":[],"class_list":{"0":"post-93280","1":"product","2":"type-product","3":"status-publish","4":"has-post-thumbnail","6":"product_cat-france-fr","7":"product_cat-annecy-fr","9":"first","10":"instock","11":"shipping-taxable","12":"purchasable","13":"product-type-simple"},"acf":[],"yoast_head":"<!-- This site is optimized with the Yoast SEO Premium plugin v25.3.1 (Yoast SEO v25.3.1) - https:\/\/yoast.com\/wordpress\/plugins\/seo\/ -->\n<title>Visite priv\u00e9e \u00e0 pied d&#039;Annecy avec un guide local agr\u00e9\u00e9<\/title>\n<meta name=\"description\" content=\"Profitez d&#039;une visite priv\u00e9e personnalis\u00e9e \u00e0 pied d&#039;Annecy et d\u00e9couvrez cette ville merveilleuse \u00e0 c\u00f4t\u00e9 d&#039;un guide local agr\u00e9\u00e9.\" \/>\n<meta name=\"robots\" content=\"index, follow, max-snippet:-1, max-image-preview:large, max-video-preview:-1\" \/>\n<link rel=\"canonical\" href=\"https:\/\/tourtravelandmore.com\/fr\/tours\/france-fr\/annecy-fr\/visite-privee-a-pied-de-annecy\/\" \/>\n<meta property=\"og:locale\" content=\"fr_FR\" \/>\n<meta property=\"og:type\" content=\"article\" \/>\n<meta property=\"og:title\" content=\"Visite priv\u00e9e \u00e0 pied de Annecy\" \/>\n<meta property=\"og:description\" content=\"Profitez d&#039;une visite priv\u00e9e personnalis\u00e9e \u00e0 pied d&#039;Annecy et d\u00e9couvrez cette ville merveilleuse \u00e0 c\u00f4t\u00e9 d&#039;un guide local agr\u00e9\u00e9.\" \/>\n<meta property=\"og:url\" content=\"https:\/\/tourtravelandmore.com\/fr\/tours\/france-fr\/annecy-fr\/visite-privee-a-pied-de-annecy\/\" \/>\n<meta property=\"og:site_name\" content=\"Tour Travel And More\" \/>\n<meta property=\"article:publisher\" content=\"https:\/\/www.facebook.com\/tourtravelandmore\/\" \/>\n<meta property=\"article:modified_time\" content=\"2021-02-18T19:36:21+00:00\" \/>\n<meta property=\"og:image\" content=\"https:\/\/tourtravelandmore.com\/wp-content\/uploads\/2021\/01\/annecy-canal.jpeg\" \/>\n\t<meta property=\"og:image:width\" content=\"1350\" \/>\n\t<meta property=\"og:image:height\" content=\"900\" \/>\n\t<meta property=\"og:image:type\" content=\"image\/jpeg\" \/>\n<meta name=\"twitter:card\" content=\"summary_large_image\" \/>\n<meta name=\"twitter:site\" content=\"@TourTravel_More\" \/>\n<meta name=\"twitter:label1\" content=\"Dur\u00e9e de lecture estim\u00e9e\" \/>\n\t<meta name=\"twitter:data1\" content=\"1 minute\" \/>\n<script type=\"application\/ld+json\" class=\"yoast-schema-graph\">{\"@context\":\"https:\/\/schema.org\",\"@graph\":[{\"@type\":\"WebPage\",\"@id\":\"https:\/\/tourtravelandmore.com\/fr\/tours\/france-fr\/annecy-fr\/visite-privee-a-pied-de-annecy\/\",\"url\":\"https:\/\/tourtravelandmore.com\/fr\/tours\/france-fr\/annecy-fr\/visite-privee-a-pied-de-annecy\/\",\"name\":\"Visite priv\u00e9e \u00e0 pied d'Annecy avec un guide local agr\u00e9\u00e9\",\"isPartOf\":{\"@id\":\"https:\/\/tourtravelandmore.com\/fr\/#website\"},\"primaryImageOfPage\":{\"@id\":\"https:\/\/tourtravelandmore.com\/fr\/tours\/france-fr\/annecy-fr\/visite-privee-a-pied-de-annecy\/#primaryimage\"},\"image\":{\"@id\":\"https:\/\/tourtravelandmore.com\/fr\/tours\/france-fr\/annecy-fr\/visite-privee-a-pied-de-annecy\/#primaryimage\"},\"thumbnailUrl\":\"https:\/\/tourtravelandmore.com\/wp-content\/uploads\/2021\/01\/annecy-canal.jpeg\",\"datePublished\":\"2021-01-29T14:49:13+00:00\",\"dateModified\":\"2021-02-18T19:36:21+00:00\",\"description\":\"Profitez d'une visite priv\u00e9e personnalis\u00e9e \u00e0 pied d'Annecy et d\u00e9couvrez cette ville merveilleuse \u00e0 c\u00f4t\u00e9 d'un guide local agr\u00e9\u00e9.\",\"breadcrumb\":{\"@id\":\"https:\/\/tourtravelandmore.com\/fr\/tours\/france-fr\/annecy-fr\/visite-privee-a-pied-de-annecy\/#breadcrumb\"},\"inLanguage\":\"fr-FR\",\"potentialAction\":[{\"@type\":\"ReadAction\",\"target\":[\"https:\/\/tourtravelandmore.com\/fr\/tours\/france-fr\/annecy-fr\/visite-privee-a-pied-de-annecy\/\"]}]},{\"@type\":\"ImageObject\",\"inLanguage\":\"fr-FR\",\"@id\":\"https:\/\/tourtravelandmore.com\/fr\/tours\/france-fr\/annecy-fr\/visite-privee-a-pied-de-annecy\/#primaryimage\",\"url\":\"https:\/\/tourtravelandmore.com\/wp-content\/uploads\/2021\/01\/annecy-canal.jpeg\",\"contentUrl\":\"https:\/\/tourtravelandmore.com\/wp-content\/uploads\/2021\/01\/annecy-canal.jpeg\",\"width\":1350,\"height\":900,\"caption\":\"annecy canal 2\"},{\"@type\":\"BreadcrumbList\",\"@id\":\"https:\/\/tourtravelandmore.com\/fr\/tours\/france-fr\/annecy-fr\/visite-privee-a-pied-de-annecy\/#breadcrumb\",\"itemListElement\":[{\"@type\":\"ListItem\",\"position\":1,\"name\":\"Home\",\"item\":\"https:\/\/tourtravelandmore.com\/fr\/\"},{\"@type\":\"ListItem\",\"position\":2,\"name\":\"Tours\",\"item\":\"https:\/\/tourtravelandmore.com\/fr\/tours\/\"},{\"@type\":\"ListItem\",\"position\":3,\"name\":\"Visite priv\u00e9e \u00e0 pied de Annecy\"}]},{\"@type\":\"WebSite\",\"@id\":\"https:\/\/tourtravelandmore.com\/fr\/#website\",\"url\":\"https:\/\/tourtravelandmore.com\/fr\/\",\"name\":\"Tour Travel And More\",\"description\":\"Private sightseeing tours and luxury transfers in Spain\",\"publisher\":{\"@id\":\"https:\/\/tourtravelandmore.com\/fr\/#organization\"},\"potentialAction\":[{\"@type\":\"SearchAction\",\"target\":{\"@type\":\"EntryPoint\",\"urlTemplate\":\"https:\/\/tourtravelandmore.com\/fr\/?s={search_term_string}\"},\"query-input\":{\"@type\":\"PropertyValueSpecification\",\"valueRequired\":true,\"valueName\":\"search_term_string\"}}],\"inLanguage\":\"fr-FR\"},{\"@type\":\"Organization\",\"@id\":\"https:\/\/tourtravelandmore.com\/fr\/#organization\",\"name\":\"Tour Travel And More\",\"url\":\"https:\/\/tourtravelandmore.com\/fr\/\",\"logo\":{\"@type\":\"ImageObject\",\"inLanguage\":\"fr-FR\",\"@id\":\"https:\/\/tourtravelandmore.com\/fr\/#\/schema\/logo\/image\/\",\"url\":\"https:\/\/tourtravelandmore.com\/wp-content\/uploads\/2022\/12\/cropped-logo-cabecera-new.png\",\"contentUrl\":\"https:\/\/tourtravelandmore.com\/wp-content\/uploads\/2022\/12\/cropped-logo-cabecera-new.png\",\"width\":430,\"height\":61,\"caption\":\"Tour Travel And More\"},\"image\":{\"@id\":\"https:\/\/tourtravelandmore.com\/fr\/#\/schema\/logo\/image\/\"},\"sameAs\":[\"https:\/\/www.facebook.com\/tourtravelandmore\/\",\"https:\/\/x.com\/TourTravel_More\"]}]}<\/script>\n<!-- \/ Yoast SEO Premium plugin. -->","yoast_head_json":{"title":"Visite priv\u00e9e \u00e0 pied d'Annecy avec un guide local agr\u00e9\u00e9","description":"Profitez d'une visite priv\u00e9e personnalis\u00e9e \u00e0 pied d'Annecy et d\u00e9couvrez cette ville merveilleuse \u00e0 c\u00f4t\u00e9 d'un guide local agr\u00e9\u00e9.","robots":{"index":"index","follow":"follow","max-snippet":"max-snippet:-1","max-image-preview":"max-image-preview:large","max-video-preview":"max-video-preview:-1"},"canonical":"https:\/\/tourtravelandmore.com\/fr\/tours\/france-fr\/annecy-fr\/visite-privee-a-pied-de-annecy\/","og_locale":"fr_FR","og_type":"article","og_title":"Visite priv\u00e9e \u00e0 pied de Annecy","og_description":"Profitez d'une visite priv\u00e9e personnalis\u00e9e \u00e0 pied d'Annecy et d\u00e9couvrez cette ville merveilleuse \u00e0 c\u00f4t\u00e9 d'un guide local agr\u00e9\u00e9.","og_url":"https:\/\/tourtravelandmore.com\/fr\/tours\/france-fr\/annecy-fr\/visite-privee-a-pied-de-annecy\/","og_site_name":"Tour Travel And More","article_publisher":"https:\/\/www.facebook.com\/tourtravelandmore\/","article_modified_time":"2021-02-18T19:36:21+00:00","og_image":[{"width":1350,"height":900,"url":"https:\/\/tourtravelandmore.com\/wp-content\/uploads\/2021\/01\/annecy-canal.jpeg","type":"image\/jpeg"}],"twitter_card":"summary_large_image","twitter_site":"@TourTravel_More","twitter_misc":{"Dur\u00e9e de lecture estim\u00e9e":"1 minute"},"schema":{"@context":"https:\/\/schema.org","@graph":[{"@type":"WebPage","@id":"https:\/\/tourtravelandmore.com\/fr\/tours\/france-fr\/annecy-fr\/visite-privee-a-pied-de-annecy\/","url":"https:\/\/tourtravelandmore.com\/fr\/tours\/france-fr\/annecy-fr\/visite-privee-a-pied-de-annecy\/","name":"Visite priv\u00e9e \u00e0 pied d'Annecy avec un guide local agr\u00e9\u00e9","isPartOf":{"@id":"https:\/\/tourtravelandmore.com\/fr\/#website"},"primaryImageOfPage":{"@id":"https:\/\/tourtravelandmore.com\/fr\/tours\/france-fr\/annecy-fr\/visite-privee-a-pied-de-annecy\/#primaryimage"},"image":{"@id":"https:\/\/tourtravelandmore.com\/fr\/tours\/france-fr\/annecy-fr\/visite-privee-a-pied-de-annecy\/#primaryimage"},"thumbnailUrl":"https:\/\/tourtravelandmore.com\/wp-content\/uploads\/2021\/01\/annecy-canal.jpeg","datePublished":"2021-01-29T14:49:13+00:00","dateModified":"2021-02-18T19:36:21+00:00","description":"Profitez d'une visite priv\u00e9e personnalis\u00e9e \u00e0 pied d'Annecy et d\u00e9couvrez cette ville merveilleuse \u00e0 c\u00f4t\u00e9 d'un guide local agr\u00e9\u00e9.","breadcrumb":{"@id":"https:\/\/tourtravelandmore.com\/fr\/tours\/france-fr\/annecy-fr\/visite-privee-a-pied-de-annecy\/#breadcrumb"},"inLanguage":"fr-FR","potentialAction":[{"@type":"ReadAction","target":["https:\/\/tourtravelandmore.com\/fr\/tours\/france-fr\/annecy-fr\/visite-privee-a-pied-de-annecy\/"]}]},{"@type":"ImageObject","inLanguage":"fr-FR","@id":"https:\/\/tourtravelandmore.com\/fr\/tours\/france-fr\/annecy-fr\/visite-privee-a-pied-de-annecy\/#primaryimage","url":"https:\/\/tourtravelandmore.com\/wp-content\/uploads\/2021\/01\/annecy-canal.jpeg","contentUrl":"https:\/\/tourtravelandmore.com\/wp-content\/uploads\/2021\/01\/annecy-canal.jpeg","width":1350,"height":900,"caption":"annecy canal 2"},{"@type":"BreadcrumbList","@id":"https:\/\/tourtravelandmore.com\/fr\/tours\/france-fr\/annecy-fr\/visite-privee-a-pied-de-annecy\/#breadcrumb","itemListElement":[{"@type":"ListItem","position":1,"name":"Home","item":"https:\/\/tourtravelandmore.com\/fr\/"},{"@type":"ListItem","position":2,"name":"Tours","item":"https:\/\/tourtravelandmore.com\/fr\/tours\/"},{"@type":"ListItem","position":3,"name":"Visite priv\u00e9e \u00e0 pied de Annecy"}]},{"@type":"WebSite","@id":"https:\/\/tourtravelandmore.com\/fr\/#website","url":"https:\/\/tourtravelandmore.com\/fr\/","name":"Tour Travel And More","description":"Private sightseeing tours and luxury transfers in Spain","publisher":{"@id":"https:\/\/tourtravelandmore.com\/fr\/#organization"},"potentialAction":[{"@type":"SearchAction","target":{"@type":"EntryPoint","urlTemplate":"https:\/\/tourtravelandmore.com\/fr\/?s={search_term_string}"},"query-input":{"@type":"PropertyValueSpecification","valueRequired":true,"valueName":"search_term_string"}}],"inLanguage":"fr-FR"},{"@type":"Organization","@id":"https:\/\/tourtravelandmore.com\/fr\/#organization","name":"Tour Travel And More","url":"https:\/\/tourtravelandmore.com\/fr\/","logo":{"@type":"ImageObject","inLanguage":"fr-FR","@id":"https:\/\/tourtravelandmore.com\/fr\/#\/schema\/logo\/image\/","url":"https:\/\/tourtravelandmore.com\/wp-content\/uploads\/2022\/12\/cropped-logo-cabecera-new.png","contentUrl":"https:\/\/tourtravelandmore.com\/wp-content\/uploads\/2022\/12\/cropped-logo-cabecera-new.png","width":430,"height":61,"caption":"Tour Travel And More"},"image":{"@id":"https:\/\/tourtravelandmore.com\/fr\/#\/schema\/logo\/image\/"},"sameAs":["https:\/\/www.facebook.com\/tourtravelandmore\/","https:\/\/x.com\/TourTravel_More"]}]}},"_links":{"self":[{"href":"https:\/\/tourtravelandmore.com\/fr\/wp-json\/wp\/v2\/product\/93280","targetHints":{"allow":["GET"]}}],"collection":[{"href":"https:\/\/tourtravelandmore.com\/fr\/wp-json\/wp\/v2\/product"}],"about":[{"href":"https:\/\/tourtravelandmore.com\/fr\/wp-json\/wp\/v2\/types\/product"}],"replies":[{"embeddable":true,"href":"https:\/\/tourtravelandmore.com\/fr\/wp-json\/wp\/v2\/comments?post=93280"}],"wp:featuredmedia":[{"embeddable":true,"href":"https:\/\/tourtravelandmore.com\/fr\/wp-json\/wp\/v2\/media\/92639"}],"wp:attachment":[{"href":"https:\/\/tourtravelandmore.com\/fr\/wp-json\/wp\/v2\/media?parent=93280"}],"wp:term":[{"taxonomy":"product_brand","embeddable":true,"href":"https:\/\/tourtravelandmore.com\/fr\/wp-json\/wp\/v2\/product_brand?post=93280"},{"taxonomy":"product_cat","embeddable":true,"href":"https:\/\/tourtravelandmore.com\/fr\/wp-json\/wp\/v2\/product_cat?post=93280"},{"taxonomy":"product_tag","embeddable":true,"href":"https:\/\/tourtravelandmore.com\/fr\/wp-json\/wp\/v2\/product_tag?post=93280"}],"curies":[{"name":"wp","href":"https:\/\/api.w.org\/{rel}","templated":true}]}}