{"id":93250,"date":"2020-03-20T15:52:22","date_gmt":"2020-03-20T14:52:22","guid":{"rendered":"https:\/\/tourtravelandmore.com\/tours\/non%20class\u00e9\/visite-privee-de-san-francisco\/"},"modified":"2024-11-01T16:32:56","modified_gmt":"2024-11-01T15:32:56","slug":"visite-privee-de-san-francisco","status":"publish","type":"product","link":"https:\/\/tourtravelandmore.com\/fr\/tours\/etats-unis-fr\/san-francisco-fr\/visite-privee-de-san-francisco\/","title":{"rendered":"Visite priv\u00e9e de San Francisco"},"content":{"rendered":"<h2>La description<\/h2>\n<p>Ne manquez pas l&#8217;occasion de d\u00e9couvrir cette ville unique avec notre visite priv\u00e9e de San Francisco. San Francisco est une ville tr\u00e8s c\u00e9l\u00e8bre et c&#8217;est une ville qui abrite de nombreux types de voyageurs. Si vous \u00eates un nouveau venu ou un voyageur assidu, San Francisco a toujours quelque chose de nouveau \u00e0 offrir.<\/p>\n<p>Lors de cette visite de 4 heures, notre \u00e9quipe vous aidera \u00e0 rendre votre exp\u00e9rience unique et m\u00e9morable. Nous r\u00e9v\u00e9lerons tous les secrets et lieux uniques que San Francisco a \u00e0 offrir. Comptez sur votre chauffeur priv\u00e9 &#8211; guide pour vous montrer le meilleur de San Francisco.<\/p>\n<p>D&#8217;Alcatraz \u00e0 Golden Gate et ne manquez pas les t\u00e9l\u00e9ph\u00e9riques et le quai des p\u00eacheurs. Nous sommes l\u00e0 pour vous aider \u00e0 d\u00e9couvrir le meilleur de San Francisco.<\/p>\n<p>Que vous vous arr\u00eatiez sur un port d&#8217;escale de votre croisi\u00e8re, sur une escale avant votre prochaine destination ou en vacances dans la ville; nous sommes \u00e0 votre disposition pour rendre votre exp\u00e9rience unique<\/p>\n<h2>\nPoints d&#8217;int\u00e9r\u00eat et monuments<\/h2>\n<p>Tout d&#8217;abord, votre chauffeur et votre guide viendront vous chercher et vous rencontreront \u00e0 l&#8217;endroit de votre choix dans la ville de San Francisco. Apr\u00e8s cela, vous commencerez votre visite priv\u00e9e de San Francisco.<\/p>\n<p>Il y a tant \u00e0 voir \u00e0 San Francisco !. Avec cette visite de 4 heures, vous d\u00e9couvrirez les points forts de la ville. Nous pouvons toujours ajouter des heures suppl\u00e9mentaires pour organiser la visite d&#8217;une journ\u00e9e compl\u00e8te ou m\u00eame organiser des excursions telles que Sausalito, Muir Woods, Alcatraz, Gold Country, Silicon Valley et bien d&#8217;autres options.<\/p>\n<p>Un exemple de ce que vous verrez entre autres au cours de cette visite de 4 heures est:<\/p>\n<ul>\n<li>Washington Square et North Beach: Le Washington Square est situ\u00e9 dans le quartier de North Beach. C&#8217;est un parc qui a \u00e9t\u00e9 cr\u00e9\u00e9 au 19\u00e8me si\u00e8cle et l&#8217;un des premiers parcs \u00e0 exister dans la ville.<\/li>\n<li>Pier 39: San Francisco est tr\u00e8s connue pour ses quais et jet\u00e9es. Lorsque San Francisco appara\u00eet dans les films, il y a toujours une photo des Piers. Saisissez l&#8217;occasion de prendre des photos et m\u00eame de jeter un coup d&#8217;\u0153il au loin d&#8217;Alcatraz et du Golden Gate Bridge.<\/li>\n<li>Quartier Fisherman\u2019s Wharf: notre guide vous emm\u00e8nera d\u00e9couvrir cette zone riveraine de San Francisco. Il est assez grand et nous vous laisserons jeter un coup d&#8217;\u0153il et m\u00eame faire une halte si vous souhaitez prendre des photos.<\/li>\n<li>L&#8217;Embarcadero: Nous organiserons \u00e9galement un arr\u00eat devant le b\u00e2timent du ferry situ\u00e9 \u00e0 l&#8217;Embarcadero avec Market Street. L&#8217;Embarcadero est une chauss\u00e9e au bord de l&#8217;eau.<\/li>\n<li>Golden Gate Bridge: Le pont relie la baie de San Francisco et il s&#8217;agit d&#8217;un pont de 1,6 kilom\u00e8tre qui traverse l&#8217;oc\u00e9an Pacifique. C&#8217;est l&#8217;un des symboles les plus c\u00e9l\u00e8bres de San Francisco.<\/li>\n<li>Union Square: Il s&#8217;agit d&#8217;une place publique situ\u00e9e au centre-ville de San Francisco. \u00c0 Union Square, vous trouverez la zone commer\u00e7ante centrale, les h\u00f4tels et le quartier des th\u00e9\u00e2tres.<\/li>\n<li>Alamo Square: Outre le c\u00e9l\u00e8bre Golden Gate Bridge, Pier 39, il y a les c\u00e9l\u00e8bres maisons victoriennes, \u00e9galement connues sous le nom de Painted Ladies.<\/li>\n<li>Lombard Street: Cette rue est tr\u00e8s connue pour sa section tr\u00e8s raide. Il re\u00e7oit environ 2 millions de visiteurs par an.<\/li>\n<li>Th\u00e9\u00e2tre du Palais des Beaux-Arts: Vous profiterez \u00e9galement d&#8217;un arr\u00eat au quartier de la marina. Dans ce quartier, nous organiserons un arr\u00eat pour visiter le Palais des Beaux-Arts. Votre guide vous expliquera les expositions et les expositions qui se d\u00e9roulent dans ce magnifique b\u00e2timent et monument.<\/li>\n<li>Chinatown: Le Chinatown de San Francisco est le plus ancien d&#8217;Am\u00e9rique du Nord et c&#8217;est la plus grande zone chinoise en dehors de l&#8217;Asie.<\/li>\n<\/ul>\n<p>San Francisco a tellement \u00e0 offrir que c&#8217;est un bref exemple de ce que vous allez voir. Si votre visite priv\u00e9e de San Francisco dure enfin plus de 4 heures, nous ajouterons plus d&#8217;arr\u00eats et la personnaliserons pour rendre votre exp\u00e9rience encore plus m\u00e9morable<\/p>\n","protected":false},"excerpt":{"rendered":"<p>Profitez de cette occasion pour d\u00e9couvrir cette ville incroyable avec votre propre chauffeur-guide priv\u00e9. Personnalisez votre propre exp\u00e9rience. Ne manquez pas les monuments et sites tels que Washington Square, le Pier 39, le Golden Gate Bridge et bien plus encore !.<\/p>\n","protected":false},"featured_media":93251,"comment_status":"open","ping_status":"closed","template":"","meta":{"_acf_changed":false},"product_brand":[],"product_cat":[5440,5441,3547,3548],"product_tag":[],"class_list":{"0":"post-93250","1":"product","2":"type-product","3":"status-publish","4":"has-post-thumbnail","6":"product_cat-all-private-tours-activities-fr-34","7":"product_cat-private-sightseeing-tours-fr-42","8":"product_cat-etats-unis-fr","9":"product_cat-san-francisco-fr","11":"first","12":"instock","13":"shipping-taxable","14":"purchasable","15":"product-type-simple"},"acf":[],"yoast_head":"<!-- This site is optimized with the Yoast SEO Premium plugin v25.3.1 (Yoast SEO v25.3.1) - https:\/\/yoast.com\/wordpress\/plugins\/seo\/ -->\n<title>Visite priv\u00e9e de San Francisco avec chauffeur priv\u00e9 et guide<\/title>\n<meta name=\"description\" content=\"Profitez de cette visite priv\u00e9e de San Francisco. Admirez les lieux et monuments les plus \u00e9tonnants de cette ville merveilleuse avec votre chauffeur-guide.\" \/>\n<meta name=\"robots\" content=\"index, follow, max-snippet:-1, max-image-preview:large, max-video-preview:-1\" \/>\n<link rel=\"canonical\" href=\"https:\/\/tourtravelandmore.com\/fr\/tours\/etats-unis-fr\/san-francisco-fr\/visite-privee-de-san-francisco\/\" \/>\n<meta property=\"og:locale\" content=\"fr_FR\" \/>\n<meta property=\"og:type\" content=\"article\" \/>\n<meta property=\"og:title\" content=\"Visite priv\u00e9e de San Francisco\" \/>\n<meta property=\"og:description\" content=\"Profitez de cette visite priv\u00e9e de San Francisco. Admirez les lieux et monuments les plus \u00e9tonnants de cette ville merveilleuse avec votre chauffeur-guide.\" \/>\n<meta property=\"og:url\" content=\"https:\/\/tourtravelandmore.com\/fr\/tours\/etats-unis-fr\/san-francisco-fr\/visite-privee-de-san-francisco\/\" \/>\n<meta property=\"og:site_name\" content=\"Tour Travel And More\" \/>\n<meta property=\"article:publisher\" content=\"https:\/\/www.facebook.com\/tourtravelandmore\/\" \/>\n<meta property=\"article:modified_time\" content=\"2024-11-01T15:32:56+00:00\" \/>\n<meta property=\"og:image\" content=\"https:\/\/tourtravelandmore.com\/wp-content\/uploads\/2020\/03\/san-francisco-3.jpg\" \/>\n\t<meta property=\"og:image:width\" content=\"1960\" \/>\n\t<meta property=\"og:image:height\" content=\"1104\" \/>\n\t<meta property=\"og:image:type\" content=\"image\/jpeg\" \/>\n<meta name=\"twitter:card\" content=\"summary_large_image\" \/>\n<meta name=\"twitter:site\" content=\"@TourTravel_More\" \/>\n<meta name=\"twitter:label1\" content=\"Dur\u00e9e de lecture estim\u00e9e\" \/>\n\t<meta name=\"twitter:data1\" content=\"3 minutes\" \/>\n<script type=\"application\/ld+json\" class=\"yoast-schema-graph\">{\"@context\":\"https:\/\/schema.org\",\"@graph\":[{\"@type\":\"WebPage\",\"@id\":\"https:\/\/tourtravelandmore.com\/fr\/tours\/etats-unis-fr\/san-francisco-fr\/visite-privee-de-san-francisco\/\",\"url\":\"https:\/\/tourtravelandmore.com\/fr\/tours\/etats-unis-fr\/san-francisco-fr\/visite-privee-de-san-francisco\/\",\"name\":\"Visite priv\u00e9e de San Francisco avec chauffeur priv\u00e9 et guide\",\"isPartOf\":{\"@id\":\"https:\/\/tourtravelandmore.com\/fr\/#website\"},\"primaryImageOfPage\":{\"@id\":\"https:\/\/tourtravelandmore.com\/fr\/tours\/etats-unis-fr\/san-francisco-fr\/visite-privee-de-san-francisco\/#primaryimage\"},\"image\":{\"@id\":\"https:\/\/tourtravelandmore.com\/fr\/tours\/etats-unis-fr\/san-francisco-fr\/visite-privee-de-san-francisco\/#primaryimage\"},\"thumbnailUrl\":\"https:\/\/tourtravelandmore.com\/wp-content\/uploads\/2020\/03\/san-francisco-3.jpg\",\"datePublished\":\"2020-03-20T14:52:22+00:00\",\"dateModified\":\"2024-11-01T15:32:56+00:00\",\"description\":\"Profitez de cette visite priv\u00e9e de San Francisco. Admirez les lieux et monuments les plus \u00e9tonnants de cette ville merveilleuse avec votre chauffeur-guide.\",\"breadcrumb\":{\"@id\":\"https:\/\/tourtravelandmore.com\/fr\/tours\/etats-unis-fr\/san-francisco-fr\/visite-privee-de-san-francisco\/#breadcrumb\"},\"inLanguage\":\"fr-FR\",\"potentialAction\":[{\"@type\":\"ReadAction\",\"target\":[\"https:\/\/tourtravelandmore.com\/fr\/tours\/etats-unis-fr\/san-francisco-fr\/visite-privee-de-san-francisco\/\"]}]},{\"@type\":\"ImageObject\",\"inLanguage\":\"fr-FR\",\"@id\":\"https:\/\/tourtravelandmore.com\/fr\/tours\/etats-unis-fr\/san-francisco-fr\/visite-privee-de-san-francisco\/#primaryimage\",\"url\":\"https:\/\/tourtravelandmore.com\/wp-content\/uploads\/2020\/03\/san-francisco-3.jpg\",\"contentUrl\":\"https:\/\/tourtravelandmore.com\/wp-content\/uploads\/2020\/03\/san-francisco-3.jpg\",\"width\":1960,\"height\":1104},{\"@type\":\"BreadcrumbList\",\"@id\":\"https:\/\/tourtravelandmore.com\/fr\/tours\/etats-unis-fr\/san-francisco-fr\/visite-privee-de-san-francisco\/#breadcrumb\",\"itemListElement\":[{\"@type\":\"ListItem\",\"position\":1,\"name\":\"Home\",\"item\":\"https:\/\/tourtravelandmore.com\/fr\/\"},{\"@type\":\"ListItem\",\"position\":2,\"name\":\"Tours\",\"item\":\"https:\/\/tourtravelandmore.com\/fr\/tours\/\"},{\"@type\":\"ListItem\",\"position\":3,\"name\":\"Visite priv\u00e9e de San Francisco\"}]},{\"@type\":\"WebSite\",\"@id\":\"https:\/\/tourtravelandmore.com\/fr\/#website\",\"url\":\"https:\/\/tourtravelandmore.com\/fr\/\",\"name\":\"Tour Travel And More\",\"description\":\"Private sightseeing tours and luxury transfers in Spain\",\"publisher\":{\"@id\":\"https:\/\/tourtravelandmore.com\/fr\/#organization\"},\"potentialAction\":[{\"@type\":\"SearchAction\",\"target\":{\"@type\":\"EntryPoint\",\"urlTemplate\":\"https:\/\/tourtravelandmore.com\/fr\/?s={search_term_string}\"},\"query-input\":{\"@type\":\"PropertyValueSpecification\",\"valueRequired\":true,\"valueName\":\"search_term_string\"}}],\"inLanguage\":\"fr-FR\"},{\"@type\":\"Organization\",\"@id\":\"https:\/\/tourtravelandmore.com\/fr\/#organization\",\"name\":\"Tour Travel And More\",\"url\":\"https:\/\/tourtravelandmore.com\/fr\/\",\"logo\":{\"@type\":\"ImageObject\",\"inLanguage\":\"fr-FR\",\"@id\":\"https:\/\/tourtravelandmore.com\/fr\/#\/schema\/logo\/image\/\",\"url\":\"https:\/\/tourtravelandmore.com\/wp-content\/uploads\/2022\/12\/cropped-logo-cabecera-new.png\",\"contentUrl\":\"https:\/\/tourtravelandmore.com\/wp-content\/uploads\/2022\/12\/cropped-logo-cabecera-new.png\",\"width\":430,\"height\":61,\"caption\":\"Tour Travel And More\"},\"image\":{\"@id\":\"https:\/\/tourtravelandmore.com\/fr\/#\/schema\/logo\/image\/\"},\"sameAs\":[\"https:\/\/www.facebook.com\/tourtravelandmore\/\",\"https:\/\/x.com\/TourTravel_More\"]}]}<\/script>\n<!-- \/ Yoast SEO Premium plugin. -->","yoast_head_json":{"title":"Visite priv\u00e9e de San Francisco avec chauffeur priv\u00e9 et guide","description":"Profitez de cette visite priv\u00e9e de San Francisco. Admirez les lieux et monuments les plus \u00e9tonnants de cette ville merveilleuse avec votre chauffeur-guide.","robots":{"index":"index","follow":"follow","max-snippet":"max-snippet:-1","max-image-preview":"max-image-preview:large","max-video-preview":"max-video-preview:-1"},"canonical":"https:\/\/tourtravelandmore.com\/fr\/tours\/etats-unis-fr\/san-francisco-fr\/visite-privee-de-san-francisco\/","og_locale":"fr_FR","og_type":"article","og_title":"Visite priv\u00e9e de San Francisco","og_description":"Profitez de cette visite priv\u00e9e de San Francisco. Admirez les lieux et monuments les plus \u00e9tonnants de cette ville merveilleuse avec votre chauffeur-guide.","og_url":"https:\/\/tourtravelandmore.com\/fr\/tours\/etats-unis-fr\/san-francisco-fr\/visite-privee-de-san-francisco\/","og_site_name":"Tour Travel And More","article_publisher":"https:\/\/www.facebook.com\/tourtravelandmore\/","article_modified_time":"2024-11-01T15:32:56+00:00","og_image":[{"width":1960,"height":1104,"url":"https:\/\/tourtravelandmore.com\/wp-content\/uploads\/2020\/03\/san-francisco-3.jpg","type":"image\/jpeg"}],"twitter_card":"summary_large_image","twitter_site":"@TourTravel_More","twitter_misc":{"Dur\u00e9e de lecture estim\u00e9e":"3 minutes"},"schema":{"@context":"https:\/\/schema.org","@graph":[{"@type":"WebPage","@id":"https:\/\/tourtravelandmore.com\/fr\/tours\/etats-unis-fr\/san-francisco-fr\/visite-privee-de-san-francisco\/","url":"https:\/\/tourtravelandmore.com\/fr\/tours\/etats-unis-fr\/san-francisco-fr\/visite-privee-de-san-francisco\/","name":"Visite priv\u00e9e de San Francisco avec chauffeur priv\u00e9 et guide","isPartOf":{"@id":"https:\/\/tourtravelandmore.com\/fr\/#website"},"primaryImageOfPage":{"@id":"https:\/\/tourtravelandmore.com\/fr\/tours\/etats-unis-fr\/san-francisco-fr\/visite-privee-de-san-francisco\/#primaryimage"},"image":{"@id":"https:\/\/tourtravelandmore.com\/fr\/tours\/etats-unis-fr\/san-francisco-fr\/visite-privee-de-san-francisco\/#primaryimage"},"thumbnailUrl":"https:\/\/tourtravelandmore.com\/wp-content\/uploads\/2020\/03\/san-francisco-3.jpg","datePublished":"2020-03-20T14:52:22+00:00","dateModified":"2024-11-01T15:32:56+00:00","description":"Profitez de cette visite priv\u00e9e de San Francisco. Admirez les lieux et monuments les plus \u00e9tonnants de cette ville merveilleuse avec votre chauffeur-guide.","breadcrumb":{"@id":"https:\/\/tourtravelandmore.com\/fr\/tours\/etats-unis-fr\/san-francisco-fr\/visite-privee-de-san-francisco\/#breadcrumb"},"inLanguage":"fr-FR","potentialAction":[{"@type":"ReadAction","target":["https:\/\/tourtravelandmore.com\/fr\/tours\/etats-unis-fr\/san-francisco-fr\/visite-privee-de-san-francisco\/"]}]},{"@type":"ImageObject","inLanguage":"fr-FR","@id":"https:\/\/tourtravelandmore.com\/fr\/tours\/etats-unis-fr\/san-francisco-fr\/visite-privee-de-san-francisco\/#primaryimage","url":"https:\/\/tourtravelandmore.com\/wp-content\/uploads\/2020\/03\/san-francisco-3.jpg","contentUrl":"https:\/\/tourtravelandmore.com\/wp-content\/uploads\/2020\/03\/san-francisco-3.jpg","width":1960,"height":1104},{"@type":"BreadcrumbList","@id":"https:\/\/tourtravelandmore.com\/fr\/tours\/etats-unis-fr\/san-francisco-fr\/visite-privee-de-san-francisco\/#breadcrumb","itemListElement":[{"@type":"ListItem","position":1,"name":"Home","item":"https:\/\/tourtravelandmore.com\/fr\/"},{"@type":"ListItem","position":2,"name":"Tours","item":"https:\/\/tourtravelandmore.com\/fr\/tours\/"},{"@type":"ListItem","position":3,"name":"Visite priv\u00e9e de San Francisco"}]},{"@type":"WebSite","@id":"https:\/\/tourtravelandmore.com\/fr\/#website","url":"https:\/\/tourtravelandmore.com\/fr\/","name":"Tour Travel And More","description":"Private sightseeing tours and luxury transfers in Spain","publisher":{"@id":"https:\/\/tourtravelandmore.com\/fr\/#organization"},"potentialAction":[{"@type":"SearchAction","target":{"@type":"EntryPoint","urlTemplate":"https:\/\/tourtravelandmore.com\/fr\/?s={search_term_string}"},"query-input":{"@type":"PropertyValueSpecification","valueRequired":true,"valueName":"search_term_string"}}],"inLanguage":"fr-FR"},{"@type":"Organization","@id":"https:\/\/tourtravelandmore.com\/fr\/#organization","name":"Tour Travel And More","url":"https:\/\/tourtravelandmore.com\/fr\/","logo":{"@type":"ImageObject","inLanguage":"fr-FR","@id":"https:\/\/tourtravelandmore.com\/fr\/#\/schema\/logo\/image\/","url":"https:\/\/tourtravelandmore.com\/wp-content\/uploads\/2022\/12\/cropped-logo-cabecera-new.png","contentUrl":"https:\/\/tourtravelandmore.com\/wp-content\/uploads\/2022\/12\/cropped-logo-cabecera-new.png","width":430,"height":61,"caption":"Tour Travel And More"},"image":{"@id":"https:\/\/tourtravelandmore.com\/fr\/#\/schema\/logo\/image\/"},"sameAs":["https:\/\/www.facebook.com\/tourtravelandmore\/","https:\/\/x.com\/TourTravel_More"]}]}},"_links":{"self":[{"href":"https:\/\/tourtravelandmore.com\/fr\/wp-json\/wp\/v2\/product\/93250","targetHints":{"allow":["GET"]}}],"collection":[{"href":"https:\/\/tourtravelandmore.com\/fr\/wp-json\/wp\/v2\/product"}],"about":[{"href":"https:\/\/tourtravelandmore.com\/fr\/wp-json\/wp\/v2\/types\/product"}],"replies":[{"embeddable":true,"href":"https:\/\/tourtravelandmore.com\/fr\/wp-json\/wp\/v2\/comments?post=93250"}],"wp:featuredmedia":[{"embeddable":true,"href":"https:\/\/tourtravelandmore.com\/fr\/wp-json\/wp\/v2\/media\/93251"}],"wp:attachment":[{"href":"https:\/\/tourtravelandmore.com\/fr\/wp-json\/wp\/v2\/media?parent=93250"}],"wp:term":[{"taxonomy":"product_brand","embeddable":true,"href":"https:\/\/tourtravelandmore.com\/fr\/wp-json\/wp\/v2\/product_brand?post=93250"},{"taxonomy":"product_cat","embeddable":true,"href":"https:\/\/tourtravelandmore.com\/fr\/wp-json\/wp\/v2\/product_cat?post=93250"},{"taxonomy":"product_tag","embeddable":true,"href":"https:\/\/tourtravelandmore.com\/fr\/wp-json\/wp\/v2\/product_tag?post=93250"}],"curies":[{"name":"wp","href":"https:\/\/api.w.org\/{rel}","templated":true}]}}