{"id":93238,"date":"2020-01-23T09:00:49","date_gmt":"2020-01-23T08:00:49","guid":{"rendered":"https:\/\/tourtravelandmore.com\/tours\/non%20class\u00e9\/visite-privee-a-pied-de-soho-de-la-petite-italie-et-de-chinatown\/"},"modified":"2024-07-29T19:23:46","modified_gmt":"2024-07-29T17:23:46","slug":"visite-privee-a-pied-de-soho-de-la-petite-italie-et-de-chinatown","status":"publish","type":"product","link":"https:\/\/tourtravelandmore.com\/fr\/tours\/etats-unis-fr\/new-york-fr\/visite-privee-a-pied-de-soho-de-la-petite-italie-et-de-chinatown\/","title":{"rendered":"Visite priv\u00e9e \u00e0 pied de Soho, de la Petite Italie et de Chinatown"},"content":{"rendered":"<h2><b><strong>Description de la visite priv\u00e9e<\/strong><\/b><\/h2>\n<p><b><strong>New York<\/strong><\/b> est une ville qui offre beaucoup de choses \u00e0 faire et qui poss\u00e8de des quartiers tr\u00e8s int\u00e9ressants et \u00e9tonnants. Si vous \u00eates \u00e0 la recherche d&#8217;une visite unique de la ville, cette <b><strong>visite priv\u00e9e \u00e0 pied de Soho, Little Italy et Chinatown<\/strong><\/b> est l&#8217;option parfaite. Vous disposerez d&#8217;un guide<b><strong> officiel priv\u00e9<\/strong><\/b> pour une visite guid\u00e9e de 2 heures.<\/p>\n<p>La visite commencera au Spring Street Park Center \u00e0 l&#8217;heure que vous aurez choisie. Il est possible d&#8217;organiser une prise en charge depuis votre h\u00f4tel ou le lieu de votre choix, s&#8217;il se trouve en dehors du centre-ville.<\/p>\n<p>Vous d\u00e9couvrirez les endroits les plus embl\u00e9matiques et les plus agr\u00e9ables de ce merveilleux quartier de New York. Si vous souhaitez visiter un monument ou un mus\u00e9e en particulier, nous pouvons inclure des tickets d&#8217;entr\u00e9e pour vous. Nous sommes l\u00e0 pour vous donner la meilleure exp\u00e9rience de vos vacances.<\/p>\n<p>Nous offrons d&#8217;autres options de visites priv\u00e9es \u00e0 pied, d&#8217;exp\u00e9riences d&#8217;une journ\u00e9e enti\u00e8re et de transferts priv\u00e9s \u00e0 New York, consultez <a href=\"\u00ab\">notre liste<\/a>.<\/p>\n<h2><b><strong>Points d&#8217;int\u00e9r\u00eat et monuments de la visite<\/strong><\/b><\/h2>\n<p>Tout d&#8217;abord, vous rencontrerez votre guide officiel priv\u00e9 au Spring Street Park Center \u00e0 l&#8217;heure que vous souhaitez. Au cours de cette visite priv\u00e9e \u00e0 pied de Soho, Little Italy et Chinatown, vous d\u00e9couvrirez trois quartiers tr\u00e8s diff\u00e9rents les uns des autres.<\/p>\n<p>Commencez par <b><strong>Soho<\/strong><\/b> et fl\u00e2nez dans ses rues chics, c\u00e9l\u00e8bres pour leur architecture, leurs caf\u00e9s, leurs restaurants et leurs boutiques. D\u00e9couvrez les b\u00e2timents en fonte de l&#8217;un des quartiers les plus branch\u00e9s de la ville.<\/p>\n<p>Impr\u00e9gnez-vous des paysages et des sons de la <b><strong>Petite Italie<\/strong><\/b> et de son histoire sanglante en visitant les lieux o\u00f9 les assassinats de la mafia ont eu lieu. Ressentez l&#8217;atmosph\u00e8re d&#8217;un quartier italien authentique, sentez et go\u00fbtez les meilleurs d\u00e9lices italiens tels que la pizza, les p\u00e2tes ou le gelato.<\/p>\n<p>Enfin, le <b><strong>quartier chinois<\/strong><\/b>, avec ses rues color\u00e9es remplies de vendeurs et de boutiques, tentez de n\u00e9gocier avec l&#8217;un des vendeurs ou d\u00e9gustez simplement une boulette traditionnelle. D\u00e9couvrez l&#8217;histoire de l&#8217;un des plus grands quartiers d&#8217;expatri\u00e9s chinois de l&#8217;h\u00e9misph\u00e8re occidental.<\/p>\n<p>Nous vous proposons de visiter, entre autres, les sites suivants<\/p>\n<ul>\n<li><b><strong>Cast Iron District<\/strong><\/b><\/li>\n<li><b><strong>B\u00e2timent Haughwout<\/strong><\/b><\/li>\n<li><b><strong>L&#8217;appartement de Heath Ledger<\/strong><\/b><\/li>\n<li><b><strong>Alleva Dairy &#8211; la plus ancienne fromagerie de New York<\/strong><\/b><\/li>\n<li><b><strong>Lombardi&#8217;s Pizza &#8211; Premi\u00e8re pizzeria de New York<\/strong><\/b><\/li>\n<li><b><strong>Ravenite Club &#8211; Repaires de la mafia<\/strong><\/b><\/li>\n<li><b><strong>Rues Canal et Mott<\/strong><\/b><\/li>\n<li><b><strong>Ancien quartier de Five Points (Gangs of NY)<\/strong><\/b><\/li>\n<li><a href=\"\u00ab\">Columbus Park<\/a><\/li>\n<li><b><strong>Ancienne fumerie d&#8217;opium<\/strong><\/b><\/li>\n<li><b><strong>Ancien quartier g\u00e9n\u00e9ral de la police de New York<\/strong><\/b><\/li>\n<li><b><strong>Temple bouddhiste Mahayana<\/strong><\/b><\/li>\n<\/ul>\n<p>Si vous estimez que 2 heures ne suffisent pas, nous pouvons ajouter des heures suppl\u00e9mentaires \u00e0 votre exp\u00e9rience ou m\u00eame en faire une journ\u00e9e compl\u00e8te.<\/p>\n<p>Enfin, \u00e0 la fin de la visite, votre guide officiel priv\u00e9 vous d\u00e9posera dans un lieu central de New York.<\/p>\n","protected":false},"excerpt":{"rendered":"<p>Saisissez cette opportunit\u00e9 et d\u00e9couvrez certains des endroits les plus embl\u00e9matiques de New York lors de cette visite priv\u00e9e \u00e0 pied, avec votre guide priv\u00e9, qui vous montrera et vous \u00e9clairera avec les meilleurs b\u00e2timents, l&#8217;histoire, la nourriture et les meilleurs divertissements de ce fantastique ville. Visitez les quartiers les plus beaux et uniques: Chinatown, Soho et Little Italy.<\/p>\n","protected":false},"featured_media":93239,"comment_status":"open","ping_status":"closed","template":"","meta":{"_acf_changed":false},"product_brand":[],"product_cat":[5417,5418,3547,3552],"product_tag":[],"class_list":{"0":"post-93238","1":"product","2":"type-product","3":"status-publish","4":"has-post-thumbnail","6":"product_cat-new-york-private-tours","7":"product_cat-private-walking-tours-fr-17","8":"product_cat-etats-unis-fr","9":"product_cat-new-york-fr","11":"first","12":"instock","13":"shipping-taxable","14":"purchasable","15":"product-type-simple"},"acf":[],"yoast_head":"<!-- This site is optimized with the Yoast SEO Premium plugin v25.3.1 (Yoast SEO v25.3.1) - https:\/\/yoast.com\/wordpress\/plugins\/seo\/ -->\n<title>Visite priv\u00e9e de Soho, de la Petite Italie et de Chinatown avec un guide local<\/title>\n<meta name=\"description\" content=\"Pr\u00e9parez-vous \u00e0 explorer New York et ses quartiers historiques. Profitez de cette visite priv\u00e9e de Soho, de la Petite Italie et de Chinatown avec un expert local.\" \/>\n<meta name=\"robots\" content=\"index, follow, max-snippet:-1, max-image-preview:large, max-video-preview:-1\" \/>\n<link rel=\"canonical\" href=\"https:\/\/tourtravelandmore.com\/fr\/tours\/etats-unis-fr\/new-york-fr\/visite-privee-a-pied-de-soho-de-la-petite-italie-et-de-chinatown\/\" \/>\n<meta property=\"og:locale\" content=\"fr_FR\" \/>\n<meta property=\"og:type\" content=\"article\" \/>\n<meta property=\"og:title\" content=\"Visite priv\u00e9e \u00e0 pied de Soho, de la Petite Italie et de Chinatown\" \/>\n<meta property=\"og:description\" content=\"Pr\u00e9parez-vous \u00e0 explorer New York et ses quartiers historiques. Profitez de cette visite priv\u00e9e de Soho, de la Petite Italie et de Chinatown avec un expert local.\" \/>\n<meta property=\"og:url\" content=\"https:\/\/tourtravelandmore.com\/fr\/tours\/etats-unis-fr\/new-york-fr\/visite-privee-a-pied-de-soho-de-la-petite-italie-et-de-chinatown\/\" \/>\n<meta property=\"og:site_name\" content=\"Tour Travel And More\" \/>\n<meta property=\"article:publisher\" content=\"https:\/\/www.facebook.com\/tourtravelandmore\/\" \/>\n<meta property=\"article:modified_time\" content=\"2024-07-29T17:23:46+00:00\" \/>\n<meta property=\"og:image\" content=\"https:\/\/tourtravelandmore.com\/wp-content\/uploads\/2020\/01\/n36.jpg\" \/>\n\t<meta property=\"og:image:width\" content=\"1024\" \/>\n\t<meta property=\"og:image:height\" content=\"681\" \/>\n\t<meta property=\"og:image:type\" content=\"image\/jpeg\" \/>\n<meta name=\"twitter:card\" content=\"summary_large_image\" \/>\n<meta name=\"twitter:site\" content=\"@TourTravel_More\" \/>\n<meta name=\"twitter:label1\" content=\"Dur\u00e9e de lecture estim\u00e9e\" \/>\n\t<meta name=\"twitter:data1\" content=\"3 minutes\" \/>\n<script type=\"application\/ld+json\" class=\"yoast-schema-graph\">{\"@context\":\"https:\/\/schema.org\",\"@graph\":[{\"@type\":\"WebPage\",\"@id\":\"https:\/\/tourtravelandmore.com\/fr\/tours\/etats-unis-fr\/new-york-fr\/visite-privee-a-pied-de-soho-de-la-petite-italie-et-de-chinatown\/\",\"url\":\"https:\/\/tourtravelandmore.com\/fr\/tours\/etats-unis-fr\/new-york-fr\/visite-privee-a-pied-de-soho-de-la-petite-italie-et-de-chinatown\/\",\"name\":\"Visite priv\u00e9e de Soho, de la Petite Italie et de Chinatown avec un guide local\",\"isPartOf\":{\"@id\":\"https:\/\/tourtravelandmore.com\/fr\/#website\"},\"primaryImageOfPage\":{\"@id\":\"https:\/\/tourtravelandmore.com\/fr\/tours\/etats-unis-fr\/new-york-fr\/visite-privee-a-pied-de-soho-de-la-petite-italie-et-de-chinatown\/#primaryimage\"},\"image\":{\"@id\":\"https:\/\/tourtravelandmore.com\/fr\/tours\/etats-unis-fr\/new-york-fr\/visite-privee-a-pied-de-soho-de-la-petite-italie-et-de-chinatown\/#primaryimage\"},\"thumbnailUrl\":\"https:\/\/tourtravelandmore.com\/wp-content\/uploads\/2020\/01\/n36.jpg\",\"datePublished\":\"2020-01-23T08:00:49+00:00\",\"dateModified\":\"2024-07-29T17:23:46+00:00\",\"description\":\"Pr\u00e9parez-vous \u00e0 explorer New York et ses quartiers historiques. Profitez de cette visite priv\u00e9e de Soho, de la Petite Italie et de Chinatown avec un expert local.\",\"breadcrumb\":{\"@id\":\"https:\/\/tourtravelandmore.com\/fr\/tours\/etats-unis-fr\/new-york-fr\/visite-privee-a-pied-de-soho-de-la-petite-italie-et-de-chinatown\/#breadcrumb\"},\"inLanguage\":\"fr-FR\",\"potentialAction\":[{\"@type\":\"ReadAction\",\"target\":[\"https:\/\/tourtravelandmore.com\/fr\/tours\/etats-unis-fr\/new-york-fr\/visite-privee-a-pied-de-soho-de-la-petite-italie-et-de-chinatown\/\"]}]},{\"@type\":\"ImageObject\",\"inLanguage\":\"fr-FR\",\"@id\":\"https:\/\/tourtravelandmore.com\/fr\/tours\/etats-unis-fr\/new-york-fr\/visite-privee-a-pied-de-soho-de-la-petite-italie-et-de-chinatown\/#primaryimage\",\"url\":\"https:\/\/tourtravelandmore.com\/wp-content\/uploads\/2020\/01\/n36.jpg\",\"contentUrl\":\"https:\/\/tourtravelandmore.com\/wp-content\/uploads\/2020\/01\/n36.jpg\",\"width\":1024,\"height\":681},{\"@type\":\"BreadcrumbList\",\"@id\":\"https:\/\/tourtravelandmore.com\/fr\/tours\/etats-unis-fr\/new-york-fr\/visite-privee-a-pied-de-soho-de-la-petite-italie-et-de-chinatown\/#breadcrumb\",\"itemListElement\":[{\"@type\":\"ListItem\",\"position\":1,\"name\":\"Home\",\"item\":\"https:\/\/tourtravelandmore.com\/fr\/\"},{\"@type\":\"ListItem\",\"position\":2,\"name\":\"Tours\",\"item\":\"https:\/\/tourtravelandmore.com\/fr\/tours\/\"},{\"@type\":\"ListItem\",\"position\":3,\"name\":\"Visite priv\u00e9e \u00e0 pied de Soho, de la Petite Italie et de Chinatown\"}]},{\"@type\":\"WebSite\",\"@id\":\"https:\/\/tourtravelandmore.com\/fr\/#website\",\"url\":\"https:\/\/tourtravelandmore.com\/fr\/\",\"name\":\"Tour Travel And More\",\"description\":\"Private sightseeing tours and luxury transfers in Spain\",\"publisher\":{\"@id\":\"https:\/\/tourtravelandmore.com\/fr\/#organization\"},\"potentialAction\":[{\"@type\":\"SearchAction\",\"target\":{\"@type\":\"EntryPoint\",\"urlTemplate\":\"https:\/\/tourtravelandmore.com\/fr\/?s={search_term_string}\"},\"query-input\":{\"@type\":\"PropertyValueSpecification\",\"valueRequired\":true,\"valueName\":\"search_term_string\"}}],\"inLanguage\":\"fr-FR\"},{\"@type\":\"Organization\",\"@id\":\"https:\/\/tourtravelandmore.com\/fr\/#organization\",\"name\":\"Tour Travel And More\",\"url\":\"https:\/\/tourtravelandmore.com\/fr\/\",\"logo\":{\"@type\":\"ImageObject\",\"inLanguage\":\"fr-FR\",\"@id\":\"https:\/\/tourtravelandmore.com\/fr\/#\/schema\/logo\/image\/\",\"url\":\"https:\/\/tourtravelandmore.com\/wp-content\/uploads\/2022\/12\/cropped-logo-cabecera-new.png\",\"contentUrl\":\"https:\/\/tourtravelandmore.com\/wp-content\/uploads\/2022\/12\/cropped-logo-cabecera-new.png\",\"width\":430,\"height\":61,\"caption\":\"Tour Travel And More\"},\"image\":{\"@id\":\"https:\/\/tourtravelandmore.com\/fr\/#\/schema\/logo\/image\/\"},\"sameAs\":[\"https:\/\/www.facebook.com\/tourtravelandmore\/\",\"https:\/\/x.com\/TourTravel_More\"]}]}<\/script>\n<!-- \/ Yoast SEO Premium plugin. -->","yoast_head_json":{"title":"Visite priv\u00e9e de Soho, de la Petite Italie et de Chinatown avec un guide local","description":"Pr\u00e9parez-vous \u00e0 explorer New York et ses quartiers historiques. Profitez de cette visite priv\u00e9e de Soho, de la Petite Italie et de Chinatown avec un expert local.","robots":{"index":"index","follow":"follow","max-snippet":"max-snippet:-1","max-image-preview":"max-image-preview:large","max-video-preview":"max-video-preview:-1"},"canonical":"https:\/\/tourtravelandmore.com\/fr\/tours\/etats-unis-fr\/new-york-fr\/visite-privee-a-pied-de-soho-de-la-petite-italie-et-de-chinatown\/","og_locale":"fr_FR","og_type":"article","og_title":"Visite priv\u00e9e \u00e0 pied de Soho, de la Petite Italie et de Chinatown","og_description":"Pr\u00e9parez-vous \u00e0 explorer New York et ses quartiers historiques. Profitez de cette visite priv\u00e9e de Soho, de la Petite Italie et de Chinatown avec un expert local.","og_url":"https:\/\/tourtravelandmore.com\/fr\/tours\/etats-unis-fr\/new-york-fr\/visite-privee-a-pied-de-soho-de-la-petite-italie-et-de-chinatown\/","og_site_name":"Tour Travel And More","article_publisher":"https:\/\/www.facebook.com\/tourtravelandmore\/","article_modified_time":"2024-07-29T17:23:46+00:00","og_image":[{"width":1024,"height":681,"url":"https:\/\/tourtravelandmore.com\/wp-content\/uploads\/2020\/01\/n36.jpg","type":"image\/jpeg"}],"twitter_card":"summary_large_image","twitter_site":"@TourTravel_More","twitter_misc":{"Dur\u00e9e de lecture estim\u00e9e":"3 minutes"},"schema":{"@context":"https:\/\/schema.org","@graph":[{"@type":"WebPage","@id":"https:\/\/tourtravelandmore.com\/fr\/tours\/etats-unis-fr\/new-york-fr\/visite-privee-a-pied-de-soho-de-la-petite-italie-et-de-chinatown\/","url":"https:\/\/tourtravelandmore.com\/fr\/tours\/etats-unis-fr\/new-york-fr\/visite-privee-a-pied-de-soho-de-la-petite-italie-et-de-chinatown\/","name":"Visite priv\u00e9e de Soho, de la Petite Italie et de Chinatown avec un guide local","isPartOf":{"@id":"https:\/\/tourtravelandmore.com\/fr\/#website"},"primaryImageOfPage":{"@id":"https:\/\/tourtravelandmore.com\/fr\/tours\/etats-unis-fr\/new-york-fr\/visite-privee-a-pied-de-soho-de-la-petite-italie-et-de-chinatown\/#primaryimage"},"image":{"@id":"https:\/\/tourtravelandmore.com\/fr\/tours\/etats-unis-fr\/new-york-fr\/visite-privee-a-pied-de-soho-de-la-petite-italie-et-de-chinatown\/#primaryimage"},"thumbnailUrl":"https:\/\/tourtravelandmore.com\/wp-content\/uploads\/2020\/01\/n36.jpg","datePublished":"2020-01-23T08:00:49+00:00","dateModified":"2024-07-29T17:23:46+00:00","description":"Pr\u00e9parez-vous \u00e0 explorer New York et ses quartiers historiques. Profitez de cette visite priv\u00e9e de Soho, de la Petite Italie et de Chinatown avec un expert local.","breadcrumb":{"@id":"https:\/\/tourtravelandmore.com\/fr\/tours\/etats-unis-fr\/new-york-fr\/visite-privee-a-pied-de-soho-de-la-petite-italie-et-de-chinatown\/#breadcrumb"},"inLanguage":"fr-FR","potentialAction":[{"@type":"ReadAction","target":["https:\/\/tourtravelandmore.com\/fr\/tours\/etats-unis-fr\/new-york-fr\/visite-privee-a-pied-de-soho-de-la-petite-italie-et-de-chinatown\/"]}]},{"@type":"ImageObject","inLanguage":"fr-FR","@id":"https:\/\/tourtravelandmore.com\/fr\/tours\/etats-unis-fr\/new-york-fr\/visite-privee-a-pied-de-soho-de-la-petite-italie-et-de-chinatown\/#primaryimage","url":"https:\/\/tourtravelandmore.com\/wp-content\/uploads\/2020\/01\/n36.jpg","contentUrl":"https:\/\/tourtravelandmore.com\/wp-content\/uploads\/2020\/01\/n36.jpg","width":1024,"height":681},{"@type":"BreadcrumbList","@id":"https:\/\/tourtravelandmore.com\/fr\/tours\/etats-unis-fr\/new-york-fr\/visite-privee-a-pied-de-soho-de-la-petite-italie-et-de-chinatown\/#breadcrumb","itemListElement":[{"@type":"ListItem","position":1,"name":"Home","item":"https:\/\/tourtravelandmore.com\/fr\/"},{"@type":"ListItem","position":2,"name":"Tours","item":"https:\/\/tourtravelandmore.com\/fr\/tours\/"},{"@type":"ListItem","position":3,"name":"Visite priv\u00e9e \u00e0 pied de Soho, de la Petite Italie et de Chinatown"}]},{"@type":"WebSite","@id":"https:\/\/tourtravelandmore.com\/fr\/#website","url":"https:\/\/tourtravelandmore.com\/fr\/","name":"Tour Travel And More","description":"Private sightseeing tours and luxury transfers in Spain","publisher":{"@id":"https:\/\/tourtravelandmore.com\/fr\/#organization"},"potentialAction":[{"@type":"SearchAction","target":{"@type":"EntryPoint","urlTemplate":"https:\/\/tourtravelandmore.com\/fr\/?s={search_term_string}"},"query-input":{"@type":"PropertyValueSpecification","valueRequired":true,"valueName":"search_term_string"}}],"inLanguage":"fr-FR"},{"@type":"Organization","@id":"https:\/\/tourtravelandmore.com\/fr\/#organization","name":"Tour Travel And More","url":"https:\/\/tourtravelandmore.com\/fr\/","logo":{"@type":"ImageObject","inLanguage":"fr-FR","@id":"https:\/\/tourtravelandmore.com\/fr\/#\/schema\/logo\/image\/","url":"https:\/\/tourtravelandmore.com\/wp-content\/uploads\/2022\/12\/cropped-logo-cabecera-new.png","contentUrl":"https:\/\/tourtravelandmore.com\/wp-content\/uploads\/2022\/12\/cropped-logo-cabecera-new.png","width":430,"height":61,"caption":"Tour Travel And More"},"image":{"@id":"https:\/\/tourtravelandmore.com\/fr\/#\/schema\/logo\/image\/"},"sameAs":["https:\/\/www.facebook.com\/tourtravelandmore\/","https:\/\/x.com\/TourTravel_More"]}]}},"_links":{"self":[{"href":"https:\/\/tourtravelandmore.com\/fr\/wp-json\/wp\/v2\/product\/93238","targetHints":{"allow":["GET"]}}],"collection":[{"href":"https:\/\/tourtravelandmore.com\/fr\/wp-json\/wp\/v2\/product"}],"about":[{"href":"https:\/\/tourtravelandmore.com\/fr\/wp-json\/wp\/v2\/types\/product"}],"replies":[{"embeddable":true,"href":"https:\/\/tourtravelandmore.com\/fr\/wp-json\/wp\/v2\/comments?post=93238"}],"wp:featuredmedia":[{"embeddable":true,"href":"https:\/\/tourtravelandmore.com\/fr\/wp-json\/wp\/v2\/media\/93239"}],"wp:attachment":[{"href":"https:\/\/tourtravelandmore.com\/fr\/wp-json\/wp\/v2\/media?parent=93238"}],"wp:term":[{"taxonomy":"product_brand","embeddable":true,"href":"https:\/\/tourtravelandmore.com\/fr\/wp-json\/wp\/v2\/product_brand?post=93238"},{"taxonomy":"product_cat","embeddable":true,"href":"https:\/\/tourtravelandmore.com\/fr\/wp-json\/wp\/v2\/product_cat?post=93238"},{"taxonomy":"product_tag","embeddable":true,"href":"https:\/\/tourtravelandmore.com\/fr\/wp-json\/wp\/v2\/product_tag?post=93238"}],"curies":[{"name":"wp","href":"https:\/\/api.w.org\/{rel}","templated":true}]}}