{"id":93225,"date":"2018-04-18T14:01:03","date_gmt":"2018-04-18T12:01:03","guid":{"rendered":"https:\/\/tourtravelandmore.com\/tours\/non%20class\u00e9\/visite-privee-de-paris-option-journee-complete\/"},"modified":"2024-08-06T16:29:47","modified_gmt":"2024-08-06T14:29:47","slug":"visite-privee-de-paris-option-journee-complete","status":"publish","type":"product","link":"https:\/\/tourtravelandmore.com\/fr\/tours\/france-fr\/paris-fr\/best-sellers\/visite-privee-de-paris-option-journee-complete\/","title":{"rendered":"Visite priv\u00e9e de Paris: option journ\u00e9e compl\u00e8te"},"content":{"rendered":"<h2>La description<\/h2>\n<p>Profitez au mieux de votre visite dans la capitale de la France et profitez d&#8217;une visite priv\u00e9e de Paris avec nous. Explorez Paris, la ville lumi\u00e8re, avec un expert local. Cette visite est faite sur mesure et ajustable selon vos go\u00fbts personnels.<\/p>\n<p>Tout d&#8217;abord, votre chauffeur et votre guide viendront vous chercher \u00e0 votre h\u00f4tel, appartement ou lieu de votre choix \u00e0 Paris. Apr\u00e8s cela, vous lancerez votre aventure d&#8217;une journ\u00e9e \u00e0 Paris. Notre proposition d&#8217;une journ\u00e9e compl\u00e8te dure 8 heures, mais la dur\u00e9e de la visite est ajustable \u00e0 votre d\u00e9sir. Cependant, si vous pr\u00e9f\u00e9rez une visite plus courte, vous pouvez consulter notre visite priv\u00e9e d&#8217;une demi-journ\u00e9e.<\/p>\n<p>Tous les circuits que nous proposons sont priv\u00e9s et faits sur mesure pour r\u00e9pondre aux d\u00e9sirs de nos clients. Nos experts en voyages vous aideront \u00e0 organiser une exp\u00e9rience unique. Contactez-nous et nous vous aiderons \u00e0 organiser une visite priv\u00e9e \u00e0 la hauteur de vos int\u00e9r\u00eats personnels.<\/p>\n<h2>Sites d&#8217;int\u00e9r\u00eat et monuments<\/h2>\n<p>Paris est l&#8217;une des villes les plus visit\u00e9es et les plus influentes au monde. Visiter la ville lumi\u00e8re vous \u00e9merveillera. Non seulement pour son architecture et ses lieux historiques, mais aussi pour son ambiance, son flair, sa gastronomie et son histoire. Le but de cette visite priv\u00e9e est de vous faire d\u00e9couvrir les secrets de Paris dans un contexte culturel, historique et artistique. Par cons\u00e9quent, votre guide officiel vous accompagne pendant toute l&#8217;exp\u00e9rience. En plus de votre guide, vous aurez un chauffeur professionnel priv\u00e9 \u00e0 votre disposition.<\/p>\n<p>Sites les plus repr\u00e9sentatifs et embl\u00e9matiques:<\/p>\n<ul>\n<li>Tour Eiffel: l&#8217;un des principaux monuments parisiens. Il a \u00e9t\u00e9 construit par Gustave Eiffel en 1889 pour comm\u00e9morer un si\u00e8cle de la r\u00e9volution fran\u00e7aise.<\/li>\n<li>Mus\u00e9e du Louvre: Le plus grand mus\u00e9e d&#8217;art du monde et le mus\u00e9e national de France.<\/li>\n<li>Mus\u00e9e d&#8217;Orsay: Ce mus\u00e9e pr\u00e9sente des collections d&#8217;art de la p\u00e9riode 1848 \u00e0 1914<\/li>\n<li>Op\u00e9ra Garnier: le berceau du ballet parisien<\/li>\n<li>Pont Neuf: Le plus ancien pont debout sur la Seine \u00e0 Paris.<\/li>\n<li>Cath\u00e9drale Notre-Dame: est consid\u00e9r\u00e9e comme l&#8217;une des cath\u00e9drales gothiques les plus c\u00e9l\u00e8bres du Moyen \u00c2ge.<\/li>\n<li>Arc de triomphe: Ce symbole embl\u00e9matique de Paris repr\u00e9sente les victoires de la France sous la houlette de Napol\u00e9on.<\/li>\n<li>Basilique du Sacr\u00e9 Coeur: Consacr\u00e9e en 1919, est l&#8217;un des monuments les plus embl\u00e9matiques de la ville.<\/li>\n<li>Tuileries et jardins du Luxembourg: les deux principaux parcs de Paris<\/li>\n<li>Place de la Concorde: Deuxi\u00e8me plus grande place de France, situ\u00e9e au bout des Champs Elys\u00e9es.<\/li>\n<li>Champs \u00c9lys\u00e9es: La route la plus connue de Paris, va de l&#8217;Arc de Triomphe \u00e0 la Place de la Concorde.<\/li>\n<li>Grand et Petit Palais: tous deux construits pour l&#8217;Exposition de 1900.<\/li>\n<li>Les Invalides: complexe du 17\u00e8me si\u00e8cle construit \u00e0 l&#8217;origine pour les v\u00e9t\u00e9rans handicap\u00e9s<\/li>\n<li>Quartier latin: l&#8217;un des quartiers les plus populaires de la ville. Plein de restaurants, caf\u00e9s et flair parisien<\/li>\n<li>Trocad\u00e9ro: Le quartier le plus \u00e9l\u00e9gant et classique de Paris, et le meilleur endroit pour voir la Tour Eiffel.<\/li>\n<li>Moulin Rouge: Le cabaret le plus c\u00e9l\u00e8bre du monde.<\/li>\n<li>Beaucoup plus!<\/li>\n<\/ul>\n<h3>Visite priv\u00e9e de Paris<\/h3>\n<p>Cette visite est priv\u00e9e et ajustable selon vos go\u00fbts personnels. Nos experts en voyages feront de leur mieux pour vous aider \u00e0 organiser une exp\u00e9rience inoubliable \u00e0 Paris. S&#8217;il vous pla\u00eet n&#8217;h\u00e9sitez pas \u00e0 nous contacter. En d&#8217;autres termes, nous sommes \u00e0 votre enti\u00e8re disposition.<\/p>\n<p>Au cours de notre option journ\u00e9e compl\u00e8te, une visite \u00e0 l&#8217;int\u00e9rieur d&#8217;un monument ou d&#8217;un mus\u00e9e est tr\u00e8s probable, mais pas obligatoire! Faites-le nous savoir \u00e0 l&#8217;avance et nous organiserons un acc\u00e8s coupe-file \u00e0 n&#8217;importe quel site de Paris.<\/p>\n<p>En conclusion, c&#8217;est une exp\u00e9rience sur mesure. L&#8217;heure de d\u00e9part, la dur\u00e9e et l&#8217;itin\u00e9raire sont totalement adaptables \u00e0 vos envies personnelles.<\/p>\n","protected":false},"excerpt":{"rendered":"<p>D\u00e9couvrez et explorez l&#8217;une des villes les plus visit\u00e9es et les plus belles du monde avec un expert local. Apprenez tout sur Paris lors d&#8217;une visite priv\u00e9e avec votre chauffeur priv\u00e9 et un guide touristique agr\u00e9\u00e9 distinct. Prise en charge et retour \u00e0 l&#8217;endroit souhait\u00e9.<\/p>\n","protected":false},"featured_media":93233,"comment_status":"open","ping_status":"closed","template":"","meta":{"_acf_changed":false},"product_brand":[],"product_cat":[3542,4202,4203,4288,4204],"product_tag":[],"class_list":{"0":"post-93225","1":"product","2":"type-product","3":"status-publish","4":"has-post-thumbnail","6":"product_cat-paris-fr","7":"product_cat-best-sellers","8":"product_cat-all-private-tours-and-activities-fr-100","9":"product_cat-private-sightseeing-tours-fr-7-paris-fr","10":"product_cat-private-day-trips-fr-3","12":"first","13":"instock","14":"shipping-taxable","15":"purchasable","16":"product-type-simple"},"acf":[],"yoast_head":"<!-- This site is optimized with the Yoast SEO Premium plugin v25.3.1 (Yoast SEO v25.3.1) - https:\/\/yoast.com\/wordpress\/plugins\/seo\/ -->\n<title>Visite priv\u00e9e de Paris avec guide officiel et chauffeur professionnel<\/title>\n<meta name=\"description\" content=\"D\u00e9couvrez et explorez l&#039;une des villes les plus visit\u00e9es et les plus belles du monde avec un expert local. Apprenez tout sur Paris avec cette visite priv\u00e9e\" \/>\n<meta name=\"robots\" content=\"index, follow, max-snippet:-1, max-image-preview:large, max-video-preview:-1\" \/>\n<link rel=\"canonical\" href=\"https:\/\/tourtravelandmore.com\/fr\/tours\/france-fr\/paris-fr\/best-sellers\/visite-privee-de-paris-option-journee-complete\/\" \/>\n<meta property=\"og:locale\" content=\"fr_FR\" \/>\n<meta property=\"og:type\" content=\"article\" \/>\n<meta property=\"og:title\" content=\"Visite priv\u00e9e de Paris: option journ\u00e9e compl\u00e8te\" \/>\n<meta property=\"og:description\" content=\"D\u00e9couvrez et explorez l&#039;une des villes les plus visit\u00e9es et les plus belles du monde avec un expert local. Apprenez tout sur Paris avec cette visite priv\u00e9e\" \/>\n<meta property=\"og:url\" content=\"https:\/\/tourtravelandmore.com\/fr\/tours\/france-fr\/paris-fr\/best-sellers\/visite-privee-de-paris-option-journee-complete\/\" \/>\n<meta property=\"og:site_name\" content=\"Tour Travel And More\" \/>\n<meta property=\"article:publisher\" content=\"https:\/\/www.facebook.com\/tourtravelandmore\/\" \/>\n<meta property=\"article:modified_time\" content=\"2024-08-06T14:29:47+00:00\" \/>\n<meta property=\"og:image\" content=\"https:\/\/tourtravelandmore.com\/wp-content\/uploads\/2018\/04\/CHAMPS-PARIS-1-min.jpg\" \/>\n\t<meta property=\"og:image:width\" content=\"1024\" \/>\n\t<meta property=\"og:image:height\" content=\"683\" \/>\n\t<meta property=\"og:image:type\" content=\"image\/jpeg\" \/>\n<meta name=\"twitter:card\" content=\"summary_large_image\" \/>\n<meta name=\"twitter:site\" content=\"@TourTravel_More\" \/>\n<meta name=\"twitter:label1\" content=\"Dur\u00e9e de lecture estim\u00e9e\" \/>\n\t<meta name=\"twitter:data1\" content=\"3 minutes\" \/>\n<script type=\"application\/ld+json\" class=\"yoast-schema-graph\">{\"@context\":\"https:\/\/schema.org\",\"@graph\":[{\"@type\":\"WebPage\",\"@id\":\"https:\/\/tourtravelandmore.com\/fr\/tours\/france-fr\/paris-fr\/best-sellers\/visite-privee-de-paris-option-journee-complete\/\",\"url\":\"https:\/\/tourtravelandmore.com\/fr\/tours\/france-fr\/paris-fr\/best-sellers\/visite-privee-de-paris-option-journee-complete\/\",\"name\":\"Visite priv\u00e9e de Paris avec guide officiel et chauffeur professionnel\",\"isPartOf\":{\"@id\":\"https:\/\/tourtravelandmore.com\/fr\/#website\"},\"primaryImageOfPage\":{\"@id\":\"https:\/\/tourtravelandmore.com\/fr\/tours\/france-fr\/paris-fr\/best-sellers\/visite-privee-de-paris-option-journee-complete\/#primaryimage\"},\"image\":{\"@id\":\"https:\/\/tourtravelandmore.com\/fr\/tours\/france-fr\/paris-fr\/best-sellers\/visite-privee-de-paris-option-journee-complete\/#primaryimage\"},\"thumbnailUrl\":\"https:\/\/tourtravelandmore.com\/wp-content\/uploads\/2018\/04\/CHAMPS-PARIS-1-min.jpg\",\"datePublished\":\"2018-04-18T12:01:03+00:00\",\"dateModified\":\"2024-08-06T14:29:47+00:00\",\"description\":\"D\u00e9couvrez et explorez l'une des villes les plus visit\u00e9es et les plus belles du monde avec un expert local. Apprenez tout sur Paris avec cette visite priv\u00e9e\",\"breadcrumb\":{\"@id\":\"https:\/\/tourtravelandmore.com\/fr\/tours\/france-fr\/paris-fr\/best-sellers\/visite-privee-de-paris-option-journee-complete\/#breadcrumb\"},\"inLanguage\":\"fr-FR\",\"potentialAction\":[{\"@type\":\"ReadAction\",\"target\":[\"https:\/\/tourtravelandmore.com\/fr\/tours\/france-fr\/paris-fr\/best-sellers\/visite-privee-de-paris-option-journee-complete\/\"]}]},{\"@type\":\"ImageObject\",\"inLanguage\":\"fr-FR\",\"@id\":\"https:\/\/tourtravelandmore.com\/fr\/tours\/france-fr\/paris-fr\/best-sellers\/visite-privee-de-paris-option-journee-complete\/#primaryimage\",\"url\":\"https:\/\/tourtravelandmore.com\/wp-content\/uploads\/2018\/04\/CHAMPS-PARIS-1-min.jpg\",\"contentUrl\":\"https:\/\/tourtravelandmore.com\/wp-content\/uploads\/2018\/04\/CHAMPS-PARIS-1-min.jpg\",\"width\":1024,\"height\":683},{\"@type\":\"BreadcrumbList\",\"@id\":\"https:\/\/tourtravelandmore.com\/fr\/tours\/france-fr\/paris-fr\/best-sellers\/visite-privee-de-paris-option-journee-complete\/#breadcrumb\",\"itemListElement\":[{\"@type\":\"ListItem\",\"position\":1,\"name\":\"Home\",\"item\":\"https:\/\/tourtravelandmore.com\/fr\/\"},{\"@type\":\"ListItem\",\"position\":2,\"name\":\"Tours\",\"item\":\"https:\/\/tourtravelandmore.com\/fr\/tours\/\"},{\"@type\":\"ListItem\",\"position\":3,\"name\":\"Visite priv\u00e9e de Paris: option journ\u00e9e compl\u00e8te\"}]},{\"@type\":\"WebSite\",\"@id\":\"https:\/\/tourtravelandmore.com\/fr\/#website\",\"url\":\"https:\/\/tourtravelandmore.com\/fr\/\",\"name\":\"Tour Travel And More\",\"description\":\"Private sightseeing tours and luxury transfers in Spain\",\"publisher\":{\"@id\":\"https:\/\/tourtravelandmore.com\/fr\/#organization\"},\"potentialAction\":[{\"@type\":\"SearchAction\",\"target\":{\"@type\":\"EntryPoint\",\"urlTemplate\":\"https:\/\/tourtravelandmore.com\/fr\/?s={search_term_string}\"},\"query-input\":{\"@type\":\"PropertyValueSpecification\",\"valueRequired\":true,\"valueName\":\"search_term_string\"}}],\"inLanguage\":\"fr-FR\"},{\"@type\":\"Organization\",\"@id\":\"https:\/\/tourtravelandmore.com\/fr\/#organization\",\"name\":\"Tour Travel And More\",\"url\":\"https:\/\/tourtravelandmore.com\/fr\/\",\"logo\":{\"@type\":\"ImageObject\",\"inLanguage\":\"fr-FR\",\"@id\":\"https:\/\/tourtravelandmore.com\/fr\/#\/schema\/logo\/image\/\",\"url\":\"https:\/\/tourtravelandmore.com\/wp-content\/uploads\/2022\/12\/cropped-logo-cabecera-new.png\",\"contentUrl\":\"https:\/\/tourtravelandmore.com\/wp-content\/uploads\/2022\/12\/cropped-logo-cabecera-new.png\",\"width\":430,\"height\":61,\"caption\":\"Tour Travel And More\"},\"image\":{\"@id\":\"https:\/\/tourtravelandmore.com\/fr\/#\/schema\/logo\/image\/\"},\"sameAs\":[\"https:\/\/www.facebook.com\/tourtravelandmore\/\",\"https:\/\/x.com\/TourTravel_More\"]}]}<\/script>\n<!-- \/ Yoast SEO Premium plugin. -->","yoast_head_json":{"title":"Visite priv\u00e9e de Paris avec guide officiel et chauffeur professionnel","description":"D\u00e9couvrez et explorez l'une des villes les plus visit\u00e9es et les plus belles du monde avec un expert local. Apprenez tout sur Paris avec cette visite priv\u00e9e","robots":{"index":"index","follow":"follow","max-snippet":"max-snippet:-1","max-image-preview":"max-image-preview:large","max-video-preview":"max-video-preview:-1"},"canonical":"https:\/\/tourtravelandmore.com\/fr\/tours\/france-fr\/paris-fr\/best-sellers\/visite-privee-de-paris-option-journee-complete\/","og_locale":"fr_FR","og_type":"article","og_title":"Visite priv\u00e9e de Paris: option journ\u00e9e compl\u00e8te","og_description":"D\u00e9couvrez et explorez l'une des villes les plus visit\u00e9es et les plus belles du monde avec un expert local. Apprenez tout sur Paris avec cette visite priv\u00e9e","og_url":"https:\/\/tourtravelandmore.com\/fr\/tours\/france-fr\/paris-fr\/best-sellers\/visite-privee-de-paris-option-journee-complete\/","og_site_name":"Tour Travel And More","article_publisher":"https:\/\/www.facebook.com\/tourtravelandmore\/","article_modified_time":"2024-08-06T14:29:47+00:00","og_image":[{"width":1024,"height":683,"url":"https:\/\/tourtravelandmore.com\/wp-content\/uploads\/2018\/04\/CHAMPS-PARIS-1-min.jpg","type":"image\/jpeg"}],"twitter_card":"summary_large_image","twitter_site":"@TourTravel_More","twitter_misc":{"Dur\u00e9e de lecture estim\u00e9e":"3 minutes"},"schema":{"@context":"https:\/\/schema.org","@graph":[{"@type":"WebPage","@id":"https:\/\/tourtravelandmore.com\/fr\/tours\/france-fr\/paris-fr\/best-sellers\/visite-privee-de-paris-option-journee-complete\/","url":"https:\/\/tourtravelandmore.com\/fr\/tours\/france-fr\/paris-fr\/best-sellers\/visite-privee-de-paris-option-journee-complete\/","name":"Visite priv\u00e9e de Paris avec guide officiel et chauffeur professionnel","isPartOf":{"@id":"https:\/\/tourtravelandmore.com\/fr\/#website"},"primaryImageOfPage":{"@id":"https:\/\/tourtravelandmore.com\/fr\/tours\/france-fr\/paris-fr\/best-sellers\/visite-privee-de-paris-option-journee-complete\/#primaryimage"},"image":{"@id":"https:\/\/tourtravelandmore.com\/fr\/tours\/france-fr\/paris-fr\/best-sellers\/visite-privee-de-paris-option-journee-complete\/#primaryimage"},"thumbnailUrl":"https:\/\/tourtravelandmore.com\/wp-content\/uploads\/2018\/04\/CHAMPS-PARIS-1-min.jpg","datePublished":"2018-04-18T12:01:03+00:00","dateModified":"2024-08-06T14:29:47+00:00","description":"D\u00e9couvrez et explorez l'une des villes les plus visit\u00e9es et les plus belles du monde avec un expert local. Apprenez tout sur Paris avec cette visite priv\u00e9e","breadcrumb":{"@id":"https:\/\/tourtravelandmore.com\/fr\/tours\/france-fr\/paris-fr\/best-sellers\/visite-privee-de-paris-option-journee-complete\/#breadcrumb"},"inLanguage":"fr-FR","potentialAction":[{"@type":"ReadAction","target":["https:\/\/tourtravelandmore.com\/fr\/tours\/france-fr\/paris-fr\/best-sellers\/visite-privee-de-paris-option-journee-complete\/"]}]},{"@type":"ImageObject","inLanguage":"fr-FR","@id":"https:\/\/tourtravelandmore.com\/fr\/tours\/france-fr\/paris-fr\/best-sellers\/visite-privee-de-paris-option-journee-complete\/#primaryimage","url":"https:\/\/tourtravelandmore.com\/wp-content\/uploads\/2018\/04\/CHAMPS-PARIS-1-min.jpg","contentUrl":"https:\/\/tourtravelandmore.com\/wp-content\/uploads\/2018\/04\/CHAMPS-PARIS-1-min.jpg","width":1024,"height":683},{"@type":"BreadcrumbList","@id":"https:\/\/tourtravelandmore.com\/fr\/tours\/france-fr\/paris-fr\/best-sellers\/visite-privee-de-paris-option-journee-complete\/#breadcrumb","itemListElement":[{"@type":"ListItem","position":1,"name":"Home","item":"https:\/\/tourtravelandmore.com\/fr\/"},{"@type":"ListItem","position":2,"name":"Tours","item":"https:\/\/tourtravelandmore.com\/fr\/tours\/"},{"@type":"ListItem","position":3,"name":"Visite priv\u00e9e de Paris: option journ\u00e9e compl\u00e8te"}]},{"@type":"WebSite","@id":"https:\/\/tourtravelandmore.com\/fr\/#website","url":"https:\/\/tourtravelandmore.com\/fr\/","name":"Tour Travel And More","description":"Private sightseeing tours and luxury transfers in Spain","publisher":{"@id":"https:\/\/tourtravelandmore.com\/fr\/#organization"},"potentialAction":[{"@type":"SearchAction","target":{"@type":"EntryPoint","urlTemplate":"https:\/\/tourtravelandmore.com\/fr\/?s={search_term_string}"},"query-input":{"@type":"PropertyValueSpecification","valueRequired":true,"valueName":"search_term_string"}}],"inLanguage":"fr-FR"},{"@type":"Organization","@id":"https:\/\/tourtravelandmore.com\/fr\/#organization","name":"Tour Travel And More","url":"https:\/\/tourtravelandmore.com\/fr\/","logo":{"@type":"ImageObject","inLanguage":"fr-FR","@id":"https:\/\/tourtravelandmore.com\/fr\/#\/schema\/logo\/image\/","url":"https:\/\/tourtravelandmore.com\/wp-content\/uploads\/2022\/12\/cropped-logo-cabecera-new.png","contentUrl":"https:\/\/tourtravelandmore.com\/wp-content\/uploads\/2022\/12\/cropped-logo-cabecera-new.png","width":430,"height":61,"caption":"Tour Travel And More"},"image":{"@id":"https:\/\/tourtravelandmore.com\/fr\/#\/schema\/logo\/image\/"},"sameAs":["https:\/\/www.facebook.com\/tourtravelandmore\/","https:\/\/x.com\/TourTravel_More"]}]}},"_links":{"self":[{"href":"https:\/\/tourtravelandmore.com\/fr\/wp-json\/wp\/v2\/product\/93225","targetHints":{"allow":["GET"]}}],"collection":[{"href":"https:\/\/tourtravelandmore.com\/fr\/wp-json\/wp\/v2\/product"}],"about":[{"href":"https:\/\/tourtravelandmore.com\/fr\/wp-json\/wp\/v2\/types\/product"}],"replies":[{"embeddable":true,"href":"https:\/\/tourtravelandmore.com\/fr\/wp-json\/wp\/v2\/comments?post=93225"}],"wp:featuredmedia":[{"embeddable":true,"href":"https:\/\/tourtravelandmore.com\/fr\/wp-json\/wp\/v2\/media\/93233"}],"wp:attachment":[{"href":"https:\/\/tourtravelandmore.com\/fr\/wp-json\/wp\/v2\/media?parent=93225"}],"wp:term":[{"taxonomy":"product_brand","embeddable":true,"href":"https:\/\/tourtravelandmore.com\/fr\/wp-json\/wp\/v2\/product_brand?post=93225"},{"taxonomy":"product_cat","embeddable":true,"href":"https:\/\/tourtravelandmore.com\/fr\/wp-json\/wp\/v2\/product_cat?post=93225"},{"taxonomy":"product_tag","embeddable":true,"href":"https:\/\/tourtravelandmore.com\/fr\/wp-json\/wp\/v2\/product_tag?post=93225"}],"curies":[{"name":"wp","href":"https:\/\/api.w.org\/{rel}","templated":true}]}}