{"id":93213,"date":"2020-05-12T13:44:43","date_gmt":"2020-05-12T11:44:43","guid":{"rendered":"https:\/\/tourtravelandmore.com\/tours\/non%20class\u00e9\/visite-privee-a-pied-de-pompei\/"},"modified":"2024-08-21T17:30:49","modified_gmt":"2024-08-21T15:30:49","slug":"visite-privee-a-pied-de-pompei","status":"publish","type":"product","link":"https:\/\/tourtravelandmore.com\/fr\/tours\/italie-fr\/naplespompei-fr\/all-private-tours-activities-fr-7-naplespompei-fr\/visite-privee-a-pied-de-pompei\/","title":{"rendered":"Visite priv\u00e9e \u00e0 pied de Pomp\u00e9i"},"content":{"rendered":"<h2><b>Visite priv\u00e9e \u00e0 pied de Pomp\u00e9i Description :<\/b><\/h2>\n<p><span style=\"font-weight: 400;\">Embarquez pour un voyage dans le temps avec notre visite priv\u00e9e \u00e0 pied de Pomp\u00e9i, d&#8217;une dur\u00e9e de 2,5 heures, o\u00f9 l&#8217;histoire n&#8217;est pas seulement apprise mais v\u00e9cue. Accompagn\u00e9 de votre guide officiel personnel, sp\u00e9cialis\u00e9 dans l&#8217;histoire et les ruines de Pomp\u00e9i, cette visite est une invitation \u00e0 p\u00e9n\u00e9trer dans le monde de la Rome antique.<\/span><\/p>\n<p><span style=\"font-weight: 400;\">Pomp\u00e9i, ville fig\u00e9e dans le temps, offre un aper\u00e7u unique du pass\u00e9, pr\u00e9serv\u00e9 sous les cendres volcaniques depuis la tristement c\u00e9l\u00e8bre \u00e9ruption du V\u00e9suve. Cet \u00e9v\u00e9nement catastrophique survenu en 79 apr\u00e8s J.-C., qui a marqu\u00e9 la premi\u00e8re catastrophe naturelle document\u00e9e de l&#8217;histoire, a paradoxalement sauvegard\u00e9 les tr\u00e9sors de la ville pendant des si\u00e8cles, jusqu&#8217;\u00e0 sa red\u00e9couverte au XVIIIe si\u00e8cle.<\/span><\/p>\n<p><span style=\"font-weight: 400;\">Il est int\u00e9ressant de noter que, dans l&#8217;Antiquit\u00e9, Pomp\u00e9i \u00e9tait davantage une destination touristique anim\u00e9e qu&#8217;un centre m\u00e9tropolitain. Bon nombre des structures aujourd&#8217;hui d\u00e9truites \u00e9taient autrefois de luxueuses r\u00e9sidences d&#8217;\u00e9t\u00e9 de l&#8217;\u00e9lite romaine. Aujourd&#8217;hui, ces ruines racontent des histoires de grandeur, de vie quotidienne et de destruction soudaine.<\/span><\/p>\n<p><span style=\"font-weight: 400;\">Notre visite promet une exp\u00e9rience immersive, vous permettant de marcher dans les rues de cette ville antique comme si vous \u00e9tiez un citoyen romain d&#8217;autrefois. Votre guide bien inform\u00e9 vous fera revivre l&#8217;histoire de Pomp\u00e9i et vous r\u00e9v\u00e9lera les secrets cach\u00e9s dans ses murs.<\/span><\/p>\n<p><span style=\"font-weight: 400;\">Pour ceux qui souhaitent une exploration plus approfondie, notre visite priv\u00e9e de Pomp\u00e9i au d\u00e9part de Naples comprend une prise en charge et un retour pratiques, prolongeant ainsi votre voyage dans le monde romain.<\/span><\/p>\n<p><span style=\"font-weight: 400;\">En serpentant dans les rues silencieuses et les ruines majestueuses de Pomp\u00e9i, vous verrez les vestiges de boulangeries, de boutiques de vin et de maisons, chacune offrant une fen\u00eatre sur les routines et les coutumes quotidiennes de ses anciens habitants. Les espaces publics bien pr\u00e9serv\u00e9s de la ville, comme le vaste amphith\u00e9\u00e2tre et le c\u0153ur politique du Forum, t\u00e9moignent de la planification urbaine avanc\u00e9e et de la vie sociale anim\u00e9e de l&#8217;\u00e9poque romaine. Votre guide \u00e9voquera \u00e9galement les contrastes fascinants entre les modes de vie des riches et des gens du peuple \u00e0 Pomp\u00e9i, offrant ainsi une compr\u00e9hension globale de la soci\u00e9t\u00e9 romaine.<\/span><\/p>\n<p><span style=\"font-weight: 400;\">En outre, cette visite offre une occasion unique de r\u00e9fl\u00e9chir \u00e0 la nature \u00e9ph\u00e9m\u00e8re de la vie et au pouvoir de la nature, comme le montre de mani\u00e8re frappante la fin soudaine de Pomp\u00e9i. C&#8217;est un rappel poignant de la fragilit\u00e9 et de la r\u00e9silience des civilisations humaines. En vous impr\u00e9gnant des histoires et de l&#8217;ambiance de cette ville autrefois florissante, vous appr\u00e9cierez davantage l&#8217;histoire et les le\u00e7ons qu&#8217;elle transmet. Rejoignez-nous pour ce voyage instructif \u00e0 travers l&#8217;un des tr\u00e9sors arch\u00e9ologiques les plus extraordinaires du monde.<\/span><\/p>\n<h2><b>Visite priv\u00e9e \u00e0 pied de Pomp\u00e9i &#8211; Points d&#8217;int\u00e9r\u00eat et monuments :<\/b><\/h2>\n<p><span style=\"font-weight: 400;\">Votre aventure commence \u00e0 la Porta Marina Superiore, o\u00f9 vous rencontrerez votre guide et recevrez vos billets pour ce site arch\u00e9ologique impressionnant.<\/span><\/p>\n<ul>\n<li style=\"font-weight: 400;\" aria-level=\"1\"><b>Rues anciennes :<\/b><span style=\"font-weight: 400;\"> En parcourant les anciennes rues pav\u00e9es, vous ferez l&#8217;exp\u00e9rience de la vie quotidienne de l&#8217;Empire romain. Le plan de la ville, avec ses b\u00e2timents publics et ses r\u00e9sidences priv\u00e9es, refl\u00e8te l&#8217;essence de l&#8217;urbanisme et de l&#8217;architecture romains.<\/span><\/li>\n<li style=\"font-weight: 400;\" aria-level=\"1\"><b>La Maison du Faune et la Maison du Po\u00e8te Tragique :<\/b><span style=\"font-weight: 400;\"> Explorez ces r\u00e9sidences renomm\u00e9es, qui donnent un aper\u00e7u du mode de vie luxueux des riches habitants de Pomp\u00e9i.<\/span><\/li>\n<li style=\"font-weight: 400;\" aria-level=\"1\"><b>Forum romain et thermes :<\/b><span style=\"font-weight: 400;\"> Voyagez au c\u0153ur de la vie publique de Pomp\u00e9i. Le forum \u00e9tait le centre des activit\u00e9s politiques, religieuses et sociales de la ville, tandis que les thermes t\u00e9moignent de l&#8217;engagement des Romains en faveur de la sant\u00e9 et des loisirs.<\/span><\/li>\n<li style=\"font-weight: 400;\" aria-level=\"1\"><b>Des fresques \u00e9clatantes <\/b><span style=\"font-weight: 400;\">: Admirez les magnifiques fresques qui ornent les murs de la ville et qui t\u00e9moignent de la ma\u00eetrise artistique de l&#8217;\u00e9poque. Ces peintures \u00e9clatantes offrent une fen\u00eatre color\u00e9e sur les pr\u00e9f\u00e9rences esth\u00e9tiques et la vie quotidienne des anciens Romains.<\/span><\/li>\n<li style=\"font-weight: 400;\" aria-level=\"1\"><b>Les c\u00e9l\u00e9brations de Vulcanalia :<\/b><span style=\"font-weight: 400;\"> D\u00e9couvrez l&#8217;intrigante co\u00efncidence entre l&#8217;\u00e9ruption du V\u00e9suve et les Vulcanalia, une f\u00eate en l&#8217;honneur de Vulcain, le dieu romain du feu. Cela ajoute une couche de mythe et de l\u00e9gende au destin tragique de la ville.<\/span><\/li>\n<li style=\"font-weight: 400;\" aria-level=\"1\"><b>Temple d&#8217;Apollon : <\/b><span style=\"font-weight: 400;\">Visitez l&#8217;un des sites religieux les plus anciens et les plus v\u00e9n\u00e9r\u00e9s de Pomp\u00e9i. Le temple d&#8217;Apollon, d\u00e9di\u00e9 au dieu romain du soleil, pr\u00e9sente une architecture complexe et d&#8217;importants objets religieux, qui donnent un aper\u00e7u de la vie spirituelle des anciens Romains.<\/span><\/li>\n<li style=\"font-weight: 400;\" aria-level=\"1\"><b>Les casernes de gladiateurs :<\/b><span style=\"font-weight: 400;\"> Explorez les vestiges des terrains d&#8217;entra\u00eenement des gladiateurs, un aspect crucial de la culture pomp\u00e9ienne. Ce site donne un aper\u00e7u de la vie des gladiateurs, de leur entra\u00eenement et du r\u00f4le qu&#8217;ils jouaient dans les divertissements publics.<\/span><\/li>\n<li style=\"font-weight: 400;\" aria-level=\"1\"><b>Jardin des Fugitifs :<\/b><span style=\"font-weight: 400;\"> Cette zone poignante pr\u00e9sente les moulages de victimes prises dans les cons\u00e9quences de l&#8217;\u00e9ruption. Il s&#8217;agit d&#8217;une exposition \u00e9mouvante qui capture les derniers instants des habitants de Pomp\u00e9i, rappelant de mani\u00e8re frappante la trag\u00e9die qui a frapp\u00e9 la ville.<\/span><\/li>\n<\/ul>\n<p><span style=\"font-weight: 400;\">D\u00e9couvrez la grandeur, la sophistication et la fin abrupte de cette ville remarquable, guid\u00e9s par les meilleurs conteurs. Laissez-nous vous transporter dans un monde \u00e0 la fois familier et totalement \u00e9tranger.<\/span><a href=\"https:\/\/tourtravelandmore.com\/fr\/city\/italie-fr\/naplespompei-fr\/\"><span style=\"font-weight: 400;\"> R\u00e9servez notre excursion et plongez dans l&#8217;un des r\u00e9cits les plus fascinants de l&#8217;histoire.<\/span><\/a><\/p>\n<p><em>note : le guide vous attend \u00e0 la Porta Marina superiore (Pomp\u00e9i)<\/em><\/p>\n<div id=\"gtx-trans\" style=\"position: absolute; left: -37px; top: 1480.66px;\">\n<div class=\"gtx-trans-icon\"><\/div>\n<\/div>\n","protected":false},"excerpt":{"rendered":"<p><span style=\"font-weight: 400;\">Le site Internet de la ville de Pomp\u00e9i a \u00e9t\u00e9 con\u00e7u pour r\u00e9pondre aux besoins des visiteurs et des visiteurs. D\u00e9couvrez ses rues, ses b\u00e2timents et ses histoires en compagnie d&#8217;un guide expert.<\/span><\/p>\n","protected":false},"featured_media":93214,"comment_status":"open","ping_status":"closed","template":"","meta":{"_acf_changed":false},"product_brand":[],"product_cat":[4370,3551],"product_tag":[],"class_list":{"0":"post-93213","1":"product","2":"type-product","3":"status-publish","4":"has-post-thumbnail","6":"product_cat-all-private-tours-activities-fr-7-naplespompei-fr","7":"product_cat-naplespompei-fr","9":"first","10":"instock","11":"shipping-taxable","12":"purchasable","13":"product-type-simple"},"acf":[],"yoast_head":"<!-- This site is optimized with the Yoast SEO Premium plugin v25.3.1 (Yoast SEO v25.3.1) - https:\/\/yoast.com\/wordpress\/plugins\/seo\/ -->\n<title>D\u00e9couvrez la Rome antique : Private Walking Tour of Pompeii<\/title>\n<meta name=\"description\" content=\"La visite \u00e0 pied de Pomp\u00e9i vous fera entrer dans l&#039;histoire. Explorez les rues, les maisons et les fresques anciennes en compagnie d&#039;un guide expert. Un voyage dans le temps.\" \/>\n<meta name=\"robots\" content=\"index, follow, max-snippet:-1, max-image-preview:large, max-video-preview:-1\" \/>\n<link rel=\"canonical\" href=\"https:\/\/tourtravelandmore.com\/fr\/tours\/italie-fr\/naplespompei-fr\/all-private-tours-activities-fr-7-naplespompei-fr\/visite-privee-a-pied-de-pompei\/\" \/>\n<meta property=\"og:locale\" content=\"fr_FR\" \/>\n<meta property=\"og:type\" content=\"article\" \/>\n<meta property=\"og:title\" content=\"Visite priv\u00e9e \u00e0 pied de Pomp\u00e9i\" \/>\n<meta property=\"og:description\" content=\"La visite \u00e0 pied de Pomp\u00e9i vous fera entrer dans l&#039;histoire. Explorez les rues, les maisons et les fresques anciennes en compagnie d&#039;un guide expert. Un voyage dans le temps.\" \/>\n<meta property=\"og:url\" content=\"https:\/\/tourtravelandmore.com\/fr\/tours\/italie-fr\/naplespompei-fr\/all-private-tours-activities-fr-7-naplespompei-fr\/visite-privee-a-pied-de-pompei\/\" \/>\n<meta property=\"og:site_name\" content=\"Tour Travel And More\" \/>\n<meta property=\"article:publisher\" content=\"https:\/\/www.facebook.com\/tourtravelandmore\/\" \/>\n<meta property=\"article:modified_time\" content=\"2024-08-21T15:30:49+00:00\" \/>\n<meta property=\"og:image\" content=\"https:\/\/tourtravelandmore.com\/wp-content\/uploads\/2020\/05\/excursion-pompeii-15100649391-1510582100-1510669423-1534931920.jpg\" \/>\n\t<meta property=\"og:image:width\" content=\"1680\" \/>\n\t<meta property=\"og:image:height\" content=\"770\" \/>\n\t<meta property=\"og:image:type\" content=\"image\/jpeg\" \/>\n<meta name=\"twitter:card\" content=\"summary_large_image\" \/>\n<meta name=\"twitter:site\" content=\"@TourTravel_More\" \/>\n<meta name=\"twitter:label1\" content=\"Dur\u00e9e de lecture estim\u00e9e\" \/>\n\t<meta name=\"twitter:data1\" content=\"4 minutes\" \/>\n<script type=\"application\/ld+json\" class=\"yoast-schema-graph\">{\"@context\":\"https:\/\/schema.org\",\"@graph\":[{\"@type\":\"WebPage\",\"@id\":\"https:\/\/tourtravelandmore.com\/fr\/tours\/italie-fr\/naplespompei-fr\/all-private-tours-activities-fr-7-naplespompei-fr\/visite-privee-a-pied-de-pompei\/\",\"url\":\"https:\/\/tourtravelandmore.com\/fr\/tours\/italie-fr\/naplespompei-fr\/all-private-tours-activities-fr-7-naplespompei-fr\/visite-privee-a-pied-de-pompei\/\",\"name\":\"D\u00e9couvrez la Rome antique : Private Walking Tour of Pompeii\",\"isPartOf\":{\"@id\":\"https:\/\/tourtravelandmore.com\/fr\/#website\"},\"primaryImageOfPage\":{\"@id\":\"https:\/\/tourtravelandmore.com\/fr\/tours\/italie-fr\/naplespompei-fr\/all-private-tours-activities-fr-7-naplespompei-fr\/visite-privee-a-pied-de-pompei\/#primaryimage\"},\"image\":{\"@id\":\"https:\/\/tourtravelandmore.com\/fr\/tours\/italie-fr\/naplespompei-fr\/all-private-tours-activities-fr-7-naplespompei-fr\/visite-privee-a-pied-de-pompei\/#primaryimage\"},\"thumbnailUrl\":\"https:\/\/tourtravelandmore.com\/wp-content\/uploads\/2020\/05\/excursion-pompeii-15100649391-1510582100-1510669423-1534931920.jpg\",\"datePublished\":\"2020-05-12T11:44:43+00:00\",\"dateModified\":\"2024-08-21T15:30:49+00:00\",\"description\":\"La visite \u00e0 pied de Pomp\u00e9i vous fera entrer dans l'histoire. Explorez les rues, les maisons et les fresques anciennes en compagnie d'un guide expert. Un voyage dans le temps.\",\"breadcrumb\":{\"@id\":\"https:\/\/tourtravelandmore.com\/fr\/tours\/italie-fr\/naplespompei-fr\/all-private-tours-activities-fr-7-naplespompei-fr\/visite-privee-a-pied-de-pompei\/#breadcrumb\"},\"inLanguage\":\"fr-FR\",\"potentialAction\":[{\"@type\":\"ReadAction\",\"target\":[\"https:\/\/tourtravelandmore.com\/fr\/tours\/italie-fr\/naplespompei-fr\/all-private-tours-activities-fr-7-naplespompei-fr\/visite-privee-a-pied-de-pompei\/\"]}]},{\"@type\":\"ImageObject\",\"inLanguage\":\"fr-FR\",\"@id\":\"https:\/\/tourtravelandmore.com\/fr\/tours\/italie-fr\/naplespompei-fr\/all-private-tours-activities-fr-7-naplespompei-fr\/visite-privee-a-pied-de-pompei\/#primaryimage\",\"url\":\"https:\/\/tourtravelandmore.com\/wp-content\/uploads\/2020\/05\/excursion-pompeii-15100649391-1510582100-1510669423-1534931920.jpg\",\"contentUrl\":\"https:\/\/tourtravelandmore.com\/wp-content\/uploads\/2020\/05\/excursion-pompeii-15100649391-1510582100-1510669423-1534931920.jpg\",\"width\":1680,\"height\":770},{\"@type\":\"BreadcrumbList\",\"@id\":\"https:\/\/tourtravelandmore.com\/fr\/tours\/italie-fr\/naplespompei-fr\/all-private-tours-activities-fr-7-naplespompei-fr\/visite-privee-a-pied-de-pompei\/#breadcrumb\",\"itemListElement\":[{\"@type\":\"ListItem\",\"position\":1,\"name\":\"Home\",\"item\":\"https:\/\/tourtravelandmore.com\/fr\/\"},{\"@type\":\"ListItem\",\"position\":2,\"name\":\"Tours\",\"item\":\"https:\/\/tourtravelandmore.com\/fr\/tours\/\"},{\"@type\":\"ListItem\",\"position\":3,\"name\":\"Visite priv\u00e9e \u00e0 pied de Pomp\u00e9i\"}]},{\"@type\":\"WebSite\",\"@id\":\"https:\/\/tourtravelandmore.com\/fr\/#website\",\"url\":\"https:\/\/tourtravelandmore.com\/fr\/\",\"name\":\"Tour Travel And More\",\"description\":\"Private sightseeing tours and luxury transfers in Spain\",\"publisher\":{\"@id\":\"https:\/\/tourtravelandmore.com\/fr\/#organization\"},\"potentialAction\":[{\"@type\":\"SearchAction\",\"target\":{\"@type\":\"EntryPoint\",\"urlTemplate\":\"https:\/\/tourtravelandmore.com\/fr\/?s={search_term_string}\"},\"query-input\":{\"@type\":\"PropertyValueSpecification\",\"valueRequired\":true,\"valueName\":\"search_term_string\"}}],\"inLanguage\":\"fr-FR\"},{\"@type\":\"Organization\",\"@id\":\"https:\/\/tourtravelandmore.com\/fr\/#organization\",\"name\":\"Tour Travel And More\",\"url\":\"https:\/\/tourtravelandmore.com\/fr\/\",\"logo\":{\"@type\":\"ImageObject\",\"inLanguage\":\"fr-FR\",\"@id\":\"https:\/\/tourtravelandmore.com\/fr\/#\/schema\/logo\/image\/\",\"url\":\"https:\/\/tourtravelandmore.com\/wp-content\/uploads\/2022\/12\/cropped-logo-cabecera-new.png\",\"contentUrl\":\"https:\/\/tourtravelandmore.com\/wp-content\/uploads\/2022\/12\/cropped-logo-cabecera-new.png\",\"width\":430,\"height\":61,\"caption\":\"Tour Travel And More\"},\"image\":{\"@id\":\"https:\/\/tourtravelandmore.com\/fr\/#\/schema\/logo\/image\/\"},\"sameAs\":[\"https:\/\/www.facebook.com\/tourtravelandmore\/\",\"https:\/\/x.com\/TourTravel_More\"]}]}<\/script>\n<!-- \/ Yoast SEO Premium plugin. -->","yoast_head_json":{"title":"D\u00e9couvrez la Rome antique : Private Walking Tour of Pompeii","description":"La visite \u00e0 pied de Pomp\u00e9i vous fera entrer dans l'histoire. Explorez les rues, les maisons et les fresques anciennes en compagnie d'un guide expert. Un voyage dans le temps.","robots":{"index":"index","follow":"follow","max-snippet":"max-snippet:-1","max-image-preview":"max-image-preview:large","max-video-preview":"max-video-preview:-1"},"canonical":"https:\/\/tourtravelandmore.com\/fr\/tours\/italie-fr\/naplespompei-fr\/all-private-tours-activities-fr-7-naplespompei-fr\/visite-privee-a-pied-de-pompei\/","og_locale":"fr_FR","og_type":"article","og_title":"Visite priv\u00e9e \u00e0 pied de Pomp\u00e9i","og_description":"La visite \u00e0 pied de Pomp\u00e9i vous fera entrer dans l'histoire. Explorez les rues, les maisons et les fresques anciennes en compagnie d'un guide expert. Un voyage dans le temps.","og_url":"https:\/\/tourtravelandmore.com\/fr\/tours\/italie-fr\/naplespompei-fr\/all-private-tours-activities-fr-7-naplespompei-fr\/visite-privee-a-pied-de-pompei\/","og_site_name":"Tour Travel And More","article_publisher":"https:\/\/www.facebook.com\/tourtravelandmore\/","article_modified_time":"2024-08-21T15:30:49+00:00","og_image":[{"width":1680,"height":770,"url":"https:\/\/tourtravelandmore.com\/wp-content\/uploads\/2020\/05\/excursion-pompeii-15100649391-1510582100-1510669423-1534931920.jpg","type":"image\/jpeg"}],"twitter_card":"summary_large_image","twitter_site":"@TourTravel_More","twitter_misc":{"Dur\u00e9e de lecture estim\u00e9e":"4 minutes"},"schema":{"@context":"https:\/\/schema.org","@graph":[{"@type":"WebPage","@id":"https:\/\/tourtravelandmore.com\/fr\/tours\/italie-fr\/naplespompei-fr\/all-private-tours-activities-fr-7-naplespompei-fr\/visite-privee-a-pied-de-pompei\/","url":"https:\/\/tourtravelandmore.com\/fr\/tours\/italie-fr\/naplespompei-fr\/all-private-tours-activities-fr-7-naplespompei-fr\/visite-privee-a-pied-de-pompei\/","name":"D\u00e9couvrez la Rome antique : Private Walking Tour of Pompeii","isPartOf":{"@id":"https:\/\/tourtravelandmore.com\/fr\/#website"},"primaryImageOfPage":{"@id":"https:\/\/tourtravelandmore.com\/fr\/tours\/italie-fr\/naplespompei-fr\/all-private-tours-activities-fr-7-naplespompei-fr\/visite-privee-a-pied-de-pompei\/#primaryimage"},"image":{"@id":"https:\/\/tourtravelandmore.com\/fr\/tours\/italie-fr\/naplespompei-fr\/all-private-tours-activities-fr-7-naplespompei-fr\/visite-privee-a-pied-de-pompei\/#primaryimage"},"thumbnailUrl":"https:\/\/tourtravelandmore.com\/wp-content\/uploads\/2020\/05\/excursion-pompeii-15100649391-1510582100-1510669423-1534931920.jpg","datePublished":"2020-05-12T11:44:43+00:00","dateModified":"2024-08-21T15:30:49+00:00","description":"La visite \u00e0 pied de Pomp\u00e9i vous fera entrer dans l'histoire. Explorez les rues, les maisons et les fresques anciennes en compagnie d'un guide expert. Un voyage dans le temps.","breadcrumb":{"@id":"https:\/\/tourtravelandmore.com\/fr\/tours\/italie-fr\/naplespompei-fr\/all-private-tours-activities-fr-7-naplespompei-fr\/visite-privee-a-pied-de-pompei\/#breadcrumb"},"inLanguage":"fr-FR","potentialAction":[{"@type":"ReadAction","target":["https:\/\/tourtravelandmore.com\/fr\/tours\/italie-fr\/naplespompei-fr\/all-private-tours-activities-fr-7-naplespompei-fr\/visite-privee-a-pied-de-pompei\/"]}]},{"@type":"ImageObject","inLanguage":"fr-FR","@id":"https:\/\/tourtravelandmore.com\/fr\/tours\/italie-fr\/naplespompei-fr\/all-private-tours-activities-fr-7-naplespompei-fr\/visite-privee-a-pied-de-pompei\/#primaryimage","url":"https:\/\/tourtravelandmore.com\/wp-content\/uploads\/2020\/05\/excursion-pompeii-15100649391-1510582100-1510669423-1534931920.jpg","contentUrl":"https:\/\/tourtravelandmore.com\/wp-content\/uploads\/2020\/05\/excursion-pompeii-15100649391-1510582100-1510669423-1534931920.jpg","width":1680,"height":770},{"@type":"BreadcrumbList","@id":"https:\/\/tourtravelandmore.com\/fr\/tours\/italie-fr\/naplespompei-fr\/all-private-tours-activities-fr-7-naplespompei-fr\/visite-privee-a-pied-de-pompei\/#breadcrumb","itemListElement":[{"@type":"ListItem","position":1,"name":"Home","item":"https:\/\/tourtravelandmore.com\/fr\/"},{"@type":"ListItem","position":2,"name":"Tours","item":"https:\/\/tourtravelandmore.com\/fr\/tours\/"},{"@type":"ListItem","position":3,"name":"Visite priv\u00e9e \u00e0 pied de Pomp\u00e9i"}]},{"@type":"WebSite","@id":"https:\/\/tourtravelandmore.com\/fr\/#website","url":"https:\/\/tourtravelandmore.com\/fr\/","name":"Tour Travel And More","description":"Private sightseeing tours and luxury transfers in Spain","publisher":{"@id":"https:\/\/tourtravelandmore.com\/fr\/#organization"},"potentialAction":[{"@type":"SearchAction","target":{"@type":"EntryPoint","urlTemplate":"https:\/\/tourtravelandmore.com\/fr\/?s={search_term_string}"},"query-input":{"@type":"PropertyValueSpecification","valueRequired":true,"valueName":"search_term_string"}}],"inLanguage":"fr-FR"},{"@type":"Organization","@id":"https:\/\/tourtravelandmore.com\/fr\/#organization","name":"Tour Travel And More","url":"https:\/\/tourtravelandmore.com\/fr\/","logo":{"@type":"ImageObject","inLanguage":"fr-FR","@id":"https:\/\/tourtravelandmore.com\/fr\/#\/schema\/logo\/image\/","url":"https:\/\/tourtravelandmore.com\/wp-content\/uploads\/2022\/12\/cropped-logo-cabecera-new.png","contentUrl":"https:\/\/tourtravelandmore.com\/wp-content\/uploads\/2022\/12\/cropped-logo-cabecera-new.png","width":430,"height":61,"caption":"Tour Travel And More"},"image":{"@id":"https:\/\/tourtravelandmore.com\/fr\/#\/schema\/logo\/image\/"},"sameAs":["https:\/\/www.facebook.com\/tourtravelandmore\/","https:\/\/x.com\/TourTravel_More"]}]}},"_links":{"self":[{"href":"https:\/\/tourtravelandmore.com\/fr\/wp-json\/wp\/v2\/product\/93213","targetHints":{"allow":["GET"]}}],"collection":[{"href":"https:\/\/tourtravelandmore.com\/fr\/wp-json\/wp\/v2\/product"}],"about":[{"href":"https:\/\/tourtravelandmore.com\/fr\/wp-json\/wp\/v2\/types\/product"}],"replies":[{"embeddable":true,"href":"https:\/\/tourtravelandmore.com\/fr\/wp-json\/wp\/v2\/comments?post=93213"}],"wp:featuredmedia":[{"embeddable":true,"href":"https:\/\/tourtravelandmore.com\/fr\/wp-json\/wp\/v2\/media\/93214"}],"wp:attachment":[{"href":"https:\/\/tourtravelandmore.com\/fr\/wp-json\/wp\/v2\/media?parent=93213"}],"wp:term":[{"taxonomy":"product_brand","embeddable":true,"href":"https:\/\/tourtravelandmore.com\/fr\/wp-json\/wp\/v2\/product_brand?post=93213"},{"taxonomy":"product_cat","embeddable":true,"href":"https:\/\/tourtravelandmore.com\/fr\/wp-json\/wp\/v2\/product_cat?post=93213"},{"taxonomy":"product_tag","embeddable":true,"href":"https:\/\/tourtravelandmore.com\/fr\/wp-json\/wp\/v2\/product_tag?post=93213"}],"curies":[{"name":"wp","href":"https:\/\/api.w.org\/{rel}","templated":true}]}}