{"id":93203,"date":"2019-03-25T12:30:51","date_gmt":"2019-03-25T11:30:51","guid":{"rendered":"https:\/\/tourtravelandmore.com\/tours\/non%20class\u00e9\/visite-privee-de-londres\/"},"modified":"2024-04-04T14:58:44","modified_gmt":"2024-04-04T12:58:44","slug":"visite-privee-de-londres-avec-guide-et-vehicule","status":"publish","type":"product","link":"https:\/\/tourtravelandmore.com\/fr\/tours\/royaume-uni-fr\/londres-fr\/toutes-les-visites-et-activites-privees-fr-2\/visite-privee-de-londres-avec-guide-et-vehicule\/","title":{"rendered":"Visite priv\u00e9e de Londres avec guide et v\u00e9hicule"},"content":{"rendered":"<h2>Description de la visite priv\u00e9e de Londres avec guide et v\u00e9hicule<\/h2>\n<p>Bienvenue \u00e0 notre visite priv\u00e9e exclusive de Londres avec guide et v\u00e9hicule, une exploration luxueuse et personnalis\u00e9e de cette ville embl\u00e9matique. Chez Tour Travel &amp; More, nous sommes fiers de proposer des exp\u00e9riences inoubliables, et cette visite de 4 heures est con\u00e7ue pour vous plonger dans le meilleur de l&#8217;histoire, de la culture et des sites de Londres.<\/p>\n<p>Embarquez pour un voyage pas comme les autres en \u00e9tant accueilli par votre guide professionnel et votre v\u00e9hicule priv\u00e9 avec chauffeur. Votre aventure commence par une prise en charge en douceur \u00e0 votre h\u00f4tel ou \u00e0 l&#8217;endroit de votre choix. Nous vous garantissons confort et commodit\u00e9 du d\u00e9but \u00e0 la fin.<\/p>\n<p>Tout au long de votre voyage, votre guide bien inform\u00e9 partagera des histoires captivantes, des aper\u00e7us historiques et des conseils d&#8217;initi\u00e9s, enrichissant votre compr\u00e9hension du pass\u00e9 et du pr\u00e9sent de Londres. Cette visite priv\u00e9e garantit la flexibilit\u00e9 de votre itin\u00e9raire, vous permettant de vous attarder dans vos endroits pr\u00e9f\u00e9r\u00e9s et de personnaliser l&#8217;exp\u00e9rience en fonction de vos pr\u00e9f\u00e9rences.<\/p>\n<p>\u00c0 la fin de la visite, la voiture priv\u00e9e vous ram\u00e8nera \u00e0 l&#8217;endroit de votre choix.<\/p>\n<h2><b>Points forts de la visite guid\u00e9e priv\u00e9e de Londres avec guide et v\u00e9hicule<\/b><\/h2>\n<p>Londres est l&#8217;une des villes les plus fascinantes et les plus diversifi\u00e9es au monde. C&#8217;est un endroit fascinant qui offre quelque chose \u00e0 tous ceux qui le visitent. Nous savons qu&#8217;il n&#8217;y a pas de temps \u00e0 perdre lorsque vous visitez cette ville merveilleuse.<\/p>\n<p>Lorsque vous rencontrerez votre guide priv\u00e9, vous commencerez une grande aventure en visitant les points d&#8217;int\u00e9r\u00eat suivants :<\/p>\n<ul>\n<li><strong>Buckingham Palace :<\/strong> \u00c9merveillez-vous devant la grandeur de la r\u00e9sidence officielle du monarque britannique. Assistez \u00e0 la c\u00e9r\u00e9monie de la rel\u00e8ve de la garde depuis l&#8217;ext\u00e9rieur des portes du palais.<\/li>\n<li><strong>Abbaye de Westminster :<\/strong> Admirez l&#8217;\u00e9tonnante architecture gothique et d\u00e9couvrez l&#8217;histoire de cette abbaye embl\u00e9matique de l&#8217;ext\u00e9rieur. Elle joue notamment un r\u00f4le dans les c\u00e9r\u00e9monies royales et sert de lieu de s\u00e9pulture aux monarques britanniques.<\/li>\n<li><strong>Big Ben et les Chambres du Parlement :<\/strong> Prenez des photos m\u00e9morables de ces monuments embl\u00e9matiques. Connus dans le monde entier pour leur architecture saisissante et leur importance historique, depuis l&#8217;autre c\u00f4t\u00e9 de la Tamise.<\/li>\n<li><strong>Tour de Londres :<\/strong> Explorez l&#8217;ext\u00e9rieur de cette ancienne forteresse et \u00e9coutez les r\u00e9cits captivants de votre guide sur son histoire tumultueuse. Admirez l&#8217;impressionnante structure de l&#8217;ext\u00e9rieur.<\/li>\n<li><strong>Cath\u00e9drale Saint-Paul :<\/strong> Admirez la beaut\u00e9 ext\u00e9rieure du chef-d&#8217;\u0153uvre de Sir Christopher Wren, la cath\u00e9drale Saint-Paul. Votre guide vous expliquera son importance architecturale et les \u00e9v\u00e9nements historiques qui s&#8217;y sont d\u00e9roul\u00e9s.<\/li>\n<li><strong>Covent Garden :<\/strong> Terminez votre visite par une promenade dans Covent Garden, en vous impr\u00e9gnant de l&#8217;atmosph\u00e8re anim\u00e9e et des spectacles de rue de ce quartier embl\u00e9matique.<\/li>\n<\/ul>\n<p>Enfin, la voiture priv\u00e9e vous conduira \u00e0 un point convenu pour poursuivre votre visite de Londres.<\/p>\n<p><span style=\"font-weight: 400;\">Si vous \u00eates un fan d&#8217;Harry Potter, profitez de votre s\u00e9jour \u00e0 Londres pour voir les d\u00e9cors originaux des huit films Harry Potter lors de notre <a href=\"https:\/\/tourtravelandmore.com\/fr\/tours\/royaume-uni-fr\/londres-fr\/toutes-les-visites-et-activites-privees-fr-2\/visite-guidee-de-harry-potter-aux-studios-warner\/\">visite Harry Potter aux studios Warner.<\/a><\/span><\/p>\n","protected":false},"excerpt":{"rendered":"<p>Bienvenue \u00e0 notre visite priv\u00e9e exclusive de Londres avec guide et v\u00e9hicule, une exploration luxueuse et personnalis\u00e9e de cette ville embl\u00e9matique. Chez Tour Travel &amp; More, nous sommes fiers de proposer des exp\u00e9riences inoubliables, et cette visite de 4 heures est con\u00e7ue pour vous plonger dans le meilleur de l&#8217;histoire, de la culture et des sites de Londres.<\/p>\n","protected":false},"featured_media":93204,"comment_status":"open","ping_status":"closed","template":"","meta":{"_acf_changed":false},"product_brand":[],"product_cat":[3545,3546,4117,4118],"product_tag":[],"class_list":{"0":"post-93203","1":"product","2":"type-product","3":"status-publish","4":"has-post-thumbnail","6":"product_cat-royaume-uni-fr","7":"product_cat-londres-fr","8":"product_cat-toutes-les-visites-et-activites-privees-fr-2","9":"product_cat-visites-touristiques","11":"first","12":"instock","13":"shipping-taxable","14":"purchasable","15":"product-type-simple"},"acf":[],"yoast_head":"<!-- This site is optimized with the Yoast SEO Premium plugin v25.3.1 (Yoast SEO v25.3.1) - https:\/\/yoast.com\/wordpress\/plugins\/seo\/ -->\n<title>\u27a1\ufe0f Visite priv\u00e9e de Londres avec guide et v\u00e9hicule | TT&amp;M<\/title>\n<meta name=\"description\" content=\"Visite priv\u00e9e de Londres avec guide et v\u00e9hicule ! Accompagn\u00e9 d&#039;un guide officiel priv\u00e9 et avec un transfert dans une voiture de luxe confortable \u2705.\" \/>\n<meta name=\"robots\" content=\"index, follow, max-snippet:-1, max-image-preview:large, max-video-preview:-1\" \/>\n<link rel=\"canonical\" href=\"https:\/\/tourtravelandmore.com\/fr\/tours\/royaume-uni-fr\/londres-fr\/toutes-les-visites-et-activites-privees-fr-2\/visite-privee-de-londres-avec-guide-et-vehicule\/\" \/>\n<meta property=\"og:locale\" content=\"fr_FR\" \/>\n<meta property=\"og:type\" content=\"article\" \/>\n<meta property=\"og:title\" content=\"Visite priv\u00e9e de Londres avec guide et v\u00e9hicule\" \/>\n<meta property=\"og:description\" content=\"Visite priv\u00e9e de Londres avec guide et v\u00e9hicule ! Accompagn\u00e9 d&#039;un guide officiel priv\u00e9 et avec un transfert dans une voiture de luxe confortable \u2705.\" \/>\n<meta property=\"og:url\" content=\"https:\/\/tourtravelandmore.com\/fr\/tours\/royaume-uni-fr\/londres-fr\/toutes-les-visites-et-activites-privees-fr-2\/visite-privee-de-londres-avec-guide-et-vehicule\/\" \/>\n<meta property=\"og:site_name\" content=\"Tour Travel And More\" \/>\n<meta property=\"article:publisher\" content=\"https:\/\/www.facebook.com\/tourtravelandmore\/\" \/>\n<meta property=\"article:modified_time\" content=\"2024-04-04T12:58:44+00:00\" \/>\n<meta property=\"og:image\" content=\"https:\/\/tourtravelandmore.com\/wp-content\/uploads\/2019\/03\/london-2393098_960_720.jpg\" \/>\n\t<meta property=\"og:image:width\" content=\"960\" \/>\n\t<meta property=\"og:image:height\" content=\"660\" \/>\n\t<meta property=\"og:image:type\" content=\"image\/jpeg\" \/>\n<meta name=\"twitter:card\" content=\"summary_large_image\" \/>\n<meta name=\"twitter:site\" content=\"@TourTravel_More\" \/>\n<meta name=\"twitter:label1\" content=\"Dur\u00e9e de lecture estim\u00e9e\" \/>\n\t<meta name=\"twitter:data1\" content=\"3 minutes\" \/>\n<script type=\"application\/ld+json\" class=\"yoast-schema-graph\">{\"@context\":\"https:\/\/schema.org\",\"@graph\":[{\"@type\":\"WebPage\",\"@id\":\"https:\/\/tourtravelandmore.com\/fr\/tours\/royaume-uni-fr\/londres-fr\/toutes-les-visites-et-activites-privees-fr-2\/visite-privee-de-londres-avec-guide-et-vehicule\/\",\"url\":\"https:\/\/tourtravelandmore.com\/fr\/tours\/royaume-uni-fr\/londres-fr\/toutes-les-visites-et-activites-privees-fr-2\/visite-privee-de-londres-avec-guide-et-vehicule\/\",\"name\":\"\u27a1\ufe0f Visite priv\u00e9e de Londres avec guide et v\u00e9hicule | TT&M\",\"isPartOf\":{\"@id\":\"https:\/\/tourtravelandmore.com\/fr\/#website\"},\"primaryImageOfPage\":{\"@id\":\"https:\/\/tourtravelandmore.com\/fr\/tours\/royaume-uni-fr\/londres-fr\/toutes-les-visites-et-activites-privees-fr-2\/visite-privee-de-londres-avec-guide-et-vehicule\/#primaryimage\"},\"image\":{\"@id\":\"https:\/\/tourtravelandmore.com\/fr\/tours\/royaume-uni-fr\/londres-fr\/toutes-les-visites-et-activites-privees-fr-2\/visite-privee-de-londres-avec-guide-et-vehicule\/#primaryimage\"},\"thumbnailUrl\":\"https:\/\/tourtravelandmore.com\/wp-content\/uploads\/2019\/03\/london-2393098_960_720.jpg\",\"datePublished\":\"2019-03-25T11:30:51+00:00\",\"dateModified\":\"2024-04-04T12:58:44+00:00\",\"description\":\"Visite priv\u00e9e de Londres avec guide et v\u00e9hicule ! Accompagn\u00e9 d'un guide officiel priv\u00e9 et avec un transfert dans une voiture de luxe confortable \u2705.\",\"breadcrumb\":{\"@id\":\"https:\/\/tourtravelandmore.com\/fr\/tours\/royaume-uni-fr\/londres-fr\/toutes-les-visites-et-activites-privees-fr-2\/visite-privee-de-londres-avec-guide-et-vehicule\/#breadcrumb\"},\"inLanguage\":\"fr-FR\",\"potentialAction\":[{\"@type\":\"ReadAction\",\"target\":[\"https:\/\/tourtravelandmore.com\/fr\/tours\/royaume-uni-fr\/londres-fr\/toutes-les-visites-et-activites-privees-fr-2\/visite-privee-de-londres-avec-guide-et-vehicule\/\"]}]},{\"@type\":\"ImageObject\",\"inLanguage\":\"fr-FR\",\"@id\":\"https:\/\/tourtravelandmore.com\/fr\/tours\/royaume-uni-fr\/londres-fr\/toutes-les-visites-et-activites-privees-fr-2\/visite-privee-de-londres-avec-guide-et-vehicule\/#primaryimage\",\"url\":\"https:\/\/tourtravelandmore.com\/wp-content\/uploads\/2019\/03\/london-2393098_960_720.jpg\",\"contentUrl\":\"https:\/\/tourtravelandmore.com\/wp-content\/uploads\/2019\/03\/london-2393098_960_720.jpg\",\"width\":960,\"height\":660},{\"@type\":\"BreadcrumbList\",\"@id\":\"https:\/\/tourtravelandmore.com\/fr\/tours\/royaume-uni-fr\/londres-fr\/toutes-les-visites-et-activites-privees-fr-2\/visite-privee-de-londres-avec-guide-et-vehicule\/#breadcrumb\",\"itemListElement\":[{\"@type\":\"ListItem\",\"position\":1,\"name\":\"Home\",\"item\":\"https:\/\/tourtravelandmore.com\/fr\/\"},{\"@type\":\"ListItem\",\"position\":2,\"name\":\"Tours\",\"item\":\"https:\/\/tourtravelandmore.com\/fr\/tours\/\"},{\"@type\":\"ListItem\",\"position\":3,\"name\":\"Visite priv\u00e9e de Londres avec guide et v\u00e9hicule\"}]},{\"@type\":\"WebSite\",\"@id\":\"https:\/\/tourtravelandmore.com\/fr\/#website\",\"url\":\"https:\/\/tourtravelandmore.com\/fr\/\",\"name\":\"Tour Travel And More\",\"description\":\"Private sightseeing tours and luxury transfers in Spain\",\"publisher\":{\"@id\":\"https:\/\/tourtravelandmore.com\/fr\/#organization\"},\"potentialAction\":[{\"@type\":\"SearchAction\",\"target\":{\"@type\":\"EntryPoint\",\"urlTemplate\":\"https:\/\/tourtravelandmore.com\/fr\/?s={search_term_string}\"},\"query-input\":{\"@type\":\"PropertyValueSpecification\",\"valueRequired\":true,\"valueName\":\"search_term_string\"}}],\"inLanguage\":\"fr-FR\"},{\"@type\":\"Organization\",\"@id\":\"https:\/\/tourtravelandmore.com\/fr\/#organization\",\"name\":\"Tour Travel And More\",\"url\":\"https:\/\/tourtravelandmore.com\/fr\/\",\"logo\":{\"@type\":\"ImageObject\",\"inLanguage\":\"fr-FR\",\"@id\":\"https:\/\/tourtravelandmore.com\/fr\/#\/schema\/logo\/image\/\",\"url\":\"https:\/\/tourtravelandmore.com\/wp-content\/uploads\/2022\/12\/cropped-logo-cabecera-new.png\",\"contentUrl\":\"https:\/\/tourtravelandmore.com\/wp-content\/uploads\/2022\/12\/cropped-logo-cabecera-new.png\",\"width\":430,\"height\":61,\"caption\":\"Tour Travel And More\"},\"image\":{\"@id\":\"https:\/\/tourtravelandmore.com\/fr\/#\/schema\/logo\/image\/\"},\"sameAs\":[\"https:\/\/www.facebook.com\/tourtravelandmore\/\",\"https:\/\/x.com\/TourTravel_More\"]}]}<\/script>\n<!-- \/ Yoast SEO Premium plugin. -->","yoast_head_json":{"title":"\u27a1\ufe0f Visite priv\u00e9e de Londres avec guide et v\u00e9hicule | TT&M","description":"Visite priv\u00e9e de Londres avec guide et v\u00e9hicule ! Accompagn\u00e9 d'un guide officiel priv\u00e9 et avec un transfert dans une voiture de luxe confortable \u2705.","robots":{"index":"index","follow":"follow","max-snippet":"max-snippet:-1","max-image-preview":"max-image-preview:large","max-video-preview":"max-video-preview:-1"},"canonical":"https:\/\/tourtravelandmore.com\/fr\/tours\/royaume-uni-fr\/londres-fr\/toutes-les-visites-et-activites-privees-fr-2\/visite-privee-de-londres-avec-guide-et-vehicule\/","og_locale":"fr_FR","og_type":"article","og_title":"Visite priv\u00e9e de Londres avec guide et v\u00e9hicule","og_description":"Visite priv\u00e9e de Londres avec guide et v\u00e9hicule ! Accompagn\u00e9 d'un guide officiel priv\u00e9 et avec un transfert dans une voiture de luxe confortable \u2705.","og_url":"https:\/\/tourtravelandmore.com\/fr\/tours\/royaume-uni-fr\/londres-fr\/toutes-les-visites-et-activites-privees-fr-2\/visite-privee-de-londres-avec-guide-et-vehicule\/","og_site_name":"Tour Travel And More","article_publisher":"https:\/\/www.facebook.com\/tourtravelandmore\/","article_modified_time":"2024-04-04T12:58:44+00:00","og_image":[{"width":960,"height":660,"url":"https:\/\/tourtravelandmore.com\/wp-content\/uploads\/2019\/03\/london-2393098_960_720.jpg","type":"image\/jpeg"}],"twitter_card":"summary_large_image","twitter_site":"@TourTravel_More","twitter_misc":{"Dur\u00e9e de lecture estim\u00e9e":"3 minutes"},"schema":{"@context":"https:\/\/schema.org","@graph":[{"@type":"WebPage","@id":"https:\/\/tourtravelandmore.com\/fr\/tours\/royaume-uni-fr\/londres-fr\/toutes-les-visites-et-activites-privees-fr-2\/visite-privee-de-londres-avec-guide-et-vehicule\/","url":"https:\/\/tourtravelandmore.com\/fr\/tours\/royaume-uni-fr\/londres-fr\/toutes-les-visites-et-activites-privees-fr-2\/visite-privee-de-londres-avec-guide-et-vehicule\/","name":"\u27a1\ufe0f Visite priv\u00e9e de Londres avec guide et v\u00e9hicule | TT&M","isPartOf":{"@id":"https:\/\/tourtravelandmore.com\/fr\/#website"},"primaryImageOfPage":{"@id":"https:\/\/tourtravelandmore.com\/fr\/tours\/royaume-uni-fr\/londres-fr\/toutes-les-visites-et-activites-privees-fr-2\/visite-privee-de-londres-avec-guide-et-vehicule\/#primaryimage"},"image":{"@id":"https:\/\/tourtravelandmore.com\/fr\/tours\/royaume-uni-fr\/londres-fr\/toutes-les-visites-et-activites-privees-fr-2\/visite-privee-de-londres-avec-guide-et-vehicule\/#primaryimage"},"thumbnailUrl":"https:\/\/tourtravelandmore.com\/wp-content\/uploads\/2019\/03\/london-2393098_960_720.jpg","datePublished":"2019-03-25T11:30:51+00:00","dateModified":"2024-04-04T12:58:44+00:00","description":"Visite priv\u00e9e de Londres avec guide et v\u00e9hicule ! Accompagn\u00e9 d'un guide officiel priv\u00e9 et avec un transfert dans une voiture de luxe confortable \u2705.","breadcrumb":{"@id":"https:\/\/tourtravelandmore.com\/fr\/tours\/royaume-uni-fr\/londres-fr\/toutes-les-visites-et-activites-privees-fr-2\/visite-privee-de-londres-avec-guide-et-vehicule\/#breadcrumb"},"inLanguage":"fr-FR","potentialAction":[{"@type":"ReadAction","target":["https:\/\/tourtravelandmore.com\/fr\/tours\/royaume-uni-fr\/londres-fr\/toutes-les-visites-et-activites-privees-fr-2\/visite-privee-de-londres-avec-guide-et-vehicule\/"]}]},{"@type":"ImageObject","inLanguage":"fr-FR","@id":"https:\/\/tourtravelandmore.com\/fr\/tours\/royaume-uni-fr\/londres-fr\/toutes-les-visites-et-activites-privees-fr-2\/visite-privee-de-londres-avec-guide-et-vehicule\/#primaryimage","url":"https:\/\/tourtravelandmore.com\/wp-content\/uploads\/2019\/03\/london-2393098_960_720.jpg","contentUrl":"https:\/\/tourtravelandmore.com\/wp-content\/uploads\/2019\/03\/london-2393098_960_720.jpg","width":960,"height":660},{"@type":"BreadcrumbList","@id":"https:\/\/tourtravelandmore.com\/fr\/tours\/royaume-uni-fr\/londres-fr\/toutes-les-visites-et-activites-privees-fr-2\/visite-privee-de-londres-avec-guide-et-vehicule\/#breadcrumb","itemListElement":[{"@type":"ListItem","position":1,"name":"Home","item":"https:\/\/tourtravelandmore.com\/fr\/"},{"@type":"ListItem","position":2,"name":"Tours","item":"https:\/\/tourtravelandmore.com\/fr\/tours\/"},{"@type":"ListItem","position":3,"name":"Visite priv\u00e9e de Londres avec guide et v\u00e9hicule"}]},{"@type":"WebSite","@id":"https:\/\/tourtravelandmore.com\/fr\/#website","url":"https:\/\/tourtravelandmore.com\/fr\/","name":"Tour Travel And More","description":"Private sightseeing tours and luxury transfers in Spain","publisher":{"@id":"https:\/\/tourtravelandmore.com\/fr\/#organization"},"potentialAction":[{"@type":"SearchAction","target":{"@type":"EntryPoint","urlTemplate":"https:\/\/tourtravelandmore.com\/fr\/?s={search_term_string}"},"query-input":{"@type":"PropertyValueSpecification","valueRequired":true,"valueName":"search_term_string"}}],"inLanguage":"fr-FR"},{"@type":"Organization","@id":"https:\/\/tourtravelandmore.com\/fr\/#organization","name":"Tour Travel And More","url":"https:\/\/tourtravelandmore.com\/fr\/","logo":{"@type":"ImageObject","inLanguage":"fr-FR","@id":"https:\/\/tourtravelandmore.com\/fr\/#\/schema\/logo\/image\/","url":"https:\/\/tourtravelandmore.com\/wp-content\/uploads\/2022\/12\/cropped-logo-cabecera-new.png","contentUrl":"https:\/\/tourtravelandmore.com\/wp-content\/uploads\/2022\/12\/cropped-logo-cabecera-new.png","width":430,"height":61,"caption":"Tour Travel And More"},"image":{"@id":"https:\/\/tourtravelandmore.com\/fr\/#\/schema\/logo\/image\/"},"sameAs":["https:\/\/www.facebook.com\/tourtravelandmore\/","https:\/\/x.com\/TourTravel_More"]}]}},"_links":{"self":[{"href":"https:\/\/tourtravelandmore.com\/fr\/wp-json\/wp\/v2\/product\/93203","targetHints":{"allow":["GET"]}}],"collection":[{"href":"https:\/\/tourtravelandmore.com\/fr\/wp-json\/wp\/v2\/product"}],"about":[{"href":"https:\/\/tourtravelandmore.com\/fr\/wp-json\/wp\/v2\/types\/product"}],"replies":[{"embeddable":true,"href":"https:\/\/tourtravelandmore.com\/fr\/wp-json\/wp\/v2\/comments?post=93203"}],"wp:featuredmedia":[{"embeddable":true,"href":"https:\/\/tourtravelandmore.com\/fr\/wp-json\/wp\/v2\/media\/93204"}],"wp:attachment":[{"href":"https:\/\/tourtravelandmore.com\/fr\/wp-json\/wp\/v2\/media?parent=93203"}],"wp:term":[{"taxonomy":"product_brand","embeddable":true,"href":"https:\/\/tourtravelandmore.com\/fr\/wp-json\/wp\/v2\/product_brand?post=93203"},{"taxonomy":"product_cat","embeddable":true,"href":"https:\/\/tourtravelandmore.com\/fr\/wp-json\/wp\/v2\/product_cat?post=93203"},{"taxonomy":"product_tag","embeddable":true,"href":"https:\/\/tourtravelandmore.com\/fr\/wp-json\/wp\/v2\/product_tag?post=93203"}],"curies":[{"name":"wp","href":"https:\/\/api.w.org\/{rel}","templated":true}]}}