{"id":93191,"date":"2017-01-18T10:04:34","date_gmt":"2017-01-18T09:04:34","guid":{"rendered":"https:\/\/tourtravelandmore.com\/tours\/non%20class\u00e9\/visite-privee-de-rome\/"},"modified":"2024-08-21T17:49:41","modified_gmt":"2024-08-21T15:49:41","slug":"visite-privee-de-rome","status":"publish","type":"product","link":"https:\/\/tourtravelandmore.com\/fr\/tours\/italie-fr\/rome-fr\/visite-privee-de-rome\/","title":{"rendered":"Visite priv\u00e9e de Rome"},"content":{"rendered":"<h2>La description<\/h2>\n<p>Profitez de cette visite priv\u00e9e de Rome avec votre guide officiel et d\u00e9couvrez les sites les plus embl\u00e9matiques de Rome.<\/p>\n<p>La ville de Rome a plus de 2760 ans d&#8217;existence. Elle a \u00e9t\u00e9 la patrie de l&#8217;un des plus grands empires du monde, l&#8217;empire romain et de l&#8217;\u00e9glise catholique. La ville a \u00e9t\u00e9 l&#8217;un des endroits les plus influents de toute l&#8217;histoire du monde.<\/p>\n<p>De nombreuses langues europ\u00e9ennes sont n\u00e9es du latin, et le syst\u00e8me politique et judiciaire de Rome ont \u00e9t\u00e9 la base du monde actuel, ainsi que du style architectural romain.<\/p>\n<p>Rome est la capitale de l&#8217;Italie et de la r\u00e9gion du Latium. C&#8217;est la plus grande commune et la quatri\u00e8me ville la plus peupl\u00e9e de l&#8217;Union europ\u00e9enne.<\/p>\n<p>Votre chauffeur priv\u00e9 et votre guide officiel viendront vous chercher \u00e0 votre h\u00f4tel ou au lieu de votre choix dans votre v\u00e9hicule de luxe priv\u00e9 et vous emm\u00e8neront dans cette visite priv\u00e9e de Rome pour d\u00e9couvrir les monuments et les lieux les plus importants.<\/p>\n<p>Il s&#8217;agit d&#8217;une visite enti\u00e8rement personnalis\u00e9e. Vous pouvez personnaliser chaque visite en nous contactant simplement. Voici un exemple de certains des sites les plus importants pour vous donner une id\u00e9e, mais votre visite sera enti\u00e8rement personnalis\u00e9e pour r\u00e9pondre exactement \u00e0 vos besoins.<\/p>\n<p>Nous vous aiderons \u00e0 organiser votre exp\u00e9rience totalement personnalis\u00e9e et unique \u00e0 Rome.<\/p>\n<h2>\nSites d&#8217;int\u00e9r\u00eat et monuments<\/h2>\n<p>La visite d\u00e9butera dans le hall de votre h\u00f4tel ou dans un lieu de choix \u00e0 Rome. Votre chauffeur priv\u00e9 et votre guide officiel viendront vous chercher \u00e0 l&#8217;heure souhait\u00e9e pour commencer cette visite priv\u00e9e de Rome.<\/p>\n<p>Le premier arr\u00eat dans le centre historique de Rome sera la fontaine de Trevi, est l&#8217;une des plus grandes fontaines monumentales (avec environ 40 m\u00e8tres devant) du baroque \u00e0 Rome et est situ\u00e9e dans le Trevi Rione.<\/p>\n<p>Ensuite, nous continuerons vers la Piazza di Spagna, l&#8217;une des places les plus importantes de Rome et o\u00f9 se trouve la place d&#8217;Espagne. Cet escalier espagnol va de la place \u00e0 la base de la Piazza Trinit\u00e0 dei Monti.<\/p>\n<p>Notre prochain arr\u00eat sera la Piazza del P\u00f3polo, cette place \u00e9tait tr\u00e8s importante car c&#8217;\u00e9tait l&#8217;endroit o\u00f9 tous les touristes venaient dans la ville \u00e0 l&#8217;\u00e9poque de l&#8217;Empire.<\/p>\n<p>Un autre incontournable de cette visite priv\u00e9e de Rome est le Panth\u00e9on, un ancien temple romain situ\u00e9 sur la Piazza della Rotonda. De l\u00e0, vous continuerez vers la Piazza Novona, cette place est l&#8217;un des espaces urbains les plus remarquables car elle est la pr\u00e9f\u00e9r\u00e9e des artistes et est un lieu embl\u00e9matique pour les foires et les festivals.<\/p>\n<p>Enfin et surtout, nous visiterons le Colis\u00e9e (de l&#8217;ext\u00e9rieur), qui est le plus grand amphith\u00e9\u00e2tre construit sous l&#8217;empire romain. Inaugur\u00e9 en 80 apr\u00e8s JC, il proposait des combats de gladiateurs, des ex\u00e9cutions et des chasses aux animaux.<\/p>\n<p>Si vous souhaitez visiter le Colis\u00e9e et le Forum romain, jetez un \u0153il \u00e0 notre visite priv\u00e9e de 4 heures du Colis\u00e9e et des points forts de Rome.<\/p>\n<p>\u00c0 la fin de la visite, votre chauffeur priv\u00e9 et votre guide officiel vous ram\u00e8neront \u00e0 votre h\u00f4tel ou lieu de votre choix \u00e0 Rome.<\/p>\n<p>Si vous souhaitez visiter un monument sp\u00e9cial lors de votre visite priv\u00e9e, n&#8217;h\u00e9sitez pas \u00e0 nous contacter.<\/p>\n<p>Votre guide officiel priv\u00e9 et votre v\u00e9hicule de luxe priv\u00e9 avec chauffeur sont \u00e0 votre disposition pendant toute la dur\u00e9e du circuit pour profiter au maximum de Rome et tirer le meilleur parti de votre exp\u00e9rience \u00e0 Rome.<\/p>\n","protected":false},"excerpt":{"rendered":"<p>Profitez de cette occasion pour conna\u00eetre la capitale du pays italien et tous ses secrets. Ne manquez pas les monuments et sites tels que la place Spagna, le Colis\u00e9e, la fontaine de Trevi, la Cit\u00e9 du Vatican et bien plus encore!<\/p>\n","protected":false},"featured_media":93198,"comment_status":"open","ping_status":"closed","template":"","meta":{"_acf_changed":false},"product_brand":[],"product_cat":[5424,5426,5428,3550],"product_tag":[],"class_list":{"0":"post-93191","1":"product","2":"type-product","3":"status-publish","4":"has-post-thumbnail","6":"product_cat-all-private-tours-activities-fr-32","7":"product_cat-best-sellers-fr-4","8":"product_cat-private-sightseeing-tours-fr-41","9":"product_cat-rome-fr","11":"first","12":"instock","13":"shipping-taxable","14":"purchasable","15":"product-type-simple"},"acf":[],"yoast_head":"<!-- This site is optimized with the Yoast SEO Premium plugin v25.3.1 (Yoast SEO v25.3.1) - https:\/\/yoast.com\/wordpress\/plugins\/seo\/ -->\n<title>Visite priv\u00e9e de Rome avec guide officiel et chauffeur priv\u00e9<\/title>\n<meta name=\"description\" content=\"Profitez de cette visite priv\u00e9e de Rome avec votre guide officiel et d\u00e9couvrez les sites et monuments les plus embl\u00e9matiques de Rome. Visite enti\u00e8rement personnalis\u00e9e.\" \/>\n<meta name=\"robots\" content=\"index, follow, max-snippet:-1, max-image-preview:large, max-video-preview:-1\" \/>\n<link rel=\"canonical\" href=\"https:\/\/tourtravelandmore.com\/fr\/tours\/italie-fr\/rome-fr\/visite-privee-de-rome\/\" \/>\n<meta property=\"og:locale\" content=\"fr_FR\" \/>\n<meta property=\"og:type\" content=\"article\" \/>\n<meta property=\"og:title\" content=\"Visite priv\u00e9e de Rome\" \/>\n<meta property=\"og:description\" content=\"Profitez de cette visite priv\u00e9e de Rome avec votre guide officiel et d\u00e9couvrez les sites et monuments les plus embl\u00e9matiques de Rome. Visite enti\u00e8rement personnalis\u00e9e.\" \/>\n<meta property=\"og:url\" content=\"https:\/\/tourtravelandmore.com\/fr\/tours\/italie-fr\/rome-fr\/visite-privee-de-rome\/\" \/>\n<meta property=\"og:site_name\" content=\"Tour Travel And More\" \/>\n<meta property=\"article:publisher\" content=\"https:\/\/www.facebook.com\/tourtravelandmore\/\" \/>\n<meta property=\"article:modified_time\" content=\"2024-08-21T15:49:41+00:00\" \/>\n<meta property=\"og:image\" content=\"https:\/\/tourtravelandmore.com\/wp-content\/uploads\/2017\/01\/Roma-09.jpg\" \/>\n\t<meta property=\"og:image:width\" content=\"1200\" \/>\n\t<meta property=\"og:image:height\" content=\"797\" \/>\n\t<meta property=\"og:image:type\" content=\"image\/jpeg\" \/>\n<meta name=\"twitter:card\" content=\"summary_large_image\" \/>\n<meta name=\"twitter:site\" content=\"@TourTravel_More\" \/>\n<meta name=\"twitter:label1\" content=\"Dur\u00e9e de lecture estim\u00e9e\" \/>\n\t<meta name=\"twitter:data1\" content=\"3 minutes\" \/>\n<script type=\"application\/ld+json\" class=\"yoast-schema-graph\">{\"@context\":\"https:\/\/schema.org\",\"@graph\":[{\"@type\":\"WebPage\",\"@id\":\"https:\/\/tourtravelandmore.com\/fr\/tours\/italie-fr\/rome-fr\/visite-privee-de-rome\/\",\"url\":\"https:\/\/tourtravelandmore.com\/fr\/tours\/italie-fr\/rome-fr\/visite-privee-de-rome\/\",\"name\":\"Visite priv\u00e9e de Rome avec guide officiel et chauffeur priv\u00e9\",\"isPartOf\":{\"@id\":\"https:\/\/tourtravelandmore.com\/fr\/#website\"},\"primaryImageOfPage\":{\"@id\":\"https:\/\/tourtravelandmore.com\/fr\/tours\/italie-fr\/rome-fr\/visite-privee-de-rome\/#primaryimage\"},\"image\":{\"@id\":\"https:\/\/tourtravelandmore.com\/fr\/tours\/italie-fr\/rome-fr\/visite-privee-de-rome\/#primaryimage\"},\"thumbnailUrl\":\"https:\/\/tourtravelandmore.com\/wp-content\/uploads\/2017\/01\/Roma-09.jpg\",\"datePublished\":\"2017-01-18T09:04:34+00:00\",\"dateModified\":\"2024-08-21T15:49:41+00:00\",\"description\":\"Profitez de cette visite priv\u00e9e de Rome avec votre guide officiel et d\u00e9couvrez les sites et monuments les plus embl\u00e9matiques de Rome. Visite enti\u00e8rement personnalis\u00e9e.\",\"breadcrumb\":{\"@id\":\"https:\/\/tourtravelandmore.com\/fr\/tours\/italie-fr\/rome-fr\/visite-privee-de-rome\/#breadcrumb\"},\"inLanguage\":\"fr-FR\",\"potentialAction\":[{\"@type\":\"ReadAction\",\"target\":[\"https:\/\/tourtravelandmore.com\/fr\/tours\/italie-fr\/rome-fr\/visite-privee-de-rome\/\"]}]},{\"@type\":\"ImageObject\",\"inLanguage\":\"fr-FR\",\"@id\":\"https:\/\/tourtravelandmore.com\/fr\/tours\/italie-fr\/rome-fr\/visite-privee-de-rome\/#primaryimage\",\"url\":\"https:\/\/tourtravelandmore.com\/wp-content\/uploads\/2017\/01\/Roma-09.jpg\",\"contentUrl\":\"https:\/\/tourtravelandmore.com\/wp-content\/uploads\/2017\/01\/Roma-09.jpg\",\"width\":1200,\"height\":797},{\"@type\":\"BreadcrumbList\",\"@id\":\"https:\/\/tourtravelandmore.com\/fr\/tours\/italie-fr\/rome-fr\/visite-privee-de-rome\/#breadcrumb\",\"itemListElement\":[{\"@type\":\"ListItem\",\"position\":1,\"name\":\"Home\",\"item\":\"https:\/\/tourtravelandmore.com\/fr\/\"},{\"@type\":\"ListItem\",\"position\":2,\"name\":\"Tours\",\"item\":\"https:\/\/tourtravelandmore.com\/fr\/tours\/\"},{\"@type\":\"ListItem\",\"position\":3,\"name\":\"Visite priv\u00e9e de Rome\"}]},{\"@type\":\"WebSite\",\"@id\":\"https:\/\/tourtravelandmore.com\/fr\/#website\",\"url\":\"https:\/\/tourtravelandmore.com\/fr\/\",\"name\":\"Tour Travel And More\",\"description\":\"Private sightseeing tours and luxury transfers in Spain\",\"publisher\":{\"@id\":\"https:\/\/tourtravelandmore.com\/fr\/#organization\"},\"potentialAction\":[{\"@type\":\"SearchAction\",\"target\":{\"@type\":\"EntryPoint\",\"urlTemplate\":\"https:\/\/tourtravelandmore.com\/fr\/?s={search_term_string}\"},\"query-input\":{\"@type\":\"PropertyValueSpecification\",\"valueRequired\":true,\"valueName\":\"search_term_string\"}}],\"inLanguage\":\"fr-FR\"},{\"@type\":\"Organization\",\"@id\":\"https:\/\/tourtravelandmore.com\/fr\/#organization\",\"name\":\"Tour Travel And More\",\"url\":\"https:\/\/tourtravelandmore.com\/fr\/\",\"logo\":{\"@type\":\"ImageObject\",\"inLanguage\":\"fr-FR\",\"@id\":\"https:\/\/tourtravelandmore.com\/fr\/#\/schema\/logo\/image\/\",\"url\":\"https:\/\/tourtravelandmore.com\/wp-content\/uploads\/2022\/12\/cropped-logo-cabecera-new.png\",\"contentUrl\":\"https:\/\/tourtravelandmore.com\/wp-content\/uploads\/2022\/12\/cropped-logo-cabecera-new.png\",\"width\":430,\"height\":61,\"caption\":\"Tour Travel And More\"},\"image\":{\"@id\":\"https:\/\/tourtravelandmore.com\/fr\/#\/schema\/logo\/image\/\"},\"sameAs\":[\"https:\/\/www.facebook.com\/tourtravelandmore\/\",\"https:\/\/x.com\/TourTravel_More\"]}]}<\/script>\n<!-- \/ Yoast SEO Premium plugin. -->","yoast_head_json":{"title":"Visite priv\u00e9e de Rome avec guide officiel et chauffeur priv\u00e9","description":"Profitez de cette visite priv\u00e9e de Rome avec votre guide officiel et d\u00e9couvrez les sites et monuments les plus embl\u00e9matiques de Rome. Visite enti\u00e8rement personnalis\u00e9e.","robots":{"index":"index","follow":"follow","max-snippet":"max-snippet:-1","max-image-preview":"max-image-preview:large","max-video-preview":"max-video-preview:-1"},"canonical":"https:\/\/tourtravelandmore.com\/fr\/tours\/italie-fr\/rome-fr\/visite-privee-de-rome\/","og_locale":"fr_FR","og_type":"article","og_title":"Visite priv\u00e9e de Rome","og_description":"Profitez de cette visite priv\u00e9e de Rome avec votre guide officiel et d\u00e9couvrez les sites et monuments les plus embl\u00e9matiques de Rome. Visite enti\u00e8rement personnalis\u00e9e.","og_url":"https:\/\/tourtravelandmore.com\/fr\/tours\/italie-fr\/rome-fr\/visite-privee-de-rome\/","og_site_name":"Tour Travel And More","article_publisher":"https:\/\/www.facebook.com\/tourtravelandmore\/","article_modified_time":"2024-08-21T15:49:41+00:00","og_image":[{"width":1200,"height":797,"url":"https:\/\/tourtravelandmore.com\/wp-content\/uploads\/2017\/01\/Roma-09.jpg","type":"image\/jpeg"}],"twitter_card":"summary_large_image","twitter_site":"@TourTravel_More","twitter_misc":{"Dur\u00e9e de lecture estim\u00e9e":"3 minutes"},"schema":{"@context":"https:\/\/schema.org","@graph":[{"@type":"WebPage","@id":"https:\/\/tourtravelandmore.com\/fr\/tours\/italie-fr\/rome-fr\/visite-privee-de-rome\/","url":"https:\/\/tourtravelandmore.com\/fr\/tours\/italie-fr\/rome-fr\/visite-privee-de-rome\/","name":"Visite priv\u00e9e de Rome avec guide officiel et chauffeur priv\u00e9","isPartOf":{"@id":"https:\/\/tourtravelandmore.com\/fr\/#website"},"primaryImageOfPage":{"@id":"https:\/\/tourtravelandmore.com\/fr\/tours\/italie-fr\/rome-fr\/visite-privee-de-rome\/#primaryimage"},"image":{"@id":"https:\/\/tourtravelandmore.com\/fr\/tours\/italie-fr\/rome-fr\/visite-privee-de-rome\/#primaryimage"},"thumbnailUrl":"https:\/\/tourtravelandmore.com\/wp-content\/uploads\/2017\/01\/Roma-09.jpg","datePublished":"2017-01-18T09:04:34+00:00","dateModified":"2024-08-21T15:49:41+00:00","description":"Profitez de cette visite priv\u00e9e de Rome avec votre guide officiel et d\u00e9couvrez les sites et monuments les plus embl\u00e9matiques de Rome. Visite enti\u00e8rement personnalis\u00e9e.","breadcrumb":{"@id":"https:\/\/tourtravelandmore.com\/fr\/tours\/italie-fr\/rome-fr\/visite-privee-de-rome\/#breadcrumb"},"inLanguage":"fr-FR","potentialAction":[{"@type":"ReadAction","target":["https:\/\/tourtravelandmore.com\/fr\/tours\/italie-fr\/rome-fr\/visite-privee-de-rome\/"]}]},{"@type":"ImageObject","inLanguage":"fr-FR","@id":"https:\/\/tourtravelandmore.com\/fr\/tours\/italie-fr\/rome-fr\/visite-privee-de-rome\/#primaryimage","url":"https:\/\/tourtravelandmore.com\/wp-content\/uploads\/2017\/01\/Roma-09.jpg","contentUrl":"https:\/\/tourtravelandmore.com\/wp-content\/uploads\/2017\/01\/Roma-09.jpg","width":1200,"height":797},{"@type":"BreadcrumbList","@id":"https:\/\/tourtravelandmore.com\/fr\/tours\/italie-fr\/rome-fr\/visite-privee-de-rome\/#breadcrumb","itemListElement":[{"@type":"ListItem","position":1,"name":"Home","item":"https:\/\/tourtravelandmore.com\/fr\/"},{"@type":"ListItem","position":2,"name":"Tours","item":"https:\/\/tourtravelandmore.com\/fr\/tours\/"},{"@type":"ListItem","position":3,"name":"Visite priv\u00e9e de Rome"}]},{"@type":"WebSite","@id":"https:\/\/tourtravelandmore.com\/fr\/#website","url":"https:\/\/tourtravelandmore.com\/fr\/","name":"Tour Travel And More","description":"Private sightseeing tours and luxury transfers in Spain","publisher":{"@id":"https:\/\/tourtravelandmore.com\/fr\/#organization"},"potentialAction":[{"@type":"SearchAction","target":{"@type":"EntryPoint","urlTemplate":"https:\/\/tourtravelandmore.com\/fr\/?s={search_term_string}"},"query-input":{"@type":"PropertyValueSpecification","valueRequired":true,"valueName":"search_term_string"}}],"inLanguage":"fr-FR"},{"@type":"Organization","@id":"https:\/\/tourtravelandmore.com\/fr\/#organization","name":"Tour Travel And More","url":"https:\/\/tourtravelandmore.com\/fr\/","logo":{"@type":"ImageObject","inLanguage":"fr-FR","@id":"https:\/\/tourtravelandmore.com\/fr\/#\/schema\/logo\/image\/","url":"https:\/\/tourtravelandmore.com\/wp-content\/uploads\/2022\/12\/cropped-logo-cabecera-new.png","contentUrl":"https:\/\/tourtravelandmore.com\/wp-content\/uploads\/2022\/12\/cropped-logo-cabecera-new.png","width":430,"height":61,"caption":"Tour Travel And More"},"image":{"@id":"https:\/\/tourtravelandmore.com\/fr\/#\/schema\/logo\/image\/"},"sameAs":["https:\/\/www.facebook.com\/tourtravelandmore\/","https:\/\/x.com\/TourTravel_More"]}]}},"_links":{"self":[{"href":"https:\/\/tourtravelandmore.com\/fr\/wp-json\/wp\/v2\/product\/93191","targetHints":{"allow":["GET"]}}],"collection":[{"href":"https:\/\/tourtravelandmore.com\/fr\/wp-json\/wp\/v2\/product"}],"about":[{"href":"https:\/\/tourtravelandmore.com\/fr\/wp-json\/wp\/v2\/types\/product"}],"replies":[{"embeddable":true,"href":"https:\/\/tourtravelandmore.com\/fr\/wp-json\/wp\/v2\/comments?post=93191"}],"wp:featuredmedia":[{"embeddable":true,"href":"https:\/\/tourtravelandmore.com\/fr\/wp-json\/wp\/v2\/media\/93198"}],"wp:attachment":[{"href":"https:\/\/tourtravelandmore.com\/fr\/wp-json\/wp\/v2\/media?parent=93191"}],"wp:term":[{"taxonomy":"product_brand","embeddable":true,"href":"https:\/\/tourtravelandmore.com\/fr\/wp-json\/wp\/v2\/product_brand?post=93191"},{"taxonomy":"product_cat","embeddable":true,"href":"https:\/\/tourtravelandmore.com\/fr\/wp-json\/wp\/v2\/product_cat?post=93191"},{"taxonomy":"product_tag","embeddable":true,"href":"https:\/\/tourtravelandmore.com\/fr\/wp-json\/wp\/v2\/product_tag?post=93191"}],"curies":[{"name":"wp","href":"https:\/\/api.w.org\/{rel}","templated":true}]}}