{"id":93166,"date":"2016-03-08T20:05:53","date_gmt":"2016-03-08T19:05:53","guid":{"rendered":"https:\/\/tourtravelandmore.com\/tours\/non%20class\u00e9\/visite-privee-de-lalhambra\/"},"modified":"2021-02-02T22:06:19","modified_gmt":"2021-02-02T21:06:19","slug":"visite-privee-de-lalhambra","status":"publish","type":"product","link":"https:\/\/tourtravelandmore.com\/fr\/tours\/espagne-fr\/granada-fr\/all-private-tours-activities-fr-15\/visite-privee-de-lalhambra\/","title":{"rendered":"Visite priv\u00e9e de l&#8217;Alhambra"},"content":{"rendered":"<p>La description<\/p>\n<p>Une fois que vous \u00eates \u00e0 Grenade, vous ne pouvez pas manquer une chance de visiter l&#8217;Alhambra. Cette visite priv\u00e9e de l&#8217;Alhambra ne prendra que 3 heures de votre horaire et c&#8217;est vraiment un must.<\/p>\n<p>Il faut dire que l&#8217;Alhambra est une citadelle remarquable qu&#8217;il faut visiter au moins une fois dans sa vie! Il nous embrasse vraiment chaque fois que nous le visitons encore! Cette visite priv\u00e9e de l&#8217;Alhambra vous donnera l&#8217;occasion d&#8217;en apprendre davantage sur l&#8217;Alhambra. C&#8217;est id\u00e9al pour les nouveaux arrivants et pour approfondir leurs connaissances si ce n&#8217;est pas la premi\u00e8re fois.<\/p>\n<p>Votre guide priv\u00e9 officiel sera \u00e0 votre disposition pour cette visite priv\u00e9e de l&#8217;Alhambra.<\/p>\n<p>Cette visite priv\u00e9e de l&#8217;Alhambra d\u00e9butera devant la carte de l&#8217;Alhambra. Celui-ci est situ\u00e9 juste \u00e0 c\u00f4t\u00e9 de la billetterie \u00e0 l&#8217;entr\u00e9e principale. C&#8217;est un point de rencontre tr\u00e8s facile pour votre guide officiel priv\u00e9 pour commencer votre visite guid\u00e9e priv\u00e9e. Si votre h\u00f4tel est situ\u00e9 \u00e0 l&#8217;int\u00e9rieur de l&#8217;Alhambra ou \u00e0 proximit\u00e9, faites-le nous savoir et nous pouvons organiser une prise en charge \u00e0 pied.<\/p>\n<p>La visite priv\u00e9e durera 3 heures et comprendra toutes les parties de l&#8217;Alhambra. Bien que 3 heures semblent longues \u00e0 l&#8217;int\u00e9rieur d&#8217;un monument, vous voudrez rester plus longtemps! Votre guide professionnel et priv\u00e9 vous fera profiter de chaque partie de ce monument mondial unique.<\/p>\n<h2>Sites d&#8217;int\u00e9r\u00eat et monuments<\/h2>\n<p>\u00c0 Grenade, vous trouverez l\u2019un des monuments les plus importants d\u2019Espagne, l\u2019Alhambra.<\/p>\n<p>Ceci est une citadelle mauresque et un palais. C&#8217;est le b\u00e2timent le plus r\u00e9nov\u00e9 de l&#8217;h\u00e9ritage historique islamique andalou. Cela fait de Grenade une destination populaire parmi les touristes.<\/p>\n<p>A commenc\u00e9 \u00e0 \u00eatre construit au 9\u00e8me si\u00e8cle, mais ce n&#8217;est qu&#8217;en 1342 que la famille royale a d\u00e9m\u00e9nag\u00e9 dans ce magnifique palais. L&#8217;Alhambra est situ\u00e9e sur un point tr\u00e8s strat\u00e9gique, d&#8217;o\u00f9 vous avez une vue panoramique sur toute la ville.<\/p>\n<p>Nous organiserons les billets d&#8217;entr\u00e9e \u00e0 l&#8217;Alhambra, y compris les palais nasrides.<\/p>\n<p>Avec votre guide, vous d\u00e9couvrirez des parties uniques de l&#8217;Alhambra, notamment;<\/p>\n<ul>\n<li>Une vue de l&#8217;Alcazaba. L&#8217;Alcazaba est une zone militaire qui avait une fonction d\u00e9fensive. Ayez une vue sur la Torre del Cubo et la Torre de la Vela, entre autres.<\/li>\n<li>Palais Nasride. Ici, vous passerez un peu plus d&#8217;une heure. Vous aurez l&#8217;occasion de voir le Patio de los Leones qui est la Cour des Lions. C&#8217;est un arr\u00eat photo c\u00e9l\u00e8bre pour tout le monde.<br \/>\nProfitez des 3 palais qui composent les palais nasrides<\/p>\n<ul>\n<li>Mexuar<\/li>\n<li>Palais de Comares<\/li>\n<li>Palais des Lions<\/li>\n<\/ul>\n<\/li>\n<li>Palais du Generalife<\/li>\n<li>Jardins<\/li>\n<li>Palais de Carlos V<\/li>\n<li>Bains de la mosqu\u00e9e<\/li>\n<li>El Partal<\/li>\n<\/ul>\n<p>Il y a tellement de choses \u00e0 voir que vous voudrez certainement revenir avec l&#8217;un de nos guides priv\u00e9s. Profitez de cette meilleure visite priv\u00e9e de l&#8217;Alhambra avec votre guide.<\/p>\n<p>Si vous avez besoin d&#8217;un transport priv\u00e9 depuis une autre ville, ou m\u00eame depuis Grenade, contactez-nous.<\/p>\n","protected":false},"excerpt":{"rendered":"<p>Meilleure visite priv\u00e9e de l&#8217;Alhambra! Visite priv\u00e9e de l&#8217;Alhambra. L\u2019un des monuments les plus importants d\u2019Espagne, l\u2019Alhambra et le Generalife. Guide touristique officiel priv\u00e9 et billets d&#8217;entr\u00e9e inclus<\/p>\n","protected":false},"featured_media":93182,"comment_status":"open","ping_status":"closed","template":"","meta":{"_acf_changed":false},"product_brand":[],"product_cat":[3544,4259,4261],"product_tag":[],"class_list":{"0":"post-93166","1":"product","2":"type-product","3":"status-publish","4":"has-post-thumbnail","6":"product_cat-granada-fr","7":"product_cat-all-private-tours-activities-fr-15","8":"product_cat-private-sightseeing-tours-fr-22","10":"first","11":"instock","12":"shipping-taxable","13":"purchasable","14":"product-type-simple"},"acf":[],"yoast_head":"<!-- This site is optimized with the Yoast SEO Premium plugin v25.3.1 (Yoast SEO v25.3.1) - https:\/\/yoast.com\/wordpress\/plugins\/seo\/ -->\n<title>Visite priv\u00e9e de l&#039;Alhambra - Guide touristique officiel priv\u00e9 et billets d&#039;entr\u00e9e<\/title>\n<meta name=\"description\" content=\"Visite priv\u00e9e de l&#039;Alhambra. L\u2019un des monuments les plus importants d\u2019Espagne, l\u2019Alhambra et le Generalife. Guide touristique officiel priv\u00e9 et billets d&#039;entr\u00e9e inclus\" \/>\n<meta name=\"robots\" content=\"index, follow, max-snippet:-1, max-image-preview:large, max-video-preview:-1\" \/>\n<link rel=\"canonical\" href=\"https:\/\/tourtravelandmore.com\/fr\/tours\/espagne-fr\/granada-fr\/all-private-tours-activities-fr-15\/visite-privee-de-lalhambra\/\" \/>\n<meta property=\"og:locale\" content=\"fr_FR\" \/>\n<meta property=\"og:type\" content=\"article\" \/>\n<meta property=\"og:title\" content=\"Visite priv\u00e9e de l&#039;Alhambra\" \/>\n<meta property=\"og:description\" content=\"Visite priv\u00e9e de l&#039;Alhambra. L\u2019un des monuments les plus importants d\u2019Espagne, l\u2019Alhambra et le Generalife. Guide touristique officiel priv\u00e9 et billets d&#039;entr\u00e9e inclus\" \/>\n<meta property=\"og:url\" content=\"https:\/\/tourtravelandmore.com\/fr\/tours\/espagne-fr\/granada-fr\/all-private-tours-activities-fr-15\/visite-privee-de-lalhambra\/\" \/>\n<meta property=\"og:site_name\" content=\"Tour Travel And More\" \/>\n<meta property=\"article:publisher\" content=\"https:\/\/www.facebook.com\/tourtravelandmore\/\" \/>\n<meta property=\"article:modified_time\" content=\"2021-02-02T21:06:19+00:00\" \/>\n<meta property=\"og:image\" content=\"https:\/\/tourtravelandmore.com\/wp-content\/uploads\/2016\/03\/Granada-3.jpg\" \/>\n\t<meta property=\"og:image:width\" content=\"1440\" \/>\n\t<meta property=\"og:image:height\" content=\"1080\" \/>\n\t<meta property=\"og:image:type\" content=\"image\/jpeg\" \/>\n<meta name=\"twitter:card\" content=\"summary_large_image\" \/>\n<meta name=\"twitter:site\" content=\"@TourTravel_More\" \/>\n<meta name=\"twitter:label1\" content=\"Dur\u00e9e de lecture estim\u00e9e\" \/>\n\t<meta name=\"twitter:data1\" content=\"2 minutes\" \/>\n<script type=\"application\/ld+json\" class=\"yoast-schema-graph\">{\"@context\":\"https:\/\/schema.org\",\"@graph\":[{\"@type\":\"WebPage\",\"@id\":\"https:\/\/tourtravelandmore.com\/fr\/tours\/espagne-fr\/granada-fr\/all-private-tours-activities-fr-15\/visite-privee-de-lalhambra\/\",\"url\":\"https:\/\/tourtravelandmore.com\/fr\/tours\/espagne-fr\/granada-fr\/all-private-tours-activities-fr-15\/visite-privee-de-lalhambra\/\",\"name\":\"Visite priv\u00e9e de l'Alhambra - Guide touristique officiel priv\u00e9 et billets d'entr\u00e9e\",\"isPartOf\":{\"@id\":\"https:\/\/tourtravelandmore.com\/fr\/#website\"},\"primaryImageOfPage\":{\"@id\":\"https:\/\/tourtravelandmore.com\/fr\/tours\/espagne-fr\/granada-fr\/all-private-tours-activities-fr-15\/visite-privee-de-lalhambra\/#primaryimage\"},\"image\":{\"@id\":\"https:\/\/tourtravelandmore.com\/fr\/tours\/espagne-fr\/granada-fr\/all-private-tours-activities-fr-15\/visite-privee-de-lalhambra\/#primaryimage\"},\"thumbnailUrl\":\"https:\/\/tourtravelandmore.com\/wp-content\/uploads\/2016\/03\/Granada-3.jpg\",\"datePublished\":\"2016-03-08T19:05:53+00:00\",\"dateModified\":\"2021-02-02T21:06:19+00:00\",\"description\":\"Visite priv\u00e9e de l'Alhambra. L\u2019un des monuments les plus importants d\u2019Espagne, l\u2019Alhambra et le Generalife. Guide touristique officiel priv\u00e9 et billets d'entr\u00e9e inclus\",\"breadcrumb\":{\"@id\":\"https:\/\/tourtravelandmore.com\/fr\/tours\/espagne-fr\/granada-fr\/all-private-tours-activities-fr-15\/visite-privee-de-lalhambra\/#breadcrumb\"},\"inLanguage\":\"fr-FR\",\"potentialAction\":[{\"@type\":\"ReadAction\",\"target\":[\"https:\/\/tourtravelandmore.com\/fr\/tours\/espagne-fr\/granada-fr\/all-private-tours-activities-fr-15\/visite-privee-de-lalhambra\/\"]}]},{\"@type\":\"ImageObject\",\"inLanguage\":\"fr-FR\",\"@id\":\"https:\/\/tourtravelandmore.com\/fr\/tours\/espagne-fr\/granada-fr\/all-private-tours-activities-fr-15\/visite-privee-de-lalhambra\/#primaryimage\",\"url\":\"https:\/\/tourtravelandmore.com\/wp-content\/uploads\/2016\/03\/Granada-3.jpg\",\"contentUrl\":\"https:\/\/tourtravelandmore.com\/wp-content\/uploads\/2016\/03\/Granada-3.jpg\",\"width\":1440,\"height\":1080},{\"@type\":\"BreadcrumbList\",\"@id\":\"https:\/\/tourtravelandmore.com\/fr\/tours\/espagne-fr\/granada-fr\/all-private-tours-activities-fr-15\/visite-privee-de-lalhambra\/#breadcrumb\",\"itemListElement\":[{\"@type\":\"ListItem\",\"position\":1,\"name\":\"Home\",\"item\":\"https:\/\/tourtravelandmore.com\/fr\/\"},{\"@type\":\"ListItem\",\"position\":2,\"name\":\"Tours\",\"item\":\"https:\/\/tourtravelandmore.com\/fr\/tours\/\"},{\"@type\":\"ListItem\",\"position\":3,\"name\":\"Visite priv\u00e9e de l&rsquo;Alhambra\"}]},{\"@type\":\"WebSite\",\"@id\":\"https:\/\/tourtravelandmore.com\/fr\/#website\",\"url\":\"https:\/\/tourtravelandmore.com\/fr\/\",\"name\":\"Tour Travel And More\",\"description\":\"Private sightseeing tours and luxury transfers in Spain\",\"publisher\":{\"@id\":\"https:\/\/tourtravelandmore.com\/fr\/#organization\"},\"potentialAction\":[{\"@type\":\"SearchAction\",\"target\":{\"@type\":\"EntryPoint\",\"urlTemplate\":\"https:\/\/tourtravelandmore.com\/fr\/?s={search_term_string}\"},\"query-input\":{\"@type\":\"PropertyValueSpecification\",\"valueRequired\":true,\"valueName\":\"search_term_string\"}}],\"inLanguage\":\"fr-FR\"},{\"@type\":\"Organization\",\"@id\":\"https:\/\/tourtravelandmore.com\/fr\/#organization\",\"name\":\"Tour Travel And More\",\"url\":\"https:\/\/tourtravelandmore.com\/fr\/\",\"logo\":{\"@type\":\"ImageObject\",\"inLanguage\":\"fr-FR\",\"@id\":\"https:\/\/tourtravelandmore.com\/fr\/#\/schema\/logo\/image\/\",\"url\":\"https:\/\/tourtravelandmore.com\/wp-content\/uploads\/2022\/12\/cropped-logo-cabecera-new.png\",\"contentUrl\":\"https:\/\/tourtravelandmore.com\/wp-content\/uploads\/2022\/12\/cropped-logo-cabecera-new.png\",\"width\":430,\"height\":61,\"caption\":\"Tour Travel And More\"},\"image\":{\"@id\":\"https:\/\/tourtravelandmore.com\/fr\/#\/schema\/logo\/image\/\"},\"sameAs\":[\"https:\/\/www.facebook.com\/tourtravelandmore\/\",\"https:\/\/x.com\/TourTravel_More\"]}]}<\/script>\n<!-- \/ Yoast SEO Premium plugin. -->","yoast_head_json":{"title":"Visite priv\u00e9e de l'Alhambra - Guide touristique officiel priv\u00e9 et billets d'entr\u00e9e","description":"Visite priv\u00e9e de l'Alhambra. L\u2019un des monuments les plus importants d\u2019Espagne, l\u2019Alhambra et le Generalife. Guide touristique officiel priv\u00e9 et billets d'entr\u00e9e inclus","robots":{"index":"index","follow":"follow","max-snippet":"max-snippet:-1","max-image-preview":"max-image-preview:large","max-video-preview":"max-video-preview:-1"},"canonical":"https:\/\/tourtravelandmore.com\/fr\/tours\/espagne-fr\/granada-fr\/all-private-tours-activities-fr-15\/visite-privee-de-lalhambra\/","og_locale":"fr_FR","og_type":"article","og_title":"Visite priv\u00e9e de l'Alhambra","og_description":"Visite priv\u00e9e de l'Alhambra. L\u2019un des monuments les plus importants d\u2019Espagne, l\u2019Alhambra et le Generalife. Guide touristique officiel priv\u00e9 et billets d'entr\u00e9e inclus","og_url":"https:\/\/tourtravelandmore.com\/fr\/tours\/espagne-fr\/granada-fr\/all-private-tours-activities-fr-15\/visite-privee-de-lalhambra\/","og_site_name":"Tour Travel And More","article_publisher":"https:\/\/www.facebook.com\/tourtravelandmore\/","article_modified_time":"2021-02-02T21:06:19+00:00","og_image":[{"width":1440,"height":1080,"url":"https:\/\/tourtravelandmore.com\/wp-content\/uploads\/2016\/03\/Granada-3.jpg","type":"image\/jpeg"}],"twitter_card":"summary_large_image","twitter_site":"@TourTravel_More","twitter_misc":{"Dur\u00e9e de lecture estim\u00e9e":"2 minutes"},"schema":{"@context":"https:\/\/schema.org","@graph":[{"@type":"WebPage","@id":"https:\/\/tourtravelandmore.com\/fr\/tours\/espagne-fr\/granada-fr\/all-private-tours-activities-fr-15\/visite-privee-de-lalhambra\/","url":"https:\/\/tourtravelandmore.com\/fr\/tours\/espagne-fr\/granada-fr\/all-private-tours-activities-fr-15\/visite-privee-de-lalhambra\/","name":"Visite priv\u00e9e de l'Alhambra - Guide touristique officiel priv\u00e9 et billets d'entr\u00e9e","isPartOf":{"@id":"https:\/\/tourtravelandmore.com\/fr\/#website"},"primaryImageOfPage":{"@id":"https:\/\/tourtravelandmore.com\/fr\/tours\/espagne-fr\/granada-fr\/all-private-tours-activities-fr-15\/visite-privee-de-lalhambra\/#primaryimage"},"image":{"@id":"https:\/\/tourtravelandmore.com\/fr\/tours\/espagne-fr\/granada-fr\/all-private-tours-activities-fr-15\/visite-privee-de-lalhambra\/#primaryimage"},"thumbnailUrl":"https:\/\/tourtravelandmore.com\/wp-content\/uploads\/2016\/03\/Granada-3.jpg","datePublished":"2016-03-08T19:05:53+00:00","dateModified":"2021-02-02T21:06:19+00:00","description":"Visite priv\u00e9e de l'Alhambra. L\u2019un des monuments les plus importants d\u2019Espagne, l\u2019Alhambra et le Generalife. Guide touristique officiel priv\u00e9 et billets d'entr\u00e9e inclus","breadcrumb":{"@id":"https:\/\/tourtravelandmore.com\/fr\/tours\/espagne-fr\/granada-fr\/all-private-tours-activities-fr-15\/visite-privee-de-lalhambra\/#breadcrumb"},"inLanguage":"fr-FR","potentialAction":[{"@type":"ReadAction","target":["https:\/\/tourtravelandmore.com\/fr\/tours\/espagne-fr\/granada-fr\/all-private-tours-activities-fr-15\/visite-privee-de-lalhambra\/"]}]},{"@type":"ImageObject","inLanguage":"fr-FR","@id":"https:\/\/tourtravelandmore.com\/fr\/tours\/espagne-fr\/granada-fr\/all-private-tours-activities-fr-15\/visite-privee-de-lalhambra\/#primaryimage","url":"https:\/\/tourtravelandmore.com\/wp-content\/uploads\/2016\/03\/Granada-3.jpg","contentUrl":"https:\/\/tourtravelandmore.com\/wp-content\/uploads\/2016\/03\/Granada-3.jpg","width":1440,"height":1080},{"@type":"BreadcrumbList","@id":"https:\/\/tourtravelandmore.com\/fr\/tours\/espagne-fr\/granada-fr\/all-private-tours-activities-fr-15\/visite-privee-de-lalhambra\/#breadcrumb","itemListElement":[{"@type":"ListItem","position":1,"name":"Home","item":"https:\/\/tourtravelandmore.com\/fr\/"},{"@type":"ListItem","position":2,"name":"Tours","item":"https:\/\/tourtravelandmore.com\/fr\/tours\/"},{"@type":"ListItem","position":3,"name":"Visite priv\u00e9e de l&rsquo;Alhambra"}]},{"@type":"WebSite","@id":"https:\/\/tourtravelandmore.com\/fr\/#website","url":"https:\/\/tourtravelandmore.com\/fr\/","name":"Tour Travel And More","description":"Private sightseeing tours and luxury transfers in Spain","publisher":{"@id":"https:\/\/tourtravelandmore.com\/fr\/#organization"},"potentialAction":[{"@type":"SearchAction","target":{"@type":"EntryPoint","urlTemplate":"https:\/\/tourtravelandmore.com\/fr\/?s={search_term_string}"},"query-input":{"@type":"PropertyValueSpecification","valueRequired":true,"valueName":"search_term_string"}}],"inLanguage":"fr-FR"},{"@type":"Organization","@id":"https:\/\/tourtravelandmore.com\/fr\/#organization","name":"Tour Travel And More","url":"https:\/\/tourtravelandmore.com\/fr\/","logo":{"@type":"ImageObject","inLanguage":"fr-FR","@id":"https:\/\/tourtravelandmore.com\/fr\/#\/schema\/logo\/image\/","url":"https:\/\/tourtravelandmore.com\/wp-content\/uploads\/2022\/12\/cropped-logo-cabecera-new.png","contentUrl":"https:\/\/tourtravelandmore.com\/wp-content\/uploads\/2022\/12\/cropped-logo-cabecera-new.png","width":430,"height":61,"caption":"Tour Travel And More"},"image":{"@id":"https:\/\/tourtravelandmore.com\/fr\/#\/schema\/logo\/image\/"},"sameAs":["https:\/\/www.facebook.com\/tourtravelandmore\/","https:\/\/x.com\/TourTravel_More"]}]}},"_links":{"self":[{"href":"https:\/\/tourtravelandmore.com\/fr\/wp-json\/wp\/v2\/product\/93166","targetHints":{"allow":["GET"]}}],"collection":[{"href":"https:\/\/tourtravelandmore.com\/fr\/wp-json\/wp\/v2\/product"}],"about":[{"href":"https:\/\/tourtravelandmore.com\/fr\/wp-json\/wp\/v2\/types\/product"}],"replies":[{"embeddable":true,"href":"https:\/\/tourtravelandmore.com\/fr\/wp-json\/wp\/v2\/comments?post=93166"}],"wp:featuredmedia":[{"embeddable":true,"href":"https:\/\/tourtravelandmore.com\/fr\/wp-json\/wp\/v2\/media\/93182"}],"wp:attachment":[{"href":"https:\/\/tourtravelandmore.com\/fr\/wp-json\/wp\/v2\/media?parent=93166"}],"wp:term":[{"taxonomy":"product_brand","embeddable":true,"href":"https:\/\/tourtravelandmore.com\/fr\/wp-json\/wp\/v2\/product_brand?post=93166"},{"taxonomy":"product_cat","embeddable":true,"href":"https:\/\/tourtravelandmore.com\/fr\/wp-json\/wp\/v2\/product_cat?post=93166"},{"taxonomy":"product_tag","embeddable":true,"href":"https:\/\/tourtravelandmore.com\/fr\/wp-json\/wp\/v2\/product_tag?post=93166"}],"curies":[{"name":"wp","href":"https:\/\/api.w.org\/{rel}","templated":true}]}}