{"id":93157,"date":"2016-10-25T13:55:51","date_gmt":"2016-10-25T11:55:51","guid":{"rendered":"https:\/\/tourtravelandmore.com\/tours\/non%20class\u00e9\/visite-privee-du-palais-royal-de-madrid\/"},"modified":"2024-05-03T17:52:36","modified_gmt":"2024-05-03T15:52:36","slug":"visite-privee-du-palais-royal-de-madrid","status":"publish","type":"product","link":"https:\/\/tourtravelandmore.com\/fr\/tours\/espagne-fr\/madrid-fr\/tous-les-circuits-et-activites-prives\/visite-privee-du-palais-royal-de-madrid\/","title":{"rendered":"Visite priv\u00e9e du Palais royal de Madrid"},"content":{"rendered":"<h2>Visite priv\u00e9e du Palais royal de Madrid Description<\/h2>\n<p>Embarquez pour une visite guid\u00e9e priv\u00e9e du majestueux Palais royal de Madrid avec Tour Travel &amp; More. Cette exp\u00e9rience immersive vous offre la possibilit\u00e9 d&#8217;explorer l&#8217;une des r\u00e9sidences royales les plus \u00e9tonnantes d&#8217;Europe gr\u00e2ce \u00e0 l&#8217;expertise d&#8217;un guide comp\u00e9tent. Pendant deux heures, plongez dans la riche histoire, l&#8217;architecture opulente et les anecdotes captivantes qui d\u00e9finissent ce lieu embl\u00e9matique.<\/p>\n<p>Votre visite commence par un accueil chaleureux de votre guide expert, qui vous conduira \u00e0 travers les couloirs complexes et les chambres somptueuses du Palais Royal.<\/p>\n<p>Vous aurez un aper\u00e7u fascinant de l&#8217;histoire de la monarchie espagnole en d\u00e9couvrant l&#8217;histoire de la construction du palais, de ses habitants royaux et de son importance dans la culture espagnole.<\/p>\n<p>Une fois la visite du Palais royal termin\u00e9e, votre excursion s&#8217;ach\u00e8vera l\u00e0 o\u00f9 elle a commenc\u00e9.<\/p>\n<h2>Sites d&#8217;int\u00e9r\u00eat et monuments<\/h2>\n<p>Une fois sur place, et apr\u00e8s avoir vu cette grande partie historique de la ville, vous pourrez appr\u00e9cier le Palais Royal de Madrid de l&#8217;int\u00e9rieur avec votre guide officiel priv\u00e9.<\/p>\n<p>\u00c9merveillez-vous devant la beaut\u00e9 \u00e9poustouflante de l&#8217;architecture du palais, de ses fa\u00e7ades grandioses orn\u00e9es de sculptures complexes \u00e0 ses magnifiques int\u00e9rieurs embellis par des d\u00e9corations raffin\u00e9es. Entrez dans les luxueuses pi\u00e8ces autrefois occup\u00e9es par les rois et reines d&#8217;Espagne, notamment l&#8217;opulente salle du tr\u00f4ne, la somptueuse chapelle royale et l&#8217;\u00e9l\u00e9gante galerie des miroirs.<\/p>\n<p>Entrez dans les luxueuses pi\u00e8ces occup\u00e9es autrefois par les rois et les reines d&#8217;Espagne, notamment l&#8217;opulente salle du tr\u00f4ne, la somptueuse chapelle royale et l&#8217;\u00e9l\u00e9gante galerie des glaces.<\/p>\n<p>Promenez-vous dans les jardins du palais, o\u00f9 les pelouses m\u00e9ticuleusement entretenues, les parterres de fleurs \u00e9clatantes et les fontaines sereines offrent une \u00e9chapp\u00e9e tranquille loin de l&#8217;agitation de la ville.<\/p>\n<p>L&#8217;acc\u00e8s au palais royal se fait sans file d&#8217;attente gr\u00e2ce aux billets inclus, ce qui vous garantit une exp\u00e9rience transparente et sans souci du d\u00e9but \u00e0 la fin.<\/p>\n<p>D\u00e9couvrez les autres options pour profiter de Madrid lors de nos visites priv\u00e9es.<\/p>\n","protected":false},"excerpt":{"rendered":"<p>Visite priv\u00e9e du palais royal de Madrid. Visite priv\u00e9e de 2 heures de la ville avec votre propre guide priv\u00e9 et v\u00e9hicule de luxe priv\u00e9 en option avec chauffeur. Billets d&#8217;entr\u00e9e inclus.<\/p>\n","protected":false},"featured_media":93158,"comment_status":"open","ping_status":"closed","template":"","meta":{"_acf_changed":false},"product_brand":[],"product_cat":[5357,5379,3543,4028],"product_tag":[5380],"class_list":{"0":"post-93157","1":"product","2":"type-product","3":"status-publish","4":"has-post-thumbnail","6":"product_cat-best-sellers-fr-2","7":"product_cat-private-walking-tours-fr-15","8":"product_cat-madrid-fr","9":"product_cat-tous-les-circuits-et-activites-prives","10":"product_tag-royal-palace-fr","12":"first","13":"instock","14":"shipping-taxable","15":"purchasable","16":"product-type-simple"},"acf":[],"yoast_head":"<!-- This site is optimized with the Yoast SEO Premium plugin v25.3.1 (Yoast SEO v25.3.1) - https:\/\/yoast.com\/wordpress\/plugins\/seo\/ -->\n<title>Visite priv\u00e9e du palais royal de Madrid - Guide officiel priv\u00e9 et billets<\/title>\n<meta name=\"description\" content=\"Visite priv\u00e9e du palais royal de Madrid. Visite priv\u00e9e de 2 heures de la ville avec votre propre guide priv\u00e9 et v\u00e9hicule de luxe priv\u00e9 en option avec chofer\" \/>\n<meta name=\"robots\" content=\"index, follow, max-snippet:-1, max-image-preview:large, max-video-preview:-1\" \/>\n<link rel=\"canonical\" href=\"https:\/\/tourtravelandmore.com\/fr\/tours\/espagne-fr\/madrid-fr\/tous-les-circuits-et-activites-prives\/visite-privee-du-palais-royal-de-madrid\/\" \/>\n<meta property=\"og:locale\" content=\"fr_FR\" \/>\n<meta property=\"og:type\" content=\"article\" \/>\n<meta property=\"og:title\" content=\"Visite priv\u00e9e du Palais royal de Madrid\" \/>\n<meta property=\"og:description\" content=\"Visite priv\u00e9e du palais royal de Madrid. Visite priv\u00e9e de 2 heures de la ville avec votre propre guide priv\u00e9 et v\u00e9hicule de luxe priv\u00e9 en option avec chofer\" \/>\n<meta property=\"og:url\" content=\"https:\/\/tourtravelandmore.com\/fr\/tours\/espagne-fr\/madrid-fr\/tous-les-circuits-et-activites-prives\/visite-privee-du-palais-royal-de-madrid\/\" \/>\n<meta property=\"og:site_name\" content=\"Tour Travel And More\" \/>\n<meta property=\"article:publisher\" content=\"https:\/\/www.facebook.com\/tourtravelandmore\/\" \/>\n<meta property=\"article:modified_time\" content=\"2024-05-03T15:52:36+00:00\" \/>\n<meta property=\"og:image\" content=\"https:\/\/tourtravelandmore.com\/wp-content\/uploads\/2016\/10\/madrid-royal-palace-tour-4.jpg\" \/>\n\t<meta property=\"og:image:width\" content=\"1024\" \/>\n\t<meta property=\"og:image:height\" content=\"768\" \/>\n\t<meta property=\"og:image:type\" content=\"image\/jpeg\" \/>\n<meta name=\"twitter:card\" content=\"summary_large_image\" \/>\n<meta name=\"twitter:site\" content=\"@TourTravel_More\" \/>\n<meta name=\"twitter:label1\" content=\"Dur\u00e9e de lecture estim\u00e9e\" \/>\n\t<meta name=\"twitter:data1\" content=\"2 minutes\" \/>\n<script type=\"application\/ld+json\" class=\"yoast-schema-graph\">{\"@context\":\"https:\/\/schema.org\",\"@graph\":[{\"@type\":\"WebPage\",\"@id\":\"https:\/\/tourtravelandmore.com\/fr\/tours\/espagne-fr\/madrid-fr\/tous-les-circuits-et-activites-prives\/visite-privee-du-palais-royal-de-madrid\/\",\"url\":\"https:\/\/tourtravelandmore.com\/fr\/tours\/espagne-fr\/madrid-fr\/tous-les-circuits-et-activites-prives\/visite-privee-du-palais-royal-de-madrid\/\",\"name\":\"Visite priv\u00e9e du palais royal de Madrid - Guide officiel priv\u00e9 et billets\",\"isPartOf\":{\"@id\":\"https:\/\/tourtravelandmore.com\/fr\/#website\"},\"primaryImageOfPage\":{\"@id\":\"https:\/\/tourtravelandmore.com\/fr\/tours\/espagne-fr\/madrid-fr\/tous-les-circuits-et-activites-prives\/visite-privee-du-palais-royal-de-madrid\/#primaryimage\"},\"image\":{\"@id\":\"https:\/\/tourtravelandmore.com\/fr\/tours\/espagne-fr\/madrid-fr\/tous-les-circuits-et-activites-prives\/visite-privee-du-palais-royal-de-madrid\/#primaryimage\"},\"thumbnailUrl\":\"https:\/\/tourtravelandmore.com\/wp-content\/uploads\/2016\/10\/madrid-royal-palace-tour-4.jpg\",\"datePublished\":\"2016-10-25T11:55:51+00:00\",\"dateModified\":\"2024-05-03T15:52:36+00:00\",\"description\":\"Visite priv\u00e9e du palais royal de Madrid. Visite priv\u00e9e de 2 heures de la ville avec votre propre guide priv\u00e9 et v\u00e9hicule de luxe priv\u00e9 en option avec chofer\",\"breadcrumb\":{\"@id\":\"https:\/\/tourtravelandmore.com\/fr\/tours\/espagne-fr\/madrid-fr\/tous-les-circuits-et-activites-prives\/visite-privee-du-palais-royal-de-madrid\/#breadcrumb\"},\"inLanguage\":\"fr-FR\",\"potentialAction\":[{\"@type\":\"ReadAction\",\"target\":[\"https:\/\/tourtravelandmore.com\/fr\/tours\/espagne-fr\/madrid-fr\/tous-les-circuits-et-activites-prives\/visite-privee-du-palais-royal-de-madrid\/\"]}]},{\"@type\":\"ImageObject\",\"inLanguage\":\"fr-FR\",\"@id\":\"https:\/\/tourtravelandmore.com\/fr\/tours\/espagne-fr\/madrid-fr\/tous-les-circuits-et-activites-prives\/visite-privee-du-palais-royal-de-madrid\/#primaryimage\",\"url\":\"https:\/\/tourtravelandmore.com\/wp-content\/uploads\/2016\/10\/madrid-royal-palace-tour-4.jpg\",\"contentUrl\":\"https:\/\/tourtravelandmore.com\/wp-content\/uploads\/2016\/10\/madrid-royal-palace-tour-4.jpg\",\"width\":1024,\"height\":768},{\"@type\":\"BreadcrumbList\",\"@id\":\"https:\/\/tourtravelandmore.com\/fr\/tours\/espagne-fr\/madrid-fr\/tous-les-circuits-et-activites-prives\/visite-privee-du-palais-royal-de-madrid\/#breadcrumb\",\"itemListElement\":[{\"@type\":\"ListItem\",\"position\":1,\"name\":\"Home\",\"item\":\"https:\/\/tourtravelandmore.com\/fr\/\"},{\"@type\":\"ListItem\",\"position\":2,\"name\":\"Tours\",\"item\":\"https:\/\/tourtravelandmore.com\/fr\/tours\/\"},{\"@type\":\"ListItem\",\"position\":3,\"name\":\"Visite priv\u00e9e du Palais royal de Madrid\"}]},{\"@type\":\"WebSite\",\"@id\":\"https:\/\/tourtravelandmore.com\/fr\/#website\",\"url\":\"https:\/\/tourtravelandmore.com\/fr\/\",\"name\":\"Tour Travel And More\",\"description\":\"Private sightseeing tours and luxury transfers in Spain\",\"publisher\":{\"@id\":\"https:\/\/tourtravelandmore.com\/fr\/#organization\"},\"potentialAction\":[{\"@type\":\"SearchAction\",\"target\":{\"@type\":\"EntryPoint\",\"urlTemplate\":\"https:\/\/tourtravelandmore.com\/fr\/?s={search_term_string}\"},\"query-input\":{\"@type\":\"PropertyValueSpecification\",\"valueRequired\":true,\"valueName\":\"search_term_string\"}}],\"inLanguage\":\"fr-FR\"},{\"@type\":\"Organization\",\"@id\":\"https:\/\/tourtravelandmore.com\/fr\/#organization\",\"name\":\"Tour Travel And More\",\"url\":\"https:\/\/tourtravelandmore.com\/fr\/\",\"logo\":{\"@type\":\"ImageObject\",\"inLanguage\":\"fr-FR\",\"@id\":\"https:\/\/tourtravelandmore.com\/fr\/#\/schema\/logo\/image\/\",\"url\":\"https:\/\/tourtravelandmore.com\/wp-content\/uploads\/2022\/12\/cropped-logo-cabecera-new.png\",\"contentUrl\":\"https:\/\/tourtravelandmore.com\/wp-content\/uploads\/2022\/12\/cropped-logo-cabecera-new.png\",\"width\":430,\"height\":61,\"caption\":\"Tour Travel And More\"},\"image\":{\"@id\":\"https:\/\/tourtravelandmore.com\/fr\/#\/schema\/logo\/image\/\"},\"sameAs\":[\"https:\/\/www.facebook.com\/tourtravelandmore\/\",\"https:\/\/x.com\/TourTravel_More\"]}]}<\/script>\n<!-- \/ Yoast SEO Premium plugin. -->","yoast_head_json":{"title":"Visite priv\u00e9e du palais royal de Madrid - Guide officiel priv\u00e9 et billets","description":"Visite priv\u00e9e du palais royal de Madrid. Visite priv\u00e9e de 2 heures de la ville avec votre propre guide priv\u00e9 et v\u00e9hicule de luxe priv\u00e9 en option avec chofer","robots":{"index":"index","follow":"follow","max-snippet":"max-snippet:-1","max-image-preview":"max-image-preview:large","max-video-preview":"max-video-preview:-1"},"canonical":"https:\/\/tourtravelandmore.com\/fr\/tours\/espagne-fr\/madrid-fr\/tous-les-circuits-et-activites-prives\/visite-privee-du-palais-royal-de-madrid\/","og_locale":"fr_FR","og_type":"article","og_title":"Visite priv\u00e9e du Palais royal de Madrid","og_description":"Visite priv\u00e9e du palais royal de Madrid. Visite priv\u00e9e de 2 heures de la ville avec votre propre guide priv\u00e9 et v\u00e9hicule de luxe priv\u00e9 en option avec chofer","og_url":"https:\/\/tourtravelandmore.com\/fr\/tours\/espagne-fr\/madrid-fr\/tous-les-circuits-et-activites-prives\/visite-privee-du-palais-royal-de-madrid\/","og_site_name":"Tour Travel And More","article_publisher":"https:\/\/www.facebook.com\/tourtravelandmore\/","article_modified_time":"2024-05-03T15:52:36+00:00","og_image":[{"width":1024,"height":768,"url":"https:\/\/tourtravelandmore.com\/wp-content\/uploads\/2016\/10\/madrid-royal-palace-tour-4.jpg","type":"image\/jpeg"}],"twitter_card":"summary_large_image","twitter_site":"@TourTravel_More","twitter_misc":{"Dur\u00e9e de lecture estim\u00e9e":"2 minutes"},"schema":{"@context":"https:\/\/schema.org","@graph":[{"@type":"WebPage","@id":"https:\/\/tourtravelandmore.com\/fr\/tours\/espagne-fr\/madrid-fr\/tous-les-circuits-et-activites-prives\/visite-privee-du-palais-royal-de-madrid\/","url":"https:\/\/tourtravelandmore.com\/fr\/tours\/espagne-fr\/madrid-fr\/tous-les-circuits-et-activites-prives\/visite-privee-du-palais-royal-de-madrid\/","name":"Visite priv\u00e9e du palais royal de Madrid - Guide officiel priv\u00e9 et billets","isPartOf":{"@id":"https:\/\/tourtravelandmore.com\/fr\/#website"},"primaryImageOfPage":{"@id":"https:\/\/tourtravelandmore.com\/fr\/tours\/espagne-fr\/madrid-fr\/tous-les-circuits-et-activites-prives\/visite-privee-du-palais-royal-de-madrid\/#primaryimage"},"image":{"@id":"https:\/\/tourtravelandmore.com\/fr\/tours\/espagne-fr\/madrid-fr\/tous-les-circuits-et-activites-prives\/visite-privee-du-palais-royal-de-madrid\/#primaryimage"},"thumbnailUrl":"https:\/\/tourtravelandmore.com\/wp-content\/uploads\/2016\/10\/madrid-royal-palace-tour-4.jpg","datePublished":"2016-10-25T11:55:51+00:00","dateModified":"2024-05-03T15:52:36+00:00","description":"Visite priv\u00e9e du palais royal de Madrid. Visite priv\u00e9e de 2 heures de la ville avec votre propre guide priv\u00e9 et v\u00e9hicule de luxe priv\u00e9 en option avec chofer","breadcrumb":{"@id":"https:\/\/tourtravelandmore.com\/fr\/tours\/espagne-fr\/madrid-fr\/tous-les-circuits-et-activites-prives\/visite-privee-du-palais-royal-de-madrid\/#breadcrumb"},"inLanguage":"fr-FR","potentialAction":[{"@type":"ReadAction","target":["https:\/\/tourtravelandmore.com\/fr\/tours\/espagne-fr\/madrid-fr\/tous-les-circuits-et-activites-prives\/visite-privee-du-palais-royal-de-madrid\/"]}]},{"@type":"ImageObject","inLanguage":"fr-FR","@id":"https:\/\/tourtravelandmore.com\/fr\/tours\/espagne-fr\/madrid-fr\/tous-les-circuits-et-activites-prives\/visite-privee-du-palais-royal-de-madrid\/#primaryimage","url":"https:\/\/tourtravelandmore.com\/wp-content\/uploads\/2016\/10\/madrid-royal-palace-tour-4.jpg","contentUrl":"https:\/\/tourtravelandmore.com\/wp-content\/uploads\/2016\/10\/madrid-royal-palace-tour-4.jpg","width":1024,"height":768},{"@type":"BreadcrumbList","@id":"https:\/\/tourtravelandmore.com\/fr\/tours\/espagne-fr\/madrid-fr\/tous-les-circuits-et-activites-prives\/visite-privee-du-palais-royal-de-madrid\/#breadcrumb","itemListElement":[{"@type":"ListItem","position":1,"name":"Home","item":"https:\/\/tourtravelandmore.com\/fr\/"},{"@type":"ListItem","position":2,"name":"Tours","item":"https:\/\/tourtravelandmore.com\/fr\/tours\/"},{"@type":"ListItem","position":3,"name":"Visite priv\u00e9e du Palais royal de Madrid"}]},{"@type":"WebSite","@id":"https:\/\/tourtravelandmore.com\/fr\/#website","url":"https:\/\/tourtravelandmore.com\/fr\/","name":"Tour Travel And More","description":"Private sightseeing tours and luxury transfers in Spain","publisher":{"@id":"https:\/\/tourtravelandmore.com\/fr\/#organization"},"potentialAction":[{"@type":"SearchAction","target":{"@type":"EntryPoint","urlTemplate":"https:\/\/tourtravelandmore.com\/fr\/?s={search_term_string}"},"query-input":{"@type":"PropertyValueSpecification","valueRequired":true,"valueName":"search_term_string"}}],"inLanguage":"fr-FR"},{"@type":"Organization","@id":"https:\/\/tourtravelandmore.com\/fr\/#organization","name":"Tour Travel And More","url":"https:\/\/tourtravelandmore.com\/fr\/","logo":{"@type":"ImageObject","inLanguage":"fr-FR","@id":"https:\/\/tourtravelandmore.com\/fr\/#\/schema\/logo\/image\/","url":"https:\/\/tourtravelandmore.com\/wp-content\/uploads\/2022\/12\/cropped-logo-cabecera-new.png","contentUrl":"https:\/\/tourtravelandmore.com\/wp-content\/uploads\/2022\/12\/cropped-logo-cabecera-new.png","width":430,"height":61,"caption":"Tour Travel And More"},"image":{"@id":"https:\/\/tourtravelandmore.com\/fr\/#\/schema\/logo\/image\/"},"sameAs":["https:\/\/www.facebook.com\/tourtravelandmore\/","https:\/\/x.com\/TourTravel_More"]}]}},"_links":{"self":[{"href":"https:\/\/tourtravelandmore.com\/fr\/wp-json\/wp\/v2\/product\/93157","targetHints":{"allow":["GET"]}}],"collection":[{"href":"https:\/\/tourtravelandmore.com\/fr\/wp-json\/wp\/v2\/product"}],"about":[{"href":"https:\/\/tourtravelandmore.com\/fr\/wp-json\/wp\/v2\/types\/product"}],"replies":[{"embeddable":true,"href":"https:\/\/tourtravelandmore.com\/fr\/wp-json\/wp\/v2\/comments?post=93157"}],"wp:featuredmedia":[{"embeddable":true,"href":"https:\/\/tourtravelandmore.com\/fr\/wp-json\/wp\/v2\/media\/93158"}],"wp:attachment":[{"href":"https:\/\/tourtravelandmore.com\/fr\/wp-json\/wp\/v2\/media?parent=93157"}],"wp:term":[{"taxonomy":"product_brand","embeddable":true,"href":"https:\/\/tourtravelandmore.com\/fr\/wp-json\/wp\/v2\/product_brand?post=93157"},{"taxonomy":"product_cat","embeddable":true,"href":"https:\/\/tourtravelandmore.com\/fr\/wp-json\/wp\/v2\/product_cat?post=93157"},{"taxonomy":"product_tag","embeddable":true,"href":"https:\/\/tourtravelandmore.com\/fr\/wp-json\/wp\/v2\/product_tag?post=93157"}],"curies":[{"name":"wp","href":"https:\/\/api.w.org\/{rel}","templated":true}]}}