{"id":93145,"date":"2017-11-08T17:39:24","date_gmt":"2017-11-08T16:39:24","guid":{"rendered":"https:\/\/tourtravelandmore.com\/tours\/non class\u00e9\/visite-privee-a-pied-de-barcelone-musee-borne-et-picasso\/"},"modified":"2017-11-08T17:39:24","modified_gmt":"2017-11-08T16:39:24","slug":"visite-privee-a-pied-de-barcelone-musee-borne-et-picasso","status":"publish","type":"product","link":"https:\/\/tourtravelandmore.com\/fr\/tours\/espagne-fr\/barcelone-fr\/visite-privee-a-pied-de-barcelone-musee-borne-et-picasso\/","title":{"rendered":"Visite priv\u00e9e \u00e0 pied de Barcelone: mus\u00e9e Borne et Picasso"},"content":{"rendered":"<h2>La description<\/h2>\n<p>Cette visite priv\u00e9e \u00e0 pied de Barcelone est la meilleure fa\u00e7on de profiter de Barcelone. Votre guide priv\u00e9 officiel sera \u00e0 votre disposition pendant la visite. Tout d&#8217;abord, vous visiterez le mus\u00e9e Picasso. Profitez des superbes \u0153uvres d&#8217;art de Pablo Picasso. Deuxi\u00e8mement, profitez du quartier Born.<\/p>\n<p>Ceci est une visite priv\u00e9e \u00e0 pied de Barcleona. Si votre h\u00f4tel ou situ\u00e9 au centre organise une prise en charge \u00e0 pied, nous commencerons \u00e0 partir de l\u00e0. Sinon, la visite commencera \u00e0 un point de rendez-vous central.<\/p>\n<p>La dur\u00e9e de cette visite priv\u00e9e \u00e0 pied de Barcelone est de 4 heures. Vous aurez l&#8217;occasion non seulement de profiter du mus\u00e9e Picasso lors de cette visite priv\u00e9e \u00e0 pied de Barcelone, mais \u00e9galement du quartier Borne de la ville.<\/p>\n<h2>Points d&#8217;int\u00e9r\u00eat et monuments<\/h2>\n<p>Tout d&#8217;abord, la visite commencera par une rencontre avec votre guide officiel priv\u00e9. C&#8217;est ici que nous commencerons cette visite priv\u00e9e \u00e0 pied de Barcelone. Vous appr\u00e9cierez de fl\u00e2ner dans le quartier de Borne. C&#8217;est l&#8217;un des quartiers les plus beaux et les plus anciens de la ville. Plus important encore, obtenez avec votre guide la chance de visiter le mus\u00e9e Picasso.<\/p>\n<ul>\n<li>Mus\u00e9e Picasso: Le mus\u00e9e est situ\u00e9 dans le quartier El Born. Le Palacio de Berenguer d&#8217;Aguilar &#8211; un ancien palais de la ville du XVe si\u00e8cle transform\u00e9 en mus\u00e9e.<\/li>\n<li>El Born: El Born a commenc\u00e9 comme une colonie construite au sommet d&#8217;une zone m\u00e9di\u00e9vale de joutes et de c\u00e9l\u00e9brations. El Born est l&#8217;un des endroits les plus en vogue de la ville. Profitez tout d&#8217;abord de ses caf\u00e9s et restaurants. Deuxi\u00e8mement, admirez les boutiques de v\u00eatements. Enfin, visitez la fantastique basilique Santa Maria del Mar, la pierre angulaire de ce temple a \u00e9t\u00e9 pos\u00e9e le 25 mars 1329. En 1936, Santa Maria del Mar a \u00e9t\u00e9 incendi\u00e9e et br\u00fbl\u00e9e pendant onze jours cons\u00e9cutifs. Le magnifique autel baroque et toutes les images et archives historiques ont tous \u00e9t\u00e9 d\u00e9truits. De nos jours, toute l&#8217;\u00e9glise a \u00e9t\u00e9 restaur\u00e9e et a encore accentu\u00e9 son style gothique \u00e9l\u00e9gant et sobre.<\/li>\n<\/ul>\n<p>En conclusion, c&#8217;est ce \u00e0 quoi vous pouvez vous attendre de votre visite priv\u00e9e \u00e0 pied de Barcelone. La dur\u00e9e est de 4 heures mais elle peut \u00eatre modifi\u00e9e \u00e0 votre discr\u00e9tion. C&#8217;est une exp\u00e9rience sur mesure, elle sera ajust\u00e9e en fonction de vos propres int\u00e9r\u00eats pour cette visite priv\u00e9e \u00e0 pied de Barcelone.<\/p>\n","protected":false},"excerpt":{"rendered":"<p>Profitez de cette visite priv\u00e9e \u00e0 pied de Barcelone et d\u00e9couvrez le meilleur de la Borne et du mus\u00e9e Picasso avec votre guide officiel priv\u00e9. Vous pourrez vous promener dans le quartier de Borne, l&#8217;une des ic\u00f4nes de la ville de Barcelone, puis visiter l&#8217;un des mus\u00e9es d&#8217;art les plus importants d&#8217;Europe. Le billet d&#8217;entr\u00e9e au mus\u00e9e est inclus dans le prix.<\/p>\n","protected":false},"featured_media":93146,"comment_status":"open","ping_status":"closed","template":"","meta":{"_acf_changed":false},"product_brand":[],"product_cat":[3538],"product_tag":[],"class_list":{"0":"post-93145","1":"product","2":"type-product","3":"status-publish","4":"has-post-thumbnail","6":"product_cat-barcelone-fr","8":"first","9":"instock","10":"shipping-taxable","11":"purchasable","12":"product-type-simple"},"acf":[],"yoast_head":"<!-- This site is optimized with the Yoast SEO Premium plugin v25.3.1 (Yoast SEO v25.3.1) - https:\/\/yoast.com\/wordpress\/plugins\/seo\/ -->\n<title>Visite priv\u00e9e \u00e0 pied de Barcelone: mus\u00e9e Borne et Picasso inclus<\/title>\n<meta name=\"description\" content=\"Visite priv\u00e9e \u00e0 pied de Barcelone avec un guide officiel priv\u00e9. Visitez le mus\u00e9e Picasso et l&#039;un des plus beaux et des plus anciens quartiers de la ville; Borne.\" \/>\n<meta name=\"robots\" content=\"index, follow, max-snippet:-1, max-image-preview:large, max-video-preview:-1\" \/>\n<link rel=\"canonical\" href=\"https:\/\/tourtravelandmore.com\/fr\/tours\/espagne-fr\/barcelone-fr\/visite-privee-a-pied-de-barcelone-musee-borne-et-picasso\/\" \/>\n<meta property=\"og:locale\" content=\"fr_FR\" \/>\n<meta property=\"og:type\" content=\"article\" \/>\n<meta property=\"og:title\" content=\"Visite priv\u00e9e \u00e0 pied de Barcelone: mus\u00e9e Borne et Picasso\" \/>\n<meta property=\"og:description\" content=\"Visite priv\u00e9e \u00e0 pied de Barcelone avec un guide officiel priv\u00e9. Visitez le mus\u00e9e Picasso et l&#039;un des plus beaux et des plus anciens quartiers de la ville; Borne.\" \/>\n<meta property=\"og:url\" content=\"https:\/\/tourtravelandmore.com\/fr\/tours\/espagne-fr\/barcelone-fr\/visite-privee-a-pied-de-barcelone-musee-borne-et-picasso\/\" \/>\n<meta property=\"og:site_name\" content=\"Tour Travel And More\" \/>\n<meta property=\"article:publisher\" content=\"https:\/\/www.facebook.com\/tourtravelandmore\/\" \/>\n<meta property=\"og:image\" content=\"https:\/\/tourtravelandmore.com\/wp-content\/uploads\/2017\/11\/guernica-picasso.jpg\" \/>\n\t<meta property=\"og:image:width\" content=\"640\" \/>\n\t<meta property=\"og:image:height\" content=\"480\" \/>\n\t<meta property=\"og:image:type\" content=\"image\/jpeg\" \/>\n<meta name=\"twitter:card\" content=\"summary_large_image\" \/>\n<meta name=\"twitter:site\" content=\"@TourTravel_More\" \/>\n<meta name=\"twitter:label1\" content=\"Dur\u00e9e de lecture estim\u00e9e\" \/>\n\t<meta name=\"twitter:data1\" content=\"2 minutes\" \/>\n<script type=\"application\/ld+json\" class=\"yoast-schema-graph\">{\"@context\":\"https:\/\/schema.org\",\"@graph\":[{\"@type\":\"WebPage\",\"@id\":\"https:\/\/tourtravelandmore.com\/fr\/tours\/espagne-fr\/barcelone-fr\/visite-privee-a-pied-de-barcelone-musee-borne-et-picasso\/\",\"url\":\"https:\/\/tourtravelandmore.com\/fr\/tours\/espagne-fr\/barcelone-fr\/visite-privee-a-pied-de-barcelone-musee-borne-et-picasso\/\",\"name\":\"Visite priv\u00e9e \u00e0 pied de Barcelone: mus\u00e9e Borne et Picasso inclus\",\"isPartOf\":{\"@id\":\"https:\/\/tourtravelandmore.com\/fr\/#website\"},\"primaryImageOfPage\":{\"@id\":\"https:\/\/tourtravelandmore.com\/fr\/tours\/espagne-fr\/barcelone-fr\/visite-privee-a-pied-de-barcelone-musee-borne-et-picasso\/#primaryimage\"},\"image\":{\"@id\":\"https:\/\/tourtravelandmore.com\/fr\/tours\/espagne-fr\/barcelone-fr\/visite-privee-a-pied-de-barcelone-musee-borne-et-picasso\/#primaryimage\"},\"thumbnailUrl\":\"https:\/\/tourtravelandmore.com\/wp-content\/uploads\/2017\/11\/guernica-picasso.jpg\",\"datePublished\":\"2017-11-08T16:39:24+00:00\",\"description\":\"Visite priv\u00e9e \u00e0 pied de Barcelone avec un guide officiel priv\u00e9. Visitez le mus\u00e9e Picasso et l'un des plus beaux et des plus anciens quartiers de la ville; Borne.\",\"breadcrumb\":{\"@id\":\"https:\/\/tourtravelandmore.com\/fr\/tours\/espagne-fr\/barcelone-fr\/visite-privee-a-pied-de-barcelone-musee-borne-et-picasso\/#breadcrumb\"},\"inLanguage\":\"fr-FR\",\"potentialAction\":[{\"@type\":\"ReadAction\",\"target\":[\"https:\/\/tourtravelandmore.com\/fr\/tours\/espagne-fr\/barcelone-fr\/visite-privee-a-pied-de-barcelone-musee-borne-et-picasso\/\"]}]},{\"@type\":\"ImageObject\",\"inLanguage\":\"fr-FR\",\"@id\":\"https:\/\/tourtravelandmore.com\/fr\/tours\/espagne-fr\/barcelone-fr\/visite-privee-a-pied-de-barcelone-musee-borne-et-picasso\/#primaryimage\",\"url\":\"https:\/\/tourtravelandmore.com\/wp-content\/uploads\/2017\/11\/guernica-picasso.jpg\",\"contentUrl\":\"https:\/\/tourtravelandmore.com\/wp-content\/uploads\/2017\/11\/guernica-picasso.jpg\",\"width\":640,\"height\":480},{\"@type\":\"BreadcrumbList\",\"@id\":\"https:\/\/tourtravelandmore.com\/fr\/tours\/espagne-fr\/barcelone-fr\/visite-privee-a-pied-de-barcelone-musee-borne-et-picasso\/#breadcrumb\",\"itemListElement\":[{\"@type\":\"ListItem\",\"position\":1,\"name\":\"Home\",\"item\":\"https:\/\/tourtravelandmore.com\/fr\/\"},{\"@type\":\"ListItem\",\"position\":2,\"name\":\"Tours\",\"item\":\"https:\/\/tourtravelandmore.com\/fr\/tours\/\"},{\"@type\":\"ListItem\",\"position\":3,\"name\":\"Visite priv\u00e9e \u00e0 pied de Barcelone: mus\u00e9e Borne et Picasso\"}]},{\"@type\":\"WebSite\",\"@id\":\"https:\/\/tourtravelandmore.com\/fr\/#website\",\"url\":\"https:\/\/tourtravelandmore.com\/fr\/\",\"name\":\"Tour Travel And More\",\"description\":\"Private sightseeing tours and luxury transfers in Spain\",\"publisher\":{\"@id\":\"https:\/\/tourtravelandmore.com\/fr\/#organization\"},\"potentialAction\":[{\"@type\":\"SearchAction\",\"target\":{\"@type\":\"EntryPoint\",\"urlTemplate\":\"https:\/\/tourtravelandmore.com\/fr\/?s={search_term_string}\"},\"query-input\":{\"@type\":\"PropertyValueSpecification\",\"valueRequired\":true,\"valueName\":\"search_term_string\"}}],\"inLanguage\":\"fr-FR\"},{\"@type\":\"Organization\",\"@id\":\"https:\/\/tourtravelandmore.com\/fr\/#organization\",\"name\":\"Tour Travel And More\",\"url\":\"https:\/\/tourtravelandmore.com\/fr\/\",\"logo\":{\"@type\":\"ImageObject\",\"inLanguage\":\"fr-FR\",\"@id\":\"https:\/\/tourtravelandmore.com\/fr\/#\/schema\/logo\/image\/\",\"url\":\"https:\/\/tourtravelandmore.com\/wp-content\/uploads\/2022\/12\/cropped-logo-cabecera-new.png\",\"contentUrl\":\"https:\/\/tourtravelandmore.com\/wp-content\/uploads\/2022\/12\/cropped-logo-cabecera-new.png\",\"width\":430,\"height\":61,\"caption\":\"Tour Travel And More\"},\"image\":{\"@id\":\"https:\/\/tourtravelandmore.com\/fr\/#\/schema\/logo\/image\/\"},\"sameAs\":[\"https:\/\/www.facebook.com\/tourtravelandmore\/\",\"https:\/\/x.com\/TourTravel_More\"]}]}<\/script>\n<!-- \/ Yoast SEO Premium plugin. -->","yoast_head_json":{"title":"Visite priv\u00e9e \u00e0 pied de Barcelone: mus\u00e9e Borne et Picasso inclus","description":"Visite priv\u00e9e \u00e0 pied de Barcelone avec un guide officiel priv\u00e9. Visitez le mus\u00e9e Picasso et l'un des plus beaux et des plus anciens quartiers de la ville; Borne.","robots":{"index":"index","follow":"follow","max-snippet":"max-snippet:-1","max-image-preview":"max-image-preview:large","max-video-preview":"max-video-preview:-1"},"canonical":"https:\/\/tourtravelandmore.com\/fr\/tours\/espagne-fr\/barcelone-fr\/visite-privee-a-pied-de-barcelone-musee-borne-et-picasso\/","og_locale":"fr_FR","og_type":"article","og_title":"Visite priv\u00e9e \u00e0 pied de Barcelone: mus\u00e9e Borne et Picasso","og_description":"Visite priv\u00e9e \u00e0 pied de Barcelone avec un guide officiel priv\u00e9. Visitez le mus\u00e9e Picasso et l'un des plus beaux et des plus anciens quartiers de la ville; Borne.","og_url":"https:\/\/tourtravelandmore.com\/fr\/tours\/espagne-fr\/barcelone-fr\/visite-privee-a-pied-de-barcelone-musee-borne-et-picasso\/","og_site_name":"Tour Travel And More","article_publisher":"https:\/\/www.facebook.com\/tourtravelandmore\/","og_image":[{"width":640,"height":480,"url":"https:\/\/tourtravelandmore.com\/wp-content\/uploads\/2017\/11\/guernica-picasso.jpg","type":"image\/jpeg"}],"twitter_card":"summary_large_image","twitter_site":"@TourTravel_More","twitter_misc":{"Dur\u00e9e de lecture estim\u00e9e":"2 minutes"},"schema":{"@context":"https:\/\/schema.org","@graph":[{"@type":"WebPage","@id":"https:\/\/tourtravelandmore.com\/fr\/tours\/espagne-fr\/barcelone-fr\/visite-privee-a-pied-de-barcelone-musee-borne-et-picasso\/","url":"https:\/\/tourtravelandmore.com\/fr\/tours\/espagne-fr\/barcelone-fr\/visite-privee-a-pied-de-barcelone-musee-borne-et-picasso\/","name":"Visite priv\u00e9e \u00e0 pied de Barcelone: mus\u00e9e Borne et Picasso inclus","isPartOf":{"@id":"https:\/\/tourtravelandmore.com\/fr\/#website"},"primaryImageOfPage":{"@id":"https:\/\/tourtravelandmore.com\/fr\/tours\/espagne-fr\/barcelone-fr\/visite-privee-a-pied-de-barcelone-musee-borne-et-picasso\/#primaryimage"},"image":{"@id":"https:\/\/tourtravelandmore.com\/fr\/tours\/espagne-fr\/barcelone-fr\/visite-privee-a-pied-de-barcelone-musee-borne-et-picasso\/#primaryimage"},"thumbnailUrl":"https:\/\/tourtravelandmore.com\/wp-content\/uploads\/2017\/11\/guernica-picasso.jpg","datePublished":"2017-11-08T16:39:24+00:00","description":"Visite priv\u00e9e \u00e0 pied de Barcelone avec un guide officiel priv\u00e9. Visitez le mus\u00e9e Picasso et l'un des plus beaux et des plus anciens quartiers de la ville; Borne.","breadcrumb":{"@id":"https:\/\/tourtravelandmore.com\/fr\/tours\/espagne-fr\/barcelone-fr\/visite-privee-a-pied-de-barcelone-musee-borne-et-picasso\/#breadcrumb"},"inLanguage":"fr-FR","potentialAction":[{"@type":"ReadAction","target":["https:\/\/tourtravelandmore.com\/fr\/tours\/espagne-fr\/barcelone-fr\/visite-privee-a-pied-de-barcelone-musee-borne-et-picasso\/"]}]},{"@type":"ImageObject","inLanguage":"fr-FR","@id":"https:\/\/tourtravelandmore.com\/fr\/tours\/espagne-fr\/barcelone-fr\/visite-privee-a-pied-de-barcelone-musee-borne-et-picasso\/#primaryimage","url":"https:\/\/tourtravelandmore.com\/wp-content\/uploads\/2017\/11\/guernica-picasso.jpg","contentUrl":"https:\/\/tourtravelandmore.com\/wp-content\/uploads\/2017\/11\/guernica-picasso.jpg","width":640,"height":480},{"@type":"BreadcrumbList","@id":"https:\/\/tourtravelandmore.com\/fr\/tours\/espagne-fr\/barcelone-fr\/visite-privee-a-pied-de-barcelone-musee-borne-et-picasso\/#breadcrumb","itemListElement":[{"@type":"ListItem","position":1,"name":"Home","item":"https:\/\/tourtravelandmore.com\/fr\/"},{"@type":"ListItem","position":2,"name":"Tours","item":"https:\/\/tourtravelandmore.com\/fr\/tours\/"},{"@type":"ListItem","position":3,"name":"Visite priv\u00e9e \u00e0 pied de Barcelone: mus\u00e9e Borne et Picasso"}]},{"@type":"WebSite","@id":"https:\/\/tourtravelandmore.com\/fr\/#website","url":"https:\/\/tourtravelandmore.com\/fr\/","name":"Tour Travel And More","description":"Private sightseeing tours and luxury transfers in Spain","publisher":{"@id":"https:\/\/tourtravelandmore.com\/fr\/#organization"},"potentialAction":[{"@type":"SearchAction","target":{"@type":"EntryPoint","urlTemplate":"https:\/\/tourtravelandmore.com\/fr\/?s={search_term_string}"},"query-input":{"@type":"PropertyValueSpecification","valueRequired":true,"valueName":"search_term_string"}}],"inLanguage":"fr-FR"},{"@type":"Organization","@id":"https:\/\/tourtravelandmore.com\/fr\/#organization","name":"Tour Travel And More","url":"https:\/\/tourtravelandmore.com\/fr\/","logo":{"@type":"ImageObject","inLanguage":"fr-FR","@id":"https:\/\/tourtravelandmore.com\/fr\/#\/schema\/logo\/image\/","url":"https:\/\/tourtravelandmore.com\/wp-content\/uploads\/2022\/12\/cropped-logo-cabecera-new.png","contentUrl":"https:\/\/tourtravelandmore.com\/wp-content\/uploads\/2022\/12\/cropped-logo-cabecera-new.png","width":430,"height":61,"caption":"Tour Travel And More"},"image":{"@id":"https:\/\/tourtravelandmore.com\/fr\/#\/schema\/logo\/image\/"},"sameAs":["https:\/\/www.facebook.com\/tourtravelandmore\/","https:\/\/x.com\/TourTravel_More"]}]}},"_links":{"self":[{"href":"https:\/\/tourtravelandmore.com\/fr\/wp-json\/wp\/v2\/product\/93145","targetHints":{"allow":["GET"]}}],"collection":[{"href":"https:\/\/tourtravelandmore.com\/fr\/wp-json\/wp\/v2\/product"}],"about":[{"href":"https:\/\/tourtravelandmore.com\/fr\/wp-json\/wp\/v2\/types\/product"}],"replies":[{"embeddable":true,"href":"https:\/\/tourtravelandmore.com\/fr\/wp-json\/wp\/v2\/comments?post=93145"}],"wp:featuredmedia":[{"embeddable":true,"href":"https:\/\/tourtravelandmore.com\/fr\/wp-json\/wp\/v2\/media\/93146"}],"wp:attachment":[{"href":"https:\/\/tourtravelandmore.com\/fr\/wp-json\/wp\/v2\/media?parent=93145"}],"wp:term":[{"taxonomy":"product_brand","embeddable":true,"href":"https:\/\/tourtravelandmore.com\/fr\/wp-json\/wp\/v2\/product_brand?post=93145"},{"taxonomy":"product_cat","embeddable":true,"href":"https:\/\/tourtravelandmore.com\/fr\/wp-json\/wp\/v2\/product_cat?post=93145"},{"taxonomy":"product_tag","embeddable":true,"href":"https:\/\/tourtravelandmore.com\/fr\/wp-json\/wp\/v2\/product_tag?post=93145"}],"curies":[{"name":"wp","href":"https:\/\/api.w.org\/{rel}","templated":true}]}}