{"id":93135,"date":"2018-02-16T13:41:35","date_gmt":"2018-02-16T12:41:35","guid":{"rendered":"https:\/\/tourtravelandmore.com\/tours\/non%20class\u00e9\/visite-privee-de-game-of-thrones-a-gerone\/"},"modified":"2021-02-02T21:27:23","modified_gmt":"2021-02-02T20:27:23","slug":"visite-privee-de-game-of-thrones-a-gerone","status":"publish","type":"product","link":"https:\/\/tourtravelandmore.com\/fr\/tours\/espagne-fr\/barcelone-fr\/visite-privee-de-game-of-thrones-a-gerone\/","title":{"rendered":"Visite priv\u00e9e Game of Thrones \u00e0 G\u00e9rone"},"content":{"rendered":"<h2>La description<\/h2>\n<p>Profitez de cette visite priv\u00e9e avec votre chauffeur priv\u00e9 et votre guide officiel. Profitez de cette occasion pour profiter de l&#8217;exp\u00e9rience de visiter G\u00e9rone. G\u00e9rone est l&#8217;une des plus belles villes de Catalogne. La ville est \u00e9galement c\u00e9l\u00e8bre pour le Girona Game of Thrones Tour. Apprenez \u00e0 conna\u00eetre les lieux embl\u00e9matiques de cette \u00e9mission de t\u00e9l\u00e9vision!<\/p>\n<p>Nous viendrons vous chercher \u00e0 votre h\u00f4tel ou lieu de votre choix \u00e0 Barcelone. En tant que visite priv\u00e9e, nous pouvons organiser la prise en charge \u00e0 l&#8217;h\u00f4tel, au port de croisi\u00e8re, \u00e0 l&#8217;a\u00e9roport ou \u00e0 un appartement dans la ville.<\/p>\n<p>Ensuite, nous proc\u00e9derons et vous emm\u00e8nerons dans cette visite priv\u00e9e vers G\u00e9rone avec votre propre chauffeur et un v\u00e9hicule de luxe priv\u00e9.<\/p>\n<p>Une fois arriv\u00e9 dans la ville de G\u00e9rone, vous rencontrerez votre guide professionnel en anglais (autres langues sur demande) pour commencer le Tour Game of Thrones de G\u00e9rone.<\/p>\n<p>C&#8217;est une exp\u00e9rience compl\u00e8tement priv\u00e9e. Il est fait sur mesure pour que vous ne manquiez aucun endroit non seulement de la ville unique, mais aussi des sites de Girona Game of Thrones Tour.<\/p>\n<p>Nous vous aiderons \u00e0 organiser votre exp\u00e9rience totalement personnalis\u00e9e et unique \u00e0 Barcelone et \u00e0 G\u00e9rone. Votre guide vous montrera les sites et monuments les plus beaux et les plus embl\u00e9matiques de cette magnifique ville catalane de G\u00e9rone.<\/p>\n<h2>Points d&#8217;int\u00e9r\u00eat et monuments<\/h2>\n<p>G\u00e9rone est l&#8217;une des plus anciennes villes d&#8217;Espagne. Il a plus de 2000 ans d&#8217;histoire, et offre toute son histoire \u00e0 travers deux enceintes fortifi\u00e9es, la For\u00e7a Vella et le quartier m\u00e9di\u00e9val.<\/p>\n<p>Il est situ\u00e9 \u00e0 seulement 1 heure et demie du centre de Barcelone. G\u00e9rone est la deuxi\u00e8me plus grande ville de Catalogne. G\u00e9rone donne m\u00eame le nom \u00e0 l&#8217;une des plus belles provinces de tout le pays.<\/p>\n<p>En raison de sa vaste histoire, de son charme m\u00e9di\u00e9val et de ses vieilles pierres, la ville a \u00e9t\u00e9 choisie pour \u00eatre le terrain de jeu de l&#8217;une des meilleures s\u00e9ries de ces 20 derni\u00e8res ann\u00e9es: Game of Thrones. Vivez une exp\u00e9rience unique avec Girona Game of Thrones Tour.<\/p>\n<p>Profitez de cette visite priv\u00e9e de G\u00e9rone au d\u00e9part de Barcelone avec votre propre chauffeur priv\u00e9 et guide officiel \u00e0 G\u00e9rone.<br \/>\nVisite Game of Thrones de G\u00e9rone<\/p>\n<p>Vous visiterez G\u00e9rone, une ville transform\u00e9e en 3: Bravoos, Kingslanding et Antigua.<\/p>\n<p>Au cours de cette visite priv\u00e9e, vous d\u00e9couvrirez la ville de G\u00e9rone. G\u00e9rone a plus de 2 mill\u00e9naires d&#8217;existence. Ses vieilles pierres et son atmosph\u00e8re m\u00e9di\u00e9vale ont \u00e9t\u00e9 utilis\u00e9es comme terrain de jeu pour l&#8217;une des meilleures s\u00e9ries.<\/p>\n<p>Votre guide priv\u00e9 vous fera traverser des ponts, des escaliers, des lieux monumentaux et des rues escarp\u00e9es o\u00f9 Arya Stark a \u00e9t\u00e9 pourchass\u00e9e. Vous verrez \u00e9galement les sites o\u00f9 Jaime Lammister montait \u00e0 cheval pour sauver le roi Margorie. Il y a aussi un arr\u00eat dans cette tourn\u00e9e Game of Thrones de G\u00e9rone o\u00f9 vous pouvez voir o\u00f9 Sam suivait son r\u00eave de connaissance: Le Scriptorium de Ciudadela.<\/p>\n<p>Votre guide officiel priv\u00e9 sera un local et officiel de G\u00e9rone. Votre guide sera sp\u00e9cialis\u00e9 dans Game of Thrones. La partie \u00e0 pied de votre visite de G\u00e9rone avec votre guide durera 2 heures. Vous aurez \u00e9galement une heure pour vous amuser seuls \u00e0 G\u00e9rone. Vous aurez un chauffeur et une voiture priv\u00e9e \u00e0 votre disposition pendant toute la journ\u00e9e pour ce Tour Game of Thrones de G\u00e9rone.<\/p>\n<p>Cette visite d\u00e9crite a une dur\u00e9e de 6 heures, mais \u00e9tant une visite priv\u00e9e, nous pouvons l&#8217;organiser en fonction de vos propres besoins. C&#8217;est une excellente occasion de profiter du meilleur de la ville de G\u00e9rone elle-m\u00eame ainsi que des sites Game of Thrones!<\/p>\n","protected":false},"excerpt":{"rendered":"<p>Profitez de cette visite priv\u00e9e bas\u00e9e sur Game of Thrones \u00e0 G\u00e9rone au d\u00e9part de Barcelone. Cette visite est un excellent moyen d&#8217;en apprendre davantage sur G\u00e9rone d&#8217;une mani\u00e8re simple et unique, en explorant des faits sur le pass\u00e9 et le pr\u00e9sent du lieu, combin\u00e9s avec des histoires de l&#8217;univers Game of Thrones. Guide touristique officiel priv\u00e9 une fois \u00e0 G\u00e9rone et v\u00e9hicule de luxe priv\u00e9 avec chauffeur pour tout le voyage.<\/p>\n","protected":false},"featured_media":93136,"comment_status":"open","ping_status":"closed","template":"","meta":{"_acf_changed":false},"product_brand":[],"product_cat":[3538],"product_tag":[],"class_list":{"0":"post-93135","1":"product","2":"type-product","3":"status-publish","4":"has-post-thumbnail","6":"product_cat-barcelone-fr","8":"first","9":"instock","10":"shipping-taxable","11":"purchasable","12":"product-type-simple"},"acf":[],"yoast_head":"<!-- This site is optimized with the Yoast SEO Premium plugin v25.3.1 (Yoast SEO v25.3.1) - https:\/\/yoast.com\/wordpress\/plugins\/seo\/ -->\n<title>Visite priv\u00e9e de Game Of Thrones \u00e0 G\u00e9rone au d\u00e9part de Barcelone<\/title>\n<meta name=\"description\" content=\"Exp\u00e9rience priv\u00e9e pour visiter G\u00e9rone, une ville historique d&#039;Espagne et la maison de Game of Thrones avec un guide touristique sp\u00e9cialis\u00e9 officiel priv\u00e9\" \/>\n<meta name=\"robots\" content=\"index, follow, max-snippet:-1, max-image-preview:large, max-video-preview:-1\" \/>\n<link rel=\"canonical\" href=\"https:\/\/tourtravelandmore.com\/fr\/tours\/espagne-fr\/barcelone-fr\/visite-privee-de-game-of-thrones-a-gerone\/\" \/>\n<meta property=\"og:locale\" content=\"fr_FR\" \/>\n<meta property=\"og:type\" content=\"article\" \/>\n<meta property=\"og:title\" content=\"Visite priv\u00e9e Game of Thrones \u00e0 G\u00e9rone\" \/>\n<meta property=\"og:description\" content=\"Exp\u00e9rience priv\u00e9e pour visiter G\u00e9rone, une ville historique d&#039;Espagne et la maison de Game of Thrones avec un guide touristique sp\u00e9cialis\u00e9 officiel priv\u00e9\" \/>\n<meta property=\"og:url\" content=\"https:\/\/tourtravelandmore.com\/fr\/tours\/espagne-fr\/barcelone-fr\/visite-privee-de-game-of-thrones-a-gerone\/\" \/>\n<meta property=\"og:site_name\" content=\"Tour Travel And More\" \/>\n<meta property=\"article:publisher\" content=\"https:\/\/www.facebook.com\/tourtravelandmore\/\" \/>\n<meta property=\"article:modified_time\" content=\"2021-02-02T20:27:23+00:00\" \/>\n<meta property=\"og:image\" content=\"https:\/\/tourtravelandmore.com\/wp-content\/uploads\/2018\/02\/girona-game.jpg\" \/>\n\t<meta property=\"og:image:width\" content=\"1280\" \/>\n\t<meta property=\"og:image:height\" content=\"720\" \/>\n\t<meta property=\"og:image:type\" content=\"image\/jpeg\" \/>\n<meta name=\"twitter:card\" content=\"summary_large_image\" \/>\n<meta name=\"twitter:site\" content=\"@TourTravel_More\" \/>\n<meta name=\"twitter:label1\" content=\"Dur\u00e9e de lecture estim\u00e9e\" \/>\n\t<meta name=\"twitter:data1\" content=\"3 minutes\" \/>\n<script type=\"application\/ld+json\" class=\"yoast-schema-graph\">{\"@context\":\"https:\/\/schema.org\",\"@graph\":[{\"@type\":\"WebPage\",\"@id\":\"https:\/\/tourtravelandmore.com\/fr\/tours\/espagne-fr\/barcelone-fr\/visite-privee-de-game-of-thrones-a-gerone\/\",\"url\":\"https:\/\/tourtravelandmore.com\/fr\/tours\/espagne-fr\/barcelone-fr\/visite-privee-de-game-of-thrones-a-gerone\/\",\"name\":\"Visite priv\u00e9e de Game Of Thrones \u00e0 G\u00e9rone au d\u00e9part de Barcelone\",\"isPartOf\":{\"@id\":\"https:\/\/tourtravelandmore.com\/fr\/#website\"},\"primaryImageOfPage\":{\"@id\":\"https:\/\/tourtravelandmore.com\/fr\/tours\/espagne-fr\/barcelone-fr\/visite-privee-de-game-of-thrones-a-gerone\/#primaryimage\"},\"image\":{\"@id\":\"https:\/\/tourtravelandmore.com\/fr\/tours\/espagne-fr\/barcelone-fr\/visite-privee-de-game-of-thrones-a-gerone\/#primaryimage\"},\"thumbnailUrl\":\"https:\/\/tourtravelandmore.com\/wp-content\/uploads\/2018\/02\/girona-game.jpg\",\"datePublished\":\"2018-02-16T12:41:35+00:00\",\"dateModified\":\"2021-02-02T20:27:23+00:00\",\"description\":\"Exp\u00e9rience priv\u00e9e pour visiter G\u00e9rone, une ville historique d'Espagne et la maison de Game of Thrones avec un guide touristique sp\u00e9cialis\u00e9 officiel priv\u00e9\",\"breadcrumb\":{\"@id\":\"https:\/\/tourtravelandmore.com\/fr\/tours\/espagne-fr\/barcelone-fr\/visite-privee-de-game-of-thrones-a-gerone\/#breadcrumb\"},\"inLanguage\":\"fr-FR\",\"potentialAction\":[{\"@type\":\"ReadAction\",\"target\":[\"https:\/\/tourtravelandmore.com\/fr\/tours\/espagne-fr\/barcelone-fr\/visite-privee-de-game-of-thrones-a-gerone\/\"]}]},{\"@type\":\"ImageObject\",\"inLanguage\":\"fr-FR\",\"@id\":\"https:\/\/tourtravelandmore.com\/fr\/tours\/espagne-fr\/barcelone-fr\/visite-privee-de-game-of-thrones-a-gerone\/#primaryimage\",\"url\":\"https:\/\/tourtravelandmore.com\/wp-content\/uploads\/2018\/02\/girona-game.jpg\",\"contentUrl\":\"https:\/\/tourtravelandmore.com\/wp-content\/uploads\/2018\/02\/girona-game.jpg\",\"width\":1280,\"height\":720},{\"@type\":\"BreadcrumbList\",\"@id\":\"https:\/\/tourtravelandmore.com\/fr\/tours\/espagne-fr\/barcelone-fr\/visite-privee-de-game-of-thrones-a-gerone\/#breadcrumb\",\"itemListElement\":[{\"@type\":\"ListItem\",\"position\":1,\"name\":\"Home\",\"item\":\"https:\/\/tourtravelandmore.com\/fr\/\"},{\"@type\":\"ListItem\",\"position\":2,\"name\":\"Tours\",\"item\":\"https:\/\/tourtravelandmore.com\/fr\/tours\/\"},{\"@type\":\"ListItem\",\"position\":3,\"name\":\"Visite priv\u00e9e Game of Thrones \u00e0 G\u00e9rone\"}]},{\"@type\":\"WebSite\",\"@id\":\"https:\/\/tourtravelandmore.com\/fr\/#website\",\"url\":\"https:\/\/tourtravelandmore.com\/fr\/\",\"name\":\"Tour Travel And More\",\"description\":\"Private sightseeing tours and luxury transfers in Spain\",\"publisher\":{\"@id\":\"https:\/\/tourtravelandmore.com\/fr\/#organization\"},\"potentialAction\":[{\"@type\":\"SearchAction\",\"target\":{\"@type\":\"EntryPoint\",\"urlTemplate\":\"https:\/\/tourtravelandmore.com\/fr\/?s={search_term_string}\"},\"query-input\":{\"@type\":\"PropertyValueSpecification\",\"valueRequired\":true,\"valueName\":\"search_term_string\"}}],\"inLanguage\":\"fr-FR\"},{\"@type\":\"Organization\",\"@id\":\"https:\/\/tourtravelandmore.com\/fr\/#organization\",\"name\":\"Tour Travel And More\",\"url\":\"https:\/\/tourtravelandmore.com\/fr\/\",\"logo\":{\"@type\":\"ImageObject\",\"inLanguage\":\"fr-FR\",\"@id\":\"https:\/\/tourtravelandmore.com\/fr\/#\/schema\/logo\/image\/\",\"url\":\"https:\/\/tourtravelandmore.com\/wp-content\/uploads\/2022\/12\/cropped-logo-cabecera-new.png\",\"contentUrl\":\"https:\/\/tourtravelandmore.com\/wp-content\/uploads\/2022\/12\/cropped-logo-cabecera-new.png\",\"width\":430,\"height\":61,\"caption\":\"Tour Travel And More\"},\"image\":{\"@id\":\"https:\/\/tourtravelandmore.com\/fr\/#\/schema\/logo\/image\/\"},\"sameAs\":[\"https:\/\/www.facebook.com\/tourtravelandmore\/\",\"https:\/\/x.com\/TourTravel_More\"]}]}<\/script>\n<!-- \/ Yoast SEO Premium plugin. -->","yoast_head_json":{"title":"Visite priv\u00e9e de Game Of Thrones \u00e0 G\u00e9rone au d\u00e9part de Barcelone","description":"Exp\u00e9rience priv\u00e9e pour visiter G\u00e9rone, une ville historique d'Espagne et la maison de Game of Thrones avec un guide touristique sp\u00e9cialis\u00e9 officiel priv\u00e9","robots":{"index":"index","follow":"follow","max-snippet":"max-snippet:-1","max-image-preview":"max-image-preview:large","max-video-preview":"max-video-preview:-1"},"canonical":"https:\/\/tourtravelandmore.com\/fr\/tours\/espagne-fr\/barcelone-fr\/visite-privee-de-game-of-thrones-a-gerone\/","og_locale":"fr_FR","og_type":"article","og_title":"Visite priv\u00e9e Game of Thrones \u00e0 G\u00e9rone","og_description":"Exp\u00e9rience priv\u00e9e pour visiter G\u00e9rone, une ville historique d'Espagne et la maison de Game of Thrones avec un guide touristique sp\u00e9cialis\u00e9 officiel priv\u00e9","og_url":"https:\/\/tourtravelandmore.com\/fr\/tours\/espagne-fr\/barcelone-fr\/visite-privee-de-game-of-thrones-a-gerone\/","og_site_name":"Tour Travel And More","article_publisher":"https:\/\/www.facebook.com\/tourtravelandmore\/","article_modified_time":"2021-02-02T20:27:23+00:00","og_image":[{"width":1280,"height":720,"url":"https:\/\/tourtravelandmore.com\/wp-content\/uploads\/2018\/02\/girona-game.jpg","type":"image\/jpeg"}],"twitter_card":"summary_large_image","twitter_site":"@TourTravel_More","twitter_misc":{"Dur\u00e9e de lecture estim\u00e9e":"3 minutes"},"schema":{"@context":"https:\/\/schema.org","@graph":[{"@type":"WebPage","@id":"https:\/\/tourtravelandmore.com\/fr\/tours\/espagne-fr\/barcelone-fr\/visite-privee-de-game-of-thrones-a-gerone\/","url":"https:\/\/tourtravelandmore.com\/fr\/tours\/espagne-fr\/barcelone-fr\/visite-privee-de-game-of-thrones-a-gerone\/","name":"Visite priv\u00e9e de Game Of Thrones \u00e0 G\u00e9rone au d\u00e9part de Barcelone","isPartOf":{"@id":"https:\/\/tourtravelandmore.com\/fr\/#website"},"primaryImageOfPage":{"@id":"https:\/\/tourtravelandmore.com\/fr\/tours\/espagne-fr\/barcelone-fr\/visite-privee-de-game-of-thrones-a-gerone\/#primaryimage"},"image":{"@id":"https:\/\/tourtravelandmore.com\/fr\/tours\/espagne-fr\/barcelone-fr\/visite-privee-de-game-of-thrones-a-gerone\/#primaryimage"},"thumbnailUrl":"https:\/\/tourtravelandmore.com\/wp-content\/uploads\/2018\/02\/girona-game.jpg","datePublished":"2018-02-16T12:41:35+00:00","dateModified":"2021-02-02T20:27:23+00:00","description":"Exp\u00e9rience priv\u00e9e pour visiter G\u00e9rone, une ville historique d'Espagne et la maison de Game of Thrones avec un guide touristique sp\u00e9cialis\u00e9 officiel priv\u00e9","breadcrumb":{"@id":"https:\/\/tourtravelandmore.com\/fr\/tours\/espagne-fr\/barcelone-fr\/visite-privee-de-game-of-thrones-a-gerone\/#breadcrumb"},"inLanguage":"fr-FR","potentialAction":[{"@type":"ReadAction","target":["https:\/\/tourtravelandmore.com\/fr\/tours\/espagne-fr\/barcelone-fr\/visite-privee-de-game-of-thrones-a-gerone\/"]}]},{"@type":"ImageObject","inLanguage":"fr-FR","@id":"https:\/\/tourtravelandmore.com\/fr\/tours\/espagne-fr\/barcelone-fr\/visite-privee-de-game-of-thrones-a-gerone\/#primaryimage","url":"https:\/\/tourtravelandmore.com\/wp-content\/uploads\/2018\/02\/girona-game.jpg","contentUrl":"https:\/\/tourtravelandmore.com\/wp-content\/uploads\/2018\/02\/girona-game.jpg","width":1280,"height":720},{"@type":"BreadcrumbList","@id":"https:\/\/tourtravelandmore.com\/fr\/tours\/espagne-fr\/barcelone-fr\/visite-privee-de-game-of-thrones-a-gerone\/#breadcrumb","itemListElement":[{"@type":"ListItem","position":1,"name":"Home","item":"https:\/\/tourtravelandmore.com\/fr\/"},{"@type":"ListItem","position":2,"name":"Tours","item":"https:\/\/tourtravelandmore.com\/fr\/tours\/"},{"@type":"ListItem","position":3,"name":"Visite priv\u00e9e Game of Thrones \u00e0 G\u00e9rone"}]},{"@type":"WebSite","@id":"https:\/\/tourtravelandmore.com\/fr\/#website","url":"https:\/\/tourtravelandmore.com\/fr\/","name":"Tour Travel And More","description":"Private sightseeing tours and luxury transfers in Spain","publisher":{"@id":"https:\/\/tourtravelandmore.com\/fr\/#organization"},"potentialAction":[{"@type":"SearchAction","target":{"@type":"EntryPoint","urlTemplate":"https:\/\/tourtravelandmore.com\/fr\/?s={search_term_string}"},"query-input":{"@type":"PropertyValueSpecification","valueRequired":true,"valueName":"search_term_string"}}],"inLanguage":"fr-FR"},{"@type":"Organization","@id":"https:\/\/tourtravelandmore.com\/fr\/#organization","name":"Tour Travel And More","url":"https:\/\/tourtravelandmore.com\/fr\/","logo":{"@type":"ImageObject","inLanguage":"fr-FR","@id":"https:\/\/tourtravelandmore.com\/fr\/#\/schema\/logo\/image\/","url":"https:\/\/tourtravelandmore.com\/wp-content\/uploads\/2022\/12\/cropped-logo-cabecera-new.png","contentUrl":"https:\/\/tourtravelandmore.com\/wp-content\/uploads\/2022\/12\/cropped-logo-cabecera-new.png","width":430,"height":61,"caption":"Tour Travel And More"},"image":{"@id":"https:\/\/tourtravelandmore.com\/fr\/#\/schema\/logo\/image\/"},"sameAs":["https:\/\/www.facebook.com\/tourtravelandmore\/","https:\/\/x.com\/TourTravel_More"]}]}},"_links":{"self":[{"href":"https:\/\/tourtravelandmore.com\/fr\/wp-json\/wp\/v2\/product\/93135","targetHints":{"allow":["GET"]}}],"collection":[{"href":"https:\/\/tourtravelandmore.com\/fr\/wp-json\/wp\/v2\/product"}],"about":[{"href":"https:\/\/tourtravelandmore.com\/fr\/wp-json\/wp\/v2\/types\/product"}],"replies":[{"embeddable":true,"href":"https:\/\/tourtravelandmore.com\/fr\/wp-json\/wp\/v2\/comments?post=93135"}],"wp:featuredmedia":[{"embeddable":true,"href":"https:\/\/tourtravelandmore.com\/fr\/wp-json\/wp\/v2\/media\/93136"}],"wp:attachment":[{"href":"https:\/\/tourtravelandmore.com\/fr\/wp-json\/wp\/v2\/media?parent=93135"}],"wp:term":[{"taxonomy":"product_brand","embeddable":true,"href":"https:\/\/tourtravelandmore.com\/fr\/wp-json\/wp\/v2\/product_brand?post=93135"},{"taxonomy":"product_cat","embeddable":true,"href":"https:\/\/tourtravelandmore.com\/fr\/wp-json\/wp\/v2\/product_cat?post=93135"},{"taxonomy":"product_tag","embeddable":true,"href":"https:\/\/tourtravelandmore.com\/fr\/wp-json\/wp\/v2\/product_tag?post=93135"}],"curies":[{"name":"wp","href":"https:\/\/api.w.org\/{rel}","templated":true}]}}