{"id":93121,"date":"2016-10-21T13:00:53","date_gmt":"2016-10-21T11:00:53","guid":{"rendered":"https:\/\/tourtravelandmore.com\/tours\/non%20class\u00e9\/visite-privee-de-gaudi\/"},"modified":"2021-02-02T22:06:40","modified_gmt":"2021-02-02T21:06:40","slug":"visite-privee-de-gaudi","status":"publish","type":"product","link":"https:\/\/tourtravelandmore.com\/fr\/tours\/espagne-fr\/barcelone-fr\/visite-privee-de-gaudi\/","title":{"rendered":"Visite priv\u00e9e de Gaudi"},"content":{"rendered":"<h2>La description<\/h2>\n<p>Profitez de cette visite priv\u00e9e priv\u00e9e de Gaudi avec votre guide officiel et d\u00e9couvrez les sites les plus embl\u00e9matiques de Barcelone.<\/p>\n<p>Tout d&#8217;abord, nous viendrons vous chercher \u00e0 votre h\u00f4tel ou lieu de votre choix \u00e0 l&#8217;int\u00e9rieur de la ville. Nous vous emm\u00e8nerons ensuite dans cette visite priv\u00e9e pour d\u00e9couvrir Barcelone et les sites les plus importants de Gaudi.<\/p>\n<p>Comme toutes nos visites, il s&#8217;agit d&#8217;une visite priv\u00e9e de Gaudi enti\u00e8rement personnalis\u00e9e. Vous pouvez personnaliser chaque visite en nous contactant simplement. Voici un exemple de la visite priv\u00e9e de Gaudi comprenant des billets pour le parc Guell et la Sagrada Familia. Si d&#8217;autres monuments sont pr\u00e9f\u00e9r\u00e9s, nous pouvons \u00e9galement l&#8217;organiser.<\/p>\n<p>Nous vous aiderons \u00e0 organiser votre exp\u00e9rience compl\u00e8tement personnalis\u00e9e et unique \u00e0 Barcelone.<\/p>\n<p>Quand vous dites Barcelone, vous pensez \u00e0 Antonio Gaudi. Ne manquez pas cette chance de d\u00e9couvrir le meilleur de Gaudi lors de cette visite priv\u00e9e de Gaudi.<\/p>\n<p>Admirez \u00e9galement notre visite priv\u00e9e \u00e0 pied de Gaudi.<\/p>\n<h2>Points d&#8217;int\u00e9r\u00eat et monuments<\/h2>\n<p>Tout d&#8217;abord, notre v\u00e9hicule de luxe priv\u00e9 avec chauffeur et guide officiel aditionel vous prendra en charge \u00e0 votre h\u00f4tel \u00e0 Barcelone.<\/p>\n<p>Apr\u00e8s cela, nous nous dirigerons vers la Sagrada Familia. Vous aurez la chance d&#8217;entrer dans la Sagrada Familia avec votre guide priv\u00e9 et d\u00e9couvrir les secrets et les joyaux de cette basilique unique. Ensuite, nous continuerons vers le reste des sites de Gaudi.<\/p>\n<p>De plus, une fois la Sagrada Familia termin\u00e9e, nous nous dirigerons vers le parc Guell. Profitez du magnifique parc d&#8217;Antonio Gaudi. C&#8217;est vraiment un site remarquable. Profitez de fl\u00e2ner dans le grand parc avec une vue imprenable sur la ville.<\/p>\n<p>Voici un exemple d&#8217;autres sites que nous appr\u00e9cierons pendant la visite:<\/p>\n<p>Paseo de Gracia: l&#8217;une des rues les plus populaires et luxueuses de la ville<br \/>\n&#8211; La Pedrera: \u00e9galement connue sous le nom de Casa Mila<br \/>\n&#8211; Casa Batllo<\/p>\n<p>Vous pourrez profiter et admirer la grande architecture et les sites des monuments les plus importants et les plus connus de Barcelone.<\/p>\n<p>Votre guide officiel priv\u00e9 et votre v\u00e9hicule de luxe priv\u00e9 avec chauffeur sont \u00e0 votre disposition tout au long de la visite pour profiter au maximum des deux monuments et apprendre \u00e0 tirer le meilleur parti de votre exp\u00e9rience \u00e0 Barcelone.<\/p>\n<p>Une fois la visite termin\u00e9e, votre guide officiel priv\u00e9 et chauffeur avec v\u00e9hicule vous ram\u00e8nera \u00e0 votre h\u00f4tel ou lieu de choix \u00e0 Barcelone.<\/p>\n<p>Pour r\u00e9sumer, profitez de cette visite priv\u00e9e de Gaudi et d\u00e9couvrez les plus importants avec votre guide priv\u00e9 officiel. Profitez de l&#8217;entr\u00e9e dans deux des designs les plus c\u00e9l\u00e8bres de Gaudi et prenez des photos incroyables qui cr\u00e9eront des souvenirs pour toute une vie!<\/p>\n","protected":false},"excerpt":{"rendered":"<p>Profitez de cette visite priv\u00e9e enti\u00e8rement personnalis\u00e9e de Barcelone et profitez des monuments et des \u0153uvres les plus importants de Gaudi. Profitez de cette occasion pour d\u00e9couvrir Barcelone dans cette exp\u00e9rience avec votre propre guide priv\u00e9 et votre v\u00e9hicule priv\u00e9 avec chauffeur. Laissez nouus personnaliser votre propre exp\u00e9rience. Ne manquez pas les monuments et sites touristiques comme le Paseo de Gracia, le parc Guell, la Sagrada Familia de Gaudi et bien plus encore!<\/p>\n","protected":false},"featured_media":93129,"comment_status":"open","ping_status":"closed","template":"","meta":{"_acf_changed":false},"product_brand":[],"product_cat":[5410,5412,3538],"product_tag":[],"class_list":{"0":"post-93121","1":"product","2":"type-product","3":"status-publish","4":"has-post-thumbnail","6":"product_cat-all-private-tours-activities-fr-30","7":"product_cat-best-sellers-fr-3","8":"product_cat-barcelone-fr","10":"first","11":"instock","12":"shipping-taxable","13":"purchasable","14":"product-type-simple"},"acf":[],"yoast_head":"<!-- This site is optimized with the Yoast SEO Premium plugin v25.3.1 (Yoast SEO v25.3.1) - https:\/\/yoast.com\/wordpress\/plugins\/seo\/ -->\n<title>Visite priv\u00e9e de Gaudi - Billets pour la Sagrada Familia et le parc Guell inclus<\/title>\n<meta name=\"description\" content=\"Visite priv\u00e9e gaudi enti\u00e8rement personnalis\u00e9e de Barcelone et profiter des \u0153uvres de Gaudi; Parc Guell, Sagrada Familia, La Pedrera, Casa Batllo ...\" \/>\n<meta name=\"robots\" content=\"index, follow, max-snippet:-1, max-image-preview:large, max-video-preview:-1\" \/>\n<link rel=\"canonical\" href=\"https:\/\/tourtravelandmore.com\/fr\/tours\/espagne-fr\/barcelone-fr\/visite-privee-de-gaudi\/\" \/>\n<meta property=\"og:locale\" content=\"fr_FR\" \/>\n<meta property=\"og:type\" content=\"article\" \/>\n<meta property=\"og:title\" content=\"Visite priv\u00e9e de Gaudi\" \/>\n<meta property=\"og:description\" content=\"Visite priv\u00e9e gaudi enti\u00e8rement personnalis\u00e9e de Barcelone et profiter des \u0153uvres de Gaudi; Parc Guell, Sagrada Familia, La Pedrera, Casa Batllo ...\" \/>\n<meta property=\"og:url\" content=\"https:\/\/tourtravelandmore.com\/fr\/tours\/espagne-fr\/barcelone-fr\/visite-privee-de-gaudi\/\" \/>\n<meta property=\"og:site_name\" content=\"Tour Travel And More\" \/>\n<meta property=\"article:publisher\" content=\"https:\/\/www.facebook.com\/tourtravelandmore\/\" \/>\n<meta property=\"article:modified_time\" content=\"2021-02-02T21:06:40+00:00\" \/>\n<meta property=\"og:image\" content=\"https:\/\/tourtravelandmore.com\/wp-content\/uploads\/2016\/10\/barcelona-complete-experiencie-tour.jpg\" \/>\n\t<meta property=\"og:image:width\" content=\"1280\" \/>\n\t<meta property=\"og:image:height\" content=\"851\" \/>\n\t<meta property=\"og:image:type\" content=\"image\/jpeg\" \/>\n<meta name=\"twitter:card\" content=\"summary_large_image\" \/>\n<meta name=\"twitter:site\" content=\"@TourTravel_More\" \/>\n<meta name=\"twitter:label1\" content=\"Dur\u00e9e de lecture estim\u00e9e\" \/>\n\t<meta name=\"twitter:data1\" content=\"2 minutes\" \/>\n<script type=\"application\/ld+json\" class=\"yoast-schema-graph\">{\"@context\":\"https:\/\/schema.org\",\"@graph\":[{\"@type\":\"WebPage\",\"@id\":\"https:\/\/tourtravelandmore.com\/fr\/tours\/espagne-fr\/barcelone-fr\/visite-privee-de-gaudi\/\",\"url\":\"https:\/\/tourtravelandmore.com\/fr\/tours\/espagne-fr\/barcelone-fr\/visite-privee-de-gaudi\/\",\"name\":\"Visite priv\u00e9e de Gaudi - Billets pour la Sagrada Familia et le parc Guell inclus\",\"isPartOf\":{\"@id\":\"https:\/\/tourtravelandmore.com\/fr\/#website\"},\"primaryImageOfPage\":{\"@id\":\"https:\/\/tourtravelandmore.com\/fr\/tours\/espagne-fr\/barcelone-fr\/visite-privee-de-gaudi\/#primaryimage\"},\"image\":{\"@id\":\"https:\/\/tourtravelandmore.com\/fr\/tours\/espagne-fr\/barcelone-fr\/visite-privee-de-gaudi\/#primaryimage\"},\"thumbnailUrl\":\"https:\/\/tourtravelandmore.com\/wp-content\/uploads\/2016\/10\/barcelona-complete-experiencie-tour.jpg\",\"datePublished\":\"2016-10-21T11:00:53+00:00\",\"dateModified\":\"2021-02-02T21:06:40+00:00\",\"description\":\"Visite priv\u00e9e gaudi enti\u00e8rement personnalis\u00e9e de Barcelone et profiter des \u0153uvres de Gaudi; Parc Guell, Sagrada Familia, La Pedrera, Casa Batllo ...\",\"breadcrumb\":{\"@id\":\"https:\/\/tourtravelandmore.com\/fr\/tours\/espagne-fr\/barcelone-fr\/visite-privee-de-gaudi\/#breadcrumb\"},\"inLanguage\":\"fr-FR\",\"potentialAction\":[{\"@type\":\"ReadAction\",\"target\":[\"https:\/\/tourtravelandmore.com\/fr\/tours\/espagne-fr\/barcelone-fr\/visite-privee-de-gaudi\/\"]}]},{\"@type\":\"ImageObject\",\"inLanguage\":\"fr-FR\",\"@id\":\"https:\/\/tourtravelandmore.com\/fr\/tours\/espagne-fr\/barcelone-fr\/visite-privee-de-gaudi\/#primaryimage\",\"url\":\"https:\/\/tourtravelandmore.com\/wp-content\/uploads\/2016\/10\/barcelona-complete-experiencie-tour.jpg\",\"contentUrl\":\"https:\/\/tourtravelandmore.com\/wp-content\/uploads\/2016\/10\/barcelona-complete-experiencie-tour.jpg\",\"width\":1280,\"height\":851},{\"@type\":\"BreadcrumbList\",\"@id\":\"https:\/\/tourtravelandmore.com\/fr\/tours\/espagne-fr\/barcelone-fr\/visite-privee-de-gaudi\/#breadcrumb\",\"itemListElement\":[{\"@type\":\"ListItem\",\"position\":1,\"name\":\"Home\",\"item\":\"https:\/\/tourtravelandmore.com\/fr\/\"},{\"@type\":\"ListItem\",\"position\":2,\"name\":\"Tours\",\"item\":\"https:\/\/tourtravelandmore.com\/fr\/tours\/\"},{\"@type\":\"ListItem\",\"position\":3,\"name\":\"Visite priv\u00e9e de Gaudi\"}]},{\"@type\":\"WebSite\",\"@id\":\"https:\/\/tourtravelandmore.com\/fr\/#website\",\"url\":\"https:\/\/tourtravelandmore.com\/fr\/\",\"name\":\"Tour Travel And More\",\"description\":\"Private sightseeing tours and luxury transfers in Spain\",\"publisher\":{\"@id\":\"https:\/\/tourtravelandmore.com\/fr\/#organization\"},\"potentialAction\":[{\"@type\":\"SearchAction\",\"target\":{\"@type\":\"EntryPoint\",\"urlTemplate\":\"https:\/\/tourtravelandmore.com\/fr\/?s={search_term_string}\"},\"query-input\":{\"@type\":\"PropertyValueSpecification\",\"valueRequired\":true,\"valueName\":\"search_term_string\"}}],\"inLanguage\":\"fr-FR\"},{\"@type\":\"Organization\",\"@id\":\"https:\/\/tourtravelandmore.com\/fr\/#organization\",\"name\":\"Tour Travel And More\",\"url\":\"https:\/\/tourtravelandmore.com\/fr\/\",\"logo\":{\"@type\":\"ImageObject\",\"inLanguage\":\"fr-FR\",\"@id\":\"https:\/\/tourtravelandmore.com\/fr\/#\/schema\/logo\/image\/\",\"url\":\"https:\/\/tourtravelandmore.com\/wp-content\/uploads\/2022\/12\/cropped-logo-cabecera-new.png\",\"contentUrl\":\"https:\/\/tourtravelandmore.com\/wp-content\/uploads\/2022\/12\/cropped-logo-cabecera-new.png\",\"width\":430,\"height\":61,\"caption\":\"Tour Travel And More\"},\"image\":{\"@id\":\"https:\/\/tourtravelandmore.com\/fr\/#\/schema\/logo\/image\/\"},\"sameAs\":[\"https:\/\/www.facebook.com\/tourtravelandmore\/\",\"https:\/\/x.com\/TourTravel_More\"]}]}<\/script>\n<!-- \/ Yoast SEO Premium plugin. -->","yoast_head_json":{"title":"Visite priv\u00e9e de Gaudi - Billets pour la Sagrada Familia et le parc Guell inclus","description":"Visite priv\u00e9e gaudi enti\u00e8rement personnalis\u00e9e de Barcelone et profiter des \u0153uvres de Gaudi; Parc Guell, Sagrada Familia, La Pedrera, Casa Batllo ...","robots":{"index":"index","follow":"follow","max-snippet":"max-snippet:-1","max-image-preview":"max-image-preview:large","max-video-preview":"max-video-preview:-1"},"canonical":"https:\/\/tourtravelandmore.com\/fr\/tours\/espagne-fr\/barcelone-fr\/visite-privee-de-gaudi\/","og_locale":"fr_FR","og_type":"article","og_title":"Visite priv\u00e9e de Gaudi","og_description":"Visite priv\u00e9e gaudi enti\u00e8rement personnalis\u00e9e de Barcelone et profiter des \u0153uvres de Gaudi; Parc Guell, Sagrada Familia, La Pedrera, Casa Batllo ...","og_url":"https:\/\/tourtravelandmore.com\/fr\/tours\/espagne-fr\/barcelone-fr\/visite-privee-de-gaudi\/","og_site_name":"Tour Travel And More","article_publisher":"https:\/\/www.facebook.com\/tourtravelandmore\/","article_modified_time":"2021-02-02T21:06:40+00:00","og_image":[{"width":1280,"height":851,"url":"https:\/\/tourtravelandmore.com\/wp-content\/uploads\/2016\/10\/barcelona-complete-experiencie-tour.jpg","type":"image\/jpeg"}],"twitter_card":"summary_large_image","twitter_site":"@TourTravel_More","twitter_misc":{"Dur\u00e9e de lecture estim\u00e9e":"2 minutes"},"schema":{"@context":"https:\/\/schema.org","@graph":[{"@type":"WebPage","@id":"https:\/\/tourtravelandmore.com\/fr\/tours\/espagne-fr\/barcelone-fr\/visite-privee-de-gaudi\/","url":"https:\/\/tourtravelandmore.com\/fr\/tours\/espagne-fr\/barcelone-fr\/visite-privee-de-gaudi\/","name":"Visite priv\u00e9e de Gaudi - Billets pour la Sagrada Familia et le parc Guell inclus","isPartOf":{"@id":"https:\/\/tourtravelandmore.com\/fr\/#website"},"primaryImageOfPage":{"@id":"https:\/\/tourtravelandmore.com\/fr\/tours\/espagne-fr\/barcelone-fr\/visite-privee-de-gaudi\/#primaryimage"},"image":{"@id":"https:\/\/tourtravelandmore.com\/fr\/tours\/espagne-fr\/barcelone-fr\/visite-privee-de-gaudi\/#primaryimage"},"thumbnailUrl":"https:\/\/tourtravelandmore.com\/wp-content\/uploads\/2016\/10\/barcelona-complete-experiencie-tour.jpg","datePublished":"2016-10-21T11:00:53+00:00","dateModified":"2021-02-02T21:06:40+00:00","description":"Visite priv\u00e9e gaudi enti\u00e8rement personnalis\u00e9e de Barcelone et profiter des \u0153uvres de Gaudi; Parc Guell, Sagrada Familia, La Pedrera, Casa Batllo ...","breadcrumb":{"@id":"https:\/\/tourtravelandmore.com\/fr\/tours\/espagne-fr\/barcelone-fr\/visite-privee-de-gaudi\/#breadcrumb"},"inLanguage":"fr-FR","potentialAction":[{"@type":"ReadAction","target":["https:\/\/tourtravelandmore.com\/fr\/tours\/espagne-fr\/barcelone-fr\/visite-privee-de-gaudi\/"]}]},{"@type":"ImageObject","inLanguage":"fr-FR","@id":"https:\/\/tourtravelandmore.com\/fr\/tours\/espagne-fr\/barcelone-fr\/visite-privee-de-gaudi\/#primaryimage","url":"https:\/\/tourtravelandmore.com\/wp-content\/uploads\/2016\/10\/barcelona-complete-experiencie-tour.jpg","contentUrl":"https:\/\/tourtravelandmore.com\/wp-content\/uploads\/2016\/10\/barcelona-complete-experiencie-tour.jpg","width":1280,"height":851},{"@type":"BreadcrumbList","@id":"https:\/\/tourtravelandmore.com\/fr\/tours\/espagne-fr\/barcelone-fr\/visite-privee-de-gaudi\/#breadcrumb","itemListElement":[{"@type":"ListItem","position":1,"name":"Home","item":"https:\/\/tourtravelandmore.com\/fr\/"},{"@type":"ListItem","position":2,"name":"Tours","item":"https:\/\/tourtravelandmore.com\/fr\/tours\/"},{"@type":"ListItem","position":3,"name":"Visite priv\u00e9e de Gaudi"}]},{"@type":"WebSite","@id":"https:\/\/tourtravelandmore.com\/fr\/#website","url":"https:\/\/tourtravelandmore.com\/fr\/","name":"Tour Travel And More","description":"Private sightseeing tours and luxury transfers in Spain","publisher":{"@id":"https:\/\/tourtravelandmore.com\/fr\/#organization"},"potentialAction":[{"@type":"SearchAction","target":{"@type":"EntryPoint","urlTemplate":"https:\/\/tourtravelandmore.com\/fr\/?s={search_term_string}"},"query-input":{"@type":"PropertyValueSpecification","valueRequired":true,"valueName":"search_term_string"}}],"inLanguage":"fr-FR"},{"@type":"Organization","@id":"https:\/\/tourtravelandmore.com\/fr\/#organization","name":"Tour Travel And More","url":"https:\/\/tourtravelandmore.com\/fr\/","logo":{"@type":"ImageObject","inLanguage":"fr-FR","@id":"https:\/\/tourtravelandmore.com\/fr\/#\/schema\/logo\/image\/","url":"https:\/\/tourtravelandmore.com\/wp-content\/uploads\/2022\/12\/cropped-logo-cabecera-new.png","contentUrl":"https:\/\/tourtravelandmore.com\/wp-content\/uploads\/2022\/12\/cropped-logo-cabecera-new.png","width":430,"height":61,"caption":"Tour Travel And More"},"image":{"@id":"https:\/\/tourtravelandmore.com\/fr\/#\/schema\/logo\/image\/"},"sameAs":["https:\/\/www.facebook.com\/tourtravelandmore\/","https:\/\/x.com\/TourTravel_More"]}]}},"_links":{"self":[{"href":"https:\/\/tourtravelandmore.com\/fr\/wp-json\/wp\/v2\/product\/93121","targetHints":{"allow":["GET"]}}],"collection":[{"href":"https:\/\/tourtravelandmore.com\/fr\/wp-json\/wp\/v2\/product"}],"about":[{"href":"https:\/\/tourtravelandmore.com\/fr\/wp-json\/wp\/v2\/types\/product"}],"replies":[{"embeddable":true,"href":"https:\/\/tourtravelandmore.com\/fr\/wp-json\/wp\/v2\/comments?post=93121"}],"wp:featuredmedia":[{"embeddable":true,"href":"https:\/\/tourtravelandmore.com\/fr\/wp-json\/wp\/v2\/media\/93129"}],"wp:attachment":[{"href":"https:\/\/tourtravelandmore.com\/fr\/wp-json\/wp\/v2\/media?parent=93121"}],"wp:term":[{"taxonomy":"product_brand","embeddable":true,"href":"https:\/\/tourtravelandmore.com\/fr\/wp-json\/wp\/v2\/product_brand?post=93121"},{"taxonomy":"product_cat","embeddable":true,"href":"https:\/\/tourtravelandmore.com\/fr\/wp-json\/wp\/v2\/product_cat?post=93121"},{"taxonomy":"product_tag","embeddable":true,"href":"https:\/\/tourtravelandmore.com\/fr\/wp-json\/wp\/v2\/product_tag?post=93121"}],"curies":[{"name":"wp","href":"https:\/\/api.w.org\/{rel}","templated":true}]}}