{"id":189598,"date":"2026-03-11T15:48:12","date_gmt":"2026-03-11T14:48:17","guid":{"rendered":"https:\/\/tourtravelandmore.com\/?post_type=product&#038;p=189598"},"modified":"2026-03-11T16:13:24","modified_gmt":"2026-03-11T15:13:24","slug":"visite-privee-dune-demi-journee-a-shanghai-copy-2","status":"publish","type":"product","link":"https:\/\/tourtravelandmore.com\/fr\/tours\/china-fr\/shangai\/visite-privee-dune-demi-journee-a-shanghai-copy-2\/","title":{"rendered":"Visite priv\u00e9e de la concession fran\u00e7aise de Shanghai"},"content":{"rendered":"<h2><b><strong>Visite priv\u00e9e de la concession fran\u00e7aise de Shanghai | Description<\/strong><\/b><\/h2>\n<p>La <b>visite priv\u00e9e de la concession fran\u00e7aise de Shanghai<\/b> vous offre un aper\u00e7u approfondi de l&#8217;un des quartiers les plus charmants et historiques de <b>Shanghai<\/b>. Votre chauffeur priv\u00e9 et votre guide officiel viendront vous chercher \u00e0 votre h\u00f4tel et vous emm\u00e8neront dans un quartier connu pour ses avenues bord\u00e9es d&#8217;arbres, son architecture europ\u00e9enne et son atmosph\u00e8re d\u00e9tendue. Cette exp\u00e9rience combine un transport confortable et d&#8217;agr\u00e9ables promenades dans certains des quartiers les plus caract\u00e9ristiques de la ville.<\/p>\n<p>L&#8217;itin\u00e9raire vous emm\u00e8ne dans la concession fran\u00e7aise historique de Shanghai, un quartier qui s&#8217;est d\u00e9velopp\u00e9 \u00e0 la fin du XIXe si\u00e8cle et au d\u00e9but du XXe si\u00e8cle. De plus, les larges boulevards ombrag\u00e9s par des platanes cr\u00e9ent un environnement sensiblement diff\u00e9rent de celui des quartiers modernes de Shanghai. Votre guide vous expliquera les influences internationales qui ont fa\u00e7onn\u00e9 le quartier tout en vous montrant des r\u00e9sidences historiques, des institutions culturelles et d&#8217;\u00e9l\u00e9gantes villas.<\/p>\n<p>Au cours de la visite, vous explorerez des rues qui allient le charme historique \u00e0 la vie contemporaine. De plus, les boutiques, les caf\u00e9s et les espaces artistiques refl\u00e8tent l&#8217;atmosph\u00e8re cr\u00e9ative du quartier. La visite peut \u00e9galement inclure l&#8217;entr\u00e9e \u00e0 certains sites culturels qui illustrent la vie quotidienne et l&#8217;architecture de l&#8217;\u00e9poque coloniale \u00e0 Shanghai.<\/p>\n<p>Tout au long de l&#8217;exp\u00e9rience, le format priv\u00e9 offre une grande flexibilit\u00e9 et vous permet de profiter pleinement du cadre. De plus, de courtes promenades dans des rues tranquilles et de petits parcs vous offrent d&#8217;excellentes occasions de prendre des photos, tandis que votre guide vous raconte des anecdotes sur les \u00e9crivains, les artistes et les personnalit\u00e9s influentes qui ont v\u00e9cu dans le quartier.<\/p>\n<h2><b><strong>Points d&#8217;int\u00e9r\u00eat et sites embl\u00e9matiques<\/strong><\/b><\/h2>\n<ul>\n<li><b>Rues de la concession fran\u00e7aise :<\/b> avenues \u00e9l\u00e9gantes bord\u00e9es d&#8217;arbres historiques.<\/li>\n<li><b>Architecture coloniale :<\/b> villas et b\u00e2timents refl\u00e9tant l&#8217;influence europ\u00e9enne.<\/li>\n<li><b>Sites du patrimoine culturel :<\/b> lieux historiques li\u00e9s au pass\u00e9 de Shanghai.<\/li>\n<li><b>Boutiques et caf\u00e9s :<\/b> rues anim\u00e9es alliant tradition et vie moderne.<\/li>\n<li><b>Boulevards bord\u00e9s d&#8217;arbres :<\/b> paysages urbains pittoresques propres au quartier.<\/li>\n<li><b>Ambiance locale :<\/b> un quartier d\u00e9contract\u00e9 avec une forte identit\u00e9 culturelle.<\/li>\n<\/ul>\n<p>Parfait pour les voyageurs en qu\u00eate d&#8217;histoire et d&#8217;ambiance, le circuit priv\u00e9 dans la concession fran\u00e7aise de Shanghai r\u00e9v\u00e8le un c\u00f4t\u00e9 raffin\u00e9 de la ville. Avec des guides experts et un transport fluide, le <b>circuit priv\u00e9 dans la concession fran\u00e7aise de Shanghai<\/b> combine architecture, culture et vie quotidienne en une exp\u00e9rience m\u00e9morable.<\/p>\n<p>Regardez nos circuits en <a href=\"https:\/\/tourtravelandmore.com\/\">Chine<\/a> pour plus d&#8217;informations !<\/p>\n","protected":false},"excerpt":{"rendered":"<p>La <b>visite priv\u00e9e de la concession fran\u00e7aise de Shanghai<\/b> vous offre un aper\u00e7u approfondi de l&#8217;un des quartiers les plus charmants et historiques de <b>Shanghai<\/b>. Votre chauffeur priv\u00e9 et votre guide officiel viendront vous chercher \u00e0 votre h\u00f4tel et vous emm\u00e8neront dans un quartier connu pour ses avenues bord\u00e9es d&#8217;arbres, son architecture europ\u00e9enne et son atmosph\u00e8re d\u00e9tendue. Cette exp\u00e9rience combine un transport confortable et d&#8217;agr\u00e9ables promenades dans certains des quartiers les plus caract\u00e9ristiques de la ville.<\/p>\n","protected":false},"featured_media":189610,"comment_status":"open","ping_status":"closed","template":"","meta":{"_acf_changed":false},"product_brand":[],"product_cat":[5691,5603,5687],"product_tag":[],"class_list":{"0":"post-189598","1":"product","2":"type-product","3":"status-publish","4":"has-post-thumbnail","6":"product_cat-all-private-tour-and-activities-2","7":"product_cat-china-fr","8":"product_cat-shangai","10":"first","11":"instock","12":"shipping-taxable","13":"purchasable","14":"product-type-simple"},"acf":[],"yoast_head":"<!-- This site is optimized with the Yoast SEO Premium plugin v25.3.1 (Yoast SEO v25.3.1) - https:\/\/yoast.com\/wordpress\/plugins\/seo\/ -->\n<title>Visite priv\u00e9e de la concession fran\u00e7aise de Shanghai<\/title>\n<meta name=\"description\" content=\"Visite priv\u00e9e de la concession fran\u00e7aise de Shanghai. V\u00e9hicule de luxe priv\u00e9 avec chauffeur pour vous amener rapidement et confortablement \u00e0 votre emplacement.\" \/>\n<meta name=\"robots\" content=\"index, follow, max-snippet:-1, max-image-preview:large, max-video-preview:-1\" \/>\n<link rel=\"canonical\" href=\"https:\/\/tourtravelandmore.com\/fr\/tours\/china-fr\/shangai\/visite-privee-dune-demi-journee-a-shanghai-copy-2\/\" \/>\n<meta property=\"og:locale\" content=\"fr_FR\" \/>\n<meta property=\"og:type\" content=\"article\" \/>\n<meta property=\"og:title\" content=\"Visite priv\u00e9e de la concession fran\u00e7aise de Shanghai\" \/>\n<meta property=\"og:description\" content=\"Visite priv\u00e9e de la concession fran\u00e7aise de Shanghai. V\u00e9hicule de luxe priv\u00e9 avec chauffeur pour vous amener rapidement et confortablement \u00e0 votre emplacement.\" \/>\n<meta property=\"og:url\" content=\"https:\/\/tourtravelandmore.com\/fr\/tours\/china-fr\/shangai\/visite-privee-dune-demi-journee-a-shanghai-copy-2\/\" \/>\n<meta property=\"og:site_name\" content=\"Tour Travel And More\" \/>\n<meta property=\"article:publisher\" content=\"https:\/\/www.facebook.com\/tourtravelandmore\/\" \/>\n<meta property=\"article:modified_time\" content=\"2026-03-11T15:13:24+00:00\" \/>\n<meta property=\"og:image\" content=\"https:\/\/tourtravelandmore.com\/wp-content\/uploads\/2026\/03\/shanghai.jpg\" \/>\n\t<meta property=\"og:image:width\" content=\"2048\" \/>\n\t<meta property=\"og:image:height\" content=\"1536\" \/>\n\t<meta property=\"og:image:type\" content=\"image\/jpeg\" \/>\n<meta name=\"twitter:card\" content=\"summary_large_image\" \/>\n<meta name=\"twitter:site\" content=\"@TourTravel_More\" \/>\n<meta name=\"twitter:label1\" content=\"Dur\u00e9e de lecture estim\u00e9e\" \/>\n\t<meta name=\"twitter:data1\" content=\"2 minutes\" \/>\n<script type=\"application\/ld+json\" class=\"yoast-schema-graph\">{\"@context\":\"https:\/\/schema.org\",\"@graph\":[{\"@type\":\"WebPage\",\"@id\":\"https:\/\/tourtravelandmore.com\/fr\/tours\/china-fr\/shangai\/visite-privee-dune-demi-journee-a-shanghai-copy-2\/\",\"url\":\"https:\/\/tourtravelandmore.com\/fr\/tours\/china-fr\/shangai\/visite-privee-dune-demi-journee-a-shanghai-copy-2\/\",\"name\":\"Visite priv\u00e9e de la concession fran\u00e7aise de Shanghai\",\"isPartOf\":{\"@id\":\"https:\/\/tourtravelandmore.com\/fr\/#website\"},\"primaryImageOfPage\":{\"@id\":\"https:\/\/tourtravelandmore.com\/fr\/tours\/china-fr\/shangai\/visite-privee-dune-demi-journee-a-shanghai-copy-2\/#primaryimage\"},\"image\":{\"@id\":\"https:\/\/tourtravelandmore.com\/fr\/tours\/china-fr\/shangai\/visite-privee-dune-demi-journee-a-shanghai-copy-2\/#primaryimage\"},\"thumbnailUrl\":\"https:\/\/tourtravelandmore.com\/wp-content\/uploads\/2026\/03\/shanghai.jpg\",\"datePublished\":\"2026-03-11T14:48:17+00:00\",\"dateModified\":\"2026-03-11T15:13:24+00:00\",\"description\":\"Visite priv\u00e9e de la concession fran\u00e7aise de Shanghai. V\u00e9hicule de luxe priv\u00e9 avec chauffeur pour vous amener rapidement et confortablement \u00e0 votre emplacement.\",\"breadcrumb\":{\"@id\":\"https:\/\/tourtravelandmore.com\/fr\/tours\/china-fr\/shangai\/visite-privee-dune-demi-journee-a-shanghai-copy-2\/#breadcrumb\"},\"inLanguage\":\"fr-FR\",\"potentialAction\":[{\"@type\":\"ReadAction\",\"target\":[\"https:\/\/tourtravelandmore.com\/fr\/tours\/china-fr\/shangai\/visite-privee-dune-demi-journee-a-shanghai-copy-2\/\"]}]},{\"@type\":\"ImageObject\",\"inLanguage\":\"fr-FR\",\"@id\":\"https:\/\/tourtravelandmore.com\/fr\/tours\/china-fr\/shangai\/visite-privee-dune-demi-journee-a-shanghai-copy-2\/#primaryimage\",\"url\":\"https:\/\/tourtravelandmore.com\/wp-content\/uploads\/2026\/03\/shanghai.jpg\",\"contentUrl\":\"https:\/\/tourtravelandmore.com\/wp-content\/uploads\/2026\/03\/shanghai.jpg\",\"width\":2048,\"height\":1536},{\"@type\":\"BreadcrumbList\",\"@id\":\"https:\/\/tourtravelandmore.com\/fr\/tours\/china-fr\/shangai\/visite-privee-dune-demi-journee-a-shanghai-copy-2\/#breadcrumb\",\"itemListElement\":[{\"@type\":\"ListItem\",\"position\":1,\"name\":\"Home\",\"item\":\"https:\/\/tourtravelandmore.com\/fr\/\"},{\"@type\":\"ListItem\",\"position\":2,\"name\":\"Tours\",\"item\":\"https:\/\/tourtravelandmore.com\/fr\/tours\/\"},{\"@type\":\"ListItem\",\"position\":3,\"name\":\"Visite priv\u00e9e de la concession fran\u00e7aise de Shanghai\"}]},{\"@type\":\"WebSite\",\"@id\":\"https:\/\/tourtravelandmore.com\/fr\/#website\",\"url\":\"https:\/\/tourtravelandmore.com\/fr\/\",\"name\":\"Tour Travel And More\",\"description\":\"Private sightseeing tours and luxury transfers in Spain\",\"publisher\":{\"@id\":\"https:\/\/tourtravelandmore.com\/fr\/#organization\"},\"potentialAction\":[{\"@type\":\"SearchAction\",\"target\":{\"@type\":\"EntryPoint\",\"urlTemplate\":\"https:\/\/tourtravelandmore.com\/fr\/?s={search_term_string}\"},\"query-input\":{\"@type\":\"PropertyValueSpecification\",\"valueRequired\":true,\"valueName\":\"search_term_string\"}}],\"inLanguage\":\"fr-FR\"},{\"@type\":\"Organization\",\"@id\":\"https:\/\/tourtravelandmore.com\/fr\/#organization\",\"name\":\"Tour Travel And More\",\"url\":\"https:\/\/tourtravelandmore.com\/fr\/\",\"logo\":{\"@type\":\"ImageObject\",\"inLanguage\":\"fr-FR\",\"@id\":\"https:\/\/tourtravelandmore.com\/fr\/#\/schema\/logo\/image\/\",\"url\":\"https:\/\/tourtravelandmore.com\/wp-content\/uploads\/2022\/12\/cropped-logo-cabecera-new.png\",\"contentUrl\":\"https:\/\/tourtravelandmore.com\/wp-content\/uploads\/2022\/12\/cropped-logo-cabecera-new.png\",\"width\":430,\"height\":61,\"caption\":\"Tour Travel And More\"},\"image\":{\"@id\":\"https:\/\/tourtravelandmore.com\/fr\/#\/schema\/logo\/image\/\"},\"sameAs\":[\"https:\/\/www.facebook.com\/tourtravelandmore\/\",\"https:\/\/x.com\/TourTravel_More\"]}]}<\/script>\n<!-- \/ Yoast SEO Premium plugin. -->","yoast_head_json":{"title":"Visite priv\u00e9e de la concession fran\u00e7aise de Shanghai","description":"Visite priv\u00e9e de la concession fran\u00e7aise de Shanghai. V\u00e9hicule de luxe priv\u00e9 avec chauffeur pour vous amener rapidement et confortablement \u00e0 votre emplacement.","robots":{"index":"index","follow":"follow","max-snippet":"max-snippet:-1","max-image-preview":"max-image-preview:large","max-video-preview":"max-video-preview:-1"},"canonical":"https:\/\/tourtravelandmore.com\/fr\/tours\/china-fr\/shangai\/visite-privee-dune-demi-journee-a-shanghai-copy-2\/","og_locale":"fr_FR","og_type":"article","og_title":"Visite priv\u00e9e de la concession fran\u00e7aise de Shanghai","og_description":"Visite priv\u00e9e de la concession fran\u00e7aise de Shanghai. V\u00e9hicule de luxe priv\u00e9 avec chauffeur pour vous amener rapidement et confortablement \u00e0 votre emplacement.","og_url":"https:\/\/tourtravelandmore.com\/fr\/tours\/china-fr\/shangai\/visite-privee-dune-demi-journee-a-shanghai-copy-2\/","og_site_name":"Tour Travel And More","article_publisher":"https:\/\/www.facebook.com\/tourtravelandmore\/","article_modified_time":"2026-03-11T15:13:24+00:00","og_image":[{"width":2048,"height":1536,"url":"https:\/\/tourtravelandmore.com\/wp-content\/uploads\/2026\/03\/shanghai.jpg","type":"image\/jpeg"}],"twitter_card":"summary_large_image","twitter_site":"@TourTravel_More","twitter_misc":{"Dur\u00e9e de lecture estim\u00e9e":"2 minutes"},"schema":{"@context":"https:\/\/schema.org","@graph":[{"@type":"WebPage","@id":"https:\/\/tourtravelandmore.com\/fr\/tours\/china-fr\/shangai\/visite-privee-dune-demi-journee-a-shanghai-copy-2\/","url":"https:\/\/tourtravelandmore.com\/fr\/tours\/china-fr\/shangai\/visite-privee-dune-demi-journee-a-shanghai-copy-2\/","name":"Visite priv\u00e9e de la concession fran\u00e7aise de Shanghai","isPartOf":{"@id":"https:\/\/tourtravelandmore.com\/fr\/#website"},"primaryImageOfPage":{"@id":"https:\/\/tourtravelandmore.com\/fr\/tours\/china-fr\/shangai\/visite-privee-dune-demi-journee-a-shanghai-copy-2\/#primaryimage"},"image":{"@id":"https:\/\/tourtravelandmore.com\/fr\/tours\/china-fr\/shangai\/visite-privee-dune-demi-journee-a-shanghai-copy-2\/#primaryimage"},"thumbnailUrl":"https:\/\/tourtravelandmore.com\/wp-content\/uploads\/2026\/03\/shanghai.jpg","datePublished":"2026-03-11T14:48:17+00:00","dateModified":"2026-03-11T15:13:24+00:00","description":"Visite priv\u00e9e de la concession fran\u00e7aise de Shanghai. V\u00e9hicule de luxe priv\u00e9 avec chauffeur pour vous amener rapidement et confortablement \u00e0 votre emplacement.","breadcrumb":{"@id":"https:\/\/tourtravelandmore.com\/fr\/tours\/china-fr\/shangai\/visite-privee-dune-demi-journee-a-shanghai-copy-2\/#breadcrumb"},"inLanguage":"fr-FR","potentialAction":[{"@type":"ReadAction","target":["https:\/\/tourtravelandmore.com\/fr\/tours\/china-fr\/shangai\/visite-privee-dune-demi-journee-a-shanghai-copy-2\/"]}]},{"@type":"ImageObject","inLanguage":"fr-FR","@id":"https:\/\/tourtravelandmore.com\/fr\/tours\/china-fr\/shangai\/visite-privee-dune-demi-journee-a-shanghai-copy-2\/#primaryimage","url":"https:\/\/tourtravelandmore.com\/wp-content\/uploads\/2026\/03\/shanghai.jpg","contentUrl":"https:\/\/tourtravelandmore.com\/wp-content\/uploads\/2026\/03\/shanghai.jpg","width":2048,"height":1536},{"@type":"BreadcrumbList","@id":"https:\/\/tourtravelandmore.com\/fr\/tours\/china-fr\/shangai\/visite-privee-dune-demi-journee-a-shanghai-copy-2\/#breadcrumb","itemListElement":[{"@type":"ListItem","position":1,"name":"Home","item":"https:\/\/tourtravelandmore.com\/fr\/"},{"@type":"ListItem","position":2,"name":"Tours","item":"https:\/\/tourtravelandmore.com\/fr\/tours\/"},{"@type":"ListItem","position":3,"name":"Visite priv\u00e9e de la concession fran\u00e7aise de Shanghai"}]},{"@type":"WebSite","@id":"https:\/\/tourtravelandmore.com\/fr\/#website","url":"https:\/\/tourtravelandmore.com\/fr\/","name":"Tour Travel And More","description":"Private sightseeing tours and luxury transfers in Spain","publisher":{"@id":"https:\/\/tourtravelandmore.com\/fr\/#organization"},"potentialAction":[{"@type":"SearchAction","target":{"@type":"EntryPoint","urlTemplate":"https:\/\/tourtravelandmore.com\/fr\/?s={search_term_string}"},"query-input":{"@type":"PropertyValueSpecification","valueRequired":true,"valueName":"search_term_string"}}],"inLanguage":"fr-FR"},{"@type":"Organization","@id":"https:\/\/tourtravelandmore.com\/fr\/#organization","name":"Tour Travel And More","url":"https:\/\/tourtravelandmore.com\/fr\/","logo":{"@type":"ImageObject","inLanguage":"fr-FR","@id":"https:\/\/tourtravelandmore.com\/fr\/#\/schema\/logo\/image\/","url":"https:\/\/tourtravelandmore.com\/wp-content\/uploads\/2022\/12\/cropped-logo-cabecera-new.png","contentUrl":"https:\/\/tourtravelandmore.com\/wp-content\/uploads\/2022\/12\/cropped-logo-cabecera-new.png","width":430,"height":61,"caption":"Tour Travel And More"},"image":{"@id":"https:\/\/tourtravelandmore.com\/fr\/#\/schema\/logo\/image\/"},"sameAs":["https:\/\/www.facebook.com\/tourtravelandmore\/","https:\/\/x.com\/TourTravel_More"]}]}},"_links":{"self":[{"href":"https:\/\/tourtravelandmore.com\/fr\/wp-json\/wp\/v2\/product\/189598","targetHints":{"allow":["GET"]}}],"collection":[{"href":"https:\/\/tourtravelandmore.com\/fr\/wp-json\/wp\/v2\/product"}],"about":[{"href":"https:\/\/tourtravelandmore.com\/fr\/wp-json\/wp\/v2\/types\/product"}],"replies":[{"embeddable":true,"href":"https:\/\/tourtravelandmore.com\/fr\/wp-json\/wp\/v2\/comments?post=189598"}],"wp:featuredmedia":[{"embeddable":true,"href":"https:\/\/tourtravelandmore.com\/fr\/wp-json\/wp\/v2\/media\/189610"}],"wp:attachment":[{"href":"https:\/\/tourtravelandmore.com\/fr\/wp-json\/wp\/v2\/media?parent=189598"}],"wp:term":[{"taxonomy":"product_brand","embeddable":true,"href":"https:\/\/tourtravelandmore.com\/fr\/wp-json\/wp\/v2\/product_brand?post=189598"},{"taxonomy":"product_cat","embeddable":true,"href":"https:\/\/tourtravelandmore.com\/fr\/wp-json\/wp\/v2\/product_cat?post=189598"},{"taxonomy":"product_tag","embeddable":true,"href":"https:\/\/tourtravelandmore.com\/fr\/wp-json\/wp\/v2\/product_tag?post=189598"}],"curies":[{"name":"wp","href":"https:\/\/api.w.org\/{rel}","templated":true}]}}