{"id":189570,"date":"2026-03-11T14:56:35","date_gmt":"2026-03-11T13:56:49","guid":{"rendered":"https:\/\/tourtravelandmore.com\/?post_type=product&#038;p=189570"},"modified":"2026-03-11T15:21:22","modified_gmt":"2026-03-11T14:21:22","slug":"visite-guidee-privee-a-pied-de-shanghai-copy","status":"publish","type":"product","link":"https:\/\/tourtravelandmore.com\/fr\/tours\/china-fr\/shangai\/visite-guidee-privee-a-pied-de-shanghai-copy\/","title":{"rendered":"Visite nocturne priv\u00e9e \u00e0 pied de Shanghai"},"content":{"rendered":"<h2><strong>Visite nocturne priv\u00e9e \u00e0 pied de Shanghai | Description<\/strong><\/h2>\n<p>La <b>visite nocturne priv\u00e9e \u00e0 pied de Shanghai<\/b> vous invite \u00e0 explorer la ville une fois que les lumi\u00e8res s&#8217;allument et que la ligne d&#8217;horizon commence \u00e0 briller. Votre guide officiel vous retrouve dans un quartier central et vous pr\u00e9sente l&#8217;atmosph\u00e8re nocturne de <b>Shanghai<\/b>, o\u00f9 les b\u00e2timents historiques et les tours modernes cr\u00e9ent l&#8217;un des paysages nocturnes les plus reconnaissables d&#8217;Asie. Le rythme de marche d\u00e9tendu vous permet d&#8217;appr\u00e9cier l&#8217;\u00e9nergie de la ville apr\u00e8s la tomb\u00e9e de la nuit.<\/p>\n<p>Le parcours commence pr\u00e8s du c\u00e9l\u00e8bre front de mer connu sous le nom de <b>The Bund<\/b>, l&#8217;un des lieux les plus embl\u00e9matiques de Shanghai. De plus, les b\u00e2timents historiques qui bordent la promenade sont particuli\u00e8rement impressionnants lorsqu&#8217;ils sont illumin\u00e9s la nuit. Pendant que vous longez les berges, votre guide vous explique comment ce quartier \u00e9tait autrefois le centre financier de la Shanghai internationale au XIXe et au d\u00e9but du XXe si\u00e8cle.<\/p>\n<p>De l&#8217;autre c\u00f4t\u00e9 du fleuve Huangpu, la silhouette futuriste de Pudong illumine l&#8217;horizon. De plus, les tours et les gratte-ciel cr\u00e9ent un contraste saisissant avec l&#8217;architecture historique du Bund. Depuis la promenade, vous profiterez d&#8217;une vue imprenable sur la ligne d&#8217;horizon tandis que votre guide vous racontera l&#8217;histoire de la transformation de Shanghai en m\u00e9tropole mondiale.<\/p>\n<p>Au fur et \u00e0 mesure de la promenade, le circuit vous emm\u00e8nera dans les rues voisines o\u00f9 la vie nocturne se d\u00e9roule naturellement. De plus, les caf\u00e9s, les avenues illumin\u00e9es et les espaces publics anim\u00e9s r\u00e9v\u00e8lent le rythme de la ville apr\u00e8s le coucher du soleil. La combinaison de l&#8217;architecture, des lumi\u00e8res de la ville et des aper\u00e7us culturels cr\u00e9e une atmosph\u00e8re m\u00e9morable en peu de temps.<\/p>\n<h2><b>Points d&#8217;int\u00e9r\u00eat et monuments<\/b><\/h2>\n<ul>\n<li><b>La promenade du Bund :<\/b> front de mer historique magnifiquement illumin\u00e9 la nuit.<\/li>\n<li><b>Horizon de Pudong :<\/b> gratte-ciel futuristes brillant de mille feux de l&#8217;autre c\u00f4t\u00e9 du fleuve.<\/li>\n<li><b>Vues sur le fleuve Huangpu :<\/b> perspectives d\u00e9gag\u00e9es sur l&#8217;horizon nocturne de Shanghai.<\/li>\n<li><b>Architecture historique :<\/b> \u00e9l\u00e9gantes fa\u00e7ades coloniales sous les lumi\u00e8res du soir.<\/li>\n<li><b>Ambiance nocturne de la ville :<\/b> rues anim\u00e9es et activit\u00e9s nocturnes d\u00e9tendues.<\/li>\n<li><b>Occasions de prendre des photos :<\/b> endroits id\u00e9aux pour immortaliser Shanghai apr\u00e8s la tomb\u00e9e de la nuit.<\/li>\n<\/ul>\n<p>Parfaite pour les voyageurs qui appr\u00e9cient les paysages urbains nocturnes, la <b>visite nocturne priv\u00e9e \u00e0 pied de Shanghai<\/b> r\u00e9v\u00e8le la beaut\u00e9 de la ligne d&#8217;horizon depuis le sol. Gr\u00e2ce \u00e0 des guides experts et \u00e0 un rythme d\u00e9tendu, la <b>visite nocturne priv\u00e9e \u00e0 pied de Shanghai<\/b> transforme une courte promenade nocturne en une exp\u00e9rience urbaine m\u00e9morable.<\/p>\n<p>Consultez nos circuits en <a href=\"https:\/\/tourtravelandmore.com\/\">Chine<\/a> pour plus d&#8217;informations !<\/p>\n","protected":false},"excerpt":{"rendered":"<p>La <b>visite nocturne priv\u00e9e \u00e0 pied de Shanghai<\/b> vous invite \u00e0 explorer la ville une fois que les lumi\u00e8res s&#8217;allument et que la ligne d&#8217;horizon commence \u00e0 briller. Votre guide officiel vous retrouve dans un quartier central et vous pr\u00e9sente l&#8217;atmosph\u00e8re nocturne de <b>Shanghai<\/b>, o\u00f9 les b\u00e2timents historiques et les tours modernes cr\u00e9ent l&#8217;un des paysages nocturnes les plus reconnaissables d&#8217;Asie. Le rythme de marche d\u00e9tendu vous permet d&#8217;appr\u00e9cier l&#8217;\u00e9nergie de la ville apr\u00e8s la tomb\u00e9e de la nuit.<\/p>\n","protected":false},"featured_media":189482,"comment_status":"open","ping_status":"closed","template":"","meta":{"_acf_changed":false},"product_brand":[],"product_cat":[5691,5603,5687],"product_tag":[],"class_list":{"0":"post-189570","1":"product","2":"type-product","3":"status-publish","4":"has-post-thumbnail","6":"product_cat-all-private-tour-and-activities-2","7":"product_cat-china-fr","8":"product_cat-shangai","10":"first","11":"instock","12":"shipping-taxable","13":"purchasable","14":"product-type-simple"},"acf":[],"yoast_head":"<!-- This site is optimized with the Yoast SEO Premium plugin v25.3.1 (Yoast SEO v25.3.1) - https:\/\/yoast.com\/wordpress\/plugins\/seo\/ -->\n<title>Visite nocturne priv\u00e9e \u00e0 pied de Shanghai<\/title>\n<meta name=\"description\" content=\"Visite nocturne priv\u00e9e \u00e0 pied de Shanghai. V\u00e9hicule de luxe priv\u00e9 avec chauffeur pour vous amener rapidement et confortablement \u00e0 votre emplacement.\" \/>\n<meta name=\"robots\" content=\"index, follow, max-snippet:-1, max-image-preview:large, max-video-preview:-1\" \/>\n<link rel=\"canonical\" href=\"https:\/\/tourtravelandmore.com\/fr\/tours\/china-fr\/shangai\/visite-guidee-privee-a-pied-de-shanghai-copy\/\" \/>\n<meta property=\"og:locale\" content=\"fr_FR\" \/>\n<meta property=\"og:type\" content=\"article\" \/>\n<meta property=\"og:title\" content=\"Visite nocturne priv\u00e9e \u00e0 pied de Shanghai\" \/>\n<meta property=\"og:description\" content=\"Visite nocturne priv\u00e9e \u00e0 pied de Shanghai. V\u00e9hicule de luxe priv\u00e9 avec chauffeur pour vous amener rapidement et confortablement \u00e0 votre emplacement.\" \/>\n<meta property=\"og:url\" content=\"https:\/\/tourtravelandmore.com\/fr\/tours\/china-fr\/shangai\/visite-guidee-privee-a-pied-de-shanghai-copy\/\" \/>\n<meta property=\"og:site_name\" content=\"Tour Travel And More\" \/>\n<meta property=\"article:publisher\" content=\"https:\/\/www.facebook.com\/tourtravelandmore\/\" \/>\n<meta property=\"article:modified_time\" content=\"2026-03-11T14:21:22+00:00\" \/>\n<meta property=\"og:image\" content=\"https:\/\/tourtravelandmore.com\/wp-content\/uploads\/2026\/03\/pexels-kin-pastor-251088-777059.jpg\" \/>\n\t<meta property=\"og:image:width\" content=\"1280\" \/>\n\t<meta property=\"og:image:height\" content=\"848\" \/>\n\t<meta property=\"og:image:type\" content=\"image\/jpeg\" \/>\n<meta name=\"twitter:card\" content=\"summary_large_image\" \/>\n<meta name=\"twitter:site\" content=\"@TourTravel_More\" \/>\n<meta name=\"twitter:label1\" content=\"Dur\u00e9e de lecture estim\u00e9e\" \/>\n\t<meta name=\"twitter:data1\" content=\"2 minutes\" \/>\n<script type=\"application\/ld+json\" class=\"yoast-schema-graph\">{\"@context\":\"https:\/\/schema.org\",\"@graph\":[{\"@type\":\"WebPage\",\"@id\":\"https:\/\/tourtravelandmore.com\/fr\/tours\/china-fr\/shangai\/visite-guidee-privee-a-pied-de-shanghai-copy\/\",\"url\":\"https:\/\/tourtravelandmore.com\/fr\/tours\/china-fr\/shangai\/visite-guidee-privee-a-pied-de-shanghai-copy\/\",\"name\":\"Visite nocturne priv\u00e9e \u00e0 pied de Shanghai\",\"isPartOf\":{\"@id\":\"https:\/\/tourtravelandmore.com\/fr\/#website\"},\"primaryImageOfPage\":{\"@id\":\"https:\/\/tourtravelandmore.com\/fr\/tours\/china-fr\/shangai\/visite-guidee-privee-a-pied-de-shanghai-copy\/#primaryimage\"},\"image\":{\"@id\":\"https:\/\/tourtravelandmore.com\/fr\/tours\/china-fr\/shangai\/visite-guidee-privee-a-pied-de-shanghai-copy\/#primaryimage\"},\"thumbnailUrl\":\"https:\/\/tourtravelandmore.com\/wp-content\/uploads\/2026\/03\/pexels-kin-pastor-251088-777059.jpg\",\"datePublished\":\"2026-03-11T13:56:49+00:00\",\"dateModified\":\"2026-03-11T14:21:22+00:00\",\"description\":\"Visite nocturne priv\u00e9e \u00e0 pied de Shanghai. V\u00e9hicule de luxe priv\u00e9 avec chauffeur pour vous amener rapidement et confortablement \u00e0 votre emplacement.\",\"breadcrumb\":{\"@id\":\"https:\/\/tourtravelandmore.com\/fr\/tours\/china-fr\/shangai\/visite-guidee-privee-a-pied-de-shanghai-copy\/#breadcrumb\"},\"inLanguage\":\"fr-FR\",\"potentialAction\":[{\"@type\":\"ReadAction\",\"target\":[\"https:\/\/tourtravelandmore.com\/fr\/tours\/china-fr\/shangai\/visite-guidee-privee-a-pied-de-shanghai-copy\/\"]}]},{\"@type\":\"ImageObject\",\"inLanguage\":\"fr-FR\",\"@id\":\"https:\/\/tourtravelandmore.com\/fr\/tours\/china-fr\/shangai\/visite-guidee-privee-a-pied-de-shanghai-copy\/#primaryimage\",\"url\":\"https:\/\/tourtravelandmore.com\/wp-content\/uploads\/2026\/03\/pexels-kin-pastor-251088-777059.jpg\",\"contentUrl\":\"https:\/\/tourtravelandmore.com\/wp-content\/uploads\/2026\/03\/pexels-kin-pastor-251088-777059.jpg\",\"width\":1280,\"height\":848},{\"@type\":\"BreadcrumbList\",\"@id\":\"https:\/\/tourtravelandmore.com\/fr\/tours\/china-fr\/shangai\/visite-guidee-privee-a-pied-de-shanghai-copy\/#breadcrumb\",\"itemListElement\":[{\"@type\":\"ListItem\",\"position\":1,\"name\":\"Home\",\"item\":\"https:\/\/tourtravelandmore.com\/fr\/\"},{\"@type\":\"ListItem\",\"position\":2,\"name\":\"Tours\",\"item\":\"https:\/\/tourtravelandmore.com\/fr\/tours\/\"},{\"@type\":\"ListItem\",\"position\":3,\"name\":\"Visite nocturne priv\u00e9e \u00e0 pied de Shanghai\"}]},{\"@type\":\"WebSite\",\"@id\":\"https:\/\/tourtravelandmore.com\/fr\/#website\",\"url\":\"https:\/\/tourtravelandmore.com\/fr\/\",\"name\":\"Tour Travel And More\",\"description\":\"Private sightseeing tours and luxury transfers in Spain\",\"publisher\":{\"@id\":\"https:\/\/tourtravelandmore.com\/fr\/#organization\"},\"potentialAction\":[{\"@type\":\"SearchAction\",\"target\":{\"@type\":\"EntryPoint\",\"urlTemplate\":\"https:\/\/tourtravelandmore.com\/fr\/?s={search_term_string}\"},\"query-input\":{\"@type\":\"PropertyValueSpecification\",\"valueRequired\":true,\"valueName\":\"search_term_string\"}}],\"inLanguage\":\"fr-FR\"},{\"@type\":\"Organization\",\"@id\":\"https:\/\/tourtravelandmore.com\/fr\/#organization\",\"name\":\"Tour Travel And More\",\"url\":\"https:\/\/tourtravelandmore.com\/fr\/\",\"logo\":{\"@type\":\"ImageObject\",\"inLanguage\":\"fr-FR\",\"@id\":\"https:\/\/tourtravelandmore.com\/fr\/#\/schema\/logo\/image\/\",\"url\":\"https:\/\/tourtravelandmore.com\/wp-content\/uploads\/2022\/12\/cropped-logo-cabecera-new.png\",\"contentUrl\":\"https:\/\/tourtravelandmore.com\/wp-content\/uploads\/2022\/12\/cropped-logo-cabecera-new.png\",\"width\":430,\"height\":61,\"caption\":\"Tour Travel And More\"},\"image\":{\"@id\":\"https:\/\/tourtravelandmore.com\/fr\/#\/schema\/logo\/image\/\"},\"sameAs\":[\"https:\/\/www.facebook.com\/tourtravelandmore\/\",\"https:\/\/x.com\/TourTravel_More\"]}]}<\/script>\n<!-- \/ Yoast SEO Premium plugin. -->","yoast_head_json":{"title":"Visite nocturne priv\u00e9e \u00e0 pied de Shanghai","description":"Visite nocturne priv\u00e9e \u00e0 pied de Shanghai. V\u00e9hicule de luxe priv\u00e9 avec chauffeur pour vous amener rapidement et confortablement \u00e0 votre emplacement.","robots":{"index":"index","follow":"follow","max-snippet":"max-snippet:-1","max-image-preview":"max-image-preview:large","max-video-preview":"max-video-preview:-1"},"canonical":"https:\/\/tourtravelandmore.com\/fr\/tours\/china-fr\/shangai\/visite-guidee-privee-a-pied-de-shanghai-copy\/","og_locale":"fr_FR","og_type":"article","og_title":"Visite nocturne priv\u00e9e \u00e0 pied de Shanghai","og_description":"Visite nocturne priv\u00e9e \u00e0 pied de Shanghai. V\u00e9hicule de luxe priv\u00e9 avec chauffeur pour vous amener rapidement et confortablement \u00e0 votre emplacement.","og_url":"https:\/\/tourtravelandmore.com\/fr\/tours\/china-fr\/shangai\/visite-guidee-privee-a-pied-de-shanghai-copy\/","og_site_name":"Tour Travel And More","article_publisher":"https:\/\/www.facebook.com\/tourtravelandmore\/","article_modified_time":"2026-03-11T14:21:22+00:00","og_image":[{"width":1280,"height":848,"url":"https:\/\/tourtravelandmore.com\/wp-content\/uploads\/2026\/03\/pexels-kin-pastor-251088-777059.jpg","type":"image\/jpeg"}],"twitter_card":"summary_large_image","twitter_site":"@TourTravel_More","twitter_misc":{"Dur\u00e9e de lecture estim\u00e9e":"2 minutes"},"schema":{"@context":"https:\/\/schema.org","@graph":[{"@type":"WebPage","@id":"https:\/\/tourtravelandmore.com\/fr\/tours\/china-fr\/shangai\/visite-guidee-privee-a-pied-de-shanghai-copy\/","url":"https:\/\/tourtravelandmore.com\/fr\/tours\/china-fr\/shangai\/visite-guidee-privee-a-pied-de-shanghai-copy\/","name":"Visite nocturne priv\u00e9e \u00e0 pied de Shanghai","isPartOf":{"@id":"https:\/\/tourtravelandmore.com\/fr\/#website"},"primaryImageOfPage":{"@id":"https:\/\/tourtravelandmore.com\/fr\/tours\/china-fr\/shangai\/visite-guidee-privee-a-pied-de-shanghai-copy\/#primaryimage"},"image":{"@id":"https:\/\/tourtravelandmore.com\/fr\/tours\/china-fr\/shangai\/visite-guidee-privee-a-pied-de-shanghai-copy\/#primaryimage"},"thumbnailUrl":"https:\/\/tourtravelandmore.com\/wp-content\/uploads\/2026\/03\/pexels-kin-pastor-251088-777059.jpg","datePublished":"2026-03-11T13:56:49+00:00","dateModified":"2026-03-11T14:21:22+00:00","description":"Visite nocturne priv\u00e9e \u00e0 pied de Shanghai. V\u00e9hicule de luxe priv\u00e9 avec chauffeur pour vous amener rapidement et confortablement \u00e0 votre emplacement.","breadcrumb":{"@id":"https:\/\/tourtravelandmore.com\/fr\/tours\/china-fr\/shangai\/visite-guidee-privee-a-pied-de-shanghai-copy\/#breadcrumb"},"inLanguage":"fr-FR","potentialAction":[{"@type":"ReadAction","target":["https:\/\/tourtravelandmore.com\/fr\/tours\/china-fr\/shangai\/visite-guidee-privee-a-pied-de-shanghai-copy\/"]}]},{"@type":"ImageObject","inLanguage":"fr-FR","@id":"https:\/\/tourtravelandmore.com\/fr\/tours\/china-fr\/shangai\/visite-guidee-privee-a-pied-de-shanghai-copy\/#primaryimage","url":"https:\/\/tourtravelandmore.com\/wp-content\/uploads\/2026\/03\/pexels-kin-pastor-251088-777059.jpg","contentUrl":"https:\/\/tourtravelandmore.com\/wp-content\/uploads\/2026\/03\/pexels-kin-pastor-251088-777059.jpg","width":1280,"height":848},{"@type":"BreadcrumbList","@id":"https:\/\/tourtravelandmore.com\/fr\/tours\/china-fr\/shangai\/visite-guidee-privee-a-pied-de-shanghai-copy\/#breadcrumb","itemListElement":[{"@type":"ListItem","position":1,"name":"Home","item":"https:\/\/tourtravelandmore.com\/fr\/"},{"@type":"ListItem","position":2,"name":"Tours","item":"https:\/\/tourtravelandmore.com\/fr\/tours\/"},{"@type":"ListItem","position":3,"name":"Visite nocturne priv\u00e9e \u00e0 pied de Shanghai"}]},{"@type":"WebSite","@id":"https:\/\/tourtravelandmore.com\/fr\/#website","url":"https:\/\/tourtravelandmore.com\/fr\/","name":"Tour Travel And More","description":"Private sightseeing tours and luxury transfers in Spain","publisher":{"@id":"https:\/\/tourtravelandmore.com\/fr\/#organization"},"potentialAction":[{"@type":"SearchAction","target":{"@type":"EntryPoint","urlTemplate":"https:\/\/tourtravelandmore.com\/fr\/?s={search_term_string}"},"query-input":{"@type":"PropertyValueSpecification","valueRequired":true,"valueName":"search_term_string"}}],"inLanguage":"fr-FR"},{"@type":"Organization","@id":"https:\/\/tourtravelandmore.com\/fr\/#organization","name":"Tour Travel And More","url":"https:\/\/tourtravelandmore.com\/fr\/","logo":{"@type":"ImageObject","inLanguage":"fr-FR","@id":"https:\/\/tourtravelandmore.com\/fr\/#\/schema\/logo\/image\/","url":"https:\/\/tourtravelandmore.com\/wp-content\/uploads\/2022\/12\/cropped-logo-cabecera-new.png","contentUrl":"https:\/\/tourtravelandmore.com\/wp-content\/uploads\/2022\/12\/cropped-logo-cabecera-new.png","width":430,"height":61,"caption":"Tour Travel And More"},"image":{"@id":"https:\/\/tourtravelandmore.com\/fr\/#\/schema\/logo\/image\/"},"sameAs":["https:\/\/www.facebook.com\/tourtravelandmore\/","https:\/\/x.com\/TourTravel_More"]}]}},"_links":{"self":[{"href":"https:\/\/tourtravelandmore.com\/fr\/wp-json\/wp\/v2\/product\/189570","targetHints":{"allow":["GET"]}}],"collection":[{"href":"https:\/\/tourtravelandmore.com\/fr\/wp-json\/wp\/v2\/product"}],"about":[{"href":"https:\/\/tourtravelandmore.com\/fr\/wp-json\/wp\/v2\/types\/product"}],"replies":[{"embeddable":true,"href":"https:\/\/tourtravelandmore.com\/fr\/wp-json\/wp\/v2\/comments?post=189570"}],"wp:featuredmedia":[{"embeddable":true,"href":"https:\/\/tourtravelandmore.com\/fr\/wp-json\/wp\/v2\/media\/189482"}],"wp:attachment":[{"href":"https:\/\/tourtravelandmore.com\/fr\/wp-json\/wp\/v2\/media?parent=189570"}],"wp:term":[{"taxonomy":"product_brand","embeddable":true,"href":"https:\/\/tourtravelandmore.com\/fr\/wp-json\/wp\/v2\/product_brand?post=189570"},{"taxonomy":"product_cat","embeddable":true,"href":"https:\/\/tourtravelandmore.com\/fr\/wp-json\/wp\/v2\/product_cat?post=189570"},{"taxonomy":"product_tag","embeddable":true,"href":"https:\/\/tourtravelandmore.com\/fr\/wp-json\/wp\/v2\/product_tag?post=189570"}],"curies":[{"name":"wp","href":"https:\/\/api.w.org\/{rel}","templated":true}]}}