{"id":189501,"date":"2026-03-10T18:34:08","date_gmt":"2026-03-10T17:34:23","guid":{"rendered":"https:\/\/tourtravelandmore.com\/?post_type=product&#038;p=189501"},"modified":"2026-03-10T19:53:07","modified_gmt":"2026-03-10T18:53:07","slug":"visite-privee-dune-journee-complete-de-shanghai-copy-2","status":"publish","type":"product","link":"https:\/\/tourtravelandmore.com\/fr\/tours\/china-fr\/shangai\/visite-privee-dune-journee-complete-de-shanghai-copy-2\/","title":{"rendered":"Visite priv\u00e9e d&#8217;une demi-journ\u00e9e \u00e0 Shanghai"},"content":{"rendered":"<h2><b><strong>Visite priv\u00e9e d&#8217;une demi-journ\u00e9e \u00e0 Shanghai | Description<\/strong><\/b><\/h2>\n<p>La <b>visite priv\u00e9e d&#8217;une demi-journ\u00e9e \u00e0 Shanghai<\/b> vous offre une introduction agr\u00e9able \u00e0 l&#8217;une des villes les plus dynamiques d&#8217;Asie. Votre chauffeur priv\u00e9 et votre guide officiel viendront vous chercher \u00e0 votre h\u00f4tel et vous emm\u00e8neront \u00e0 la d\u00e9couverte de <b>Shanghai<\/b>, o\u00f9 les quartiers historiques c\u00f4toient les gratte-ciel futuristes. Cette exp\u00e9rience combine de courtes promenades \u00e0 pied et des trajets panoramiques en voiture, vous permettant d&#8217;explorer plusieurs quartiers de mani\u00e8re efficace dans un laps de temps limit\u00e9.<\/p>\n<p>L&#8217;itin\u00e9raire commence g\u00e9n\u00e9ralement le long du c\u00e9l\u00e8bre front de mer connu sous le nom de <b>The Bund<\/b>, l&#8217;un des endroits les plus reconnaissables de Shanghai. De plus, cette promenade historique met en valeur d&#8217;\u00e9l\u00e9gants b\u00e2timents de l&#8217;\u00e9poque coloniale qui abritaient autrefois des banques et des soci\u00e9t\u00e9s commerciales. De l\u00e0, vous profiterez d&#8217;une vue imprenable sur le fleuve Huangpu et la silhouette moderne de Pudong, o\u00f9 les gratte-ciel imposants t\u00e9moignent de la croissance \u00e9conomique rapide de Shanghai.<\/p>\n<p>Au cours de la visite, votre guide vous fera d\u00e9couvrir des quartiers traditionnels qui r\u00e9v\u00e8lent une autre facette de la ville. De plus, les quartiers proches du <b>bazar de Yuyuan<\/b> offrent des rues \u00e9troites, une architecture chinoise classique et des espaces publics anim\u00e9s regorgeant de boutiques et d&#8217;activit\u00e9s locales. Ces quartiers donnent un aper\u00e7u du patrimoine culturel qui continue de fa\u00e7onner Shanghai aujourd&#8217;hui.<\/p>\n<p>Tout au long de l&#8217;exp\u00e9rience, le format priv\u00e9 permet une grande flexibilit\u00e9 pour adapter l&#8217;itin\u00e9raire et le rythme. De plus, la combinaison de la conduite et de la marche garantit un rythme d\u00e9tendu tout en couvrant plusieurs zones cl\u00e9s de la ville. Les commentaires informatifs de votre guide vous aideront \u00e0 faire le lien entre les sites historiques et l&#8217;identit\u00e9 moderne de Shanghai.<\/p>\n<h2><b>Points d&#8217;int\u00e9r\u00eat et sites touristiques<\/b><\/h2>\n<ul>\n<li><b>La promenade du Bund :<\/b> front de mer historique avec vue panoramique sur les toits de la ville.<\/li>\n<li><b>Les toits de Pudong :<\/b> gratte-ciel futuristes de l&#8217;autre c\u00f4t\u00e9 du fleuve Huangpu.<\/li>\n<li><b>Le quartier du bazar de Yuyuan :<\/b> architecture traditionnelle et rues anim\u00e9es.<\/li>\n<li><b>B\u00e2timents historiques :<\/b> fa\u00e7ades de l&#8217;\u00e9poque coloniale refl\u00e9tant le pass\u00e9 de Shanghai.<\/li>\n<li><b>Quartiers locaux :<\/b> la vie quotidienne dans les quartiers anim\u00e9s de la ville.<\/li>\n<li><b>Pauses photo :<\/b> points de vue panoramiques sur la ville.<\/li>\n<\/ul>\n<p>Con\u00e7ue pour les voyageurs disposant de peu de temps, la visite priv\u00e9e d&#8217;une demi-journ\u00e9e de Shanghai offre un aper\u00e7u \u00e9quilibr\u00e9 de la ville. Gr\u00e2ce \u00e0 un transport fluide et \u00e0 des conseils d&#8217;experts, la <b>visite priv\u00e9e d&#8217;une demi-journ\u00e9e de Shanghai<\/b> r\u00e9v\u00e8le le m\u00e9lange unique de tradition et de modernit\u00e9 de Shanghai.<\/p>\n<p>Consultez nos circuits en <a href=\"https:\/\/tourtravelandmore.com\/\">Chine<\/a> pour plus d&#8217;informations !<\/p>\n","protected":false},"excerpt":{"rendered":"<p>La <b>visite priv\u00e9e d&#8217;une demi-journ\u00e9e \u00e0 Shanghai<\/b> vous offre une introduction agr\u00e9able \u00e0 l&#8217;une des villes les plus dynamiques d&#8217;Asie. Votre chauffeur priv\u00e9 et votre guide officiel viendront vous chercher \u00e0 votre h\u00f4tel et vous emm\u00e8neront \u00e0 la d\u00e9couverte de <b>Shanghai<\/b>, o\u00f9 les quartiers historiques c\u00f4toient les gratte-ciel futuristes. Cette exp\u00e9rience combine de courtes promenades \u00e0 pied et des trajets panoramiques en voiture, vous permettant d&#8217;explorer plusieurs quartiers de mani\u00e8re efficace dans un laps de temps limit\u00e9.<\/p>\n","protected":false},"featured_media":189447,"comment_status":"open","ping_status":"closed","template":"","meta":{"_acf_changed":false},"product_brand":[],"product_cat":[5691,5603,5687],"product_tag":[],"class_list":{"0":"post-189501","1":"product","2":"type-product","3":"status-publish","4":"has-post-thumbnail","6":"product_cat-all-private-tour-and-activities-2","7":"product_cat-china-fr","8":"product_cat-shangai","10":"first","11":"instock","12":"shipping-taxable","13":"purchasable","14":"product-type-simple"},"acf":[],"yoast_head":"<!-- This site is optimized with the Yoast SEO Premium plugin v25.3.1 (Yoast SEO v25.3.1) - https:\/\/yoast.com\/wordpress\/plugins\/seo\/ -->\n<title>Visite priv\u00e9e d&#039;une demi-journ\u00e9e \u00e0 Shanghai<\/title>\n<meta name=\"description\" content=\"Visite priv\u00e9e d&#039;une demi-journ\u00e9e \u00e0 Shanghai. V\u00e9hicule de luxe priv\u00e9 avec chauffeur pour vous amener rapidement et confortablement \u00e0 votre emplacement.\" \/>\n<meta name=\"robots\" content=\"index, follow, max-snippet:-1, max-image-preview:large, max-video-preview:-1\" \/>\n<link rel=\"canonical\" href=\"https:\/\/tourtravelandmore.com\/fr\/tours\/china-fr\/shangai\/visite-privee-dune-journee-complete-de-shanghai-copy-2\/\" \/>\n<meta property=\"og:locale\" content=\"fr_FR\" \/>\n<meta property=\"og:type\" content=\"article\" \/>\n<meta property=\"og:title\" content=\"Visite priv\u00e9e d&#039;une demi-journ\u00e9e \u00e0 Shanghai\" \/>\n<meta property=\"og:description\" content=\"Visite priv\u00e9e d&#039;une demi-journ\u00e9e \u00e0 Shanghai. V\u00e9hicule de luxe priv\u00e9 avec chauffeur pour vous amener rapidement et confortablement \u00e0 votre emplacement.\" \/>\n<meta property=\"og:url\" content=\"https:\/\/tourtravelandmore.com\/fr\/tours\/china-fr\/shangai\/visite-privee-dune-journee-complete-de-shanghai-copy-2\/\" \/>\n<meta property=\"og:site_name\" content=\"Tour Travel And More\" \/>\n<meta property=\"article:publisher\" content=\"https:\/\/www.facebook.com\/tourtravelandmore\/\" \/>\n<meta property=\"article:modified_time\" content=\"2026-03-10T18:53:07+00:00\" \/>\n<meta property=\"og:image\" content=\"https:\/\/tourtravelandmore.com\/wp-content\/uploads\/2026\/03\/jeremy888-shanghai-jiao-tong-university-3947521_1920.jpg\" \/>\n\t<meta property=\"og:image:width\" content=\"1920\" \/>\n\t<meta property=\"og:image:height\" content=\"1215\" \/>\n\t<meta property=\"og:image:type\" content=\"image\/jpeg\" \/>\n<meta name=\"twitter:card\" content=\"summary_large_image\" \/>\n<meta name=\"twitter:site\" content=\"@TourTravel_More\" \/>\n<meta name=\"twitter:label1\" content=\"Dur\u00e9e de lecture estim\u00e9e\" \/>\n\t<meta name=\"twitter:data1\" content=\"2 minutes\" \/>\n<script type=\"application\/ld+json\" class=\"yoast-schema-graph\">{\"@context\":\"https:\/\/schema.org\",\"@graph\":[{\"@type\":\"WebPage\",\"@id\":\"https:\/\/tourtravelandmore.com\/fr\/tours\/china-fr\/shangai\/visite-privee-dune-journee-complete-de-shanghai-copy-2\/\",\"url\":\"https:\/\/tourtravelandmore.com\/fr\/tours\/china-fr\/shangai\/visite-privee-dune-journee-complete-de-shanghai-copy-2\/\",\"name\":\"Visite priv\u00e9e d'une demi-journ\u00e9e \u00e0 Shanghai\",\"isPartOf\":{\"@id\":\"https:\/\/tourtravelandmore.com\/fr\/#website\"},\"primaryImageOfPage\":{\"@id\":\"https:\/\/tourtravelandmore.com\/fr\/tours\/china-fr\/shangai\/visite-privee-dune-journee-complete-de-shanghai-copy-2\/#primaryimage\"},\"image\":{\"@id\":\"https:\/\/tourtravelandmore.com\/fr\/tours\/china-fr\/shangai\/visite-privee-dune-journee-complete-de-shanghai-copy-2\/#primaryimage\"},\"thumbnailUrl\":\"https:\/\/tourtravelandmore.com\/wp-content\/uploads\/2026\/03\/jeremy888-shanghai-jiao-tong-university-3947521_1920.jpg\",\"datePublished\":\"2026-03-10T17:34:23+00:00\",\"dateModified\":\"2026-03-10T18:53:07+00:00\",\"description\":\"Visite priv\u00e9e d'une demi-journ\u00e9e \u00e0 Shanghai. V\u00e9hicule de luxe priv\u00e9 avec chauffeur pour vous amener rapidement et confortablement \u00e0 votre emplacement.\",\"breadcrumb\":{\"@id\":\"https:\/\/tourtravelandmore.com\/fr\/tours\/china-fr\/shangai\/visite-privee-dune-journee-complete-de-shanghai-copy-2\/#breadcrumb\"},\"inLanguage\":\"fr-FR\",\"potentialAction\":[{\"@type\":\"ReadAction\",\"target\":[\"https:\/\/tourtravelandmore.com\/fr\/tours\/china-fr\/shangai\/visite-privee-dune-journee-complete-de-shanghai-copy-2\/\"]}]},{\"@type\":\"ImageObject\",\"inLanguage\":\"fr-FR\",\"@id\":\"https:\/\/tourtravelandmore.com\/fr\/tours\/china-fr\/shangai\/visite-privee-dune-journee-complete-de-shanghai-copy-2\/#primaryimage\",\"url\":\"https:\/\/tourtravelandmore.com\/wp-content\/uploads\/2026\/03\/jeremy888-shanghai-jiao-tong-university-3947521_1920.jpg\",\"contentUrl\":\"https:\/\/tourtravelandmore.com\/wp-content\/uploads\/2026\/03\/jeremy888-shanghai-jiao-tong-university-3947521_1920.jpg\",\"width\":1920,\"height\":1215},{\"@type\":\"BreadcrumbList\",\"@id\":\"https:\/\/tourtravelandmore.com\/fr\/tours\/china-fr\/shangai\/visite-privee-dune-journee-complete-de-shanghai-copy-2\/#breadcrumb\",\"itemListElement\":[{\"@type\":\"ListItem\",\"position\":1,\"name\":\"Home\",\"item\":\"https:\/\/tourtravelandmore.com\/fr\/\"},{\"@type\":\"ListItem\",\"position\":2,\"name\":\"Tours\",\"item\":\"https:\/\/tourtravelandmore.com\/fr\/tours\/\"},{\"@type\":\"ListItem\",\"position\":3,\"name\":\"Visite priv\u00e9e d&#8217;une demi-journ\u00e9e \u00e0 Shanghai\"}]},{\"@type\":\"WebSite\",\"@id\":\"https:\/\/tourtravelandmore.com\/fr\/#website\",\"url\":\"https:\/\/tourtravelandmore.com\/fr\/\",\"name\":\"Tour Travel And More\",\"description\":\"Private sightseeing tours and luxury transfers in Spain\",\"publisher\":{\"@id\":\"https:\/\/tourtravelandmore.com\/fr\/#organization\"},\"potentialAction\":[{\"@type\":\"SearchAction\",\"target\":{\"@type\":\"EntryPoint\",\"urlTemplate\":\"https:\/\/tourtravelandmore.com\/fr\/?s={search_term_string}\"},\"query-input\":{\"@type\":\"PropertyValueSpecification\",\"valueRequired\":true,\"valueName\":\"search_term_string\"}}],\"inLanguage\":\"fr-FR\"},{\"@type\":\"Organization\",\"@id\":\"https:\/\/tourtravelandmore.com\/fr\/#organization\",\"name\":\"Tour Travel And More\",\"url\":\"https:\/\/tourtravelandmore.com\/fr\/\",\"logo\":{\"@type\":\"ImageObject\",\"inLanguage\":\"fr-FR\",\"@id\":\"https:\/\/tourtravelandmore.com\/fr\/#\/schema\/logo\/image\/\",\"url\":\"https:\/\/tourtravelandmore.com\/wp-content\/uploads\/2022\/12\/cropped-logo-cabecera-new.png\",\"contentUrl\":\"https:\/\/tourtravelandmore.com\/wp-content\/uploads\/2022\/12\/cropped-logo-cabecera-new.png\",\"width\":430,\"height\":61,\"caption\":\"Tour Travel And More\"},\"image\":{\"@id\":\"https:\/\/tourtravelandmore.com\/fr\/#\/schema\/logo\/image\/\"},\"sameAs\":[\"https:\/\/www.facebook.com\/tourtravelandmore\/\",\"https:\/\/x.com\/TourTravel_More\"]}]}<\/script>\n<!-- \/ Yoast SEO Premium plugin. -->","yoast_head_json":{"title":"Visite priv\u00e9e d'une demi-journ\u00e9e \u00e0 Shanghai","description":"Visite priv\u00e9e d'une demi-journ\u00e9e \u00e0 Shanghai. V\u00e9hicule de luxe priv\u00e9 avec chauffeur pour vous amener rapidement et confortablement \u00e0 votre emplacement.","robots":{"index":"index","follow":"follow","max-snippet":"max-snippet:-1","max-image-preview":"max-image-preview:large","max-video-preview":"max-video-preview:-1"},"canonical":"https:\/\/tourtravelandmore.com\/fr\/tours\/china-fr\/shangai\/visite-privee-dune-journee-complete-de-shanghai-copy-2\/","og_locale":"fr_FR","og_type":"article","og_title":"Visite priv\u00e9e d'une demi-journ\u00e9e \u00e0 Shanghai","og_description":"Visite priv\u00e9e d'une demi-journ\u00e9e \u00e0 Shanghai. V\u00e9hicule de luxe priv\u00e9 avec chauffeur pour vous amener rapidement et confortablement \u00e0 votre emplacement.","og_url":"https:\/\/tourtravelandmore.com\/fr\/tours\/china-fr\/shangai\/visite-privee-dune-journee-complete-de-shanghai-copy-2\/","og_site_name":"Tour Travel And More","article_publisher":"https:\/\/www.facebook.com\/tourtravelandmore\/","article_modified_time":"2026-03-10T18:53:07+00:00","og_image":[{"width":1920,"height":1215,"url":"https:\/\/tourtravelandmore.com\/wp-content\/uploads\/2026\/03\/jeremy888-shanghai-jiao-tong-university-3947521_1920.jpg","type":"image\/jpeg"}],"twitter_card":"summary_large_image","twitter_site":"@TourTravel_More","twitter_misc":{"Dur\u00e9e de lecture estim\u00e9e":"2 minutes"},"schema":{"@context":"https:\/\/schema.org","@graph":[{"@type":"WebPage","@id":"https:\/\/tourtravelandmore.com\/fr\/tours\/china-fr\/shangai\/visite-privee-dune-journee-complete-de-shanghai-copy-2\/","url":"https:\/\/tourtravelandmore.com\/fr\/tours\/china-fr\/shangai\/visite-privee-dune-journee-complete-de-shanghai-copy-2\/","name":"Visite priv\u00e9e d'une demi-journ\u00e9e \u00e0 Shanghai","isPartOf":{"@id":"https:\/\/tourtravelandmore.com\/fr\/#website"},"primaryImageOfPage":{"@id":"https:\/\/tourtravelandmore.com\/fr\/tours\/china-fr\/shangai\/visite-privee-dune-journee-complete-de-shanghai-copy-2\/#primaryimage"},"image":{"@id":"https:\/\/tourtravelandmore.com\/fr\/tours\/china-fr\/shangai\/visite-privee-dune-journee-complete-de-shanghai-copy-2\/#primaryimage"},"thumbnailUrl":"https:\/\/tourtravelandmore.com\/wp-content\/uploads\/2026\/03\/jeremy888-shanghai-jiao-tong-university-3947521_1920.jpg","datePublished":"2026-03-10T17:34:23+00:00","dateModified":"2026-03-10T18:53:07+00:00","description":"Visite priv\u00e9e d'une demi-journ\u00e9e \u00e0 Shanghai. V\u00e9hicule de luxe priv\u00e9 avec chauffeur pour vous amener rapidement et confortablement \u00e0 votre emplacement.","breadcrumb":{"@id":"https:\/\/tourtravelandmore.com\/fr\/tours\/china-fr\/shangai\/visite-privee-dune-journee-complete-de-shanghai-copy-2\/#breadcrumb"},"inLanguage":"fr-FR","potentialAction":[{"@type":"ReadAction","target":["https:\/\/tourtravelandmore.com\/fr\/tours\/china-fr\/shangai\/visite-privee-dune-journee-complete-de-shanghai-copy-2\/"]}]},{"@type":"ImageObject","inLanguage":"fr-FR","@id":"https:\/\/tourtravelandmore.com\/fr\/tours\/china-fr\/shangai\/visite-privee-dune-journee-complete-de-shanghai-copy-2\/#primaryimage","url":"https:\/\/tourtravelandmore.com\/wp-content\/uploads\/2026\/03\/jeremy888-shanghai-jiao-tong-university-3947521_1920.jpg","contentUrl":"https:\/\/tourtravelandmore.com\/wp-content\/uploads\/2026\/03\/jeremy888-shanghai-jiao-tong-university-3947521_1920.jpg","width":1920,"height":1215},{"@type":"BreadcrumbList","@id":"https:\/\/tourtravelandmore.com\/fr\/tours\/china-fr\/shangai\/visite-privee-dune-journee-complete-de-shanghai-copy-2\/#breadcrumb","itemListElement":[{"@type":"ListItem","position":1,"name":"Home","item":"https:\/\/tourtravelandmore.com\/fr\/"},{"@type":"ListItem","position":2,"name":"Tours","item":"https:\/\/tourtravelandmore.com\/fr\/tours\/"},{"@type":"ListItem","position":3,"name":"Visite priv\u00e9e d&#8217;une demi-journ\u00e9e \u00e0 Shanghai"}]},{"@type":"WebSite","@id":"https:\/\/tourtravelandmore.com\/fr\/#website","url":"https:\/\/tourtravelandmore.com\/fr\/","name":"Tour Travel And More","description":"Private sightseeing tours and luxury transfers in Spain","publisher":{"@id":"https:\/\/tourtravelandmore.com\/fr\/#organization"},"potentialAction":[{"@type":"SearchAction","target":{"@type":"EntryPoint","urlTemplate":"https:\/\/tourtravelandmore.com\/fr\/?s={search_term_string}"},"query-input":{"@type":"PropertyValueSpecification","valueRequired":true,"valueName":"search_term_string"}}],"inLanguage":"fr-FR"},{"@type":"Organization","@id":"https:\/\/tourtravelandmore.com\/fr\/#organization","name":"Tour Travel And More","url":"https:\/\/tourtravelandmore.com\/fr\/","logo":{"@type":"ImageObject","inLanguage":"fr-FR","@id":"https:\/\/tourtravelandmore.com\/fr\/#\/schema\/logo\/image\/","url":"https:\/\/tourtravelandmore.com\/wp-content\/uploads\/2022\/12\/cropped-logo-cabecera-new.png","contentUrl":"https:\/\/tourtravelandmore.com\/wp-content\/uploads\/2022\/12\/cropped-logo-cabecera-new.png","width":430,"height":61,"caption":"Tour Travel And More"},"image":{"@id":"https:\/\/tourtravelandmore.com\/fr\/#\/schema\/logo\/image\/"},"sameAs":["https:\/\/www.facebook.com\/tourtravelandmore\/","https:\/\/x.com\/TourTravel_More"]}]}},"_links":{"self":[{"href":"https:\/\/tourtravelandmore.com\/fr\/wp-json\/wp\/v2\/product\/189501","targetHints":{"allow":["GET"]}}],"collection":[{"href":"https:\/\/tourtravelandmore.com\/fr\/wp-json\/wp\/v2\/product"}],"about":[{"href":"https:\/\/tourtravelandmore.com\/fr\/wp-json\/wp\/v2\/types\/product"}],"replies":[{"embeddable":true,"href":"https:\/\/tourtravelandmore.com\/fr\/wp-json\/wp\/v2\/comments?post=189501"}],"wp:featuredmedia":[{"embeddable":true,"href":"https:\/\/tourtravelandmore.com\/fr\/wp-json\/wp\/v2\/media\/189447"}],"wp:attachment":[{"href":"https:\/\/tourtravelandmore.com\/fr\/wp-json\/wp\/v2\/media?parent=189501"}],"wp:term":[{"taxonomy":"product_brand","embeddable":true,"href":"https:\/\/tourtravelandmore.com\/fr\/wp-json\/wp\/v2\/product_brand?post=189501"},{"taxonomy":"product_cat","embeddable":true,"href":"https:\/\/tourtravelandmore.com\/fr\/wp-json\/wp\/v2\/product_cat?post=189501"},{"taxonomy":"product_tag","embeddable":true,"href":"https:\/\/tourtravelandmore.com\/fr\/wp-json\/wp\/v2\/product_tag?post=189501"}],"curies":[{"name":"wp","href":"https:\/\/api.w.org\/{rel}","templated":true}]}}