{"id":189420,"date":"2026-03-05T16:48:07","date_gmt":"2026-03-05T15:48:22","guid":{"rendered":"https:\/\/tourtravelandmore.com\/?post_type=product&#038;p=189420"},"modified":"2026-03-10T17:56:37","modified_gmt":"2026-03-10T16:56:37","slug":"visite-privee-du-christ-redempteur-et-du-corcovado-copy-2","status":"publish","type":"product","link":"https:\/\/tourtravelandmore.com\/fr\/tours\/china-fr\/shangai\/visite-privee-du-christ-redempteur-et-du-corcovado-copy-2\/","title":{"rendered":"Visite priv\u00e9e d&#8217;une journ\u00e9e compl\u00e8te de Shanghai"},"content":{"rendered":"<h2><b><strong>Visite priv\u00e9e d&#8217;une journ\u00e9e compl\u00e8te de Shanghai | Description<\/strong><\/b><\/h2>\n<p>La <b>visite priv\u00e9e d&#8217;une journ\u00e9e compl\u00e8te de Shanghai<\/b> offre une introduction compl\u00e8te \u00e0 l&#8217;une des villes les plus dynamiques d&#8217;Asie. Votre chauffeur priv\u00e9 et votre guide officiel viendront vous chercher directement \u00e0 votre h\u00f4tel et commenceront l&#8217;exploration de <b>Shanghai<\/b>, o\u00f9 coexistent quartiers historiques et horizons futuristes. D\u00e8s le d\u00e9but, l&#8217;exp\u00e9rience combine contexte culturel et transport confortable.<\/p>\n<p>La visite commence dans le quartier historique du Bund, o\u00f9 l&#8217;architecture coloniale fait face \u00e0 la silhouette moderne de la ville de l&#8217;autre c\u00f4t\u00e9 du fleuve Huangpu. De plus, votre guide vous expliquera comment Shanghai est pass\u00e9e d&#8217;un port commercial \u00e0 l&#8217;un des centres financiers les plus influents au monde. En vous promenant le long du front de mer, vous pourrez admirer la c\u00e9l\u00e8bre silhouette de la ville tout en d\u00e9couvrant les b\u00e2timents qui ont fa\u00e7onn\u00e9 son pass\u00e9 international.<\/p>\n<p>Au fil du parcours, vous visiterez des quartiers anim\u00e9s qui refl\u00e8tent la vie quotidienne de la ville. La visite explore \u00e9galement les rues publiques de quartiers tels que Tianzifang et les ruelles traditionnelles pr\u00e8s du <b>bazar Yuyuan<\/b>, o\u00f9 les ruelles \u00e9troites r\u00e9v\u00e8lent de petites boutiques, des d\u00e9tails culturels et une architecture traditionnelle. Ces quartiers offrent un contraste saisissant avec les quartiers modernes de Shanghai.<\/p>\n<p>Tout au long de la journ\u00e9e, le format priv\u00e9 permet de s&#8217;adapter \u00e0 votre rythme et de faire des arr\u00eats en fonction de vos int\u00e9r\u00eats. De plus, de courtes promenades et des trajets panoramiques garantissent une exp\u00e9rience \u00e9quilibr\u00e9e, sans pr\u00e9cipitation. Votre guide vous fera d\u00e9couvrir la culture locale, le d\u00e9veloppement urbain et le caract\u00e8re unique qui distingue Shanghai des autres villes mondiales.<\/p>\n<h2><b><strong>Points d&#8217;int\u00e9r\u00eat et sites touristiques<\/strong><\/b><\/h2>\n<ul>\n<li><b>La promenade du Bund :<\/b> front de mer historique avec vue panoramique sur la skyline.<\/li>\n<li><b>Lujiazui Skyline :<\/b> quartier financier moderne de l&#8217;autre c\u00f4t\u00e9 du fleuve Huangpu.<\/li>\n<li><b>Rues de Tianzifang :<\/b> rues artistiques impr\u00e9gn\u00e9es de culture et d&#8217;artisanat locaux.<\/li>\n<li><b>Quartier du bazar de Yuyuan :<\/b> architecture traditionnelle et ruelles anim\u00e9es.<\/li>\n<li><b>Vues sur le fleuve Huangpu :<\/b> perspectives panoramiques entre le Shanghai historique et moderne.<\/li>\n<li><b>Quartiers locaux :<\/b> la vie quotidienne au-del\u00e0 des principaux monuments.<\/li>\n<\/ul>\n<p>Con\u00e7ue pour les voyageurs qui souhaitent avoir une vue d&#8217;ensemble de la ville, la visite priv\u00e9e d&#8217;une journ\u00e9e compl\u00e8te de Shanghai combine des sites embl\u00e9matiques et des quartiers authentiques. Gr\u00e2ce \u00e0 des guides experts et \u00e0 un transport fluide, la <b>visite priv\u00e9e d&#8217;une journ\u00e9e compl\u00e8te de Shanghai<\/b> r\u00e9v\u00e8le les contrastes fascinants qui d\u00e9finissent Shanghai.<\/p>\n<p>Regardez nos circuits en <a href=\"https:\/\/tourtravelandmore.com\/\">Chine<\/a> pour plus d&#8217;informations !<\/p>\n","protected":false},"excerpt":{"rendered":"<p>La <b>visite priv\u00e9e d&#8217;une journ\u00e9e compl\u00e8te de Shanghai<\/b> offre une introduction compl\u00e8te \u00e0 l&#8217;une des villes les plus dynamiques d&#8217;Asie. Votre chauffeur priv\u00e9 et votre guide officiel viendront vous chercher directement \u00e0 votre h\u00f4tel et commenceront l&#8217;exploration de <b>Shanghai<\/b>, o\u00f9 coexistent quartiers historiques et horizons futuristes. D\u00e8s le d\u00e9but, l&#8217;exp\u00e9rience combine contexte culturel et transport confortable.<\/p>\n","protected":false},"featured_media":189432,"comment_status":"open","ping_status":"closed","template":"","meta":{"_acf_changed":false},"product_brand":[],"product_cat":[5691,5603,5687],"product_tag":[],"class_list":{"0":"post-189420","1":"product","2":"type-product","3":"status-publish","4":"has-post-thumbnail","6":"product_cat-all-private-tour-and-activities-2","7":"product_cat-china-fr","8":"product_cat-shangai","10":"first","11":"instock","12":"shipping-taxable","13":"purchasable","14":"product-type-simple"},"acf":[],"yoast_head":"<!-- This site is optimized with the Yoast SEO Premium plugin v25.3.1 (Yoast SEO v25.3.1) - https:\/\/yoast.com\/wordpress\/plugins\/seo\/ -->\n<title>Visite priv\u00e9e d&#039;une journ\u00e9e compl\u00e8te de Shanghai<\/title>\n<meta name=\"description\" content=\"Visite priv\u00e9e d&#039;une journ\u00e9e compl\u00e8te de Shanghai. V\u00e9hicule de luxe priv\u00e9 avec chauffeur pour vous amener rapidement et confortablement \u00e0 votre emplacement.\" \/>\n<meta name=\"robots\" content=\"index, follow, max-snippet:-1, max-image-preview:large, max-video-preview:-1\" \/>\n<link rel=\"canonical\" href=\"https:\/\/tourtravelandmore.com\/fr\/tours\/china-fr\/shangai\/visite-privee-du-christ-redempteur-et-du-corcovado-copy-2\/\" \/>\n<meta property=\"og:locale\" content=\"fr_FR\" \/>\n<meta property=\"og:type\" content=\"article\" \/>\n<meta property=\"og:title\" content=\"Visite priv\u00e9e d&#039;une journ\u00e9e compl\u00e8te de Shanghai\" \/>\n<meta property=\"og:description\" content=\"Visite priv\u00e9e d&#039;une journ\u00e9e compl\u00e8te de Shanghai. V\u00e9hicule de luxe priv\u00e9 avec chauffeur pour vous amener rapidement et confortablement \u00e0 votre emplacement.\" \/>\n<meta property=\"og:url\" content=\"https:\/\/tourtravelandmore.com\/fr\/tours\/china-fr\/shangai\/visite-privee-du-christ-redempteur-et-du-corcovado-copy-2\/\" \/>\n<meta property=\"og:site_name\" content=\"Tour Travel And More\" \/>\n<meta property=\"article:publisher\" content=\"https:\/\/www.facebook.com\/tourtravelandmore\/\" \/>\n<meta property=\"article:modified_time\" content=\"2026-03-10T16:56:37+00:00\" \/>\n<meta property=\"og:image\" content=\"https:\/\/tourtravelandmore.com\/wp-content\/uploads\/2026\/03\/jeremy888-shanghai-jiao-tong-university-5034074_1920.jpg\" \/>\n\t<meta property=\"og:image:width\" content=\"1920\" \/>\n\t<meta property=\"og:image:height\" content=\"1080\" \/>\n\t<meta property=\"og:image:type\" content=\"image\/jpeg\" \/>\n<meta name=\"twitter:card\" content=\"summary_large_image\" \/>\n<meta name=\"twitter:site\" content=\"@TourTravel_More\" \/>\n<meta name=\"twitter:label1\" content=\"Dur\u00e9e de lecture estim\u00e9e\" \/>\n\t<meta name=\"twitter:data1\" content=\"2 minutes\" \/>\n<script type=\"application\/ld+json\" class=\"yoast-schema-graph\">{\"@context\":\"https:\/\/schema.org\",\"@graph\":[{\"@type\":\"WebPage\",\"@id\":\"https:\/\/tourtravelandmore.com\/fr\/tours\/china-fr\/shangai\/visite-privee-du-christ-redempteur-et-du-corcovado-copy-2\/\",\"url\":\"https:\/\/tourtravelandmore.com\/fr\/tours\/china-fr\/shangai\/visite-privee-du-christ-redempteur-et-du-corcovado-copy-2\/\",\"name\":\"Visite priv\u00e9e d'une journ\u00e9e compl\u00e8te de Shanghai\",\"isPartOf\":{\"@id\":\"https:\/\/tourtravelandmore.com\/fr\/#website\"},\"primaryImageOfPage\":{\"@id\":\"https:\/\/tourtravelandmore.com\/fr\/tours\/china-fr\/shangai\/visite-privee-du-christ-redempteur-et-du-corcovado-copy-2\/#primaryimage\"},\"image\":{\"@id\":\"https:\/\/tourtravelandmore.com\/fr\/tours\/china-fr\/shangai\/visite-privee-du-christ-redempteur-et-du-corcovado-copy-2\/#primaryimage\"},\"thumbnailUrl\":\"https:\/\/tourtravelandmore.com\/wp-content\/uploads\/2026\/03\/jeremy888-shanghai-jiao-tong-university-5034074_1920.jpg\",\"datePublished\":\"2026-03-05T15:48:22+00:00\",\"dateModified\":\"2026-03-10T16:56:37+00:00\",\"description\":\"Visite priv\u00e9e d'une journ\u00e9e compl\u00e8te de Shanghai. V\u00e9hicule de luxe priv\u00e9 avec chauffeur pour vous amener rapidement et confortablement \u00e0 votre emplacement.\",\"breadcrumb\":{\"@id\":\"https:\/\/tourtravelandmore.com\/fr\/tours\/china-fr\/shangai\/visite-privee-du-christ-redempteur-et-du-corcovado-copy-2\/#breadcrumb\"},\"inLanguage\":\"fr-FR\",\"potentialAction\":[{\"@type\":\"ReadAction\",\"target\":[\"https:\/\/tourtravelandmore.com\/fr\/tours\/china-fr\/shangai\/visite-privee-du-christ-redempteur-et-du-corcovado-copy-2\/\"]}]},{\"@type\":\"ImageObject\",\"inLanguage\":\"fr-FR\",\"@id\":\"https:\/\/tourtravelandmore.com\/fr\/tours\/china-fr\/shangai\/visite-privee-du-christ-redempteur-et-du-corcovado-copy-2\/#primaryimage\",\"url\":\"https:\/\/tourtravelandmore.com\/wp-content\/uploads\/2026\/03\/jeremy888-shanghai-jiao-tong-university-5034074_1920.jpg\",\"contentUrl\":\"https:\/\/tourtravelandmore.com\/wp-content\/uploads\/2026\/03\/jeremy888-shanghai-jiao-tong-university-5034074_1920.jpg\",\"width\":1920,\"height\":1080},{\"@type\":\"BreadcrumbList\",\"@id\":\"https:\/\/tourtravelandmore.com\/fr\/tours\/china-fr\/shangai\/visite-privee-du-christ-redempteur-et-du-corcovado-copy-2\/#breadcrumb\",\"itemListElement\":[{\"@type\":\"ListItem\",\"position\":1,\"name\":\"Home\",\"item\":\"https:\/\/tourtravelandmore.com\/fr\/\"},{\"@type\":\"ListItem\",\"position\":2,\"name\":\"Tours\",\"item\":\"https:\/\/tourtravelandmore.com\/fr\/tours\/\"},{\"@type\":\"ListItem\",\"position\":3,\"name\":\"Visite priv\u00e9e d&#8217;une journ\u00e9e compl\u00e8te de Shanghai\"}]},{\"@type\":\"WebSite\",\"@id\":\"https:\/\/tourtravelandmore.com\/fr\/#website\",\"url\":\"https:\/\/tourtravelandmore.com\/fr\/\",\"name\":\"Tour Travel And More\",\"description\":\"Private sightseeing tours and luxury transfers in Spain\",\"publisher\":{\"@id\":\"https:\/\/tourtravelandmore.com\/fr\/#organization\"},\"potentialAction\":[{\"@type\":\"SearchAction\",\"target\":{\"@type\":\"EntryPoint\",\"urlTemplate\":\"https:\/\/tourtravelandmore.com\/fr\/?s={search_term_string}\"},\"query-input\":{\"@type\":\"PropertyValueSpecification\",\"valueRequired\":true,\"valueName\":\"search_term_string\"}}],\"inLanguage\":\"fr-FR\"},{\"@type\":\"Organization\",\"@id\":\"https:\/\/tourtravelandmore.com\/fr\/#organization\",\"name\":\"Tour Travel And More\",\"url\":\"https:\/\/tourtravelandmore.com\/fr\/\",\"logo\":{\"@type\":\"ImageObject\",\"inLanguage\":\"fr-FR\",\"@id\":\"https:\/\/tourtravelandmore.com\/fr\/#\/schema\/logo\/image\/\",\"url\":\"https:\/\/tourtravelandmore.com\/wp-content\/uploads\/2022\/12\/cropped-logo-cabecera-new.png\",\"contentUrl\":\"https:\/\/tourtravelandmore.com\/wp-content\/uploads\/2022\/12\/cropped-logo-cabecera-new.png\",\"width\":430,\"height\":61,\"caption\":\"Tour Travel And More\"},\"image\":{\"@id\":\"https:\/\/tourtravelandmore.com\/fr\/#\/schema\/logo\/image\/\"},\"sameAs\":[\"https:\/\/www.facebook.com\/tourtravelandmore\/\",\"https:\/\/x.com\/TourTravel_More\"]}]}<\/script>\n<!-- \/ Yoast SEO Premium plugin. -->","yoast_head_json":{"title":"Visite priv\u00e9e d'une journ\u00e9e compl\u00e8te de Shanghai","description":"Visite priv\u00e9e d'une journ\u00e9e compl\u00e8te de Shanghai. V\u00e9hicule de luxe priv\u00e9 avec chauffeur pour vous amener rapidement et confortablement \u00e0 votre emplacement.","robots":{"index":"index","follow":"follow","max-snippet":"max-snippet:-1","max-image-preview":"max-image-preview:large","max-video-preview":"max-video-preview:-1"},"canonical":"https:\/\/tourtravelandmore.com\/fr\/tours\/china-fr\/shangai\/visite-privee-du-christ-redempteur-et-du-corcovado-copy-2\/","og_locale":"fr_FR","og_type":"article","og_title":"Visite priv\u00e9e d'une journ\u00e9e compl\u00e8te de Shanghai","og_description":"Visite priv\u00e9e d'une journ\u00e9e compl\u00e8te de Shanghai. V\u00e9hicule de luxe priv\u00e9 avec chauffeur pour vous amener rapidement et confortablement \u00e0 votre emplacement.","og_url":"https:\/\/tourtravelandmore.com\/fr\/tours\/china-fr\/shangai\/visite-privee-du-christ-redempteur-et-du-corcovado-copy-2\/","og_site_name":"Tour Travel And More","article_publisher":"https:\/\/www.facebook.com\/tourtravelandmore\/","article_modified_time":"2026-03-10T16:56:37+00:00","og_image":[{"width":1920,"height":1080,"url":"https:\/\/tourtravelandmore.com\/wp-content\/uploads\/2026\/03\/jeremy888-shanghai-jiao-tong-university-5034074_1920.jpg","type":"image\/jpeg"}],"twitter_card":"summary_large_image","twitter_site":"@TourTravel_More","twitter_misc":{"Dur\u00e9e de lecture estim\u00e9e":"2 minutes"},"schema":{"@context":"https:\/\/schema.org","@graph":[{"@type":"WebPage","@id":"https:\/\/tourtravelandmore.com\/fr\/tours\/china-fr\/shangai\/visite-privee-du-christ-redempteur-et-du-corcovado-copy-2\/","url":"https:\/\/tourtravelandmore.com\/fr\/tours\/china-fr\/shangai\/visite-privee-du-christ-redempteur-et-du-corcovado-copy-2\/","name":"Visite priv\u00e9e d'une journ\u00e9e compl\u00e8te de Shanghai","isPartOf":{"@id":"https:\/\/tourtravelandmore.com\/fr\/#website"},"primaryImageOfPage":{"@id":"https:\/\/tourtravelandmore.com\/fr\/tours\/china-fr\/shangai\/visite-privee-du-christ-redempteur-et-du-corcovado-copy-2\/#primaryimage"},"image":{"@id":"https:\/\/tourtravelandmore.com\/fr\/tours\/china-fr\/shangai\/visite-privee-du-christ-redempteur-et-du-corcovado-copy-2\/#primaryimage"},"thumbnailUrl":"https:\/\/tourtravelandmore.com\/wp-content\/uploads\/2026\/03\/jeremy888-shanghai-jiao-tong-university-5034074_1920.jpg","datePublished":"2026-03-05T15:48:22+00:00","dateModified":"2026-03-10T16:56:37+00:00","description":"Visite priv\u00e9e d'une journ\u00e9e compl\u00e8te de Shanghai. V\u00e9hicule de luxe priv\u00e9 avec chauffeur pour vous amener rapidement et confortablement \u00e0 votre emplacement.","breadcrumb":{"@id":"https:\/\/tourtravelandmore.com\/fr\/tours\/china-fr\/shangai\/visite-privee-du-christ-redempteur-et-du-corcovado-copy-2\/#breadcrumb"},"inLanguage":"fr-FR","potentialAction":[{"@type":"ReadAction","target":["https:\/\/tourtravelandmore.com\/fr\/tours\/china-fr\/shangai\/visite-privee-du-christ-redempteur-et-du-corcovado-copy-2\/"]}]},{"@type":"ImageObject","inLanguage":"fr-FR","@id":"https:\/\/tourtravelandmore.com\/fr\/tours\/china-fr\/shangai\/visite-privee-du-christ-redempteur-et-du-corcovado-copy-2\/#primaryimage","url":"https:\/\/tourtravelandmore.com\/wp-content\/uploads\/2026\/03\/jeremy888-shanghai-jiao-tong-university-5034074_1920.jpg","contentUrl":"https:\/\/tourtravelandmore.com\/wp-content\/uploads\/2026\/03\/jeremy888-shanghai-jiao-tong-university-5034074_1920.jpg","width":1920,"height":1080},{"@type":"BreadcrumbList","@id":"https:\/\/tourtravelandmore.com\/fr\/tours\/china-fr\/shangai\/visite-privee-du-christ-redempteur-et-du-corcovado-copy-2\/#breadcrumb","itemListElement":[{"@type":"ListItem","position":1,"name":"Home","item":"https:\/\/tourtravelandmore.com\/fr\/"},{"@type":"ListItem","position":2,"name":"Tours","item":"https:\/\/tourtravelandmore.com\/fr\/tours\/"},{"@type":"ListItem","position":3,"name":"Visite priv\u00e9e d&#8217;une journ\u00e9e compl\u00e8te de Shanghai"}]},{"@type":"WebSite","@id":"https:\/\/tourtravelandmore.com\/fr\/#website","url":"https:\/\/tourtravelandmore.com\/fr\/","name":"Tour Travel And More","description":"Private sightseeing tours and luxury transfers in Spain","publisher":{"@id":"https:\/\/tourtravelandmore.com\/fr\/#organization"},"potentialAction":[{"@type":"SearchAction","target":{"@type":"EntryPoint","urlTemplate":"https:\/\/tourtravelandmore.com\/fr\/?s={search_term_string}"},"query-input":{"@type":"PropertyValueSpecification","valueRequired":true,"valueName":"search_term_string"}}],"inLanguage":"fr-FR"},{"@type":"Organization","@id":"https:\/\/tourtravelandmore.com\/fr\/#organization","name":"Tour Travel And More","url":"https:\/\/tourtravelandmore.com\/fr\/","logo":{"@type":"ImageObject","inLanguage":"fr-FR","@id":"https:\/\/tourtravelandmore.com\/fr\/#\/schema\/logo\/image\/","url":"https:\/\/tourtravelandmore.com\/wp-content\/uploads\/2022\/12\/cropped-logo-cabecera-new.png","contentUrl":"https:\/\/tourtravelandmore.com\/wp-content\/uploads\/2022\/12\/cropped-logo-cabecera-new.png","width":430,"height":61,"caption":"Tour Travel And More"},"image":{"@id":"https:\/\/tourtravelandmore.com\/fr\/#\/schema\/logo\/image\/"},"sameAs":["https:\/\/www.facebook.com\/tourtravelandmore\/","https:\/\/x.com\/TourTravel_More"]}]}},"_links":{"self":[{"href":"https:\/\/tourtravelandmore.com\/fr\/wp-json\/wp\/v2\/product\/189420","targetHints":{"allow":["GET"]}}],"collection":[{"href":"https:\/\/tourtravelandmore.com\/fr\/wp-json\/wp\/v2\/product"}],"about":[{"href":"https:\/\/tourtravelandmore.com\/fr\/wp-json\/wp\/v2\/types\/product"}],"replies":[{"embeddable":true,"href":"https:\/\/tourtravelandmore.com\/fr\/wp-json\/wp\/v2\/comments?post=189420"}],"wp:featuredmedia":[{"embeddable":true,"href":"https:\/\/tourtravelandmore.com\/fr\/wp-json\/wp\/v2\/media\/189432"}],"wp:attachment":[{"href":"https:\/\/tourtravelandmore.com\/fr\/wp-json\/wp\/v2\/media?parent=189420"}],"wp:term":[{"taxonomy":"product_brand","embeddable":true,"href":"https:\/\/tourtravelandmore.com\/fr\/wp-json\/wp\/v2\/product_brand?post=189420"},{"taxonomy":"product_cat","embeddable":true,"href":"https:\/\/tourtravelandmore.com\/fr\/wp-json\/wp\/v2\/product_cat?post=189420"},{"taxonomy":"product_tag","embeddable":true,"href":"https:\/\/tourtravelandmore.com\/fr\/wp-json\/wp\/v2\/product_tag?post=189420"}],"curies":[{"name":"wp","href":"https:\/\/api.w.org\/{rel}","templated":true}]}}