{"id":189392,"date":"2026-03-02T18:14:21","date_gmt":"2026-03-02T17:14:29","guid":{"rendered":"https:\/\/tourtravelandmore.com\/?post_type=product&#038;p=189392"},"modified":"2026-03-02T18:37:13","modified_gmt":"2026-03-02T17:37:13","slug":"transferts-prives-a-pekin-depuis-vers-laeroport-copy-2","status":"publish","type":"product","link":"https:\/\/tourtravelandmore.com\/fr\/tours\/brazil\/rio-de-janeiro\/transferts-prives-a-pekin-depuis-vers-laeroport-copy-2\/","title":{"rendered":"Transferts priv\u00e9s \u00e0 Rio de Janeiro &#8211; depuis\/vers l&#8217;a\u00e9roport"},"content":{"rendered":"<h2><strong>Transferts priv\u00e9s \u00e0 Rio de Janeiro &#8211; depuis\/vers l&#8217;a\u00e9roport Description<\/strong><\/h2>\n<p>Profitez d&#8217;une exp\u00e9rience relaxante dans l&#8217;un de nos <b>v\u00e9hicules priv\u00e9s de luxe <\/b>gr\u00e2ce \u00e0 nos<b> transferts priv\u00e9s \u00e0 Rio de Janeiro<\/b>. Nous vous offrons le moyen le plus rapide et le plus simple d&#8217;atteindre votre destination finale.<\/p>\n<p>Nous proposons <b>tous types de transferts,<\/b> comme par exemple les transferts depuis <a href=\"https:\/\/www.airport-dubrovnik.hr\/\">l&#8217;a\u00e9roport<\/a>, le port de croisi\u00e8re, la gare ferroviaire ou vers toute autre ville ou lieu \u00e0 proximit\u00e9.<\/p>\n<p>Une fois arriv\u00e9 \u00e0 votre destination, notre personnel vous attendra avec une pancarte dans le terminal d&#8217;arriv\u00e9e. Pendant votre trajet vers votre destination finale, vous pourrez \u00e9galement profiter d&#8217;une vue panoramique sur la ville.<\/p>\n<p>Profitez \u00e9galement de <b>transferts priv\u00e9s<\/b> depuis votre h\u00f4tel ou votre appartement jusqu&#8217;\u00e0 la gare routi\u00e8re de Rio de Janeiro.<\/p>\n<p>Nous pouvons vous conduire \u00e0 votre h\u00f4tel \u00e0 Rio de Janeiro ou dans toute autre ville voisine, comme Split ou Kotor.<\/p>\n<p>Si vous arrivez au port de croisi\u00e8re de Rio de Janeiro, nous pouvons organiser un transfert priv\u00e9 vers Rio de Janeiro, ou nous proposons \u00e9galement une <a href=\"https:\/\/www.deepl.com\/?p=78238\">visite priv\u00e9e de Rio de Janeiro depuis le port de croisi\u00e8re<\/a>.<\/p>\n<h2><strong>Transferts priv\u00e9s \u00e0 Rio de Janeiro &#8211; vers\/depuis n&#8217;importe quel endroit | Points d&#8217;int\u00e9r\u00eat et sites touristiques<\/strong><\/h2>\n<p>Nous proposons des transferts pour les<b> groupes priv\u00e9s<\/b>, mais aussi pour les groupes incentive et les grands groupes, et nous offrons un service personnalis\u00e9.<\/p>\n<p>Il vous suffit de nous contacter et nous organiserons votre transfert de la meilleure fa\u00e7on possible.<\/p>\n<p>Une fois la r\u00e9servation effectu\u00e9e, vous recevrez un e-mail de confirmation. Nous aurons alors besoin des informations relatives \u00e0 votre vol, de votre heure d&#8217;arriv\u00e9e et de votre compagnie a\u00e9rienne, ou des informations relatives \u00e0 votre croisi\u00e8re. Entre 48 et 24 heures avant votre heure d&#8217;arriv\u00e9e, nous aurons besoin d&#8217;une confirmation de tous ces d\u00e9tails afin de garantir un service de transfert parfait.<\/p>\n<p>Nous ne limitons pas le nombre de bagages. Cependant, pour des raisons logistiques, nous vous demandons de bien vouloir nous indiquer le nombre de bagages que vous emportez. Il peut parfois \u00eatre n\u00e9cessaire d&#8217;utiliser un v\u00e9hicule plus grand, ce qui peut entra\u00eener des frais suppl\u00e9mentaires.<\/p>\n<p>Si vous avez besoin d&#8217;un si\u00e8ge b\u00e9b\u00e9 ou d&#8217;un si\u00e8ge enfant, veuillez nous contacter avant votre vol ou votre croisi\u00e8re afin que nous puissions nous organiser correctement.<\/p>\n","protected":false},"excerpt":{"rendered":"<p>Profitez d&#8217;une exp\u00e9rience relaxante dans l&#8217;un de nos <b>v\u00e9hicules priv\u00e9s de luxe <\/b>gr\u00e2ce \u00e0 nos<b> transferts priv\u00e9s \u00e0 Rio de Janeiro<\/b>. Nous vous offrons le moyen le plus rapide et le plus simple d&#8217;atteindre votre destination finale.<\/p>\n","protected":false},"featured_media":95809,"comment_status":"open","ping_status":"closed","template":"","meta":{"_acf_changed":false},"product_brand":[],"product_cat":[5685,5679,5683],"product_tag":[],"class_list":{"0":"post-189392","1":"product","2":"type-product","3":"status-publish","4":"has-post-thumbnail","6":"product_cat-all-private-tour-and-activities","7":"product_cat-brazil","8":"product_cat-rio-de-janeiro","10":"first","11":"instock","12":"shipping-taxable","13":"purchasable","14":"product-type-simple"},"acf":[],"yoast_head":"<!-- This site is optimized with the Yoast SEO Premium plugin v25.3.1 (Yoast SEO v25.3.1) - https:\/\/yoast.com\/wordpress\/plugins\/seo\/ -->\n<title>Transferts priv\u00e9s \u00e0 Rio de Janeiro - depuis\/vers l&#039;a\u00e9roport<\/title>\n<meta name=\"description\" content=\"Transferts priv\u00e9s \u00e0 Rio de Janeiro - depuis\/vers l&#039;a\u00e9roport. V\u00e9hicule de luxe priv\u00e9 avec chauffeur pour vous amener rapidement et confortablement \u00e0 votre emplacement.\" \/>\n<meta name=\"robots\" content=\"index, follow, max-snippet:-1, max-image-preview:large, max-video-preview:-1\" \/>\n<link rel=\"canonical\" href=\"https:\/\/tourtravelandmore.com\/fr\/tours\/brazil\/rio-de-janeiro\/transferts-prives-a-pekin-depuis-vers-laeroport-copy-2\/\" \/>\n<meta property=\"og:locale\" content=\"fr_FR\" \/>\n<meta property=\"og:type\" content=\"article\" \/>\n<meta property=\"og:title\" content=\"Transferts priv\u00e9s \u00e0 Rio de Janeiro - depuis\/vers l&#039;a\u00e9roport\" \/>\n<meta property=\"og:description\" content=\"Transferts priv\u00e9s \u00e0 Rio de Janeiro - depuis\/vers l&#039;a\u00e9roport. V\u00e9hicule de luxe priv\u00e9 avec chauffeur pour vous amener rapidement et confortablement \u00e0 votre emplacement.\" \/>\n<meta property=\"og:url\" content=\"https:\/\/tourtravelandmore.com\/fr\/tours\/brazil\/rio-de-janeiro\/transferts-prives-a-pekin-depuis-vers-laeroport-copy-2\/\" \/>\n<meta property=\"og:site_name\" content=\"Tour Travel And More\" \/>\n<meta property=\"article:publisher\" content=\"https:\/\/www.facebook.com\/tourtravelandmore\/\" \/>\n<meta property=\"article:modified_time\" content=\"2026-03-02T17:37:13+00:00\" \/>\n<meta property=\"og:image\" content=\"https:\/\/tourtravelandmore.com\/wp-content\/uploads\/2016\/11\/TrasladoAlicante-1.png\" \/>\n\t<meta property=\"og:image:width\" content=\"640\" \/>\n\t<meta property=\"og:image:height\" content=\"425\" \/>\n\t<meta property=\"og:image:type\" content=\"image\/png\" \/>\n<meta name=\"twitter:card\" content=\"summary_large_image\" \/>\n<meta name=\"twitter:site\" content=\"@TourTravel_More\" \/>\n<meta name=\"twitter:label1\" content=\"Dur\u00e9e de lecture estim\u00e9e\" \/>\n\t<meta name=\"twitter:data1\" content=\"2 minutes\" \/>\n<script type=\"application\/ld+json\" class=\"yoast-schema-graph\">{\"@context\":\"https:\/\/schema.org\",\"@graph\":[{\"@type\":\"WebPage\",\"@id\":\"https:\/\/tourtravelandmore.com\/fr\/tours\/brazil\/rio-de-janeiro\/transferts-prives-a-pekin-depuis-vers-laeroport-copy-2\/\",\"url\":\"https:\/\/tourtravelandmore.com\/fr\/tours\/brazil\/rio-de-janeiro\/transferts-prives-a-pekin-depuis-vers-laeroport-copy-2\/\",\"name\":\"Transferts priv\u00e9s \u00e0 Rio de Janeiro - depuis\/vers l'a\u00e9roport\",\"isPartOf\":{\"@id\":\"https:\/\/tourtravelandmore.com\/fr\/#website\"},\"primaryImageOfPage\":{\"@id\":\"https:\/\/tourtravelandmore.com\/fr\/tours\/brazil\/rio-de-janeiro\/transferts-prives-a-pekin-depuis-vers-laeroport-copy-2\/#primaryimage\"},\"image\":{\"@id\":\"https:\/\/tourtravelandmore.com\/fr\/tours\/brazil\/rio-de-janeiro\/transferts-prives-a-pekin-depuis-vers-laeroport-copy-2\/#primaryimage\"},\"thumbnailUrl\":\"https:\/\/tourtravelandmore.com\/wp-content\/uploads\/2016\/11\/TrasladoAlicante-1.png\",\"datePublished\":\"2026-03-02T17:14:29+00:00\",\"dateModified\":\"2026-03-02T17:37:13+00:00\",\"description\":\"Transferts priv\u00e9s \u00e0 Rio de Janeiro - depuis\/vers l'a\u00e9roport. V\u00e9hicule de luxe priv\u00e9 avec chauffeur pour vous amener rapidement et confortablement \u00e0 votre emplacement.\",\"breadcrumb\":{\"@id\":\"https:\/\/tourtravelandmore.com\/fr\/tours\/brazil\/rio-de-janeiro\/transferts-prives-a-pekin-depuis-vers-laeroport-copy-2\/#breadcrumb\"},\"inLanguage\":\"fr-FR\",\"potentialAction\":[{\"@type\":\"ReadAction\",\"target\":[\"https:\/\/tourtravelandmore.com\/fr\/tours\/brazil\/rio-de-janeiro\/transferts-prives-a-pekin-depuis-vers-laeroport-copy-2\/\"]}]},{\"@type\":\"ImageObject\",\"inLanguage\":\"fr-FR\",\"@id\":\"https:\/\/tourtravelandmore.com\/fr\/tours\/brazil\/rio-de-janeiro\/transferts-prives-a-pekin-depuis-vers-laeroport-copy-2\/#primaryimage\",\"url\":\"https:\/\/tourtravelandmore.com\/wp-content\/uploads\/2016\/11\/TrasladoAlicante-1.png\",\"contentUrl\":\"https:\/\/tourtravelandmore.com\/wp-content\/uploads\/2016\/11\/TrasladoAlicante-1.png\",\"width\":640,\"height\":425},{\"@type\":\"BreadcrumbList\",\"@id\":\"https:\/\/tourtravelandmore.com\/fr\/tours\/brazil\/rio-de-janeiro\/transferts-prives-a-pekin-depuis-vers-laeroport-copy-2\/#breadcrumb\",\"itemListElement\":[{\"@type\":\"ListItem\",\"position\":1,\"name\":\"Home\",\"item\":\"https:\/\/tourtravelandmore.com\/fr\/\"},{\"@type\":\"ListItem\",\"position\":2,\"name\":\"Tours\",\"item\":\"https:\/\/tourtravelandmore.com\/fr\/tours\/\"},{\"@type\":\"ListItem\",\"position\":3,\"name\":\"Transferts priv\u00e9s \u00e0 Rio de Janeiro &#8211; depuis\/vers l&#8217;a\u00e9roport\"}]},{\"@type\":\"WebSite\",\"@id\":\"https:\/\/tourtravelandmore.com\/fr\/#website\",\"url\":\"https:\/\/tourtravelandmore.com\/fr\/\",\"name\":\"Tour Travel And More\",\"description\":\"Private sightseeing tours and luxury transfers in Spain\",\"publisher\":{\"@id\":\"https:\/\/tourtravelandmore.com\/fr\/#organization\"},\"potentialAction\":[{\"@type\":\"SearchAction\",\"target\":{\"@type\":\"EntryPoint\",\"urlTemplate\":\"https:\/\/tourtravelandmore.com\/fr\/?s={search_term_string}\"},\"query-input\":{\"@type\":\"PropertyValueSpecification\",\"valueRequired\":true,\"valueName\":\"search_term_string\"}}],\"inLanguage\":\"fr-FR\"},{\"@type\":\"Organization\",\"@id\":\"https:\/\/tourtravelandmore.com\/fr\/#organization\",\"name\":\"Tour Travel And More\",\"url\":\"https:\/\/tourtravelandmore.com\/fr\/\",\"logo\":{\"@type\":\"ImageObject\",\"inLanguage\":\"fr-FR\",\"@id\":\"https:\/\/tourtravelandmore.com\/fr\/#\/schema\/logo\/image\/\",\"url\":\"https:\/\/tourtravelandmore.com\/wp-content\/uploads\/2022\/12\/cropped-logo-cabecera-new.png\",\"contentUrl\":\"https:\/\/tourtravelandmore.com\/wp-content\/uploads\/2022\/12\/cropped-logo-cabecera-new.png\",\"width\":430,\"height\":61,\"caption\":\"Tour Travel And More\"},\"image\":{\"@id\":\"https:\/\/tourtravelandmore.com\/fr\/#\/schema\/logo\/image\/\"},\"sameAs\":[\"https:\/\/www.facebook.com\/tourtravelandmore\/\",\"https:\/\/x.com\/TourTravel_More\"]}]}<\/script>\n<!-- \/ Yoast SEO Premium plugin. -->","yoast_head_json":{"title":"Transferts priv\u00e9s \u00e0 Rio de Janeiro - depuis\/vers l'a\u00e9roport","description":"Transferts priv\u00e9s \u00e0 Rio de Janeiro - depuis\/vers l'a\u00e9roport. V\u00e9hicule de luxe priv\u00e9 avec chauffeur pour vous amener rapidement et confortablement \u00e0 votre emplacement.","robots":{"index":"index","follow":"follow","max-snippet":"max-snippet:-1","max-image-preview":"max-image-preview:large","max-video-preview":"max-video-preview:-1"},"canonical":"https:\/\/tourtravelandmore.com\/fr\/tours\/brazil\/rio-de-janeiro\/transferts-prives-a-pekin-depuis-vers-laeroport-copy-2\/","og_locale":"fr_FR","og_type":"article","og_title":"Transferts priv\u00e9s \u00e0 Rio de Janeiro - depuis\/vers l'a\u00e9roport","og_description":"Transferts priv\u00e9s \u00e0 Rio de Janeiro - depuis\/vers l'a\u00e9roport. V\u00e9hicule de luxe priv\u00e9 avec chauffeur pour vous amener rapidement et confortablement \u00e0 votre emplacement.","og_url":"https:\/\/tourtravelandmore.com\/fr\/tours\/brazil\/rio-de-janeiro\/transferts-prives-a-pekin-depuis-vers-laeroport-copy-2\/","og_site_name":"Tour Travel And More","article_publisher":"https:\/\/www.facebook.com\/tourtravelandmore\/","article_modified_time":"2026-03-02T17:37:13+00:00","og_image":[{"width":640,"height":425,"url":"https:\/\/tourtravelandmore.com\/wp-content\/uploads\/2016\/11\/TrasladoAlicante-1.png","type":"image\/png"}],"twitter_card":"summary_large_image","twitter_site":"@TourTravel_More","twitter_misc":{"Dur\u00e9e de lecture estim\u00e9e":"2 minutes"},"schema":{"@context":"https:\/\/schema.org","@graph":[{"@type":"WebPage","@id":"https:\/\/tourtravelandmore.com\/fr\/tours\/brazil\/rio-de-janeiro\/transferts-prives-a-pekin-depuis-vers-laeroport-copy-2\/","url":"https:\/\/tourtravelandmore.com\/fr\/tours\/brazil\/rio-de-janeiro\/transferts-prives-a-pekin-depuis-vers-laeroport-copy-2\/","name":"Transferts priv\u00e9s \u00e0 Rio de Janeiro - depuis\/vers l'a\u00e9roport","isPartOf":{"@id":"https:\/\/tourtravelandmore.com\/fr\/#website"},"primaryImageOfPage":{"@id":"https:\/\/tourtravelandmore.com\/fr\/tours\/brazil\/rio-de-janeiro\/transferts-prives-a-pekin-depuis-vers-laeroport-copy-2\/#primaryimage"},"image":{"@id":"https:\/\/tourtravelandmore.com\/fr\/tours\/brazil\/rio-de-janeiro\/transferts-prives-a-pekin-depuis-vers-laeroport-copy-2\/#primaryimage"},"thumbnailUrl":"https:\/\/tourtravelandmore.com\/wp-content\/uploads\/2016\/11\/TrasladoAlicante-1.png","datePublished":"2026-03-02T17:14:29+00:00","dateModified":"2026-03-02T17:37:13+00:00","description":"Transferts priv\u00e9s \u00e0 Rio de Janeiro - depuis\/vers l'a\u00e9roport. V\u00e9hicule de luxe priv\u00e9 avec chauffeur pour vous amener rapidement et confortablement \u00e0 votre emplacement.","breadcrumb":{"@id":"https:\/\/tourtravelandmore.com\/fr\/tours\/brazil\/rio-de-janeiro\/transferts-prives-a-pekin-depuis-vers-laeroport-copy-2\/#breadcrumb"},"inLanguage":"fr-FR","potentialAction":[{"@type":"ReadAction","target":["https:\/\/tourtravelandmore.com\/fr\/tours\/brazil\/rio-de-janeiro\/transferts-prives-a-pekin-depuis-vers-laeroport-copy-2\/"]}]},{"@type":"ImageObject","inLanguage":"fr-FR","@id":"https:\/\/tourtravelandmore.com\/fr\/tours\/brazil\/rio-de-janeiro\/transferts-prives-a-pekin-depuis-vers-laeroport-copy-2\/#primaryimage","url":"https:\/\/tourtravelandmore.com\/wp-content\/uploads\/2016\/11\/TrasladoAlicante-1.png","contentUrl":"https:\/\/tourtravelandmore.com\/wp-content\/uploads\/2016\/11\/TrasladoAlicante-1.png","width":640,"height":425},{"@type":"BreadcrumbList","@id":"https:\/\/tourtravelandmore.com\/fr\/tours\/brazil\/rio-de-janeiro\/transferts-prives-a-pekin-depuis-vers-laeroport-copy-2\/#breadcrumb","itemListElement":[{"@type":"ListItem","position":1,"name":"Home","item":"https:\/\/tourtravelandmore.com\/fr\/"},{"@type":"ListItem","position":2,"name":"Tours","item":"https:\/\/tourtravelandmore.com\/fr\/tours\/"},{"@type":"ListItem","position":3,"name":"Transferts priv\u00e9s \u00e0 Rio de Janeiro &#8211; depuis\/vers l&#8217;a\u00e9roport"}]},{"@type":"WebSite","@id":"https:\/\/tourtravelandmore.com\/fr\/#website","url":"https:\/\/tourtravelandmore.com\/fr\/","name":"Tour Travel And More","description":"Private sightseeing tours and luxury transfers in Spain","publisher":{"@id":"https:\/\/tourtravelandmore.com\/fr\/#organization"},"potentialAction":[{"@type":"SearchAction","target":{"@type":"EntryPoint","urlTemplate":"https:\/\/tourtravelandmore.com\/fr\/?s={search_term_string}"},"query-input":{"@type":"PropertyValueSpecification","valueRequired":true,"valueName":"search_term_string"}}],"inLanguage":"fr-FR"},{"@type":"Organization","@id":"https:\/\/tourtravelandmore.com\/fr\/#organization","name":"Tour Travel And More","url":"https:\/\/tourtravelandmore.com\/fr\/","logo":{"@type":"ImageObject","inLanguage":"fr-FR","@id":"https:\/\/tourtravelandmore.com\/fr\/#\/schema\/logo\/image\/","url":"https:\/\/tourtravelandmore.com\/wp-content\/uploads\/2022\/12\/cropped-logo-cabecera-new.png","contentUrl":"https:\/\/tourtravelandmore.com\/wp-content\/uploads\/2022\/12\/cropped-logo-cabecera-new.png","width":430,"height":61,"caption":"Tour Travel And More"},"image":{"@id":"https:\/\/tourtravelandmore.com\/fr\/#\/schema\/logo\/image\/"},"sameAs":["https:\/\/www.facebook.com\/tourtravelandmore\/","https:\/\/x.com\/TourTravel_More"]}]}},"_links":{"self":[{"href":"https:\/\/tourtravelandmore.com\/fr\/wp-json\/wp\/v2\/product\/189392","targetHints":{"allow":["GET"]}}],"collection":[{"href":"https:\/\/tourtravelandmore.com\/fr\/wp-json\/wp\/v2\/product"}],"about":[{"href":"https:\/\/tourtravelandmore.com\/fr\/wp-json\/wp\/v2\/types\/product"}],"replies":[{"embeddable":true,"href":"https:\/\/tourtravelandmore.com\/fr\/wp-json\/wp\/v2\/comments?post=189392"}],"wp:featuredmedia":[{"embeddable":true,"href":"https:\/\/tourtravelandmore.com\/fr\/wp-json\/wp\/v2\/media\/95809"}],"wp:attachment":[{"href":"https:\/\/tourtravelandmore.com\/fr\/wp-json\/wp\/v2\/media?parent=189392"}],"wp:term":[{"taxonomy":"product_brand","embeddable":true,"href":"https:\/\/tourtravelandmore.com\/fr\/wp-json\/wp\/v2\/product_brand?post=189392"},{"taxonomy":"product_cat","embeddable":true,"href":"https:\/\/tourtravelandmore.com\/fr\/wp-json\/wp\/v2\/product_cat?post=189392"},{"taxonomy":"product_tag","embeddable":true,"href":"https:\/\/tourtravelandmore.com\/fr\/wp-json\/wp\/v2\/product_tag?post=189392"}],"curies":[{"name":"wp","href":"https:\/\/api.w.org\/{rel}","templated":true}]}}