{"id":189300,"date":"2026-02-25T15:35:36","date_gmt":"2026-02-25T14:35:52","guid":{"rendered":"https:\/\/tourtravelandmore.com\/?post_type=product&#038;p=189300"},"modified":"2026-02-25T15:51:29","modified_gmt":"2026-02-25T14:51:29","slug":"visite-privee-dune-journee-complete-a-rio-de-janeiro-copy-2","status":"publish","type":"product","link":"https:\/\/tourtravelandmore.com\/fr\/tours\/brazil\/rio-de-janeiro\/visite-privee-dune-journee-complete-a-rio-de-janeiro-copy-2\/","title":{"rendered":"Visite priv\u00e9e du Christ R\u00e9dempteur et du Corcovado"},"content":{"rendered":"<h2><b><strong>Visite priv\u00e9e du Christ R\u00e9dempteur et du Corcovado | Description<\/strong><\/b><\/h2>\n<p>La <b>visite priv\u00e9e du Christ R\u00e9dempteur et du Corcovado<\/b> vous permet d&#8217;acc\u00e9der de mani\u00e8re confortable et efficace \u00e0 l&#8217;un des monuments les plus reconnaissables au monde. Votre chauffeur priv\u00e9 viendra vous chercher directement \u00e0 votre h\u00f4tel et vous conduira vers le mont Corcovado. D\u00e8s le d\u00e9part, votre guide officiel vous fournira des informations sur Rio de Janeiro, sa g\u00e9ographie et l&#8217;importance de ce site monumental.<\/p>\n<p>Au fur et \u00e0 mesure que la route monte \u00e0 travers les environs luxuriants de la for\u00eat de Tijuca, la ville s&#8217;estompe lentement dans la nature. De plus, le trajet lui-m\u00eame fait partie de l&#8217;exp\u00e9rience, offrant une transition paisible entre l&#8217;\u00e9nergie urbaine et le calme panoramique. En chemin, votre guide vous donnera des informations sur la for\u00eat, son r\u00f4le dans la ville et l&#8217;histoire derri\u00e8re la statue qui vous attend au sommet.<\/p>\n<p>Une fois au sommet, vous arriverez au <b>Christ R\u00e9dempteur<\/b>, qui domine la ville. De plus, la plate-forme ouverte vous permet de vous promener librement et de profiter d&#8217;une vue imprenable dans toutes les directions. Vous aurez le temps de prendre des photos, d&#8217;admirer le paysage et d&#8217;\u00e9couter votre guide vous expliquer la symbolique et la construction de ce monument embl\u00e9matique.<\/p>\n<p>Le point de vue sur\u00e9lev\u00e9 r\u00e9v\u00e8le le paysage spectaculaire de Rio dans toute son ampleur. De plus, vous pouvez clairement voir la baie de Guanabara, le Pain de Sucre et le littoral de la ville s&#8217;\u00e9tendant \u00e0 l&#8217;horizon. Le rythme reste d\u00e9tendu, ce qui vous permet de profiter pleinement de l&#8217;exp\u00e9rience sans vous presser.<\/p>\n<h2><b>Points d&#8217;int\u00e9r\u00eat et sites embl\u00e9matiques<\/b><\/h2>\n<ul>\n<li><b>Mont Corcovado :<\/b> ascension panoramique \u00e0 travers la for\u00eat de Tijuca.<\/li>\n<li><b>Christ R\u00e9dempteur<\/b> : statue mondialement connue surplombant Rio.<\/li>\n<li><b>Vues panoramiques :<\/b> vue imprenable sur la ville et l&#8217;oc\u00e9an.<\/li>\n<li><b>Baie de Guanabara :<\/b> port naturel vu d&#8217;en haut.<\/li>\n<li><b>Mont Pain de Sucre :<\/b> sommet embl\u00e9matique visible depuis la plate-forme.<\/li>\n<li><b>For\u00eat de Tijuca :<\/b> un cadre verdoyant qui borde le trajet.<\/li>\n<\/ul>\n<p>Con\u00e7ue pour le confort et la clart\u00e9, cette exp\u00e9rience combine vues, histoire et facilit\u00e9. La <b>visite priv\u00e9e du Christ R\u00e9dempteur et du Corcovado<\/b> offre une visite compl\u00e8te en peu de temps, tout en restant une introduction essentielle au symbole le plus c\u00e9l\u00e8bre de Rio.<\/p>\n<p>Regardez nos circuits au <a href=\"https:\/\/tourtravelandmore.com\/\">Br\u00e9sil<\/a> pour plus d&#8217;informations !<\/p>\n","protected":false},"excerpt":{"rendered":"<p>La <b>visite priv\u00e9e du Christ R\u00e9dempteur et du Corcovado<\/b> vous permet d&#8217;acc\u00e9der de mani\u00e8re confortable et efficace \u00e0 l&#8217;un des monuments les plus reconnaissables au monde. Votre chauffeur priv\u00e9 viendra vous chercher directement \u00e0 votre h\u00f4tel et vous conduira vers le mont Corcovado. D\u00e8s le d\u00e9part, votre guide officiel vous fournira des informations sur Rio de Janeiro, sa g\u00e9ographie et l&#8217;importance de ce site monumental.<\/p>\n","protected":false},"featured_media":189169,"comment_status":"open","ping_status":"closed","template":"","meta":{"_acf_changed":false},"product_brand":[],"product_cat":[5685,5679,5683],"product_tag":[],"class_list":{"0":"post-189300","1":"product","2":"type-product","3":"status-publish","4":"has-post-thumbnail","6":"product_cat-all-private-tour-and-activities","7":"product_cat-brazil","8":"product_cat-rio-de-janeiro","10":"first","11":"instock","12":"shipping-taxable","13":"purchasable","14":"product-type-simple"},"acf":[],"yoast_head":"<!-- This site is optimized with the Yoast SEO Premium plugin v25.3.1 (Yoast SEO v25.3.1) - https:\/\/yoast.com\/wordpress\/plugins\/seo\/ -->\n<title>Visite priv\u00e9e du Christ R\u00e9dempteur et du Corcovado<\/title>\n<meta name=\"description\" content=\"Visite priv\u00e9e du Christ R\u00e9dempteur et du Corcovado. V\u00e9hicule de luxe priv\u00e9 avec chauffeur pour vous amener rapidement et confortablement \u00e0 votre emplacement.\" \/>\n<meta name=\"robots\" content=\"index, follow, max-snippet:-1, max-image-preview:large, max-video-preview:-1\" \/>\n<link rel=\"canonical\" href=\"https:\/\/tourtravelandmore.com\/fr\/tours\/brazil\/rio-de-janeiro\/visite-privee-dune-journee-complete-a-rio-de-janeiro-copy-2\/\" \/>\n<meta property=\"og:locale\" content=\"fr_FR\" \/>\n<meta property=\"og:type\" content=\"article\" \/>\n<meta property=\"og:title\" content=\"Visite priv\u00e9e du Christ R\u00e9dempteur et du Corcovado\" \/>\n<meta property=\"og:description\" content=\"Visite priv\u00e9e du Christ R\u00e9dempteur et du Corcovado. V\u00e9hicule de luxe priv\u00e9 avec chauffeur pour vous amener rapidement et confortablement \u00e0 votre emplacement.\" \/>\n<meta property=\"og:url\" content=\"https:\/\/tourtravelandmore.com\/fr\/tours\/brazil\/rio-de-janeiro\/visite-privee-dune-journee-complete-a-rio-de-janeiro-copy-2\/\" \/>\n<meta property=\"og:site_name\" content=\"Tour Travel And More\" \/>\n<meta property=\"article:publisher\" content=\"https:\/\/www.facebook.com\/tourtravelandmore\/\" \/>\n<meta property=\"article:modified_time\" content=\"2026-02-25T14:51:29+00:00\" \/>\n<meta property=\"og:image\" content=\"https:\/\/tourtravelandmore.com\/wp-content\/uploads\/2026\/02\/pexels-lefter-d-3476232-5195468.jpg\" \/>\n\t<meta property=\"og:image:width\" content=\"1280\" \/>\n\t<meta property=\"og:image:height\" content=\"853\" \/>\n\t<meta property=\"og:image:type\" content=\"image\/jpeg\" \/>\n<meta name=\"twitter:card\" content=\"summary_large_image\" \/>\n<meta name=\"twitter:site\" content=\"@TourTravel_More\" \/>\n<meta name=\"twitter:label1\" content=\"Dur\u00e9e de lecture estim\u00e9e\" \/>\n\t<meta name=\"twitter:data1\" content=\"2 minutes\" \/>\n<script type=\"application\/ld+json\" class=\"yoast-schema-graph\">{\"@context\":\"https:\/\/schema.org\",\"@graph\":[{\"@type\":\"WebPage\",\"@id\":\"https:\/\/tourtravelandmore.com\/fr\/tours\/brazil\/rio-de-janeiro\/visite-privee-dune-journee-complete-a-rio-de-janeiro-copy-2\/\",\"url\":\"https:\/\/tourtravelandmore.com\/fr\/tours\/brazil\/rio-de-janeiro\/visite-privee-dune-journee-complete-a-rio-de-janeiro-copy-2\/\",\"name\":\"Visite priv\u00e9e du Christ R\u00e9dempteur et du Corcovado\",\"isPartOf\":{\"@id\":\"https:\/\/tourtravelandmore.com\/fr\/#website\"},\"primaryImageOfPage\":{\"@id\":\"https:\/\/tourtravelandmore.com\/fr\/tours\/brazil\/rio-de-janeiro\/visite-privee-dune-journee-complete-a-rio-de-janeiro-copy-2\/#primaryimage\"},\"image\":{\"@id\":\"https:\/\/tourtravelandmore.com\/fr\/tours\/brazil\/rio-de-janeiro\/visite-privee-dune-journee-complete-a-rio-de-janeiro-copy-2\/#primaryimage\"},\"thumbnailUrl\":\"https:\/\/tourtravelandmore.com\/wp-content\/uploads\/2026\/02\/pexels-lefter-d-3476232-5195468.jpg\",\"datePublished\":\"2026-02-25T14:35:52+00:00\",\"dateModified\":\"2026-02-25T14:51:29+00:00\",\"description\":\"Visite priv\u00e9e du Christ R\u00e9dempteur et du Corcovado. V\u00e9hicule de luxe priv\u00e9 avec chauffeur pour vous amener rapidement et confortablement \u00e0 votre emplacement.\",\"breadcrumb\":{\"@id\":\"https:\/\/tourtravelandmore.com\/fr\/tours\/brazil\/rio-de-janeiro\/visite-privee-dune-journee-complete-a-rio-de-janeiro-copy-2\/#breadcrumb\"},\"inLanguage\":\"fr-FR\",\"potentialAction\":[{\"@type\":\"ReadAction\",\"target\":[\"https:\/\/tourtravelandmore.com\/fr\/tours\/brazil\/rio-de-janeiro\/visite-privee-dune-journee-complete-a-rio-de-janeiro-copy-2\/\"]}]},{\"@type\":\"ImageObject\",\"inLanguage\":\"fr-FR\",\"@id\":\"https:\/\/tourtravelandmore.com\/fr\/tours\/brazil\/rio-de-janeiro\/visite-privee-dune-journee-complete-a-rio-de-janeiro-copy-2\/#primaryimage\",\"url\":\"https:\/\/tourtravelandmore.com\/wp-content\/uploads\/2026\/02\/pexels-lefter-d-3476232-5195468.jpg\",\"contentUrl\":\"https:\/\/tourtravelandmore.com\/wp-content\/uploads\/2026\/02\/pexels-lefter-d-3476232-5195468.jpg\",\"width\":1280,\"height\":853},{\"@type\":\"BreadcrumbList\",\"@id\":\"https:\/\/tourtravelandmore.com\/fr\/tours\/brazil\/rio-de-janeiro\/visite-privee-dune-journee-complete-a-rio-de-janeiro-copy-2\/#breadcrumb\",\"itemListElement\":[{\"@type\":\"ListItem\",\"position\":1,\"name\":\"Home\",\"item\":\"https:\/\/tourtravelandmore.com\/fr\/\"},{\"@type\":\"ListItem\",\"position\":2,\"name\":\"Tours\",\"item\":\"https:\/\/tourtravelandmore.com\/fr\/tours\/\"},{\"@type\":\"ListItem\",\"position\":3,\"name\":\"Visite priv\u00e9e du Christ R\u00e9dempteur et du Corcovado\"}]},{\"@type\":\"WebSite\",\"@id\":\"https:\/\/tourtravelandmore.com\/fr\/#website\",\"url\":\"https:\/\/tourtravelandmore.com\/fr\/\",\"name\":\"Tour Travel And More\",\"description\":\"Private sightseeing tours and luxury transfers in Spain\",\"publisher\":{\"@id\":\"https:\/\/tourtravelandmore.com\/fr\/#organization\"},\"potentialAction\":[{\"@type\":\"SearchAction\",\"target\":{\"@type\":\"EntryPoint\",\"urlTemplate\":\"https:\/\/tourtravelandmore.com\/fr\/?s={search_term_string}\"},\"query-input\":{\"@type\":\"PropertyValueSpecification\",\"valueRequired\":true,\"valueName\":\"search_term_string\"}}],\"inLanguage\":\"fr-FR\"},{\"@type\":\"Organization\",\"@id\":\"https:\/\/tourtravelandmore.com\/fr\/#organization\",\"name\":\"Tour Travel And More\",\"url\":\"https:\/\/tourtravelandmore.com\/fr\/\",\"logo\":{\"@type\":\"ImageObject\",\"inLanguage\":\"fr-FR\",\"@id\":\"https:\/\/tourtravelandmore.com\/fr\/#\/schema\/logo\/image\/\",\"url\":\"https:\/\/tourtravelandmore.com\/wp-content\/uploads\/2022\/12\/cropped-logo-cabecera-new.png\",\"contentUrl\":\"https:\/\/tourtravelandmore.com\/wp-content\/uploads\/2022\/12\/cropped-logo-cabecera-new.png\",\"width\":430,\"height\":61,\"caption\":\"Tour Travel And More\"},\"image\":{\"@id\":\"https:\/\/tourtravelandmore.com\/fr\/#\/schema\/logo\/image\/\"},\"sameAs\":[\"https:\/\/www.facebook.com\/tourtravelandmore\/\",\"https:\/\/x.com\/TourTravel_More\"]}]}<\/script>\n<!-- \/ Yoast SEO Premium plugin. -->","yoast_head_json":{"title":"Visite priv\u00e9e du Christ R\u00e9dempteur et du Corcovado","description":"Visite priv\u00e9e du Christ R\u00e9dempteur et du Corcovado. V\u00e9hicule de luxe priv\u00e9 avec chauffeur pour vous amener rapidement et confortablement \u00e0 votre emplacement.","robots":{"index":"index","follow":"follow","max-snippet":"max-snippet:-1","max-image-preview":"max-image-preview:large","max-video-preview":"max-video-preview:-1"},"canonical":"https:\/\/tourtravelandmore.com\/fr\/tours\/brazil\/rio-de-janeiro\/visite-privee-dune-journee-complete-a-rio-de-janeiro-copy-2\/","og_locale":"fr_FR","og_type":"article","og_title":"Visite priv\u00e9e du Christ R\u00e9dempteur et du Corcovado","og_description":"Visite priv\u00e9e du Christ R\u00e9dempteur et du Corcovado. V\u00e9hicule de luxe priv\u00e9 avec chauffeur pour vous amener rapidement et confortablement \u00e0 votre emplacement.","og_url":"https:\/\/tourtravelandmore.com\/fr\/tours\/brazil\/rio-de-janeiro\/visite-privee-dune-journee-complete-a-rio-de-janeiro-copy-2\/","og_site_name":"Tour Travel And More","article_publisher":"https:\/\/www.facebook.com\/tourtravelandmore\/","article_modified_time":"2026-02-25T14:51:29+00:00","og_image":[{"width":1280,"height":853,"url":"https:\/\/tourtravelandmore.com\/wp-content\/uploads\/2026\/02\/pexels-lefter-d-3476232-5195468.jpg","type":"image\/jpeg"}],"twitter_card":"summary_large_image","twitter_site":"@TourTravel_More","twitter_misc":{"Dur\u00e9e de lecture estim\u00e9e":"2 minutes"},"schema":{"@context":"https:\/\/schema.org","@graph":[{"@type":"WebPage","@id":"https:\/\/tourtravelandmore.com\/fr\/tours\/brazil\/rio-de-janeiro\/visite-privee-dune-journee-complete-a-rio-de-janeiro-copy-2\/","url":"https:\/\/tourtravelandmore.com\/fr\/tours\/brazil\/rio-de-janeiro\/visite-privee-dune-journee-complete-a-rio-de-janeiro-copy-2\/","name":"Visite priv\u00e9e du Christ R\u00e9dempteur et du Corcovado","isPartOf":{"@id":"https:\/\/tourtravelandmore.com\/fr\/#website"},"primaryImageOfPage":{"@id":"https:\/\/tourtravelandmore.com\/fr\/tours\/brazil\/rio-de-janeiro\/visite-privee-dune-journee-complete-a-rio-de-janeiro-copy-2\/#primaryimage"},"image":{"@id":"https:\/\/tourtravelandmore.com\/fr\/tours\/brazil\/rio-de-janeiro\/visite-privee-dune-journee-complete-a-rio-de-janeiro-copy-2\/#primaryimage"},"thumbnailUrl":"https:\/\/tourtravelandmore.com\/wp-content\/uploads\/2026\/02\/pexels-lefter-d-3476232-5195468.jpg","datePublished":"2026-02-25T14:35:52+00:00","dateModified":"2026-02-25T14:51:29+00:00","description":"Visite priv\u00e9e du Christ R\u00e9dempteur et du Corcovado. V\u00e9hicule de luxe priv\u00e9 avec chauffeur pour vous amener rapidement et confortablement \u00e0 votre emplacement.","breadcrumb":{"@id":"https:\/\/tourtravelandmore.com\/fr\/tours\/brazil\/rio-de-janeiro\/visite-privee-dune-journee-complete-a-rio-de-janeiro-copy-2\/#breadcrumb"},"inLanguage":"fr-FR","potentialAction":[{"@type":"ReadAction","target":["https:\/\/tourtravelandmore.com\/fr\/tours\/brazil\/rio-de-janeiro\/visite-privee-dune-journee-complete-a-rio-de-janeiro-copy-2\/"]}]},{"@type":"ImageObject","inLanguage":"fr-FR","@id":"https:\/\/tourtravelandmore.com\/fr\/tours\/brazil\/rio-de-janeiro\/visite-privee-dune-journee-complete-a-rio-de-janeiro-copy-2\/#primaryimage","url":"https:\/\/tourtravelandmore.com\/wp-content\/uploads\/2026\/02\/pexels-lefter-d-3476232-5195468.jpg","contentUrl":"https:\/\/tourtravelandmore.com\/wp-content\/uploads\/2026\/02\/pexels-lefter-d-3476232-5195468.jpg","width":1280,"height":853},{"@type":"BreadcrumbList","@id":"https:\/\/tourtravelandmore.com\/fr\/tours\/brazil\/rio-de-janeiro\/visite-privee-dune-journee-complete-a-rio-de-janeiro-copy-2\/#breadcrumb","itemListElement":[{"@type":"ListItem","position":1,"name":"Home","item":"https:\/\/tourtravelandmore.com\/fr\/"},{"@type":"ListItem","position":2,"name":"Tours","item":"https:\/\/tourtravelandmore.com\/fr\/tours\/"},{"@type":"ListItem","position":3,"name":"Visite priv\u00e9e du Christ R\u00e9dempteur et du Corcovado"}]},{"@type":"WebSite","@id":"https:\/\/tourtravelandmore.com\/fr\/#website","url":"https:\/\/tourtravelandmore.com\/fr\/","name":"Tour Travel And More","description":"Private sightseeing tours and luxury transfers in Spain","publisher":{"@id":"https:\/\/tourtravelandmore.com\/fr\/#organization"},"potentialAction":[{"@type":"SearchAction","target":{"@type":"EntryPoint","urlTemplate":"https:\/\/tourtravelandmore.com\/fr\/?s={search_term_string}"},"query-input":{"@type":"PropertyValueSpecification","valueRequired":true,"valueName":"search_term_string"}}],"inLanguage":"fr-FR"},{"@type":"Organization","@id":"https:\/\/tourtravelandmore.com\/fr\/#organization","name":"Tour Travel And More","url":"https:\/\/tourtravelandmore.com\/fr\/","logo":{"@type":"ImageObject","inLanguage":"fr-FR","@id":"https:\/\/tourtravelandmore.com\/fr\/#\/schema\/logo\/image\/","url":"https:\/\/tourtravelandmore.com\/wp-content\/uploads\/2022\/12\/cropped-logo-cabecera-new.png","contentUrl":"https:\/\/tourtravelandmore.com\/wp-content\/uploads\/2022\/12\/cropped-logo-cabecera-new.png","width":430,"height":61,"caption":"Tour Travel And More"},"image":{"@id":"https:\/\/tourtravelandmore.com\/fr\/#\/schema\/logo\/image\/"},"sameAs":["https:\/\/www.facebook.com\/tourtravelandmore\/","https:\/\/x.com\/TourTravel_More"]}]}},"_links":{"self":[{"href":"https:\/\/tourtravelandmore.com\/fr\/wp-json\/wp\/v2\/product\/189300","targetHints":{"allow":["GET"]}}],"collection":[{"href":"https:\/\/tourtravelandmore.com\/fr\/wp-json\/wp\/v2\/product"}],"about":[{"href":"https:\/\/tourtravelandmore.com\/fr\/wp-json\/wp\/v2\/types\/product"}],"replies":[{"embeddable":true,"href":"https:\/\/tourtravelandmore.com\/fr\/wp-json\/wp\/v2\/comments?post=189300"}],"wp:featuredmedia":[{"embeddable":true,"href":"https:\/\/tourtravelandmore.com\/fr\/wp-json\/wp\/v2\/media\/189169"}],"wp:attachment":[{"href":"https:\/\/tourtravelandmore.com\/fr\/wp-json\/wp\/v2\/media?parent=189300"}],"wp:term":[{"taxonomy":"product_brand","embeddable":true,"href":"https:\/\/tourtravelandmore.com\/fr\/wp-json\/wp\/v2\/product_brand?post=189300"},{"taxonomy":"product_cat","embeddable":true,"href":"https:\/\/tourtravelandmore.com\/fr\/wp-json\/wp\/v2\/product_cat?post=189300"},{"taxonomy":"product_tag","embeddable":true,"href":"https:\/\/tourtravelandmore.com\/fr\/wp-json\/wp\/v2\/product_tag?post=189300"}],"curies":[{"name":"wp","href":"https:\/\/api.w.org\/{rel}","templated":true}]}}