{"id":187430,"date":"2025-10-09T16:58:00","date_gmt":"2025-10-09T14:58:13","guid":{"rendered":"https:\/\/tourtravelandmore.com\/?post_type=product&#038;p=187430"},"modified":"2025-10-09T20:36:14","modified_gmt":"2025-10-09T18:36:14","slug":"visite-privee-de-lile-de-lantau-copy","status":"publish","type":"product","link":"https:\/\/tourtravelandmore.com\/fr\/tours\/china-fr\/hong-kong-fr\/visite-privee-de-lile-de-lantau-copy\/","title":{"rendered":"Croisi\u00e8re fluviale priv\u00e9e \u00e0 Hong Kong"},"content":{"rendered":"<h2>Description<\/h2>\n<p>D\u00e9couvrez la magie de la ville sous un autre angle gr\u00e2ce \u00e0 cette <b>croisi\u00e8re priv\u00e9e \u00e0 Hong Kong<\/b>. Admirez la ligne d&#8217;horizon \u00e9blouissante, les gratte-ciel modernes et la vie anim\u00e9e du port tout en naviguant sur le c\u00e9l\u00e8bre Victoria Harbour. Cette excursion relaxante est le moyen id\u00e9al pour voir Hong Kong illumin\u00e9e la nuit ou pour profiter de sa beaut\u00e9 urbaine pendant la journ\u00e9e.<\/p>\n<p>Votre chauffeur priv\u00e9 viendra vous chercher \u00e0 votre h\u00f4tel ou au point de rendez-vous d\u00e9sign\u00e9 et vous conduira confortablement jusqu&#8217;\u00e0 l&#8217;embarcad\u00e8re. L\u00e0, vous monterez \u00e0 bord d&#8217;une <b>croisi\u00e8re publique<\/b> et embarquerez pour un voyage panoramique entre <b>Kowloon et l&#8217;\u00eele de Hong Kong<\/b>, en passant devant des monuments embl\u00e9matiques tels que l&#8217;<b>International Commerce Centre (ICC)<\/b>, la <b>Bank of China Tower<\/b> et la <b>Hong Kong Observation Wheel<\/b>. Votre guide vous fournira des commentaires instructifs sur l&#8217;histoire, l&#8217;architecture et la vie quotidienne qui font de ce port l&#8217;un des plus c\u00e9l\u00e8bres au monde.<\/p>\n<h2><b>Points forts | Croisi\u00e8re fluviale priv\u00e9e \u00e0 Hong Kong<\/b><\/h2>\n<ul>\n<li><b>Victoria Harbour :<\/b> naviguez sur l&#8217;un des fronts de mer les plus embl\u00e9matiques au monde.<\/li>\n<li><b>Vues sur les toits de la ville :<\/b> admirez la beaut\u00e9 de l&#8217;architecture de Hong Kong depuis l&#8217;eau.<\/li>\n<li><b>Transferts confortables :<\/b> transport priv\u00e9 aller-retour de votre h\u00f4tel \u00e0 l&#8217;embarcad\u00e8re.<\/li>\n<li><b>Aper\u00e7u culturel :<\/b> d\u00e9couvrez l&#8217;\u00e9volution de la ville gr\u00e2ce \u00e0 votre guide expert.<\/li>\n<li><b>Horaires flexibles :<\/b> choisissez entre une croisi\u00e8re en journ\u00e9e ou en soir\u00e9e pour une exp\u00e9rience unique.<\/li>\n<\/ul>\n<p>Terminez votre <b>croisi\u00e8re priv\u00e9e \u00e0 Hong Kong<\/b> par un trajet panoramique en voiture jusqu&#8217;\u00e0 votre h\u00f4tel, qui vous laissera des souvenirs inoubliables de la silhouette et de l&#8217;\u00e9nergie de la ville.<\/p>\n<p>R\u00e9servez cette exp\u00e9rience avec <a href=\"https:\/\/tourtravelandmore.com\/\">Tour Travel &amp; More<\/a> et d\u00e9couvrez d&#8217;autres visites priv\u00e9es de Hong Kong con\u00e7ues pour les voyageurs qui recherchent l&#8217;exclusivit\u00e9, le confort et l&#8217;authenticit\u00e9 locale.<\/p>\n","protected":false},"excerpt":{"rendered":"<p>D\u00e9couvrez la magie de la ville sous un autre angle gr\u00e2ce \u00e0 cette <b>croisi\u00e8re priv\u00e9e \u00e0 Hong Kong<\/b>. Admirez la ligne d&#8217;horizon \u00e9blouissante, les gratte-ciel modernes et la vie anim\u00e9e du port tout en naviguant sur le c\u00e9l\u00e8bre Victoria Harbour. Cette excursion relaxante est le moyen id\u00e9al pour voir Hong Kong illumin\u00e9e la nuit ou pour profiter de sa beaut\u00e9 urbaine pendant la journ\u00e9e.<\/p>\n","protected":false},"featured_media":187074,"comment_status":"open","ping_status":"closed","template":"","meta":{"_acf_changed":false},"product_brand":[],"product_cat":[5610,5603,5609],"product_tag":[],"class_list":{"0":"post-187430","1":"product","2":"type-product","3":"status-publish","4":"has-post-thumbnail","6":"product_cat-all-private-tours-fr-11","7":"product_cat-china-fr","8":"product_cat-hong-kong-fr","10":"first","11":"instock","12":"shipping-taxable","13":"purchasable","14":"product-type-simple"},"acf":[],"yoast_head":"<!-- This site is optimized with the Yoast SEO Premium plugin v25.3.1 (Yoast SEO v25.3.1) - https:\/\/yoast.com\/wordpress\/plugins\/seo\/ -->\n<title>Croisi\u00e8re fluviale priv\u00e9e \u00e0 Hong Kong<\/title>\n<meta name=\"description\" content=\"Croisi\u00e8re fluviale priv\u00e9e \u00e0 Hong Kong. Explorez ses rues gr\u00e2ce \u00e0 cette visite priv\u00e9e d&#039;une journ\u00e9e compl\u00e8te avec un guide et un v\u00e9hicule priv\u00e9.\" \/>\n<meta name=\"robots\" content=\"index, follow, max-snippet:-1, max-image-preview:large, max-video-preview:-1\" \/>\n<link rel=\"canonical\" href=\"https:\/\/tourtravelandmore.com\/fr\/tours\/china-fr\/hong-kong-fr\/visite-privee-de-lile-de-lantau-copy\/\" \/>\n<meta property=\"og:locale\" content=\"fr_FR\" \/>\n<meta property=\"og:type\" content=\"article\" \/>\n<meta property=\"og:title\" content=\"Croisi\u00e8re fluviale priv\u00e9e \u00e0 Hong Kong\" \/>\n<meta property=\"og:description\" content=\"Croisi\u00e8re fluviale priv\u00e9e \u00e0 Hong Kong. Explorez ses rues gr\u00e2ce \u00e0 cette visite priv\u00e9e d&#039;une journ\u00e9e compl\u00e8te avec un guide et un v\u00e9hicule priv\u00e9.\" \/>\n<meta property=\"og:url\" content=\"https:\/\/tourtravelandmore.com\/fr\/tours\/china-fr\/hong-kong-fr\/visite-privee-de-lile-de-lantau-copy\/\" \/>\n<meta property=\"og:site_name\" content=\"Tour Travel And More\" \/>\n<meta property=\"article:publisher\" content=\"https:\/\/www.facebook.com\/tourtravelandmore\/\" \/>\n<meta property=\"article:modified_time\" content=\"2025-10-09T18:36:14+00:00\" \/>\n<meta property=\"og:image\" content=\"https:\/\/tourtravelandmore.com\/wp-content\/uploads\/2025\/09\/pexels-zhangkaiyv-189833.jpg\" \/>\n\t<meta property=\"og:image:width\" content=\"1280\" \/>\n\t<meta property=\"og:image:height\" content=\"791\" \/>\n\t<meta property=\"og:image:type\" content=\"image\/jpeg\" \/>\n<meta name=\"twitter:card\" content=\"summary_large_image\" \/>\n<meta name=\"twitter:site\" content=\"@TourTravel_More\" \/>\n<meta name=\"twitter:label1\" content=\"Dur\u00e9e de lecture estim\u00e9e\" \/>\n\t<meta name=\"twitter:data1\" content=\"2 minutes\" \/>\n<script type=\"application\/ld+json\" class=\"yoast-schema-graph\">{\"@context\":\"https:\/\/schema.org\",\"@graph\":[{\"@type\":\"WebPage\",\"@id\":\"https:\/\/tourtravelandmore.com\/fr\/tours\/china-fr\/hong-kong-fr\/visite-privee-de-lile-de-lantau-copy\/\",\"url\":\"https:\/\/tourtravelandmore.com\/fr\/tours\/china-fr\/hong-kong-fr\/visite-privee-de-lile-de-lantau-copy\/\",\"name\":\"Croisi\u00e8re fluviale priv\u00e9e \u00e0 Hong Kong\",\"isPartOf\":{\"@id\":\"https:\/\/tourtravelandmore.com\/fr\/#website\"},\"primaryImageOfPage\":{\"@id\":\"https:\/\/tourtravelandmore.com\/fr\/tours\/china-fr\/hong-kong-fr\/visite-privee-de-lile-de-lantau-copy\/#primaryimage\"},\"image\":{\"@id\":\"https:\/\/tourtravelandmore.com\/fr\/tours\/china-fr\/hong-kong-fr\/visite-privee-de-lile-de-lantau-copy\/#primaryimage\"},\"thumbnailUrl\":\"https:\/\/tourtravelandmore.com\/wp-content\/uploads\/2025\/09\/pexels-zhangkaiyv-189833.jpg\",\"datePublished\":\"2025-10-09T14:58:13+00:00\",\"dateModified\":\"2025-10-09T18:36:14+00:00\",\"description\":\"Croisi\u00e8re fluviale priv\u00e9e \u00e0 Hong Kong. Explorez ses rues gr\u00e2ce \u00e0 cette visite priv\u00e9e d'une journ\u00e9e compl\u00e8te avec un guide et un v\u00e9hicule priv\u00e9.\",\"breadcrumb\":{\"@id\":\"https:\/\/tourtravelandmore.com\/fr\/tours\/china-fr\/hong-kong-fr\/visite-privee-de-lile-de-lantau-copy\/#breadcrumb\"},\"inLanguage\":\"fr-FR\",\"potentialAction\":[{\"@type\":\"ReadAction\",\"target\":[\"https:\/\/tourtravelandmore.com\/fr\/tours\/china-fr\/hong-kong-fr\/visite-privee-de-lile-de-lantau-copy\/\"]}]},{\"@type\":\"ImageObject\",\"inLanguage\":\"fr-FR\",\"@id\":\"https:\/\/tourtravelandmore.com\/fr\/tours\/china-fr\/hong-kong-fr\/visite-privee-de-lile-de-lantau-copy\/#primaryimage\",\"url\":\"https:\/\/tourtravelandmore.com\/wp-content\/uploads\/2025\/09\/pexels-zhangkaiyv-189833.jpg\",\"contentUrl\":\"https:\/\/tourtravelandmore.com\/wp-content\/uploads\/2025\/09\/pexels-zhangkaiyv-189833.jpg\",\"width\":1280,\"height\":791},{\"@type\":\"BreadcrumbList\",\"@id\":\"https:\/\/tourtravelandmore.com\/fr\/tours\/china-fr\/hong-kong-fr\/visite-privee-de-lile-de-lantau-copy\/#breadcrumb\",\"itemListElement\":[{\"@type\":\"ListItem\",\"position\":1,\"name\":\"Home\",\"item\":\"https:\/\/tourtravelandmore.com\/fr\/\"},{\"@type\":\"ListItem\",\"position\":2,\"name\":\"Tours\",\"item\":\"https:\/\/tourtravelandmore.com\/fr\/tours\/\"},{\"@type\":\"ListItem\",\"position\":3,\"name\":\"Croisi\u00e8re fluviale priv\u00e9e \u00e0 Hong Kong\"}]},{\"@type\":\"WebSite\",\"@id\":\"https:\/\/tourtravelandmore.com\/fr\/#website\",\"url\":\"https:\/\/tourtravelandmore.com\/fr\/\",\"name\":\"Tour Travel And More\",\"description\":\"Private sightseeing tours and luxury transfers in Spain\",\"publisher\":{\"@id\":\"https:\/\/tourtravelandmore.com\/fr\/#organization\"},\"potentialAction\":[{\"@type\":\"SearchAction\",\"target\":{\"@type\":\"EntryPoint\",\"urlTemplate\":\"https:\/\/tourtravelandmore.com\/fr\/?s={search_term_string}\"},\"query-input\":{\"@type\":\"PropertyValueSpecification\",\"valueRequired\":true,\"valueName\":\"search_term_string\"}}],\"inLanguage\":\"fr-FR\"},{\"@type\":\"Organization\",\"@id\":\"https:\/\/tourtravelandmore.com\/fr\/#organization\",\"name\":\"Tour Travel And More\",\"url\":\"https:\/\/tourtravelandmore.com\/fr\/\",\"logo\":{\"@type\":\"ImageObject\",\"inLanguage\":\"fr-FR\",\"@id\":\"https:\/\/tourtravelandmore.com\/fr\/#\/schema\/logo\/image\/\",\"url\":\"https:\/\/tourtravelandmore.com\/wp-content\/uploads\/2022\/12\/cropped-logo-cabecera-new.png\",\"contentUrl\":\"https:\/\/tourtravelandmore.com\/wp-content\/uploads\/2022\/12\/cropped-logo-cabecera-new.png\",\"width\":430,\"height\":61,\"caption\":\"Tour Travel And More\"},\"image\":{\"@id\":\"https:\/\/tourtravelandmore.com\/fr\/#\/schema\/logo\/image\/\"},\"sameAs\":[\"https:\/\/www.facebook.com\/tourtravelandmore\/\",\"https:\/\/x.com\/TourTravel_More\"]}]}<\/script>\n<!-- \/ Yoast SEO Premium plugin. -->","yoast_head_json":{"title":"Croisi\u00e8re fluviale priv\u00e9e \u00e0 Hong Kong","description":"Croisi\u00e8re fluviale priv\u00e9e \u00e0 Hong Kong. Explorez ses rues gr\u00e2ce \u00e0 cette visite priv\u00e9e d'une journ\u00e9e compl\u00e8te avec un guide et un v\u00e9hicule priv\u00e9.","robots":{"index":"index","follow":"follow","max-snippet":"max-snippet:-1","max-image-preview":"max-image-preview:large","max-video-preview":"max-video-preview:-1"},"canonical":"https:\/\/tourtravelandmore.com\/fr\/tours\/china-fr\/hong-kong-fr\/visite-privee-de-lile-de-lantau-copy\/","og_locale":"fr_FR","og_type":"article","og_title":"Croisi\u00e8re fluviale priv\u00e9e \u00e0 Hong Kong","og_description":"Croisi\u00e8re fluviale priv\u00e9e \u00e0 Hong Kong. Explorez ses rues gr\u00e2ce \u00e0 cette visite priv\u00e9e d'une journ\u00e9e compl\u00e8te avec un guide et un v\u00e9hicule priv\u00e9.","og_url":"https:\/\/tourtravelandmore.com\/fr\/tours\/china-fr\/hong-kong-fr\/visite-privee-de-lile-de-lantau-copy\/","og_site_name":"Tour Travel And More","article_publisher":"https:\/\/www.facebook.com\/tourtravelandmore\/","article_modified_time":"2025-10-09T18:36:14+00:00","og_image":[{"width":1280,"height":791,"url":"https:\/\/tourtravelandmore.com\/wp-content\/uploads\/2025\/09\/pexels-zhangkaiyv-189833.jpg","type":"image\/jpeg"}],"twitter_card":"summary_large_image","twitter_site":"@TourTravel_More","twitter_misc":{"Dur\u00e9e de lecture estim\u00e9e":"2 minutes"},"schema":{"@context":"https:\/\/schema.org","@graph":[{"@type":"WebPage","@id":"https:\/\/tourtravelandmore.com\/fr\/tours\/china-fr\/hong-kong-fr\/visite-privee-de-lile-de-lantau-copy\/","url":"https:\/\/tourtravelandmore.com\/fr\/tours\/china-fr\/hong-kong-fr\/visite-privee-de-lile-de-lantau-copy\/","name":"Croisi\u00e8re fluviale priv\u00e9e \u00e0 Hong Kong","isPartOf":{"@id":"https:\/\/tourtravelandmore.com\/fr\/#website"},"primaryImageOfPage":{"@id":"https:\/\/tourtravelandmore.com\/fr\/tours\/china-fr\/hong-kong-fr\/visite-privee-de-lile-de-lantau-copy\/#primaryimage"},"image":{"@id":"https:\/\/tourtravelandmore.com\/fr\/tours\/china-fr\/hong-kong-fr\/visite-privee-de-lile-de-lantau-copy\/#primaryimage"},"thumbnailUrl":"https:\/\/tourtravelandmore.com\/wp-content\/uploads\/2025\/09\/pexels-zhangkaiyv-189833.jpg","datePublished":"2025-10-09T14:58:13+00:00","dateModified":"2025-10-09T18:36:14+00:00","description":"Croisi\u00e8re fluviale priv\u00e9e \u00e0 Hong Kong. Explorez ses rues gr\u00e2ce \u00e0 cette visite priv\u00e9e d'une journ\u00e9e compl\u00e8te avec un guide et un v\u00e9hicule priv\u00e9.","breadcrumb":{"@id":"https:\/\/tourtravelandmore.com\/fr\/tours\/china-fr\/hong-kong-fr\/visite-privee-de-lile-de-lantau-copy\/#breadcrumb"},"inLanguage":"fr-FR","potentialAction":[{"@type":"ReadAction","target":["https:\/\/tourtravelandmore.com\/fr\/tours\/china-fr\/hong-kong-fr\/visite-privee-de-lile-de-lantau-copy\/"]}]},{"@type":"ImageObject","inLanguage":"fr-FR","@id":"https:\/\/tourtravelandmore.com\/fr\/tours\/china-fr\/hong-kong-fr\/visite-privee-de-lile-de-lantau-copy\/#primaryimage","url":"https:\/\/tourtravelandmore.com\/wp-content\/uploads\/2025\/09\/pexels-zhangkaiyv-189833.jpg","contentUrl":"https:\/\/tourtravelandmore.com\/wp-content\/uploads\/2025\/09\/pexels-zhangkaiyv-189833.jpg","width":1280,"height":791},{"@type":"BreadcrumbList","@id":"https:\/\/tourtravelandmore.com\/fr\/tours\/china-fr\/hong-kong-fr\/visite-privee-de-lile-de-lantau-copy\/#breadcrumb","itemListElement":[{"@type":"ListItem","position":1,"name":"Home","item":"https:\/\/tourtravelandmore.com\/fr\/"},{"@type":"ListItem","position":2,"name":"Tours","item":"https:\/\/tourtravelandmore.com\/fr\/tours\/"},{"@type":"ListItem","position":3,"name":"Croisi\u00e8re fluviale priv\u00e9e \u00e0 Hong Kong"}]},{"@type":"WebSite","@id":"https:\/\/tourtravelandmore.com\/fr\/#website","url":"https:\/\/tourtravelandmore.com\/fr\/","name":"Tour Travel And More","description":"Private sightseeing tours and luxury transfers in Spain","publisher":{"@id":"https:\/\/tourtravelandmore.com\/fr\/#organization"},"potentialAction":[{"@type":"SearchAction","target":{"@type":"EntryPoint","urlTemplate":"https:\/\/tourtravelandmore.com\/fr\/?s={search_term_string}"},"query-input":{"@type":"PropertyValueSpecification","valueRequired":true,"valueName":"search_term_string"}}],"inLanguage":"fr-FR"},{"@type":"Organization","@id":"https:\/\/tourtravelandmore.com\/fr\/#organization","name":"Tour Travel And More","url":"https:\/\/tourtravelandmore.com\/fr\/","logo":{"@type":"ImageObject","inLanguage":"fr-FR","@id":"https:\/\/tourtravelandmore.com\/fr\/#\/schema\/logo\/image\/","url":"https:\/\/tourtravelandmore.com\/wp-content\/uploads\/2022\/12\/cropped-logo-cabecera-new.png","contentUrl":"https:\/\/tourtravelandmore.com\/wp-content\/uploads\/2022\/12\/cropped-logo-cabecera-new.png","width":430,"height":61,"caption":"Tour Travel And More"},"image":{"@id":"https:\/\/tourtravelandmore.com\/fr\/#\/schema\/logo\/image\/"},"sameAs":["https:\/\/www.facebook.com\/tourtravelandmore\/","https:\/\/x.com\/TourTravel_More"]}]}},"_links":{"self":[{"href":"https:\/\/tourtravelandmore.com\/fr\/wp-json\/wp\/v2\/product\/187430","targetHints":{"allow":["GET"]}}],"collection":[{"href":"https:\/\/tourtravelandmore.com\/fr\/wp-json\/wp\/v2\/product"}],"about":[{"href":"https:\/\/tourtravelandmore.com\/fr\/wp-json\/wp\/v2\/types\/product"}],"replies":[{"embeddable":true,"href":"https:\/\/tourtravelandmore.com\/fr\/wp-json\/wp\/v2\/comments?post=187430"}],"wp:featuredmedia":[{"embeddable":true,"href":"https:\/\/tourtravelandmore.com\/fr\/wp-json\/wp\/v2\/media\/187074"}],"wp:attachment":[{"href":"https:\/\/tourtravelandmore.com\/fr\/wp-json\/wp\/v2\/media?parent=187430"}],"wp:term":[{"taxonomy":"product_brand","embeddable":true,"href":"https:\/\/tourtravelandmore.com\/fr\/wp-json\/wp\/v2\/product_brand?post=187430"},{"taxonomy":"product_cat","embeddable":true,"href":"https:\/\/tourtravelandmore.com\/fr\/wp-json\/wp\/v2\/product_cat?post=187430"},{"taxonomy":"product_tag","embeddable":true,"href":"https:\/\/tourtravelandmore.com\/fr\/wp-json\/wp\/v2\/product_tag?post=187430"}],"curies":[{"name":"wp","href":"https:\/\/api.w.org\/{rel}","templated":true}]}}