{"id":187351,"date":"2025-10-08T16:23:37","date_gmt":"2025-10-08T14:23:51","guid":{"rendered":"https:\/\/tourtravelandmore.com\/?post_type=product&#038;p=187351"},"modified":"2025-10-08T20:30:07","modified_gmt":"2025-10-08T18:30:07","slug":"visite-privee-de-kowloon-copy","status":"publish","type":"product","link":"https:\/\/tourtravelandmore.com\/fr\/tours\/china-fr\/hong-kong-fr\/visite-privee-de-kowloon-copy\/","title":{"rendered":"Visite priv\u00e9e de l&#8217;\u00eele de Lantau"},"content":{"rendered":"<h2>Description<\/h2>\n<p>D\u00e9couvrez le c\u00f4t\u00e9 spirituel et naturel de Hong Kong lors de cette <b>visite priv\u00e9e de l&#8217;\u00eele de Lantau : Big Buddha &amp; Tai O Village<\/b>. Accompagn\u00e9 de votre guide priv\u00e9 et de votre chauffeur, profitez d&#8217;un voyage pittoresque \u00e0 travers l&#8217;\u00eele, combinant temples paisibles, villages culturels et paysages c\u00f4tiers \u00e9poustouflants.<\/p>\n<p>Commencez votre aventure par une visite du c\u00e9l\u00e8bre <b>Bouddha Tian Tan<\/b>, \u00e9galement connu sous le nom de Grand Bouddha, situ\u00e9 pr\u00e8s du <b>monast\u00e8re Po Lin<\/b>. D\u00e9couvrez la symbolique spirituelle du monument et admirez la vue panoramique \u00e0 couper le souffle depuis sa base. Poursuivez votre exploration par une promenade relaxante jusqu&#8217;au <b>village de Tai O<\/b>, l&#8217;un des derniers villages de p\u00eacheurs de Hong Kong. Vous y fl\u00e2nerez dans les rues \u00e9troites bord\u00e9es de maisons sur pilotis et d\u00e9gusterez des sp\u00e9cialit\u00e9s locales dans un cadre authentique.<\/p>\n<h2><strong>Points forts | Visite priv\u00e9e de l&#8217;\u00eele de Lantau<\/strong><\/h2>\n<ul>\n<li><b>Bouddha Tian Tan :<\/b> \u00e9merveillez-vous devant l&#8217;une des plus grandes statues en bronze en plein air d&#8217;Asie.<\/li>\n<li><b>Monast\u00e8re de Po Lin :<\/b> explorez un site bouddhiste sacr\u00e9 riche en histoire et en art.<\/li>\n<li><b>Village de p\u00eacheurs de Tai O :<\/b> d\u00e9couvrez une charmante communaut\u00e9 construite sur pilotis au-dessus de l&#8217;eau.<\/li>\n<li><b>Routes panoramiques de Lantau :<\/b> profitez de paysages pittoresques et de vues sur la mer tout au long de votre trajet.<\/li>\n<li><b>Confort priv\u00e9 :<\/b> d\u00e9tendez-vous gr\u00e2ce aux transferts aller-retour et \u00e0 l&#8217;attention personnalis\u00e9e de votre guide.<\/li>\n<\/ul>\n<p>Votre <b>visite priv\u00e9e de l&#8217;\u00eele de Lantau : Big Buddha &amp; Tai O Village<\/b> se termine par un retour confortable \u00e0 votre h\u00f4tel.<\/p>\n<p>R\u00e9servez d\u00e8s maintenant votre exp\u00e9rience avec <a href=\"https:\/\/tourtravelandmore.com\/\">Tour Travel &amp; More<\/a> et d\u00e9couvrez d&#8217;autres visites priv\u00e9es de Hong Kong con\u00e7ues pour les voyageurs en qu\u00eate de culture, de confort et d&#8217;authenticit\u00e9.<\/p>\n","protected":false},"excerpt":{"rendered":"<p>D\u00e9couvrez le c\u00f4t\u00e9 spirituel et naturel de Hong Kong lors de cette <b>visite priv\u00e9e de l&#8217;\u00eele de Lantau : Big Buddha &amp; Tai O Village<\/b>. Accompagn\u00e9 de votre guide priv\u00e9 et de votre chauffeur, profitez d&#8217;un voyage pittoresque \u00e0 travers l&#8217;\u00eele, combinant temples paisibles, villages culturels et paysages c\u00f4tiers \u00e9poustouflants.<\/p>\n","protected":false},"featured_media":187364,"comment_status":"open","ping_status":"closed","template":"","meta":{"_acf_changed":false},"product_brand":[],"product_cat":[5610,5603,5609],"product_tag":[],"class_list":{"0":"post-187351","1":"product","2":"type-product","3":"status-publish","4":"has-post-thumbnail","6":"product_cat-all-private-tours-fr-11","7":"product_cat-china-fr","8":"product_cat-hong-kong-fr","10":"first","11":"instock","12":"shipping-taxable","13":"purchasable","14":"product-type-simple"},"acf":[],"yoast_head":"<!-- This site is optimized with the Yoast SEO Premium plugin v25.3.1 (Yoast SEO v25.3.1) - https:\/\/yoast.com\/wordpress\/plugins\/seo\/ -->\n<title>Visite priv\u00e9e de l&#039;\u00eele de Lantau<\/title>\n<meta name=\"description\" content=\"Visite priv\u00e9e de l&#039;\u00eele de Lantau. Explorez ses rues gr\u00e2ce \u00e0 cette visite priv\u00e9e d&#039;une journ\u00e9e compl\u00e8te avec un guide et un v\u00e9hicule priv\u00e9.\" \/>\n<meta name=\"robots\" content=\"index, follow, max-snippet:-1, max-image-preview:large, max-video-preview:-1\" \/>\n<link rel=\"canonical\" href=\"https:\/\/tourtravelandmore.com\/fr\/tours\/china-fr\/hong-kong-fr\/visite-privee-de-kowloon-copy\/\" \/>\n<meta property=\"og:locale\" content=\"fr_FR\" \/>\n<meta property=\"og:type\" content=\"article\" \/>\n<meta property=\"og:title\" content=\"Visite priv\u00e9e de l&#039;\u00eele de Lantau\" \/>\n<meta property=\"og:description\" content=\"Visite priv\u00e9e de l&#039;\u00eele de Lantau. Explorez ses rues gr\u00e2ce \u00e0 cette visite priv\u00e9e d&#039;une journ\u00e9e compl\u00e8te avec un guide et un v\u00e9hicule priv\u00e9.\" \/>\n<meta property=\"og:url\" content=\"https:\/\/tourtravelandmore.com\/fr\/tours\/china-fr\/hong-kong-fr\/visite-privee-de-kowloon-copy\/\" \/>\n<meta property=\"og:site_name\" content=\"Tour Travel And More\" \/>\n<meta property=\"article:publisher\" content=\"https:\/\/www.facebook.com\/tourtravelandmore\/\" \/>\n<meta property=\"article:modified_time\" content=\"2025-10-08T18:30:07+00:00\" \/>\n<meta property=\"og:image\" content=\"https:\/\/tourtravelandmore.com\/wp-content\/uploads\/2025\/10\/pexels-faniayang-2684749.jpg\" \/>\n\t<meta property=\"og:image:width\" content=\"1280\" \/>\n\t<meta property=\"og:image:height\" content=\"853\" \/>\n\t<meta property=\"og:image:type\" content=\"image\/jpeg\" \/>\n<meta name=\"twitter:card\" content=\"summary_large_image\" \/>\n<meta name=\"twitter:site\" content=\"@TourTravel_More\" \/>\n<meta name=\"twitter:label1\" content=\"Dur\u00e9e de lecture estim\u00e9e\" \/>\n\t<meta name=\"twitter:data1\" content=\"2 minutes\" \/>\n<script type=\"application\/ld+json\" class=\"yoast-schema-graph\">{\"@context\":\"https:\/\/schema.org\",\"@graph\":[{\"@type\":\"WebPage\",\"@id\":\"https:\/\/tourtravelandmore.com\/fr\/tours\/china-fr\/hong-kong-fr\/visite-privee-de-kowloon-copy\/\",\"url\":\"https:\/\/tourtravelandmore.com\/fr\/tours\/china-fr\/hong-kong-fr\/visite-privee-de-kowloon-copy\/\",\"name\":\"Visite priv\u00e9e de l'\u00eele de Lantau\",\"isPartOf\":{\"@id\":\"https:\/\/tourtravelandmore.com\/fr\/#website\"},\"primaryImageOfPage\":{\"@id\":\"https:\/\/tourtravelandmore.com\/fr\/tours\/china-fr\/hong-kong-fr\/visite-privee-de-kowloon-copy\/#primaryimage\"},\"image\":{\"@id\":\"https:\/\/tourtravelandmore.com\/fr\/tours\/china-fr\/hong-kong-fr\/visite-privee-de-kowloon-copy\/#primaryimage\"},\"thumbnailUrl\":\"https:\/\/tourtravelandmore.com\/wp-content\/uploads\/2025\/10\/pexels-faniayang-2684749.jpg\",\"datePublished\":\"2025-10-08T14:23:51+00:00\",\"dateModified\":\"2025-10-08T18:30:07+00:00\",\"description\":\"Visite priv\u00e9e de l'\u00eele de Lantau. Explorez ses rues gr\u00e2ce \u00e0 cette visite priv\u00e9e d'une journ\u00e9e compl\u00e8te avec un guide et un v\u00e9hicule priv\u00e9.\",\"breadcrumb\":{\"@id\":\"https:\/\/tourtravelandmore.com\/fr\/tours\/china-fr\/hong-kong-fr\/visite-privee-de-kowloon-copy\/#breadcrumb\"},\"inLanguage\":\"fr-FR\",\"potentialAction\":[{\"@type\":\"ReadAction\",\"target\":[\"https:\/\/tourtravelandmore.com\/fr\/tours\/china-fr\/hong-kong-fr\/visite-privee-de-kowloon-copy\/\"]}]},{\"@type\":\"ImageObject\",\"inLanguage\":\"fr-FR\",\"@id\":\"https:\/\/tourtravelandmore.com\/fr\/tours\/china-fr\/hong-kong-fr\/visite-privee-de-kowloon-copy\/#primaryimage\",\"url\":\"https:\/\/tourtravelandmore.com\/wp-content\/uploads\/2025\/10\/pexels-faniayang-2684749.jpg\",\"contentUrl\":\"https:\/\/tourtravelandmore.com\/wp-content\/uploads\/2025\/10\/pexels-faniayang-2684749.jpg\",\"width\":1280,\"height\":853},{\"@type\":\"BreadcrumbList\",\"@id\":\"https:\/\/tourtravelandmore.com\/fr\/tours\/china-fr\/hong-kong-fr\/visite-privee-de-kowloon-copy\/#breadcrumb\",\"itemListElement\":[{\"@type\":\"ListItem\",\"position\":1,\"name\":\"Home\",\"item\":\"https:\/\/tourtravelandmore.com\/fr\/\"},{\"@type\":\"ListItem\",\"position\":2,\"name\":\"Tours\",\"item\":\"https:\/\/tourtravelandmore.com\/fr\/tours\/\"},{\"@type\":\"ListItem\",\"position\":3,\"name\":\"Visite priv\u00e9e de l&#8217;\u00eele de Lantau\"}]},{\"@type\":\"WebSite\",\"@id\":\"https:\/\/tourtravelandmore.com\/fr\/#website\",\"url\":\"https:\/\/tourtravelandmore.com\/fr\/\",\"name\":\"Tour Travel And More\",\"description\":\"Private sightseeing tours and luxury transfers in Spain\",\"publisher\":{\"@id\":\"https:\/\/tourtravelandmore.com\/fr\/#organization\"},\"potentialAction\":[{\"@type\":\"SearchAction\",\"target\":{\"@type\":\"EntryPoint\",\"urlTemplate\":\"https:\/\/tourtravelandmore.com\/fr\/?s={search_term_string}\"},\"query-input\":{\"@type\":\"PropertyValueSpecification\",\"valueRequired\":true,\"valueName\":\"search_term_string\"}}],\"inLanguage\":\"fr-FR\"},{\"@type\":\"Organization\",\"@id\":\"https:\/\/tourtravelandmore.com\/fr\/#organization\",\"name\":\"Tour Travel And More\",\"url\":\"https:\/\/tourtravelandmore.com\/fr\/\",\"logo\":{\"@type\":\"ImageObject\",\"inLanguage\":\"fr-FR\",\"@id\":\"https:\/\/tourtravelandmore.com\/fr\/#\/schema\/logo\/image\/\",\"url\":\"https:\/\/tourtravelandmore.com\/wp-content\/uploads\/2022\/12\/cropped-logo-cabecera-new.png\",\"contentUrl\":\"https:\/\/tourtravelandmore.com\/wp-content\/uploads\/2022\/12\/cropped-logo-cabecera-new.png\",\"width\":430,\"height\":61,\"caption\":\"Tour Travel And More\"},\"image\":{\"@id\":\"https:\/\/tourtravelandmore.com\/fr\/#\/schema\/logo\/image\/\"},\"sameAs\":[\"https:\/\/www.facebook.com\/tourtravelandmore\/\",\"https:\/\/x.com\/TourTravel_More\"]}]}<\/script>\n<!-- \/ Yoast SEO Premium plugin. -->","yoast_head_json":{"title":"Visite priv\u00e9e de l'\u00eele de Lantau","description":"Visite priv\u00e9e de l'\u00eele de Lantau. Explorez ses rues gr\u00e2ce \u00e0 cette visite priv\u00e9e d'une journ\u00e9e compl\u00e8te avec un guide et un v\u00e9hicule priv\u00e9.","robots":{"index":"index","follow":"follow","max-snippet":"max-snippet:-1","max-image-preview":"max-image-preview:large","max-video-preview":"max-video-preview:-1"},"canonical":"https:\/\/tourtravelandmore.com\/fr\/tours\/china-fr\/hong-kong-fr\/visite-privee-de-kowloon-copy\/","og_locale":"fr_FR","og_type":"article","og_title":"Visite priv\u00e9e de l'\u00eele de Lantau","og_description":"Visite priv\u00e9e de l'\u00eele de Lantau. Explorez ses rues gr\u00e2ce \u00e0 cette visite priv\u00e9e d'une journ\u00e9e compl\u00e8te avec un guide et un v\u00e9hicule priv\u00e9.","og_url":"https:\/\/tourtravelandmore.com\/fr\/tours\/china-fr\/hong-kong-fr\/visite-privee-de-kowloon-copy\/","og_site_name":"Tour Travel And More","article_publisher":"https:\/\/www.facebook.com\/tourtravelandmore\/","article_modified_time":"2025-10-08T18:30:07+00:00","og_image":[{"width":1280,"height":853,"url":"https:\/\/tourtravelandmore.com\/wp-content\/uploads\/2025\/10\/pexels-faniayang-2684749.jpg","type":"image\/jpeg"}],"twitter_card":"summary_large_image","twitter_site":"@TourTravel_More","twitter_misc":{"Dur\u00e9e de lecture estim\u00e9e":"2 minutes"},"schema":{"@context":"https:\/\/schema.org","@graph":[{"@type":"WebPage","@id":"https:\/\/tourtravelandmore.com\/fr\/tours\/china-fr\/hong-kong-fr\/visite-privee-de-kowloon-copy\/","url":"https:\/\/tourtravelandmore.com\/fr\/tours\/china-fr\/hong-kong-fr\/visite-privee-de-kowloon-copy\/","name":"Visite priv\u00e9e de l'\u00eele de Lantau","isPartOf":{"@id":"https:\/\/tourtravelandmore.com\/fr\/#website"},"primaryImageOfPage":{"@id":"https:\/\/tourtravelandmore.com\/fr\/tours\/china-fr\/hong-kong-fr\/visite-privee-de-kowloon-copy\/#primaryimage"},"image":{"@id":"https:\/\/tourtravelandmore.com\/fr\/tours\/china-fr\/hong-kong-fr\/visite-privee-de-kowloon-copy\/#primaryimage"},"thumbnailUrl":"https:\/\/tourtravelandmore.com\/wp-content\/uploads\/2025\/10\/pexels-faniayang-2684749.jpg","datePublished":"2025-10-08T14:23:51+00:00","dateModified":"2025-10-08T18:30:07+00:00","description":"Visite priv\u00e9e de l'\u00eele de Lantau. Explorez ses rues gr\u00e2ce \u00e0 cette visite priv\u00e9e d'une journ\u00e9e compl\u00e8te avec un guide et un v\u00e9hicule priv\u00e9.","breadcrumb":{"@id":"https:\/\/tourtravelandmore.com\/fr\/tours\/china-fr\/hong-kong-fr\/visite-privee-de-kowloon-copy\/#breadcrumb"},"inLanguage":"fr-FR","potentialAction":[{"@type":"ReadAction","target":["https:\/\/tourtravelandmore.com\/fr\/tours\/china-fr\/hong-kong-fr\/visite-privee-de-kowloon-copy\/"]}]},{"@type":"ImageObject","inLanguage":"fr-FR","@id":"https:\/\/tourtravelandmore.com\/fr\/tours\/china-fr\/hong-kong-fr\/visite-privee-de-kowloon-copy\/#primaryimage","url":"https:\/\/tourtravelandmore.com\/wp-content\/uploads\/2025\/10\/pexels-faniayang-2684749.jpg","contentUrl":"https:\/\/tourtravelandmore.com\/wp-content\/uploads\/2025\/10\/pexels-faniayang-2684749.jpg","width":1280,"height":853},{"@type":"BreadcrumbList","@id":"https:\/\/tourtravelandmore.com\/fr\/tours\/china-fr\/hong-kong-fr\/visite-privee-de-kowloon-copy\/#breadcrumb","itemListElement":[{"@type":"ListItem","position":1,"name":"Home","item":"https:\/\/tourtravelandmore.com\/fr\/"},{"@type":"ListItem","position":2,"name":"Tours","item":"https:\/\/tourtravelandmore.com\/fr\/tours\/"},{"@type":"ListItem","position":3,"name":"Visite priv\u00e9e de l&#8217;\u00eele de Lantau"}]},{"@type":"WebSite","@id":"https:\/\/tourtravelandmore.com\/fr\/#website","url":"https:\/\/tourtravelandmore.com\/fr\/","name":"Tour Travel And More","description":"Private sightseeing tours and luxury transfers in Spain","publisher":{"@id":"https:\/\/tourtravelandmore.com\/fr\/#organization"},"potentialAction":[{"@type":"SearchAction","target":{"@type":"EntryPoint","urlTemplate":"https:\/\/tourtravelandmore.com\/fr\/?s={search_term_string}"},"query-input":{"@type":"PropertyValueSpecification","valueRequired":true,"valueName":"search_term_string"}}],"inLanguage":"fr-FR"},{"@type":"Organization","@id":"https:\/\/tourtravelandmore.com\/fr\/#organization","name":"Tour Travel And More","url":"https:\/\/tourtravelandmore.com\/fr\/","logo":{"@type":"ImageObject","inLanguage":"fr-FR","@id":"https:\/\/tourtravelandmore.com\/fr\/#\/schema\/logo\/image\/","url":"https:\/\/tourtravelandmore.com\/wp-content\/uploads\/2022\/12\/cropped-logo-cabecera-new.png","contentUrl":"https:\/\/tourtravelandmore.com\/wp-content\/uploads\/2022\/12\/cropped-logo-cabecera-new.png","width":430,"height":61,"caption":"Tour Travel And More"},"image":{"@id":"https:\/\/tourtravelandmore.com\/fr\/#\/schema\/logo\/image\/"},"sameAs":["https:\/\/www.facebook.com\/tourtravelandmore\/","https:\/\/x.com\/TourTravel_More"]}]}},"_links":{"self":[{"href":"https:\/\/tourtravelandmore.com\/fr\/wp-json\/wp\/v2\/product\/187351","targetHints":{"allow":["GET"]}}],"collection":[{"href":"https:\/\/tourtravelandmore.com\/fr\/wp-json\/wp\/v2\/product"}],"about":[{"href":"https:\/\/tourtravelandmore.com\/fr\/wp-json\/wp\/v2\/types\/product"}],"replies":[{"embeddable":true,"href":"https:\/\/tourtravelandmore.com\/fr\/wp-json\/wp\/v2\/comments?post=187351"}],"wp:featuredmedia":[{"embeddable":true,"href":"https:\/\/tourtravelandmore.com\/fr\/wp-json\/wp\/v2\/media\/187364"}],"wp:attachment":[{"href":"https:\/\/tourtravelandmore.com\/fr\/wp-json\/wp\/v2\/media?parent=187351"}],"wp:term":[{"taxonomy":"product_brand","embeddable":true,"href":"https:\/\/tourtravelandmore.com\/fr\/wp-json\/wp\/v2\/product_brand?post=187351"},{"taxonomy":"product_cat","embeddable":true,"href":"https:\/\/tourtravelandmore.com\/fr\/wp-json\/wp\/v2\/product_cat?post=187351"},{"taxonomy":"product_tag","embeddable":true,"href":"https:\/\/tourtravelandmore.com\/fr\/wp-json\/wp\/v2\/product_tag?post=187351"}],"curies":[{"name":"wp","href":"https:\/\/api.w.org\/{rel}","templated":true}]}}