{"id":187289,"date":"2025-10-07T16:38:07","date_gmt":"2025-10-07T14:38:21","guid":{"rendered":"https:\/\/tourtravelandmore.com\/?post_type=product&#038;p=187289"},"modified":"2025-10-07T19:35:08","modified_gmt":"2025-10-07T17:35:08","slug":"visite-privee-de-hong-kong-copy-2","status":"publish","type":"product","link":"https:\/\/tourtravelandmore.com\/fr\/tours\/china-fr\/hong-kong-fr\/visite-privee-de-hong-kong-copy-2\/","title":{"rendered":"Visite priv\u00e9e de Kowloon"},"content":{"rendered":"<h2>Description<\/h2>\n<p>Embarquez pour une authentique <b>visite priv\u00e9e de Kowloon<\/b> et d\u00e9couvrez la vie locale anim\u00e9e qui fait de ce quartier le c\u0153ur culturel de Hong Kong. Avec votre guide et votre chauffeur priv\u00e9s, explorez des quartiers anim\u00e9s, des temples anciens et des march\u00e9s anim\u00e9s qui refl\u00e8tent les riches traditions et les contrastes modernes de la ville.<\/p>\n<p>Commencez votre voyage au <b>temple Wong Tai Sin<\/b>, l&#8217;un des sites spirituels les plus embl\u00e9matiques de Hong Kong, o\u00f9 les habitants viennent faire des v\u0153ux et allumer de l&#8217;encens. Continuez vers le <b>jardin Nan Lian<\/b>, une oasis de s\u00e9r\u00e9nit\u00e9 entour\u00e9e d&#8217;une architecture de style Tang \u00e9poustouflante qui offre un refuge paisible loin de l&#8217;\u00e9nergie de la ville. Votre guide vous racontera l&#8217;histoire de l&#8217;\u00e9volution de Kowloon et son r\u00f4le dans la formation de l&#8217;identit\u00e9 de Hong Kong.<\/p>\n<h2><b><strong>Points forts | Visite priv\u00e9e de Kowloon<\/strong><\/b><\/h2>\n<ul>\n<li><b>Temple Wong Tai Sin :<\/b> visitez l&#8217;un des temples les plus populaires, c\u00e9l\u00e8bre pour ses d\u00e9corations color\u00e9es et ses rituels de divination.<\/li>\n<li><b>Jardin Nan Lian :<\/b> d\u00e9couvrez un chef-d&#8217;\u0153uvre d&#8217;am\u00e9nagement paysager et de r\u00e9flexion sereine au c\u0153ur de la vie urbaine.<\/li>\n<li><b>Couvent Chi Lin :<\/b> admirez une architecture en bois raffin\u00e9e et d\u00e9couvrez les traditions bouddhistes.<\/li>\n<li><b>March\u00e9s de Kowloon :<\/b> d\u00e9couvrez la culture locale dans des march\u00e9s anim\u00e9s tels que le Ladies Market et le Jade Market.<\/li>\n<li><b>Route panoramique :<\/b> profitez d&#8217;une balade confortable dans les rues les plus embl\u00e9matiques de la ville avec votre chauffeur priv\u00e9.<\/li>\n<\/ul>\n<p>Votre <b>visite priv\u00e9e de Kowloon<\/b> se termine par une balade panoramique le long du <b>Victoria Harbour<\/b>, o\u00f9 les lumi\u00e8res de la ville se refl\u00e8tent magnifiquement sur l&#8217;eau.<\/p>\n<p>R\u00e9servez d\u00e8s aujourd&#8217;hui votre voyage culturel avec <a href=\"https:\/\/tourtravelandmore.com\/\">Tour Travel &amp; More<\/a> et explorez d&#8217;autres visites priv\u00e9es de Hong Kong pour approfondir votre connaissance de la destination la plus dynamique d&#8217;Asie.<\/p>\n","protected":false},"excerpt":{"rendered":"<p>Embarquez pour une authentique <b>visite priv\u00e9e de Kowloon<\/b> et d\u00e9couvrez la vie locale anim\u00e9e qui fait de ce quartier le c\u0153ur culturel de Hong Kong. Avec votre guide et votre chauffeur priv\u00e9s, explorez des quartiers anim\u00e9s, des temples anciens et des march\u00e9s anim\u00e9s qui refl\u00e8tent les riches traditions et les contrastes modernes de la ville.<\/p>\n","protected":false},"featured_media":187302,"comment_status":"open","ping_status":"closed","template":"","meta":{"_acf_changed":false},"product_brand":[],"product_cat":[5610,5603,5609],"product_tag":[],"class_list":{"0":"post-187289","1":"product","2":"type-product","3":"status-publish","4":"has-post-thumbnail","6":"product_cat-all-private-tours-fr-11","7":"product_cat-china-fr","8":"product_cat-hong-kong-fr","10":"first","11":"instock","12":"shipping-taxable","13":"purchasable","14":"product-type-simple"},"acf":[],"yoast_head":"<!-- This site is optimized with the Yoast SEO Premium plugin v25.3.1 (Yoast SEO v25.3.1) - https:\/\/yoast.com\/wordpress\/plugins\/seo\/ -->\n<title>Visite priv\u00e9e de Kowloon<\/title>\n<meta name=\"description\" content=\"Visite priv\u00e9e de Kowloon. Explorez ses rues gr\u00e2ce \u00e0 cette visite priv\u00e9e d&#039;une journ\u00e9e compl\u00e8te avec un guide et un v\u00e9hicule priv\u00e9.\" \/>\n<meta name=\"robots\" content=\"index, follow, max-snippet:-1, max-image-preview:large, max-video-preview:-1\" \/>\n<link rel=\"canonical\" href=\"https:\/\/tourtravelandmore.com\/fr\/tours\/china-fr\/hong-kong-fr\/visite-privee-de-hong-kong-copy-2\/\" \/>\n<meta property=\"og:locale\" content=\"fr_FR\" \/>\n<meta property=\"og:type\" content=\"article\" \/>\n<meta property=\"og:title\" content=\"Visite priv\u00e9e de Kowloon\" \/>\n<meta property=\"og:description\" content=\"Visite priv\u00e9e de Kowloon. Explorez ses rues gr\u00e2ce \u00e0 cette visite priv\u00e9e d&#039;une journ\u00e9e compl\u00e8te avec un guide et un v\u00e9hicule priv\u00e9.\" \/>\n<meta property=\"og:url\" content=\"https:\/\/tourtravelandmore.com\/fr\/tours\/china-fr\/hong-kong-fr\/visite-privee-de-hong-kong-copy-2\/\" \/>\n<meta property=\"og:site_name\" content=\"Tour Travel And More\" \/>\n<meta property=\"article:publisher\" content=\"https:\/\/www.facebook.com\/tourtravelandmore\/\" \/>\n<meta property=\"article:modified_time\" content=\"2025-10-07T17:35:08+00:00\" \/>\n<meta property=\"og:image\" content=\"https:\/\/tourtravelandmore.com\/wp-content\/uploads\/2025\/10\/pexels-nextvoyage-1445284.jpg\" \/>\n\t<meta property=\"og:image:width\" content=\"1280\" \/>\n\t<meta property=\"og:image:height\" content=\"853\" \/>\n\t<meta property=\"og:image:type\" content=\"image\/jpeg\" \/>\n<meta name=\"twitter:card\" content=\"summary_large_image\" \/>\n<meta name=\"twitter:site\" content=\"@TourTravel_More\" \/>\n<meta name=\"twitter:label1\" content=\"Dur\u00e9e de lecture estim\u00e9e\" \/>\n\t<meta name=\"twitter:data1\" content=\"2 minutes\" \/>\n<script type=\"application\/ld+json\" class=\"yoast-schema-graph\">{\"@context\":\"https:\/\/schema.org\",\"@graph\":[{\"@type\":\"WebPage\",\"@id\":\"https:\/\/tourtravelandmore.com\/fr\/tours\/china-fr\/hong-kong-fr\/visite-privee-de-hong-kong-copy-2\/\",\"url\":\"https:\/\/tourtravelandmore.com\/fr\/tours\/china-fr\/hong-kong-fr\/visite-privee-de-hong-kong-copy-2\/\",\"name\":\"Visite priv\u00e9e de Kowloon\",\"isPartOf\":{\"@id\":\"https:\/\/tourtravelandmore.com\/fr\/#website\"},\"primaryImageOfPage\":{\"@id\":\"https:\/\/tourtravelandmore.com\/fr\/tours\/china-fr\/hong-kong-fr\/visite-privee-de-hong-kong-copy-2\/#primaryimage\"},\"image\":{\"@id\":\"https:\/\/tourtravelandmore.com\/fr\/tours\/china-fr\/hong-kong-fr\/visite-privee-de-hong-kong-copy-2\/#primaryimage\"},\"thumbnailUrl\":\"https:\/\/tourtravelandmore.com\/wp-content\/uploads\/2025\/10\/pexels-nextvoyage-1445284.jpg\",\"datePublished\":\"2025-10-07T14:38:21+00:00\",\"dateModified\":\"2025-10-07T17:35:08+00:00\",\"description\":\"Visite priv\u00e9e de Kowloon. Explorez ses rues gr\u00e2ce \u00e0 cette visite priv\u00e9e d'une journ\u00e9e compl\u00e8te avec un guide et un v\u00e9hicule priv\u00e9.\",\"breadcrumb\":{\"@id\":\"https:\/\/tourtravelandmore.com\/fr\/tours\/china-fr\/hong-kong-fr\/visite-privee-de-hong-kong-copy-2\/#breadcrumb\"},\"inLanguage\":\"fr-FR\",\"potentialAction\":[{\"@type\":\"ReadAction\",\"target\":[\"https:\/\/tourtravelandmore.com\/fr\/tours\/china-fr\/hong-kong-fr\/visite-privee-de-hong-kong-copy-2\/\"]}]},{\"@type\":\"ImageObject\",\"inLanguage\":\"fr-FR\",\"@id\":\"https:\/\/tourtravelandmore.com\/fr\/tours\/china-fr\/hong-kong-fr\/visite-privee-de-hong-kong-copy-2\/#primaryimage\",\"url\":\"https:\/\/tourtravelandmore.com\/wp-content\/uploads\/2025\/10\/pexels-nextvoyage-1445284.jpg\",\"contentUrl\":\"https:\/\/tourtravelandmore.com\/wp-content\/uploads\/2025\/10\/pexels-nextvoyage-1445284.jpg\",\"width\":1280,\"height\":853},{\"@type\":\"BreadcrumbList\",\"@id\":\"https:\/\/tourtravelandmore.com\/fr\/tours\/china-fr\/hong-kong-fr\/visite-privee-de-hong-kong-copy-2\/#breadcrumb\",\"itemListElement\":[{\"@type\":\"ListItem\",\"position\":1,\"name\":\"Home\",\"item\":\"https:\/\/tourtravelandmore.com\/fr\/\"},{\"@type\":\"ListItem\",\"position\":2,\"name\":\"Tours\",\"item\":\"https:\/\/tourtravelandmore.com\/fr\/tours\/\"},{\"@type\":\"ListItem\",\"position\":3,\"name\":\"Visite priv\u00e9e de Kowloon\"}]},{\"@type\":\"WebSite\",\"@id\":\"https:\/\/tourtravelandmore.com\/fr\/#website\",\"url\":\"https:\/\/tourtravelandmore.com\/fr\/\",\"name\":\"Tour Travel And More\",\"description\":\"Private sightseeing tours and luxury transfers in Spain\",\"publisher\":{\"@id\":\"https:\/\/tourtravelandmore.com\/fr\/#organization\"},\"potentialAction\":[{\"@type\":\"SearchAction\",\"target\":{\"@type\":\"EntryPoint\",\"urlTemplate\":\"https:\/\/tourtravelandmore.com\/fr\/?s={search_term_string}\"},\"query-input\":{\"@type\":\"PropertyValueSpecification\",\"valueRequired\":true,\"valueName\":\"search_term_string\"}}],\"inLanguage\":\"fr-FR\"},{\"@type\":\"Organization\",\"@id\":\"https:\/\/tourtravelandmore.com\/fr\/#organization\",\"name\":\"Tour Travel And More\",\"url\":\"https:\/\/tourtravelandmore.com\/fr\/\",\"logo\":{\"@type\":\"ImageObject\",\"inLanguage\":\"fr-FR\",\"@id\":\"https:\/\/tourtravelandmore.com\/fr\/#\/schema\/logo\/image\/\",\"url\":\"https:\/\/tourtravelandmore.com\/wp-content\/uploads\/2022\/12\/cropped-logo-cabecera-new.png\",\"contentUrl\":\"https:\/\/tourtravelandmore.com\/wp-content\/uploads\/2022\/12\/cropped-logo-cabecera-new.png\",\"width\":430,\"height\":61,\"caption\":\"Tour Travel And More\"},\"image\":{\"@id\":\"https:\/\/tourtravelandmore.com\/fr\/#\/schema\/logo\/image\/\"},\"sameAs\":[\"https:\/\/www.facebook.com\/tourtravelandmore\/\",\"https:\/\/x.com\/TourTravel_More\"]}]}<\/script>\n<!-- \/ Yoast SEO Premium plugin. -->","yoast_head_json":{"title":"Visite priv\u00e9e de Kowloon","description":"Visite priv\u00e9e de Kowloon. Explorez ses rues gr\u00e2ce \u00e0 cette visite priv\u00e9e d'une journ\u00e9e compl\u00e8te avec un guide et un v\u00e9hicule priv\u00e9.","robots":{"index":"index","follow":"follow","max-snippet":"max-snippet:-1","max-image-preview":"max-image-preview:large","max-video-preview":"max-video-preview:-1"},"canonical":"https:\/\/tourtravelandmore.com\/fr\/tours\/china-fr\/hong-kong-fr\/visite-privee-de-hong-kong-copy-2\/","og_locale":"fr_FR","og_type":"article","og_title":"Visite priv\u00e9e de Kowloon","og_description":"Visite priv\u00e9e de Kowloon. Explorez ses rues gr\u00e2ce \u00e0 cette visite priv\u00e9e d'une journ\u00e9e compl\u00e8te avec un guide et un v\u00e9hicule priv\u00e9.","og_url":"https:\/\/tourtravelandmore.com\/fr\/tours\/china-fr\/hong-kong-fr\/visite-privee-de-hong-kong-copy-2\/","og_site_name":"Tour Travel And More","article_publisher":"https:\/\/www.facebook.com\/tourtravelandmore\/","article_modified_time":"2025-10-07T17:35:08+00:00","og_image":[{"width":1280,"height":853,"url":"https:\/\/tourtravelandmore.com\/wp-content\/uploads\/2025\/10\/pexels-nextvoyage-1445284.jpg","type":"image\/jpeg"}],"twitter_card":"summary_large_image","twitter_site":"@TourTravel_More","twitter_misc":{"Dur\u00e9e de lecture estim\u00e9e":"2 minutes"},"schema":{"@context":"https:\/\/schema.org","@graph":[{"@type":"WebPage","@id":"https:\/\/tourtravelandmore.com\/fr\/tours\/china-fr\/hong-kong-fr\/visite-privee-de-hong-kong-copy-2\/","url":"https:\/\/tourtravelandmore.com\/fr\/tours\/china-fr\/hong-kong-fr\/visite-privee-de-hong-kong-copy-2\/","name":"Visite priv\u00e9e de Kowloon","isPartOf":{"@id":"https:\/\/tourtravelandmore.com\/fr\/#website"},"primaryImageOfPage":{"@id":"https:\/\/tourtravelandmore.com\/fr\/tours\/china-fr\/hong-kong-fr\/visite-privee-de-hong-kong-copy-2\/#primaryimage"},"image":{"@id":"https:\/\/tourtravelandmore.com\/fr\/tours\/china-fr\/hong-kong-fr\/visite-privee-de-hong-kong-copy-2\/#primaryimage"},"thumbnailUrl":"https:\/\/tourtravelandmore.com\/wp-content\/uploads\/2025\/10\/pexels-nextvoyage-1445284.jpg","datePublished":"2025-10-07T14:38:21+00:00","dateModified":"2025-10-07T17:35:08+00:00","description":"Visite priv\u00e9e de Kowloon. Explorez ses rues gr\u00e2ce \u00e0 cette visite priv\u00e9e d'une journ\u00e9e compl\u00e8te avec un guide et un v\u00e9hicule priv\u00e9.","breadcrumb":{"@id":"https:\/\/tourtravelandmore.com\/fr\/tours\/china-fr\/hong-kong-fr\/visite-privee-de-hong-kong-copy-2\/#breadcrumb"},"inLanguage":"fr-FR","potentialAction":[{"@type":"ReadAction","target":["https:\/\/tourtravelandmore.com\/fr\/tours\/china-fr\/hong-kong-fr\/visite-privee-de-hong-kong-copy-2\/"]}]},{"@type":"ImageObject","inLanguage":"fr-FR","@id":"https:\/\/tourtravelandmore.com\/fr\/tours\/china-fr\/hong-kong-fr\/visite-privee-de-hong-kong-copy-2\/#primaryimage","url":"https:\/\/tourtravelandmore.com\/wp-content\/uploads\/2025\/10\/pexels-nextvoyage-1445284.jpg","contentUrl":"https:\/\/tourtravelandmore.com\/wp-content\/uploads\/2025\/10\/pexels-nextvoyage-1445284.jpg","width":1280,"height":853},{"@type":"BreadcrumbList","@id":"https:\/\/tourtravelandmore.com\/fr\/tours\/china-fr\/hong-kong-fr\/visite-privee-de-hong-kong-copy-2\/#breadcrumb","itemListElement":[{"@type":"ListItem","position":1,"name":"Home","item":"https:\/\/tourtravelandmore.com\/fr\/"},{"@type":"ListItem","position":2,"name":"Tours","item":"https:\/\/tourtravelandmore.com\/fr\/tours\/"},{"@type":"ListItem","position":3,"name":"Visite priv\u00e9e de Kowloon"}]},{"@type":"WebSite","@id":"https:\/\/tourtravelandmore.com\/fr\/#website","url":"https:\/\/tourtravelandmore.com\/fr\/","name":"Tour Travel And More","description":"Private sightseeing tours and luxury transfers in Spain","publisher":{"@id":"https:\/\/tourtravelandmore.com\/fr\/#organization"},"potentialAction":[{"@type":"SearchAction","target":{"@type":"EntryPoint","urlTemplate":"https:\/\/tourtravelandmore.com\/fr\/?s={search_term_string}"},"query-input":{"@type":"PropertyValueSpecification","valueRequired":true,"valueName":"search_term_string"}}],"inLanguage":"fr-FR"},{"@type":"Organization","@id":"https:\/\/tourtravelandmore.com\/fr\/#organization","name":"Tour Travel And More","url":"https:\/\/tourtravelandmore.com\/fr\/","logo":{"@type":"ImageObject","inLanguage":"fr-FR","@id":"https:\/\/tourtravelandmore.com\/fr\/#\/schema\/logo\/image\/","url":"https:\/\/tourtravelandmore.com\/wp-content\/uploads\/2022\/12\/cropped-logo-cabecera-new.png","contentUrl":"https:\/\/tourtravelandmore.com\/wp-content\/uploads\/2022\/12\/cropped-logo-cabecera-new.png","width":430,"height":61,"caption":"Tour Travel And More"},"image":{"@id":"https:\/\/tourtravelandmore.com\/fr\/#\/schema\/logo\/image\/"},"sameAs":["https:\/\/www.facebook.com\/tourtravelandmore\/","https:\/\/x.com\/TourTravel_More"]}]}},"_links":{"self":[{"href":"https:\/\/tourtravelandmore.com\/fr\/wp-json\/wp\/v2\/product\/187289","targetHints":{"allow":["GET"]}}],"collection":[{"href":"https:\/\/tourtravelandmore.com\/fr\/wp-json\/wp\/v2\/product"}],"about":[{"href":"https:\/\/tourtravelandmore.com\/fr\/wp-json\/wp\/v2\/types\/product"}],"replies":[{"embeddable":true,"href":"https:\/\/tourtravelandmore.com\/fr\/wp-json\/wp\/v2\/comments?post=187289"}],"wp:featuredmedia":[{"embeddable":true,"href":"https:\/\/tourtravelandmore.com\/fr\/wp-json\/wp\/v2\/media\/187302"}],"wp:attachment":[{"href":"https:\/\/tourtravelandmore.com\/fr\/wp-json\/wp\/v2\/media?parent=187289"}],"wp:term":[{"taxonomy":"product_brand","embeddable":true,"href":"https:\/\/tourtravelandmore.com\/fr\/wp-json\/wp\/v2\/product_brand?post=187289"},{"taxonomy":"product_cat","embeddable":true,"href":"https:\/\/tourtravelandmore.com\/fr\/wp-json\/wp\/v2\/product_cat?post=187289"},{"taxonomy":"product_tag","embeddable":true,"href":"https:\/\/tourtravelandmore.com\/fr\/wp-json\/wp\/v2\/product_tag?post=187289"}],"curies":[{"name":"wp","href":"https:\/\/api.w.org\/{rel}","templated":true}]}}