{"id":187257,"date":"2025-10-06T16:35:09","date_gmt":"2025-10-06T14:35:14","guid":{"rendered":"https:\/\/tourtravelandmore.com\/?post_type=product&#038;p=187257"},"modified":"2025-10-06T16:56:54","modified_gmt":"2025-10-06T14:56:54","slug":"visite-privee-de-hong-kong-copy","status":"publish","type":"product","link":"https:\/\/tourtravelandmore.com\/fr\/tours\/china-fr\/hong-kong-fr\/visite-privee-de-hong-kong-copy\/","title":{"rendered":"Visite gastronomique nocturne priv\u00e9e et march\u00e9 de Temple Street en tuk-tuk"},"content":{"rendered":"<h2>Description<\/h2>\n<p>D\u00e9couvrez la vie nocturne anim\u00e9e de Hong Kong gr\u00e2ce \u00e0 cette <b>visite gastronomique priv\u00e9e nocturne et au march\u00e9 de Temple Street en tuk-tuk<\/b>, un voyage qui combine cuisine locale, culture et \u00e9nergie unique de la ville. \u00c0 la tomb\u00e9e de la nuit, votre guide priv\u00e9 vous emm\u00e8nera \u00e0 travers des quartiers anim\u00e9s et des rues color\u00e9es remplies d&#8217;ar\u00f4mes, de saveurs et de lumi\u00e8res qui d\u00e9finissent l&#8217;esprit culinaire de Hong Kong.<\/p>\n<p>Commencez votre aventure \u00e0 bord d&#8217;un tuk-tuk priv\u00e9, en passant devant des temples illumin\u00e9s, des vendeurs de rue et des \u00e9tals en plein air. Vous d\u00e9gusterez d&#8217;authentiques sp\u00e9cialit\u00e9s cantonaises, des dim sum aux nouilles \u00e9pic\u00e9es en passant par les tartelettes aux \u0153ufs sucr\u00e9es, toutes fra\u00eechement pr\u00e9par\u00e9es au c\u0153ur des march\u00e9s nocturnes. Entre deux d\u00e9gustations, \u00e9coutez des anecdotes sur les traditions locales et d\u00e9couvrez comment la nourriture rassemble les g\u00e9n\u00e9rations dans cette ville dynamique.<\/p>\n<h2><b><strong>Points forts | Visite gastronomique nocturne priv\u00e9e et march\u00e9 de Temple Street en tuk-tuk<\/strong><\/b><\/h2>\n<ul>\n<li><b>March\u00e9 de Temple Street :<\/b> explorez le march\u00e9 nocturne le plus c\u00e9l\u00e8bre <a href=\"https:\/\/es.wikipedia.org\/wiki\/Hong_Kong\">de Hong Kong<\/a>, anim\u00e9 par ses couleurs, sa culture et ses irr\u00e9sistibles sp\u00e9cialit\u00e9s culinaires de rue.<\/li>\n<li><b>D\u00e9gustations authentiques :<\/b> go\u00fbtez aux sp\u00e9cialit\u00e9s locales telles que les nouilles wonton, les boulettes de poisson et les petits pains \u00e0 l&#8217;ananas.<\/li>\n<li><b>Exp\u00e9rience en tuk-tuk :<\/b> parcourez confortablement les rues anim\u00e9es de Kowloon \u00e0 bord de votre tuk-tuk priv\u00e9.<\/li>\n<li><b>Expertise locale :<\/b> profitez des connaissances d&#8217;initi\u00e9s et des anecdotes personnelles partag\u00e9es par votre guide exp\u00e9riment\u00e9.<\/li>\n<li><b>D\u00e9couverte culturelle :<\/b> D\u00e9couvrez le patrimoine culinaire de Hong Kong tout en ressentant le rythme de sa vie nocturne.<\/li>\n<\/ul>\n<p>Votre <b>visite gastronomique nocturne priv\u00e9e et march\u00e9 de Temple Street en tuk-tuk<\/b> se termine par un trajet panoramique \u00e0 travers la ville illumin\u00e9e, vous laissant un souvenir inoubliable de Hong Kong apr\u00e8s la tomb\u00e9e de la nuit.<\/p>\n<p>R\u00e9servez d\u00e8s maintenant votre aventure nocturne avec <a href=\"https:\/\/tourtravelandmore.com\/\">Tour Travel &amp; More<\/a> et d\u00e9couvrez d&#8217;autres visites priv\u00e9es \u00e0 Hong Kong pour une exp\u00e9rience culturelle compl\u00e8te en Asie.<\/p>\n","protected":false},"excerpt":{"rendered":"<p>D\u00e9couvrez la vie nocturne anim\u00e9e de Hong Kong gr\u00e2ce \u00e0 cette <b>visite gastronomique priv\u00e9e nocturne et au march\u00e9 de Temple Street en tuk-tuk<\/b>, un voyage qui combine cuisine locale, culture et \u00e9nergie unique de la ville. \u00c0 la tomb\u00e9e de la nuit, votre guide priv\u00e9 vous emm\u00e8nera \u00e0 travers des quartiers anim\u00e9s et des rues color\u00e9es remplies d&#8217;ar\u00f4mes, de saveurs et de lumi\u00e8res qui d\u00e9finissent l&#8217;esprit culinaire de Hong Kong.<\/p>\n","protected":false},"featured_media":187269,"comment_status":"open","ping_status":"closed","template":"","meta":{"_acf_changed":false},"product_brand":[],"product_cat":[5610,5603,5609],"product_tag":[],"class_list":{"0":"post-187257","1":"product","2":"type-product","3":"status-publish","4":"has-post-thumbnail","6":"product_cat-all-private-tours-fr-11","7":"product_cat-china-fr","8":"product_cat-hong-kong-fr","10":"first","11":"instock","12":"shipping-taxable","13":"purchasable","14":"product-type-simple"},"acf":[],"yoast_head":"<!-- This site is optimized with the Yoast SEO Premium plugin v25.3.1 (Yoast SEO v25.3.1) - https:\/\/yoast.com\/wordpress\/plugins\/seo\/ -->\n<title>Visite gastronomique nocturne priv\u00e9e et march\u00e9 de Temple Street en tuk-tuk<\/title>\n<meta name=\"description\" content=\"Visite gastronomique nocturne priv\u00e9e et march\u00e9 de Temple Street en tuk-tuk. Explorez ses rues gr\u00e2ce \u00e0 cette visite priv\u00e9e d&#039;une journ\u00e9e compl\u00e8te avec un guide et un v\u00e9hicule priv\u00e9.\" \/>\n<meta name=\"robots\" content=\"index, follow, max-snippet:-1, max-image-preview:large, max-video-preview:-1\" \/>\n<link rel=\"canonical\" href=\"https:\/\/tourtravelandmore.com\/fr\/tours\/china-fr\/hong-kong-fr\/visite-privee-de-hong-kong-copy\/\" \/>\n<meta property=\"og:locale\" content=\"fr_FR\" \/>\n<meta property=\"og:type\" content=\"article\" \/>\n<meta property=\"og:title\" content=\"Visite gastronomique nocturne priv\u00e9e et march\u00e9 de Temple Street en tuk-tuk\" \/>\n<meta property=\"og:description\" content=\"Visite gastronomique nocturne priv\u00e9e et march\u00e9 de Temple Street en tuk-tuk. Explorez ses rues gr\u00e2ce \u00e0 cette visite priv\u00e9e d&#039;une journ\u00e9e compl\u00e8te avec un guide et un v\u00e9hicule priv\u00e9.\" \/>\n<meta property=\"og:url\" content=\"https:\/\/tourtravelandmore.com\/fr\/tours\/china-fr\/hong-kong-fr\/visite-privee-de-hong-kong-copy\/\" \/>\n<meta property=\"og:site_name\" content=\"Tour Travel And More\" \/>\n<meta property=\"article:publisher\" content=\"https:\/\/www.facebook.com\/tourtravelandmore\/\" \/>\n<meta property=\"article:modified_time\" content=\"2025-10-06T14:56:54+00:00\" \/>\n<meta property=\"og:image\" content=\"https:\/\/tourtravelandmore.com\/wp-content\/uploads\/2025\/10\/pexels-apasaric-3029361-1.jpg\" \/>\n\t<meta property=\"og:image:width\" content=\"1280\" \/>\n\t<meta property=\"og:image:height\" content=\"854\" \/>\n\t<meta property=\"og:image:type\" content=\"image\/jpeg\" \/>\n<meta name=\"twitter:card\" content=\"summary_large_image\" \/>\n<meta name=\"twitter:site\" content=\"@TourTravel_More\" \/>\n<meta name=\"twitter:label1\" content=\"Dur\u00e9e de lecture estim\u00e9e\" \/>\n\t<meta name=\"twitter:data1\" content=\"2 minutes\" \/>\n<script type=\"application\/ld+json\" class=\"yoast-schema-graph\">{\"@context\":\"https:\/\/schema.org\",\"@graph\":[{\"@type\":\"WebPage\",\"@id\":\"https:\/\/tourtravelandmore.com\/fr\/tours\/china-fr\/hong-kong-fr\/visite-privee-de-hong-kong-copy\/\",\"url\":\"https:\/\/tourtravelandmore.com\/fr\/tours\/china-fr\/hong-kong-fr\/visite-privee-de-hong-kong-copy\/\",\"name\":\"Visite gastronomique nocturne priv\u00e9e et march\u00e9 de Temple Street en tuk-tuk\",\"isPartOf\":{\"@id\":\"https:\/\/tourtravelandmore.com\/fr\/#website\"},\"primaryImageOfPage\":{\"@id\":\"https:\/\/tourtravelandmore.com\/fr\/tours\/china-fr\/hong-kong-fr\/visite-privee-de-hong-kong-copy\/#primaryimage\"},\"image\":{\"@id\":\"https:\/\/tourtravelandmore.com\/fr\/tours\/china-fr\/hong-kong-fr\/visite-privee-de-hong-kong-copy\/#primaryimage\"},\"thumbnailUrl\":\"https:\/\/tourtravelandmore.com\/wp-content\/uploads\/2025\/10\/pexels-apasaric-3029361-1.jpg\",\"datePublished\":\"2025-10-06T14:35:14+00:00\",\"dateModified\":\"2025-10-06T14:56:54+00:00\",\"description\":\"Visite gastronomique nocturne priv\u00e9e et march\u00e9 de Temple Street en tuk-tuk. Explorez ses rues gr\u00e2ce \u00e0 cette visite priv\u00e9e d'une journ\u00e9e compl\u00e8te avec un guide et un v\u00e9hicule priv\u00e9.\",\"breadcrumb\":{\"@id\":\"https:\/\/tourtravelandmore.com\/fr\/tours\/china-fr\/hong-kong-fr\/visite-privee-de-hong-kong-copy\/#breadcrumb\"},\"inLanguage\":\"fr-FR\",\"potentialAction\":[{\"@type\":\"ReadAction\",\"target\":[\"https:\/\/tourtravelandmore.com\/fr\/tours\/china-fr\/hong-kong-fr\/visite-privee-de-hong-kong-copy\/\"]}]},{\"@type\":\"ImageObject\",\"inLanguage\":\"fr-FR\",\"@id\":\"https:\/\/tourtravelandmore.com\/fr\/tours\/china-fr\/hong-kong-fr\/visite-privee-de-hong-kong-copy\/#primaryimage\",\"url\":\"https:\/\/tourtravelandmore.com\/wp-content\/uploads\/2025\/10\/pexels-apasaric-3029361-1.jpg\",\"contentUrl\":\"https:\/\/tourtravelandmore.com\/wp-content\/uploads\/2025\/10\/pexels-apasaric-3029361-1.jpg\",\"width\":1280,\"height\":854},{\"@type\":\"BreadcrumbList\",\"@id\":\"https:\/\/tourtravelandmore.com\/fr\/tours\/china-fr\/hong-kong-fr\/visite-privee-de-hong-kong-copy\/#breadcrumb\",\"itemListElement\":[{\"@type\":\"ListItem\",\"position\":1,\"name\":\"Home\",\"item\":\"https:\/\/tourtravelandmore.com\/fr\/\"},{\"@type\":\"ListItem\",\"position\":2,\"name\":\"Tours\",\"item\":\"https:\/\/tourtravelandmore.com\/fr\/tours\/\"},{\"@type\":\"ListItem\",\"position\":3,\"name\":\"Visite gastronomique nocturne priv\u00e9e et march\u00e9 de Temple Street en tuk-tuk\"}]},{\"@type\":\"WebSite\",\"@id\":\"https:\/\/tourtravelandmore.com\/fr\/#website\",\"url\":\"https:\/\/tourtravelandmore.com\/fr\/\",\"name\":\"Tour Travel And More\",\"description\":\"Private sightseeing tours and luxury transfers in Spain\",\"publisher\":{\"@id\":\"https:\/\/tourtravelandmore.com\/fr\/#organization\"},\"potentialAction\":[{\"@type\":\"SearchAction\",\"target\":{\"@type\":\"EntryPoint\",\"urlTemplate\":\"https:\/\/tourtravelandmore.com\/fr\/?s={search_term_string}\"},\"query-input\":{\"@type\":\"PropertyValueSpecification\",\"valueRequired\":true,\"valueName\":\"search_term_string\"}}],\"inLanguage\":\"fr-FR\"},{\"@type\":\"Organization\",\"@id\":\"https:\/\/tourtravelandmore.com\/fr\/#organization\",\"name\":\"Tour Travel And More\",\"url\":\"https:\/\/tourtravelandmore.com\/fr\/\",\"logo\":{\"@type\":\"ImageObject\",\"inLanguage\":\"fr-FR\",\"@id\":\"https:\/\/tourtravelandmore.com\/fr\/#\/schema\/logo\/image\/\",\"url\":\"https:\/\/tourtravelandmore.com\/wp-content\/uploads\/2022\/12\/cropped-logo-cabecera-new.png\",\"contentUrl\":\"https:\/\/tourtravelandmore.com\/wp-content\/uploads\/2022\/12\/cropped-logo-cabecera-new.png\",\"width\":430,\"height\":61,\"caption\":\"Tour Travel And More\"},\"image\":{\"@id\":\"https:\/\/tourtravelandmore.com\/fr\/#\/schema\/logo\/image\/\"},\"sameAs\":[\"https:\/\/www.facebook.com\/tourtravelandmore\/\",\"https:\/\/x.com\/TourTravel_More\"]}]}<\/script>\n<!-- \/ Yoast SEO Premium plugin. -->","yoast_head_json":{"title":"Visite gastronomique nocturne priv\u00e9e et march\u00e9 de Temple Street en tuk-tuk","description":"Visite gastronomique nocturne priv\u00e9e et march\u00e9 de Temple Street en tuk-tuk. Explorez ses rues gr\u00e2ce \u00e0 cette visite priv\u00e9e d'une journ\u00e9e compl\u00e8te avec un guide et un v\u00e9hicule priv\u00e9.","robots":{"index":"index","follow":"follow","max-snippet":"max-snippet:-1","max-image-preview":"max-image-preview:large","max-video-preview":"max-video-preview:-1"},"canonical":"https:\/\/tourtravelandmore.com\/fr\/tours\/china-fr\/hong-kong-fr\/visite-privee-de-hong-kong-copy\/","og_locale":"fr_FR","og_type":"article","og_title":"Visite gastronomique nocturne priv\u00e9e et march\u00e9 de Temple Street en tuk-tuk","og_description":"Visite gastronomique nocturne priv\u00e9e et march\u00e9 de Temple Street en tuk-tuk. Explorez ses rues gr\u00e2ce \u00e0 cette visite priv\u00e9e d'une journ\u00e9e compl\u00e8te avec un guide et un v\u00e9hicule priv\u00e9.","og_url":"https:\/\/tourtravelandmore.com\/fr\/tours\/china-fr\/hong-kong-fr\/visite-privee-de-hong-kong-copy\/","og_site_name":"Tour Travel And More","article_publisher":"https:\/\/www.facebook.com\/tourtravelandmore\/","article_modified_time":"2025-10-06T14:56:54+00:00","og_image":[{"width":1280,"height":854,"url":"https:\/\/tourtravelandmore.com\/wp-content\/uploads\/2025\/10\/pexels-apasaric-3029361-1.jpg","type":"image\/jpeg"}],"twitter_card":"summary_large_image","twitter_site":"@TourTravel_More","twitter_misc":{"Dur\u00e9e de lecture estim\u00e9e":"2 minutes"},"schema":{"@context":"https:\/\/schema.org","@graph":[{"@type":"WebPage","@id":"https:\/\/tourtravelandmore.com\/fr\/tours\/china-fr\/hong-kong-fr\/visite-privee-de-hong-kong-copy\/","url":"https:\/\/tourtravelandmore.com\/fr\/tours\/china-fr\/hong-kong-fr\/visite-privee-de-hong-kong-copy\/","name":"Visite gastronomique nocturne priv\u00e9e et march\u00e9 de Temple Street en tuk-tuk","isPartOf":{"@id":"https:\/\/tourtravelandmore.com\/fr\/#website"},"primaryImageOfPage":{"@id":"https:\/\/tourtravelandmore.com\/fr\/tours\/china-fr\/hong-kong-fr\/visite-privee-de-hong-kong-copy\/#primaryimage"},"image":{"@id":"https:\/\/tourtravelandmore.com\/fr\/tours\/china-fr\/hong-kong-fr\/visite-privee-de-hong-kong-copy\/#primaryimage"},"thumbnailUrl":"https:\/\/tourtravelandmore.com\/wp-content\/uploads\/2025\/10\/pexels-apasaric-3029361-1.jpg","datePublished":"2025-10-06T14:35:14+00:00","dateModified":"2025-10-06T14:56:54+00:00","description":"Visite gastronomique nocturne priv\u00e9e et march\u00e9 de Temple Street en tuk-tuk. Explorez ses rues gr\u00e2ce \u00e0 cette visite priv\u00e9e d'une journ\u00e9e compl\u00e8te avec un guide et un v\u00e9hicule priv\u00e9.","breadcrumb":{"@id":"https:\/\/tourtravelandmore.com\/fr\/tours\/china-fr\/hong-kong-fr\/visite-privee-de-hong-kong-copy\/#breadcrumb"},"inLanguage":"fr-FR","potentialAction":[{"@type":"ReadAction","target":["https:\/\/tourtravelandmore.com\/fr\/tours\/china-fr\/hong-kong-fr\/visite-privee-de-hong-kong-copy\/"]}]},{"@type":"ImageObject","inLanguage":"fr-FR","@id":"https:\/\/tourtravelandmore.com\/fr\/tours\/china-fr\/hong-kong-fr\/visite-privee-de-hong-kong-copy\/#primaryimage","url":"https:\/\/tourtravelandmore.com\/wp-content\/uploads\/2025\/10\/pexels-apasaric-3029361-1.jpg","contentUrl":"https:\/\/tourtravelandmore.com\/wp-content\/uploads\/2025\/10\/pexels-apasaric-3029361-1.jpg","width":1280,"height":854},{"@type":"BreadcrumbList","@id":"https:\/\/tourtravelandmore.com\/fr\/tours\/china-fr\/hong-kong-fr\/visite-privee-de-hong-kong-copy\/#breadcrumb","itemListElement":[{"@type":"ListItem","position":1,"name":"Home","item":"https:\/\/tourtravelandmore.com\/fr\/"},{"@type":"ListItem","position":2,"name":"Tours","item":"https:\/\/tourtravelandmore.com\/fr\/tours\/"},{"@type":"ListItem","position":3,"name":"Visite gastronomique nocturne priv\u00e9e et march\u00e9 de Temple Street en tuk-tuk"}]},{"@type":"WebSite","@id":"https:\/\/tourtravelandmore.com\/fr\/#website","url":"https:\/\/tourtravelandmore.com\/fr\/","name":"Tour Travel And More","description":"Private sightseeing tours and luxury transfers in Spain","publisher":{"@id":"https:\/\/tourtravelandmore.com\/fr\/#organization"},"potentialAction":[{"@type":"SearchAction","target":{"@type":"EntryPoint","urlTemplate":"https:\/\/tourtravelandmore.com\/fr\/?s={search_term_string}"},"query-input":{"@type":"PropertyValueSpecification","valueRequired":true,"valueName":"search_term_string"}}],"inLanguage":"fr-FR"},{"@type":"Organization","@id":"https:\/\/tourtravelandmore.com\/fr\/#organization","name":"Tour Travel And More","url":"https:\/\/tourtravelandmore.com\/fr\/","logo":{"@type":"ImageObject","inLanguage":"fr-FR","@id":"https:\/\/tourtravelandmore.com\/fr\/#\/schema\/logo\/image\/","url":"https:\/\/tourtravelandmore.com\/wp-content\/uploads\/2022\/12\/cropped-logo-cabecera-new.png","contentUrl":"https:\/\/tourtravelandmore.com\/wp-content\/uploads\/2022\/12\/cropped-logo-cabecera-new.png","width":430,"height":61,"caption":"Tour Travel And More"},"image":{"@id":"https:\/\/tourtravelandmore.com\/fr\/#\/schema\/logo\/image\/"},"sameAs":["https:\/\/www.facebook.com\/tourtravelandmore\/","https:\/\/x.com\/TourTravel_More"]}]}},"_links":{"self":[{"href":"https:\/\/tourtravelandmore.com\/fr\/wp-json\/wp\/v2\/product\/187257","targetHints":{"allow":["GET"]}}],"collection":[{"href":"https:\/\/tourtravelandmore.com\/fr\/wp-json\/wp\/v2\/product"}],"about":[{"href":"https:\/\/tourtravelandmore.com\/fr\/wp-json\/wp\/v2\/types\/product"}],"replies":[{"embeddable":true,"href":"https:\/\/tourtravelandmore.com\/fr\/wp-json\/wp\/v2\/comments?post=187257"}],"wp:featuredmedia":[{"embeddable":true,"href":"https:\/\/tourtravelandmore.com\/fr\/wp-json\/wp\/v2\/media\/187269"}],"wp:attachment":[{"href":"https:\/\/tourtravelandmore.com\/fr\/wp-json\/wp\/v2\/media?parent=187257"}],"wp:term":[{"taxonomy":"product_brand","embeddable":true,"href":"https:\/\/tourtravelandmore.com\/fr\/wp-json\/wp\/v2\/product_brand?post=187257"},{"taxonomy":"product_cat","embeddable":true,"href":"https:\/\/tourtravelandmore.com\/fr\/wp-json\/wp\/v2\/product_cat?post=187257"},{"taxonomy":"product_tag","embeddable":true,"href":"https:\/\/tourtravelandmore.com\/fr\/wp-json\/wp\/v2\/product_tag?post=187257"}],"curies":[{"name":"wp","href":"https:\/\/api.w.org\/{rel}","templated":true}]}}