{"id":187229,"date":"2025-10-06T15:59:51","date_gmt":"2025-10-06T14:00:11","guid":{"rendered":"https:\/\/tourtravelandmore.com\/?post_type=product&#038;p=187229"},"modified":"2025-10-06T16:20:48","modified_gmt":"2025-10-06T14:20:48","slug":"visite-privee-dune-demi-journee-de-hong-kong-copy","status":"publish","type":"product","link":"https:\/\/tourtravelandmore.com\/fr\/tours\/china-fr\/hong-kong-fr\/visite-privee-dune-demi-journee-de-hong-kong-copy\/","title":{"rendered":"Visite priv\u00e9e de Hong Kong"},"content":{"rendered":"<h2>Description<\/h2>\n<p>Participez \u00e0 notre <b>visite priv\u00e9e de Hong Kong<\/b> et d\u00e9couvrez les contrastes saisissants qui caract\u00e9risent cette ville incroyable. Des rues anim\u00e9es du quartier Central aux rives paisibles de Repulse Bay, cette exp\u00e9rience d&#8217;une journ\u00e9e enti\u00e8re vous offre une introduction parfaite aux merveilles culturelles et modernes qui rendent Hong Kong inoubliable.<\/p>\n<p>Votre guide priv\u00e9 et votre chauffeur vous feront d\u00e9couvrir les sites les plus embl\u00e9matiques de la ville, alliant confort et attention personnalis\u00e9e. Profitez d&#8217;une vue imprenable depuis <b>Victoria Peak<\/b>, fl\u00e2nez dans le march\u00e9 anim\u00e9 de <b>Stanley<\/b> et explorez le village flottant d&#8217;<b>Aberdeen<\/b>, o\u00f9 la tradition c\u00f4toie la vie moderne. Tout au long de la visite, vous d\u00e9couvrirez le m\u00e9lange unique d&#8217;influences orientales et occidentales qui fa\u00e7onnent l&#8217;identit\u00e9 de l&#8217;\u00eele.<\/p>\n<h2><b>Points forts | Visite priv\u00e9e de Hong Kong<\/b><\/h2>\n<ul>\n<li><b>Victoria Peak :<\/b> Admirez la vue panoramique sur les toits, le port et les \u00eeles lointaines.<\/li>\n<li><b>March\u00e9 de Stanley :<\/b> d\u00e9couvrez l&#8217;artisanat local, la mode et les souvenirs dans ce charmant march\u00e9 en plein air.<\/li>\n<li><b>Village de p\u00eacheurs d&#8217;Aberdeen :<\/b> d\u00e9couvrez les sampans traditionnels et les restaurants flottants qui caract\u00e9risent le vieux Hong Kong.<\/li>\n<li><b>Repulse Bay :<\/b> d\u00e9tendez-vous sur l&#8217;une des plus belles plages de la ville, dans une atmosph\u00e8re c\u00f4ti\u00e8re sereine.<\/li>\n<li><b>Temple Man Mo :<\/b> visitez l&#8217;un des plus anciens temples d\u00e9di\u00e9s aux dieux de la litt\u00e9rature et de la guerre.<\/li>\n<\/ul>\n<p>Au fil de la journ\u00e9e, vous d\u00e9couvrirez Hong Kong sous plusieurs angles : urbain, culturel et naturel. Cette <b>visite priv\u00e9e de Hong Kong<\/b> allie commodit\u00e9 et authenticit\u00e9, vous permettant de vous impr\u00e9gner pleinement du rythme de la ville.<\/p>\n<p>R\u00e9servez d\u00e8s maintenant via <a href=\"https:\/\/tourtravelandmore.com\/\">Tour Travel &amp; More<\/a> et explorez nos autres visites priv\u00e9es en Asie pour poursuivre votre voyage de d\u00e9couverte. Laissez-vous s\u00e9duire par l&#8217;\u00e9nergie de Hong Kong lors d&#8217;une exp\u00e9rience con\u00e7ue sp\u00e9cialement pour vous.<\/p>\n","protected":false},"excerpt":{"rendered":"<p>Participez \u00e0 notre <b>visite priv\u00e9e de Hong Kong<\/b> et d\u00e9couvrez les contrastes saisissants qui caract\u00e9risent cette ville incroyable. Des rues anim\u00e9es du quartier Central aux rives paisibles de Repulse Bay, cette exp\u00e9rience d&#8217;une journ\u00e9e enti\u00e8re vous offre une introduction parfaite aux merveilles culturelles et modernes qui rendent Hong Kong inoubliable.<\/p>\n","protected":false},"featured_media":187110,"comment_status":"open","ping_status":"closed","template":"","meta":{"_acf_changed":false},"product_brand":[],"product_cat":[5610,5603,5609],"product_tag":[],"class_list":{"0":"post-187229","1":"product","2":"type-product","3":"status-publish","4":"has-post-thumbnail","6":"product_cat-all-private-tours-fr-11","7":"product_cat-china-fr","8":"product_cat-hong-kong-fr","10":"first","11":"instock","12":"shipping-taxable","13":"purchasable","14":"product-type-simple"},"acf":[],"yoast_head":"<!-- This site is optimized with the Yoast SEO Premium plugin v25.3.1 (Yoast SEO v25.3.1) - https:\/\/yoast.com\/wordpress\/plugins\/seo\/ -->\n<title>Visite priv\u00e9e de Hong Kong<\/title>\n<meta name=\"description\" content=\"Visite priv\u00e9e de Hong Kong. Explorez ses rues gr\u00e2ce \u00e0 cette visite priv\u00e9e d&#039;une journ\u00e9e compl\u00e8te avec un guide et un v\u00e9hicule priv\u00e9.\" \/>\n<meta name=\"robots\" content=\"index, follow, max-snippet:-1, max-image-preview:large, max-video-preview:-1\" \/>\n<link rel=\"canonical\" href=\"https:\/\/tourtravelandmore.com\/fr\/tours\/china-fr\/hong-kong-fr\/visite-privee-dune-demi-journee-de-hong-kong-copy\/\" \/>\n<meta property=\"og:locale\" content=\"fr_FR\" \/>\n<meta property=\"og:type\" content=\"article\" \/>\n<meta property=\"og:title\" content=\"Visite priv\u00e9e de Hong Kong\" \/>\n<meta property=\"og:description\" content=\"Visite priv\u00e9e de Hong Kong. Explorez ses rues gr\u00e2ce \u00e0 cette visite priv\u00e9e d&#039;une journ\u00e9e compl\u00e8te avec un guide et un v\u00e9hicule priv\u00e9.\" \/>\n<meta property=\"og:url\" content=\"https:\/\/tourtravelandmore.com\/fr\/tours\/china-fr\/hong-kong-fr\/visite-privee-dune-demi-journee-de-hong-kong-copy\/\" \/>\n<meta property=\"og:site_name\" content=\"Tour Travel And More\" \/>\n<meta property=\"article:publisher\" content=\"https:\/\/www.facebook.com\/tourtravelandmore\/\" \/>\n<meta property=\"article:modified_time\" content=\"2025-10-06T14:20:48+00:00\" \/>\n<meta property=\"og:image\" content=\"https:\/\/tourtravelandmore.com\/wp-content\/uploads\/2025\/09\/pexels-jimbear-2300342.jpg\" \/>\n\t<meta property=\"og:image:width\" content=\"1280\" \/>\n\t<meta property=\"og:image:height\" content=\"853\" \/>\n\t<meta property=\"og:image:type\" content=\"image\/jpeg\" \/>\n<meta name=\"twitter:card\" content=\"summary_large_image\" \/>\n<meta name=\"twitter:site\" content=\"@TourTravel_More\" \/>\n<meta name=\"twitter:label1\" content=\"Dur\u00e9e de lecture estim\u00e9e\" \/>\n\t<meta name=\"twitter:data1\" content=\"2 minutes\" \/>\n<script type=\"application\/ld+json\" class=\"yoast-schema-graph\">{\"@context\":\"https:\/\/schema.org\",\"@graph\":[{\"@type\":\"WebPage\",\"@id\":\"https:\/\/tourtravelandmore.com\/fr\/tours\/china-fr\/hong-kong-fr\/visite-privee-dune-demi-journee-de-hong-kong-copy\/\",\"url\":\"https:\/\/tourtravelandmore.com\/fr\/tours\/china-fr\/hong-kong-fr\/visite-privee-dune-demi-journee-de-hong-kong-copy\/\",\"name\":\"Visite priv\u00e9e de Hong Kong\",\"isPartOf\":{\"@id\":\"https:\/\/tourtravelandmore.com\/fr\/#website\"},\"primaryImageOfPage\":{\"@id\":\"https:\/\/tourtravelandmore.com\/fr\/tours\/china-fr\/hong-kong-fr\/visite-privee-dune-demi-journee-de-hong-kong-copy\/#primaryimage\"},\"image\":{\"@id\":\"https:\/\/tourtravelandmore.com\/fr\/tours\/china-fr\/hong-kong-fr\/visite-privee-dune-demi-journee-de-hong-kong-copy\/#primaryimage\"},\"thumbnailUrl\":\"https:\/\/tourtravelandmore.com\/wp-content\/uploads\/2025\/09\/pexels-jimbear-2300342.jpg\",\"datePublished\":\"2025-10-06T14:00:11+00:00\",\"dateModified\":\"2025-10-06T14:20:48+00:00\",\"description\":\"Visite priv\u00e9e de Hong Kong. Explorez ses rues gr\u00e2ce \u00e0 cette visite priv\u00e9e d'une journ\u00e9e compl\u00e8te avec un guide et un v\u00e9hicule priv\u00e9.\",\"breadcrumb\":{\"@id\":\"https:\/\/tourtravelandmore.com\/fr\/tours\/china-fr\/hong-kong-fr\/visite-privee-dune-demi-journee-de-hong-kong-copy\/#breadcrumb\"},\"inLanguage\":\"fr-FR\",\"potentialAction\":[{\"@type\":\"ReadAction\",\"target\":[\"https:\/\/tourtravelandmore.com\/fr\/tours\/china-fr\/hong-kong-fr\/visite-privee-dune-demi-journee-de-hong-kong-copy\/\"]}]},{\"@type\":\"ImageObject\",\"inLanguage\":\"fr-FR\",\"@id\":\"https:\/\/tourtravelandmore.com\/fr\/tours\/china-fr\/hong-kong-fr\/visite-privee-dune-demi-journee-de-hong-kong-copy\/#primaryimage\",\"url\":\"https:\/\/tourtravelandmore.com\/wp-content\/uploads\/2025\/09\/pexels-jimbear-2300342.jpg\",\"contentUrl\":\"https:\/\/tourtravelandmore.com\/wp-content\/uploads\/2025\/09\/pexels-jimbear-2300342.jpg\",\"width\":1280,\"height\":853},{\"@type\":\"BreadcrumbList\",\"@id\":\"https:\/\/tourtravelandmore.com\/fr\/tours\/china-fr\/hong-kong-fr\/visite-privee-dune-demi-journee-de-hong-kong-copy\/#breadcrumb\",\"itemListElement\":[{\"@type\":\"ListItem\",\"position\":1,\"name\":\"Home\",\"item\":\"https:\/\/tourtravelandmore.com\/fr\/\"},{\"@type\":\"ListItem\",\"position\":2,\"name\":\"Tours\",\"item\":\"https:\/\/tourtravelandmore.com\/fr\/tours\/\"},{\"@type\":\"ListItem\",\"position\":3,\"name\":\"Visite priv\u00e9e de Hong Kong\"}]},{\"@type\":\"WebSite\",\"@id\":\"https:\/\/tourtravelandmore.com\/fr\/#website\",\"url\":\"https:\/\/tourtravelandmore.com\/fr\/\",\"name\":\"Tour Travel And More\",\"description\":\"Private sightseeing tours and luxury transfers in Spain\",\"publisher\":{\"@id\":\"https:\/\/tourtravelandmore.com\/fr\/#organization\"},\"potentialAction\":[{\"@type\":\"SearchAction\",\"target\":{\"@type\":\"EntryPoint\",\"urlTemplate\":\"https:\/\/tourtravelandmore.com\/fr\/?s={search_term_string}\"},\"query-input\":{\"@type\":\"PropertyValueSpecification\",\"valueRequired\":true,\"valueName\":\"search_term_string\"}}],\"inLanguage\":\"fr-FR\"},{\"@type\":\"Organization\",\"@id\":\"https:\/\/tourtravelandmore.com\/fr\/#organization\",\"name\":\"Tour Travel And More\",\"url\":\"https:\/\/tourtravelandmore.com\/fr\/\",\"logo\":{\"@type\":\"ImageObject\",\"inLanguage\":\"fr-FR\",\"@id\":\"https:\/\/tourtravelandmore.com\/fr\/#\/schema\/logo\/image\/\",\"url\":\"https:\/\/tourtravelandmore.com\/wp-content\/uploads\/2022\/12\/cropped-logo-cabecera-new.png\",\"contentUrl\":\"https:\/\/tourtravelandmore.com\/wp-content\/uploads\/2022\/12\/cropped-logo-cabecera-new.png\",\"width\":430,\"height\":61,\"caption\":\"Tour Travel And More\"},\"image\":{\"@id\":\"https:\/\/tourtravelandmore.com\/fr\/#\/schema\/logo\/image\/\"},\"sameAs\":[\"https:\/\/www.facebook.com\/tourtravelandmore\/\",\"https:\/\/x.com\/TourTravel_More\"]}]}<\/script>\n<!-- \/ Yoast SEO Premium plugin. -->","yoast_head_json":{"title":"Visite priv\u00e9e de Hong Kong","description":"Visite priv\u00e9e de Hong Kong. Explorez ses rues gr\u00e2ce \u00e0 cette visite priv\u00e9e d'une journ\u00e9e compl\u00e8te avec un guide et un v\u00e9hicule priv\u00e9.","robots":{"index":"index","follow":"follow","max-snippet":"max-snippet:-1","max-image-preview":"max-image-preview:large","max-video-preview":"max-video-preview:-1"},"canonical":"https:\/\/tourtravelandmore.com\/fr\/tours\/china-fr\/hong-kong-fr\/visite-privee-dune-demi-journee-de-hong-kong-copy\/","og_locale":"fr_FR","og_type":"article","og_title":"Visite priv\u00e9e de Hong Kong","og_description":"Visite priv\u00e9e de Hong Kong. Explorez ses rues gr\u00e2ce \u00e0 cette visite priv\u00e9e d'une journ\u00e9e compl\u00e8te avec un guide et un v\u00e9hicule priv\u00e9.","og_url":"https:\/\/tourtravelandmore.com\/fr\/tours\/china-fr\/hong-kong-fr\/visite-privee-dune-demi-journee-de-hong-kong-copy\/","og_site_name":"Tour Travel And More","article_publisher":"https:\/\/www.facebook.com\/tourtravelandmore\/","article_modified_time":"2025-10-06T14:20:48+00:00","og_image":[{"width":1280,"height":853,"url":"https:\/\/tourtravelandmore.com\/wp-content\/uploads\/2025\/09\/pexels-jimbear-2300342.jpg","type":"image\/jpeg"}],"twitter_card":"summary_large_image","twitter_site":"@TourTravel_More","twitter_misc":{"Dur\u00e9e de lecture estim\u00e9e":"2 minutes"},"schema":{"@context":"https:\/\/schema.org","@graph":[{"@type":"WebPage","@id":"https:\/\/tourtravelandmore.com\/fr\/tours\/china-fr\/hong-kong-fr\/visite-privee-dune-demi-journee-de-hong-kong-copy\/","url":"https:\/\/tourtravelandmore.com\/fr\/tours\/china-fr\/hong-kong-fr\/visite-privee-dune-demi-journee-de-hong-kong-copy\/","name":"Visite priv\u00e9e de Hong Kong","isPartOf":{"@id":"https:\/\/tourtravelandmore.com\/fr\/#website"},"primaryImageOfPage":{"@id":"https:\/\/tourtravelandmore.com\/fr\/tours\/china-fr\/hong-kong-fr\/visite-privee-dune-demi-journee-de-hong-kong-copy\/#primaryimage"},"image":{"@id":"https:\/\/tourtravelandmore.com\/fr\/tours\/china-fr\/hong-kong-fr\/visite-privee-dune-demi-journee-de-hong-kong-copy\/#primaryimage"},"thumbnailUrl":"https:\/\/tourtravelandmore.com\/wp-content\/uploads\/2025\/09\/pexels-jimbear-2300342.jpg","datePublished":"2025-10-06T14:00:11+00:00","dateModified":"2025-10-06T14:20:48+00:00","description":"Visite priv\u00e9e de Hong Kong. Explorez ses rues gr\u00e2ce \u00e0 cette visite priv\u00e9e d'une journ\u00e9e compl\u00e8te avec un guide et un v\u00e9hicule priv\u00e9.","breadcrumb":{"@id":"https:\/\/tourtravelandmore.com\/fr\/tours\/china-fr\/hong-kong-fr\/visite-privee-dune-demi-journee-de-hong-kong-copy\/#breadcrumb"},"inLanguage":"fr-FR","potentialAction":[{"@type":"ReadAction","target":["https:\/\/tourtravelandmore.com\/fr\/tours\/china-fr\/hong-kong-fr\/visite-privee-dune-demi-journee-de-hong-kong-copy\/"]}]},{"@type":"ImageObject","inLanguage":"fr-FR","@id":"https:\/\/tourtravelandmore.com\/fr\/tours\/china-fr\/hong-kong-fr\/visite-privee-dune-demi-journee-de-hong-kong-copy\/#primaryimage","url":"https:\/\/tourtravelandmore.com\/wp-content\/uploads\/2025\/09\/pexels-jimbear-2300342.jpg","contentUrl":"https:\/\/tourtravelandmore.com\/wp-content\/uploads\/2025\/09\/pexels-jimbear-2300342.jpg","width":1280,"height":853},{"@type":"BreadcrumbList","@id":"https:\/\/tourtravelandmore.com\/fr\/tours\/china-fr\/hong-kong-fr\/visite-privee-dune-demi-journee-de-hong-kong-copy\/#breadcrumb","itemListElement":[{"@type":"ListItem","position":1,"name":"Home","item":"https:\/\/tourtravelandmore.com\/fr\/"},{"@type":"ListItem","position":2,"name":"Tours","item":"https:\/\/tourtravelandmore.com\/fr\/tours\/"},{"@type":"ListItem","position":3,"name":"Visite priv\u00e9e de Hong Kong"}]},{"@type":"WebSite","@id":"https:\/\/tourtravelandmore.com\/fr\/#website","url":"https:\/\/tourtravelandmore.com\/fr\/","name":"Tour Travel And More","description":"Private sightseeing tours and luxury transfers in Spain","publisher":{"@id":"https:\/\/tourtravelandmore.com\/fr\/#organization"},"potentialAction":[{"@type":"SearchAction","target":{"@type":"EntryPoint","urlTemplate":"https:\/\/tourtravelandmore.com\/fr\/?s={search_term_string}"},"query-input":{"@type":"PropertyValueSpecification","valueRequired":true,"valueName":"search_term_string"}}],"inLanguage":"fr-FR"},{"@type":"Organization","@id":"https:\/\/tourtravelandmore.com\/fr\/#organization","name":"Tour Travel And More","url":"https:\/\/tourtravelandmore.com\/fr\/","logo":{"@type":"ImageObject","inLanguage":"fr-FR","@id":"https:\/\/tourtravelandmore.com\/fr\/#\/schema\/logo\/image\/","url":"https:\/\/tourtravelandmore.com\/wp-content\/uploads\/2022\/12\/cropped-logo-cabecera-new.png","contentUrl":"https:\/\/tourtravelandmore.com\/wp-content\/uploads\/2022\/12\/cropped-logo-cabecera-new.png","width":430,"height":61,"caption":"Tour Travel And More"},"image":{"@id":"https:\/\/tourtravelandmore.com\/fr\/#\/schema\/logo\/image\/"},"sameAs":["https:\/\/www.facebook.com\/tourtravelandmore\/","https:\/\/x.com\/TourTravel_More"]}]}},"_links":{"self":[{"href":"https:\/\/tourtravelandmore.com\/fr\/wp-json\/wp\/v2\/product\/187229","targetHints":{"allow":["GET"]}}],"collection":[{"href":"https:\/\/tourtravelandmore.com\/fr\/wp-json\/wp\/v2\/product"}],"about":[{"href":"https:\/\/tourtravelandmore.com\/fr\/wp-json\/wp\/v2\/types\/product"}],"replies":[{"embeddable":true,"href":"https:\/\/tourtravelandmore.com\/fr\/wp-json\/wp\/v2\/comments?post=187229"}],"wp:featuredmedia":[{"embeddable":true,"href":"https:\/\/tourtravelandmore.com\/fr\/wp-json\/wp\/v2\/media\/187110"}],"wp:attachment":[{"href":"https:\/\/tourtravelandmore.com\/fr\/wp-json\/wp\/v2\/media?parent=187229"}],"wp:term":[{"taxonomy":"product_brand","embeddable":true,"href":"https:\/\/tourtravelandmore.com\/fr\/wp-json\/wp\/v2\/product_brand?post=187229"},{"taxonomy":"product_cat","embeddable":true,"href":"https:\/\/tourtravelandmore.com\/fr\/wp-json\/wp\/v2\/product_cat?post=187229"},{"taxonomy":"product_tag","embeddable":true,"href":"https:\/\/tourtravelandmore.com\/fr\/wp-json\/wp\/v2\/product_tag?post=187229"}],"curies":[{"name":"wp","href":"https:\/\/api.w.org\/{rel}","templated":true}]}}