{"id":187138,"date":"2025-09-24T17:30:38","date_gmt":"2025-09-24T15:30:42","guid":{"rendered":"https:\/\/tourtravelandmore.com\/?post_type=product&#038;p=187138"},"modified":"2025-09-24T17:44:58","modified_gmt":"2025-09-24T15:44:58","slug":"visite-guidee-privee-a-pied-de-la-vieille-ville-et-des-marches-de-hong-kong-copy","status":"publish","type":"product","link":"https:\/\/tourtravelandmore.com\/fr\/tours\/china-fr\/hong-kong-fr\/visite-guidee-privee-a-pied-de-la-vieille-ville-et-des-marches-de-hong-kong-copy\/","title":{"rendered":"Visite priv\u00e9e d&#8217;une demi-journ\u00e9e de Hong Kong"},"content":{"rendered":"<h2>Description<\/h2>\n<p>D\u00e9couvrez l&#8217;une des villes les plus dynamiques d&#8217;Asie gr\u00e2ce \u00e0 notre <b>visite priv\u00e9e d&#8217;une demi-journ\u00e9e \u00e0 Hong Kong<\/b>. En quelques heures seulement, vous explorerez les sites embl\u00e9matiques de la ville dans le confort d&#8217;un v\u00e9hicule priv\u00e9 et en compagnie d&#8217;un guide expert. Cette visite est id\u00e9ale pour les visiteurs qui viennent pour la premi\u00e8re fois et souhaitent d\u00e9couvrir \u00e0 la fois le patrimoine culturel et les monuments modernes.<\/p>\n<p>Votre guide adaptera l&#8217;itin\u00e9raire \u00e0 vos centres d&#8217;int\u00e9r\u00eat, en commen\u00e7ant par une visite panoramique en voiture du <a href=\"https:\/\/www.discoverhongkong.com\/eng\/explore\/attractions\/victoria-harbour.html\"><b>Victoria Harbour<\/b><\/a>. Ensuite, nous visiterons le <b>Victoria Peak<\/b> pour profiter d&#8217;une vue imprenable sur la ville et ses gratte-ciel. La visite se poursuivra \u00e0 <b>Repulse Bay<\/b>, l&#8217;une des plages les plus populaires de Hong Kong, avant de se diriger vers le <b>village de p\u00eacheurs d&#8217;Aberdeen<\/b>, o\u00f9 vous pourrez admirer les jonques traditionnelles et la communaut\u00e9 flottante.<\/p>\n<h2>Points forts | Visite priv\u00e9e d&#8217;une demi-journ\u00e9e de Hong Kong<\/h2>\n<ul>\n<li><b>Victoria Peak :<\/b> Profitez d&#8217;une vue panoramique sur les toits et le port de Hong Kong.<\/li>\n<li><b>Repulse Bay :<\/b> D\u00e9couvrez l&#8217;une des plages les plus pittoresques de la ville.<\/li>\n<li><b>Village de p\u00eacheurs d&#8217;Aberdeen :<\/b> D\u00e9couvrez les traditions maritimes de Hong Kong.<\/li>\n<li><b>Victoria Harbour :<\/b> Parcourez l&#8217;un des fronts de mer les plus embl\u00e9matiques d&#8217;Asie.<\/li>\n<\/ul>\n<p>Cette <b>visite priv\u00e9e d&#8217;une demi-journ\u00e9e de Hong Kong<\/b> est une introduction parfaite \u00e0 la ville, alliant culture, histoire et vues imprenables. Gr\u00e2ce au confort d&#8217;un chauffeur priv\u00e9 et aux connaissances de votre guide, vous vivrez une exp\u00e9rience inoubliable \u00e0 Hong Kong.<\/p>\n<p>Pour d&#8217;autres visites exclusives en Asie, explorez nos <a href=\"https:\/\/tourtravelandmore.com\/hong-kong\/\">visites priv\u00e9es de Hong Kong<\/a> et d\u00e9couvrez d&#8217;autres destinations avec <a href=\"https:\/\/tourtravelandmore.com\/\">Tour Travel &amp; More<\/a>.<\/p>\n","protected":false},"excerpt":{"rendered":"<p>D\u00e9couvrez l&#8217;une des villes les plus dynamiques d&#8217;Asie gr\u00e2ce \u00e0 notre <b>visite priv\u00e9e d&#8217;une demi-journ\u00e9e \u00e0 Hong Kong<\/b>. En quelques heures seulement, vous explorerez les sites embl\u00e9matiques de la ville dans le confort d&#8217;un v\u00e9hicule priv\u00e9 et en compagnie d&#8217;un guide expert. Cette visite est id\u00e9ale pour les visiteurs qui viennent pour la premi\u00e8re fois et souhaitent d\u00e9couvrir \u00e0 la fois le patrimoine culturel et les monuments modernes.<\/p>\n","protected":false},"featured_media":187101,"comment_status":"open","ping_status":"closed","template":"","meta":{"_acf_changed":false},"product_brand":[],"product_cat":[5610,5603,5609],"product_tag":[],"class_list":{"0":"post-187138","1":"product","2":"type-product","3":"status-publish","4":"has-post-thumbnail","6":"product_cat-all-private-tours-fr-11","7":"product_cat-china-fr","8":"product_cat-hong-kong-fr","10":"first","11":"instock","12":"shipping-taxable","13":"purchasable","14":"product-type-simple"},"acf":[],"yoast_head":"<!-- This site is optimized with the Yoast SEO Premium plugin v25.3.1 (Yoast SEO v25.3.1) - https:\/\/yoast.com\/wordpress\/plugins\/seo\/ -->\n<title>Visite priv\u00e9e d&#039;une demi-journ\u00e9e de Hong Kong<\/title>\n<meta name=\"description\" content=\"Visite priv\u00e9e d&#039;une demi-journ\u00e9e de Hong Kong. Explorez ses rues gr\u00e2ce \u00e0 cette visite priv\u00e9e d&#039;une journ\u00e9e compl\u00e8te avec un guide et un v\u00e9hicule priv\u00e9.\" \/>\n<meta name=\"robots\" content=\"index, follow, max-snippet:-1, max-image-preview:large, max-video-preview:-1\" \/>\n<link rel=\"canonical\" href=\"https:\/\/tourtravelandmore.com\/fr\/tours\/china-fr\/hong-kong-fr\/visite-guidee-privee-a-pied-de-la-vieille-ville-et-des-marches-de-hong-kong-copy\/\" \/>\n<meta property=\"og:locale\" content=\"fr_FR\" \/>\n<meta property=\"og:type\" content=\"article\" \/>\n<meta property=\"og:title\" content=\"Visite priv\u00e9e d&#039;une demi-journ\u00e9e de Hong Kong\" \/>\n<meta property=\"og:description\" content=\"Visite priv\u00e9e d&#039;une demi-journ\u00e9e de Hong Kong. Explorez ses rues gr\u00e2ce \u00e0 cette visite priv\u00e9e d&#039;une journ\u00e9e compl\u00e8te avec un guide et un v\u00e9hicule priv\u00e9.\" \/>\n<meta property=\"og:url\" content=\"https:\/\/tourtravelandmore.com\/fr\/tours\/china-fr\/hong-kong-fr\/visite-guidee-privee-a-pied-de-la-vieille-ville-et-des-marches-de-hong-kong-copy\/\" \/>\n<meta property=\"og:site_name\" content=\"Tour Travel And More\" \/>\n<meta property=\"article:publisher\" content=\"https:\/\/www.facebook.com\/tourtravelandmore\/\" \/>\n<meta property=\"article:modified_time\" content=\"2025-09-24T15:44:58+00:00\" \/>\n<meta property=\"og:image\" content=\"https:\/\/tourtravelandmore.com\/wp-content\/uploads\/2025\/09\/pexels-jimbear-946630.jpg\" \/>\n\t<meta property=\"og:image:width\" content=\"1280\" \/>\n\t<meta property=\"og:image:height\" content=\"853\" \/>\n\t<meta property=\"og:image:type\" content=\"image\/jpeg\" \/>\n<meta name=\"twitter:card\" content=\"summary_large_image\" \/>\n<meta name=\"twitter:site\" content=\"@TourTravel_More\" \/>\n<meta name=\"twitter:label1\" content=\"Dur\u00e9e de lecture estim\u00e9e\" \/>\n\t<meta name=\"twitter:data1\" content=\"1 minute\" \/>\n<script type=\"application\/ld+json\" class=\"yoast-schema-graph\">{\"@context\":\"https:\/\/schema.org\",\"@graph\":[{\"@type\":\"WebPage\",\"@id\":\"https:\/\/tourtravelandmore.com\/fr\/tours\/china-fr\/hong-kong-fr\/visite-guidee-privee-a-pied-de-la-vieille-ville-et-des-marches-de-hong-kong-copy\/\",\"url\":\"https:\/\/tourtravelandmore.com\/fr\/tours\/china-fr\/hong-kong-fr\/visite-guidee-privee-a-pied-de-la-vieille-ville-et-des-marches-de-hong-kong-copy\/\",\"name\":\"Visite priv\u00e9e d'une demi-journ\u00e9e de Hong Kong\",\"isPartOf\":{\"@id\":\"https:\/\/tourtravelandmore.com\/fr\/#website\"},\"primaryImageOfPage\":{\"@id\":\"https:\/\/tourtravelandmore.com\/fr\/tours\/china-fr\/hong-kong-fr\/visite-guidee-privee-a-pied-de-la-vieille-ville-et-des-marches-de-hong-kong-copy\/#primaryimage\"},\"image\":{\"@id\":\"https:\/\/tourtravelandmore.com\/fr\/tours\/china-fr\/hong-kong-fr\/visite-guidee-privee-a-pied-de-la-vieille-ville-et-des-marches-de-hong-kong-copy\/#primaryimage\"},\"thumbnailUrl\":\"https:\/\/tourtravelandmore.com\/wp-content\/uploads\/2025\/09\/pexels-jimbear-946630.jpg\",\"datePublished\":\"2025-09-24T15:30:42+00:00\",\"dateModified\":\"2025-09-24T15:44:58+00:00\",\"description\":\"Visite priv\u00e9e d'une demi-journ\u00e9e de Hong Kong. Explorez ses rues gr\u00e2ce \u00e0 cette visite priv\u00e9e d'une journ\u00e9e compl\u00e8te avec un guide et un v\u00e9hicule priv\u00e9.\",\"breadcrumb\":{\"@id\":\"https:\/\/tourtravelandmore.com\/fr\/tours\/china-fr\/hong-kong-fr\/visite-guidee-privee-a-pied-de-la-vieille-ville-et-des-marches-de-hong-kong-copy\/#breadcrumb\"},\"inLanguage\":\"fr-FR\",\"potentialAction\":[{\"@type\":\"ReadAction\",\"target\":[\"https:\/\/tourtravelandmore.com\/fr\/tours\/china-fr\/hong-kong-fr\/visite-guidee-privee-a-pied-de-la-vieille-ville-et-des-marches-de-hong-kong-copy\/\"]}]},{\"@type\":\"ImageObject\",\"inLanguage\":\"fr-FR\",\"@id\":\"https:\/\/tourtravelandmore.com\/fr\/tours\/china-fr\/hong-kong-fr\/visite-guidee-privee-a-pied-de-la-vieille-ville-et-des-marches-de-hong-kong-copy\/#primaryimage\",\"url\":\"https:\/\/tourtravelandmore.com\/wp-content\/uploads\/2025\/09\/pexels-jimbear-946630.jpg\",\"contentUrl\":\"https:\/\/tourtravelandmore.com\/wp-content\/uploads\/2025\/09\/pexels-jimbear-946630.jpg\",\"width\":1280,\"height\":853},{\"@type\":\"BreadcrumbList\",\"@id\":\"https:\/\/tourtravelandmore.com\/fr\/tours\/china-fr\/hong-kong-fr\/visite-guidee-privee-a-pied-de-la-vieille-ville-et-des-marches-de-hong-kong-copy\/#breadcrumb\",\"itemListElement\":[{\"@type\":\"ListItem\",\"position\":1,\"name\":\"Home\",\"item\":\"https:\/\/tourtravelandmore.com\/fr\/\"},{\"@type\":\"ListItem\",\"position\":2,\"name\":\"Tours\",\"item\":\"https:\/\/tourtravelandmore.com\/fr\/tours\/\"},{\"@type\":\"ListItem\",\"position\":3,\"name\":\"Visite priv\u00e9e d&#8217;une demi-journ\u00e9e de Hong Kong\"}]},{\"@type\":\"WebSite\",\"@id\":\"https:\/\/tourtravelandmore.com\/fr\/#website\",\"url\":\"https:\/\/tourtravelandmore.com\/fr\/\",\"name\":\"Tour Travel And More\",\"description\":\"Private sightseeing tours and luxury transfers in Spain\",\"publisher\":{\"@id\":\"https:\/\/tourtravelandmore.com\/fr\/#organization\"},\"potentialAction\":[{\"@type\":\"SearchAction\",\"target\":{\"@type\":\"EntryPoint\",\"urlTemplate\":\"https:\/\/tourtravelandmore.com\/fr\/?s={search_term_string}\"},\"query-input\":{\"@type\":\"PropertyValueSpecification\",\"valueRequired\":true,\"valueName\":\"search_term_string\"}}],\"inLanguage\":\"fr-FR\"},{\"@type\":\"Organization\",\"@id\":\"https:\/\/tourtravelandmore.com\/fr\/#organization\",\"name\":\"Tour Travel And More\",\"url\":\"https:\/\/tourtravelandmore.com\/fr\/\",\"logo\":{\"@type\":\"ImageObject\",\"inLanguage\":\"fr-FR\",\"@id\":\"https:\/\/tourtravelandmore.com\/fr\/#\/schema\/logo\/image\/\",\"url\":\"https:\/\/tourtravelandmore.com\/wp-content\/uploads\/2022\/12\/cropped-logo-cabecera-new.png\",\"contentUrl\":\"https:\/\/tourtravelandmore.com\/wp-content\/uploads\/2022\/12\/cropped-logo-cabecera-new.png\",\"width\":430,\"height\":61,\"caption\":\"Tour Travel And More\"},\"image\":{\"@id\":\"https:\/\/tourtravelandmore.com\/fr\/#\/schema\/logo\/image\/\"},\"sameAs\":[\"https:\/\/www.facebook.com\/tourtravelandmore\/\",\"https:\/\/x.com\/TourTravel_More\"]}]}<\/script>\n<!-- \/ Yoast SEO Premium plugin. -->","yoast_head_json":{"title":"Visite priv\u00e9e d'une demi-journ\u00e9e de Hong Kong","description":"Visite priv\u00e9e d'une demi-journ\u00e9e de Hong Kong. Explorez ses rues gr\u00e2ce \u00e0 cette visite priv\u00e9e d'une journ\u00e9e compl\u00e8te avec un guide et un v\u00e9hicule priv\u00e9.","robots":{"index":"index","follow":"follow","max-snippet":"max-snippet:-1","max-image-preview":"max-image-preview:large","max-video-preview":"max-video-preview:-1"},"canonical":"https:\/\/tourtravelandmore.com\/fr\/tours\/china-fr\/hong-kong-fr\/visite-guidee-privee-a-pied-de-la-vieille-ville-et-des-marches-de-hong-kong-copy\/","og_locale":"fr_FR","og_type":"article","og_title":"Visite priv\u00e9e d'une demi-journ\u00e9e de Hong Kong","og_description":"Visite priv\u00e9e d'une demi-journ\u00e9e de Hong Kong. Explorez ses rues gr\u00e2ce \u00e0 cette visite priv\u00e9e d'une journ\u00e9e compl\u00e8te avec un guide et un v\u00e9hicule priv\u00e9.","og_url":"https:\/\/tourtravelandmore.com\/fr\/tours\/china-fr\/hong-kong-fr\/visite-guidee-privee-a-pied-de-la-vieille-ville-et-des-marches-de-hong-kong-copy\/","og_site_name":"Tour Travel And More","article_publisher":"https:\/\/www.facebook.com\/tourtravelandmore\/","article_modified_time":"2025-09-24T15:44:58+00:00","og_image":[{"width":1280,"height":853,"url":"https:\/\/tourtravelandmore.com\/wp-content\/uploads\/2025\/09\/pexels-jimbear-946630.jpg","type":"image\/jpeg"}],"twitter_card":"summary_large_image","twitter_site":"@TourTravel_More","twitter_misc":{"Dur\u00e9e de lecture estim\u00e9e":"1 minute"},"schema":{"@context":"https:\/\/schema.org","@graph":[{"@type":"WebPage","@id":"https:\/\/tourtravelandmore.com\/fr\/tours\/china-fr\/hong-kong-fr\/visite-guidee-privee-a-pied-de-la-vieille-ville-et-des-marches-de-hong-kong-copy\/","url":"https:\/\/tourtravelandmore.com\/fr\/tours\/china-fr\/hong-kong-fr\/visite-guidee-privee-a-pied-de-la-vieille-ville-et-des-marches-de-hong-kong-copy\/","name":"Visite priv\u00e9e d'une demi-journ\u00e9e de Hong Kong","isPartOf":{"@id":"https:\/\/tourtravelandmore.com\/fr\/#website"},"primaryImageOfPage":{"@id":"https:\/\/tourtravelandmore.com\/fr\/tours\/china-fr\/hong-kong-fr\/visite-guidee-privee-a-pied-de-la-vieille-ville-et-des-marches-de-hong-kong-copy\/#primaryimage"},"image":{"@id":"https:\/\/tourtravelandmore.com\/fr\/tours\/china-fr\/hong-kong-fr\/visite-guidee-privee-a-pied-de-la-vieille-ville-et-des-marches-de-hong-kong-copy\/#primaryimage"},"thumbnailUrl":"https:\/\/tourtravelandmore.com\/wp-content\/uploads\/2025\/09\/pexels-jimbear-946630.jpg","datePublished":"2025-09-24T15:30:42+00:00","dateModified":"2025-09-24T15:44:58+00:00","description":"Visite priv\u00e9e d'une demi-journ\u00e9e de Hong Kong. Explorez ses rues gr\u00e2ce \u00e0 cette visite priv\u00e9e d'une journ\u00e9e compl\u00e8te avec un guide et un v\u00e9hicule priv\u00e9.","breadcrumb":{"@id":"https:\/\/tourtravelandmore.com\/fr\/tours\/china-fr\/hong-kong-fr\/visite-guidee-privee-a-pied-de-la-vieille-ville-et-des-marches-de-hong-kong-copy\/#breadcrumb"},"inLanguage":"fr-FR","potentialAction":[{"@type":"ReadAction","target":["https:\/\/tourtravelandmore.com\/fr\/tours\/china-fr\/hong-kong-fr\/visite-guidee-privee-a-pied-de-la-vieille-ville-et-des-marches-de-hong-kong-copy\/"]}]},{"@type":"ImageObject","inLanguage":"fr-FR","@id":"https:\/\/tourtravelandmore.com\/fr\/tours\/china-fr\/hong-kong-fr\/visite-guidee-privee-a-pied-de-la-vieille-ville-et-des-marches-de-hong-kong-copy\/#primaryimage","url":"https:\/\/tourtravelandmore.com\/wp-content\/uploads\/2025\/09\/pexels-jimbear-946630.jpg","contentUrl":"https:\/\/tourtravelandmore.com\/wp-content\/uploads\/2025\/09\/pexels-jimbear-946630.jpg","width":1280,"height":853},{"@type":"BreadcrumbList","@id":"https:\/\/tourtravelandmore.com\/fr\/tours\/china-fr\/hong-kong-fr\/visite-guidee-privee-a-pied-de-la-vieille-ville-et-des-marches-de-hong-kong-copy\/#breadcrumb","itemListElement":[{"@type":"ListItem","position":1,"name":"Home","item":"https:\/\/tourtravelandmore.com\/fr\/"},{"@type":"ListItem","position":2,"name":"Tours","item":"https:\/\/tourtravelandmore.com\/fr\/tours\/"},{"@type":"ListItem","position":3,"name":"Visite priv\u00e9e d&#8217;une demi-journ\u00e9e de Hong Kong"}]},{"@type":"WebSite","@id":"https:\/\/tourtravelandmore.com\/fr\/#website","url":"https:\/\/tourtravelandmore.com\/fr\/","name":"Tour Travel And More","description":"Private sightseeing tours and luxury transfers in Spain","publisher":{"@id":"https:\/\/tourtravelandmore.com\/fr\/#organization"},"potentialAction":[{"@type":"SearchAction","target":{"@type":"EntryPoint","urlTemplate":"https:\/\/tourtravelandmore.com\/fr\/?s={search_term_string}"},"query-input":{"@type":"PropertyValueSpecification","valueRequired":true,"valueName":"search_term_string"}}],"inLanguage":"fr-FR"},{"@type":"Organization","@id":"https:\/\/tourtravelandmore.com\/fr\/#organization","name":"Tour Travel And More","url":"https:\/\/tourtravelandmore.com\/fr\/","logo":{"@type":"ImageObject","inLanguage":"fr-FR","@id":"https:\/\/tourtravelandmore.com\/fr\/#\/schema\/logo\/image\/","url":"https:\/\/tourtravelandmore.com\/wp-content\/uploads\/2022\/12\/cropped-logo-cabecera-new.png","contentUrl":"https:\/\/tourtravelandmore.com\/wp-content\/uploads\/2022\/12\/cropped-logo-cabecera-new.png","width":430,"height":61,"caption":"Tour Travel And More"},"image":{"@id":"https:\/\/tourtravelandmore.com\/fr\/#\/schema\/logo\/image\/"},"sameAs":["https:\/\/www.facebook.com\/tourtravelandmore\/","https:\/\/x.com\/TourTravel_More"]}]}},"_links":{"self":[{"href":"https:\/\/tourtravelandmore.com\/fr\/wp-json\/wp\/v2\/product\/187138","targetHints":{"allow":["GET"]}}],"collection":[{"href":"https:\/\/tourtravelandmore.com\/fr\/wp-json\/wp\/v2\/product"}],"about":[{"href":"https:\/\/tourtravelandmore.com\/fr\/wp-json\/wp\/v2\/types\/product"}],"replies":[{"embeddable":true,"href":"https:\/\/tourtravelandmore.com\/fr\/wp-json\/wp\/v2\/comments?post=187138"}],"wp:featuredmedia":[{"embeddable":true,"href":"https:\/\/tourtravelandmore.com\/fr\/wp-json\/wp\/v2\/media\/187101"}],"wp:attachment":[{"href":"https:\/\/tourtravelandmore.com\/fr\/wp-json\/wp\/v2\/media?parent=187138"}],"wp:term":[{"taxonomy":"product_brand","embeddable":true,"href":"https:\/\/tourtravelandmore.com\/fr\/wp-json\/wp\/v2\/product_brand?post=187138"},{"taxonomy":"product_cat","embeddable":true,"href":"https:\/\/tourtravelandmore.com\/fr\/wp-json\/wp\/v2\/product_cat?post=187138"},{"taxonomy":"product_tag","embeddable":true,"href":"https:\/\/tourtravelandmore.com\/fr\/wp-json\/wp\/v2\/product_tag?post=187138"}],"curies":[{"name":"wp","href":"https:\/\/api.w.org\/{rel}","templated":true}]}}