{"id":187086,"date":"2025-09-24T17:00:55","date_gmt":"2025-09-24T15:01:01","guid":{"rendered":"https:\/\/tourtravelandmore.com\/?post_type=product&#038;p=187086"},"modified":"2025-09-24T17:18:18","modified_gmt":"2025-09-24T15:18:18","slug":"visite-guidee-privee-a-pied-de-la-vieille-ville-de-bangkok-copy-2","status":"publish","type":"product","link":"https:\/\/tourtravelandmore.com\/fr\/tours\/china-fr\/hong-kong-fr\/visite-guidee-privee-a-pied-de-la-vieille-ville-de-bangkok-copy-2\/","title":{"rendered":"Visite guid\u00e9e priv\u00e9e \u00e0 pied de la vieille ville et des march\u00e9s de Hong Kong"},"content":{"rendered":"<h2>Description | Visite guid\u00e9e priv\u00e9e \u00e0 pied de la vieille ville et des march\u00e9s de Hong Kong<\/h2>\n<p>D\u00e9couvrez le charme de la ville lors d&#8217;une <b>visite guid\u00e9e priv\u00e9e \u00e0 pied de la vieille ville et des march\u00e9s de Hong Kong<\/b>, o\u00f9 la tradition c\u00f4toie la vie moderne. Cette exp\u00e9rience est id\u00e9ale pour les voyageurs qui souhaitent s&#8217;immerger dans l&#8217;atmosph\u00e8re authentique de Hong Kong tout en explorant ses quartiers historiques et ses march\u00e9s locaux anim\u00e9s.<\/p>\n<p>Votre guide priv\u00e9 vous conduira \u00e0 travers les rues \u00e9troites de la vieille ville, vous faisant d\u00e9couvrir des temples, l&#8217;architecture coloniale et des coins cach\u00e9s qui refl\u00e8tent la riche diversit\u00e9 culturelle de la ville. Au cours de votre promenade, vous visiterez \u00e9galement les march\u00e9s traditionnels, o\u00f9 les habitants font leurs courses quotidiennes. Vous y verrez des \u00e9tals anim\u00e9s regorgeant de produits frais, de fruits de mer s\u00e9ch\u00e9s, d&#8217;herbes aromatiques et de souvenirs uniques. Cette atmosph\u00e8re anim\u00e9e vous offre un v\u00e9ritable aper\u00e7u de la vie quotidienne \u00e0 Hong Kong.<\/p>\n<h2>Points forts<\/h2>\n<ul>\n<li><b>Rues de la vieille ville :<\/b> explorez le c\u0153ur historique de Hong Kong avec ses temples traditionnels et ses sites patrimoniaux.<\/li>\n<li><b>March\u00e9s locaux :<\/b> d\u00e9couvrez les couleurs, les parfums et les saveurs des march\u00e9s de rue authentiques.<\/li>\n<li><b>Patrimoine colonial :<\/b> d\u00e9couvrez le pass\u00e9 fascinant qui a fa\u00e7onn\u00e9 l&#8217;identit\u00e9 de Hong Kong.<\/li>\n<li><b>Immersion culturelle :<\/b> d\u00e9couvrez comment la tradition et la modernit\u00e9 coexistent dans la ville.<\/li>\n<\/ul>\n<p>La <b>visite guid\u00e9e priv\u00e9e \u00e0 pied de la vieille ville et des march\u00e9s de Hong Kong<\/b> est le moyen id\u00e9al pour d\u00e9couvrir un aspect plus intime de <a href=\"https:\/\/es.wikipedia.org\/wiki\/Hong_Kong\">Hong Kong<\/a>. Sous la conduite d&#8217;un expert local, vous visiterez non seulement des sites embl\u00e9matiques, mais vous profiterez \u00e9galement d&#8217;un v\u00e9ritable voyage culturel.<\/p>\n","protected":false},"excerpt":{"rendered":"<p>D\u00e9couvrez le charme de la ville lors d&#8217;une <b>visite guid\u00e9e priv\u00e9e \u00e0 pied de la vieille ville et des march\u00e9s de Hong Kong<\/b>, o\u00f9 la tradition c\u00f4toie la vie moderne. Cette exp\u00e9rience est id\u00e9ale pour les voyageurs qui souhaitent s&#8217;immerger dans l&#8217;atmosph\u00e8re authentique de Hong Kong tout en explorant ses quartiers historiques et ses march\u00e9s locaux anim\u00e9s.<\/p>\n","protected":false},"featured_media":187098,"comment_status":"open","ping_status":"closed","template":"","meta":{"_acf_changed":false},"product_brand":[],"product_cat":[5610,5603,5609],"product_tag":[],"class_list":{"0":"post-187086","1":"product","2":"type-product","3":"status-publish","4":"has-post-thumbnail","6":"product_cat-all-private-tours-fr-11","7":"product_cat-china-fr","8":"product_cat-hong-kong-fr","10":"first","11":"instock","12":"shipping-taxable","13":"purchasable","14":"product-type-simple"},"acf":[],"yoast_head":"<!-- This site is optimized with the Yoast SEO Premium plugin v25.3.1 (Yoast SEO v25.3.1) - https:\/\/yoast.com\/wordpress\/plugins\/seo\/ -->\n<title>Visite guid\u00e9e priv\u00e9e \u00e0 pied de la vieille ville et des march\u00e9s de Hong Kong<\/title>\n<meta name=\"description\" content=\"Visite guid\u00e9e priv\u00e9e \u00e0 pied de la vieille ville et des march\u00e9s de Hong Kong. Explorez ses rues gr\u00e2ce \u00e0 cette visite priv\u00e9e d&#039;une journ\u00e9e compl\u00e8te avec un guide et un v\u00e9hicule priv\u00e9.\" \/>\n<meta name=\"robots\" content=\"index, follow, max-snippet:-1, max-image-preview:large, max-video-preview:-1\" \/>\n<link rel=\"canonical\" href=\"https:\/\/tourtravelandmore.com\/fr\/tours\/china-fr\/hong-kong-fr\/visite-guidee-privee-a-pied-de-la-vieille-ville-de-bangkok-copy-2\/\" \/>\n<meta property=\"og:locale\" content=\"fr_FR\" \/>\n<meta property=\"og:type\" content=\"article\" \/>\n<meta property=\"og:title\" content=\"Visite guid\u00e9e priv\u00e9e \u00e0 pied de la vieille ville et des march\u00e9s de Hong Kong\" \/>\n<meta property=\"og:description\" content=\"Visite guid\u00e9e priv\u00e9e \u00e0 pied de la vieille ville et des march\u00e9s de Hong Kong. Explorez ses rues gr\u00e2ce \u00e0 cette visite priv\u00e9e d&#039;une journ\u00e9e compl\u00e8te avec un guide et un v\u00e9hicule priv\u00e9.\" \/>\n<meta property=\"og:url\" content=\"https:\/\/tourtravelandmore.com\/fr\/tours\/china-fr\/hong-kong-fr\/visite-guidee-privee-a-pied-de-la-vieille-ville-de-bangkok-copy-2\/\" \/>\n<meta property=\"og:site_name\" content=\"Tour Travel And More\" \/>\n<meta property=\"article:publisher\" content=\"https:\/\/www.facebook.com\/tourtravelandmore\/\" \/>\n<meta property=\"article:modified_time\" content=\"2025-09-24T15:18:18+00:00\" \/>\n<meta property=\"og:image\" content=\"https:\/\/tourtravelandmore.com\/wp-content\/uploads\/2025\/09\/pexels-harry-shum-17627821-6456847.jpg\" \/>\n\t<meta property=\"og:image:width\" content=\"1280\" \/>\n\t<meta property=\"og:image:height\" content=\"855\" \/>\n\t<meta property=\"og:image:type\" content=\"image\/jpeg\" \/>\n<meta name=\"twitter:card\" content=\"summary_large_image\" \/>\n<meta name=\"twitter:site\" content=\"@TourTravel_More\" \/>\n<meta name=\"twitter:label1\" content=\"Dur\u00e9e de lecture estim\u00e9e\" \/>\n\t<meta name=\"twitter:data1\" content=\"2 minutes\" \/>\n<script type=\"application\/ld+json\" class=\"yoast-schema-graph\">{\"@context\":\"https:\/\/schema.org\",\"@graph\":[{\"@type\":\"WebPage\",\"@id\":\"https:\/\/tourtravelandmore.com\/fr\/tours\/china-fr\/hong-kong-fr\/visite-guidee-privee-a-pied-de-la-vieille-ville-de-bangkok-copy-2\/\",\"url\":\"https:\/\/tourtravelandmore.com\/fr\/tours\/china-fr\/hong-kong-fr\/visite-guidee-privee-a-pied-de-la-vieille-ville-de-bangkok-copy-2\/\",\"name\":\"Visite guid\u00e9e priv\u00e9e \u00e0 pied de la vieille ville et des march\u00e9s de Hong Kong\",\"isPartOf\":{\"@id\":\"https:\/\/tourtravelandmore.com\/fr\/#website\"},\"primaryImageOfPage\":{\"@id\":\"https:\/\/tourtravelandmore.com\/fr\/tours\/china-fr\/hong-kong-fr\/visite-guidee-privee-a-pied-de-la-vieille-ville-de-bangkok-copy-2\/#primaryimage\"},\"image\":{\"@id\":\"https:\/\/tourtravelandmore.com\/fr\/tours\/china-fr\/hong-kong-fr\/visite-guidee-privee-a-pied-de-la-vieille-ville-de-bangkok-copy-2\/#primaryimage\"},\"thumbnailUrl\":\"https:\/\/tourtravelandmore.com\/wp-content\/uploads\/2025\/09\/pexels-harry-shum-17627821-6456847.jpg\",\"datePublished\":\"2025-09-24T15:01:01+00:00\",\"dateModified\":\"2025-09-24T15:18:18+00:00\",\"description\":\"Visite guid\u00e9e priv\u00e9e \u00e0 pied de la vieille ville et des march\u00e9s de Hong Kong. Explorez ses rues gr\u00e2ce \u00e0 cette visite priv\u00e9e d'une journ\u00e9e compl\u00e8te avec un guide et un v\u00e9hicule priv\u00e9.\",\"breadcrumb\":{\"@id\":\"https:\/\/tourtravelandmore.com\/fr\/tours\/china-fr\/hong-kong-fr\/visite-guidee-privee-a-pied-de-la-vieille-ville-de-bangkok-copy-2\/#breadcrumb\"},\"inLanguage\":\"fr-FR\",\"potentialAction\":[{\"@type\":\"ReadAction\",\"target\":[\"https:\/\/tourtravelandmore.com\/fr\/tours\/china-fr\/hong-kong-fr\/visite-guidee-privee-a-pied-de-la-vieille-ville-de-bangkok-copy-2\/\"]}]},{\"@type\":\"ImageObject\",\"inLanguage\":\"fr-FR\",\"@id\":\"https:\/\/tourtravelandmore.com\/fr\/tours\/china-fr\/hong-kong-fr\/visite-guidee-privee-a-pied-de-la-vieille-ville-de-bangkok-copy-2\/#primaryimage\",\"url\":\"https:\/\/tourtravelandmore.com\/wp-content\/uploads\/2025\/09\/pexels-harry-shum-17627821-6456847.jpg\",\"contentUrl\":\"https:\/\/tourtravelandmore.com\/wp-content\/uploads\/2025\/09\/pexels-harry-shum-17627821-6456847.jpg\",\"width\":1280,\"height\":855},{\"@type\":\"BreadcrumbList\",\"@id\":\"https:\/\/tourtravelandmore.com\/fr\/tours\/china-fr\/hong-kong-fr\/visite-guidee-privee-a-pied-de-la-vieille-ville-de-bangkok-copy-2\/#breadcrumb\",\"itemListElement\":[{\"@type\":\"ListItem\",\"position\":1,\"name\":\"Home\",\"item\":\"https:\/\/tourtravelandmore.com\/fr\/\"},{\"@type\":\"ListItem\",\"position\":2,\"name\":\"Tours\",\"item\":\"https:\/\/tourtravelandmore.com\/fr\/tours\/\"},{\"@type\":\"ListItem\",\"position\":3,\"name\":\"Visite guid\u00e9e priv\u00e9e \u00e0 pied de la vieille ville et des march\u00e9s de Hong Kong\"}]},{\"@type\":\"WebSite\",\"@id\":\"https:\/\/tourtravelandmore.com\/fr\/#website\",\"url\":\"https:\/\/tourtravelandmore.com\/fr\/\",\"name\":\"Tour Travel And More\",\"description\":\"Private sightseeing tours and luxury transfers in Spain\",\"publisher\":{\"@id\":\"https:\/\/tourtravelandmore.com\/fr\/#organization\"},\"potentialAction\":[{\"@type\":\"SearchAction\",\"target\":{\"@type\":\"EntryPoint\",\"urlTemplate\":\"https:\/\/tourtravelandmore.com\/fr\/?s={search_term_string}\"},\"query-input\":{\"@type\":\"PropertyValueSpecification\",\"valueRequired\":true,\"valueName\":\"search_term_string\"}}],\"inLanguage\":\"fr-FR\"},{\"@type\":\"Organization\",\"@id\":\"https:\/\/tourtravelandmore.com\/fr\/#organization\",\"name\":\"Tour Travel And More\",\"url\":\"https:\/\/tourtravelandmore.com\/fr\/\",\"logo\":{\"@type\":\"ImageObject\",\"inLanguage\":\"fr-FR\",\"@id\":\"https:\/\/tourtravelandmore.com\/fr\/#\/schema\/logo\/image\/\",\"url\":\"https:\/\/tourtravelandmore.com\/wp-content\/uploads\/2022\/12\/cropped-logo-cabecera-new.png\",\"contentUrl\":\"https:\/\/tourtravelandmore.com\/wp-content\/uploads\/2022\/12\/cropped-logo-cabecera-new.png\",\"width\":430,\"height\":61,\"caption\":\"Tour Travel And More\"},\"image\":{\"@id\":\"https:\/\/tourtravelandmore.com\/fr\/#\/schema\/logo\/image\/\"},\"sameAs\":[\"https:\/\/www.facebook.com\/tourtravelandmore\/\",\"https:\/\/x.com\/TourTravel_More\"]}]}<\/script>\n<!-- \/ Yoast SEO Premium plugin. -->","yoast_head_json":{"title":"Visite guid\u00e9e priv\u00e9e \u00e0 pied de la vieille ville et des march\u00e9s de Hong Kong","description":"Visite guid\u00e9e priv\u00e9e \u00e0 pied de la vieille ville et des march\u00e9s de Hong Kong. Explorez ses rues gr\u00e2ce \u00e0 cette visite priv\u00e9e d'une journ\u00e9e compl\u00e8te avec un guide et un v\u00e9hicule priv\u00e9.","robots":{"index":"index","follow":"follow","max-snippet":"max-snippet:-1","max-image-preview":"max-image-preview:large","max-video-preview":"max-video-preview:-1"},"canonical":"https:\/\/tourtravelandmore.com\/fr\/tours\/china-fr\/hong-kong-fr\/visite-guidee-privee-a-pied-de-la-vieille-ville-de-bangkok-copy-2\/","og_locale":"fr_FR","og_type":"article","og_title":"Visite guid\u00e9e priv\u00e9e \u00e0 pied de la vieille ville et des march\u00e9s de Hong Kong","og_description":"Visite guid\u00e9e priv\u00e9e \u00e0 pied de la vieille ville et des march\u00e9s de Hong Kong. Explorez ses rues gr\u00e2ce \u00e0 cette visite priv\u00e9e d'une journ\u00e9e compl\u00e8te avec un guide et un v\u00e9hicule priv\u00e9.","og_url":"https:\/\/tourtravelandmore.com\/fr\/tours\/china-fr\/hong-kong-fr\/visite-guidee-privee-a-pied-de-la-vieille-ville-de-bangkok-copy-2\/","og_site_name":"Tour Travel And More","article_publisher":"https:\/\/www.facebook.com\/tourtravelandmore\/","article_modified_time":"2025-09-24T15:18:18+00:00","og_image":[{"width":1280,"height":855,"url":"https:\/\/tourtravelandmore.com\/wp-content\/uploads\/2025\/09\/pexels-harry-shum-17627821-6456847.jpg","type":"image\/jpeg"}],"twitter_card":"summary_large_image","twitter_site":"@TourTravel_More","twitter_misc":{"Dur\u00e9e de lecture estim\u00e9e":"2 minutes"},"schema":{"@context":"https:\/\/schema.org","@graph":[{"@type":"WebPage","@id":"https:\/\/tourtravelandmore.com\/fr\/tours\/china-fr\/hong-kong-fr\/visite-guidee-privee-a-pied-de-la-vieille-ville-de-bangkok-copy-2\/","url":"https:\/\/tourtravelandmore.com\/fr\/tours\/china-fr\/hong-kong-fr\/visite-guidee-privee-a-pied-de-la-vieille-ville-de-bangkok-copy-2\/","name":"Visite guid\u00e9e priv\u00e9e \u00e0 pied de la vieille ville et des march\u00e9s de Hong Kong","isPartOf":{"@id":"https:\/\/tourtravelandmore.com\/fr\/#website"},"primaryImageOfPage":{"@id":"https:\/\/tourtravelandmore.com\/fr\/tours\/china-fr\/hong-kong-fr\/visite-guidee-privee-a-pied-de-la-vieille-ville-de-bangkok-copy-2\/#primaryimage"},"image":{"@id":"https:\/\/tourtravelandmore.com\/fr\/tours\/china-fr\/hong-kong-fr\/visite-guidee-privee-a-pied-de-la-vieille-ville-de-bangkok-copy-2\/#primaryimage"},"thumbnailUrl":"https:\/\/tourtravelandmore.com\/wp-content\/uploads\/2025\/09\/pexels-harry-shum-17627821-6456847.jpg","datePublished":"2025-09-24T15:01:01+00:00","dateModified":"2025-09-24T15:18:18+00:00","description":"Visite guid\u00e9e priv\u00e9e \u00e0 pied de la vieille ville et des march\u00e9s de Hong Kong. Explorez ses rues gr\u00e2ce \u00e0 cette visite priv\u00e9e d'une journ\u00e9e compl\u00e8te avec un guide et un v\u00e9hicule priv\u00e9.","breadcrumb":{"@id":"https:\/\/tourtravelandmore.com\/fr\/tours\/china-fr\/hong-kong-fr\/visite-guidee-privee-a-pied-de-la-vieille-ville-de-bangkok-copy-2\/#breadcrumb"},"inLanguage":"fr-FR","potentialAction":[{"@type":"ReadAction","target":["https:\/\/tourtravelandmore.com\/fr\/tours\/china-fr\/hong-kong-fr\/visite-guidee-privee-a-pied-de-la-vieille-ville-de-bangkok-copy-2\/"]}]},{"@type":"ImageObject","inLanguage":"fr-FR","@id":"https:\/\/tourtravelandmore.com\/fr\/tours\/china-fr\/hong-kong-fr\/visite-guidee-privee-a-pied-de-la-vieille-ville-de-bangkok-copy-2\/#primaryimage","url":"https:\/\/tourtravelandmore.com\/wp-content\/uploads\/2025\/09\/pexels-harry-shum-17627821-6456847.jpg","contentUrl":"https:\/\/tourtravelandmore.com\/wp-content\/uploads\/2025\/09\/pexels-harry-shum-17627821-6456847.jpg","width":1280,"height":855},{"@type":"BreadcrumbList","@id":"https:\/\/tourtravelandmore.com\/fr\/tours\/china-fr\/hong-kong-fr\/visite-guidee-privee-a-pied-de-la-vieille-ville-de-bangkok-copy-2\/#breadcrumb","itemListElement":[{"@type":"ListItem","position":1,"name":"Home","item":"https:\/\/tourtravelandmore.com\/fr\/"},{"@type":"ListItem","position":2,"name":"Tours","item":"https:\/\/tourtravelandmore.com\/fr\/tours\/"},{"@type":"ListItem","position":3,"name":"Visite guid\u00e9e priv\u00e9e \u00e0 pied de la vieille ville et des march\u00e9s de Hong Kong"}]},{"@type":"WebSite","@id":"https:\/\/tourtravelandmore.com\/fr\/#website","url":"https:\/\/tourtravelandmore.com\/fr\/","name":"Tour Travel And More","description":"Private sightseeing tours and luxury transfers in Spain","publisher":{"@id":"https:\/\/tourtravelandmore.com\/fr\/#organization"},"potentialAction":[{"@type":"SearchAction","target":{"@type":"EntryPoint","urlTemplate":"https:\/\/tourtravelandmore.com\/fr\/?s={search_term_string}"},"query-input":{"@type":"PropertyValueSpecification","valueRequired":true,"valueName":"search_term_string"}}],"inLanguage":"fr-FR"},{"@type":"Organization","@id":"https:\/\/tourtravelandmore.com\/fr\/#organization","name":"Tour Travel And More","url":"https:\/\/tourtravelandmore.com\/fr\/","logo":{"@type":"ImageObject","inLanguage":"fr-FR","@id":"https:\/\/tourtravelandmore.com\/fr\/#\/schema\/logo\/image\/","url":"https:\/\/tourtravelandmore.com\/wp-content\/uploads\/2022\/12\/cropped-logo-cabecera-new.png","contentUrl":"https:\/\/tourtravelandmore.com\/wp-content\/uploads\/2022\/12\/cropped-logo-cabecera-new.png","width":430,"height":61,"caption":"Tour Travel And More"},"image":{"@id":"https:\/\/tourtravelandmore.com\/fr\/#\/schema\/logo\/image\/"},"sameAs":["https:\/\/www.facebook.com\/tourtravelandmore\/","https:\/\/x.com\/TourTravel_More"]}]}},"_links":{"self":[{"href":"https:\/\/tourtravelandmore.com\/fr\/wp-json\/wp\/v2\/product\/187086","targetHints":{"allow":["GET"]}}],"collection":[{"href":"https:\/\/tourtravelandmore.com\/fr\/wp-json\/wp\/v2\/product"}],"about":[{"href":"https:\/\/tourtravelandmore.com\/fr\/wp-json\/wp\/v2\/types\/product"}],"replies":[{"embeddable":true,"href":"https:\/\/tourtravelandmore.com\/fr\/wp-json\/wp\/v2\/comments?post=187086"}],"wp:featuredmedia":[{"embeddable":true,"href":"https:\/\/tourtravelandmore.com\/fr\/wp-json\/wp\/v2\/media\/187098"}],"wp:attachment":[{"href":"https:\/\/tourtravelandmore.com\/fr\/wp-json\/wp\/v2\/media?parent=187086"}],"wp:term":[{"taxonomy":"product_brand","embeddable":true,"href":"https:\/\/tourtravelandmore.com\/fr\/wp-json\/wp\/v2\/product_brand?post=187086"},{"taxonomy":"product_cat","embeddable":true,"href":"https:\/\/tourtravelandmore.com\/fr\/wp-json\/wp\/v2\/product_cat?post=187086"},{"taxonomy":"product_tag","embeddable":true,"href":"https:\/\/tourtravelandmore.com\/fr\/wp-json\/wp\/v2\/product_tag?post=187086"}],"curies":[{"name":"wp","href":"https:\/\/api.w.org\/{rel}","templated":true}]}}