{"id":187050,"date":"2022-01-21T11:28:04","date_gmt":"2022-01-21T10:28:04","guid":{"rendered":"https:\/\/tourtravelandmore.com\/tours\/non class\u00e9\/visite-privee-de-la-ville-dabu-dhabi-au-depart-de-dubai-avec-le-louvre-et-qasr-al-watan\/"},"modified":"2022-01-21T11:28:04","modified_gmt":"2022-01-21T10:28:04","slug":"visite-privee-de-la-ville-dabu-dhabi-au-depart-de-dubai-avec-le-louvre-et-qasr-al-watan","status":"publish","type":"product","link":"https:\/\/tourtravelandmore.com\/fr\/tours\/emirats-arabes-unis-fr\/dubai-fr\/visite-privee-de-la-ville-dabu-dhabi-au-depart-de-dubai-avec-le-louvre-et-qasr-al-watan\/","title":{"rendered":"Visite priv\u00e9e de la ville d&#8217;Abu Dhabi au d\u00e9part de Duba\u00ef avec le Louvre et Qasr Al Watan"},"content":{"rendered":"<h2>Visite priv\u00e9e de la ville d&#8217;Abu Dhabi au d\u00e9part de Duba\u00ef avec le Louvre et Qasr Al Watan<\/h2>\n<p>Rejoignez notre visite priv\u00e9e de la ville d&#8217;Abu Dhabi au d\u00e9part de Duba\u00ef avec le Louvre et Qasr Al Watan et d\u00e9couvrez le c\u0153ur culturel des \u00c9mirats arabes unis. Cette exp\u00e9rience exclusive combine art, histoire et architecture moderne, le tout en une journ\u00e9e compl\u00e8te au d\u00e9part de Duba\u00ef. Voyagez confortablement dans un v\u00e9hicule priv\u00e9 avec un guide professionnel qui adaptera l&#8217;itin\u00e9raire \u00e0 vos int\u00e9r\u00eats.<\/p>\n<p>La visite commence par un trajet panoramique le long de la c\u00f4te pour rejoindre Abu Dhabi, la capitale du pays. Votre premier arr\u00eat est la <b>Grande Mosqu\u00e9e Sheikh Zayed<\/b>, un chef-d&#8217;\u0153uvre de l&#8217;architecture islamique. \u00c0 l&#8217;int\u00e9rieur, vous pourrez admirer ses vastes d\u00f4mes blancs, ses lustres en cristal et ses d\u00e9tails complexes. De l\u00e0, le voyage se poursuit vers la <b>Corniche<\/b>, l&#8217;\u00e9l\u00e9gante promenade en bord de mer de la ville qui offre une vue imprenable sur les toits de la ville.<\/p>\n<h2>Points forts<\/h2>\n<ul>\n<li><b>Grande mosqu\u00e9e Sheikh Zayed<\/b> : l&#8217;un des sites religieux les plus impressionnants au monde.<\/li>\n<li><b>Le Louvre Abu Dhabi<\/b> : un mus\u00e9e qui allie l&#8217;art mondial \u00e0 la culture arabe.<\/li>\n<li><b>Qasr Al Watan<\/b> : le palais pr\u00e9sidentiel, symbole du patrimoine des \u00c9mirats arabes unis.<\/li>\n<li><b>Corniche<\/b> : magnifique vue sur le bord de mer de la ville moderne d&#8217;Abu Dhabi.<\/li>\n<li><b>Emirates Palace (arr\u00eat photo)<\/b> : monument embl\u00e9matique et luxueux de la capitale.<\/li>\n<\/ul>\n<p>Apr\u00e8s avoir d\u00e9couvert la mosqu\u00e9e et la Corniche, vous vous rendrez au <b>Louvre Abu Dhabi<\/b>, qui abrite une collection d&#8217;art et d&#8217;histoire de classe mondiale sous son d\u00f4me impressionnant. L&#8217;exp\u00e9rience se poursuit au <b>Qasr Al Watan<\/b>, le palais pr\u00e9sidentiel, o\u00f9 les salles, les jardins et les expositions r\u00e9v\u00e8lent les traditions et le fonctionnement des \u00c9mirats arabes unis.<\/p>\n<p>Pour plus d&#8217;informations, veuillez <a href=\"https:\/\/visitabudhabi.ae\/\">consulter le site officiel du tourisme d&#8217;Abu Dhabi<\/a>. Pour d\u00e9couvrir d&#8217;autres circuits priv\u00e9s sur mesure \u00e0 travers les \u00c9mirats, veuillez consulter <a href=\"https:\/\/tourtravelandmore.com\/\">Tour Travel &amp; More<\/a>.<\/p>\n<p>La visite priv\u00e9e de la ville d&#8217;Abu Dhabi au d\u00e9part de Duba\u00ef, avec le Louvre et Qasr Al Watan, vous offre une journ\u00e9e enrichissante et inoubliable, alliant art, histoire et modernit\u00e9 en un seul voyage.<\/p>\n<p>Si notre visite priv\u00e9e de la ville d&#8217;Abu Dhabi au d\u00e9part de Duba\u00ef, avec le Louvre et Qasr Al Watan, vous donne envie d&#8217;en savoir plus sur cet endroit unique, ne manquez pas nos autres visites priv\u00e9es aux \u00c9mirats arabes unis ici.<\/p>\n","protected":false},"excerpt":{"rendered":"<p>Rejoignez notre visite priv\u00e9e de la ville d&#8217;Abu Dhabi au d\u00e9part de Duba\u00ef avec le Louvre et Qasr Al Watan et d\u00e9couvrez le c\u0153ur culturel des \u00c9mirats arabes unis. Cette exp\u00e9rience exclusive combine art, histoire et architecture moderne, le tout en une journ\u00e9e compl\u00e8te au d\u00e9part de Duba\u00ef. Voyagez confortablement dans un v\u00e9hicule priv\u00e9 avec un guide professionnel qui adaptera l&#8217;itin\u00e9raire \u00e0 vos int\u00e9r\u00eats.<\/p>\n","protected":false},"featured_media":117790,"comment_status":"open","ping_status":"closed","template":"","meta":{"_acf_changed":false},"product_brand":[],"product_cat":[5598,5599,5601,5600,3733,3803],"product_tag":[],"class_list":{"0":"post-187050","1":"product","2":"type-product","3":"status-publish","4":"has-post-thumbnail","6":"product_cat-all-private-tours-activities-fr-43","7":"product_cat-private-city-tours-fr","8":"product_cat-private-shore-excursions-fr-18","9":"product_cat-private-sightseeing-tours-fr-52","10":"product_cat-emirats-arabes-unis-fr","11":"product_cat-dubai-fr","13":"first","14":"instock","15":"shipping-taxable","16":"purchasable","17":"product-type-simple"},"acf":[],"yoast_head":"<!-- This site is optimized with the Yoast SEO Premium plugin v25.3.1 (Yoast SEO v25.3.1) - https:\/\/yoast.com\/wordpress\/plugins\/seo\/ -->\n<title>Visite priv\u00e9e de la ville d&#039;Abu Dhabi au d\u00e9part de Duba\u00ef avec le Louvre et Qasr Al Watan<\/title>\n<meta name=\"description\" content=\"Visite priv\u00e9e de la ville d&#039;Abu Dhabi au d\u00e9part de Duba\u00ef avec le Louvre et Qasr Al Watan\" \/>\n<meta name=\"robots\" content=\"index, follow, max-snippet:-1, max-image-preview:large, max-video-preview:-1\" \/>\n<link rel=\"canonical\" href=\"https:\/\/tourtravelandmore.com\/fr\/tours\/emirats-arabes-unis-fr\/dubai-fr\/visite-privee-de-la-ville-dabu-dhabi-au-depart-de-dubai-avec-le-louvre-et-qasr-al-watan\/\" \/>\n<meta property=\"og:locale\" content=\"fr_FR\" \/>\n<meta property=\"og:type\" content=\"article\" \/>\n<meta property=\"og:title\" content=\"Visite priv\u00e9e de la ville d&#039;Abu Dhabi au d\u00e9part de Duba\u00ef avec le Louvre et Qasr Al Watan\" \/>\n<meta property=\"og:description\" content=\"Visite priv\u00e9e de la ville d&#039;Abu Dhabi au d\u00e9part de Duba\u00ef avec le Louvre et Qasr Al Watan\" \/>\n<meta property=\"og:url\" content=\"https:\/\/tourtravelandmore.com\/fr\/tours\/emirats-arabes-unis-fr\/dubai-fr\/visite-privee-de-la-ville-dabu-dhabi-au-depart-de-dubai-avec-le-louvre-et-qasr-al-watan\/\" \/>\n<meta property=\"og:site_name\" content=\"Tour Travel And More\" \/>\n<meta property=\"article:publisher\" content=\"https:\/\/www.facebook.com\/tourtravelandmore\/\" \/>\n<meta property=\"og:image\" content=\"https:\/\/tourtravelandmore.com\/wp-content\/uploads\/2022\/01\/katerina-kerdi-w_DXQ-W8jJc-unsplash.jpg\" \/>\n\t<meta property=\"og:image:width\" content=\"1920\" \/>\n\t<meta property=\"og:image:height\" content=\"1440\" \/>\n\t<meta property=\"og:image:type\" content=\"image\/jpeg\" \/>\n<meta name=\"twitter:card\" content=\"summary_large_image\" \/>\n<meta name=\"twitter:site\" content=\"@TourTravel_More\" \/>\n<meta name=\"twitter:label1\" content=\"Dur\u00e9e de lecture estim\u00e9e\" \/>\n\t<meta name=\"twitter:data1\" content=\"2 minutes\" \/>\n<script type=\"application\/ld+json\" class=\"yoast-schema-graph\">{\"@context\":\"https:\/\/schema.org\",\"@graph\":[{\"@type\":\"WebPage\",\"@id\":\"https:\/\/tourtravelandmore.com\/fr\/tours\/emirats-arabes-unis-fr\/dubai-fr\/visite-privee-de-la-ville-dabu-dhabi-au-depart-de-dubai-avec-le-louvre-et-qasr-al-watan\/\",\"url\":\"https:\/\/tourtravelandmore.com\/fr\/tours\/emirats-arabes-unis-fr\/dubai-fr\/visite-privee-de-la-ville-dabu-dhabi-au-depart-de-dubai-avec-le-louvre-et-qasr-al-watan\/\",\"name\":\"Visite priv\u00e9e de la ville d'Abu Dhabi au d\u00e9part de Duba\u00ef avec le Louvre et Qasr Al Watan\",\"isPartOf\":{\"@id\":\"https:\/\/tourtravelandmore.com\/fr\/#website\"},\"primaryImageOfPage\":{\"@id\":\"https:\/\/tourtravelandmore.com\/fr\/tours\/emirats-arabes-unis-fr\/dubai-fr\/visite-privee-de-la-ville-dabu-dhabi-au-depart-de-dubai-avec-le-louvre-et-qasr-al-watan\/#primaryimage\"},\"image\":{\"@id\":\"https:\/\/tourtravelandmore.com\/fr\/tours\/emirats-arabes-unis-fr\/dubai-fr\/visite-privee-de-la-ville-dabu-dhabi-au-depart-de-dubai-avec-le-louvre-et-qasr-al-watan\/#primaryimage\"},\"thumbnailUrl\":\"https:\/\/tourtravelandmore.com\/wp-content\/uploads\/2022\/01\/katerina-kerdi-w_DXQ-W8jJc-unsplash.jpg\",\"datePublished\":\"2022-01-21T10:28:04+00:00\",\"description\":\"Visite priv\u00e9e de la ville d'Abu Dhabi au d\u00e9part de Duba\u00ef avec le Louvre et Qasr Al Watan\",\"breadcrumb\":{\"@id\":\"https:\/\/tourtravelandmore.com\/fr\/tours\/emirats-arabes-unis-fr\/dubai-fr\/visite-privee-de-la-ville-dabu-dhabi-au-depart-de-dubai-avec-le-louvre-et-qasr-al-watan\/#breadcrumb\"},\"inLanguage\":\"fr-FR\",\"potentialAction\":[{\"@type\":\"ReadAction\",\"target\":[\"https:\/\/tourtravelandmore.com\/fr\/tours\/emirats-arabes-unis-fr\/dubai-fr\/visite-privee-de-la-ville-dabu-dhabi-au-depart-de-dubai-avec-le-louvre-et-qasr-al-watan\/\"]}]},{\"@type\":\"ImageObject\",\"inLanguage\":\"fr-FR\",\"@id\":\"https:\/\/tourtravelandmore.com\/fr\/tours\/emirats-arabes-unis-fr\/dubai-fr\/visite-privee-de-la-ville-dabu-dhabi-au-depart-de-dubai-avec-le-louvre-et-qasr-al-watan\/#primaryimage\",\"url\":\"https:\/\/tourtravelandmore.com\/wp-content\/uploads\/2022\/01\/katerina-kerdi-w_DXQ-W8jJc-unsplash.jpg\",\"contentUrl\":\"https:\/\/tourtravelandmore.com\/wp-content\/uploads\/2022\/01\/katerina-kerdi-w_DXQ-W8jJc-unsplash.jpg\",\"width\":1920,\"height\":1440},{\"@type\":\"BreadcrumbList\",\"@id\":\"https:\/\/tourtravelandmore.com\/fr\/tours\/emirats-arabes-unis-fr\/dubai-fr\/visite-privee-de-la-ville-dabu-dhabi-au-depart-de-dubai-avec-le-louvre-et-qasr-al-watan\/#breadcrumb\",\"itemListElement\":[{\"@type\":\"ListItem\",\"position\":1,\"name\":\"Home\",\"item\":\"https:\/\/tourtravelandmore.com\/fr\/\"},{\"@type\":\"ListItem\",\"position\":2,\"name\":\"Tours\",\"item\":\"https:\/\/tourtravelandmore.com\/fr\/tours\/\"},{\"@type\":\"ListItem\",\"position\":3,\"name\":\"Visite priv\u00e9e de la ville d&#8217;Abu Dhabi au d\u00e9part de Duba\u00ef avec le Louvre et Qasr Al Watan\"}]},{\"@type\":\"WebSite\",\"@id\":\"https:\/\/tourtravelandmore.com\/fr\/#website\",\"url\":\"https:\/\/tourtravelandmore.com\/fr\/\",\"name\":\"Tour Travel And More\",\"description\":\"Private sightseeing tours and luxury transfers in Spain\",\"publisher\":{\"@id\":\"https:\/\/tourtravelandmore.com\/fr\/#organization\"},\"potentialAction\":[{\"@type\":\"SearchAction\",\"target\":{\"@type\":\"EntryPoint\",\"urlTemplate\":\"https:\/\/tourtravelandmore.com\/fr\/?s={search_term_string}\"},\"query-input\":{\"@type\":\"PropertyValueSpecification\",\"valueRequired\":true,\"valueName\":\"search_term_string\"}}],\"inLanguage\":\"fr-FR\"},{\"@type\":\"Organization\",\"@id\":\"https:\/\/tourtravelandmore.com\/fr\/#organization\",\"name\":\"Tour Travel And More\",\"url\":\"https:\/\/tourtravelandmore.com\/fr\/\",\"logo\":{\"@type\":\"ImageObject\",\"inLanguage\":\"fr-FR\",\"@id\":\"https:\/\/tourtravelandmore.com\/fr\/#\/schema\/logo\/image\/\",\"url\":\"https:\/\/tourtravelandmore.com\/wp-content\/uploads\/2022\/12\/cropped-logo-cabecera-new.png\",\"contentUrl\":\"https:\/\/tourtravelandmore.com\/wp-content\/uploads\/2022\/12\/cropped-logo-cabecera-new.png\",\"width\":430,\"height\":61,\"caption\":\"Tour Travel And More\"},\"image\":{\"@id\":\"https:\/\/tourtravelandmore.com\/fr\/#\/schema\/logo\/image\/\"},\"sameAs\":[\"https:\/\/www.facebook.com\/tourtravelandmore\/\",\"https:\/\/x.com\/TourTravel_More\"]}]}<\/script>\n<!-- \/ Yoast SEO Premium plugin. -->","yoast_head_json":{"title":"Visite priv\u00e9e de la ville d'Abu Dhabi au d\u00e9part de Duba\u00ef avec le Louvre et Qasr Al Watan","description":"Visite priv\u00e9e de la ville d'Abu Dhabi au d\u00e9part de Duba\u00ef avec le Louvre et Qasr Al Watan","robots":{"index":"index","follow":"follow","max-snippet":"max-snippet:-1","max-image-preview":"max-image-preview:large","max-video-preview":"max-video-preview:-1"},"canonical":"https:\/\/tourtravelandmore.com\/fr\/tours\/emirats-arabes-unis-fr\/dubai-fr\/visite-privee-de-la-ville-dabu-dhabi-au-depart-de-dubai-avec-le-louvre-et-qasr-al-watan\/","og_locale":"fr_FR","og_type":"article","og_title":"Visite priv\u00e9e de la ville d'Abu Dhabi au d\u00e9part de Duba\u00ef avec le Louvre et Qasr Al Watan","og_description":"Visite priv\u00e9e de la ville d'Abu Dhabi au d\u00e9part de Duba\u00ef avec le Louvre et Qasr Al Watan","og_url":"https:\/\/tourtravelandmore.com\/fr\/tours\/emirats-arabes-unis-fr\/dubai-fr\/visite-privee-de-la-ville-dabu-dhabi-au-depart-de-dubai-avec-le-louvre-et-qasr-al-watan\/","og_site_name":"Tour Travel And More","article_publisher":"https:\/\/www.facebook.com\/tourtravelandmore\/","og_image":[{"width":1920,"height":1440,"url":"https:\/\/tourtravelandmore.com\/wp-content\/uploads\/2022\/01\/katerina-kerdi-w_DXQ-W8jJc-unsplash.jpg","type":"image\/jpeg"}],"twitter_card":"summary_large_image","twitter_site":"@TourTravel_More","twitter_misc":{"Dur\u00e9e de lecture estim\u00e9e":"2 minutes"},"schema":{"@context":"https:\/\/schema.org","@graph":[{"@type":"WebPage","@id":"https:\/\/tourtravelandmore.com\/fr\/tours\/emirats-arabes-unis-fr\/dubai-fr\/visite-privee-de-la-ville-dabu-dhabi-au-depart-de-dubai-avec-le-louvre-et-qasr-al-watan\/","url":"https:\/\/tourtravelandmore.com\/fr\/tours\/emirats-arabes-unis-fr\/dubai-fr\/visite-privee-de-la-ville-dabu-dhabi-au-depart-de-dubai-avec-le-louvre-et-qasr-al-watan\/","name":"Visite priv\u00e9e de la ville d'Abu Dhabi au d\u00e9part de Duba\u00ef avec le Louvre et Qasr Al Watan","isPartOf":{"@id":"https:\/\/tourtravelandmore.com\/fr\/#website"},"primaryImageOfPage":{"@id":"https:\/\/tourtravelandmore.com\/fr\/tours\/emirats-arabes-unis-fr\/dubai-fr\/visite-privee-de-la-ville-dabu-dhabi-au-depart-de-dubai-avec-le-louvre-et-qasr-al-watan\/#primaryimage"},"image":{"@id":"https:\/\/tourtravelandmore.com\/fr\/tours\/emirats-arabes-unis-fr\/dubai-fr\/visite-privee-de-la-ville-dabu-dhabi-au-depart-de-dubai-avec-le-louvre-et-qasr-al-watan\/#primaryimage"},"thumbnailUrl":"https:\/\/tourtravelandmore.com\/wp-content\/uploads\/2022\/01\/katerina-kerdi-w_DXQ-W8jJc-unsplash.jpg","datePublished":"2022-01-21T10:28:04+00:00","description":"Visite priv\u00e9e de la ville d'Abu Dhabi au d\u00e9part de Duba\u00ef avec le Louvre et Qasr Al Watan","breadcrumb":{"@id":"https:\/\/tourtravelandmore.com\/fr\/tours\/emirats-arabes-unis-fr\/dubai-fr\/visite-privee-de-la-ville-dabu-dhabi-au-depart-de-dubai-avec-le-louvre-et-qasr-al-watan\/#breadcrumb"},"inLanguage":"fr-FR","potentialAction":[{"@type":"ReadAction","target":["https:\/\/tourtravelandmore.com\/fr\/tours\/emirats-arabes-unis-fr\/dubai-fr\/visite-privee-de-la-ville-dabu-dhabi-au-depart-de-dubai-avec-le-louvre-et-qasr-al-watan\/"]}]},{"@type":"ImageObject","inLanguage":"fr-FR","@id":"https:\/\/tourtravelandmore.com\/fr\/tours\/emirats-arabes-unis-fr\/dubai-fr\/visite-privee-de-la-ville-dabu-dhabi-au-depart-de-dubai-avec-le-louvre-et-qasr-al-watan\/#primaryimage","url":"https:\/\/tourtravelandmore.com\/wp-content\/uploads\/2022\/01\/katerina-kerdi-w_DXQ-W8jJc-unsplash.jpg","contentUrl":"https:\/\/tourtravelandmore.com\/wp-content\/uploads\/2022\/01\/katerina-kerdi-w_DXQ-W8jJc-unsplash.jpg","width":1920,"height":1440},{"@type":"BreadcrumbList","@id":"https:\/\/tourtravelandmore.com\/fr\/tours\/emirats-arabes-unis-fr\/dubai-fr\/visite-privee-de-la-ville-dabu-dhabi-au-depart-de-dubai-avec-le-louvre-et-qasr-al-watan\/#breadcrumb","itemListElement":[{"@type":"ListItem","position":1,"name":"Home","item":"https:\/\/tourtravelandmore.com\/fr\/"},{"@type":"ListItem","position":2,"name":"Tours","item":"https:\/\/tourtravelandmore.com\/fr\/tours\/"},{"@type":"ListItem","position":3,"name":"Visite priv\u00e9e de la ville d&#8217;Abu Dhabi au d\u00e9part de Duba\u00ef avec le Louvre et Qasr Al Watan"}]},{"@type":"WebSite","@id":"https:\/\/tourtravelandmore.com\/fr\/#website","url":"https:\/\/tourtravelandmore.com\/fr\/","name":"Tour Travel And More","description":"Private sightseeing tours and luxury transfers in Spain","publisher":{"@id":"https:\/\/tourtravelandmore.com\/fr\/#organization"},"potentialAction":[{"@type":"SearchAction","target":{"@type":"EntryPoint","urlTemplate":"https:\/\/tourtravelandmore.com\/fr\/?s={search_term_string}"},"query-input":{"@type":"PropertyValueSpecification","valueRequired":true,"valueName":"search_term_string"}}],"inLanguage":"fr-FR"},{"@type":"Organization","@id":"https:\/\/tourtravelandmore.com\/fr\/#organization","name":"Tour Travel And More","url":"https:\/\/tourtravelandmore.com\/fr\/","logo":{"@type":"ImageObject","inLanguage":"fr-FR","@id":"https:\/\/tourtravelandmore.com\/fr\/#\/schema\/logo\/image\/","url":"https:\/\/tourtravelandmore.com\/wp-content\/uploads\/2022\/12\/cropped-logo-cabecera-new.png","contentUrl":"https:\/\/tourtravelandmore.com\/wp-content\/uploads\/2022\/12\/cropped-logo-cabecera-new.png","width":430,"height":61,"caption":"Tour Travel And More"},"image":{"@id":"https:\/\/tourtravelandmore.com\/fr\/#\/schema\/logo\/image\/"},"sameAs":["https:\/\/www.facebook.com\/tourtravelandmore\/","https:\/\/x.com\/TourTravel_More"]}]}},"_links":{"self":[{"href":"https:\/\/tourtravelandmore.com\/fr\/wp-json\/wp\/v2\/product\/187050","targetHints":{"allow":["GET"]}}],"collection":[{"href":"https:\/\/tourtravelandmore.com\/fr\/wp-json\/wp\/v2\/product"}],"about":[{"href":"https:\/\/tourtravelandmore.com\/fr\/wp-json\/wp\/v2\/types\/product"}],"replies":[{"embeddable":true,"href":"https:\/\/tourtravelandmore.com\/fr\/wp-json\/wp\/v2\/comments?post=187050"}],"wp:featuredmedia":[{"embeddable":true,"href":"https:\/\/tourtravelandmore.com\/fr\/wp-json\/wp\/v2\/media\/117790"}],"wp:attachment":[{"href":"https:\/\/tourtravelandmore.com\/fr\/wp-json\/wp\/v2\/media?parent=187050"}],"wp:term":[{"taxonomy":"product_brand","embeddable":true,"href":"https:\/\/tourtravelandmore.com\/fr\/wp-json\/wp\/v2\/product_brand?post=187050"},{"taxonomy":"product_cat","embeddable":true,"href":"https:\/\/tourtravelandmore.com\/fr\/wp-json\/wp\/v2\/product_cat?post=187050"},{"taxonomy":"product_tag","embeddable":true,"href":"https:\/\/tourtravelandmore.com\/fr\/wp-json\/wp\/v2\/product_tag?post=187050"}],"curies":[{"name":"wp","href":"https:\/\/api.w.org\/{rel}","templated":true}]}}