{"id":186897,"date":"2025-09-08T19:45:59","date_gmt":"2025-09-08T17:46:07","guid":{"rendered":"https:\/\/tourtravelandmore.com\/?post_type=product&#038;p=186897"},"modified":"2025-09-08T19:56:03","modified_gmt":"2025-09-08T17:56:03","slug":"transfert-prive-aeroport-ou-gare-singapour-copy","status":"publish","type":"product","link":"https:\/\/tourtravelandmore.com\/fr\/tours\/thailande\/bangkok-fr\/tous-les-circuits-prives\/transfert-prive-aeroport-ou-gare-singapour-copy\/","title":{"rendered":"Transfert priv\u00e9 : a\u00e9roport ou gare &#8211; Bangkok"},"content":{"rendered":"<h2>Description<\/h2>\n<p>Commencez ou terminez votre voyage sans stress gr\u00e2ce \u00e0 notre service de transfert priv\u00e9 : a\u00e9roport ou gare ferroviaire \u2013 Bangkok. Que vous arriviez \u00e0 l&#8217;a\u00e9roport Suvarnabhumi, \u00e0 l&#8217;a\u00e9roport Don Mueang ou \u00e0 la gare centrale, notre chauffeur professionnel sera l\u00e0 pour vous accueillir et vous conduire en toute tranquillit\u00e9 et confort jusqu&#8217;\u00e0 votre destination dans la ville.<\/p>\n<p>Ce service priv\u00e9 vous garantit ponctualit\u00e9, confort et s\u00e9curit\u00e9. \u00c0 votre arriv\u00e9e, vous serez accueilli avec une pancarte personnalis\u00e9e et aid\u00e9 \u00e0 porter vos bagages avant de monter \u00e0 bord de votre v\u00e9hicule priv\u00e9. Climatis\u00e9 et spacieux, votre transfert vous permettra de vous d\u00e9tendre apr\u00e8s votre vol ou votre trajet en train.<\/p>\n<p>Pendant le trajet, vous pourrez profiter d&#8217;une route panoramique \u00e0 travers les principales avenues de Bangkok, vous donnant ainsi une premi\u00e8re impression de cette m\u00e9tropole anim\u00e9e. Notre <b>transfert priv\u00e9 : a\u00e9roport ou gare &#8211; Bangkok<\/b> est con\u00e7u pour tous les types de voyageurs. Que vous soyez ici pour affaires, pour vos loisirs ou pour rejoindre l&#8217;une de nos <a href=\"https:\/\/tourtravelandmore.com\/\">visites priv\u00e9es de Bangkok<\/a>.<\/p>\n<h2><b>Points forts<\/b><\/h2>\n<ul>\n<li><b>Service d&#8217;accueil<\/b> : votre chauffeur vous attendra avec une pancarte \u00e0 votre point d&#8217;arriv\u00e9e.<\/li>\n<li><b>Confort et s\u00e9curit\u00e9<\/b> : voyagez dans un v\u00e9hicule priv\u00e9 climatis\u00e9.<\/li>\n<li><b>Prise en charge et d\u00e9pose flexibles<\/b> : de l&#8217;a\u00e9roport ou de la gare \u00e0 l&#8217;h\u00f4tel, et vice versa.<\/li>\n<li>Exp\u00e9rience sans stress : pas d&#8217;attente pour les taxis ou les transports publics.<\/li>\n<li>Chauffeurs professionnels : service courtois, ponctuel et fiable.<\/li>\n<\/ul>\n<p>\ud83d\udc49 En savoir plus sur les <a href=\"https:\/\/www.bangkokairportonline.com\/\">a\u00e9roports de Bangkok<\/a><\/p>\n<p>\ud83d\udc49 \u00c0 combiner avec nos <a href=\"https:\/\/tourtravelandmore.com\/\">visites priv\u00e9es \u00e0 Bangkok<\/a><\/p>\n<p>Assurez-vous une arriv\u00e9e ou un d\u00e9part en toute tranquillit\u00e9 gr\u00e2ce \u00e0 notre <b>transfert priv\u00e9 : a\u00e9roport ou gare &#8211; Bangkok<\/b>, le moyen le plus fiable de voyager confortablement.<\/p>\n","protected":false},"excerpt":{"rendered":"<p>Commencez ou terminez votre voyage sans stress gr\u00e2ce \u00e0 notre service de transfert priv\u00e9 : a\u00e9roport ou gare ferroviaire \u2013 Bangkok. Que vous arriviez \u00e0 l&#8217;a\u00e9roport Suvarnabhumi, \u00e0 l&#8217;a\u00e9roport Don Mueang ou \u00e0 la gare centrale, notre chauffeur professionnel sera l\u00e0 pour vous accueillir et vous conduire en toute tranquillit\u00e9 et confort jusqu&#8217;\u00e0 votre destination dans la ville.<\/p>\n","protected":false},"featured_media":185166,"comment_status":"open","ping_status":"closed","template":"","meta":{"_acf_changed":false},"product_brand":[],"product_cat":[5594,5591,5597],"product_tag":[],"class_list":{"0":"post-186897","1":"product","2":"type-product","3":"status-publish","4":"has-post-thumbnail","6":"product_cat-bangkok-fr","7":"product_cat-thailande","8":"product_cat-tous-les-circuits-prives","10":"first","11":"instock","12":"shipping-taxable","13":"purchasable","14":"product-type-simple"},"acf":[],"yoast_head":"<!-- This site is optimized with the Yoast SEO Premium plugin v25.3.1 (Yoast SEO v25.3.1) - https:\/\/yoast.com\/wordpress\/plugins\/seo\/ -->\n<title>Transfert priv\u00e9 : a\u00e9roport ou gare - Bangkok<\/title>\n<meta name=\"description\" content=\"Transfert priv\u00e9 : a\u00e9roport ou gare - Bangkok. Explorez ses rues gr\u00e2ce \u00e0 cette visite priv\u00e9e d&#039;une journ\u00e9e compl\u00e8te avec un guide et un v\u00e9hicule priv\u00e9.\" \/>\n<meta name=\"robots\" content=\"index, follow, max-snippet:-1, max-image-preview:large, max-video-preview:-1\" \/>\n<link rel=\"canonical\" href=\"https:\/\/tourtravelandmore.com\/fr\/tours\/thailande\/bangkok-fr\/tous-les-circuits-prives\/transfert-prive-aeroport-ou-gare-singapour-copy\/\" \/>\n<meta property=\"og:locale\" content=\"fr_FR\" \/>\n<meta property=\"og:type\" content=\"article\" \/>\n<meta property=\"og:title\" content=\"Transfert priv\u00e9 : a\u00e9roport ou gare - Bangkok\" \/>\n<meta property=\"og:description\" content=\"Transfert priv\u00e9 : a\u00e9roport ou gare - Bangkok. Explorez ses rues gr\u00e2ce \u00e0 cette visite priv\u00e9e d&#039;une journ\u00e9e compl\u00e8te avec un guide et un v\u00e9hicule priv\u00e9.\" \/>\n<meta property=\"og:url\" content=\"https:\/\/tourtravelandmore.com\/fr\/tours\/thailande\/bangkok-fr\/tous-les-circuits-prives\/transfert-prive-aeroport-ou-gare-singapour-copy\/\" \/>\n<meta property=\"og:site_name\" content=\"Tour Travel And More\" \/>\n<meta property=\"article:publisher\" content=\"https:\/\/www.facebook.com\/tourtravelandmore\/\" \/>\n<meta property=\"article:modified_time\" content=\"2025-09-08T17:56:03+00:00\" \/>\n<meta property=\"og:image\" content=\"https:\/\/tourtravelandmore.com\/wp-content\/uploads\/2025\/07\/csm_airport-transfer_1_86c6f1c624.jpg\" \/>\n\t<meta property=\"og:image:width\" content=\"1920\" \/>\n\t<meta property=\"og:image:height\" content=\"1080\" \/>\n\t<meta property=\"og:image:type\" content=\"image\/jpeg\" \/>\n<meta name=\"twitter:card\" content=\"summary_large_image\" \/>\n<meta name=\"twitter:site\" content=\"@TourTravel_More\" \/>\n<meta name=\"twitter:label1\" content=\"Dur\u00e9e de lecture estim\u00e9e\" \/>\n\t<meta name=\"twitter:data1\" content=\"1 minute\" \/>\n<script type=\"application\/ld+json\" class=\"yoast-schema-graph\">{\"@context\":\"https:\/\/schema.org\",\"@graph\":[{\"@type\":\"WebPage\",\"@id\":\"https:\/\/tourtravelandmore.com\/fr\/tours\/thailande\/bangkok-fr\/tous-les-circuits-prives\/transfert-prive-aeroport-ou-gare-singapour-copy\/\",\"url\":\"https:\/\/tourtravelandmore.com\/fr\/tours\/thailande\/bangkok-fr\/tous-les-circuits-prives\/transfert-prive-aeroport-ou-gare-singapour-copy\/\",\"name\":\"Transfert priv\u00e9 : a\u00e9roport ou gare - Bangkok\",\"isPartOf\":{\"@id\":\"https:\/\/tourtravelandmore.com\/fr\/#website\"},\"primaryImageOfPage\":{\"@id\":\"https:\/\/tourtravelandmore.com\/fr\/tours\/thailande\/bangkok-fr\/tous-les-circuits-prives\/transfert-prive-aeroport-ou-gare-singapour-copy\/#primaryimage\"},\"image\":{\"@id\":\"https:\/\/tourtravelandmore.com\/fr\/tours\/thailande\/bangkok-fr\/tous-les-circuits-prives\/transfert-prive-aeroport-ou-gare-singapour-copy\/#primaryimage\"},\"thumbnailUrl\":\"https:\/\/tourtravelandmore.com\/wp-content\/uploads\/2025\/07\/csm_airport-transfer_1_86c6f1c624.jpg\",\"datePublished\":\"2025-09-08T17:46:07+00:00\",\"dateModified\":\"2025-09-08T17:56:03+00:00\",\"description\":\"Transfert priv\u00e9 : a\u00e9roport ou gare - Bangkok. Explorez ses rues gr\u00e2ce \u00e0 cette visite priv\u00e9e d'une journ\u00e9e compl\u00e8te avec un guide et un v\u00e9hicule priv\u00e9.\",\"breadcrumb\":{\"@id\":\"https:\/\/tourtravelandmore.com\/fr\/tours\/thailande\/bangkok-fr\/tous-les-circuits-prives\/transfert-prive-aeroport-ou-gare-singapour-copy\/#breadcrumb\"},\"inLanguage\":\"fr-FR\",\"potentialAction\":[{\"@type\":\"ReadAction\",\"target\":[\"https:\/\/tourtravelandmore.com\/fr\/tours\/thailande\/bangkok-fr\/tous-les-circuits-prives\/transfert-prive-aeroport-ou-gare-singapour-copy\/\"]}]},{\"@type\":\"ImageObject\",\"inLanguage\":\"fr-FR\",\"@id\":\"https:\/\/tourtravelandmore.com\/fr\/tours\/thailande\/bangkok-fr\/tous-les-circuits-prives\/transfert-prive-aeroport-ou-gare-singapour-copy\/#primaryimage\",\"url\":\"https:\/\/tourtravelandmore.com\/wp-content\/uploads\/2025\/07\/csm_airport-transfer_1_86c6f1c624.jpg\",\"contentUrl\":\"https:\/\/tourtravelandmore.com\/wp-content\/uploads\/2025\/07\/csm_airport-transfer_1_86c6f1c624.jpg\",\"width\":1920,\"height\":1080},{\"@type\":\"BreadcrumbList\",\"@id\":\"https:\/\/tourtravelandmore.com\/fr\/tours\/thailande\/bangkok-fr\/tous-les-circuits-prives\/transfert-prive-aeroport-ou-gare-singapour-copy\/#breadcrumb\",\"itemListElement\":[{\"@type\":\"ListItem\",\"position\":1,\"name\":\"Home\",\"item\":\"https:\/\/tourtravelandmore.com\/fr\/\"},{\"@type\":\"ListItem\",\"position\":2,\"name\":\"Tours\",\"item\":\"https:\/\/tourtravelandmore.com\/fr\/tours\/\"},{\"@type\":\"ListItem\",\"position\":3,\"name\":\"Transfert priv\u00e9 : a\u00e9roport ou gare &#8211; Bangkok\"}]},{\"@type\":\"WebSite\",\"@id\":\"https:\/\/tourtravelandmore.com\/fr\/#website\",\"url\":\"https:\/\/tourtravelandmore.com\/fr\/\",\"name\":\"Tour Travel And More\",\"description\":\"Private sightseeing tours and luxury transfers in Spain\",\"publisher\":{\"@id\":\"https:\/\/tourtravelandmore.com\/fr\/#organization\"},\"potentialAction\":[{\"@type\":\"SearchAction\",\"target\":{\"@type\":\"EntryPoint\",\"urlTemplate\":\"https:\/\/tourtravelandmore.com\/fr\/?s={search_term_string}\"},\"query-input\":{\"@type\":\"PropertyValueSpecification\",\"valueRequired\":true,\"valueName\":\"search_term_string\"}}],\"inLanguage\":\"fr-FR\"},{\"@type\":\"Organization\",\"@id\":\"https:\/\/tourtravelandmore.com\/fr\/#organization\",\"name\":\"Tour Travel And More\",\"url\":\"https:\/\/tourtravelandmore.com\/fr\/\",\"logo\":{\"@type\":\"ImageObject\",\"inLanguage\":\"fr-FR\",\"@id\":\"https:\/\/tourtravelandmore.com\/fr\/#\/schema\/logo\/image\/\",\"url\":\"https:\/\/tourtravelandmore.com\/wp-content\/uploads\/2022\/12\/cropped-logo-cabecera-new.png\",\"contentUrl\":\"https:\/\/tourtravelandmore.com\/wp-content\/uploads\/2022\/12\/cropped-logo-cabecera-new.png\",\"width\":430,\"height\":61,\"caption\":\"Tour Travel And More\"},\"image\":{\"@id\":\"https:\/\/tourtravelandmore.com\/fr\/#\/schema\/logo\/image\/\"},\"sameAs\":[\"https:\/\/www.facebook.com\/tourtravelandmore\/\",\"https:\/\/x.com\/TourTravel_More\"]}]}<\/script>\n<!-- \/ Yoast SEO Premium plugin. -->","yoast_head_json":{"title":"Transfert priv\u00e9 : a\u00e9roport ou gare - Bangkok","description":"Transfert priv\u00e9 : a\u00e9roport ou gare - Bangkok. Explorez ses rues gr\u00e2ce \u00e0 cette visite priv\u00e9e d'une journ\u00e9e compl\u00e8te avec un guide et un v\u00e9hicule priv\u00e9.","robots":{"index":"index","follow":"follow","max-snippet":"max-snippet:-1","max-image-preview":"max-image-preview:large","max-video-preview":"max-video-preview:-1"},"canonical":"https:\/\/tourtravelandmore.com\/fr\/tours\/thailande\/bangkok-fr\/tous-les-circuits-prives\/transfert-prive-aeroport-ou-gare-singapour-copy\/","og_locale":"fr_FR","og_type":"article","og_title":"Transfert priv\u00e9 : a\u00e9roport ou gare - Bangkok","og_description":"Transfert priv\u00e9 : a\u00e9roport ou gare - Bangkok. Explorez ses rues gr\u00e2ce \u00e0 cette visite priv\u00e9e d'une journ\u00e9e compl\u00e8te avec un guide et un v\u00e9hicule priv\u00e9.","og_url":"https:\/\/tourtravelandmore.com\/fr\/tours\/thailande\/bangkok-fr\/tous-les-circuits-prives\/transfert-prive-aeroport-ou-gare-singapour-copy\/","og_site_name":"Tour Travel And More","article_publisher":"https:\/\/www.facebook.com\/tourtravelandmore\/","article_modified_time":"2025-09-08T17:56:03+00:00","og_image":[{"width":1920,"height":1080,"url":"https:\/\/tourtravelandmore.com\/wp-content\/uploads\/2025\/07\/csm_airport-transfer_1_86c6f1c624.jpg","type":"image\/jpeg"}],"twitter_card":"summary_large_image","twitter_site":"@TourTravel_More","twitter_misc":{"Dur\u00e9e de lecture estim\u00e9e":"1 minute"},"schema":{"@context":"https:\/\/schema.org","@graph":[{"@type":"WebPage","@id":"https:\/\/tourtravelandmore.com\/fr\/tours\/thailande\/bangkok-fr\/tous-les-circuits-prives\/transfert-prive-aeroport-ou-gare-singapour-copy\/","url":"https:\/\/tourtravelandmore.com\/fr\/tours\/thailande\/bangkok-fr\/tous-les-circuits-prives\/transfert-prive-aeroport-ou-gare-singapour-copy\/","name":"Transfert priv\u00e9 : a\u00e9roport ou gare - Bangkok","isPartOf":{"@id":"https:\/\/tourtravelandmore.com\/fr\/#website"},"primaryImageOfPage":{"@id":"https:\/\/tourtravelandmore.com\/fr\/tours\/thailande\/bangkok-fr\/tous-les-circuits-prives\/transfert-prive-aeroport-ou-gare-singapour-copy\/#primaryimage"},"image":{"@id":"https:\/\/tourtravelandmore.com\/fr\/tours\/thailande\/bangkok-fr\/tous-les-circuits-prives\/transfert-prive-aeroport-ou-gare-singapour-copy\/#primaryimage"},"thumbnailUrl":"https:\/\/tourtravelandmore.com\/wp-content\/uploads\/2025\/07\/csm_airport-transfer_1_86c6f1c624.jpg","datePublished":"2025-09-08T17:46:07+00:00","dateModified":"2025-09-08T17:56:03+00:00","description":"Transfert priv\u00e9 : a\u00e9roport ou gare - Bangkok. Explorez ses rues gr\u00e2ce \u00e0 cette visite priv\u00e9e d'une journ\u00e9e compl\u00e8te avec un guide et un v\u00e9hicule priv\u00e9.","breadcrumb":{"@id":"https:\/\/tourtravelandmore.com\/fr\/tours\/thailande\/bangkok-fr\/tous-les-circuits-prives\/transfert-prive-aeroport-ou-gare-singapour-copy\/#breadcrumb"},"inLanguage":"fr-FR","potentialAction":[{"@type":"ReadAction","target":["https:\/\/tourtravelandmore.com\/fr\/tours\/thailande\/bangkok-fr\/tous-les-circuits-prives\/transfert-prive-aeroport-ou-gare-singapour-copy\/"]}]},{"@type":"ImageObject","inLanguage":"fr-FR","@id":"https:\/\/tourtravelandmore.com\/fr\/tours\/thailande\/bangkok-fr\/tous-les-circuits-prives\/transfert-prive-aeroport-ou-gare-singapour-copy\/#primaryimage","url":"https:\/\/tourtravelandmore.com\/wp-content\/uploads\/2025\/07\/csm_airport-transfer_1_86c6f1c624.jpg","contentUrl":"https:\/\/tourtravelandmore.com\/wp-content\/uploads\/2025\/07\/csm_airport-transfer_1_86c6f1c624.jpg","width":1920,"height":1080},{"@type":"BreadcrumbList","@id":"https:\/\/tourtravelandmore.com\/fr\/tours\/thailande\/bangkok-fr\/tous-les-circuits-prives\/transfert-prive-aeroport-ou-gare-singapour-copy\/#breadcrumb","itemListElement":[{"@type":"ListItem","position":1,"name":"Home","item":"https:\/\/tourtravelandmore.com\/fr\/"},{"@type":"ListItem","position":2,"name":"Tours","item":"https:\/\/tourtravelandmore.com\/fr\/tours\/"},{"@type":"ListItem","position":3,"name":"Transfert priv\u00e9 : a\u00e9roport ou gare &#8211; Bangkok"}]},{"@type":"WebSite","@id":"https:\/\/tourtravelandmore.com\/fr\/#website","url":"https:\/\/tourtravelandmore.com\/fr\/","name":"Tour Travel And More","description":"Private sightseeing tours and luxury transfers in Spain","publisher":{"@id":"https:\/\/tourtravelandmore.com\/fr\/#organization"},"potentialAction":[{"@type":"SearchAction","target":{"@type":"EntryPoint","urlTemplate":"https:\/\/tourtravelandmore.com\/fr\/?s={search_term_string}"},"query-input":{"@type":"PropertyValueSpecification","valueRequired":true,"valueName":"search_term_string"}}],"inLanguage":"fr-FR"},{"@type":"Organization","@id":"https:\/\/tourtravelandmore.com\/fr\/#organization","name":"Tour Travel And More","url":"https:\/\/tourtravelandmore.com\/fr\/","logo":{"@type":"ImageObject","inLanguage":"fr-FR","@id":"https:\/\/tourtravelandmore.com\/fr\/#\/schema\/logo\/image\/","url":"https:\/\/tourtravelandmore.com\/wp-content\/uploads\/2022\/12\/cropped-logo-cabecera-new.png","contentUrl":"https:\/\/tourtravelandmore.com\/wp-content\/uploads\/2022\/12\/cropped-logo-cabecera-new.png","width":430,"height":61,"caption":"Tour Travel And More"},"image":{"@id":"https:\/\/tourtravelandmore.com\/fr\/#\/schema\/logo\/image\/"},"sameAs":["https:\/\/www.facebook.com\/tourtravelandmore\/","https:\/\/x.com\/TourTravel_More"]}]}},"_links":{"self":[{"href":"https:\/\/tourtravelandmore.com\/fr\/wp-json\/wp\/v2\/product\/186897","targetHints":{"allow":["GET"]}}],"collection":[{"href":"https:\/\/tourtravelandmore.com\/fr\/wp-json\/wp\/v2\/product"}],"about":[{"href":"https:\/\/tourtravelandmore.com\/fr\/wp-json\/wp\/v2\/types\/product"}],"replies":[{"embeddable":true,"href":"https:\/\/tourtravelandmore.com\/fr\/wp-json\/wp\/v2\/comments?post=186897"}],"wp:featuredmedia":[{"embeddable":true,"href":"https:\/\/tourtravelandmore.com\/fr\/wp-json\/wp\/v2\/media\/185166"}],"wp:attachment":[{"href":"https:\/\/tourtravelandmore.com\/fr\/wp-json\/wp\/v2\/media?parent=186897"}],"wp:term":[{"taxonomy":"product_brand","embeddable":true,"href":"https:\/\/tourtravelandmore.com\/fr\/wp-json\/wp\/v2\/product_brand?post=186897"},{"taxonomy":"product_cat","embeddable":true,"href":"https:\/\/tourtravelandmore.com\/fr\/wp-json\/wp\/v2\/product_cat?post=186897"},{"taxonomy":"product_tag","embeddable":true,"href":"https:\/\/tourtravelandmore.com\/fr\/wp-json\/wp\/v2\/product_tag?post=186897"}],"curies":[{"name":"wp","href":"https:\/\/api.w.org\/{rel}","templated":true}]}}