{"id":186866,"date":"2025-09-08T17:47:17","date_gmt":"2025-09-08T15:47:22","guid":{"rendered":"https:\/\/tourtravelandmore.com\/?post_type=product&#038;p=186866"},"modified":"2025-09-08T19:43:00","modified_gmt":"2025-09-08T17:43:00","slug":"excursion-privee-a-kanchanaburi-et-a-la-riviere-kwai-au-depart-de-bangkok-copy","status":"publish","type":"product","link":"https:\/\/tourtravelandmore.com\/fr\/tours\/thailande\/bangkok-fr\/tous-les-circuits-prives\/excursion-privee-a-kanchanaburi-et-a-la-riviere-kwai-au-depart-de-bangkok-copy\/","title":{"rendered":"Visite priv\u00e9e \u00e0 v\u00e9lo \u00e0 travers les sentiers cach\u00e9s de Bangkok"},"content":{"rendered":"<h2>Description | Visite priv\u00e9e \u00e0 v\u00e9lo \u00e0 travers les sentiers cach\u00e9s de Bangkok<\/h2>\n<p>Nous vous invitons \u00e0 participer \u00e0 une visite priv\u00e9e unique \u00e0 v\u00e9lo \u00e0 travers les sentiers cach\u00e9s de Bangkok, o\u00f9 vous d\u00e9couvrirez une facette de la ville que la plupart des visiteurs ne voient jamais. Guid\u00e9s par un expert local, cette exp\u00e9rience vous emm\u00e8nera loin des rues anim\u00e9es vers des chemins tranquilles, des canaux luxuriants et des quartiers anim\u00e9s pleins de charme.<\/p>\n<p>Votre voyage commence dans un lieu de rendez-vous confortable o\u00f9 votre guide priv\u00e9 et vos v\u00e9los vous attendent. P\u00e9dalez dans des ruelles paisibles et d\u00e9couvrez la vie quotidienne authentique des communaut\u00e9s de Bangkok. Vous passerez par des march\u00e9s locaux color\u00e9s, des temples bouddhistes et des maisons en bois construites le long des canaux. Cette balade tranquille vous permettra de vous impr\u00e9gner du rythme de la ville, loin de la foule.<\/p>\n<p>Au fil du parcours, vous d\u00e9couvrirez des espaces verts et des coins cach\u00e9s qui r\u00e9v\u00e8lent l&#8217;\u00e9quilibre entre modernit\u00e9 et tradition \u00e0 Bangkok. Gr\u00e2ce \u00e0 des arr\u00eats r\u00e9guliers pour prendre des photos et \u00e9couter des anecdotes, votre guide vous fera profiter \u00e0 la fois des points forts culturels et de moments de d\u00e9tente. Cette visite priv\u00e9e \u00e0 v\u00e9lo est con\u00e7ue pour tous les niveaux, combinant une balade tranquille \u00e0 v\u00e9lo et des rencontres authentiques de mani\u00e8re s\u00fbre et captivante.<\/p>\n<h2>Points forts<\/h2>\n<ul>\n<li><b>Quartiers locaux<\/b> : d\u00e9couvrez la vie authentique de Bangkok hors des sentiers battus.<\/li>\n<li><b>Canaux paisibles<\/b> : p\u00e9dalez le long de voies navigables sereines.<\/li>\n<li><b>Temples cach\u00e9s<\/b> : visitez des sanctuaires bouddhistes moins connus.<\/li>\n<li><b>Pauses photo<\/b> : capturez des perspectives uniques de la ville.<\/li>\n<li><b>Exp\u00e9rience priv\u00e9e<\/b> : rythme personnalis\u00e9 avec un guide personnel.<\/li>\n<\/ul>\n<p>En savoir plus sur le <a href=\"https:\/\/www.tourismthailand.org\/Articles\/Bangkok-Cycling-Routes\">v\u00e9lo \u00e0 Bangkok<\/a><\/p>\n<p>D\u00e9couvrez nos autres <a href=\"https:\/\/tourtravelandmore.com\/\">visites priv\u00e9es \u00e0 Bangkok<\/a><\/p>\n<p>Terminez votre <b>visite priv\u00e9e \u00e0 v\u00e9lo sur les sentiers cach\u00e9s de Bangkok<\/b> avec un sentiment de d\u00e9couverte et de connexion, apr\u00e8s avoir explor\u00e9 la ville de la mani\u00e8re la plus authentique et la plus \u00e9cologique possible.<\/p>\n","protected":false},"excerpt":{"rendered":"<p>Nous vous invitons \u00e0 participer \u00e0 une visite priv\u00e9e unique \u00e0 v\u00e9lo \u00e0 travers les sentiers cach\u00e9s de Bangkok, o\u00f9 vous d\u00e9couvrirez une facette de la ville que la plupart des visiteurs ne voient jamais. Guid\u00e9s par un expert local, cette exp\u00e9rience vous emm\u00e8nera loin des rues anim\u00e9es vers des chemins tranquilles, des canaux luxuriants et des quartiers anim\u00e9s pleins de charme.<\/p>\n","protected":false},"featured_media":186878,"comment_status":"open","ping_status":"closed","template":"","meta":{"_acf_changed":false},"product_brand":[],"product_cat":[5594,5591,5597],"product_tag":[],"class_list":{"0":"post-186866","1":"product","2":"type-product","3":"status-publish","4":"has-post-thumbnail","6":"product_cat-bangkok-fr","7":"product_cat-thailande","8":"product_cat-tous-les-circuits-prives","10":"first","11":"instock","12":"shipping-taxable","13":"purchasable","14":"product-type-simple"},"acf":[],"yoast_head":"<!-- This site is optimized with the Yoast SEO Premium plugin v25.3.1 (Yoast SEO v25.3.1) - https:\/\/yoast.com\/wordpress\/plugins\/seo\/ -->\n<title>Visite priv\u00e9e \u00e0 v\u00e9lo \u00e0 travers les sentiers cach\u00e9s de Bangkok<\/title>\n<meta name=\"description\" content=\"Visite priv\u00e9e \u00e0 v\u00e9lo \u00e0 travers les sentiers cach\u00e9s de Bangkok. Explorez ses rues gr\u00e2ce \u00e0 cette visite priv\u00e9e d&#039;une journ\u00e9e compl\u00e8te avec un guide et un v\u00e9hicule priv\u00e9.\" \/>\n<meta name=\"robots\" content=\"index, follow, max-snippet:-1, max-image-preview:large, max-video-preview:-1\" \/>\n<link rel=\"canonical\" href=\"https:\/\/tourtravelandmore.com\/fr\/tours\/thailande\/bangkok-fr\/tous-les-circuits-prives\/excursion-privee-a-kanchanaburi-et-a-la-riviere-kwai-au-depart-de-bangkok-copy\/\" \/>\n<meta property=\"og:locale\" content=\"fr_FR\" \/>\n<meta property=\"og:type\" content=\"article\" \/>\n<meta property=\"og:title\" content=\"Visite priv\u00e9e \u00e0 v\u00e9lo \u00e0 travers les sentiers cach\u00e9s de Bangkok\" \/>\n<meta property=\"og:description\" content=\"Visite priv\u00e9e \u00e0 v\u00e9lo \u00e0 travers les sentiers cach\u00e9s de Bangkok. Explorez ses rues gr\u00e2ce \u00e0 cette visite priv\u00e9e d&#039;une journ\u00e9e compl\u00e8te avec un guide et un v\u00e9hicule priv\u00e9.\" \/>\n<meta property=\"og:url\" content=\"https:\/\/tourtravelandmore.com\/fr\/tours\/thailande\/bangkok-fr\/tous-les-circuits-prives\/excursion-privee-a-kanchanaburi-et-a-la-riviere-kwai-au-depart-de-bangkok-copy\/\" \/>\n<meta property=\"og:site_name\" content=\"Tour Travel And More\" \/>\n<meta property=\"article:publisher\" content=\"https:\/\/www.facebook.com\/tourtravelandmore\/\" \/>\n<meta property=\"article:modified_time\" content=\"2025-09-08T17:43:00+00:00\" \/>\n<meta property=\"og:image\" content=\"https:\/\/tourtravelandmore.com\/wp-content\/uploads\/2025\/09\/bikes-7681871_1280.jpg\" \/>\n\t<meta property=\"og:image:width\" content=\"1280\" \/>\n\t<meta property=\"og:image:height\" content=\"853\" \/>\n\t<meta property=\"og:image:type\" content=\"image\/jpeg\" \/>\n<meta name=\"twitter:card\" content=\"summary_large_image\" \/>\n<meta name=\"twitter:site\" content=\"@TourTravel_More\" \/>\n<meta name=\"twitter:label1\" content=\"Dur\u00e9e de lecture estim\u00e9e\" \/>\n\t<meta name=\"twitter:data1\" content=\"2 minutes\" \/>\n<script type=\"application\/ld+json\" class=\"yoast-schema-graph\">{\"@context\":\"https:\/\/schema.org\",\"@graph\":[{\"@type\":\"WebPage\",\"@id\":\"https:\/\/tourtravelandmore.com\/fr\/tours\/thailande\/bangkok-fr\/tous-les-circuits-prives\/excursion-privee-a-kanchanaburi-et-a-la-riviere-kwai-au-depart-de-bangkok-copy\/\",\"url\":\"https:\/\/tourtravelandmore.com\/fr\/tours\/thailande\/bangkok-fr\/tous-les-circuits-prives\/excursion-privee-a-kanchanaburi-et-a-la-riviere-kwai-au-depart-de-bangkok-copy\/\",\"name\":\"Visite priv\u00e9e \u00e0 v\u00e9lo \u00e0 travers les sentiers cach\u00e9s de Bangkok\",\"isPartOf\":{\"@id\":\"https:\/\/tourtravelandmore.com\/fr\/#website\"},\"primaryImageOfPage\":{\"@id\":\"https:\/\/tourtravelandmore.com\/fr\/tours\/thailande\/bangkok-fr\/tous-les-circuits-prives\/excursion-privee-a-kanchanaburi-et-a-la-riviere-kwai-au-depart-de-bangkok-copy\/#primaryimage\"},\"image\":{\"@id\":\"https:\/\/tourtravelandmore.com\/fr\/tours\/thailande\/bangkok-fr\/tous-les-circuits-prives\/excursion-privee-a-kanchanaburi-et-a-la-riviere-kwai-au-depart-de-bangkok-copy\/#primaryimage\"},\"thumbnailUrl\":\"https:\/\/tourtravelandmore.com\/wp-content\/uploads\/2025\/09\/bikes-7681871_1280.jpg\",\"datePublished\":\"2025-09-08T15:47:22+00:00\",\"dateModified\":\"2025-09-08T17:43:00+00:00\",\"description\":\"Visite priv\u00e9e \u00e0 v\u00e9lo \u00e0 travers les sentiers cach\u00e9s de Bangkok. Explorez ses rues gr\u00e2ce \u00e0 cette visite priv\u00e9e d'une journ\u00e9e compl\u00e8te avec un guide et un v\u00e9hicule priv\u00e9.\",\"breadcrumb\":{\"@id\":\"https:\/\/tourtravelandmore.com\/fr\/tours\/thailande\/bangkok-fr\/tous-les-circuits-prives\/excursion-privee-a-kanchanaburi-et-a-la-riviere-kwai-au-depart-de-bangkok-copy\/#breadcrumb\"},\"inLanguage\":\"fr-FR\",\"potentialAction\":[{\"@type\":\"ReadAction\",\"target\":[\"https:\/\/tourtravelandmore.com\/fr\/tours\/thailande\/bangkok-fr\/tous-les-circuits-prives\/excursion-privee-a-kanchanaburi-et-a-la-riviere-kwai-au-depart-de-bangkok-copy\/\"]}]},{\"@type\":\"ImageObject\",\"inLanguage\":\"fr-FR\",\"@id\":\"https:\/\/tourtravelandmore.com\/fr\/tours\/thailande\/bangkok-fr\/tous-les-circuits-prives\/excursion-privee-a-kanchanaburi-et-a-la-riviere-kwai-au-depart-de-bangkok-copy\/#primaryimage\",\"url\":\"https:\/\/tourtravelandmore.com\/wp-content\/uploads\/2025\/09\/bikes-7681871_1280.jpg\",\"contentUrl\":\"https:\/\/tourtravelandmore.com\/wp-content\/uploads\/2025\/09\/bikes-7681871_1280.jpg\",\"width\":1280,\"height\":853},{\"@type\":\"BreadcrumbList\",\"@id\":\"https:\/\/tourtravelandmore.com\/fr\/tours\/thailande\/bangkok-fr\/tous-les-circuits-prives\/excursion-privee-a-kanchanaburi-et-a-la-riviere-kwai-au-depart-de-bangkok-copy\/#breadcrumb\",\"itemListElement\":[{\"@type\":\"ListItem\",\"position\":1,\"name\":\"Home\",\"item\":\"https:\/\/tourtravelandmore.com\/fr\/\"},{\"@type\":\"ListItem\",\"position\":2,\"name\":\"Tours\",\"item\":\"https:\/\/tourtravelandmore.com\/fr\/tours\/\"},{\"@type\":\"ListItem\",\"position\":3,\"name\":\"Visite priv\u00e9e \u00e0 v\u00e9lo \u00e0 travers les sentiers cach\u00e9s de Bangkok\"}]},{\"@type\":\"WebSite\",\"@id\":\"https:\/\/tourtravelandmore.com\/fr\/#website\",\"url\":\"https:\/\/tourtravelandmore.com\/fr\/\",\"name\":\"Tour Travel And More\",\"description\":\"Private sightseeing tours and luxury transfers in Spain\",\"publisher\":{\"@id\":\"https:\/\/tourtravelandmore.com\/fr\/#organization\"},\"potentialAction\":[{\"@type\":\"SearchAction\",\"target\":{\"@type\":\"EntryPoint\",\"urlTemplate\":\"https:\/\/tourtravelandmore.com\/fr\/?s={search_term_string}\"},\"query-input\":{\"@type\":\"PropertyValueSpecification\",\"valueRequired\":true,\"valueName\":\"search_term_string\"}}],\"inLanguage\":\"fr-FR\"},{\"@type\":\"Organization\",\"@id\":\"https:\/\/tourtravelandmore.com\/fr\/#organization\",\"name\":\"Tour Travel And More\",\"url\":\"https:\/\/tourtravelandmore.com\/fr\/\",\"logo\":{\"@type\":\"ImageObject\",\"inLanguage\":\"fr-FR\",\"@id\":\"https:\/\/tourtravelandmore.com\/fr\/#\/schema\/logo\/image\/\",\"url\":\"https:\/\/tourtravelandmore.com\/wp-content\/uploads\/2022\/12\/cropped-logo-cabecera-new.png\",\"contentUrl\":\"https:\/\/tourtravelandmore.com\/wp-content\/uploads\/2022\/12\/cropped-logo-cabecera-new.png\",\"width\":430,\"height\":61,\"caption\":\"Tour Travel And More\"},\"image\":{\"@id\":\"https:\/\/tourtravelandmore.com\/fr\/#\/schema\/logo\/image\/\"},\"sameAs\":[\"https:\/\/www.facebook.com\/tourtravelandmore\/\",\"https:\/\/x.com\/TourTravel_More\"]}]}<\/script>\n<!-- \/ Yoast SEO Premium plugin. -->","yoast_head_json":{"title":"Visite priv\u00e9e \u00e0 v\u00e9lo \u00e0 travers les sentiers cach\u00e9s de Bangkok","description":"Visite priv\u00e9e \u00e0 v\u00e9lo \u00e0 travers les sentiers cach\u00e9s de Bangkok. Explorez ses rues gr\u00e2ce \u00e0 cette visite priv\u00e9e d'une journ\u00e9e compl\u00e8te avec un guide et un v\u00e9hicule priv\u00e9.","robots":{"index":"index","follow":"follow","max-snippet":"max-snippet:-1","max-image-preview":"max-image-preview:large","max-video-preview":"max-video-preview:-1"},"canonical":"https:\/\/tourtravelandmore.com\/fr\/tours\/thailande\/bangkok-fr\/tous-les-circuits-prives\/excursion-privee-a-kanchanaburi-et-a-la-riviere-kwai-au-depart-de-bangkok-copy\/","og_locale":"fr_FR","og_type":"article","og_title":"Visite priv\u00e9e \u00e0 v\u00e9lo \u00e0 travers les sentiers cach\u00e9s de Bangkok","og_description":"Visite priv\u00e9e \u00e0 v\u00e9lo \u00e0 travers les sentiers cach\u00e9s de Bangkok. Explorez ses rues gr\u00e2ce \u00e0 cette visite priv\u00e9e d'une journ\u00e9e compl\u00e8te avec un guide et un v\u00e9hicule priv\u00e9.","og_url":"https:\/\/tourtravelandmore.com\/fr\/tours\/thailande\/bangkok-fr\/tous-les-circuits-prives\/excursion-privee-a-kanchanaburi-et-a-la-riviere-kwai-au-depart-de-bangkok-copy\/","og_site_name":"Tour Travel And More","article_publisher":"https:\/\/www.facebook.com\/tourtravelandmore\/","article_modified_time":"2025-09-08T17:43:00+00:00","og_image":[{"width":1280,"height":853,"url":"https:\/\/tourtravelandmore.com\/wp-content\/uploads\/2025\/09\/bikes-7681871_1280.jpg","type":"image\/jpeg"}],"twitter_card":"summary_large_image","twitter_site":"@TourTravel_More","twitter_misc":{"Dur\u00e9e de lecture estim\u00e9e":"2 minutes"},"schema":{"@context":"https:\/\/schema.org","@graph":[{"@type":"WebPage","@id":"https:\/\/tourtravelandmore.com\/fr\/tours\/thailande\/bangkok-fr\/tous-les-circuits-prives\/excursion-privee-a-kanchanaburi-et-a-la-riviere-kwai-au-depart-de-bangkok-copy\/","url":"https:\/\/tourtravelandmore.com\/fr\/tours\/thailande\/bangkok-fr\/tous-les-circuits-prives\/excursion-privee-a-kanchanaburi-et-a-la-riviere-kwai-au-depart-de-bangkok-copy\/","name":"Visite priv\u00e9e \u00e0 v\u00e9lo \u00e0 travers les sentiers cach\u00e9s de Bangkok","isPartOf":{"@id":"https:\/\/tourtravelandmore.com\/fr\/#website"},"primaryImageOfPage":{"@id":"https:\/\/tourtravelandmore.com\/fr\/tours\/thailande\/bangkok-fr\/tous-les-circuits-prives\/excursion-privee-a-kanchanaburi-et-a-la-riviere-kwai-au-depart-de-bangkok-copy\/#primaryimage"},"image":{"@id":"https:\/\/tourtravelandmore.com\/fr\/tours\/thailande\/bangkok-fr\/tous-les-circuits-prives\/excursion-privee-a-kanchanaburi-et-a-la-riviere-kwai-au-depart-de-bangkok-copy\/#primaryimage"},"thumbnailUrl":"https:\/\/tourtravelandmore.com\/wp-content\/uploads\/2025\/09\/bikes-7681871_1280.jpg","datePublished":"2025-09-08T15:47:22+00:00","dateModified":"2025-09-08T17:43:00+00:00","description":"Visite priv\u00e9e \u00e0 v\u00e9lo \u00e0 travers les sentiers cach\u00e9s de Bangkok. Explorez ses rues gr\u00e2ce \u00e0 cette visite priv\u00e9e d'une journ\u00e9e compl\u00e8te avec un guide et un v\u00e9hicule priv\u00e9.","breadcrumb":{"@id":"https:\/\/tourtravelandmore.com\/fr\/tours\/thailande\/bangkok-fr\/tous-les-circuits-prives\/excursion-privee-a-kanchanaburi-et-a-la-riviere-kwai-au-depart-de-bangkok-copy\/#breadcrumb"},"inLanguage":"fr-FR","potentialAction":[{"@type":"ReadAction","target":["https:\/\/tourtravelandmore.com\/fr\/tours\/thailande\/bangkok-fr\/tous-les-circuits-prives\/excursion-privee-a-kanchanaburi-et-a-la-riviere-kwai-au-depart-de-bangkok-copy\/"]}]},{"@type":"ImageObject","inLanguage":"fr-FR","@id":"https:\/\/tourtravelandmore.com\/fr\/tours\/thailande\/bangkok-fr\/tous-les-circuits-prives\/excursion-privee-a-kanchanaburi-et-a-la-riviere-kwai-au-depart-de-bangkok-copy\/#primaryimage","url":"https:\/\/tourtravelandmore.com\/wp-content\/uploads\/2025\/09\/bikes-7681871_1280.jpg","contentUrl":"https:\/\/tourtravelandmore.com\/wp-content\/uploads\/2025\/09\/bikes-7681871_1280.jpg","width":1280,"height":853},{"@type":"BreadcrumbList","@id":"https:\/\/tourtravelandmore.com\/fr\/tours\/thailande\/bangkok-fr\/tous-les-circuits-prives\/excursion-privee-a-kanchanaburi-et-a-la-riviere-kwai-au-depart-de-bangkok-copy\/#breadcrumb","itemListElement":[{"@type":"ListItem","position":1,"name":"Home","item":"https:\/\/tourtravelandmore.com\/fr\/"},{"@type":"ListItem","position":2,"name":"Tours","item":"https:\/\/tourtravelandmore.com\/fr\/tours\/"},{"@type":"ListItem","position":3,"name":"Visite priv\u00e9e \u00e0 v\u00e9lo \u00e0 travers les sentiers cach\u00e9s de Bangkok"}]},{"@type":"WebSite","@id":"https:\/\/tourtravelandmore.com\/fr\/#website","url":"https:\/\/tourtravelandmore.com\/fr\/","name":"Tour Travel And More","description":"Private sightseeing tours and luxury transfers in Spain","publisher":{"@id":"https:\/\/tourtravelandmore.com\/fr\/#organization"},"potentialAction":[{"@type":"SearchAction","target":{"@type":"EntryPoint","urlTemplate":"https:\/\/tourtravelandmore.com\/fr\/?s={search_term_string}"},"query-input":{"@type":"PropertyValueSpecification","valueRequired":true,"valueName":"search_term_string"}}],"inLanguage":"fr-FR"},{"@type":"Organization","@id":"https:\/\/tourtravelandmore.com\/fr\/#organization","name":"Tour Travel And More","url":"https:\/\/tourtravelandmore.com\/fr\/","logo":{"@type":"ImageObject","inLanguage":"fr-FR","@id":"https:\/\/tourtravelandmore.com\/fr\/#\/schema\/logo\/image\/","url":"https:\/\/tourtravelandmore.com\/wp-content\/uploads\/2022\/12\/cropped-logo-cabecera-new.png","contentUrl":"https:\/\/tourtravelandmore.com\/wp-content\/uploads\/2022\/12\/cropped-logo-cabecera-new.png","width":430,"height":61,"caption":"Tour Travel And More"},"image":{"@id":"https:\/\/tourtravelandmore.com\/fr\/#\/schema\/logo\/image\/"},"sameAs":["https:\/\/www.facebook.com\/tourtravelandmore\/","https:\/\/x.com\/TourTravel_More"]}]}},"_links":{"self":[{"href":"https:\/\/tourtravelandmore.com\/fr\/wp-json\/wp\/v2\/product\/186866","targetHints":{"allow":["GET"]}}],"collection":[{"href":"https:\/\/tourtravelandmore.com\/fr\/wp-json\/wp\/v2\/product"}],"about":[{"href":"https:\/\/tourtravelandmore.com\/fr\/wp-json\/wp\/v2\/types\/product"}],"replies":[{"embeddable":true,"href":"https:\/\/tourtravelandmore.com\/fr\/wp-json\/wp\/v2\/comments?post=186866"}],"wp:featuredmedia":[{"embeddable":true,"href":"https:\/\/tourtravelandmore.com\/fr\/wp-json\/wp\/v2\/media\/186878"}],"wp:attachment":[{"href":"https:\/\/tourtravelandmore.com\/fr\/wp-json\/wp\/v2\/media?parent=186866"}],"wp:term":[{"taxonomy":"product_brand","embeddable":true,"href":"https:\/\/tourtravelandmore.com\/fr\/wp-json\/wp\/v2\/product_brand?post=186866"},{"taxonomy":"product_cat","embeddable":true,"href":"https:\/\/tourtravelandmore.com\/fr\/wp-json\/wp\/v2\/product_cat?post=186866"},{"taxonomy":"product_tag","embeddable":true,"href":"https:\/\/tourtravelandmore.com\/fr\/wp-json\/wp\/v2\/product_tag?post=186866"}],"curies":[{"name":"wp","href":"https:\/\/api.w.org\/{rel}","templated":true}]}}