{"id":186820,"date":"2025-09-08T17:03:36","date_gmt":"2025-09-08T15:03:39","guid":{"rendered":"https:\/\/tourtravelandmore.com\/?post_type=product&#038;p=186820"},"modified":"2025-09-08T17:44:33","modified_gmt":"2025-09-08T15:44:33","slug":"excursion-privee-dune-journee-a-ayutthaya-au-depart-de-bangkok-copy-copy","status":"publish","type":"product","link":"https:\/\/tourtravelandmore.com\/fr\/tours\/thailande\/bangkok-fr\/tous-les-circuits-prives\/excursion-privee-dune-journee-a-ayutthaya-au-depart-de-bangkok-copy-copy\/","title":{"rendered":"Excursion priv\u00e9e \u00e0 Kanchanaburi et \u00e0 la rivi\u00e8re Kwai au d\u00e9part de Bangkok"},"content":{"rendered":"<h2>Description | Excursion priv\u00e9e \u00e0 Kanchanaburi et \u00e0 la rivi\u00e8re Kwai au d\u00e9part de Bangkok<\/h2>\n<p>Embarquez pour un voyage inoubliable avec notre <b>excursion priv\u00e9e d&#8217;une journ\u00e9e \u00e0 Kanchanaburi et \u00e0 la rivi\u00e8re Kwai au d\u00e9part de Bangkok<\/b>. Cette exp\u00e9rience vous emm\u00e8ne au-del\u00e0 de la capitale et vous offre un aper\u00e7u approfondi de l&#8217;histoire de la Tha\u00eflande pendant la guerre et de la beaut\u00e9 de sa nature. Avec votre chauffeur priv\u00e9 et votre guide expert, profitez d&#8217;un trajet confortable de Bangkok \u00e0 Kanchanaburi, o\u00f9 l&#8217;histoire, la culture et des paysages pittoresques vous attendent.<\/p>\n<p>La journ\u00e9e commence par une visite du c\u00e9l\u00e8bre <b>pont sur la rivi\u00e8re Kwai<\/b>, qui fait partie du chemin de fer de la mort construit pendant la Seconde Guerre mondiale. Votre guide vous racontera l&#8217;histoire des prisonniers de guerre alli\u00e9s et vous expliquera l&#8217;impact local de la construction du chemin de fer. Poursuivez votre visite en vous arr\u00eatant au <b>cimeti\u00e8re militaire<\/b> et au <b>mus\u00e9e de la guerre JEATH<\/b>, o\u00f9 vous d\u00e9couvrirez le pass\u00e9 de la r\u00e9gion de mani\u00e8re captivante et instructive.<\/p>\n<p>Apr\u00e8s avoir explor\u00e9 ces sites historiques, d\u00e9tendez-vous en profitant d&#8217;une balade panoramique le long de la rivi\u00e8re Kwai. Selon vos centres d&#8217;int\u00e9r\u00eat, vous pourrez \u00e9galement visiter les march\u00e9s locaux ou profiter du cadre naturel paisible de Kanchanaburi. Cette visite est enti\u00e8rement personnalisable, vous garantissant un \u00e9quilibre parfait entre histoire et loisirs avant de retourner confortablement \u00e0 Bangkok.<\/p>\n<h2>Points forts<\/h2>\n<ul>\n<li><b>Pont sur la rivi\u00e8re Kwai<\/b> : traversez ce site historique et d\u00e9couvrez son importance pendant la Seconde Guerre mondiale.<\/li>\n<li><b>Cimeti\u00e8re militaire<\/b> : rendez hommage aux soldats alli\u00e9s dans ce lieu de m\u00e9moire.<\/li>\n<li><b>Mus\u00e9e de la guerre JEATH<\/b> : d\u00e9couvrez l&#8217;histoire de la guerre \u00e0 travers des expositions poignantes.<\/li>\n<li><b>Route panoramique le long de la rivi\u00e8re<\/b> : profitez de la beaut\u00e9 naturelle le long de la rivi\u00e8re Kwai.<\/li>\n<li><b>Exp\u00e9rience personnalis\u00e9e<\/b> : circuit adapt\u00e9 \u00e0 votre rythme et \u00e0 vos centres d&#8217;int\u00e9r\u00eat.<\/li>\n<\/ul>\n<p>En savoir plus sur le <a href=\"https:\/\/www.tourismthailand.org\/Attraction\/The-Bridge-Over-The-River-Kwai\">pont sur la rivi\u00e8re Kwai<\/a><\/p>\n<p>D\u00e9couvrez d&#8217;autres <a href=\"https:\/\/tourtravelandmore.com\/\">circuits priv\u00e9s \u00e0 Bangkok<\/a><\/p>\n<p>Terminez votre <b>excursion priv\u00e9e d&#8217;une journ\u00e9e \u00e0 Kanchanaburi et \u00e0 la rivi\u00e8re Kwai au d\u00e9part de Bangkok<\/b> avec une connaissance approfondie de l&#8217;histoire et des paysages de la Tha\u00eflande, et cr\u00e9ez des souvenirs qui resteront \u00e0 jamais grav\u00e9s dans votre m\u00e9moire.<\/p>\n","protected":false},"excerpt":{"rendered":"<p>Embarquez pour un voyage inoubliable avec notre <b>excursion priv\u00e9e d&#8217;une journ\u00e9e \u00e0 Kanchanaburi et \u00e0 la rivi\u00e8re Kwai au d\u00e9part de Bangkok<\/b>. Cette exp\u00e9rience vous emm\u00e8ne au-del\u00e0 de la capitale et vous offre un aper\u00e7u approfondi de l&#8217;histoire de la Tha\u00eflande pendant la guerre et de la beaut\u00e9 de sa nature. Avec votre chauffeur priv\u00e9 et votre guide expert, profitez d&#8217;un trajet confortable de Bangkok \u00e0 Kanchanaburi, o\u00f9 l&#8217;histoire, la culture et des paysages pittoresques vous attendent.<\/p>\n","protected":false},"featured_media":186832,"comment_status":"open","ping_status":"closed","template":"","meta":{"_acf_changed":false},"product_brand":[],"product_cat":[5594,5591,5597],"product_tag":[],"class_list":{"0":"post-186820","1":"product","2":"type-product","3":"status-publish","4":"has-post-thumbnail","6":"product_cat-bangkok-fr","7":"product_cat-thailande","8":"product_cat-tous-les-circuits-prives","10":"first","11":"instock","12":"shipping-taxable","13":"purchasable","14":"product-type-simple"},"acf":[],"yoast_head":"<!-- This site is optimized with the Yoast SEO Premium plugin v25.3.1 (Yoast SEO v25.3.1) - https:\/\/yoast.com\/wordpress\/plugins\/seo\/ -->\n<title>Excursion priv\u00e9e \u00e0 Kanchanaburi et \u00e0 la rivi\u00e8re Kwai au d\u00e9part de Bangkok<\/title>\n<meta name=\"description\" content=\"Excursion priv\u00e9e \u00e0 Kanchanaburi et \u00e0 la rivi\u00e8re Kwai au d\u00e9part de Bangkok. Explorez ses rues gr\u00e2ce \u00e0 cette visite priv\u00e9e d&#039;une journ\u00e9e compl\u00e8te avec un guide et un v\u00e9hicule priv\u00e9.\" \/>\n<meta name=\"robots\" content=\"index, follow, max-snippet:-1, max-image-preview:large, max-video-preview:-1\" \/>\n<link rel=\"canonical\" href=\"https:\/\/tourtravelandmore.com\/fr\/tours\/thailande\/bangkok-fr\/tous-les-circuits-prives\/excursion-privee-dune-journee-a-ayutthaya-au-depart-de-bangkok-copy-copy\/\" \/>\n<meta property=\"og:locale\" content=\"fr_FR\" \/>\n<meta property=\"og:type\" content=\"article\" \/>\n<meta property=\"og:title\" content=\"Excursion priv\u00e9e \u00e0 Kanchanaburi et \u00e0 la rivi\u00e8re Kwai au d\u00e9part de Bangkok\" \/>\n<meta property=\"og:description\" content=\"Excursion priv\u00e9e \u00e0 Kanchanaburi et \u00e0 la rivi\u00e8re Kwai au d\u00e9part de Bangkok. Explorez ses rues gr\u00e2ce \u00e0 cette visite priv\u00e9e d&#039;une journ\u00e9e compl\u00e8te avec un guide et un v\u00e9hicule priv\u00e9.\" \/>\n<meta property=\"og:url\" content=\"https:\/\/tourtravelandmore.com\/fr\/tours\/thailande\/bangkok-fr\/tous-les-circuits-prives\/excursion-privee-dune-journee-a-ayutthaya-au-depart-de-bangkok-copy-copy\/\" \/>\n<meta property=\"og:site_name\" content=\"Tour Travel And More\" \/>\n<meta property=\"article:publisher\" content=\"https:\/\/www.facebook.com\/tourtravelandmore\/\" \/>\n<meta property=\"article:modified_time\" content=\"2025-09-08T15:44:33+00:00\" \/>\n<meta property=\"og:image\" content=\"https:\/\/tourtravelandmore.com\/wp-content\/uploads\/2025\/09\/kanchanaburi-2065995_1280.jpg\" \/>\n\t<meta property=\"og:image:width\" content=\"1280\" \/>\n\t<meta property=\"og:image:height\" content=\"720\" \/>\n\t<meta property=\"og:image:type\" content=\"image\/jpeg\" \/>\n<meta name=\"twitter:card\" content=\"summary_large_image\" \/>\n<meta name=\"twitter:site\" content=\"@TourTravel_More\" \/>\n<meta name=\"twitter:label1\" content=\"Dur\u00e9e de lecture estim\u00e9e\" \/>\n\t<meta name=\"twitter:data1\" content=\"2 minutes\" \/>\n<script type=\"application\/ld+json\" class=\"yoast-schema-graph\">{\"@context\":\"https:\/\/schema.org\",\"@graph\":[{\"@type\":\"WebPage\",\"@id\":\"https:\/\/tourtravelandmore.com\/fr\/tours\/thailande\/bangkok-fr\/tous-les-circuits-prives\/excursion-privee-dune-journee-a-ayutthaya-au-depart-de-bangkok-copy-copy\/\",\"url\":\"https:\/\/tourtravelandmore.com\/fr\/tours\/thailande\/bangkok-fr\/tous-les-circuits-prives\/excursion-privee-dune-journee-a-ayutthaya-au-depart-de-bangkok-copy-copy\/\",\"name\":\"Excursion priv\u00e9e \u00e0 Kanchanaburi et \u00e0 la rivi\u00e8re Kwai au d\u00e9part de Bangkok\",\"isPartOf\":{\"@id\":\"https:\/\/tourtravelandmore.com\/fr\/#website\"},\"primaryImageOfPage\":{\"@id\":\"https:\/\/tourtravelandmore.com\/fr\/tours\/thailande\/bangkok-fr\/tous-les-circuits-prives\/excursion-privee-dune-journee-a-ayutthaya-au-depart-de-bangkok-copy-copy\/#primaryimage\"},\"image\":{\"@id\":\"https:\/\/tourtravelandmore.com\/fr\/tours\/thailande\/bangkok-fr\/tous-les-circuits-prives\/excursion-privee-dune-journee-a-ayutthaya-au-depart-de-bangkok-copy-copy\/#primaryimage\"},\"thumbnailUrl\":\"https:\/\/tourtravelandmore.com\/wp-content\/uploads\/2025\/09\/kanchanaburi-2065995_1280.jpg\",\"datePublished\":\"2025-09-08T15:03:39+00:00\",\"dateModified\":\"2025-09-08T15:44:33+00:00\",\"description\":\"Excursion priv\u00e9e \u00e0 Kanchanaburi et \u00e0 la rivi\u00e8re Kwai au d\u00e9part de Bangkok. Explorez ses rues gr\u00e2ce \u00e0 cette visite priv\u00e9e d'une journ\u00e9e compl\u00e8te avec un guide et un v\u00e9hicule priv\u00e9.\",\"breadcrumb\":{\"@id\":\"https:\/\/tourtravelandmore.com\/fr\/tours\/thailande\/bangkok-fr\/tous-les-circuits-prives\/excursion-privee-dune-journee-a-ayutthaya-au-depart-de-bangkok-copy-copy\/#breadcrumb\"},\"inLanguage\":\"fr-FR\",\"potentialAction\":[{\"@type\":\"ReadAction\",\"target\":[\"https:\/\/tourtravelandmore.com\/fr\/tours\/thailande\/bangkok-fr\/tous-les-circuits-prives\/excursion-privee-dune-journee-a-ayutthaya-au-depart-de-bangkok-copy-copy\/\"]}]},{\"@type\":\"ImageObject\",\"inLanguage\":\"fr-FR\",\"@id\":\"https:\/\/tourtravelandmore.com\/fr\/tours\/thailande\/bangkok-fr\/tous-les-circuits-prives\/excursion-privee-dune-journee-a-ayutthaya-au-depart-de-bangkok-copy-copy\/#primaryimage\",\"url\":\"https:\/\/tourtravelandmore.com\/wp-content\/uploads\/2025\/09\/kanchanaburi-2065995_1280.jpg\",\"contentUrl\":\"https:\/\/tourtravelandmore.com\/wp-content\/uploads\/2025\/09\/kanchanaburi-2065995_1280.jpg\",\"width\":1280,\"height\":720},{\"@type\":\"BreadcrumbList\",\"@id\":\"https:\/\/tourtravelandmore.com\/fr\/tours\/thailande\/bangkok-fr\/tous-les-circuits-prives\/excursion-privee-dune-journee-a-ayutthaya-au-depart-de-bangkok-copy-copy\/#breadcrumb\",\"itemListElement\":[{\"@type\":\"ListItem\",\"position\":1,\"name\":\"Home\",\"item\":\"https:\/\/tourtravelandmore.com\/fr\/\"},{\"@type\":\"ListItem\",\"position\":2,\"name\":\"Tours\",\"item\":\"https:\/\/tourtravelandmore.com\/fr\/tours\/\"},{\"@type\":\"ListItem\",\"position\":3,\"name\":\"Excursion priv\u00e9e \u00e0 Kanchanaburi et \u00e0 la rivi\u00e8re Kwai au d\u00e9part de Bangkok\"}]},{\"@type\":\"WebSite\",\"@id\":\"https:\/\/tourtravelandmore.com\/fr\/#website\",\"url\":\"https:\/\/tourtravelandmore.com\/fr\/\",\"name\":\"Tour Travel And More\",\"description\":\"Private sightseeing tours and luxury transfers in Spain\",\"publisher\":{\"@id\":\"https:\/\/tourtravelandmore.com\/fr\/#organization\"},\"potentialAction\":[{\"@type\":\"SearchAction\",\"target\":{\"@type\":\"EntryPoint\",\"urlTemplate\":\"https:\/\/tourtravelandmore.com\/fr\/?s={search_term_string}\"},\"query-input\":{\"@type\":\"PropertyValueSpecification\",\"valueRequired\":true,\"valueName\":\"search_term_string\"}}],\"inLanguage\":\"fr-FR\"},{\"@type\":\"Organization\",\"@id\":\"https:\/\/tourtravelandmore.com\/fr\/#organization\",\"name\":\"Tour Travel And More\",\"url\":\"https:\/\/tourtravelandmore.com\/fr\/\",\"logo\":{\"@type\":\"ImageObject\",\"inLanguage\":\"fr-FR\",\"@id\":\"https:\/\/tourtravelandmore.com\/fr\/#\/schema\/logo\/image\/\",\"url\":\"https:\/\/tourtravelandmore.com\/wp-content\/uploads\/2022\/12\/cropped-logo-cabecera-new.png\",\"contentUrl\":\"https:\/\/tourtravelandmore.com\/wp-content\/uploads\/2022\/12\/cropped-logo-cabecera-new.png\",\"width\":430,\"height\":61,\"caption\":\"Tour Travel And More\"},\"image\":{\"@id\":\"https:\/\/tourtravelandmore.com\/fr\/#\/schema\/logo\/image\/\"},\"sameAs\":[\"https:\/\/www.facebook.com\/tourtravelandmore\/\",\"https:\/\/x.com\/TourTravel_More\"]}]}<\/script>\n<!-- \/ Yoast SEO Premium plugin. -->","yoast_head_json":{"title":"Excursion priv\u00e9e \u00e0 Kanchanaburi et \u00e0 la rivi\u00e8re Kwai au d\u00e9part de Bangkok","description":"Excursion priv\u00e9e \u00e0 Kanchanaburi et \u00e0 la rivi\u00e8re Kwai au d\u00e9part de Bangkok. Explorez ses rues gr\u00e2ce \u00e0 cette visite priv\u00e9e d'une journ\u00e9e compl\u00e8te avec un guide et un v\u00e9hicule priv\u00e9.","robots":{"index":"index","follow":"follow","max-snippet":"max-snippet:-1","max-image-preview":"max-image-preview:large","max-video-preview":"max-video-preview:-1"},"canonical":"https:\/\/tourtravelandmore.com\/fr\/tours\/thailande\/bangkok-fr\/tous-les-circuits-prives\/excursion-privee-dune-journee-a-ayutthaya-au-depart-de-bangkok-copy-copy\/","og_locale":"fr_FR","og_type":"article","og_title":"Excursion priv\u00e9e \u00e0 Kanchanaburi et \u00e0 la rivi\u00e8re Kwai au d\u00e9part de Bangkok","og_description":"Excursion priv\u00e9e \u00e0 Kanchanaburi et \u00e0 la rivi\u00e8re Kwai au d\u00e9part de Bangkok. Explorez ses rues gr\u00e2ce \u00e0 cette visite priv\u00e9e d'une journ\u00e9e compl\u00e8te avec un guide et un v\u00e9hicule priv\u00e9.","og_url":"https:\/\/tourtravelandmore.com\/fr\/tours\/thailande\/bangkok-fr\/tous-les-circuits-prives\/excursion-privee-dune-journee-a-ayutthaya-au-depart-de-bangkok-copy-copy\/","og_site_name":"Tour Travel And More","article_publisher":"https:\/\/www.facebook.com\/tourtravelandmore\/","article_modified_time":"2025-09-08T15:44:33+00:00","og_image":[{"width":1280,"height":720,"url":"https:\/\/tourtravelandmore.com\/wp-content\/uploads\/2025\/09\/kanchanaburi-2065995_1280.jpg","type":"image\/jpeg"}],"twitter_card":"summary_large_image","twitter_site":"@TourTravel_More","twitter_misc":{"Dur\u00e9e de lecture estim\u00e9e":"2 minutes"},"schema":{"@context":"https:\/\/schema.org","@graph":[{"@type":"WebPage","@id":"https:\/\/tourtravelandmore.com\/fr\/tours\/thailande\/bangkok-fr\/tous-les-circuits-prives\/excursion-privee-dune-journee-a-ayutthaya-au-depart-de-bangkok-copy-copy\/","url":"https:\/\/tourtravelandmore.com\/fr\/tours\/thailande\/bangkok-fr\/tous-les-circuits-prives\/excursion-privee-dune-journee-a-ayutthaya-au-depart-de-bangkok-copy-copy\/","name":"Excursion priv\u00e9e \u00e0 Kanchanaburi et \u00e0 la rivi\u00e8re Kwai au d\u00e9part de Bangkok","isPartOf":{"@id":"https:\/\/tourtravelandmore.com\/fr\/#website"},"primaryImageOfPage":{"@id":"https:\/\/tourtravelandmore.com\/fr\/tours\/thailande\/bangkok-fr\/tous-les-circuits-prives\/excursion-privee-dune-journee-a-ayutthaya-au-depart-de-bangkok-copy-copy\/#primaryimage"},"image":{"@id":"https:\/\/tourtravelandmore.com\/fr\/tours\/thailande\/bangkok-fr\/tous-les-circuits-prives\/excursion-privee-dune-journee-a-ayutthaya-au-depart-de-bangkok-copy-copy\/#primaryimage"},"thumbnailUrl":"https:\/\/tourtravelandmore.com\/wp-content\/uploads\/2025\/09\/kanchanaburi-2065995_1280.jpg","datePublished":"2025-09-08T15:03:39+00:00","dateModified":"2025-09-08T15:44:33+00:00","description":"Excursion priv\u00e9e \u00e0 Kanchanaburi et \u00e0 la rivi\u00e8re Kwai au d\u00e9part de Bangkok. Explorez ses rues gr\u00e2ce \u00e0 cette visite priv\u00e9e d'une journ\u00e9e compl\u00e8te avec un guide et un v\u00e9hicule priv\u00e9.","breadcrumb":{"@id":"https:\/\/tourtravelandmore.com\/fr\/tours\/thailande\/bangkok-fr\/tous-les-circuits-prives\/excursion-privee-dune-journee-a-ayutthaya-au-depart-de-bangkok-copy-copy\/#breadcrumb"},"inLanguage":"fr-FR","potentialAction":[{"@type":"ReadAction","target":["https:\/\/tourtravelandmore.com\/fr\/tours\/thailande\/bangkok-fr\/tous-les-circuits-prives\/excursion-privee-dune-journee-a-ayutthaya-au-depart-de-bangkok-copy-copy\/"]}]},{"@type":"ImageObject","inLanguage":"fr-FR","@id":"https:\/\/tourtravelandmore.com\/fr\/tours\/thailande\/bangkok-fr\/tous-les-circuits-prives\/excursion-privee-dune-journee-a-ayutthaya-au-depart-de-bangkok-copy-copy\/#primaryimage","url":"https:\/\/tourtravelandmore.com\/wp-content\/uploads\/2025\/09\/kanchanaburi-2065995_1280.jpg","contentUrl":"https:\/\/tourtravelandmore.com\/wp-content\/uploads\/2025\/09\/kanchanaburi-2065995_1280.jpg","width":1280,"height":720},{"@type":"BreadcrumbList","@id":"https:\/\/tourtravelandmore.com\/fr\/tours\/thailande\/bangkok-fr\/tous-les-circuits-prives\/excursion-privee-dune-journee-a-ayutthaya-au-depart-de-bangkok-copy-copy\/#breadcrumb","itemListElement":[{"@type":"ListItem","position":1,"name":"Home","item":"https:\/\/tourtravelandmore.com\/fr\/"},{"@type":"ListItem","position":2,"name":"Tours","item":"https:\/\/tourtravelandmore.com\/fr\/tours\/"},{"@type":"ListItem","position":3,"name":"Excursion priv\u00e9e \u00e0 Kanchanaburi et \u00e0 la rivi\u00e8re Kwai au d\u00e9part de Bangkok"}]},{"@type":"WebSite","@id":"https:\/\/tourtravelandmore.com\/fr\/#website","url":"https:\/\/tourtravelandmore.com\/fr\/","name":"Tour Travel And More","description":"Private sightseeing tours and luxury transfers in Spain","publisher":{"@id":"https:\/\/tourtravelandmore.com\/fr\/#organization"},"potentialAction":[{"@type":"SearchAction","target":{"@type":"EntryPoint","urlTemplate":"https:\/\/tourtravelandmore.com\/fr\/?s={search_term_string}"},"query-input":{"@type":"PropertyValueSpecification","valueRequired":true,"valueName":"search_term_string"}}],"inLanguage":"fr-FR"},{"@type":"Organization","@id":"https:\/\/tourtravelandmore.com\/fr\/#organization","name":"Tour Travel And More","url":"https:\/\/tourtravelandmore.com\/fr\/","logo":{"@type":"ImageObject","inLanguage":"fr-FR","@id":"https:\/\/tourtravelandmore.com\/fr\/#\/schema\/logo\/image\/","url":"https:\/\/tourtravelandmore.com\/wp-content\/uploads\/2022\/12\/cropped-logo-cabecera-new.png","contentUrl":"https:\/\/tourtravelandmore.com\/wp-content\/uploads\/2022\/12\/cropped-logo-cabecera-new.png","width":430,"height":61,"caption":"Tour Travel And More"},"image":{"@id":"https:\/\/tourtravelandmore.com\/fr\/#\/schema\/logo\/image\/"},"sameAs":["https:\/\/www.facebook.com\/tourtravelandmore\/","https:\/\/x.com\/TourTravel_More"]}]}},"_links":{"self":[{"href":"https:\/\/tourtravelandmore.com\/fr\/wp-json\/wp\/v2\/product\/186820","targetHints":{"allow":["GET"]}}],"collection":[{"href":"https:\/\/tourtravelandmore.com\/fr\/wp-json\/wp\/v2\/product"}],"about":[{"href":"https:\/\/tourtravelandmore.com\/fr\/wp-json\/wp\/v2\/types\/product"}],"replies":[{"embeddable":true,"href":"https:\/\/tourtravelandmore.com\/fr\/wp-json\/wp\/v2\/comments?post=186820"}],"wp:featuredmedia":[{"embeddable":true,"href":"https:\/\/tourtravelandmore.com\/fr\/wp-json\/wp\/v2\/media\/186832"}],"wp:attachment":[{"href":"https:\/\/tourtravelandmore.com\/fr\/wp-json\/wp\/v2\/media?parent=186820"}],"wp:term":[{"taxonomy":"product_brand","embeddable":true,"href":"https:\/\/tourtravelandmore.com\/fr\/wp-json\/wp\/v2\/product_brand?post=186820"},{"taxonomy":"product_cat","embeddable":true,"href":"https:\/\/tourtravelandmore.com\/fr\/wp-json\/wp\/v2\/product_cat?post=186820"},{"taxonomy":"product_tag","embeddable":true,"href":"https:\/\/tourtravelandmore.com\/fr\/wp-json\/wp\/v2\/product_tag?post=186820"}],"curies":[{"name":"wp","href":"https:\/\/api.w.org\/{rel}","templated":true}]}}