{"id":186768,"date":"2025-09-05T19:21:17","date_gmt":"2025-09-05T17:21:24","guid":{"rendered":"https:\/\/tourtravelandmore.com\/?post_type=product&#038;p=186768"},"modified":"2025-09-05T19:36:08","modified_gmt":"2025-09-05T17:36:08","slug":"excursion-privee-dune-journee-a-ayutthaya-au-depart-de-bangkok-copy","status":"publish","type":"product","link":"https:\/\/tourtravelandmore.com\/fr\/tours\/thailande\/bangkok-fr\/tous-les-circuits-prives\/excursion-privee-dune-journee-a-ayutthaya-au-depart-de-bangkok-copy\/","title":{"rendered":"Visite priv\u00e9e du Grand Palais de Bangkok"},"content":{"rendered":"<h2>Description | Visite priv\u00e9e du Grand Palais de Bangkok<\/h2>\n<p>D\u00e9couvrez la grandeur et l&#8217;histoire du monument le plus embl\u00e9matique de Tha\u00eflande gr\u00e2ce \u00e0 notre visite priv\u00e9e du Grand Palais de Bangkok. Cette visite vous permet d&#8217;explorer le complexe du palais avec un guide exp\u00e9riment\u00e9, qui vous fera d\u00e9couvrir ses merveilles architecturales, son histoire royale et son importance culturelle. Votre v\u00e9hicule priv\u00e9 vous garantit un trajet confortable entre votre h\u00f4tel et le Grand Palais, pour une visite sans stress et pratique.<\/p>\n<p>Au cours de la visite, votre guide vous fera d\u00e9couvrir les magnifiques salles et cours, en soulignant les d\u00e9tails complexes de l&#8217;artisanat tha\u00eflandais. Admirez le v\u00e9n\u00e9r\u00e9 Bouddha d&#8217;\u00e9meraude au Wat Phra Kaew, d\u00e9couvrez les c\u00e9r\u00e9monies royales et appr\u00e9ciez le m\u00e9lange \u00e9tonnant d&#8217;influences tha\u00eflandaises et europ\u00e9ennes dans l&#8217;enceinte du palais. L&#8217;exp\u00e9rience est enti\u00e8rement adapt\u00e9e \u00e0 vos int\u00e9r\u00eats, vous laissant le temps de prendre des photos et de vous impr\u00e9gner de la riche histoire \u00e0 votre rythme.<\/p>\n<h2>Points forts<\/h2>\n<ul>\n<li><b>Complexe du Grand Palais<\/b> : explorez les merveilles historiques et architecturales de la r\u00e9sidence royale de Tha\u00eflande.<\/li>\n<li><b>Wat Phra Kaew<\/b> : visitez le Bouddha d&#8217;\u00e9meraude, la statue la plus sacr\u00e9e du pays.<\/li>\n<li><b>Aper\u00e7u culturel<\/b> : d\u00e9couvrez les traditions royales et l&#8217;histoire tha\u00eflandaise gr\u00e2ce \u00e0 votre guide priv\u00e9.<\/li>\n<li><b>Exp\u00e9rience sur mesure<\/b> : visite adapt\u00e9e \u00e0 vos pr\u00e9f\u00e9rences, avec des arr\u00eats photo et des commentaires.<\/li>\n<li><b>V\u00e9hicule priv\u00e9 pratique<\/b> : profitez d&#8217;un transfert en toute tranquillit\u00e9 depuis et vers votre h\u00f4tel.<\/li>\n<\/ul>\n<p>De plus, la visite comprend des informations sur l&#8217;\u00e9volution historique du palais et son r\u00f4le dans la monarchie tha\u00eflandaise. Que ce soit votre premi\u00e8re visite ou un retour, cette visite priv\u00e9e vous offre un aper\u00e7u exclusif du patrimoine royal de Bangkok.<\/p>\n<p>En savoir plus sur le <a href=\"https:\/\/www.tourismthailand.org\/Attraction\/Grand-Palace?utm_source=chatgpt.com\">Grand Palais de Bangkok<\/a><\/p>\n<p>En savoir plus sur les <a href=\"https:\/\/tourtravelandmore.com\/?utm_source=chatgpt.com\">visites priv\u00e9es de Bangkok<\/a><\/p>\n<p>Terminez votre <b>visite priv\u00e9e du Grand Palais de Bangkok<\/b> avec des souvenirs inoubliables de la splendeur royale de la Tha\u00eflande, en profitant d&#8217;un voyage parfaitement adapt\u00e9 \u00e0 vos besoins \u00e0 travers l&#8217;un des sites les plus magnifiques de Bangkok.<\/p>\n","protected":false},"excerpt":{"rendered":"<p>D\u00e9couvrez la grandeur et l&#8217;histoire du monument le plus embl\u00e9matique de Tha\u00eflande gr\u00e2ce \u00e0 notre visite priv\u00e9e du Grand Palais de Bangkok. Cette visite vous permet d&#8217;explorer le complexe du palais avec un guide exp\u00e9riment\u00e9, qui vous fera d\u00e9couvrir ses merveilles architecturales, son histoire royale et son importance culturelle. Votre v\u00e9hicule priv\u00e9 vous garantit un trajet confortable entre votre h\u00f4tel et le Grand Palais, pour une visite sans stress et pratique.<\/p>\n","protected":false},"featured_media":186780,"comment_status":"open","ping_status":"closed","template":"","meta":{"_acf_changed":false},"product_brand":[],"product_cat":[5594,5591,5597],"product_tag":[],"class_list":{"0":"post-186768","1":"product","2":"type-product","3":"status-publish","4":"has-post-thumbnail","6":"product_cat-bangkok-fr","7":"product_cat-thailande","8":"product_cat-tous-les-circuits-prives","10":"first","11":"instock","12":"shipping-taxable","13":"purchasable","14":"product-type-simple"},"acf":[],"yoast_head":"<!-- This site is optimized with the Yoast SEO Premium plugin v25.3.1 (Yoast SEO v25.3.1) - https:\/\/yoast.com\/wordpress\/plugins\/seo\/ -->\n<title>Visite priv\u00e9e du Grand Palais de Bangkok<\/title>\n<meta name=\"description\" content=\"Visite priv\u00e9e du Grand Palais de Bangkok. Explorez ses rues gr\u00e2ce \u00e0 cette visite priv\u00e9e d&#039;une journ\u00e9e compl\u00e8te avec un guide et un v\u00e9hicule priv\u00e9.\" \/>\n<meta name=\"robots\" content=\"index, follow, max-snippet:-1, max-image-preview:large, max-video-preview:-1\" \/>\n<link rel=\"canonical\" href=\"https:\/\/tourtravelandmore.com\/fr\/tours\/thailande\/bangkok-fr\/tous-les-circuits-prives\/excursion-privee-dune-journee-a-ayutthaya-au-depart-de-bangkok-copy\/\" \/>\n<meta property=\"og:locale\" content=\"fr_FR\" \/>\n<meta property=\"og:type\" content=\"article\" \/>\n<meta property=\"og:title\" content=\"Visite priv\u00e9e du Grand Palais de Bangkok\" \/>\n<meta property=\"og:description\" content=\"Visite priv\u00e9e du Grand Palais de Bangkok. Explorez ses rues gr\u00e2ce \u00e0 cette visite priv\u00e9e d&#039;une journ\u00e9e compl\u00e8te avec un guide et un v\u00e9hicule priv\u00e9.\" \/>\n<meta property=\"og:url\" content=\"https:\/\/tourtravelandmore.com\/fr\/tours\/thailande\/bangkok-fr\/tous-les-circuits-prives\/excursion-privee-dune-journee-a-ayutthaya-au-depart-de-bangkok-copy\/\" \/>\n<meta property=\"og:site_name\" content=\"Tour Travel And More\" \/>\n<meta property=\"article:publisher\" content=\"https:\/\/www.facebook.com\/tourtravelandmore\/\" \/>\n<meta property=\"article:modified_time\" content=\"2025-09-05T17:36:08+00:00\" \/>\n<meta property=\"og:image\" content=\"https:\/\/tourtravelandmore.com\/wp-content\/uploads\/2025\/09\/royal-4008917_1280.jpg\" \/>\n\t<meta property=\"og:image:width\" content=\"1280\" \/>\n\t<meta property=\"og:image:height\" content=\"853\" \/>\n\t<meta property=\"og:image:type\" content=\"image\/jpeg\" \/>\n<meta name=\"twitter:card\" content=\"summary_large_image\" \/>\n<meta name=\"twitter:site\" content=\"@TourTravel_More\" \/>\n<meta name=\"twitter:label1\" content=\"Dur\u00e9e de lecture estim\u00e9e\" \/>\n\t<meta name=\"twitter:data1\" content=\"2 minutes\" \/>\n<script type=\"application\/ld+json\" class=\"yoast-schema-graph\">{\"@context\":\"https:\/\/schema.org\",\"@graph\":[{\"@type\":\"WebPage\",\"@id\":\"https:\/\/tourtravelandmore.com\/fr\/tours\/thailande\/bangkok-fr\/tous-les-circuits-prives\/excursion-privee-dune-journee-a-ayutthaya-au-depart-de-bangkok-copy\/\",\"url\":\"https:\/\/tourtravelandmore.com\/fr\/tours\/thailande\/bangkok-fr\/tous-les-circuits-prives\/excursion-privee-dune-journee-a-ayutthaya-au-depart-de-bangkok-copy\/\",\"name\":\"Visite priv\u00e9e du Grand Palais de Bangkok\",\"isPartOf\":{\"@id\":\"https:\/\/tourtravelandmore.com\/fr\/#website\"},\"primaryImageOfPage\":{\"@id\":\"https:\/\/tourtravelandmore.com\/fr\/tours\/thailande\/bangkok-fr\/tous-les-circuits-prives\/excursion-privee-dune-journee-a-ayutthaya-au-depart-de-bangkok-copy\/#primaryimage\"},\"image\":{\"@id\":\"https:\/\/tourtravelandmore.com\/fr\/tours\/thailande\/bangkok-fr\/tous-les-circuits-prives\/excursion-privee-dune-journee-a-ayutthaya-au-depart-de-bangkok-copy\/#primaryimage\"},\"thumbnailUrl\":\"https:\/\/tourtravelandmore.com\/wp-content\/uploads\/2025\/09\/royal-4008917_1280.jpg\",\"datePublished\":\"2025-09-05T17:21:24+00:00\",\"dateModified\":\"2025-09-05T17:36:08+00:00\",\"description\":\"Visite priv\u00e9e du Grand Palais de Bangkok. Explorez ses rues gr\u00e2ce \u00e0 cette visite priv\u00e9e d'une journ\u00e9e compl\u00e8te avec un guide et un v\u00e9hicule priv\u00e9.\",\"breadcrumb\":{\"@id\":\"https:\/\/tourtravelandmore.com\/fr\/tours\/thailande\/bangkok-fr\/tous-les-circuits-prives\/excursion-privee-dune-journee-a-ayutthaya-au-depart-de-bangkok-copy\/#breadcrumb\"},\"inLanguage\":\"fr-FR\",\"potentialAction\":[{\"@type\":\"ReadAction\",\"target\":[\"https:\/\/tourtravelandmore.com\/fr\/tours\/thailande\/bangkok-fr\/tous-les-circuits-prives\/excursion-privee-dune-journee-a-ayutthaya-au-depart-de-bangkok-copy\/\"]}]},{\"@type\":\"ImageObject\",\"inLanguage\":\"fr-FR\",\"@id\":\"https:\/\/tourtravelandmore.com\/fr\/tours\/thailande\/bangkok-fr\/tous-les-circuits-prives\/excursion-privee-dune-journee-a-ayutthaya-au-depart-de-bangkok-copy\/#primaryimage\",\"url\":\"https:\/\/tourtravelandmore.com\/wp-content\/uploads\/2025\/09\/royal-4008917_1280.jpg\",\"contentUrl\":\"https:\/\/tourtravelandmore.com\/wp-content\/uploads\/2025\/09\/royal-4008917_1280.jpg\",\"width\":1280,\"height\":853},{\"@type\":\"BreadcrumbList\",\"@id\":\"https:\/\/tourtravelandmore.com\/fr\/tours\/thailande\/bangkok-fr\/tous-les-circuits-prives\/excursion-privee-dune-journee-a-ayutthaya-au-depart-de-bangkok-copy\/#breadcrumb\",\"itemListElement\":[{\"@type\":\"ListItem\",\"position\":1,\"name\":\"Home\",\"item\":\"https:\/\/tourtravelandmore.com\/fr\/\"},{\"@type\":\"ListItem\",\"position\":2,\"name\":\"Tours\",\"item\":\"https:\/\/tourtravelandmore.com\/fr\/tours\/\"},{\"@type\":\"ListItem\",\"position\":3,\"name\":\"Visite priv\u00e9e du Grand Palais de Bangkok\"}]},{\"@type\":\"WebSite\",\"@id\":\"https:\/\/tourtravelandmore.com\/fr\/#website\",\"url\":\"https:\/\/tourtravelandmore.com\/fr\/\",\"name\":\"Tour Travel And More\",\"description\":\"Private sightseeing tours and luxury transfers in Spain\",\"publisher\":{\"@id\":\"https:\/\/tourtravelandmore.com\/fr\/#organization\"},\"potentialAction\":[{\"@type\":\"SearchAction\",\"target\":{\"@type\":\"EntryPoint\",\"urlTemplate\":\"https:\/\/tourtravelandmore.com\/fr\/?s={search_term_string}\"},\"query-input\":{\"@type\":\"PropertyValueSpecification\",\"valueRequired\":true,\"valueName\":\"search_term_string\"}}],\"inLanguage\":\"fr-FR\"},{\"@type\":\"Organization\",\"@id\":\"https:\/\/tourtravelandmore.com\/fr\/#organization\",\"name\":\"Tour Travel And More\",\"url\":\"https:\/\/tourtravelandmore.com\/fr\/\",\"logo\":{\"@type\":\"ImageObject\",\"inLanguage\":\"fr-FR\",\"@id\":\"https:\/\/tourtravelandmore.com\/fr\/#\/schema\/logo\/image\/\",\"url\":\"https:\/\/tourtravelandmore.com\/wp-content\/uploads\/2022\/12\/cropped-logo-cabecera-new.png\",\"contentUrl\":\"https:\/\/tourtravelandmore.com\/wp-content\/uploads\/2022\/12\/cropped-logo-cabecera-new.png\",\"width\":430,\"height\":61,\"caption\":\"Tour Travel And More\"},\"image\":{\"@id\":\"https:\/\/tourtravelandmore.com\/fr\/#\/schema\/logo\/image\/\"},\"sameAs\":[\"https:\/\/www.facebook.com\/tourtravelandmore\/\",\"https:\/\/x.com\/TourTravel_More\"]}]}<\/script>\n<!-- \/ Yoast SEO Premium plugin. -->","yoast_head_json":{"title":"Visite priv\u00e9e du Grand Palais de Bangkok","description":"Visite priv\u00e9e du Grand Palais de Bangkok. Explorez ses rues gr\u00e2ce \u00e0 cette visite priv\u00e9e d'une journ\u00e9e compl\u00e8te avec un guide et un v\u00e9hicule priv\u00e9.","robots":{"index":"index","follow":"follow","max-snippet":"max-snippet:-1","max-image-preview":"max-image-preview:large","max-video-preview":"max-video-preview:-1"},"canonical":"https:\/\/tourtravelandmore.com\/fr\/tours\/thailande\/bangkok-fr\/tous-les-circuits-prives\/excursion-privee-dune-journee-a-ayutthaya-au-depart-de-bangkok-copy\/","og_locale":"fr_FR","og_type":"article","og_title":"Visite priv\u00e9e du Grand Palais de Bangkok","og_description":"Visite priv\u00e9e du Grand Palais de Bangkok. Explorez ses rues gr\u00e2ce \u00e0 cette visite priv\u00e9e d'une journ\u00e9e compl\u00e8te avec un guide et un v\u00e9hicule priv\u00e9.","og_url":"https:\/\/tourtravelandmore.com\/fr\/tours\/thailande\/bangkok-fr\/tous-les-circuits-prives\/excursion-privee-dune-journee-a-ayutthaya-au-depart-de-bangkok-copy\/","og_site_name":"Tour Travel And More","article_publisher":"https:\/\/www.facebook.com\/tourtravelandmore\/","article_modified_time":"2025-09-05T17:36:08+00:00","og_image":[{"width":1280,"height":853,"url":"https:\/\/tourtravelandmore.com\/wp-content\/uploads\/2025\/09\/royal-4008917_1280.jpg","type":"image\/jpeg"}],"twitter_card":"summary_large_image","twitter_site":"@TourTravel_More","twitter_misc":{"Dur\u00e9e de lecture estim\u00e9e":"2 minutes"},"schema":{"@context":"https:\/\/schema.org","@graph":[{"@type":"WebPage","@id":"https:\/\/tourtravelandmore.com\/fr\/tours\/thailande\/bangkok-fr\/tous-les-circuits-prives\/excursion-privee-dune-journee-a-ayutthaya-au-depart-de-bangkok-copy\/","url":"https:\/\/tourtravelandmore.com\/fr\/tours\/thailande\/bangkok-fr\/tous-les-circuits-prives\/excursion-privee-dune-journee-a-ayutthaya-au-depart-de-bangkok-copy\/","name":"Visite priv\u00e9e du Grand Palais de Bangkok","isPartOf":{"@id":"https:\/\/tourtravelandmore.com\/fr\/#website"},"primaryImageOfPage":{"@id":"https:\/\/tourtravelandmore.com\/fr\/tours\/thailande\/bangkok-fr\/tous-les-circuits-prives\/excursion-privee-dune-journee-a-ayutthaya-au-depart-de-bangkok-copy\/#primaryimage"},"image":{"@id":"https:\/\/tourtravelandmore.com\/fr\/tours\/thailande\/bangkok-fr\/tous-les-circuits-prives\/excursion-privee-dune-journee-a-ayutthaya-au-depart-de-bangkok-copy\/#primaryimage"},"thumbnailUrl":"https:\/\/tourtravelandmore.com\/wp-content\/uploads\/2025\/09\/royal-4008917_1280.jpg","datePublished":"2025-09-05T17:21:24+00:00","dateModified":"2025-09-05T17:36:08+00:00","description":"Visite priv\u00e9e du Grand Palais de Bangkok. Explorez ses rues gr\u00e2ce \u00e0 cette visite priv\u00e9e d'une journ\u00e9e compl\u00e8te avec un guide et un v\u00e9hicule priv\u00e9.","breadcrumb":{"@id":"https:\/\/tourtravelandmore.com\/fr\/tours\/thailande\/bangkok-fr\/tous-les-circuits-prives\/excursion-privee-dune-journee-a-ayutthaya-au-depart-de-bangkok-copy\/#breadcrumb"},"inLanguage":"fr-FR","potentialAction":[{"@type":"ReadAction","target":["https:\/\/tourtravelandmore.com\/fr\/tours\/thailande\/bangkok-fr\/tous-les-circuits-prives\/excursion-privee-dune-journee-a-ayutthaya-au-depart-de-bangkok-copy\/"]}]},{"@type":"ImageObject","inLanguage":"fr-FR","@id":"https:\/\/tourtravelandmore.com\/fr\/tours\/thailande\/bangkok-fr\/tous-les-circuits-prives\/excursion-privee-dune-journee-a-ayutthaya-au-depart-de-bangkok-copy\/#primaryimage","url":"https:\/\/tourtravelandmore.com\/wp-content\/uploads\/2025\/09\/royal-4008917_1280.jpg","contentUrl":"https:\/\/tourtravelandmore.com\/wp-content\/uploads\/2025\/09\/royal-4008917_1280.jpg","width":1280,"height":853},{"@type":"BreadcrumbList","@id":"https:\/\/tourtravelandmore.com\/fr\/tours\/thailande\/bangkok-fr\/tous-les-circuits-prives\/excursion-privee-dune-journee-a-ayutthaya-au-depart-de-bangkok-copy\/#breadcrumb","itemListElement":[{"@type":"ListItem","position":1,"name":"Home","item":"https:\/\/tourtravelandmore.com\/fr\/"},{"@type":"ListItem","position":2,"name":"Tours","item":"https:\/\/tourtravelandmore.com\/fr\/tours\/"},{"@type":"ListItem","position":3,"name":"Visite priv\u00e9e du Grand Palais de Bangkok"}]},{"@type":"WebSite","@id":"https:\/\/tourtravelandmore.com\/fr\/#website","url":"https:\/\/tourtravelandmore.com\/fr\/","name":"Tour Travel And More","description":"Private sightseeing tours and luxury transfers in Spain","publisher":{"@id":"https:\/\/tourtravelandmore.com\/fr\/#organization"},"potentialAction":[{"@type":"SearchAction","target":{"@type":"EntryPoint","urlTemplate":"https:\/\/tourtravelandmore.com\/fr\/?s={search_term_string}"},"query-input":{"@type":"PropertyValueSpecification","valueRequired":true,"valueName":"search_term_string"}}],"inLanguage":"fr-FR"},{"@type":"Organization","@id":"https:\/\/tourtravelandmore.com\/fr\/#organization","name":"Tour Travel And More","url":"https:\/\/tourtravelandmore.com\/fr\/","logo":{"@type":"ImageObject","inLanguage":"fr-FR","@id":"https:\/\/tourtravelandmore.com\/fr\/#\/schema\/logo\/image\/","url":"https:\/\/tourtravelandmore.com\/wp-content\/uploads\/2022\/12\/cropped-logo-cabecera-new.png","contentUrl":"https:\/\/tourtravelandmore.com\/wp-content\/uploads\/2022\/12\/cropped-logo-cabecera-new.png","width":430,"height":61,"caption":"Tour Travel And More"},"image":{"@id":"https:\/\/tourtravelandmore.com\/fr\/#\/schema\/logo\/image\/"},"sameAs":["https:\/\/www.facebook.com\/tourtravelandmore\/","https:\/\/x.com\/TourTravel_More"]}]}},"_links":{"self":[{"href":"https:\/\/tourtravelandmore.com\/fr\/wp-json\/wp\/v2\/product\/186768","targetHints":{"allow":["GET"]}}],"collection":[{"href":"https:\/\/tourtravelandmore.com\/fr\/wp-json\/wp\/v2\/product"}],"about":[{"href":"https:\/\/tourtravelandmore.com\/fr\/wp-json\/wp\/v2\/types\/product"}],"replies":[{"embeddable":true,"href":"https:\/\/tourtravelandmore.com\/fr\/wp-json\/wp\/v2\/comments?post=186768"}],"wp:featuredmedia":[{"embeddable":true,"href":"https:\/\/tourtravelandmore.com\/fr\/wp-json\/wp\/v2\/media\/186780"}],"wp:attachment":[{"href":"https:\/\/tourtravelandmore.com\/fr\/wp-json\/wp\/v2\/media?parent=186768"}],"wp:term":[{"taxonomy":"product_brand","embeddable":true,"href":"https:\/\/tourtravelandmore.com\/fr\/wp-json\/wp\/v2\/product_brand?post=186768"},{"taxonomy":"product_cat","embeddable":true,"href":"https:\/\/tourtravelandmore.com\/fr\/wp-json\/wp\/v2\/product_cat?post=186768"},{"taxonomy":"product_tag","embeddable":true,"href":"https:\/\/tourtravelandmore.com\/fr\/wp-json\/wp\/v2\/product_tag?post=186768"}],"curies":[{"name":"wp","href":"https:\/\/api.w.org\/{rel}","templated":true}]}}