{"id":186716,"date":"2025-09-05T18:46:27","date_gmt":"2025-09-05T16:46:31","guid":{"rendered":"https:\/\/tourtravelandmore.com\/?post_type=product&#038;p=186716"},"modified":"2025-09-05T19:20:54","modified_gmt":"2025-09-05T17:20:54","slug":"visite-privee-des-incontournables-de-bangkok-grand-palais-wat-phra-kaew-et-wat-pho-copy-2","status":"publish","type":"product","link":"https:\/\/tourtravelandmore.com\/fr\/tours\/thailande\/bangkok-fr\/tous-les-circuits-prives\/visite-privee-des-incontournables-de-bangkok-grand-palais-wat-phra-kaew-et-wat-pho-copy-2\/","title":{"rendered":"Excursion priv\u00e9e d&#8217;une journ\u00e9e \u00e0 Ayutthaya au d\u00e9part de Bangkok"},"content":{"rendered":"<h2>Description | Excursion priv\u00e9e d&#8217;une journ\u00e9e \u00e0 Ayutthaya au d\u00e9part de Bangkok<\/h2>\n<p>D\u00e9couvrez le riche patrimoine de la Tha\u00eflande gr\u00e2ce \u00e0 notre excursion priv\u00e9e d&#8217;une journ\u00e9e \u00e0 Ayutthaya au d\u00e9part de Bangkok. Cette excursion d&#8217;une journ\u00e9e compl\u00e8te allie confort, culture et histoire, avec un v\u00e9hicule priv\u00e9 et un guide expert qui vous garantissent un voyage sans encombre. Vous quitterez Bangkok dans la matin\u00e9e pour vous rendre dans l&#8217;ancienne capitale, situ\u00e9e au nord, r\u00e9put\u00e9e pour ses temples, ses palais et ses paysages riverains exceptionnels.<\/p>\n<p>\u00c0 votre arriv\u00e9e, votre guide adaptera la visite \u00e0 vos centres d&#8217;int\u00e9r\u00eat et vous donnera un aper\u00e7u de l&#8217;essor d&#8217;Ayutthaya en tant que centre commercial et culturel majeur. Vous explorerez des ruines embl\u00e9matiques telles que Wat Mahathat, avec sa c\u00e9l\u00e8bre t\u00eate de Bouddha enlac\u00e9e par les racines d&#8217;un arbre, et Wat Phra Si Sanphet, l&#8217;ancien temple royal. En chemin, vous d\u00e9couvrirez les styles architecturaux de la ville, les l\u00e9gendes locales et l&#8217;importance historique de la ville.<\/p>\n<h2>Points forts | Excursion priv\u00e9e d&#8217;une journ\u00e9e \u00e0 Ayutthaya au d\u00e9part de Bangkok<\/h2>\n<ul>\n<li><b>Wat Mahathat<\/b> : temple embl\u00e9matique avec la c\u00e9l\u00e8bre t\u00eate de Bouddha enlac\u00e9e par les racines d&#8217;un arbre.<\/li>\n<li><b>Wat Phra Si Sanphet<\/b> : ancien temple royal pr\u00e9sentant une architecture tha\u00eflandaise classique.<\/li>\n<li><b>Vues sur les berges<\/b> : vue panoramique sur Ayutthaya le long du Chao Phraya.<\/li>\n<li><b>Aper\u00e7u culturel<\/b> : d\u00e9couvrez l&#8217;histoire et les l\u00e9gendes locales gr\u00e2ce \u00e0 votre guide priv\u00e9.<\/li>\n<li><b>Itin\u00e9raire flexible<\/b> : visite personnalis\u00e9e selon vos pr\u00e9f\u00e9rences.<\/li>\n<\/ul>\n<p>De plus, la visite comprend des trajets panoramiques \u00e0 travers les villages locaux et les paysages luxuriants, offrant un aper\u00e7u de la vie quotidienne en dehors de Bangkok. Les visiteurs peuvent profiter d&#8217;arr\u00eats photo dans des endroits pittoresques et de courtes promenades facultatives \u00e0 travers les ruines anciennes. Cette exp\u00e9rience est donc parfaite pour les passionn\u00e9s d&#8217;histoire, les explorateurs culturels et les familles qui souhaitent s&#8217;immerger dans le patrimoine tha\u00eflandais.<\/p>\n<p>&nbsp;<\/p>\n<p>En savoir plus sur le parc historique d&#8217;Ayutthaya<\/p>\n<p>En savoir plus sur les <a href=\"https:\/\/tourtravelandmore.com\/?utm_source=chatgpt.com\">visites priv\u00e9es de Bangkok<\/a><\/p>\n<p>Terminez votre <b>excursion priv\u00e9e d&#8217;une journ\u00e9e \u00e0 Ayutthaya au d\u00e9part de Bangkok<\/b> avec des souvenirs inoubliables de l&#8217;histoire remarquable et de la culture dynamique de la Tha\u00eflande, en combinant confort, connaissances et beaut\u00e9 des paysages lors d&#8217;un voyage parfaitement adapt\u00e9.<\/p>\n","protected":false},"excerpt":{"rendered":"<p>D\u00e9couvrez le riche patrimoine de la Tha\u00eflande gr\u00e2ce \u00e0 notre excursion priv\u00e9e d&#8217;une journ\u00e9e \u00e0 Ayutthaya au d\u00e9part de Bangkok. Cette excursion d&#8217;une journ\u00e9e compl\u00e8te allie confort, culture et histoire, avec un v\u00e9hicule priv\u00e9 et un guide expert qui vous garantissent un voyage sans encombre. Vous quitterez Bangkok dans la matin\u00e9e pour vous rendre dans l&#8217;ancienne capitale, situ\u00e9e au nord, r\u00e9put\u00e9e pour ses temples, ses palais et ses paysages riverains exceptionnels.<\/p>\n","protected":false},"featured_media":186728,"comment_status":"open","ping_status":"closed","template":"","meta":{"_acf_changed":false},"product_brand":[],"product_cat":[5594,5591,5597],"product_tag":[],"class_list":{"0":"post-186716","1":"product","2":"type-product","3":"status-publish","4":"has-post-thumbnail","6":"product_cat-bangkok-fr","7":"product_cat-thailande","8":"product_cat-tous-les-circuits-prives","10":"first","11":"instock","12":"shipping-taxable","13":"purchasable","14":"product-type-simple"},"acf":[],"yoast_head":"<!-- This site is optimized with the Yoast SEO Premium plugin v25.3.1 (Yoast SEO v25.3.1) - https:\/\/yoast.com\/wordpress\/plugins\/seo\/ -->\n<title>Excursion priv\u00e9e d&#039;une journ\u00e9e \u00e0 Ayutthaya au d\u00e9part de Bangkok<\/title>\n<meta name=\"description\" content=\"Excursion priv\u00e9e d&#039;une journ\u00e9e \u00e0 Ayutthaya au d\u00e9part de Bangkok. Explorez ses rues gr\u00e2ce \u00e0 cette visite priv\u00e9e d&#039;une journ\u00e9e compl\u00e8te avec un guide et un v\u00e9hicule priv\u00e9.\" \/>\n<meta name=\"robots\" content=\"index, follow, max-snippet:-1, max-image-preview:large, max-video-preview:-1\" \/>\n<link rel=\"canonical\" href=\"https:\/\/tourtravelandmore.com\/fr\/tours\/thailande\/bangkok-fr\/tous-les-circuits-prives\/visite-privee-des-incontournables-de-bangkok-grand-palais-wat-phra-kaew-et-wat-pho-copy-2\/\" \/>\n<meta property=\"og:locale\" content=\"fr_FR\" \/>\n<meta property=\"og:type\" content=\"article\" \/>\n<meta property=\"og:title\" content=\"Excursion priv\u00e9e d&#039;une journ\u00e9e \u00e0 Ayutthaya au d\u00e9part de Bangkok\" \/>\n<meta property=\"og:description\" content=\"Excursion priv\u00e9e d&#039;une journ\u00e9e \u00e0 Ayutthaya au d\u00e9part de Bangkok. Explorez ses rues gr\u00e2ce \u00e0 cette visite priv\u00e9e d&#039;une journ\u00e9e compl\u00e8te avec un guide et un v\u00e9hicule priv\u00e9.\" \/>\n<meta property=\"og:url\" content=\"https:\/\/tourtravelandmore.com\/fr\/tours\/thailande\/bangkok-fr\/tous-les-circuits-prives\/visite-privee-des-incontournables-de-bangkok-grand-palais-wat-phra-kaew-et-wat-pho-copy-2\/\" \/>\n<meta property=\"og:site_name\" content=\"Tour Travel And More\" \/>\n<meta property=\"article:publisher\" content=\"https:\/\/www.facebook.com\/tourtravelandmore\/\" \/>\n<meta property=\"article:modified_time\" content=\"2025-09-05T17:20:54+00:00\" \/>\n<meta property=\"og:image\" content=\"https:\/\/tourtravelandmore.com\/wp-content\/uploads\/2025\/09\/phra-nakhon-si-ayutthaya-1822502_1280.jpg\" \/>\n\t<meta property=\"og:image:width\" content=\"1280\" \/>\n\t<meta property=\"og:image:height\" content=\"853\" \/>\n\t<meta property=\"og:image:type\" content=\"image\/jpeg\" \/>\n<meta name=\"twitter:card\" content=\"summary_large_image\" \/>\n<meta name=\"twitter:site\" content=\"@TourTravel_More\" \/>\n<meta name=\"twitter:label1\" content=\"Dur\u00e9e de lecture estim\u00e9e\" \/>\n\t<meta name=\"twitter:data1\" content=\"2 minutes\" \/>\n<script type=\"application\/ld+json\" class=\"yoast-schema-graph\">{\"@context\":\"https:\/\/schema.org\",\"@graph\":[{\"@type\":\"WebPage\",\"@id\":\"https:\/\/tourtravelandmore.com\/fr\/tours\/thailande\/bangkok-fr\/tous-les-circuits-prives\/visite-privee-des-incontournables-de-bangkok-grand-palais-wat-phra-kaew-et-wat-pho-copy-2\/\",\"url\":\"https:\/\/tourtravelandmore.com\/fr\/tours\/thailande\/bangkok-fr\/tous-les-circuits-prives\/visite-privee-des-incontournables-de-bangkok-grand-palais-wat-phra-kaew-et-wat-pho-copy-2\/\",\"name\":\"Excursion priv\u00e9e d'une journ\u00e9e \u00e0 Ayutthaya au d\u00e9part de Bangkok\",\"isPartOf\":{\"@id\":\"https:\/\/tourtravelandmore.com\/fr\/#website\"},\"primaryImageOfPage\":{\"@id\":\"https:\/\/tourtravelandmore.com\/fr\/tours\/thailande\/bangkok-fr\/tous-les-circuits-prives\/visite-privee-des-incontournables-de-bangkok-grand-palais-wat-phra-kaew-et-wat-pho-copy-2\/#primaryimage\"},\"image\":{\"@id\":\"https:\/\/tourtravelandmore.com\/fr\/tours\/thailande\/bangkok-fr\/tous-les-circuits-prives\/visite-privee-des-incontournables-de-bangkok-grand-palais-wat-phra-kaew-et-wat-pho-copy-2\/#primaryimage\"},\"thumbnailUrl\":\"https:\/\/tourtravelandmore.com\/wp-content\/uploads\/2025\/09\/phra-nakhon-si-ayutthaya-1822502_1280.jpg\",\"datePublished\":\"2025-09-05T16:46:31+00:00\",\"dateModified\":\"2025-09-05T17:20:54+00:00\",\"description\":\"Excursion priv\u00e9e d'une journ\u00e9e \u00e0 Ayutthaya au d\u00e9part de Bangkok. Explorez ses rues gr\u00e2ce \u00e0 cette visite priv\u00e9e d'une journ\u00e9e compl\u00e8te avec un guide et un v\u00e9hicule priv\u00e9.\",\"breadcrumb\":{\"@id\":\"https:\/\/tourtravelandmore.com\/fr\/tours\/thailande\/bangkok-fr\/tous-les-circuits-prives\/visite-privee-des-incontournables-de-bangkok-grand-palais-wat-phra-kaew-et-wat-pho-copy-2\/#breadcrumb\"},\"inLanguage\":\"fr-FR\",\"potentialAction\":[{\"@type\":\"ReadAction\",\"target\":[\"https:\/\/tourtravelandmore.com\/fr\/tours\/thailande\/bangkok-fr\/tous-les-circuits-prives\/visite-privee-des-incontournables-de-bangkok-grand-palais-wat-phra-kaew-et-wat-pho-copy-2\/\"]}]},{\"@type\":\"ImageObject\",\"inLanguage\":\"fr-FR\",\"@id\":\"https:\/\/tourtravelandmore.com\/fr\/tours\/thailande\/bangkok-fr\/tous-les-circuits-prives\/visite-privee-des-incontournables-de-bangkok-grand-palais-wat-phra-kaew-et-wat-pho-copy-2\/#primaryimage\",\"url\":\"https:\/\/tourtravelandmore.com\/wp-content\/uploads\/2025\/09\/phra-nakhon-si-ayutthaya-1822502_1280.jpg\",\"contentUrl\":\"https:\/\/tourtravelandmore.com\/wp-content\/uploads\/2025\/09\/phra-nakhon-si-ayutthaya-1822502_1280.jpg\",\"width\":1280,\"height\":853},{\"@type\":\"BreadcrumbList\",\"@id\":\"https:\/\/tourtravelandmore.com\/fr\/tours\/thailande\/bangkok-fr\/tous-les-circuits-prives\/visite-privee-des-incontournables-de-bangkok-grand-palais-wat-phra-kaew-et-wat-pho-copy-2\/#breadcrumb\",\"itemListElement\":[{\"@type\":\"ListItem\",\"position\":1,\"name\":\"Home\",\"item\":\"https:\/\/tourtravelandmore.com\/fr\/\"},{\"@type\":\"ListItem\",\"position\":2,\"name\":\"Tours\",\"item\":\"https:\/\/tourtravelandmore.com\/fr\/tours\/\"},{\"@type\":\"ListItem\",\"position\":3,\"name\":\"Excursion priv\u00e9e d&#8217;une journ\u00e9e \u00e0 Ayutthaya au d\u00e9part de Bangkok\"}]},{\"@type\":\"WebSite\",\"@id\":\"https:\/\/tourtravelandmore.com\/fr\/#website\",\"url\":\"https:\/\/tourtravelandmore.com\/fr\/\",\"name\":\"Tour Travel And More\",\"description\":\"Private sightseeing tours and luxury transfers in Spain\",\"publisher\":{\"@id\":\"https:\/\/tourtravelandmore.com\/fr\/#organization\"},\"potentialAction\":[{\"@type\":\"SearchAction\",\"target\":{\"@type\":\"EntryPoint\",\"urlTemplate\":\"https:\/\/tourtravelandmore.com\/fr\/?s={search_term_string}\"},\"query-input\":{\"@type\":\"PropertyValueSpecification\",\"valueRequired\":true,\"valueName\":\"search_term_string\"}}],\"inLanguage\":\"fr-FR\"},{\"@type\":\"Organization\",\"@id\":\"https:\/\/tourtravelandmore.com\/fr\/#organization\",\"name\":\"Tour Travel And More\",\"url\":\"https:\/\/tourtravelandmore.com\/fr\/\",\"logo\":{\"@type\":\"ImageObject\",\"inLanguage\":\"fr-FR\",\"@id\":\"https:\/\/tourtravelandmore.com\/fr\/#\/schema\/logo\/image\/\",\"url\":\"https:\/\/tourtravelandmore.com\/wp-content\/uploads\/2022\/12\/cropped-logo-cabecera-new.png\",\"contentUrl\":\"https:\/\/tourtravelandmore.com\/wp-content\/uploads\/2022\/12\/cropped-logo-cabecera-new.png\",\"width\":430,\"height\":61,\"caption\":\"Tour Travel And More\"},\"image\":{\"@id\":\"https:\/\/tourtravelandmore.com\/fr\/#\/schema\/logo\/image\/\"},\"sameAs\":[\"https:\/\/www.facebook.com\/tourtravelandmore\/\",\"https:\/\/x.com\/TourTravel_More\"]}]}<\/script>\n<!-- \/ Yoast SEO Premium plugin. -->","yoast_head_json":{"title":"Excursion priv\u00e9e d'une journ\u00e9e \u00e0 Ayutthaya au d\u00e9part de Bangkok","description":"Excursion priv\u00e9e d'une journ\u00e9e \u00e0 Ayutthaya au d\u00e9part de Bangkok. Explorez ses rues gr\u00e2ce \u00e0 cette visite priv\u00e9e d'une journ\u00e9e compl\u00e8te avec un guide et un v\u00e9hicule priv\u00e9.","robots":{"index":"index","follow":"follow","max-snippet":"max-snippet:-1","max-image-preview":"max-image-preview:large","max-video-preview":"max-video-preview:-1"},"canonical":"https:\/\/tourtravelandmore.com\/fr\/tours\/thailande\/bangkok-fr\/tous-les-circuits-prives\/visite-privee-des-incontournables-de-bangkok-grand-palais-wat-phra-kaew-et-wat-pho-copy-2\/","og_locale":"fr_FR","og_type":"article","og_title":"Excursion priv\u00e9e d'une journ\u00e9e \u00e0 Ayutthaya au d\u00e9part de Bangkok","og_description":"Excursion priv\u00e9e d'une journ\u00e9e \u00e0 Ayutthaya au d\u00e9part de Bangkok. Explorez ses rues gr\u00e2ce \u00e0 cette visite priv\u00e9e d'une journ\u00e9e compl\u00e8te avec un guide et un v\u00e9hicule priv\u00e9.","og_url":"https:\/\/tourtravelandmore.com\/fr\/tours\/thailande\/bangkok-fr\/tous-les-circuits-prives\/visite-privee-des-incontournables-de-bangkok-grand-palais-wat-phra-kaew-et-wat-pho-copy-2\/","og_site_name":"Tour Travel And More","article_publisher":"https:\/\/www.facebook.com\/tourtravelandmore\/","article_modified_time":"2025-09-05T17:20:54+00:00","og_image":[{"width":1280,"height":853,"url":"https:\/\/tourtravelandmore.com\/wp-content\/uploads\/2025\/09\/phra-nakhon-si-ayutthaya-1822502_1280.jpg","type":"image\/jpeg"}],"twitter_card":"summary_large_image","twitter_site":"@TourTravel_More","twitter_misc":{"Dur\u00e9e de lecture estim\u00e9e":"2 minutes"},"schema":{"@context":"https:\/\/schema.org","@graph":[{"@type":"WebPage","@id":"https:\/\/tourtravelandmore.com\/fr\/tours\/thailande\/bangkok-fr\/tous-les-circuits-prives\/visite-privee-des-incontournables-de-bangkok-grand-palais-wat-phra-kaew-et-wat-pho-copy-2\/","url":"https:\/\/tourtravelandmore.com\/fr\/tours\/thailande\/bangkok-fr\/tous-les-circuits-prives\/visite-privee-des-incontournables-de-bangkok-grand-palais-wat-phra-kaew-et-wat-pho-copy-2\/","name":"Excursion priv\u00e9e d'une journ\u00e9e \u00e0 Ayutthaya au d\u00e9part de Bangkok","isPartOf":{"@id":"https:\/\/tourtravelandmore.com\/fr\/#website"},"primaryImageOfPage":{"@id":"https:\/\/tourtravelandmore.com\/fr\/tours\/thailande\/bangkok-fr\/tous-les-circuits-prives\/visite-privee-des-incontournables-de-bangkok-grand-palais-wat-phra-kaew-et-wat-pho-copy-2\/#primaryimage"},"image":{"@id":"https:\/\/tourtravelandmore.com\/fr\/tours\/thailande\/bangkok-fr\/tous-les-circuits-prives\/visite-privee-des-incontournables-de-bangkok-grand-palais-wat-phra-kaew-et-wat-pho-copy-2\/#primaryimage"},"thumbnailUrl":"https:\/\/tourtravelandmore.com\/wp-content\/uploads\/2025\/09\/phra-nakhon-si-ayutthaya-1822502_1280.jpg","datePublished":"2025-09-05T16:46:31+00:00","dateModified":"2025-09-05T17:20:54+00:00","description":"Excursion priv\u00e9e d'une journ\u00e9e \u00e0 Ayutthaya au d\u00e9part de Bangkok. Explorez ses rues gr\u00e2ce \u00e0 cette visite priv\u00e9e d'une journ\u00e9e compl\u00e8te avec un guide et un v\u00e9hicule priv\u00e9.","breadcrumb":{"@id":"https:\/\/tourtravelandmore.com\/fr\/tours\/thailande\/bangkok-fr\/tous-les-circuits-prives\/visite-privee-des-incontournables-de-bangkok-grand-palais-wat-phra-kaew-et-wat-pho-copy-2\/#breadcrumb"},"inLanguage":"fr-FR","potentialAction":[{"@type":"ReadAction","target":["https:\/\/tourtravelandmore.com\/fr\/tours\/thailande\/bangkok-fr\/tous-les-circuits-prives\/visite-privee-des-incontournables-de-bangkok-grand-palais-wat-phra-kaew-et-wat-pho-copy-2\/"]}]},{"@type":"ImageObject","inLanguage":"fr-FR","@id":"https:\/\/tourtravelandmore.com\/fr\/tours\/thailande\/bangkok-fr\/tous-les-circuits-prives\/visite-privee-des-incontournables-de-bangkok-grand-palais-wat-phra-kaew-et-wat-pho-copy-2\/#primaryimage","url":"https:\/\/tourtravelandmore.com\/wp-content\/uploads\/2025\/09\/phra-nakhon-si-ayutthaya-1822502_1280.jpg","contentUrl":"https:\/\/tourtravelandmore.com\/wp-content\/uploads\/2025\/09\/phra-nakhon-si-ayutthaya-1822502_1280.jpg","width":1280,"height":853},{"@type":"BreadcrumbList","@id":"https:\/\/tourtravelandmore.com\/fr\/tours\/thailande\/bangkok-fr\/tous-les-circuits-prives\/visite-privee-des-incontournables-de-bangkok-grand-palais-wat-phra-kaew-et-wat-pho-copy-2\/#breadcrumb","itemListElement":[{"@type":"ListItem","position":1,"name":"Home","item":"https:\/\/tourtravelandmore.com\/fr\/"},{"@type":"ListItem","position":2,"name":"Tours","item":"https:\/\/tourtravelandmore.com\/fr\/tours\/"},{"@type":"ListItem","position":3,"name":"Excursion priv\u00e9e d&#8217;une journ\u00e9e \u00e0 Ayutthaya au d\u00e9part de Bangkok"}]},{"@type":"WebSite","@id":"https:\/\/tourtravelandmore.com\/fr\/#website","url":"https:\/\/tourtravelandmore.com\/fr\/","name":"Tour Travel And More","description":"Private sightseeing tours and luxury transfers in Spain","publisher":{"@id":"https:\/\/tourtravelandmore.com\/fr\/#organization"},"potentialAction":[{"@type":"SearchAction","target":{"@type":"EntryPoint","urlTemplate":"https:\/\/tourtravelandmore.com\/fr\/?s={search_term_string}"},"query-input":{"@type":"PropertyValueSpecification","valueRequired":true,"valueName":"search_term_string"}}],"inLanguage":"fr-FR"},{"@type":"Organization","@id":"https:\/\/tourtravelandmore.com\/fr\/#organization","name":"Tour Travel And More","url":"https:\/\/tourtravelandmore.com\/fr\/","logo":{"@type":"ImageObject","inLanguage":"fr-FR","@id":"https:\/\/tourtravelandmore.com\/fr\/#\/schema\/logo\/image\/","url":"https:\/\/tourtravelandmore.com\/wp-content\/uploads\/2022\/12\/cropped-logo-cabecera-new.png","contentUrl":"https:\/\/tourtravelandmore.com\/wp-content\/uploads\/2022\/12\/cropped-logo-cabecera-new.png","width":430,"height":61,"caption":"Tour Travel And More"},"image":{"@id":"https:\/\/tourtravelandmore.com\/fr\/#\/schema\/logo\/image\/"},"sameAs":["https:\/\/www.facebook.com\/tourtravelandmore\/","https:\/\/x.com\/TourTravel_More"]}]}},"_links":{"self":[{"href":"https:\/\/tourtravelandmore.com\/fr\/wp-json\/wp\/v2\/product\/186716","targetHints":{"allow":["GET"]}}],"collection":[{"href":"https:\/\/tourtravelandmore.com\/fr\/wp-json\/wp\/v2\/product"}],"about":[{"href":"https:\/\/tourtravelandmore.com\/fr\/wp-json\/wp\/v2\/types\/product"}],"replies":[{"embeddable":true,"href":"https:\/\/tourtravelandmore.com\/fr\/wp-json\/wp\/v2\/comments?post=186716"}],"wp:featuredmedia":[{"embeddable":true,"href":"https:\/\/tourtravelandmore.com\/fr\/wp-json\/wp\/v2\/media\/186728"}],"wp:attachment":[{"href":"https:\/\/tourtravelandmore.com\/fr\/wp-json\/wp\/v2\/media?parent=186716"}],"wp:term":[{"taxonomy":"product_brand","embeddable":true,"href":"https:\/\/tourtravelandmore.com\/fr\/wp-json\/wp\/v2\/product_brand?post=186716"},{"taxonomy":"product_cat","embeddable":true,"href":"https:\/\/tourtravelandmore.com\/fr\/wp-json\/wp\/v2\/product_cat?post=186716"},{"taxonomy":"product_tag","embeddable":true,"href":"https:\/\/tourtravelandmore.com\/fr\/wp-json\/wp\/v2\/product_tag?post=186716"}],"curies":[{"name":"wp","href":"https:\/\/api.w.org\/{rel}","templated":true}]}}