{"id":186649,"date":"2025-09-01T17:36:18","date_gmt":"2025-09-01T15:36:22","guid":{"rendered":"https:\/\/tourtravelandmore.com\/?post_type=product&#038;p=186649"},"modified":"2025-09-01T18:22:53","modified_gmt":"2025-09-01T16:22:53","slug":"visite-privee-du-marche-ferroviaire-de-maeklong-et-des-marches-flottants-copy","status":"publish","type":"product","link":"https:\/\/tourtravelandmore.com\/fr\/tours\/thailande\/bangkok-fr\/tous-les-circuits-prives\/visite-privee-du-marche-ferroviaire-de-maeklong-et-des-marches-flottants-copy\/","title":{"rendered":"Croisi\u00e8re priv\u00e9e sur le fleuve \u00e0 Bangkok"},"content":{"rendered":"<h2>Description | Croisi\u00e8re priv\u00e9e sur le fleuve \u00e0 Bangkok<\/h2>\n<p>D\u00e9couvrez la beaut\u00e9 vibrante de la capitale tha\u00eflandaise sous un angle unique gr\u00e2ce \u00e0 notre <b>croisi\u00e8re priv\u00e9e sur le fleuve \u00e0 Bangkok<\/b>. Ce voyage de deux heures le long du c\u00e9l\u00e8bre fleuve Chao Phraya vous permettra d&#8217;admirer la silhouette de la ville, ses temples historiques et la vie quotidienne sur l&#8217;eau. Le tout dans le plus grand confort, avec un transfert priv\u00e9 inclus.<\/p>\n<p>Votre guide vous accompagnera jusqu&#8217;\u00e0 l&#8217;embarcad\u00e8re, o\u00f9 vous monterez \u00e0 bord d&#8217;un bateau de croisi\u00e8re public traditionnel. En descendant le fleuve, admirez les contrastes saisissants entre les gratte-ciel modernes et les monuments anciens tels que le Wat Arun, le Temple de l&#8217;Aube. Le fleuve est depuis longtemps au c\u0153ur de la culture de Bangkok, et cette exp\u00e9rience vous permettra de d\u00e9couvrir de plus pr\u00e8s son patrimoine et son charme.<\/p>\n<h2>Points forts<\/h2>\n<ul>\n<li><a href=\"https:\/\/www.tourismthailand.org\/Attraction\/Chao-Phraya-River?utm_source=chatgpt.com\"><b>Fleuve Chao Phraya<\/b><\/a> : admirez la voie navigable la plus c\u00e9l\u00e8bre de Bangkok sous un nouvel angle.<\/li>\n<li><b>Wat Arun<\/b> : contemplez le magnifique Temple de l&#8217;Aube qui s&#8217;\u00e9l\u00e8ve le long de la rive.<\/li>\n<li><b>Exp\u00e9rience culturelle<\/b> : Observez la vie quotidienne des habitants le long des canaux.<\/li>\n<li><b>Service irr\u00e9prochable<\/b> : Comprend le transfert priv\u00e9 et les services d&#8217;un guide exp\u00e9riment\u00e9.<\/li>\n<\/ul>\n<p>Enfin, cette <b>croisi\u00e8re priv\u00e9e sur le fleuve \u00e0 Bangkok<\/b> allie d\u00e9tente et d\u00e9couverte, offrant une fa\u00e7on paisible et inspirante d&#8217;explorer la capitale. Que ce soit la beaut\u00e9 architecturale, l&#8217;atmosph\u00e8re anim\u00e9e au bord du fleuve ou les informations culturelles fournies par votre guide, chaque instant vous laissera un souvenir imp\u00e9rissable.<\/p>\n<p>Nous adapterons le rythme \u00e0 vos pr\u00e9f\u00e9rences, afin de vous garantir une visite enrichissante de chaque attraction. Pour ceux qui souhaitent prolonger leur s\u00e9jour \u00e0 Bangkok, nous vous invitons \u00e0 d\u00e9couvrir nos autres <a href=\"https:\/\/tourtravelandmore.com\/?utm_source=chatgpt.com\">visites priv\u00e9es de Bangkok<\/a> ou \u00e0 combiner cette exp\u00e9rience avec une <a href=\"https:\/\/tourtravelandmore.com\/?utm_source=chatgpt.com\">visite \u00e0 pied de la vieille ville de Bangkok<\/a>.<\/p>\n","protected":false},"excerpt":{"rendered":"<p>D\u00e9couvrez la beaut\u00e9 vibrante de la capitale tha\u00eflandaise sous un angle unique gr\u00e2ce \u00e0 notre <b>croisi\u00e8re priv\u00e9e sur le fleuve \u00e0 Bangkok<\/b>. Ce voyage de deux heures le long du c\u00e9l\u00e8bre fleuve Chao Phraya vous permettra d&#8217;admirer la silhouette de la ville, ses temples historiques et la vie quotidienne sur l&#8217;eau. Le tout dans le plus grand confort, avec un transfert priv\u00e9 inclus.<\/p>\n","protected":false},"featured_media":186661,"comment_status":"open","ping_status":"closed","template":"","meta":{"_acf_changed":false},"product_brand":[],"product_cat":[5594,5591,5597],"product_tag":[],"class_list":{"0":"post-186649","1":"product","2":"type-product","3":"status-publish","4":"has-post-thumbnail","6":"product_cat-bangkok-fr","7":"product_cat-thailande","8":"product_cat-tous-les-circuits-prives","10":"first","11":"instock","12":"shipping-taxable","13":"purchasable","14":"product-type-simple"},"acf":[],"yoast_head":"<!-- This site is optimized with the Yoast SEO Premium plugin v25.3.1 (Yoast SEO v25.3.1) - https:\/\/yoast.com\/wordpress\/plugins\/seo\/ -->\n<title>Croisi\u00e8re priv\u00e9e sur le fleuve \u00e0 Bangkok<\/title>\n<meta name=\"description\" content=\"Croisi\u00e8re priv\u00e9e sur le fleuve \u00e0 Bangkok. Explorez ses rues gr\u00e2ce \u00e0 cette visite priv\u00e9e d&#039;une journ\u00e9e compl\u00e8te avec un guide et un v\u00e9hicule priv\u00e9.\" \/>\n<meta name=\"robots\" content=\"index, follow, max-snippet:-1, max-image-preview:large, max-video-preview:-1\" \/>\n<link rel=\"canonical\" href=\"https:\/\/tourtravelandmore.com\/fr\/tours\/thailande\/bangkok-fr\/tous-les-circuits-prives\/visite-privee-du-marche-ferroviaire-de-maeklong-et-des-marches-flottants-copy\/\" \/>\n<meta property=\"og:locale\" content=\"fr_FR\" \/>\n<meta property=\"og:type\" content=\"article\" \/>\n<meta property=\"og:title\" content=\"Croisi\u00e8re priv\u00e9e sur le fleuve \u00e0 Bangkok\" \/>\n<meta property=\"og:description\" content=\"Croisi\u00e8re priv\u00e9e sur le fleuve \u00e0 Bangkok. Explorez ses rues gr\u00e2ce \u00e0 cette visite priv\u00e9e d&#039;une journ\u00e9e compl\u00e8te avec un guide et un v\u00e9hicule priv\u00e9.\" \/>\n<meta property=\"og:url\" content=\"https:\/\/tourtravelandmore.com\/fr\/tours\/thailande\/bangkok-fr\/tous-les-circuits-prives\/visite-privee-du-marche-ferroviaire-de-maeklong-et-des-marches-flottants-copy\/\" \/>\n<meta property=\"og:site_name\" content=\"Tour Travel And More\" \/>\n<meta property=\"article:publisher\" content=\"https:\/\/www.facebook.com\/tourtravelandmore\/\" \/>\n<meta property=\"article:modified_time\" content=\"2025-09-01T16:22:53+00:00\" \/>\n<meta property=\"og:image\" content=\"https:\/\/tourtravelandmore.com\/wp-content\/uploads\/2025\/09\/bangkok-5922083_1280.jpg\" \/>\n\t<meta property=\"og:image:width\" content=\"1280\" \/>\n\t<meta property=\"og:image:height\" content=\"833\" \/>\n\t<meta property=\"og:image:type\" content=\"image\/jpeg\" \/>\n<meta name=\"twitter:card\" content=\"summary_large_image\" \/>\n<meta name=\"twitter:site\" content=\"@TourTravel_More\" \/>\n<meta name=\"twitter:label1\" content=\"Dur\u00e9e de lecture estim\u00e9e\" \/>\n\t<meta name=\"twitter:data1\" content=\"2 minutes\" \/>\n<script type=\"application\/ld+json\" class=\"yoast-schema-graph\">{\"@context\":\"https:\/\/schema.org\",\"@graph\":[{\"@type\":\"WebPage\",\"@id\":\"https:\/\/tourtravelandmore.com\/fr\/tours\/thailande\/bangkok-fr\/tous-les-circuits-prives\/visite-privee-du-marche-ferroviaire-de-maeklong-et-des-marches-flottants-copy\/\",\"url\":\"https:\/\/tourtravelandmore.com\/fr\/tours\/thailande\/bangkok-fr\/tous-les-circuits-prives\/visite-privee-du-marche-ferroviaire-de-maeklong-et-des-marches-flottants-copy\/\",\"name\":\"Croisi\u00e8re priv\u00e9e sur le fleuve \u00e0 Bangkok\",\"isPartOf\":{\"@id\":\"https:\/\/tourtravelandmore.com\/fr\/#website\"},\"primaryImageOfPage\":{\"@id\":\"https:\/\/tourtravelandmore.com\/fr\/tours\/thailande\/bangkok-fr\/tous-les-circuits-prives\/visite-privee-du-marche-ferroviaire-de-maeklong-et-des-marches-flottants-copy\/#primaryimage\"},\"image\":{\"@id\":\"https:\/\/tourtravelandmore.com\/fr\/tours\/thailande\/bangkok-fr\/tous-les-circuits-prives\/visite-privee-du-marche-ferroviaire-de-maeklong-et-des-marches-flottants-copy\/#primaryimage\"},\"thumbnailUrl\":\"https:\/\/tourtravelandmore.com\/wp-content\/uploads\/2025\/09\/bangkok-5922083_1280.jpg\",\"datePublished\":\"2025-09-01T15:36:22+00:00\",\"dateModified\":\"2025-09-01T16:22:53+00:00\",\"description\":\"Croisi\u00e8re priv\u00e9e sur le fleuve \u00e0 Bangkok. Explorez ses rues gr\u00e2ce \u00e0 cette visite priv\u00e9e d'une journ\u00e9e compl\u00e8te avec un guide et un v\u00e9hicule priv\u00e9.\",\"breadcrumb\":{\"@id\":\"https:\/\/tourtravelandmore.com\/fr\/tours\/thailande\/bangkok-fr\/tous-les-circuits-prives\/visite-privee-du-marche-ferroviaire-de-maeklong-et-des-marches-flottants-copy\/#breadcrumb\"},\"inLanguage\":\"fr-FR\",\"potentialAction\":[{\"@type\":\"ReadAction\",\"target\":[\"https:\/\/tourtravelandmore.com\/fr\/tours\/thailande\/bangkok-fr\/tous-les-circuits-prives\/visite-privee-du-marche-ferroviaire-de-maeklong-et-des-marches-flottants-copy\/\"]}]},{\"@type\":\"ImageObject\",\"inLanguage\":\"fr-FR\",\"@id\":\"https:\/\/tourtravelandmore.com\/fr\/tours\/thailande\/bangkok-fr\/tous-les-circuits-prives\/visite-privee-du-marche-ferroviaire-de-maeklong-et-des-marches-flottants-copy\/#primaryimage\",\"url\":\"https:\/\/tourtravelandmore.com\/wp-content\/uploads\/2025\/09\/bangkok-5922083_1280.jpg\",\"contentUrl\":\"https:\/\/tourtravelandmore.com\/wp-content\/uploads\/2025\/09\/bangkok-5922083_1280.jpg\",\"width\":1280,\"height\":833},{\"@type\":\"BreadcrumbList\",\"@id\":\"https:\/\/tourtravelandmore.com\/fr\/tours\/thailande\/bangkok-fr\/tous-les-circuits-prives\/visite-privee-du-marche-ferroviaire-de-maeklong-et-des-marches-flottants-copy\/#breadcrumb\",\"itemListElement\":[{\"@type\":\"ListItem\",\"position\":1,\"name\":\"Home\",\"item\":\"https:\/\/tourtravelandmore.com\/fr\/\"},{\"@type\":\"ListItem\",\"position\":2,\"name\":\"Tours\",\"item\":\"https:\/\/tourtravelandmore.com\/fr\/tours\/\"},{\"@type\":\"ListItem\",\"position\":3,\"name\":\"Croisi\u00e8re priv\u00e9e sur le fleuve \u00e0 Bangkok\"}]},{\"@type\":\"WebSite\",\"@id\":\"https:\/\/tourtravelandmore.com\/fr\/#website\",\"url\":\"https:\/\/tourtravelandmore.com\/fr\/\",\"name\":\"Tour Travel And More\",\"description\":\"Private sightseeing tours and luxury transfers in Spain\",\"publisher\":{\"@id\":\"https:\/\/tourtravelandmore.com\/fr\/#organization\"},\"potentialAction\":[{\"@type\":\"SearchAction\",\"target\":{\"@type\":\"EntryPoint\",\"urlTemplate\":\"https:\/\/tourtravelandmore.com\/fr\/?s={search_term_string}\"},\"query-input\":{\"@type\":\"PropertyValueSpecification\",\"valueRequired\":true,\"valueName\":\"search_term_string\"}}],\"inLanguage\":\"fr-FR\"},{\"@type\":\"Organization\",\"@id\":\"https:\/\/tourtravelandmore.com\/fr\/#organization\",\"name\":\"Tour Travel And More\",\"url\":\"https:\/\/tourtravelandmore.com\/fr\/\",\"logo\":{\"@type\":\"ImageObject\",\"inLanguage\":\"fr-FR\",\"@id\":\"https:\/\/tourtravelandmore.com\/fr\/#\/schema\/logo\/image\/\",\"url\":\"https:\/\/tourtravelandmore.com\/wp-content\/uploads\/2022\/12\/cropped-logo-cabecera-new.png\",\"contentUrl\":\"https:\/\/tourtravelandmore.com\/wp-content\/uploads\/2022\/12\/cropped-logo-cabecera-new.png\",\"width\":430,\"height\":61,\"caption\":\"Tour Travel And More\"},\"image\":{\"@id\":\"https:\/\/tourtravelandmore.com\/fr\/#\/schema\/logo\/image\/\"},\"sameAs\":[\"https:\/\/www.facebook.com\/tourtravelandmore\/\",\"https:\/\/x.com\/TourTravel_More\"]}]}<\/script>\n<!-- \/ Yoast SEO Premium plugin. -->","yoast_head_json":{"title":"Croisi\u00e8re priv\u00e9e sur le fleuve \u00e0 Bangkok","description":"Croisi\u00e8re priv\u00e9e sur le fleuve \u00e0 Bangkok. Explorez ses rues gr\u00e2ce \u00e0 cette visite priv\u00e9e d'une journ\u00e9e compl\u00e8te avec un guide et un v\u00e9hicule priv\u00e9.","robots":{"index":"index","follow":"follow","max-snippet":"max-snippet:-1","max-image-preview":"max-image-preview:large","max-video-preview":"max-video-preview:-1"},"canonical":"https:\/\/tourtravelandmore.com\/fr\/tours\/thailande\/bangkok-fr\/tous-les-circuits-prives\/visite-privee-du-marche-ferroviaire-de-maeklong-et-des-marches-flottants-copy\/","og_locale":"fr_FR","og_type":"article","og_title":"Croisi\u00e8re priv\u00e9e sur le fleuve \u00e0 Bangkok","og_description":"Croisi\u00e8re priv\u00e9e sur le fleuve \u00e0 Bangkok. Explorez ses rues gr\u00e2ce \u00e0 cette visite priv\u00e9e d'une journ\u00e9e compl\u00e8te avec un guide et un v\u00e9hicule priv\u00e9.","og_url":"https:\/\/tourtravelandmore.com\/fr\/tours\/thailande\/bangkok-fr\/tous-les-circuits-prives\/visite-privee-du-marche-ferroviaire-de-maeklong-et-des-marches-flottants-copy\/","og_site_name":"Tour Travel And More","article_publisher":"https:\/\/www.facebook.com\/tourtravelandmore\/","article_modified_time":"2025-09-01T16:22:53+00:00","og_image":[{"width":1280,"height":833,"url":"https:\/\/tourtravelandmore.com\/wp-content\/uploads\/2025\/09\/bangkok-5922083_1280.jpg","type":"image\/jpeg"}],"twitter_card":"summary_large_image","twitter_site":"@TourTravel_More","twitter_misc":{"Dur\u00e9e de lecture estim\u00e9e":"2 minutes"},"schema":{"@context":"https:\/\/schema.org","@graph":[{"@type":"WebPage","@id":"https:\/\/tourtravelandmore.com\/fr\/tours\/thailande\/bangkok-fr\/tous-les-circuits-prives\/visite-privee-du-marche-ferroviaire-de-maeklong-et-des-marches-flottants-copy\/","url":"https:\/\/tourtravelandmore.com\/fr\/tours\/thailande\/bangkok-fr\/tous-les-circuits-prives\/visite-privee-du-marche-ferroviaire-de-maeklong-et-des-marches-flottants-copy\/","name":"Croisi\u00e8re priv\u00e9e sur le fleuve \u00e0 Bangkok","isPartOf":{"@id":"https:\/\/tourtravelandmore.com\/fr\/#website"},"primaryImageOfPage":{"@id":"https:\/\/tourtravelandmore.com\/fr\/tours\/thailande\/bangkok-fr\/tous-les-circuits-prives\/visite-privee-du-marche-ferroviaire-de-maeklong-et-des-marches-flottants-copy\/#primaryimage"},"image":{"@id":"https:\/\/tourtravelandmore.com\/fr\/tours\/thailande\/bangkok-fr\/tous-les-circuits-prives\/visite-privee-du-marche-ferroviaire-de-maeklong-et-des-marches-flottants-copy\/#primaryimage"},"thumbnailUrl":"https:\/\/tourtravelandmore.com\/wp-content\/uploads\/2025\/09\/bangkok-5922083_1280.jpg","datePublished":"2025-09-01T15:36:22+00:00","dateModified":"2025-09-01T16:22:53+00:00","description":"Croisi\u00e8re priv\u00e9e sur le fleuve \u00e0 Bangkok. Explorez ses rues gr\u00e2ce \u00e0 cette visite priv\u00e9e d'une journ\u00e9e compl\u00e8te avec un guide et un v\u00e9hicule priv\u00e9.","breadcrumb":{"@id":"https:\/\/tourtravelandmore.com\/fr\/tours\/thailande\/bangkok-fr\/tous-les-circuits-prives\/visite-privee-du-marche-ferroviaire-de-maeklong-et-des-marches-flottants-copy\/#breadcrumb"},"inLanguage":"fr-FR","potentialAction":[{"@type":"ReadAction","target":["https:\/\/tourtravelandmore.com\/fr\/tours\/thailande\/bangkok-fr\/tous-les-circuits-prives\/visite-privee-du-marche-ferroviaire-de-maeklong-et-des-marches-flottants-copy\/"]}]},{"@type":"ImageObject","inLanguage":"fr-FR","@id":"https:\/\/tourtravelandmore.com\/fr\/tours\/thailande\/bangkok-fr\/tous-les-circuits-prives\/visite-privee-du-marche-ferroviaire-de-maeklong-et-des-marches-flottants-copy\/#primaryimage","url":"https:\/\/tourtravelandmore.com\/wp-content\/uploads\/2025\/09\/bangkok-5922083_1280.jpg","contentUrl":"https:\/\/tourtravelandmore.com\/wp-content\/uploads\/2025\/09\/bangkok-5922083_1280.jpg","width":1280,"height":833},{"@type":"BreadcrumbList","@id":"https:\/\/tourtravelandmore.com\/fr\/tours\/thailande\/bangkok-fr\/tous-les-circuits-prives\/visite-privee-du-marche-ferroviaire-de-maeklong-et-des-marches-flottants-copy\/#breadcrumb","itemListElement":[{"@type":"ListItem","position":1,"name":"Home","item":"https:\/\/tourtravelandmore.com\/fr\/"},{"@type":"ListItem","position":2,"name":"Tours","item":"https:\/\/tourtravelandmore.com\/fr\/tours\/"},{"@type":"ListItem","position":3,"name":"Croisi\u00e8re priv\u00e9e sur le fleuve \u00e0 Bangkok"}]},{"@type":"WebSite","@id":"https:\/\/tourtravelandmore.com\/fr\/#website","url":"https:\/\/tourtravelandmore.com\/fr\/","name":"Tour Travel And More","description":"Private sightseeing tours and luxury transfers in Spain","publisher":{"@id":"https:\/\/tourtravelandmore.com\/fr\/#organization"},"potentialAction":[{"@type":"SearchAction","target":{"@type":"EntryPoint","urlTemplate":"https:\/\/tourtravelandmore.com\/fr\/?s={search_term_string}"},"query-input":{"@type":"PropertyValueSpecification","valueRequired":true,"valueName":"search_term_string"}}],"inLanguage":"fr-FR"},{"@type":"Organization","@id":"https:\/\/tourtravelandmore.com\/fr\/#organization","name":"Tour Travel And More","url":"https:\/\/tourtravelandmore.com\/fr\/","logo":{"@type":"ImageObject","inLanguage":"fr-FR","@id":"https:\/\/tourtravelandmore.com\/fr\/#\/schema\/logo\/image\/","url":"https:\/\/tourtravelandmore.com\/wp-content\/uploads\/2022\/12\/cropped-logo-cabecera-new.png","contentUrl":"https:\/\/tourtravelandmore.com\/wp-content\/uploads\/2022\/12\/cropped-logo-cabecera-new.png","width":430,"height":61,"caption":"Tour Travel And More"},"image":{"@id":"https:\/\/tourtravelandmore.com\/fr\/#\/schema\/logo\/image\/"},"sameAs":["https:\/\/www.facebook.com\/tourtravelandmore\/","https:\/\/x.com\/TourTravel_More"]}]}},"_links":{"self":[{"href":"https:\/\/tourtravelandmore.com\/fr\/wp-json\/wp\/v2\/product\/186649","targetHints":{"allow":["GET"]}}],"collection":[{"href":"https:\/\/tourtravelandmore.com\/fr\/wp-json\/wp\/v2\/product"}],"about":[{"href":"https:\/\/tourtravelandmore.com\/fr\/wp-json\/wp\/v2\/types\/product"}],"replies":[{"embeddable":true,"href":"https:\/\/tourtravelandmore.com\/fr\/wp-json\/wp\/v2\/comments?post=186649"}],"wp:featuredmedia":[{"embeddable":true,"href":"https:\/\/tourtravelandmore.com\/fr\/wp-json\/wp\/v2\/media\/186661"}],"wp:attachment":[{"href":"https:\/\/tourtravelandmore.com\/fr\/wp-json\/wp\/v2\/media?parent=186649"}],"wp:term":[{"taxonomy":"product_brand","embeddable":true,"href":"https:\/\/tourtravelandmore.com\/fr\/wp-json\/wp\/v2\/product_brand?post=186649"},{"taxonomy":"product_cat","embeddable":true,"href":"https:\/\/tourtravelandmore.com\/fr\/wp-json\/wp\/v2\/product_cat?post=186649"},{"taxonomy":"product_tag","embeddable":true,"href":"https:\/\/tourtravelandmore.com\/fr\/wp-json\/wp\/v2\/product_tag?post=186649"}],"curies":[{"name":"wp","href":"https:\/\/api.w.org\/{rel}","templated":true}]}}